{"id":39434,"date":"2025-05-15T18:08:33","date_gmt":"2025-05-15T16:08:33","guid":{"rendered":"https:\/\/www.axiomams.eu\/produktas\/flir-vs70-boroskops"},"modified":"2026-03-25T17:02:14","modified_gmt":"2026-03-25T15:02:14","slug":"flir-vs70-boroskops","status":"publish","type":"product","link":"https:\/\/www.axiomams.eu\/lv\/produktas\/flir-vs70-boroskops","title":{"rendered":"Flir VS70 boroskops"},"content":{"rendered":"<p>Gumijas pastiprin\u0101tais korpuss ir \u016bdensiztur\u012bgs un sp\u0113j iztur\u0113t kritienus no divu metru augstuma (IP67 kategorija). Ar klausules vad\u012bbas ier\u012bc\u0113m lietot\u0101ji var izv\u0113l\u0113ties 180 vai 90 gr\u0101du kameras le\u0146\u0137i. Ar komplekt\u0101 iek\u013cauto austi\u0146u pal\u012bdz\u012bbu varat ar balsi koment\u0113t videoierakstus, lai pievienotu svar\u012bgu inform\u0101ciju. Pagarin\u0101ts akumulatora darb\u012bbas laiks \u013cauj veikt p\u0101rbaudes veselu dienu bez uzl\u0101des. USB uzl\u0101des sist\u0113ma \u013cauj lietot\u0101jiem uzl\u0101d\u0113t ier\u012bci m\u0101j\u0101s, ce\u013c\u0101 vai darba viet\u0101. Visas \u0161\u012bs funkcijas \u013cauj padar\u012bt redzamu visnepieejam\u0101ko vietu.<\/p>\n<p>Standarta komplekts: videoskops, cietais futr\u0101lis, lietot\u0101ja rokasgr\u0101mata, str\u0101vas adapteris, austi\u0146as, auto l\u0101d\u0113t\u0101js, plecu siksna, kameras t\u012br\u012b\u0161anas komplekts.<\/p>\n<h3>Tehnisk\u0101 inform\u0101cija:<\/h3>\n<ul>\n<li><a href=\"https:\/\/axiomams.eu\/importer\/export\/attachments\/en\/vs70_english.pdf\" target=\"_blank\">VS70_English.pdf<\/a><\/li>\n<\/ul>\n","protected":false},"excerpt":{"rendered":"<p>Gumijas pastiprin\u0101tais korpuss ir \u016bdensiztur\u012bgs un sp\u0113j iztur\u0113t kritienus no divu metru augstuma (IP67 kategorija). Ar klausules vad\u012bbas ier\u012bc\u0113m lietot\u0101ji var izv\u0113l\u0113ties 180 vai 90 gr\u0101du kameras le\u0146\u0137i. Ar komplekt\u0101 iek\u013cauto austi\u0146u pal\u012bdz\u012bbu varat ar balsi koment\u0113t videoierakstus, lai pievienotu svar\u012bgu inform\u0101ciju. Pagarin\u0101ts akumulatora darb\u012bbas laiks \u013cauj veikt p\u0101rbaudes veselu dienu bez uzl\u0101des. USB uzl\u0101des&#8230;<\/p>\n","protected":false},"featured_media":42591,"comment_status":"open","ping_status":"closed","template":"","meta":{"_acf_changed":false},"product_brand":[734],"product_cat":[17775],"product_tag":[],"class_list":{"0":"post-39434","1":"product","2":"type-product","3":"status-publish","4":"has-post-thumbnail","6":"product_brand-flir","7":"product_cat-vizuala-parbaude","9":"first","10":"instock","11":"taxable","12":"shipping-taxable","13":"purchasable","14":"product-type-simple"},"acf":[],"yoast_head":"<!-- This site is optimized with the Yoast SEO plugin v27.0 - https:\/\/yoast.com\/product\/yoast-seo-wordpress\/ -->\n<title>Flir VS70 boroskops - AXIOMA MS<\/title>\n<meta name=\"robots\" content=\"index, follow, max-snippet:-1, max-image-preview:large, max-video-preview:-1\" \/>\n<link rel=\"canonical\" href=\"https:\/\/www.axiomams.eu\/lv\/produktas\/flir-vs70-boroskops\" \/>\n<meta property=\"og:locale\" content=\"lv_LV\" \/>\n<meta property=\"og:type\" content=\"article\" \/>\n<meta property=\"og:title\" content=\"Flir VS70 boroskops - AXIOMA MS\" \/>\n<meta property=\"og:description\" content=\"Gumijas pastiprin\u0101tais korpuss ir \u016bdensiztur\u012bgs un sp\u0113j iztur\u0113t kritienus no divu metru augstuma (IP67 kategorija). Ar klausules vad\u012bbas ier\u012bc\u0113m lietot\u0101ji var izv\u0113l\u0113ties 180 vai 90 gr\u0101du kameras le\u0146\u0137i. Ar komplekt\u0101 iek\u013cauto austi\u0146u pal\u012bdz\u012bbu varat ar balsi koment\u0113t videoierakstus, lai pievienotu svar\u012bgu inform\u0101ciju. Pagarin\u0101ts akumulatora darb\u012bbas laiks \u013cauj veikt p\u0101rbaudes veselu dienu bez uzl\u0101des. USB uzl\u0101des...\" \/>\n<meta property=\"og:url\" content=\"https:\/\/www.axiomams.eu\/lv\/produktas\/flir-vs70-boroskops\" \/>\n<meta property=\"og:site_name\" content=\"AXIOMA MS\" \/>\n<meta property=\"article:publisher\" content=\"https:\/\/www.facebook.com\/AxiomaMS\" \/>\n<meta property=\"article:modified_time\" content=\"2026-03-25T15:02:14+00:00\" \/>\n<meta property=\"og:image\" content=\"https:\/\/www.axiomams.eu\/wp-content\/uploads\/2025\/07\/283-6014.jpg\" \/>\n\t<meta property=\"og:image:width\" content=\"1020\" \/>\n\t<meta property=\"og:image:height\" content=\"1020\" \/>\n\t<meta property=\"og:image:type\" content=\"image\/jpeg\" \/>\n<meta name=\"twitter:card\" content=\"summary_large_image\" \/>\n<meta name=\"twitter:label1\" content=\"Est. reading time\" \/>\n\t<meta name=\"twitter:data1\" content=\"1 minute\" \/>\n<script type=\"application\/ld+json\" class=\"yoast-schema-graph\">{\"@context\":\"https:\/\/schema.org\",\"@graph\":[{\"@type\":\"WebPage\",\"@id\":\"https:\/\/www.axiomams.eu\/lv\/produktas\/flir-vs70-boroskops\",\"url\":\"https:\/\/www.axiomams.eu\/lv\/produktas\/flir-vs70-boroskops\",\"name\":\"Flir VS70 boroskops - AXIOMA MS\",\"isPartOf\":{\"@id\":\"https:\/\/www.axiomams.eu\/lv#website\"},\"primaryImageOfPage\":{\"@id\":\"https:\/\/www.axiomams.eu\/lv\/produktas\/flir-vs70-boroskops#primaryimage\"},\"image\":{\"@id\":\"https:\/\/www.axiomams.eu\/lv\/produktas\/flir-vs70-boroskops#primaryimage\"},\"thumbnailUrl\":\"https:\/\/www.axiomams.eu\/wp-content\/uploads\/2025\/07\/283-6014.jpg\",\"datePublished\":\"2025-05-15T16:08:33+00:00\",\"dateModified\":\"2026-03-25T15:02:14+00:00\",\"breadcrumb\":{\"@id\":\"https:\/\/www.axiomams.eu\/lv\/produktas\/flir-vs70-boroskops#breadcrumb\"},\"inLanguage\":\"lv-LV\",\"potentialAction\":[{\"@type\":\"ReadAction\",\"target\":[\"https:\/\/www.axiomams.eu\/lv\/produktas\/flir-vs70-boroskops\"]}]},{\"@type\":\"ImageObject\",\"inLanguage\":\"lv-LV\",\"@id\":\"https:\/\/www.axiomams.eu\/lv\/produktas\/flir-vs70-boroskops#primaryimage\",\"url\":\"https:\/\/www.axiomams.eu\/wp-content\/uploads\/2025\/07\/283-6014.jpg\",\"contentUrl\":\"https:\/\/www.axiomams.eu\/wp-content\/uploads\/2025\/07\/283-6014.jpg\",\"width\":1020,\"height\":1020},{\"@type\":\"BreadcrumbList\",\"@id\":\"https:\/\/www.axiomams.eu\/lv\/produktas\/flir-vs70-boroskops#breadcrumb\",\"itemListElement\":[{\"@type\":\"ListItem\",\"position\":1,\"name\":\"Home\",\"item\":\"https:\/\/www.axiomams.eu\/lv\"},{\"@type\":\"ListItem\",\"position\":2,\"name\":\"Produkti\",\"item\":\"https:\/\/www.axiomams.eu\/lv\/produkti\"},{\"@type\":\"ListItem\",\"position\":3,\"name\":\"Flir VS70 boroskops\"}]},{\"@type\":\"WebSite\",\"@id\":\"https:\/\/www.axiomams.eu\/lv#website\",\"url\":\"https:\/\/www.axiomams.eu\/lv\",\"name\":\"AXIOMA MS\",\"description\":\"Terrmovizoriai ir matavimo \u012franga\",\"publisher\":{\"@id\":\"https:\/\/www.axiomams.eu\/lv#organization\"},\"potentialAction\":[{\"@type\":\"SearchAction\",\"target\":{\"@type\":\"EntryPoint\",\"urlTemplate\":\"https:\/\/www.axiomams.eu\/lv?s={search_term_string}\"},\"query-input\":{\"@type\":\"PropertyValueSpecification\",\"valueRequired\":true,\"valueName\":\"search_term_string\"}}],\"inLanguage\":\"lv-LV\"},{\"@type\":\"Organization\",\"@id\":\"https:\/\/www.axiomams.eu\/lv#organization\",\"name\":\"AXIOMA MS\",\"url\":\"https:\/\/www.axiomams.eu\/lv\",\"logo\":{\"@type\":\"ImageObject\",\"inLanguage\":\"lv-LV\",\"@id\":\"https:\/\/www.axiomams.eu\/lv#\/schema\/logo\/image\/\",\"url\":\"https:\/\/www.axiomams.eu\/wp-content\/uploads\/2025\/06\/axioma-logo-2.png\",\"contentUrl\":\"https:\/\/www.axiomams.eu\/wp-content\/uploads\/2025\/06\/axioma-logo-2.png\",\"width\":1200,\"height\":1200,\"caption\":\"AXIOMA MS\"},\"image\":{\"@id\":\"https:\/\/www.axiomams.eu\/lv#\/schema\/logo\/image\/\"},\"sameAs\":[\"https:\/\/www.facebook.com\/AxiomaMS\",\"https:\/\/www.linkedin.com\/company\/axiomams\/\"]}]}<\/script>\n<!-- \/ Yoast SEO plugin. -->","yoast_head_json":{"title":"Flir VS70 boroskops - AXIOMA MS","robots":{"index":"index","follow":"follow","max-snippet":"max-snippet:-1","max-image-preview":"max-image-preview:large","max-video-preview":"max-video-preview:-1"},"canonical":"https:\/\/www.axiomams.eu\/lv\/produktas\/flir-vs70-boroskops","og_locale":"lv_LV","og_type":"article","og_title":"Flir VS70 boroskops - AXIOMA MS","og_description":"Gumijas pastiprin\u0101tais korpuss ir \u016bdensiztur\u012bgs un sp\u0113j iztur\u0113t kritienus no divu metru augstuma (IP67 kategorija). Ar klausules vad\u012bbas ier\u012bc\u0113m lietot\u0101ji var izv\u0113l\u0113ties 180 vai 90 gr\u0101du kameras le\u0146\u0137i. Ar komplekt\u0101 iek\u013cauto austi\u0146u pal\u012bdz\u012bbu varat ar balsi koment\u0113t videoierakstus, lai pievienotu svar\u012bgu inform\u0101ciju. Pagarin\u0101ts akumulatora darb\u012bbas laiks \u013cauj veikt p\u0101rbaudes veselu dienu bez uzl\u0101des. USB uzl\u0101des...","og_url":"https:\/\/www.axiomams.eu\/lv\/produktas\/flir-vs70-boroskops","og_site_name":"AXIOMA MS","article_publisher":"https:\/\/www.facebook.com\/AxiomaMS","article_modified_time":"2026-03-25T15:02:14+00:00","og_image":[{"width":1020,"height":1020,"url":"https:\/\/www.axiomams.eu\/wp-content\/uploads\/2025\/07\/283-6014.jpg","type":"image\/jpeg"}],"twitter_card":"summary_large_image","twitter_misc":{"Est. reading time":"1 minute"},"schema":{"@context":"https:\/\/schema.org","@graph":[{"@type":"WebPage","@id":"https:\/\/www.axiomams.eu\/lv\/produktas\/flir-vs70-boroskops","url":"https:\/\/www.axiomams.eu\/lv\/produktas\/flir-vs70-boroskops","name":"Flir VS70 boroskops - AXIOMA MS","isPartOf":{"@id":"https:\/\/www.axiomams.eu\/lv#website"},"primaryImageOfPage":{"@id":"https:\/\/www.axiomams.eu\/lv\/produktas\/flir-vs70-boroskops#primaryimage"},"image":{"@id":"https:\/\/www.axiomams.eu\/lv\/produktas\/flir-vs70-boroskops#primaryimage"},"thumbnailUrl":"https:\/\/www.axiomams.eu\/wp-content\/uploads\/2025\/07\/283-6014.jpg","datePublished":"2025-05-15T16:08:33+00:00","dateModified":"2026-03-25T15:02:14+00:00","breadcrumb":{"@id":"https:\/\/www.axiomams.eu\/lv\/produktas\/flir-vs70-boroskops#breadcrumb"},"inLanguage":"lv-LV","potentialAction":[{"@type":"ReadAction","target":["https:\/\/www.axiomams.eu\/lv\/produktas\/flir-vs70-boroskops"]}]},{"@type":"ImageObject","inLanguage":"lv-LV","@id":"https:\/\/www.axiomams.eu\/lv\/produktas\/flir-vs70-boroskops#primaryimage","url":"https:\/\/www.axiomams.eu\/wp-content\/uploads\/2025\/07\/283-6014.jpg","contentUrl":"https:\/\/www.axiomams.eu\/wp-content\/uploads\/2025\/07\/283-6014.jpg","width":1020,"height":1020},{"@type":"BreadcrumbList","@id":"https:\/\/www.axiomams.eu\/lv\/produktas\/flir-vs70-boroskops#breadcrumb","itemListElement":[{"@type":"ListItem","position":1,"name":"Home","item":"https:\/\/www.axiomams.eu\/lv"},{"@type":"ListItem","position":2,"name":"Produkti","item":"https:\/\/www.axiomams.eu\/lv\/produkti"},{"@type":"ListItem","position":3,"name":"Flir VS70 boroskops"}]},{"@type":"WebSite","@id":"https:\/\/www.axiomams.eu\/lv#website","url":"https:\/\/www.axiomams.eu\/lv","name":"AXIOMA MS","description":"Terrmovizoriai ir matavimo \u012franga","publisher":{"@id":"https:\/\/www.axiomams.eu\/lv#organization"},"potentialAction":[{"@type":"SearchAction","target":{"@type":"EntryPoint","urlTemplate":"https:\/\/www.axiomams.eu\/lv?s={search_term_string}"},"query-input":{"@type":"PropertyValueSpecification","valueRequired":true,"valueName":"search_term_string"}}],"inLanguage":"lv-LV"},{"@type":"Organization","@id":"https:\/\/www.axiomams.eu\/lv#organization","name":"AXIOMA MS","url":"https:\/\/www.axiomams.eu\/lv","logo":{"@type":"ImageObject","inLanguage":"lv-LV","@id":"https:\/\/www.axiomams.eu\/lv#\/schema\/logo\/image\/","url":"https:\/\/www.axiomams.eu\/wp-content\/uploads\/2025\/06\/axioma-logo-2.png","contentUrl":"https:\/\/www.axiomams.eu\/wp-content\/uploads\/2025\/06\/axioma-logo-2.png","width":1200,"height":1200,"caption":"AXIOMA MS"},"image":{"@id":"https:\/\/www.axiomams.eu\/lv#\/schema\/logo\/image\/"},"sameAs":["https:\/\/www.facebook.com\/AxiomaMS","https:\/\/www.linkedin.com\/company\/axiomams\/"]}]}},"_links":{"self":[{"href":"https:\/\/www.axiomams.eu\/lv\/wp-json\/wp\/v2\/product\/39434","targetHints":{"allow":["GET"]}}],"collection":[{"href":"https:\/\/www.axiomams.eu\/lv\/wp-json\/wp\/v2\/product"}],"about":[{"href":"https:\/\/www.axiomams.eu\/lv\/wp-json\/wp\/v2\/types\/product"}],"replies":[{"embeddable":true,"href":"https:\/\/www.axiomams.eu\/lv\/wp-json\/wp\/v2\/comments?post=39434"}],"wp:featuredmedia":[{"embeddable":true,"href":"https:\/\/www.axiomams.eu\/lv\/wp-json\/wp\/v2\/media\/42591"}],"wp:attachment":[{"href":"https:\/\/www.axiomams.eu\/lv\/wp-json\/wp\/v2\/media?parent=39434"}],"wp:term":[{"taxonomy":"product_brand","embeddable":true,"href":"https:\/\/www.axiomams.eu\/lv\/wp-json\/wp\/v2\/product_brand?post=39434"},{"taxonomy":"product_cat","embeddable":true,"href":"https:\/\/www.axiomams.eu\/lv\/wp-json\/wp\/v2\/product_cat?post=39434"},{"taxonomy":"product_tag","embeddable":true,"href":"https:\/\/www.axiomams.eu\/lv\/wp-json\/wp\/v2\/product_tag?post=39434"}],"curies":[{"name":"wp","href":"https:\/\/api.w.org\/{rel}","templated":true}]}}