{"id":39435,"date":"2025-05-15T18:08:33","date_gmt":"2025-05-15T16:08:33","guid":{"rendered":"https:\/\/www.axiomams.eu\/produktas\/flir-vs80-videoskops"},"modified":"2026-03-25T17:02:14","modified_gmt":"2026-03-25T15:02:14","slug":"flir-vs80-videoskops","status":"publish","type":"product","link":"https:\/\/www.axiomams.eu\/lv\/produktas\/flir-vs80-videoskops","title":{"rendered":"Flir VS80 videoskops"},"content":{"rendered":"<p>FLIR VS80 ir daudzpus\u012bgs, profesion\u0101ls videokamera, uz kuru var pa\u013cauties, p\u0101rbaudot gr\u016bti vai nedro\u0161i pieejamas vietas. Ir pieejami septi\u0146i unik\u0101li sader\u012bgi zondi* ar \u016bdensnecaurlaid\u012bgiem (IP67) kameras uzga\u013ciem, kas nodro\u0161ina elast\u012bbu praktiski jebkura veida p\u0101rbaud\u0113m.<br \/>\nIzmantojot vienu vai vair\u0101kus VS80 kameras zondes uzga\u013cus, varat veikt da\u017e\u0101das p\u0101rbaudes, tostarp r\u016bpniecisko iek\u0101rtu apkopi, HVAC\/R, \u0113ku un automobi\u013cu lietojumus.<br \/>\nViegli manevr\u0113jiet ar \u0161auraj\u0101m kameras zond\u0113m maz\u0101s atver\u0113s un \u0161aur\u0101s telp\u0101s un skatiet asus, spilgtus att\u0113lus un video uz liel\u0101 7 collu sk\u0101rienekr\u0101na.<br \/>\nIzmantojot FLIR Tools Mobile lietotni no mobil\u0101s ier\u012bces, varat apskat\u012bt VS80 saglab\u0101tos att\u0113lus un video, lejupiel\u0101d\u0113t failus un viegli kop\u012bgot tos ar klientiem vai kol\u0113\u0123iem.<\/p>\n<h3>Tehnisk\u0101 inform\u0101cija:<\/h3>\n<ul>\n<li><a href=\"https:\/\/axiomams.eu\/importer\/export\/attachments\/en\/flir-vs80.pdf\" target=\"_blank\">FLIR VS80.pdf<\/a><\/li>\n<li><a href=\"https:\/\/axiomams.eu\/importer\/export\/attachments\/en\/probe-comparison-table.pdf\" target=\"_blank\">Probe comparison table.pdf<\/a><\/li>\n<\/ul>\n","protected":false},"excerpt":{"rendered":"<p>FLIR VS80 ir daudzpus\u012bgs, profesion\u0101ls videokamera, uz kuru var pa\u013cauties, p\u0101rbaudot gr\u016bti vai nedro\u0161i pieejamas vietas. Ir pieejami septi\u0146i unik\u0101li sader\u012bgi zondi* ar \u016bdensnecaurlaid\u012bgiem (IP67) kameras uzga\u013ciem, kas nodro\u0161ina elast\u012bbu praktiski jebkura veida p\u0101rbaud\u0113m. Izmantojot vienu vai vair\u0101kus VS80 kameras zondes uzga\u013cus, varat veikt da\u017e\u0101das p\u0101rbaudes, tostarp r\u016bpniecisko iek\u0101rtu apkopi, HVAC\/R, \u0113ku un automobi\u013cu lietojumus&#8230;.<\/p>\n","protected":false},"featured_media":42593,"comment_status":"open","ping_status":"closed","template":"","meta":{"_acf_changed":false},"product_brand":[734],"product_cat":[17775],"product_tag":[],"class_list":{"0":"post-39435","1":"product","2":"type-product","3":"status-publish","4":"has-post-thumbnail","6":"product_brand-flir","7":"product_cat-vizuala-parbaude","9":"first","10":"instock","11":"taxable","12":"shipping-taxable","13":"product-type-simple"},"acf":[],"yoast_head":"<!-- This site is optimized with the Yoast SEO plugin v27.0 - https:\/\/yoast.com\/product\/yoast-seo-wordpress\/ -->\n<title>Flir VS80 videoskops - AXIOMA MS<\/title>\n<meta name=\"robots\" content=\"index, follow, max-snippet:-1, max-image-preview:large, max-video-preview:-1\" \/>\n<link rel=\"canonical\" href=\"https:\/\/www.axiomams.eu\/lv\/produktas\/flir-vs80-videoskops\" \/>\n<meta property=\"og:locale\" content=\"lv_LV\" \/>\n<meta property=\"og:type\" content=\"article\" \/>\n<meta property=\"og:title\" content=\"Flir VS80 videoskops - AXIOMA MS\" \/>\n<meta property=\"og:description\" content=\"FLIR VS80 ir daudzpus\u012bgs, profesion\u0101ls videokamera, uz kuru var pa\u013cauties, p\u0101rbaudot gr\u016bti vai nedro\u0161i pieejamas vietas. Ir pieejami septi\u0146i unik\u0101li sader\u012bgi zondi* ar \u016bdensnecaurlaid\u012bgiem (IP67) kameras uzga\u013ciem, kas nodro\u0161ina elast\u012bbu praktiski jebkura veida p\u0101rbaud\u0113m. Izmantojot vienu vai vair\u0101kus VS80 kameras zondes uzga\u013cus, varat veikt da\u017e\u0101das p\u0101rbaudes, tostarp r\u016bpniecisko iek\u0101rtu apkopi, HVAC\/R, \u0113ku un automobi\u013cu lietojumus....\" \/>\n<meta property=\"og:url\" content=\"https:\/\/www.axiomams.eu\/lv\/produktas\/flir-vs80-videoskops\" \/>\n<meta property=\"og:site_name\" content=\"AXIOMA MS\" \/>\n<meta property=\"article:publisher\" content=\"https:\/\/www.facebook.com\/AxiomaMS\" \/>\n<meta property=\"article:modified_time\" content=\"2026-03-25T15:02:14+00:00\" \/>\n<meta property=\"og:image\" content=\"https:\/\/www.axiomams.eu\/wp-content\/uploads\/2025\/07\/3328-4407.jpg\" \/>\n\t<meta property=\"og:image:width\" content=\"1500\" \/>\n\t<meta property=\"og:image:height\" content=\"987\" \/>\n\t<meta property=\"og:image:type\" content=\"image\/jpeg\" \/>\n<meta name=\"twitter:card\" content=\"summary_large_image\" \/>\n<meta name=\"twitter:label1\" content=\"Est. reading time\" \/>\n\t<meta name=\"twitter:data1\" content=\"1 minute\" \/>\n<script type=\"application\/ld+json\" class=\"yoast-schema-graph\">{\"@context\":\"https:\/\/schema.org\",\"@graph\":[{\"@type\":\"WebPage\",\"@id\":\"https:\/\/www.axiomams.eu\/lv\/produktas\/flir-vs80-videoskops\",\"url\":\"https:\/\/www.axiomams.eu\/lv\/produktas\/flir-vs80-videoskops\",\"name\":\"Flir VS80 videoskops - AXIOMA MS\",\"isPartOf\":{\"@id\":\"https:\/\/www.axiomams.eu\/lv#website\"},\"primaryImageOfPage\":{\"@id\":\"https:\/\/www.axiomams.eu\/lv\/produktas\/flir-vs80-videoskops#primaryimage\"},\"image\":{\"@id\":\"https:\/\/www.axiomams.eu\/lv\/produktas\/flir-vs80-videoskops#primaryimage\"},\"thumbnailUrl\":\"https:\/\/www.axiomams.eu\/wp-content\/uploads\/2025\/07\/3328-4407.jpg\",\"datePublished\":\"2025-05-15T16:08:33+00:00\",\"dateModified\":\"2026-03-25T15:02:14+00:00\",\"breadcrumb\":{\"@id\":\"https:\/\/www.axiomams.eu\/lv\/produktas\/flir-vs80-videoskops#breadcrumb\"},\"inLanguage\":\"lv-LV\",\"potentialAction\":[{\"@type\":\"ReadAction\",\"target\":[\"https:\/\/www.axiomams.eu\/lv\/produktas\/flir-vs80-videoskops\"]}]},{\"@type\":\"ImageObject\",\"inLanguage\":\"lv-LV\",\"@id\":\"https:\/\/www.axiomams.eu\/lv\/produktas\/flir-vs80-videoskops#primaryimage\",\"url\":\"https:\/\/www.axiomams.eu\/wp-content\/uploads\/2025\/07\/3328-4407.jpg\",\"contentUrl\":\"https:\/\/www.axiomams.eu\/wp-content\/uploads\/2025\/07\/3328-4407.jpg\",\"width\":1500,\"height\":987},{\"@type\":\"BreadcrumbList\",\"@id\":\"https:\/\/www.axiomams.eu\/lv\/produktas\/flir-vs80-videoskops#breadcrumb\",\"itemListElement\":[{\"@type\":\"ListItem\",\"position\":1,\"name\":\"Home\",\"item\":\"https:\/\/www.axiomams.eu\/lv\"},{\"@type\":\"ListItem\",\"position\":2,\"name\":\"Produkti\",\"item\":\"https:\/\/www.axiomams.eu\/lv\/produkti\"},{\"@type\":\"ListItem\",\"position\":3,\"name\":\"Flir VS80 videoskops\"}]},{\"@type\":\"WebSite\",\"@id\":\"https:\/\/www.axiomams.eu\/lv#website\",\"url\":\"https:\/\/www.axiomams.eu\/lv\",\"name\":\"AXIOMA MS\",\"description\":\"Terrmovizoriai ir matavimo \u012franga\",\"publisher\":{\"@id\":\"https:\/\/www.axiomams.eu\/lv#organization\"},\"potentialAction\":[{\"@type\":\"SearchAction\",\"target\":{\"@type\":\"EntryPoint\",\"urlTemplate\":\"https:\/\/www.axiomams.eu\/lv?s={search_term_string}\"},\"query-input\":{\"@type\":\"PropertyValueSpecification\",\"valueRequired\":true,\"valueName\":\"search_term_string\"}}],\"inLanguage\":\"lv-LV\"},{\"@type\":\"Organization\",\"@id\":\"https:\/\/www.axiomams.eu\/lv#organization\",\"name\":\"AXIOMA MS\",\"url\":\"https:\/\/www.axiomams.eu\/lv\",\"logo\":{\"@type\":\"ImageObject\",\"inLanguage\":\"lv-LV\",\"@id\":\"https:\/\/www.axiomams.eu\/lv#\/schema\/logo\/image\/\",\"url\":\"https:\/\/www.axiomams.eu\/wp-content\/uploads\/2025\/06\/axioma-logo-2.png\",\"contentUrl\":\"https:\/\/www.axiomams.eu\/wp-content\/uploads\/2025\/06\/axioma-logo-2.png\",\"width\":1200,\"height\":1200,\"caption\":\"AXIOMA MS\"},\"image\":{\"@id\":\"https:\/\/www.axiomams.eu\/lv#\/schema\/logo\/image\/\"},\"sameAs\":[\"https:\/\/www.facebook.com\/AxiomaMS\",\"https:\/\/www.linkedin.com\/company\/axiomams\/\"]}]}<\/script>\n<!-- \/ Yoast SEO plugin. -->","yoast_head_json":{"title":"Flir VS80 videoskops - AXIOMA MS","robots":{"index":"index","follow":"follow","max-snippet":"max-snippet:-1","max-image-preview":"max-image-preview:large","max-video-preview":"max-video-preview:-1"},"canonical":"https:\/\/www.axiomams.eu\/lv\/produktas\/flir-vs80-videoskops","og_locale":"lv_LV","og_type":"article","og_title":"Flir VS80 videoskops - AXIOMA MS","og_description":"FLIR VS80 ir daudzpus\u012bgs, profesion\u0101ls videokamera, uz kuru var pa\u013cauties, p\u0101rbaudot gr\u016bti vai nedro\u0161i pieejamas vietas. Ir pieejami septi\u0146i unik\u0101li sader\u012bgi zondi* ar \u016bdensnecaurlaid\u012bgiem (IP67) kameras uzga\u013ciem, kas nodro\u0161ina elast\u012bbu praktiski jebkura veida p\u0101rbaud\u0113m. Izmantojot vienu vai vair\u0101kus VS80 kameras zondes uzga\u013cus, varat veikt da\u017e\u0101das p\u0101rbaudes, tostarp r\u016bpniecisko iek\u0101rtu apkopi, HVAC\/R, \u0113ku un automobi\u013cu lietojumus....","og_url":"https:\/\/www.axiomams.eu\/lv\/produktas\/flir-vs80-videoskops","og_site_name":"AXIOMA MS","article_publisher":"https:\/\/www.facebook.com\/AxiomaMS","article_modified_time":"2026-03-25T15:02:14+00:00","og_image":[{"width":1500,"height":987,"url":"https:\/\/www.axiomams.eu\/wp-content\/uploads\/2025\/07\/3328-4407.jpg","type":"image\/jpeg"}],"twitter_card":"summary_large_image","twitter_misc":{"Est. reading time":"1 minute"},"schema":{"@context":"https:\/\/schema.org","@graph":[{"@type":"WebPage","@id":"https:\/\/www.axiomams.eu\/lv\/produktas\/flir-vs80-videoskops","url":"https:\/\/www.axiomams.eu\/lv\/produktas\/flir-vs80-videoskops","name":"Flir VS80 videoskops - AXIOMA MS","isPartOf":{"@id":"https:\/\/www.axiomams.eu\/lv#website"},"primaryImageOfPage":{"@id":"https:\/\/www.axiomams.eu\/lv\/produktas\/flir-vs80-videoskops#primaryimage"},"image":{"@id":"https:\/\/www.axiomams.eu\/lv\/produktas\/flir-vs80-videoskops#primaryimage"},"thumbnailUrl":"https:\/\/www.axiomams.eu\/wp-content\/uploads\/2025\/07\/3328-4407.jpg","datePublished":"2025-05-15T16:08:33+00:00","dateModified":"2026-03-25T15:02:14+00:00","breadcrumb":{"@id":"https:\/\/www.axiomams.eu\/lv\/produktas\/flir-vs80-videoskops#breadcrumb"},"inLanguage":"lv-LV","potentialAction":[{"@type":"ReadAction","target":["https:\/\/www.axiomams.eu\/lv\/produktas\/flir-vs80-videoskops"]}]},{"@type":"ImageObject","inLanguage":"lv-LV","@id":"https:\/\/www.axiomams.eu\/lv\/produktas\/flir-vs80-videoskops#primaryimage","url":"https:\/\/www.axiomams.eu\/wp-content\/uploads\/2025\/07\/3328-4407.jpg","contentUrl":"https:\/\/www.axiomams.eu\/wp-content\/uploads\/2025\/07\/3328-4407.jpg","width":1500,"height":987},{"@type":"BreadcrumbList","@id":"https:\/\/www.axiomams.eu\/lv\/produktas\/flir-vs80-videoskops#breadcrumb","itemListElement":[{"@type":"ListItem","position":1,"name":"Home","item":"https:\/\/www.axiomams.eu\/lv"},{"@type":"ListItem","position":2,"name":"Produkti","item":"https:\/\/www.axiomams.eu\/lv\/produkti"},{"@type":"ListItem","position":3,"name":"Flir VS80 videoskops"}]},{"@type":"WebSite","@id":"https:\/\/www.axiomams.eu\/lv#website","url":"https:\/\/www.axiomams.eu\/lv","name":"AXIOMA MS","description":"Terrmovizoriai ir matavimo \u012franga","publisher":{"@id":"https:\/\/www.axiomams.eu\/lv#organization"},"potentialAction":[{"@type":"SearchAction","target":{"@type":"EntryPoint","urlTemplate":"https:\/\/www.axiomams.eu\/lv?s={search_term_string}"},"query-input":{"@type":"PropertyValueSpecification","valueRequired":true,"valueName":"search_term_string"}}],"inLanguage":"lv-LV"},{"@type":"Organization","@id":"https:\/\/www.axiomams.eu\/lv#organization","name":"AXIOMA MS","url":"https:\/\/www.axiomams.eu\/lv","logo":{"@type":"ImageObject","inLanguage":"lv-LV","@id":"https:\/\/www.axiomams.eu\/lv#\/schema\/logo\/image\/","url":"https:\/\/www.axiomams.eu\/wp-content\/uploads\/2025\/06\/axioma-logo-2.png","contentUrl":"https:\/\/www.axiomams.eu\/wp-content\/uploads\/2025\/06\/axioma-logo-2.png","width":1200,"height":1200,"caption":"AXIOMA MS"},"image":{"@id":"https:\/\/www.axiomams.eu\/lv#\/schema\/logo\/image\/"},"sameAs":["https:\/\/www.facebook.com\/AxiomaMS","https:\/\/www.linkedin.com\/company\/axiomams\/"]}]}},"_links":{"self":[{"href":"https:\/\/www.axiomams.eu\/lv\/wp-json\/wp\/v2\/product\/39435","targetHints":{"allow":["GET"]}}],"collection":[{"href":"https:\/\/www.axiomams.eu\/lv\/wp-json\/wp\/v2\/product"}],"about":[{"href":"https:\/\/www.axiomams.eu\/lv\/wp-json\/wp\/v2\/types\/product"}],"replies":[{"embeddable":true,"href":"https:\/\/www.axiomams.eu\/lv\/wp-json\/wp\/v2\/comments?post=39435"}],"wp:featuredmedia":[{"embeddable":true,"href":"https:\/\/www.axiomams.eu\/lv\/wp-json\/wp\/v2\/media\/42593"}],"wp:attachment":[{"href":"https:\/\/www.axiomams.eu\/lv\/wp-json\/wp\/v2\/media?parent=39435"}],"wp:term":[{"taxonomy":"product_brand","embeddable":true,"href":"https:\/\/www.axiomams.eu\/lv\/wp-json\/wp\/v2\/product_brand?post=39435"},{"taxonomy":"product_cat","embeddable":true,"href":"https:\/\/www.axiomams.eu\/lv\/wp-json\/wp\/v2\/product_cat?post=39435"},{"taxonomy":"product_tag","embeddable":true,"href":"https:\/\/www.axiomams.eu\/lv\/wp-json\/wp\/v2\/product_tag?post=39435"}],"curies":[{"name":"wp","href":"https:\/\/api.w.org\/{rel}","templated":true}]}}