{"id":39437,"date":"2025-05-15T18:08:35","date_gmt":"2025-05-15T16:08:35","guid":{"rendered":"https:\/\/www.axiomams.eu\/produktas\/wavecontrol-wavemon-rf-8-radiofrekvencu-ekspozimetrs"},"modified":"2026-03-25T17:02:15","modified_gmt":"2026-03-25T15:02:15","slug":"wavecontrol-wavemon-rf-8-radiofrekvencu-ekspozimetrs","status":"publish","type":"product","link":"https:\/\/www.axiomams.eu\/lv\/produktas\/wavecontrol-wavemon-rf-8-radiofrekvencu-ekspozimetrs","title":{"rendered":"Wavecontrol WaveMon RF-8 Radiofrekven\u010du ekspozimetrs"},"content":{"rendered":"<p>Wavecontrol WaveMon RF-8 ir radiofrekven\u010du ekspozimetrs ar datu re\u0123istratoru nep\u0101rtrauktai datu re\u0123istr\u0113\u0161anai.<br \/>\nSazi\u0146a ar ier\u012bci notiek, izmantojot USB portu, kas \u013cauj iestat\u012bt ier\u012bces parametrus un lejupiel\u0101d\u0113t re\u0123istr\u0113tos datus. Tas atvieglo p\u0101rskatu veido\u0161anu un \u013cauj saglab\u0101t ekspoz\u012bcijas datu ierakstus, lai nodro\u0161in\u0101tu j\u016bsu dro\u0161\u012bbu.<\/p>\n<p><b>Tehniskie dati<\/b><br \/>\nSensora tips: Izotrops, RMS diodes tehnolo\u0123ija<br \/>\nSaskarne: Dio\u017eu sensors, kas darbojas ar sensoru, kas darbojas ar sensoru: 1 iesl\u0113g\u0161anas\/izsl\u0113g\u0161anas poga, st\u0101vok\u013ca un zema akumulatora uzl\u0101des l\u012bme\u0146a LED diode.<br \/>\nIndikatori: 6 gaismas diodes + audio + vibr\u0101cija<br \/>\nTrauksmes slieksnis: 2 robe\u017eas, ko regul\u0113 lietot\u0101js<br \/>\nSavienojam\u012bba: \u016adensnecaurlaid\u012bgs USB (datu lejupiel\u0101dei un uzl\u0101dei)<br \/>\nAutonomija: > 1 m\u0113nesis (8 h dien\u0101, 5 dienas ned\u0113\u013c\u0101)<br \/>\nDatu re\u0123istr\u0113t\u0101js: > 1 000 000 notikumu<br \/>\nAtra\u0161an\u0101s vietas noteik\u0161ana: GPS un altimetrs<br \/>\nRe\u0123istr\u0113\u0161anas interv\u0101ls: no 1 sekundes l\u012bdz 60 min\u016bt\u0113m (regul\u0113 lietot\u0101js).<br \/>\nVid\u0113jais interv\u0101ls: no 1 sekundes l\u012bdz 60 min\u016bt\u0113m (regul\u0113 lietot\u0101js)<\/p>\n<p><b>Visp\u0101r\u0113jie dati<\/b><br \/>\nAkumulatora tips: 2 x AA NiMH akumulators, kas uzl\u0101d\u0113jams ar USB<br \/>\nAizsardz\u012bba: AIZSARDZ\u012aBA: IP 54<br \/>\nLF iztur\u012bba (50 Hz &#8230; 60 Hz): > 30 kV\/m<br \/>\nDarba temperat\u016bra: -20 \u00b0C &#8230; +50 \u00b0C<br \/>\nIzm\u0113rs: 174 x 42,5 x 33 mm<br \/>\nSvars: 190 g<\/p>\n<p><b>E-field<\/b><br \/>\nDinamiskais diapazons: 1 % &#8230; 300 %<br \/>\nLinearit\u0101te: \u00b10,5 dB (2 % &#8230; 200 %)<br \/>\nIzotrop\u0101 novirze: \u00b11 dB @ 1 GHz<\/p>\n<p><b>H-pols<\/b><br \/>\nDinamiskais diapazons: 2 % &#8230; 300 %<br \/>\nLinearit\u0101te: \u00b11 dB (5 % &#8230; 200 %)<br \/>\nIzotrop\u0101 novirze: \u00b11 dB @ 400 MHz<\/p>\n<p><b>Frekven\u010du diapazons<\/b><br \/>\nE lauks: 300 kHz &#8230; 8 GHz, \u00b13,5 dB<br \/>\nH lauks: 25 MHz &#8230; 1 GHz, \u00b11 dB (30 MHz &#8230; 700 MHz), +0 dB\/-2,5 dB (700 MHz &#8230; 850 MHz), +0 dB\/-5 dB (850 MHz &#8230; 1 GHz).<\/p>\n<h3>Tehnisk\u0101 inform\u0101cija:<\/h3>\n<ul>\n<li><a href=\"https:\/\/axiomams.eu\/importer\/export\/attachments\/en\/wavecontrol-wavemon-rf-8.pdf\" target=\"_blank\">Wavecontrol WaveMon RF-8.pdf<\/a><\/li>\n<\/ul>\n","protected":false},"excerpt":{"rendered":"<p>Wavecontrol WaveMon RF-8 ir radiofrekven\u010du ekspozimetrs ar datu re\u0123istratoru nep\u0101rtrauktai datu re\u0123istr\u0113\u0161anai. Sazi\u0146a ar ier\u012bci notiek, izmantojot USB portu, kas \u013cauj iestat\u012bt ier\u012bces parametrus un lejupiel\u0101d\u0113t re\u0123istr\u0113tos datus. Tas atvieglo p\u0101rskatu veido\u0161anu un \u013cauj saglab\u0101t ekspoz\u012bcijas datu ierakstus, lai nodro\u0161in\u0101tu j\u016bsu dro\u0161\u012bbu. Tehniskie dati Sensora tips: Izotrops, RMS diodes tehnolo\u0123ija Saskarne: Dio\u017eu sensors, kas darbojas&#8230;<\/p>\n","protected":false},"featured_media":42597,"comment_status":"open","ping_status":"closed","template":"","meta":{"_acf_changed":false},"product_brand":[743],"product_cat":[17723],"product_tag":[],"class_list":{"0":"post-39437","1":"product","2":"type-product","3":"status-publish","4":"has-post-thumbnail","6":"product_brand-wavecontrol","7":"product_cat-putekliem-elektromagnetiska-lauka-merijumiem","9":"first","10":"instock","11":"taxable","12":"shipping-taxable","13":"product-type-simple"},"acf":[],"yoast_head":"<!-- This site is optimized with the Yoast SEO plugin v27.0 - https:\/\/yoast.com\/product\/yoast-seo-wordpress\/ -->\n<title>Wavecontrol WaveMon RF-8 Radiofrekven\u010du ekspozimetrs - AXIOMA MS<\/title>\n<meta name=\"robots\" content=\"index, follow, max-snippet:-1, max-image-preview:large, max-video-preview:-1\" \/>\n<link rel=\"canonical\" href=\"https:\/\/www.axiomams.eu\/lv\/produktas\/wavecontrol-wavemon-rf-8-radiofrekvencu-ekspozimetrs\" \/>\n<meta property=\"og:locale\" content=\"lv_LV\" \/>\n<meta property=\"og:type\" content=\"article\" \/>\n<meta property=\"og:title\" content=\"Wavecontrol WaveMon RF-8 Radiofrekven\u010du ekspozimetrs - AXIOMA MS\" \/>\n<meta property=\"og:description\" content=\"Wavecontrol WaveMon RF-8 ir radiofrekven\u010du ekspozimetrs ar datu re\u0123istratoru nep\u0101rtrauktai datu re\u0123istr\u0113\u0161anai. Sazi\u0146a ar ier\u012bci notiek, izmantojot USB portu, kas \u013cauj iestat\u012bt ier\u012bces parametrus un lejupiel\u0101d\u0113t re\u0123istr\u0113tos datus. Tas atvieglo p\u0101rskatu veido\u0161anu un \u013cauj saglab\u0101t ekspoz\u012bcijas datu ierakstus, lai nodro\u0161in\u0101tu j\u016bsu dro\u0161\u012bbu. Tehniskie dati Sensora tips: Izotrops, RMS diodes tehnolo\u0123ija Saskarne: Dio\u017eu sensors, kas darbojas...\" \/>\n<meta property=\"og:url\" content=\"https:\/\/www.axiomams.eu\/lv\/produktas\/wavecontrol-wavemon-rf-8-radiofrekvencu-ekspozimetrs\" \/>\n<meta property=\"og:site_name\" content=\"AXIOMA MS\" \/>\n<meta property=\"article:publisher\" content=\"https:\/\/www.facebook.com\/AxiomaMS\" \/>\n<meta property=\"article:modified_time\" content=\"2026-03-25T15:02:15+00:00\" \/>\n<meta property=\"og:image\" content=\"https:\/\/www.axiomams.eu\/wp-content\/uploads\/2025\/07\/3015-3993.jpg\" \/>\n\t<meta property=\"og:image:width\" content=\"1000\" \/>\n\t<meta property=\"og:image:height\" content=\"1000\" \/>\n\t<meta property=\"og:image:type\" content=\"image\/jpeg\" \/>\n<meta name=\"twitter:card\" content=\"summary_large_image\" \/>\n<meta name=\"twitter:label1\" content=\"Est. reading time\" \/>\n\t<meta name=\"twitter:data1\" content=\"1 minute\" \/>\n<script type=\"application\/ld+json\" class=\"yoast-schema-graph\">{\"@context\":\"https:\/\/schema.org\",\"@graph\":[{\"@type\":\"WebPage\",\"@id\":\"https:\/\/www.axiomams.eu\/lv\/produktas\/wavecontrol-wavemon-rf-8-radiofrekvencu-ekspozimetrs\",\"url\":\"https:\/\/www.axiomams.eu\/lv\/produktas\/wavecontrol-wavemon-rf-8-radiofrekvencu-ekspozimetrs\",\"name\":\"Wavecontrol WaveMon RF-8 Radiofrekven\u010du ekspozimetrs - AXIOMA MS\",\"isPartOf\":{\"@id\":\"https:\/\/www.axiomams.eu\/lv#website\"},\"primaryImageOfPage\":{\"@id\":\"https:\/\/www.axiomams.eu\/lv\/produktas\/wavecontrol-wavemon-rf-8-radiofrekvencu-ekspozimetrs#primaryimage\"},\"image\":{\"@id\":\"https:\/\/www.axiomams.eu\/lv\/produktas\/wavecontrol-wavemon-rf-8-radiofrekvencu-ekspozimetrs#primaryimage\"},\"thumbnailUrl\":\"https:\/\/www.axiomams.eu\/wp-content\/uploads\/2025\/07\/3015-3993.jpg\",\"datePublished\":\"2025-05-15T16:08:35+00:00\",\"dateModified\":\"2026-03-25T15:02:15+00:00\",\"breadcrumb\":{\"@id\":\"https:\/\/www.axiomams.eu\/lv\/produktas\/wavecontrol-wavemon-rf-8-radiofrekvencu-ekspozimetrs#breadcrumb\"},\"inLanguage\":\"lv-LV\",\"potentialAction\":[{\"@type\":\"ReadAction\",\"target\":[\"https:\/\/www.axiomams.eu\/lv\/produktas\/wavecontrol-wavemon-rf-8-radiofrekvencu-ekspozimetrs\"]}]},{\"@type\":\"ImageObject\",\"inLanguage\":\"lv-LV\",\"@id\":\"https:\/\/www.axiomams.eu\/lv\/produktas\/wavecontrol-wavemon-rf-8-radiofrekvencu-ekspozimetrs#primaryimage\",\"url\":\"https:\/\/www.axiomams.eu\/wp-content\/uploads\/2025\/07\/3015-3993.jpg\",\"contentUrl\":\"https:\/\/www.axiomams.eu\/wp-content\/uploads\/2025\/07\/3015-3993.jpg\",\"width\":1000,\"height\":1000},{\"@type\":\"BreadcrumbList\",\"@id\":\"https:\/\/www.axiomams.eu\/lv\/produktas\/wavecontrol-wavemon-rf-8-radiofrekvencu-ekspozimetrs#breadcrumb\",\"itemListElement\":[{\"@type\":\"ListItem\",\"position\":1,\"name\":\"Home\",\"item\":\"https:\/\/www.axiomams.eu\/lv\"},{\"@type\":\"ListItem\",\"position\":2,\"name\":\"Produkti\",\"item\":\"https:\/\/www.axiomams.eu\/lv\/produkti\"},{\"@type\":\"ListItem\",\"position\":3,\"name\":\"Wavecontrol WaveMon RF-8 Radiofrekven\u010du ekspozimetrs\"}]},{\"@type\":\"WebSite\",\"@id\":\"https:\/\/www.axiomams.eu\/lv#website\",\"url\":\"https:\/\/www.axiomams.eu\/lv\",\"name\":\"AXIOMA MS\",\"description\":\"Terrmovizoriai ir matavimo \u012franga\",\"publisher\":{\"@id\":\"https:\/\/www.axiomams.eu\/lv#organization\"},\"potentialAction\":[{\"@type\":\"SearchAction\",\"target\":{\"@type\":\"EntryPoint\",\"urlTemplate\":\"https:\/\/www.axiomams.eu\/lv?s={search_term_string}\"},\"query-input\":{\"@type\":\"PropertyValueSpecification\",\"valueRequired\":true,\"valueName\":\"search_term_string\"}}],\"inLanguage\":\"lv-LV\"},{\"@type\":\"Organization\",\"@id\":\"https:\/\/www.axiomams.eu\/lv#organization\",\"name\":\"AXIOMA MS\",\"url\":\"https:\/\/www.axiomams.eu\/lv\",\"logo\":{\"@type\":\"ImageObject\",\"inLanguage\":\"lv-LV\",\"@id\":\"https:\/\/www.axiomams.eu\/lv#\/schema\/logo\/image\/\",\"url\":\"https:\/\/www.axiomams.eu\/wp-content\/uploads\/2025\/06\/axioma-logo-2.png\",\"contentUrl\":\"https:\/\/www.axiomams.eu\/wp-content\/uploads\/2025\/06\/axioma-logo-2.png\",\"width\":1200,\"height\":1200,\"caption\":\"AXIOMA MS\"},\"image\":{\"@id\":\"https:\/\/www.axiomams.eu\/lv#\/schema\/logo\/image\/\"},\"sameAs\":[\"https:\/\/www.facebook.com\/AxiomaMS\",\"https:\/\/www.linkedin.com\/company\/axiomams\/\"]}]}<\/script>\n<!-- \/ Yoast SEO plugin. -->","yoast_head_json":{"title":"Wavecontrol WaveMon RF-8 Radiofrekven\u010du ekspozimetrs - AXIOMA MS","robots":{"index":"index","follow":"follow","max-snippet":"max-snippet:-1","max-image-preview":"max-image-preview:large","max-video-preview":"max-video-preview:-1"},"canonical":"https:\/\/www.axiomams.eu\/lv\/produktas\/wavecontrol-wavemon-rf-8-radiofrekvencu-ekspozimetrs","og_locale":"lv_LV","og_type":"article","og_title":"Wavecontrol WaveMon RF-8 Radiofrekven\u010du ekspozimetrs - AXIOMA MS","og_description":"Wavecontrol WaveMon RF-8 ir radiofrekven\u010du ekspozimetrs ar datu re\u0123istratoru nep\u0101rtrauktai datu re\u0123istr\u0113\u0161anai. Sazi\u0146a ar ier\u012bci notiek, izmantojot USB portu, kas \u013cauj iestat\u012bt ier\u012bces parametrus un lejupiel\u0101d\u0113t re\u0123istr\u0113tos datus. Tas atvieglo p\u0101rskatu veido\u0161anu un \u013cauj saglab\u0101t ekspoz\u012bcijas datu ierakstus, lai nodro\u0161in\u0101tu j\u016bsu dro\u0161\u012bbu. Tehniskie dati Sensora tips: Izotrops, RMS diodes tehnolo\u0123ija Saskarne: Dio\u017eu sensors, kas darbojas...","og_url":"https:\/\/www.axiomams.eu\/lv\/produktas\/wavecontrol-wavemon-rf-8-radiofrekvencu-ekspozimetrs","og_site_name":"AXIOMA MS","article_publisher":"https:\/\/www.facebook.com\/AxiomaMS","article_modified_time":"2026-03-25T15:02:15+00:00","og_image":[{"width":1000,"height":1000,"url":"https:\/\/www.axiomams.eu\/wp-content\/uploads\/2025\/07\/3015-3993.jpg","type":"image\/jpeg"}],"twitter_card":"summary_large_image","twitter_misc":{"Est. reading time":"1 minute"},"schema":{"@context":"https:\/\/schema.org","@graph":[{"@type":"WebPage","@id":"https:\/\/www.axiomams.eu\/lv\/produktas\/wavecontrol-wavemon-rf-8-radiofrekvencu-ekspozimetrs","url":"https:\/\/www.axiomams.eu\/lv\/produktas\/wavecontrol-wavemon-rf-8-radiofrekvencu-ekspozimetrs","name":"Wavecontrol WaveMon RF-8 Radiofrekven\u010du ekspozimetrs - AXIOMA MS","isPartOf":{"@id":"https:\/\/www.axiomams.eu\/lv#website"},"primaryImageOfPage":{"@id":"https:\/\/www.axiomams.eu\/lv\/produktas\/wavecontrol-wavemon-rf-8-radiofrekvencu-ekspozimetrs#primaryimage"},"image":{"@id":"https:\/\/www.axiomams.eu\/lv\/produktas\/wavecontrol-wavemon-rf-8-radiofrekvencu-ekspozimetrs#primaryimage"},"thumbnailUrl":"https:\/\/www.axiomams.eu\/wp-content\/uploads\/2025\/07\/3015-3993.jpg","datePublished":"2025-05-15T16:08:35+00:00","dateModified":"2026-03-25T15:02:15+00:00","breadcrumb":{"@id":"https:\/\/www.axiomams.eu\/lv\/produktas\/wavecontrol-wavemon-rf-8-radiofrekvencu-ekspozimetrs#breadcrumb"},"inLanguage":"lv-LV","potentialAction":[{"@type":"ReadAction","target":["https:\/\/www.axiomams.eu\/lv\/produktas\/wavecontrol-wavemon-rf-8-radiofrekvencu-ekspozimetrs"]}]},{"@type":"ImageObject","inLanguage":"lv-LV","@id":"https:\/\/www.axiomams.eu\/lv\/produktas\/wavecontrol-wavemon-rf-8-radiofrekvencu-ekspozimetrs#primaryimage","url":"https:\/\/www.axiomams.eu\/wp-content\/uploads\/2025\/07\/3015-3993.jpg","contentUrl":"https:\/\/www.axiomams.eu\/wp-content\/uploads\/2025\/07\/3015-3993.jpg","width":1000,"height":1000},{"@type":"BreadcrumbList","@id":"https:\/\/www.axiomams.eu\/lv\/produktas\/wavecontrol-wavemon-rf-8-radiofrekvencu-ekspozimetrs#breadcrumb","itemListElement":[{"@type":"ListItem","position":1,"name":"Home","item":"https:\/\/www.axiomams.eu\/lv"},{"@type":"ListItem","position":2,"name":"Produkti","item":"https:\/\/www.axiomams.eu\/lv\/produkti"},{"@type":"ListItem","position":3,"name":"Wavecontrol WaveMon RF-8 Radiofrekven\u010du ekspozimetrs"}]},{"@type":"WebSite","@id":"https:\/\/www.axiomams.eu\/lv#website","url":"https:\/\/www.axiomams.eu\/lv","name":"AXIOMA MS","description":"Terrmovizoriai ir matavimo \u012franga","publisher":{"@id":"https:\/\/www.axiomams.eu\/lv#organization"},"potentialAction":[{"@type":"SearchAction","target":{"@type":"EntryPoint","urlTemplate":"https:\/\/www.axiomams.eu\/lv?s={search_term_string}"},"query-input":{"@type":"PropertyValueSpecification","valueRequired":true,"valueName":"search_term_string"}}],"inLanguage":"lv-LV"},{"@type":"Organization","@id":"https:\/\/www.axiomams.eu\/lv#organization","name":"AXIOMA MS","url":"https:\/\/www.axiomams.eu\/lv","logo":{"@type":"ImageObject","inLanguage":"lv-LV","@id":"https:\/\/www.axiomams.eu\/lv#\/schema\/logo\/image\/","url":"https:\/\/www.axiomams.eu\/wp-content\/uploads\/2025\/06\/axioma-logo-2.png","contentUrl":"https:\/\/www.axiomams.eu\/wp-content\/uploads\/2025\/06\/axioma-logo-2.png","width":1200,"height":1200,"caption":"AXIOMA MS"},"image":{"@id":"https:\/\/www.axiomams.eu\/lv#\/schema\/logo\/image\/"},"sameAs":["https:\/\/www.facebook.com\/AxiomaMS","https:\/\/www.linkedin.com\/company\/axiomams\/"]}]}},"_links":{"self":[{"href":"https:\/\/www.axiomams.eu\/lv\/wp-json\/wp\/v2\/product\/39437","targetHints":{"allow":["GET"]}}],"collection":[{"href":"https:\/\/www.axiomams.eu\/lv\/wp-json\/wp\/v2\/product"}],"about":[{"href":"https:\/\/www.axiomams.eu\/lv\/wp-json\/wp\/v2\/types\/product"}],"replies":[{"embeddable":true,"href":"https:\/\/www.axiomams.eu\/lv\/wp-json\/wp\/v2\/comments?post=39437"}],"wp:featuredmedia":[{"embeddable":true,"href":"https:\/\/www.axiomams.eu\/lv\/wp-json\/wp\/v2\/media\/42597"}],"wp:attachment":[{"href":"https:\/\/www.axiomams.eu\/lv\/wp-json\/wp\/v2\/media?parent=39437"}],"wp:term":[{"taxonomy":"product_brand","embeddable":true,"href":"https:\/\/www.axiomams.eu\/lv\/wp-json\/wp\/v2\/product_brand?post=39437"},{"taxonomy":"product_cat","embeddable":true,"href":"https:\/\/www.axiomams.eu\/lv\/wp-json\/wp\/v2\/product_cat?post=39437"},{"taxonomy":"product_tag","embeddable":true,"href":"https:\/\/www.axiomams.eu\/lv\/wp-json\/wp\/v2\/product_tag?post=39437"}],"curies":[{"name":"wp","href":"https:\/\/api.w.org\/{rel}","templated":true}]}}