{"id":39438,"date":"2025-05-15T18:08:35","date_gmt":"2025-05-15T16:08:35","guid":{"rendered":"https:\/\/www.axiomams.eu\/produktas\/teledyne-lecroy-wavepro-404hd-osciloskops"},"modified":"2026-03-25T17:02:15","modified_gmt":"2026-03-25T15:02:15","slug":"teledyne-lecroy-wavepro-404hd-osciloskops","status":"publish","type":"product","link":"https:\/\/www.axiomams.eu\/lv\/produktas\/teledyne-lecroy-wavepro-404hd-osciloskops","title":{"rendered":"Teledyne Lecroy WavePro 404HD osciloskops"},"content":{"rendered":"<p>Apvienojot izcilu sign\u0101la precizit\u0101ti ar arhitekt\u016bru, kas maksim\u0101li palielina \u0101trumu visos veiktsp\u0113jas aspektos, jaunais WavePro 404HD pied\u0101v\u0101 osciloskopa pieredzi ar 4 GHz joslas platumu. X-Stream II straum\u0113\u0161anas arhitekt\u016bra &#8211; 10-100 rei\u017eu \u0101tr\u0101ka nek\u0101 citiem osciloskopiem. MSO un visdzi\u013c\u0101kais instrumentu komplekts ar vair\u0101k m\u0113r\u012bjumiem. Vair\u0101k matem\u0101tikas, vair\u0101k jaudas. MSO ir j\u0101piesaka.<\/p>\n<p>Standarta komplekts: \u00f710, 500 MHz pas\u012bv\u0101 zonde (4 gab.), aizsargv\u0101ci\u0146\u0161, lieto\u0161anas pam\u0101c\u012bba, Microsoft Windows\u00ae 10, komerci\u0101la NIST izsekojama kalibr\u0113\u0161ana ar sertifik\u0101tu, baro\u0161anas kabelis galam\u0113r\u0137a valstij, 3 gadu garantija.<\/p>\n","protected":false},"excerpt":{"rendered":"<p>Apvienojot izcilu sign\u0101la precizit\u0101ti ar arhitekt\u016bru, kas maksim\u0101li palielina \u0101trumu visos veiktsp\u0113jas aspektos, jaunais WavePro 404HD pied\u0101v\u0101 osciloskopa pieredzi ar 4 GHz joslas platumu. X-Stream II straum\u0113\u0161anas arhitekt\u016bra &#8211; 10-100 rei\u017eu \u0101tr\u0101ka nek\u0101 citiem osciloskopiem. MSO un visdzi\u013c\u0101kais instrumentu komplekts ar vair\u0101k m\u0113r\u012bjumiem. Vair\u0101k matem\u0101tikas, vair\u0101k jaudas. MSO ir j\u0101piesaka. Standarta komplekts: \u00f710, 500 MHz&#8230;<\/p>\n","protected":false},"featured_media":42599,"comment_status":"open","ping_status":"closed","template":"","meta":{"_acf_changed":false},"product_brand":[2460],"product_cat":[17757],"product_tag":[],"class_list":{"0":"post-39438","1":"product","2":"type-product","3":"status-publish","4":"has-post-thumbnail","6":"product_brand-teledyne-lecroy","7":"product_cat-generatori-barosanas-avoti-oscilografi-rcl-meritaji","9":"first","10":"instock","11":"taxable","12":"shipping-taxable","13":"product-type-simple"},"acf":[],"yoast_head":"<!-- This site is optimized with the Yoast SEO plugin v27.0 - https:\/\/yoast.com\/product\/yoast-seo-wordpress\/ -->\n<title>Teledyne Lecroy WavePro 404HD osciloskops - AXIOMA MS<\/title>\n<meta name=\"robots\" content=\"index, follow, max-snippet:-1, max-image-preview:large, max-video-preview:-1\" \/>\n<link rel=\"canonical\" href=\"https:\/\/www.axiomams.eu\/lv\/produktas\/teledyne-lecroy-wavepro-404hd-osciloskops\" \/>\n<meta property=\"og:locale\" content=\"lv_LV\" \/>\n<meta property=\"og:type\" content=\"article\" \/>\n<meta property=\"og:title\" content=\"Teledyne Lecroy WavePro 404HD osciloskops - AXIOMA MS\" \/>\n<meta property=\"og:description\" content=\"Apvienojot izcilu sign\u0101la precizit\u0101ti ar arhitekt\u016bru, kas maksim\u0101li palielina \u0101trumu visos veiktsp\u0113jas aspektos, jaunais WavePro 404HD pied\u0101v\u0101 osciloskopa pieredzi ar 4 GHz joslas platumu. X-Stream II straum\u0113\u0161anas arhitekt\u016bra &#8211; 10-100 rei\u017eu \u0101tr\u0101ka nek\u0101 citiem osciloskopiem. MSO un visdzi\u013c\u0101kais instrumentu komplekts ar vair\u0101k m\u0113r\u012bjumiem. Vair\u0101k matem\u0101tikas, vair\u0101k jaudas. MSO ir j\u0101piesaka. Standarta komplekts: \u00f710, 500 MHz...\" \/>\n<meta property=\"og:url\" content=\"https:\/\/www.axiomams.eu\/lv\/produktas\/teledyne-lecroy-wavepro-404hd-osciloskops\" \/>\n<meta property=\"og:site_name\" content=\"AXIOMA MS\" \/>\n<meta property=\"article:publisher\" content=\"https:\/\/www.facebook.com\/AxiomaMS\" \/>\n<meta property=\"article:modified_time\" content=\"2026-03-25T15:02:15+00:00\" \/>\n<meta property=\"og:image\" content=\"https:\/\/www.axiomams.eu\/wp-content\/uploads\/2025\/07\/2517-6105.jpg\" \/>\n\t<meta property=\"og:image:width\" content=\"1020\" \/>\n\t<meta property=\"og:image:height\" content=\"1020\" \/>\n\t<meta property=\"og:image:type\" content=\"image\/jpeg\" \/>\n<meta name=\"twitter:card\" content=\"summary_large_image\" \/>\n<meta name=\"twitter:label1\" content=\"Est. reading time\" \/>\n\t<meta name=\"twitter:data1\" content=\"1 minute\" \/>\n<script type=\"application\/ld+json\" class=\"yoast-schema-graph\">{\"@context\":\"https:\/\/schema.org\",\"@graph\":[{\"@type\":\"WebPage\",\"@id\":\"https:\/\/www.axiomams.eu\/lv\/produktas\/teledyne-lecroy-wavepro-404hd-osciloskops\",\"url\":\"https:\/\/www.axiomams.eu\/lv\/produktas\/teledyne-lecroy-wavepro-404hd-osciloskops\",\"name\":\"Teledyne Lecroy WavePro 404HD osciloskops - AXIOMA MS\",\"isPartOf\":{\"@id\":\"https:\/\/www.axiomams.eu\/lv#website\"},\"primaryImageOfPage\":{\"@id\":\"https:\/\/www.axiomams.eu\/lv\/produktas\/teledyne-lecroy-wavepro-404hd-osciloskops#primaryimage\"},\"image\":{\"@id\":\"https:\/\/www.axiomams.eu\/lv\/produktas\/teledyne-lecroy-wavepro-404hd-osciloskops#primaryimage\"},\"thumbnailUrl\":\"https:\/\/www.axiomams.eu\/wp-content\/uploads\/2025\/07\/2517-6105.jpg\",\"datePublished\":\"2025-05-15T16:08:35+00:00\",\"dateModified\":\"2026-03-25T15:02:15+00:00\",\"breadcrumb\":{\"@id\":\"https:\/\/www.axiomams.eu\/lv\/produktas\/teledyne-lecroy-wavepro-404hd-osciloskops#breadcrumb\"},\"inLanguage\":\"lv-LV\",\"potentialAction\":[{\"@type\":\"ReadAction\",\"target\":[\"https:\/\/www.axiomams.eu\/lv\/produktas\/teledyne-lecroy-wavepro-404hd-osciloskops\"]}]},{\"@type\":\"ImageObject\",\"inLanguage\":\"lv-LV\",\"@id\":\"https:\/\/www.axiomams.eu\/lv\/produktas\/teledyne-lecroy-wavepro-404hd-osciloskops#primaryimage\",\"url\":\"https:\/\/www.axiomams.eu\/wp-content\/uploads\/2025\/07\/2517-6105.jpg\",\"contentUrl\":\"https:\/\/www.axiomams.eu\/wp-content\/uploads\/2025\/07\/2517-6105.jpg\",\"width\":1020,\"height\":1020},{\"@type\":\"BreadcrumbList\",\"@id\":\"https:\/\/www.axiomams.eu\/lv\/produktas\/teledyne-lecroy-wavepro-404hd-osciloskops#breadcrumb\",\"itemListElement\":[{\"@type\":\"ListItem\",\"position\":1,\"name\":\"Home\",\"item\":\"https:\/\/www.axiomams.eu\/lv\"},{\"@type\":\"ListItem\",\"position\":2,\"name\":\"Produkti\",\"item\":\"https:\/\/www.axiomams.eu\/lv\/produkti\"},{\"@type\":\"ListItem\",\"position\":3,\"name\":\"Teledyne Lecroy WavePro 404HD osciloskops\"}]},{\"@type\":\"WebSite\",\"@id\":\"https:\/\/www.axiomams.eu\/lv#website\",\"url\":\"https:\/\/www.axiomams.eu\/lv\",\"name\":\"AXIOMA MS\",\"description\":\"Terrmovizoriai ir matavimo \u012franga\",\"publisher\":{\"@id\":\"https:\/\/www.axiomams.eu\/lv#organization\"},\"potentialAction\":[{\"@type\":\"SearchAction\",\"target\":{\"@type\":\"EntryPoint\",\"urlTemplate\":\"https:\/\/www.axiomams.eu\/lv?s={search_term_string}\"},\"query-input\":{\"@type\":\"PropertyValueSpecification\",\"valueRequired\":true,\"valueName\":\"search_term_string\"}}],\"inLanguage\":\"lv-LV\"},{\"@type\":\"Organization\",\"@id\":\"https:\/\/www.axiomams.eu\/lv#organization\",\"name\":\"AXIOMA MS\",\"url\":\"https:\/\/www.axiomams.eu\/lv\",\"logo\":{\"@type\":\"ImageObject\",\"inLanguage\":\"lv-LV\",\"@id\":\"https:\/\/www.axiomams.eu\/lv#\/schema\/logo\/image\/\",\"url\":\"https:\/\/www.axiomams.eu\/wp-content\/uploads\/2025\/06\/axioma-logo-2.png\",\"contentUrl\":\"https:\/\/www.axiomams.eu\/wp-content\/uploads\/2025\/06\/axioma-logo-2.png\",\"width\":1200,\"height\":1200,\"caption\":\"AXIOMA MS\"},\"image\":{\"@id\":\"https:\/\/www.axiomams.eu\/lv#\/schema\/logo\/image\/\"},\"sameAs\":[\"https:\/\/www.facebook.com\/AxiomaMS\",\"https:\/\/www.linkedin.com\/company\/axiomams\/\"]}]}<\/script>\n<!-- \/ Yoast SEO plugin. -->","yoast_head_json":{"title":"Teledyne Lecroy WavePro 404HD osciloskops - AXIOMA MS","robots":{"index":"index","follow":"follow","max-snippet":"max-snippet:-1","max-image-preview":"max-image-preview:large","max-video-preview":"max-video-preview:-1"},"canonical":"https:\/\/www.axiomams.eu\/lv\/produktas\/teledyne-lecroy-wavepro-404hd-osciloskops","og_locale":"lv_LV","og_type":"article","og_title":"Teledyne Lecroy WavePro 404HD osciloskops - AXIOMA MS","og_description":"Apvienojot izcilu sign\u0101la precizit\u0101ti ar arhitekt\u016bru, kas maksim\u0101li palielina \u0101trumu visos veiktsp\u0113jas aspektos, jaunais WavePro 404HD pied\u0101v\u0101 osciloskopa pieredzi ar 4 GHz joslas platumu. X-Stream II straum\u0113\u0161anas arhitekt\u016bra &#8211; 10-100 rei\u017eu \u0101tr\u0101ka nek\u0101 citiem osciloskopiem. MSO un visdzi\u013c\u0101kais instrumentu komplekts ar vair\u0101k m\u0113r\u012bjumiem. Vair\u0101k matem\u0101tikas, vair\u0101k jaudas. MSO ir j\u0101piesaka. Standarta komplekts: \u00f710, 500 MHz...","og_url":"https:\/\/www.axiomams.eu\/lv\/produktas\/teledyne-lecroy-wavepro-404hd-osciloskops","og_site_name":"AXIOMA MS","article_publisher":"https:\/\/www.facebook.com\/AxiomaMS","article_modified_time":"2026-03-25T15:02:15+00:00","og_image":[{"width":1020,"height":1020,"url":"https:\/\/www.axiomams.eu\/wp-content\/uploads\/2025\/07\/2517-6105.jpg","type":"image\/jpeg"}],"twitter_card":"summary_large_image","twitter_misc":{"Est. reading time":"1 minute"},"schema":{"@context":"https:\/\/schema.org","@graph":[{"@type":"WebPage","@id":"https:\/\/www.axiomams.eu\/lv\/produktas\/teledyne-lecroy-wavepro-404hd-osciloskops","url":"https:\/\/www.axiomams.eu\/lv\/produktas\/teledyne-lecroy-wavepro-404hd-osciloskops","name":"Teledyne Lecroy WavePro 404HD osciloskops - AXIOMA MS","isPartOf":{"@id":"https:\/\/www.axiomams.eu\/lv#website"},"primaryImageOfPage":{"@id":"https:\/\/www.axiomams.eu\/lv\/produktas\/teledyne-lecroy-wavepro-404hd-osciloskops#primaryimage"},"image":{"@id":"https:\/\/www.axiomams.eu\/lv\/produktas\/teledyne-lecroy-wavepro-404hd-osciloskops#primaryimage"},"thumbnailUrl":"https:\/\/www.axiomams.eu\/wp-content\/uploads\/2025\/07\/2517-6105.jpg","datePublished":"2025-05-15T16:08:35+00:00","dateModified":"2026-03-25T15:02:15+00:00","breadcrumb":{"@id":"https:\/\/www.axiomams.eu\/lv\/produktas\/teledyne-lecroy-wavepro-404hd-osciloskops#breadcrumb"},"inLanguage":"lv-LV","potentialAction":[{"@type":"ReadAction","target":["https:\/\/www.axiomams.eu\/lv\/produktas\/teledyne-lecroy-wavepro-404hd-osciloskops"]}]},{"@type":"ImageObject","inLanguage":"lv-LV","@id":"https:\/\/www.axiomams.eu\/lv\/produktas\/teledyne-lecroy-wavepro-404hd-osciloskops#primaryimage","url":"https:\/\/www.axiomams.eu\/wp-content\/uploads\/2025\/07\/2517-6105.jpg","contentUrl":"https:\/\/www.axiomams.eu\/wp-content\/uploads\/2025\/07\/2517-6105.jpg","width":1020,"height":1020},{"@type":"BreadcrumbList","@id":"https:\/\/www.axiomams.eu\/lv\/produktas\/teledyne-lecroy-wavepro-404hd-osciloskops#breadcrumb","itemListElement":[{"@type":"ListItem","position":1,"name":"Home","item":"https:\/\/www.axiomams.eu\/lv"},{"@type":"ListItem","position":2,"name":"Produkti","item":"https:\/\/www.axiomams.eu\/lv\/produkti"},{"@type":"ListItem","position":3,"name":"Teledyne Lecroy WavePro 404HD osciloskops"}]},{"@type":"WebSite","@id":"https:\/\/www.axiomams.eu\/lv#website","url":"https:\/\/www.axiomams.eu\/lv","name":"AXIOMA MS","description":"Terrmovizoriai ir matavimo \u012franga","publisher":{"@id":"https:\/\/www.axiomams.eu\/lv#organization"},"potentialAction":[{"@type":"SearchAction","target":{"@type":"EntryPoint","urlTemplate":"https:\/\/www.axiomams.eu\/lv?s={search_term_string}"},"query-input":{"@type":"PropertyValueSpecification","valueRequired":true,"valueName":"search_term_string"}}],"inLanguage":"lv-LV"},{"@type":"Organization","@id":"https:\/\/www.axiomams.eu\/lv#organization","name":"AXIOMA MS","url":"https:\/\/www.axiomams.eu\/lv","logo":{"@type":"ImageObject","inLanguage":"lv-LV","@id":"https:\/\/www.axiomams.eu\/lv#\/schema\/logo\/image\/","url":"https:\/\/www.axiomams.eu\/wp-content\/uploads\/2025\/06\/axioma-logo-2.png","contentUrl":"https:\/\/www.axiomams.eu\/wp-content\/uploads\/2025\/06\/axioma-logo-2.png","width":1200,"height":1200,"caption":"AXIOMA MS"},"image":{"@id":"https:\/\/www.axiomams.eu\/lv#\/schema\/logo\/image\/"},"sameAs":["https:\/\/www.facebook.com\/AxiomaMS","https:\/\/www.linkedin.com\/company\/axiomams\/"]}]}},"_links":{"self":[{"href":"https:\/\/www.axiomams.eu\/lv\/wp-json\/wp\/v2\/product\/39438","targetHints":{"allow":["GET"]}}],"collection":[{"href":"https:\/\/www.axiomams.eu\/lv\/wp-json\/wp\/v2\/product"}],"about":[{"href":"https:\/\/www.axiomams.eu\/lv\/wp-json\/wp\/v2\/types\/product"}],"replies":[{"embeddable":true,"href":"https:\/\/www.axiomams.eu\/lv\/wp-json\/wp\/v2\/comments?post=39438"}],"wp:featuredmedia":[{"embeddable":true,"href":"https:\/\/www.axiomams.eu\/lv\/wp-json\/wp\/v2\/media\/42599"}],"wp:attachment":[{"href":"https:\/\/www.axiomams.eu\/lv\/wp-json\/wp\/v2\/media?parent=39438"}],"wp:term":[{"taxonomy":"product_brand","embeddable":true,"href":"https:\/\/www.axiomams.eu\/lv\/wp-json\/wp\/v2\/product_brand?post=39438"},{"taxonomy":"product_cat","embeddable":true,"href":"https:\/\/www.axiomams.eu\/lv\/wp-json\/wp\/v2\/product_cat?post=39438"},{"taxonomy":"product_tag","embeddable":true,"href":"https:\/\/www.axiomams.eu\/lv\/wp-json\/wp\/v2\/product_tag?post=39438"}],"curies":[{"name":"wp","href":"https:\/\/api.w.org\/{rel}","templated":true}]}}