{"id":39445,"date":"2025-06-12T14:27:57","date_gmt":"2025-06-12T12:27:57","guid":{"rendered":"https:\/\/www.axiomams.eu\/produktas\/flir-x8581-insb-mwir-termokamera"},"modified":"2026-03-25T17:02:19","modified_gmt":"2026-03-25T15:02:19","slug":"flir-x8581-insb-mwir-termokamera","status":"publish","type":"product","link":"https:\/\/www.axiomams.eu\/lv\/produktas\/flir-x8581-insb-mwir-termokamera","title":{"rendered":"Flir X8581 InSb MWIR termokamera"},"content":{"rendered":"<p>FLIR X8581 InSb MWIR &#8211; termokamera ir paredz\u0113ta zin\u0101tniekiem un in\u017eenieriem, kuriem nepiecie\u0161ams ieg\u016bt detaliz\u0113tus att\u0113lus par \u0101trgaitas notikumiem, veikt piel\u0101gotus radiometriskos m\u0113r\u012bjumus vai atkl\u0101t boj\u0101jumu punktus kompoz\u012btmateri\u0101los, saules baterij\u0101s un elektronik\u0101. \u0160\u012b termokamera apvieno 1280 \u00d7 1024 HD iz\u0161\u0137irtsp\u0113ju ar \u0101tru kadru uz\u0146em\u0161anas \u0101trumu un integr\u0101cijas laiku, \u013caujot p\u0113tniekiem fiks\u0113t \u0101tri kust\u012bgu objektu kust\u012bbas apst\u0101\u0161anos vai straujas temperat\u016bras izmai\u0146as &#8211; neatkar\u012bgi no t\u0101, vai tie atrodas laboratorij\u0101 vai izm\u0113\u0123in\u0101jumu poligon\u0101. Pateicoties \u010detru poz\u012bciju motoriz\u0113tajam filtra ritenim un FLIR motoriz\u0113to fokus\u0113\u0161anas objekt\u012bvu atbalstam, X8580 nodro\u0161in\u0101s augst\u0101kas kvalit\u0101tes ierakstus, ietaup\u012bs laiku un mazin\u0101s neapmierin\u0101t\u012bbu dinamisk\u0101s uz\u0146em\u0161anas vid\u0113s.<\/p>\n<h3>Tehnisk\u0101 inform\u0101cija:<\/h3>\n<ul>\n<li><a href=\"https:\/\/axiomams.eu\/importer\/export\/attachments\/en\/flir-x8581-insb-mwir.pdf\" target=\"_blank\">FLIR X8581 InSb MWIR.pdf<\/a><\/li>\n<\/ul>\n","protected":false},"excerpt":{"rendered":"<p>FLIR X8581 InSb MWIR &#8211; termokamera ir paredz\u0113ta zin\u0101tniekiem un in\u017eenieriem, kuriem nepiecie\u0161ams ieg\u016bt detaliz\u0113tus att\u0113lus par \u0101trgaitas notikumiem, veikt piel\u0101gotus radiometriskos m\u0113r\u012bjumus vai atkl\u0101t boj\u0101jumu punktus kompoz\u012btmateri\u0101los, saules baterij\u0101s un elektronik\u0101. \u0160\u012b termokamera apvieno 1280 \u00d7 1024 HD iz\u0161\u0137irtsp\u0113ju ar \u0101tru kadru uz\u0146em\u0161anas \u0101trumu un integr\u0101cijas laiku, \u013caujot p\u0113tniekiem fiks\u0113t \u0101tri kust\u012bgu objektu kust\u012bbas&#8230;<\/p>\n","protected":false},"featured_media":42617,"comment_status":"open","ping_status":"closed","template":"","meta":{"_acf_changed":false},"product_brand":[734],"product_cat":[17728,17754],"product_tag":[],"class_list":{"0":"post-39445","1":"product","2":"type-product","3":"status-publish","4":"has-post-thumbnail","6":"product_brand-flir","7":"product_cat-petniecibai","8":"product_cat-termiskai-analizei","10":"first","11":"instock","12":"taxable","13":"shipping-taxable","14":"product-type-simple"},"acf":[],"yoast_head":"<!-- This site is optimized with the Yoast SEO plugin v27.0 - https:\/\/yoast.com\/product\/yoast-seo-wordpress\/ -->\n<title>Flir X8581 InSb MWIR termokamera - AXIOMA MS<\/title>\n<meta name=\"robots\" content=\"index, follow, max-snippet:-1, max-image-preview:large, max-video-preview:-1\" \/>\n<link rel=\"canonical\" href=\"https:\/\/www.axiomams.eu\/lv\/produktas\/flir-x8581-insb-mwir-termokamera\" \/>\n<meta property=\"og:locale\" content=\"lv_LV\" \/>\n<meta property=\"og:type\" content=\"article\" \/>\n<meta property=\"og:title\" content=\"Flir X8581 InSb MWIR termokamera - AXIOMA MS\" \/>\n<meta property=\"og:description\" content=\"FLIR X8581 InSb MWIR &#8211; termokamera ir paredz\u0113ta zin\u0101tniekiem un in\u017eenieriem, kuriem nepiecie\u0161ams ieg\u016bt detaliz\u0113tus att\u0113lus par \u0101trgaitas notikumiem, veikt piel\u0101gotus radiometriskos m\u0113r\u012bjumus vai atkl\u0101t boj\u0101jumu punktus kompoz\u012btmateri\u0101los, saules baterij\u0101s un elektronik\u0101. \u0160\u012b termokamera apvieno 1280 \u00d7 1024 HD iz\u0161\u0137irtsp\u0113ju ar \u0101tru kadru uz\u0146em\u0161anas \u0101trumu un integr\u0101cijas laiku, \u013caujot p\u0113tniekiem fiks\u0113t \u0101tri kust\u012bgu objektu kust\u012bbas...\" \/>\n<meta property=\"og:url\" content=\"https:\/\/www.axiomams.eu\/lv\/produktas\/flir-x8581-insb-mwir-termokamera\" \/>\n<meta property=\"og:site_name\" content=\"AXIOMA MS\" \/>\n<meta property=\"article:publisher\" content=\"https:\/\/www.facebook.com\/AxiomaMS\" \/>\n<meta property=\"article:modified_time\" content=\"2026-03-25T15:02:19+00:00\" \/>\n<meta property=\"og:image\" content=\"https:\/\/www.axiomams.eu\/wp-content\/uploads\/2025\/07\/3275-5986.jpg\" \/>\n\t<meta property=\"og:image:width\" content=\"1020\" \/>\n\t<meta property=\"og:image:height\" content=\"1020\" \/>\n\t<meta property=\"og:image:type\" content=\"image\/jpeg\" \/>\n<meta name=\"twitter:card\" content=\"summary_large_image\" \/>\n<meta name=\"twitter:label1\" content=\"Est. reading time\" \/>\n\t<meta name=\"twitter:data1\" content=\"1 minute\" \/>\n<script type=\"application\/ld+json\" class=\"yoast-schema-graph\">{\"@context\":\"https:\/\/schema.org\",\"@graph\":[{\"@type\":\"WebPage\",\"@id\":\"https:\/\/www.axiomams.eu\/lv\/produktas\/flir-x8581-insb-mwir-termokamera\",\"url\":\"https:\/\/www.axiomams.eu\/lv\/produktas\/flir-x8581-insb-mwir-termokamera\",\"name\":\"Flir X8581 InSb MWIR termokamera - AXIOMA MS\",\"isPartOf\":{\"@id\":\"https:\/\/www.axiomams.eu\/lv#website\"},\"primaryImageOfPage\":{\"@id\":\"https:\/\/www.axiomams.eu\/lv\/produktas\/flir-x8581-insb-mwir-termokamera#primaryimage\"},\"image\":{\"@id\":\"https:\/\/www.axiomams.eu\/lv\/produktas\/flir-x8581-insb-mwir-termokamera#primaryimage\"},\"thumbnailUrl\":\"https:\/\/www.axiomams.eu\/wp-content\/uploads\/2025\/07\/3275-5986.jpg\",\"datePublished\":\"2025-06-12T12:27:57+00:00\",\"dateModified\":\"2026-03-25T15:02:19+00:00\",\"breadcrumb\":{\"@id\":\"https:\/\/www.axiomams.eu\/lv\/produktas\/flir-x8581-insb-mwir-termokamera#breadcrumb\"},\"inLanguage\":\"lv-LV\",\"potentialAction\":[{\"@type\":\"ReadAction\",\"target\":[\"https:\/\/www.axiomams.eu\/lv\/produktas\/flir-x8581-insb-mwir-termokamera\"]}]},{\"@type\":\"ImageObject\",\"inLanguage\":\"lv-LV\",\"@id\":\"https:\/\/www.axiomams.eu\/lv\/produktas\/flir-x8581-insb-mwir-termokamera#primaryimage\",\"url\":\"https:\/\/www.axiomams.eu\/wp-content\/uploads\/2025\/07\/3275-5986.jpg\",\"contentUrl\":\"https:\/\/www.axiomams.eu\/wp-content\/uploads\/2025\/07\/3275-5986.jpg\",\"width\":1020,\"height\":1020},{\"@type\":\"BreadcrumbList\",\"@id\":\"https:\/\/www.axiomams.eu\/lv\/produktas\/flir-x8581-insb-mwir-termokamera#breadcrumb\",\"itemListElement\":[{\"@type\":\"ListItem\",\"position\":1,\"name\":\"Home\",\"item\":\"https:\/\/www.axiomams.eu\/lv\"},{\"@type\":\"ListItem\",\"position\":2,\"name\":\"Produkti\",\"item\":\"https:\/\/www.axiomams.eu\/lv\/produkti\"},{\"@type\":\"ListItem\",\"position\":3,\"name\":\"Flir X8581 InSb MWIR termokamera\"}]},{\"@type\":\"WebSite\",\"@id\":\"https:\/\/www.axiomams.eu\/lv#website\",\"url\":\"https:\/\/www.axiomams.eu\/lv\",\"name\":\"AXIOMA MS\",\"description\":\"Terrmovizoriai ir matavimo \u012franga\",\"publisher\":{\"@id\":\"https:\/\/www.axiomams.eu\/lv#organization\"},\"potentialAction\":[{\"@type\":\"SearchAction\",\"target\":{\"@type\":\"EntryPoint\",\"urlTemplate\":\"https:\/\/www.axiomams.eu\/lv?s={search_term_string}\"},\"query-input\":{\"@type\":\"PropertyValueSpecification\",\"valueRequired\":true,\"valueName\":\"search_term_string\"}}],\"inLanguage\":\"lv-LV\"},{\"@type\":\"Organization\",\"@id\":\"https:\/\/www.axiomams.eu\/lv#organization\",\"name\":\"AXIOMA MS\",\"url\":\"https:\/\/www.axiomams.eu\/lv\",\"logo\":{\"@type\":\"ImageObject\",\"inLanguage\":\"lv-LV\",\"@id\":\"https:\/\/www.axiomams.eu\/lv#\/schema\/logo\/image\/\",\"url\":\"https:\/\/www.axiomams.eu\/wp-content\/uploads\/2025\/06\/axioma-logo-2.png\",\"contentUrl\":\"https:\/\/www.axiomams.eu\/wp-content\/uploads\/2025\/06\/axioma-logo-2.png\",\"width\":1200,\"height\":1200,\"caption\":\"AXIOMA MS\"},\"image\":{\"@id\":\"https:\/\/www.axiomams.eu\/lv#\/schema\/logo\/image\/\"},\"sameAs\":[\"https:\/\/www.facebook.com\/AxiomaMS\",\"https:\/\/www.linkedin.com\/company\/axiomams\/\"]}]}<\/script>\n<!-- \/ Yoast SEO plugin. -->","yoast_head_json":{"title":"Flir X8581 InSb MWIR termokamera - AXIOMA MS","robots":{"index":"index","follow":"follow","max-snippet":"max-snippet:-1","max-image-preview":"max-image-preview:large","max-video-preview":"max-video-preview:-1"},"canonical":"https:\/\/www.axiomams.eu\/lv\/produktas\/flir-x8581-insb-mwir-termokamera","og_locale":"lv_LV","og_type":"article","og_title":"Flir X8581 InSb MWIR termokamera - AXIOMA MS","og_description":"FLIR X8581 InSb MWIR &#8211; termokamera ir paredz\u0113ta zin\u0101tniekiem un in\u017eenieriem, kuriem nepiecie\u0161ams ieg\u016bt detaliz\u0113tus att\u0113lus par \u0101trgaitas notikumiem, veikt piel\u0101gotus radiometriskos m\u0113r\u012bjumus vai atkl\u0101t boj\u0101jumu punktus kompoz\u012btmateri\u0101los, saules baterij\u0101s un elektronik\u0101. \u0160\u012b termokamera apvieno 1280 \u00d7 1024 HD iz\u0161\u0137irtsp\u0113ju ar \u0101tru kadru uz\u0146em\u0161anas \u0101trumu un integr\u0101cijas laiku, \u013caujot p\u0113tniekiem fiks\u0113t \u0101tri kust\u012bgu objektu kust\u012bbas...","og_url":"https:\/\/www.axiomams.eu\/lv\/produktas\/flir-x8581-insb-mwir-termokamera","og_site_name":"AXIOMA MS","article_publisher":"https:\/\/www.facebook.com\/AxiomaMS","article_modified_time":"2026-03-25T15:02:19+00:00","og_image":[{"width":1020,"height":1020,"url":"https:\/\/www.axiomams.eu\/wp-content\/uploads\/2025\/07\/3275-5986.jpg","type":"image\/jpeg"}],"twitter_card":"summary_large_image","twitter_misc":{"Est. reading time":"1 minute"},"schema":{"@context":"https:\/\/schema.org","@graph":[{"@type":"WebPage","@id":"https:\/\/www.axiomams.eu\/lv\/produktas\/flir-x8581-insb-mwir-termokamera","url":"https:\/\/www.axiomams.eu\/lv\/produktas\/flir-x8581-insb-mwir-termokamera","name":"Flir X8581 InSb MWIR termokamera - AXIOMA MS","isPartOf":{"@id":"https:\/\/www.axiomams.eu\/lv#website"},"primaryImageOfPage":{"@id":"https:\/\/www.axiomams.eu\/lv\/produktas\/flir-x8581-insb-mwir-termokamera#primaryimage"},"image":{"@id":"https:\/\/www.axiomams.eu\/lv\/produktas\/flir-x8581-insb-mwir-termokamera#primaryimage"},"thumbnailUrl":"https:\/\/www.axiomams.eu\/wp-content\/uploads\/2025\/07\/3275-5986.jpg","datePublished":"2025-06-12T12:27:57+00:00","dateModified":"2026-03-25T15:02:19+00:00","breadcrumb":{"@id":"https:\/\/www.axiomams.eu\/lv\/produktas\/flir-x8581-insb-mwir-termokamera#breadcrumb"},"inLanguage":"lv-LV","potentialAction":[{"@type":"ReadAction","target":["https:\/\/www.axiomams.eu\/lv\/produktas\/flir-x8581-insb-mwir-termokamera"]}]},{"@type":"ImageObject","inLanguage":"lv-LV","@id":"https:\/\/www.axiomams.eu\/lv\/produktas\/flir-x8581-insb-mwir-termokamera#primaryimage","url":"https:\/\/www.axiomams.eu\/wp-content\/uploads\/2025\/07\/3275-5986.jpg","contentUrl":"https:\/\/www.axiomams.eu\/wp-content\/uploads\/2025\/07\/3275-5986.jpg","width":1020,"height":1020},{"@type":"BreadcrumbList","@id":"https:\/\/www.axiomams.eu\/lv\/produktas\/flir-x8581-insb-mwir-termokamera#breadcrumb","itemListElement":[{"@type":"ListItem","position":1,"name":"Home","item":"https:\/\/www.axiomams.eu\/lv"},{"@type":"ListItem","position":2,"name":"Produkti","item":"https:\/\/www.axiomams.eu\/lv\/produkti"},{"@type":"ListItem","position":3,"name":"Flir X8581 InSb MWIR termokamera"}]},{"@type":"WebSite","@id":"https:\/\/www.axiomams.eu\/lv#website","url":"https:\/\/www.axiomams.eu\/lv","name":"AXIOMA MS","description":"Terrmovizoriai ir matavimo \u012franga","publisher":{"@id":"https:\/\/www.axiomams.eu\/lv#organization"},"potentialAction":[{"@type":"SearchAction","target":{"@type":"EntryPoint","urlTemplate":"https:\/\/www.axiomams.eu\/lv?s={search_term_string}"},"query-input":{"@type":"PropertyValueSpecification","valueRequired":true,"valueName":"search_term_string"}}],"inLanguage":"lv-LV"},{"@type":"Organization","@id":"https:\/\/www.axiomams.eu\/lv#organization","name":"AXIOMA MS","url":"https:\/\/www.axiomams.eu\/lv","logo":{"@type":"ImageObject","inLanguage":"lv-LV","@id":"https:\/\/www.axiomams.eu\/lv#\/schema\/logo\/image\/","url":"https:\/\/www.axiomams.eu\/wp-content\/uploads\/2025\/06\/axioma-logo-2.png","contentUrl":"https:\/\/www.axiomams.eu\/wp-content\/uploads\/2025\/06\/axioma-logo-2.png","width":1200,"height":1200,"caption":"AXIOMA MS"},"image":{"@id":"https:\/\/www.axiomams.eu\/lv#\/schema\/logo\/image\/"},"sameAs":["https:\/\/www.facebook.com\/AxiomaMS","https:\/\/www.linkedin.com\/company\/axiomams\/"]}]}},"_links":{"self":[{"href":"https:\/\/www.axiomams.eu\/lv\/wp-json\/wp\/v2\/product\/39445","targetHints":{"allow":["GET"]}}],"collection":[{"href":"https:\/\/www.axiomams.eu\/lv\/wp-json\/wp\/v2\/product"}],"about":[{"href":"https:\/\/www.axiomams.eu\/lv\/wp-json\/wp\/v2\/types\/product"}],"replies":[{"embeddable":true,"href":"https:\/\/www.axiomams.eu\/lv\/wp-json\/wp\/v2\/comments?post=39445"}],"wp:featuredmedia":[{"embeddable":true,"href":"https:\/\/www.axiomams.eu\/lv\/wp-json\/wp\/v2\/media\/42617"}],"wp:attachment":[{"href":"https:\/\/www.axiomams.eu\/lv\/wp-json\/wp\/v2\/media?parent=39445"}],"wp:term":[{"taxonomy":"product_brand","embeddable":true,"href":"https:\/\/www.axiomams.eu\/lv\/wp-json\/wp\/v2\/product_brand?post=39445"},{"taxonomy":"product_cat","embeddable":true,"href":"https:\/\/www.axiomams.eu\/lv\/wp-json\/wp\/v2\/product_cat?post=39445"},{"taxonomy":"product_tag","embeddable":true,"href":"https:\/\/www.axiomams.eu\/lv\/wp-json\/wp\/v2\/product_tag?post=39445"}],"curies":[{"name":"wp","href":"https:\/\/api.w.org\/{rel}","templated":true}]}}