{"id":39446,"date":"2025-05-15T18:08:40","date_gmt":"2025-05-15T16:08:40","guid":{"rendered":"https:\/\/www.axiomams.eu\/produktas\/ndb-xdp-ii-dalejas-izlades-noteiksanas-un-analizes-ierice"},"modified":"2026-03-25T17:02:19","modified_gmt":"2026-03-25T15:02:19","slug":"ndb-xdp-ii-dalejas-izlades-noteiksanas-un-analizes-ierice","status":"publish","type":"product","link":"https:\/\/www.axiomams.eu\/lv\/produktas\/ndb-xdp-ii-dalejas-izlades-noteiksanas-un-analizes-ierice","title":{"rendered":"ndb XDP-II Da\u013c\u0113jas izl\u0101des noteik\u0161anas un anal\u012bzes ier\u012bce"},"content":{"rendered":"<p>ndb XDP-II ir ar akumulatoru darbin\u0101ma p\u0101rn\u0113s\u0101jama ier\u012bce, kas \u013cauj noteikt un analiz\u0113t da\u013c\u0113ju izl\u0101di. Dati tiek saglab\u0101ti t\u0101s iek\u0161\u0113j\u0101 atmi\u0146\u0101 viet\u0113jai vai turpm\u0101kai anal\u012bzei dator\u0101 XDP-SOFT. Savienojum\u0101 ar atbilsto\u0161iem piederumiem XDP-II k\u013c\u016bst par jaud\u012bgu risin\u0101jumu daudziem lietojumiem, piem\u0113ram, kabe\u013cu savienojumiem un l\u012bkumiem, sadales iek\u0101rt\u0101m, bezsaistes, akustiskaj\u0101m, TEV, rot\u0113jo\u0161\u0101m ma\u0161\u012bn\u0101m, transformatoriem utt.<\/p>\n<p>Dinamiskais diapazons: 60 dB<br \/>\nDatu uzglab\u0101\u0161ana: Vair\u0101k nek\u0101 380 ierakstu<br \/>\nPrecizit\u0101te: \u00b1 1 dB<br \/>\nIz\u0161\u0137irtsp\u0113ja: 1 dB<br \/>\nJoslas platums: 300 kHz &#8230; 70 MHz<br \/>\nDarb\u012bbas f\u0101zes sign\u0101la diapazons (50 Hz &#8230; 60 Hz): 50 mVrms &#8230; 700 mVrms.<br \/>\nJut\u012bba: 5pC, atkar\u012bb\u0101 no DUT kapacit\u0101tes<br \/>\nAutom\u0101tisk\u0101 izsl\u0113g\u0161an\u0101s: P\u0113c 30 neaktivit\u0101tes min\u016bt\u0113m<br \/>\nDarba temperat\u016bra: -20\u00b0C &#8230; 50\u00b0C<br \/>\nAizsardz\u012bba pret \u0161\u0137idrumiem: Aizsardz\u012bba pret \u0161\u013cakat\u0101m<br \/>\nDisplejs: LCD ekr\u0101ns ar augstu kontrasta izgaismojumu<br \/>\nAkumulatora darb\u012bbas laiks: 7,5 stundas<br \/>\nBaterijas: NiMH, uzl\u0101d\u0113jamas<br \/>\nUzl\u0101de: 3 stundas<br \/>\nIzm\u0113ri: 203 x 114 x 51 mm<br \/>\nSvars: 0,86 kg<\/p>\n<h3>Tehnisk\u0101 inform\u0101cija:<\/h3>\n<ul>\n<li><a href=\"https:\/\/axiomams.eu\/importer\/export\/attachments\/en\/ndb-xdp-ii.pdf\" target=\"_blank\">ndb XDP-II.pdf<\/a><\/li>\n<\/ul>\n","protected":false},"excerpt":{"rendered":"<p>ndb XDP-II ir ar akumulatoru darbin\u0101ma p\u0101rn\u0113s\u0101jama ier\u012bce, kas \u013cauj noteikt un analiz\u0113t da\u013c\u0113ju izl\u0101di. Dati tiek saglab\u0101ti t\u0101s iek\u0161\u0113j\u0101 atmi\u0146\u0101 viet\u0113jai vai turpm\u0101kai anal\u012bzei dator\u0101 XDP-SOFT. Savienojum\u0101 ar atbilsto\u0161iem piederumiem XDP-II k\u013c\u016bst par jaud\u012bgu risin\u0101jumu daudziem lietojumiem, piem\u0113ram, kabe\u013cu savienojumiem un l\u012bkumiem, sadales iek\u0101rt\u0101m, bezsaistes, akustiskaj\u0101m, TEV, rot\u0113jo\u0161\u0101m ma\u0161\u012bn\u0101m, transformatoriem utt. Dinamiskais diapazons: 60&#8230;<\/p>\n","protected":false},"featured_media":42619,"comment_status":"open","ping_status":"closed","template":"","meta":{"_acf_changed":false},"product_brand":[1767],"product_cat":[17713],"product_tag":[],"class_list":{"0":"post-39446","1":"product","2":"type-product","3":"status-publish","4":"has-post-thumbnail","6":"product_brand-ndb","7":"product_cat-elektroiekartu-testesanai-un-parbaudei","9":"first","10":"instock","11":"taxable","12":"shipping-taxable","13":"product-type-simple"},"acf":[],"yoast_head":"<!-- This site is optimized with the Yoast SEO plugin v27.0 - https:\/\/yoast.com\/product\/yoast-seo-wordpress\/ -->\n<title>ndb XDP-II Da\u013c\u0113jas izl\u0101des noteik\u0161anas un anal\u012bzes ier\u012bce - AXIOMA MS<\/title>\n<meta name=\"robots\" content=\"index, follow, max-snippet:-1, max-image-preview:large, max-video-preview:-1\" \/>\n<link rel=\"canonical\" href=\"https:\/\/www.axiomams.eu\/lv\/produktas\/ndb-xdp-ii-dalejas-izlades-noteiksanas-un-analizes-ierice\" \/>\n<meta property=\"og:locale\" content=\"lv_LV\" \/>\n<meta property=\"og:type\" content=\"article\" \/>\n<meta property=\"og:title\" content=\"ndb XDP-II Da\u013c\u0113jas izl\u0101des noteik\u0161anas un anal\u012bzes ier\u012bce - AXIOMA MS\" \/>\n<meta property=\"og:description\" content=\"ndb XDP-II ir ar akumulatoru darbin\u0101ma p\u0101rn\u0113s\u0101jama ier\u012bce, kas \u013cauj noteikt un analiz\u0113t da\u013c\u0113ju izl\u0101di. Dati tiek saglab\u0101ti t\u0101s iek\u0161\u0113j\u0101 atmi\u0146\u0101 viet\u0113jai vai turpm\u0101kai anal\u012bzei dator\u0101 XDP-SOFT. Savienojum\u0101 ar atbilsto\u0161iem piederumiem XDP-II k\u013c\u016bst par jaud\u012bgu risin\u0101jumu daudziem lietojumiem, piem\u0113ram, kabe\u013cu savienojumiem un l\u012bkumiem, sadales iek\u0101rt\u0101m, bezsaistes, akustiskaj\u0101m, TEV, rot\u0113jo\u0161\u0101m ma\u0161\u012bn\u0101m, transformatoriem utt. Dinamiskais diapazons: 60...\" \/>\n<meta property=\"og:url\" content=\"https:\/\/www.axiomams.eu\/lv\/produktas\/ndb-xdp-ii-dalejas-izlades-noteiksanas-un-analizes-ierice\" \/>\n<meta property=\"og:site_name\" content=\"AXIOMA MS\" \/>\n<meta property=\"article:publisher\" content=\"https:\/\/www.facebook.com\/AxiomaMS\" \/>\n<meta property=\"article:modified_time\" content=\"2026-03-25T15:02:19+00:00\" \/>\n<meta property=\"og:image\" content=\"https:\/\/www.axiomams.eu\/wp-content\/uploads\/2025\/07\/3012-3987.jpg\" \/>\n\t<meta property=\"og:image:width\" content=\"975\" \/>\n\t<meta property=\"og:image:height\" content=\"1000\" \/>\n\t<meta property=\"og:image:type\" content=\"image\/jpeg\" \/>\n<meta name=\"twitter:card\" content=\"summary_large_image\" \/>\n<meta name=\"twitter:label1\" content=\"Est. reading time\" \/>\n\t<meta name=\"twitter:data1\" content=\"1 minute\" \/>\n<script type=\"application\/ld+json\" class=\"yoast-schema-graph\">{\"@context\":\"https:\/\/schema.org\",\"@graph\":[{\"@type\":\"WebPage\",\"@id\":\"https:\/\/www.axiomams.eu\/lv\/produktas\/ndb-xdp-ii-dalejas-izlades-noteiksanas-un-analizes-ierice\",\"url\":\"https:\/\/www.axiomams.eu\/lv\/produktas\/ndb-xdp-ii-dalejas-izlades-noteiksanas-un-analizes-ierice\",\"name\":\"ndb XDP-II Da\u013c\u0113jas izl\u0101des noteik\u0161anas un anal\u012bzes ier\u012bce - AXIOMA MS\",\"isPartOf\":{\"@id\":\"https:\/\/www.axiomams.eu\/lv#website\"},\"primaryImageOfPage\":{\"@id\":\"https:\/\/www.axiomams.eu\/lv\/produktas\/ndb-xdp-ii-dalejas-izlades-noteiksanas-un-analizes-ierice#primaryimage\"},\"image\":{\"@id\":\"https:\/\/www.axiomams.eu\/lv\/produktas\/ndb-xdp-ii-dalejas-izlades-noteiksanas-un-analizes-ierice#primaryimage\"},\"thumbnailUrl\":\"https:\/\/www.axiomams.eu\/wp-content\/uploads\/2025\/07\/3012-3987.jpg\",\"datePublished\":\"2025-05-15T16:08:40+00:00\",\"dateModified\":\"2026-03-25T15:02:19+00:00\",\"breadcrumb\":{\"@id\":\"https:\/\/www.axiomams.eu\/lv\/produktas\/ndb-xdp-ii-dalejas-izlades-noteiksanas-un-analizes-ierice#breadcrumb\"},\"inLanguage\":\"lv-LV\",\"potentialAction\":[{\"@type\":\"ReadAction\",\"target\":[\"https:\/\/www.axiomams.eu\/lv\/produktas\/ndb-xdp-ii-dalejas-izlades-noteiksanas-un-analizes-ierice\"]}]},{\"@type\":\"ImageObject\",\"inLanguage\":\"lv-LV\",\"@id\":\"https:\/\/www.axiomams.eu\/lv\/produktas\/ndb-xdp-ii-dalejas-izlades-noteiksanas-un-analizes-ierice#primaryimage\",\"url\":\"https:\/\/www.axiomams.eu\/wp-content\/uploads\/2025\/07\/3012-3987.jpg\",\"contentUrl\":\"https:\/\/www.axiomams.eu\/wp-content\/uploads\/2025\/07\/3012-3987.jpg\",\"width\":975,\"height\":1000},{\"@type\":\"BreadcrumbList\",\"@id\":\"https:\/\/www.axiomams.eu\/lv\/produktas\/ndb-xdp-ii-dalejas-izlades-noteiksanas-un-analizes-ierice#breadcrumb\",\"itemListElement\":[{\"@type\":\"ListItem\",\"position\":1,\"name\":\"Home\",\"item\":\"https:\/\/www.axiomams.eu\/lv\"},{\"@type\":\"ListItem\",\"position\":2,\"name\":\"Produkti\",\"item\":\"https:\/\/www.axiomams.eu\/lv\/produkti\"},{\"@type\":\"ListItem\",\"position\":3,\"name\":\"ndb XDP-II Da\u013c\u0113jas izl\u0101des noteik\u0161anas un anal\u012bzes ier\u012bce\"}]},{\"@type\":\"WebSite\",\"@id\":\"https:\/\/www.axiomams.eu\/lv#website\",\"url\":\"https:\/\/www.axiomams.eu\/lv\",\"name\":\"AXIOMA MS\",\"description\":\"Terrmovizoriai ir matavimo \u012franga\",\"publisher\":{\"@id\":\"https:\/\/www.axiomams.eu\/lv#organization\"},\"potentialAction\":[{\"@type\":\"SearchAction\",\"target\":{\"@type\":\"EntryPoint\",\"urlTemplate\":\"https:\/\/www.axiomams.eu\/lv?s={search_term_string}\"},\"query-input\":{\"@type\":\"PropertyValueSpecification\",\"valueRequired\":true,\"valueName\":\"search_term_string\"}}],\"inLanguage\":\"lv-LV\"},{\"@type\":\"Organization\",\"@id\":\"https:\/\/www.axiomams.eu\/lv#organization\",\"name\":\"AXIOMA MS\",\"url\":\"https:\/\/www.axiomams.eu\/lv\",\"logo\":{\"@type\":\"ImageObject\",\"inLanguage\":\"lv-LV\",\"@id\":\"https:\/\/www.axiomams.eu\/lv#\/schema\/logo\/image\/\",\"url\":\"https:\/\/www.axiomams.eu\/wp-content\/uploads\/2025\/06\/axioma-logo-2.png\",\"contentUrl\":\"https:\/\/www.axiomams.eu\/wp-content\/uploads\/2025\/06\/axioma-logo-2.png\",\"width\":1200,\"height\":1200,\"caption\":\"AXIOMA MS\"},\"image\":{\"@id\":\"https:\/\/www.axiomams.eu\/lv#\/schema\/logo\/image\/\"},\"sameAs\":[\"https:\/\/www.facebook.com\/AxiomaMS\",\"https:\/\/www.linkedin.com\/company\/axiomams\/\"]}]}<\/script>\n<!-- \/ Yoast SEO plugin. -->","yoast_head_json":{"title":"ndb XDP-II Da\u013c\u0113jas izl\u0101des noteik\u0161anas un anal\u012bzes ier\u012bce - AXIOMA MS","robots":{"index":"index","follow":"follow","max-snippet":"max-snippet:-1","max-image-preview":"max-image-preview:large","max-video-preview":"max-video-preview:-1"},"canonical":"https:\/\/www.axiomams.eu\/lv\/produktas\/ndb-xdp-ii-dalejas-izlades-noteiksanas-un-analizes-ierice","og_locale":"lv_LV","og_type":"article","og_title":"ndb XDP-II Da\u013c\u0113jas izl\u0101des noteik\u0161anas un anal\u012bzes ier\u012bce - AXIOMA MS","og_description":"ndb XDP-II ir ar akumulatoru darbin\u0101ma p\u0101rn\u0113s\u0101jama ier\u012bce, kas \u013cauj noteikt un analiz\u0113t da\u013c\u0113ju izl\u0101di. Dati tiek saglab\u0101ti t\u0101s iek\u0161\u0113j\u0101 atmi\u0146\u0101 viet\u0113jai vai turpm\u0101kai anal\u012bzei dator\u0101 XDP-SOFT. Savienojum\u0101 ar atbilsto\u0161iem piederumiem XDP-II k\u013c\u016bst par jaud\u012bgu risin\u0101jumu daudziem lietojumiem, piem\u0113ram, kabe\u013cu savienojumiem un l\u012bkumiem, sadales iek\u0101rt\u0101m, bezsaistes, akustiskaj\u0101m, TEV, rot\u0113jo\u0161\u0101m ma\u0161\u012bn\u0101m, transformatoriem utt. Dinamiskais diapazons: 60...","og_url":"https:\/\/www.axiomams.eu\/lv\/produktas\/ndb-xdp-ii-dalejas-izlades-noteiksanas-un-analizes-ierice","og_site_name":"AXIOMA MS","article_publisher":"https:\/\/www.facebook.com\/AxiomaMS","article_modified_time":"2026-03-25T15:02:19+00:00","og_image":[{"width":975,"height":1000,"url":"https:\/\/www.axiomams.eu\/wp-content\/uploads\/2025\/07\/3012-3987.jpg","type":"image\/jpeg"}],"twitter_card":"summary_large_image","twitter_misc":{"Est. reading time":"1 minute"},"schema":{"@context":"https:\/\/schema.org","@graph":[{"@type":"WebPage","@id":"https:\/\/www.axiomams.eu\/lv\/produktas\/ndb-xdp-ii-dalejas-izlades-noteiksanas-un-analizes-ierice","url":"https:\/\/www.axiomams.eu\/lv\/produktas\/ndb-xdp-ii-dalejas-izlades-noteiksanas-un-analizes-ierice","name":"ndb XDP-II Da\u013c\u0113jas izl\u0101des noteik\u0161anas un anal\u012bzes ier\u012bce - AXIOMA MS","isPartOf":{"@id":"https:\/\/www.axiomams.eu\/lv#website"},"primaryImageOfPage":{"@id":"https:\/\/www.axiomams.eu\/lv\/produktas\/ndb-xdp-ii-dalejas-izlades-noteiksanas-un-analizes-ierice#primaryimage"},"image":{"@id":"https:\/\/www.axiomams.eu\/lv\/produktas\/ndb-xdp-ii-dalejas-izlades-noteiksanas-un-analizes-ierice#primaryimage"},"thumbnailUrl":"https:\/\/www.axiomams.eu\/wp-content\/uploads\/2025\/07\/3012-3987.jpg","datePublished":"2025-05-15T16:08:40+00:00","dateModified":"2026-03-25T15:02:19+00:00","breadcrumb":{"@id":"https:\/\/www.axiomams.eu\/lv\/produktas\/ndb-xdp-ii-dalejas-izlades-noteiksanas-un-analizes-ierice#breadcrumb"},"inLanguage":"lv-LV","potentialAction":[{"@type":"ReadAction","target":["https:\/\/www.axiomams.eu\/lv\/produktas\/ndb-xdp-ii-dalejas-izlades-noteiksanas-un-analizes-ierice"]}]},{"@type":"ImageObject","inLanguage":"lv-LV","@id":"https:\/\/www.axiomams.eu\/lv\/produktas\/ndb-xdp-ii-dalejas-izlades-noteiksanas-un-analizes-ierice#primaryimage","url":"https:\/\/www.axiomams.eu\/wp-content\/uploads\/2025\/07\/3012-3987.jpg","contentUrl":"https:\/\/www.axiomams.eu\/wp-content\/uploads\/2025\/07\/3012-3987.jpg","width":975,"height":1000},{"@type":"BreadcrumbList","@id":"https:\/\/www.axiomams.eu\/lv\/produktas\/ndb-xdp-ii-dalejas-izlades-noteiksanas-un-analizes-ierice#breadcrumb","itemListElement":[{"@type":"ListItem","position":1,"name":"Home","item":"https:\/\/www.axiomams.eu\/lv"},{"@type":"ListItem","position":2,"name":"Produkti","item":"https:\/\/www.axiomams.eu\/lv\/produkti"},{"@type":"ListItem","position":3,"name":"ndb XDP-II Da\u013c\u0113jas izl\u0101des noteik\u0161anas un anal\u012bzes ier\u012bce"}]},{"@type":"WebSite","@id":"https:\/\/www.axiomams.eu\/lv#website","url":"https:\/\/www.axiomams.eu\/lv","name":"AXIOMA MS","description":"Terrmovizoriai ir matavimo \u012franga","publisher":{"@id":"https:\/\/www.axiomams.eu\/lv#organization"},"potentialAction":[{"@type":"SearchAction","target":{"@type":"EntryPoint","urlTemplate":"https:\/\/www.axiomams.eu\/lv?s={search_term_string}"},"query-input":{"@type":"PropertyValueSpecification","valueRequired":true,"valueName":"search_term_string"}}],"inLanguage":"lv-LV"},{"@type":"Organization","@id":"https:\/\/www.axiomams.eu\/lv#organization","name":"AXIOMA MS","url":"https:\/\/www.axiomams.eu\/lv","logo":{"@type":"ImageObject","inLanguage":"lv-LV","@id":"https:\/\/www.axiomams.eu\/lv#\/schema\/logo\/image\/","url":"https:\/\/www.axiomams.eu\/wp-content\/uploads\/2025\/06\/axioma-logo-2.png","contentUrl":"https:\/\/www.axiomams.eu\/wp-content\/uploads\/2025\/06\/axioma-logo-2.png","width":1200,"height":1200,"caption":"AXIOMA MS"},"image":{"@id":"https:\/\/www.axiomams.eu\/lv#\/schema\/logo\/image\/"},"sameAs":["https:\/\/www.facebook.com\/AxiomaMS","https:\/\/www.linkedin.com\/company\/axiomams\/"]}]}},"_links":{"self":[{"href":"https:\/\/www.axiomams.eu\/lv\/wp-json\/wp\/v2\/product\/39446","targetHints":{"allow":["GET"]}}],"collection":[{"href":"https:\/\/www.axiomams.eu\/lv\/wp-json\/wp\/v2\/product"}],"about":[{"href":"https:\/\/www.axiomams.eu\/lv\/wp-json\/wp\/v2\/types\/product"}],"replies":[{"embeddable":true,"href":"https:\/\/www.axiomams.eu\/lv\/wp-json\/wp\/v2\/comments?post=39446"}],"wp:featuredmedia":[{"embeddable":true,"href":"https:\/\/www.axiomams.eu\/lv\/wp-json\/wp\/v2\/media\/42619"}],"wp:attachment":[{"href":"https:\/\/www.axiomams.eu\/lv\/wp-json\/wp\/v2\/media?parent=39446"}],"wp:term":[{"taxonomy":"product_brand","embeddable":true,"href":"https:\/\/www.axiomams.eu\/lv\/wp-json\/wp\/v2\/product_brand?post=39446"},{"taxonomy":"product_cat","embeddable":true,"href":"https:\/\/www.axiomams.eu\/lv\/wp-json\/wp\/v2\/product_cat?post=39446"},{"taxonomy":"product_tag","embeddable":true,"href":"https:\/\/www.axiomams.eu\/lv\/wp-json\/wp\/v2\/product_tag?post=39446"}],"curies":[{"name":"wp","href":"https:\/\/api.w.org\/{rel}","templated":true}]}}