{"id":39449,"date":"2025-05-15T18:08:44","date_gmt":"2025-05-15T16:08:44","guid":{"rendered":"https:\/\/www.axiomams.eu\/produktas\/ametek-xp3i-manometrs"},"modified":"2026-03-25T17:02:19","modified_gmt":"2026-03-25T15:02:19","slug":"ametek-xp3i-manometrs","status":"publish","type":"product","link":"https:\/\/www.axiomams.eu\/lv\/produktas\/ametek-xp3i-manometrs","title":{"rendered":"Ametek XP3i manometrs"},"content":{"rendered":"<p>Ametek XP3i manometrs &#8211; \u012bpa\u0161i iztur\u012bgs, pa\u0161dro\u0161s spiediena kalibrators, kas sertific\u0113ts lieto\u0161anai spr\u0101dzienb\u012bstam\u0101 vid\u0113.<\/p>\n<p><b>Feature:<\/b><br \/>\n&#8211; Bluetooth un USB C savienojumi<br \/>\n&#8211; M\u0113r\u012bjumu diapazoni l\u012bdz 700 b\u0101riem<br \/>\n&#8211; J\u016bras klases korpuss ir iztur\u012bgs pret koroziju<br \/>\n&#8211; Piem\u0113rots lieto\u0161anai spr\u0101dzienb\u012bstam\u0101 vid\u0113<br \/>\n&#8211; Augsts IP nov\u0113rt\u0113jums &#8211; IP67<br \/>\n&#8211; Precizit\u0101te netiek ietekm\u0113ta no -20 \u00b0C l\u012bdz 50 \u00b0C temperat\u016br\u0101<br \/>\n&#8211; \u0100trs spiediena dro\u0161\u012bbas v\u0101rsta (PSV) re\u017e\u012bms<br \/>\n&#8211; Viegli lietojams<br \/>\n&#8211; Ietver kalibr\u0113\u0161anas atg\u0101din\u0101jumus un br\u012bdin\u0101jumus<\/p>\n<p><b>Ar Bluetooth savienojumu var:<\/b><br \/>\n&#8211; Uzst\u0101d\u012bt XP3i gr\u016bti pieejam\u0101s viet\u0101s un izveidot savienojumu no dro\u0161as vietas.<br \/>\n&#8211; Izvair\u012bties no nelabv\u0113l\u012bgiem laikapst\u0101k\u013ciem, piesl\u0113dzoties pie XP3i no klimata kontrol\u0113t\u0101 biroj\u0101 vai automa\u0161\u012bn\u0101.<br \/>\n&#8211; Aizmirs\u0101t sakaru kabeli? Vai nav instal\u0113ti draiveri? Vai kabelis ir boj\u0101ts? Visas \u0161\u012bs probl\u0113mas nov\u0113r\u0161 Bluetooth savienojums.<\/p>\n<p><iframe loading=\"lazy\" width=\"560\" height=\"315\" src=\"https:\/\/www.youtube.com\/embed\/G6UZDbaLLKM?si=p_K-OiqOFPlWQxH5\" title=\"YouTube video atska\u0146ot\u0101js\" frameborder=\"0\" allow=\"accelerometer; autoplay; clipboard-write; encrypted-media; gyroscope; picture-in-picture; web-share\" referrerpolicy=\"strict-origin-when-cross-origin\" allowfullscreen><\/iframe><\/p>\n<h3>Tehnisk\u0101 inform\u0101cija:<\/h3>\n<ul>\n<li><a href=\"https:\/\/axiomams.eu\/importer\/export\/attachments\/en\/ametek-xp3i.pdf\" target=\"_blank\">Ametek XP3i.pdf<\/a><\/li>\n<\/ul>\n","protected":false},"excerpt":{"rendered":"<p>Ametek XP3i manometrs &#8211; \u012bpa\u0161i iztur\u012bgs, pa\u0161dro\u0161s spiediena kalibrators, kas sertific\u0113ts lieto\u0161anai spr\u0101dzienb\u012bstam\u0101 vid\u0113. Feature: &#8211; Bluetooth un USB C savienojumi &#8211; M\u0113r\u012bjumu diapazoni l\u012bdz 700 b\u0101riem &#8211; J\u016bras klases korpuss ir iztur\u012bgs pret koroziju &#8211; Piem\u0113rots lieto\u0161anai spr\u0101dzienb\u012bstam\u0101 vid\u0113 &#8211; Augsts IP nov\u0113rt\u0113jums &#8211; IP67 &#8211; Precizit\u0101te netiek ietekm\u0113ta no -20 \u00b0C l\u012bdz 50&#8230;<\/p>\n","protected":false},"featured_media":42625,"comment_status":"open","ping_status":"closed","template":"","meta":{"_acf_changed":false},"product_brand":[1202],"product_cat":[17746],"product_tag":[],"class_list":{"0":"post-39449","1":"product","2":"type-product","3":"status-publish","4":"has-post-thumbnail","6":"product_brand-ametek","7":"product_cat-limena-spiediena-un-temperaturas-merijumiem","9":"first","10":"instock","11":"taxable","12":"shipping-taxable","13":"product-type-simple"},"acf":[],"yoast_head":"<!-- This site is optimized with the Yoast SEO plugin v27.0 - https:\/\/yoast.com\/product\/yoast-seo-wordpress\/ -->\n<title>Ametek XP3i manometrs - AXIOMA MS<\/title>\n<meta name=\"robots\" content=\"index, follow, max-snippet:-1, max-image-preview:large, max-video-preview:-1\" \/>\n<link rel=\"canonical\" href=\"https:\/\/www.axiomams.eu\/lv\/produktas\/ametek-xp3i-manometrs\" \/>\n<meta property=\"og:locale\" content=\"lv_LV\" \/>\n<meta property=\"og:type\" content=\"article\" \/>\n<meta property=\"og:title\" content=\"Ametek XP3i manometrs - AXIOMA MS\" \/>\n<meta property=\"og:description\" content=\"Ametek XP3i manometrs &#8211; \u012bpa\u0161i iztur\u012bgs, pa\u0161dro\u0161s spiediena kalibrators, kas sertific\u0113ts lieto\u0161anai spr\u0101dzienb\u012bstam\u0101 vid\u0113. Feature: &#8211; Bluetooth un USB C savienojumi &#8211; M\u0113r\u012bjumu diapazoni l\u012bdz 700 b\u0101riem &#8211; J\u016bras klases korpuss ir iztur\u012bgs pret koroziju &#8211; Piem\u0113rots lieto\u0161anai spr\u0101dzienb\u012bstam\u0101 vid\u0113 &#8211; Augsts IP nov\u0113rt\u0113jums &#8211; IP67 &#8211; Precizit\u0101te netiek ietekm\u0113ta no -20 \u00b0C l\u012bdz 50...\" \/>\n<meta property=\"og:url\" content=\"https:\/\/www.axiomams.eu\/lv\/produktas\/ametek-xp3i-manometrs\" \/>\n<meta property=\"og:site_name\" content=\"AXIOMA MS\" \/>\n<meta property=\"article:publisher\" content=\"https:\/\/www.facebook.com\/AxiomaMS\" \/>\n<meta property=\"article:modified_time\" content=\"2026-03-25T15:02:19+00:00\" \/>\n<meta property=\"og:image\" content=\"https:\/\/www.axiomams.eu\/wp-content\/uploads\/2025\/07\/3560-4858.jpg\" \/>\n\t<meta property=\"og:image:width\" content=\"1013\" \/>\n\t<meta property=\"og:image:height\" content=\"1020\" \/>\n\t<meta property=\"og:image:type\" content=\"image\/jpeg\" \/>\n<meta name=\"twitter:card\" content=\"summary_large_image\" \/>\n<meta name=\"twitter:label1\" content=\"Est. reading time\" \/>\n\t<meta name=\"twitter:data1\" content=\"1 minute\" \/>\n<script type=\"application\/ld+json\" class=\"yoast-schema-graph\">{\"@context\":\"https:\/\/schema.org\",\"@graph\":[{\"@type\":\"WebPage\",\"@id\":\"https:\/\/www.axiomams.eu\/lv\/produktas\/ametek-xp3i-manometrs\",\"url\":\"https:\/\/www.axiomams.eu\/lv\/produktas\/ametek-xp3i-manometrs\",\"name\":\"Ametek XP3i manometrs - AXIOMA MS\",\"isPartOf\":{\"@id\":\"https:\/\/www.axiomams.eu\/lv#website\"},\"primaryImageOfPage\":{\"@id\":\"https:\/\/www.axiomams.eu\/lv\/produktas\/ametek-xp3i-manometrs#primaryimage\"},\"image\":{\"@id\":\"https:\/\/www.axiomams.eu\/lv\/produktas\/ametek-xp3i-manometrs#primaryimage\"},\"thumbnailUrl\":\"https:\/\/www.axiomams.eu\/wp-content\/uploads\/2025\/07\/3560-4858.jpg\",\"datePublished\":\"2025-05-15T16:08:44+00:00\",\"dateModified\":\"2026-03-25T15:02:19+00:00\",\"breadcrumb\":{\"@id\":\"https:\/\/www.axiomams.eu\/lv\/produktas\/ametek-xp3i-manometrs#breadcrumb\"},\"inLanguage\":\"lv-LV\",\"potentialAction\":[{\"@type\":\"ReadAction\",\"target\":[\"https:\/\/www.axiomams.eu\/lv\/produktas\/ametek-xp3i-manometrs\"]}]},{\"@type\":\"ImageObject\",\"inLanguage\":\"lv-LV\",\"@id\":\"https:\/\/www.axiomams.eu\/lv\/produktas\/ametek-xp3i-manometrs#primaryimage\",\"url\":\"https:\/\/www.axiomams.eu\/wp-content\/uploads\/2025\/07\/3560-4858.jpg\",\"contentUrl\":\"https:\/\/www.axiomams.eu\/wp-content\/uploads\/2025\/07\/3560-4858.jpg\",\"width\":1013,\"height\":1020},{\"@type\":\"BreadcrumbList\",\"@id\":\"https:\/\/www.axiomams.eu\/lv\/produktas\/ametek-xp3i-manometrs#breadcrumb\",\"itemListElement\":[{\"@type\":\"ListItem\",\"position\":1,\"name\":\"Home\",\"item\":\"https:\/\/www.axiomams.eu\/lv\"},{\"@type\":\"ListItem\",\"position\":2,\"name\":\"Produkti\",\"item\":\"https:\/\/www.axiomams.eu\/lv\/produkti\"},{\"@type\":\"ListItem\",\"position\":3,\"name\":\"Ametek XP3i manometrs\"}]},{\"@type\":\"WebSite\",\"@id\":\"https:\/\/www.axiomams.eu\/lv#website\",\"url\":\"https:\/\/www.axiomams.eu\/lv\",\"name\":\"AXIOMA MS\",\"description\":\"Terrmovizoriai ir matavimo \u012franga\",\"publisher\":{\"@id\":\"https:\/\/www.axiomams.eu\/lv#organization\"},\"potentialAction\":[{\"@type\":\"SearchAction\",\"target\":{\"@type\":\"EntryPoint\",\"urlTemplate\":\"https:\/\/www.axiomams.eu\/lv?s={search_term_string}\"},\"query-input\":{\"@type\":\"PropertyValueSpecification\",\"valueRequired\":true,\"valueName\":\"search_term_string\"}}],\"inLanguage\":\"lv-LV\"},{\"@type\":\"Organization\",\"@id\":\"https:\/\/www.axiomams.eu\/lv#organization\",\"name\":\"AXIOMA MS\",\"url\":\"https:\/\/www.axiomams.eu\/lv\",\"logo\":{\"@type\":\"ImageObject\",\"inLanguage\":\"lv-LV\",\"@id\":\"https:\/\/www.axiomams.eu\/lv#\/schema\/logo\/image\/\",\"url\":\"https:\/\/www.axiomams.eu\/wp-content\/uploads\/2025\/06\/axioma-logo-2.png\",\"contentUrl\":\"https:\/\/www.axiomams.eu\/wp-content\/uploads\/2025\/06\/axioma-logo-2.png\",\"width\":1200,\"height\":1200,\"caption\":\"AXIOMA MS\"},\"image\":{\"@id\":\"https:\/\/www.axiomams.eu\/lv#\/schema\/logo\/image\/\"},\"sameAs\":[\"https:\/\/www.facebook.com\/AxiomaMS\",\"https:\/\/www.linkedin.com\/company\/axiomams\/\"]}]}<\/script>\n<!-- \/ Yoast SEO plugin. -->","yoast_head_json":{"title":"Ametek XP3i manometrs - AXIOMA MS","robots":{"index":"index","follow":"follow","max-snippet":"max-snippet:-1","max-image-preview":"max-image-preview:large","max-video-preview":"max-video-preview:-1"},"canonical":"https:\/\/www.axiomams.eu\/lv\/produktas\/ametek-xp3i-manometrs","og_locale":"lv_LV","og_type":"article","og_title":"Ametek XP3i manometrs - AXIOMA MS","og_description":"Ametek XP3i manometrs &#8211; \u012bpa\u0161i iztur\u012bgs, pa\u0161dro\u0161s spiediena kalibrators, kas sertific\u0113ts lieto\u0161anai spr\u0101dzienb\u012bstam\u0101 vid\u0113. Feature: &#8211; Bluetooth un USB C savienojumi &#8211; M\u0113r\u012bjumu diapazoni l\u012bdz 700 b\u0101riem &#8211; J\u016bras klases korpuss ir iztur\u012bgs pret koroziju &#8211; Piem\u0113rots lieto\u0161anai spr\u0101dzienb\u012bstam\u0101 vid\u0113 &#8211; Augsts IP nov\u0113rt\u0113jums &#8211; IP67 &#8211; Precizit\u0101te netiek ietekm\u0113ta no -20 \u00b0C l\u012bdz 50...","og_url":"https:\/\/www.axiomams.eu\/lv\/produktas\/ametek-xp3i-manometrs","og_site_name":"AXIOMA MS","article_publisher":"https:\/\/www.facebook.com\/AxiomaMS","article_modified_time":"2026-03-25T15:02:19+00:00","og_image":[{"width":1013,"height":1020,"url":"https:\/\/www.axiomams.eu\/wp-content\/uploads\/2025\/07\/3560-4858.jpg","type":"image\/jpeg"}],"twitter_card":"summary_large_image","twitter_misc":{"Est. reading time":"1 minute"},"schema":{"@context":"https:\/\/schema.org","@graph":[{"@type":"WebPage","@id":"https:\/\/www.axiomams.eu\/lv\/produktas\/ametek-xp3i-manometrs","url":"https:\/\/www.axiomams.eu\/lv\/produktas\/ametek-xp3i-manometrs","name":"Ametek XP3i manometrs - AXIOMA MS","isPartOf":{"@id":"https:\/\/www.axiomams.eu\/lv#website"},"primaryImageOfPage":{"@id":"https:\/\/www.axiomams.eu\/lv\/produktas\/ametek-xp3i-manometrs#primaryimage"},"image":{"@id":"https:\/\/www.axiomams.eu\/lv\/produktas\/ametek-xp3i-manometrs#primaryimage"},"thumbnailUrl":"https:\/\/www.axiomams.eu\/wp-content\/uploads\/2025\/07\/3560-4858.jpg","datePublished":"2025-05-15T16:08:44+00:00","dateModified":"2026-03-25T15:02:19+00:00","breadcrumb":{"@id":"https:\/\/www.axiomams.eu\/lv\/produktas\/ametek-xp3i-manometrs#breadcrumb"},"inLanguage":"lv-LV","potentialAction":[{"@type":"ReadAction","target":["https:\/\/www.axiomams.eu\/lv\/produktas\/ametek-xp3i-manometrs"]}]},{"@type":"ImageObject","inLanguage":"lv-LV","@id":"https:\/\/www.axiomams.eu\/lv\/produktas\/ametek-xp3i-manometrs#primaryimage","url":"https:\/\/www.axiomams.eu\/wp-content\/uploads\/2025\/07\/3560-4858.jpg","contentUrl":"https:\/\/www.axiomams.eu\/wp-content\/uploads\/2025\/07\/3560-4858.jpg","width":1013,"height":1020},{"@type":"BreadcrumbList","@id":"https:\/\/www.axiomams.eu\/lv\/produktas\/ametek-xp3i-manometrs#breadcrumb","itemListElement":[{"@type":"ListItem","position":1,"name":"Home","item":"https:\/\/www.axiomams.eu\/lv"},{"@type":"ListItem","position":2,"name":"Produkti","item":"https:\/\/www.axiomams.eu\/lv\/produkti"},{"@type":"ListItem","position":3,"name":"Ametek XP3i manometrs"}]},{"@type":"WebSite","@id":"https:\/\/www.axiomams.eu\/lv#website","url":"https:\/\/www.axiomams.eu\/lv","name":"AXIOMA MS","description":"Terrmovizoriai ir matavimo \u012franga","publisher":{"@id":"https:\/\/www.axiomams.eu\/lv#organization"},"potentialAction":[{"@type":"SearchAction","target":{"@type":"EntryPoint","urlTemplate":"https:\/\/www.axiomams.eu\/lv?s={search_term_string}"},"query-input":{"@type":"PropertyValueSpecification","valueRequired":true,"valueName":"search_term_string"}}],"inLanguage":"lv-LV"},{"@type":"Organization","@id":"https:\/\/www.axiomams.eu\/lv#organization","name":"AXIOMA MS","url":"https:\/\/www.axiomams.eu\/lv","logo":{"@type":"ImageObject","inLanguage":"lv-LV","@id":"https:\/\/www.axiomams.eu\/lv#\/schema\/logo\/image\/","url":"https:\/\/www.axiomams.eu\/wp-content\/uploads\/2025\/06\/axioma-logo-2.png","contentUrl":"https:\/\/www.axiomams.eu\/wp-content\/uploads\/2025\/06\/axioma-logo-2.png","width":1200,"height":1200,"caption":"AXIOMA MS"},"image":{"@id":"https:\/\/www.axiomams.eu\/lv#\/schema\/logo\/image\/"},"sameAs":["https:\/\/www.facebook.com\/AxiomaMS","https:\/\/www.linkedin.com\/company\/axiomams\/"]}]}},"_links":{"self":[{"href":"https:\/\/www.axiomams.eu\/lv\/wp-json\/wp\/v2\/product\/39449","targetHints":{"allow":["GET"]}}],"collection":[{"href":"https:\/\/www.axiomams.eu\/lv\/wp-json\/wp\/v2\/product"}],"about":[{"href":"https:\/\/www.axiomams.eu\/lv\/wp-json\/wp\/v2\/types\/product"}],"replies":[{"embeddable":true,"href":"https:\/\/www.axiomams.eu\/lv\/wp-json\/wp\/v2\/comments?post=39449"}],"wp:featuredmedia":[{"embeddable":true,"href":"https:\/\/www.axiomams.eu\/lv\/wp-json\/wp\/v2\/media\/42625"}],"wp:attachment":[{"href":"https:\/\/www.axiomams.eu\/lv\/wp-json\/wp\/v2\/media?parent=39449"}],"wp:term":[{"taxonomy":"product_brand","embeddable":true,"href":"https:\/\/www.axiomams.eu\/lv\/wp-json\/wp\/v2\/product_brand?post=39449"},{"taxonomy":"product_cat","embeddable":true,"href":"https:\/\/www.axiomams.eu\/lv\/wp-json\/wp\/v2\/product_cat?post=39449"},{"taxonomy":"product_tag","embeddable":true,"href":"https:\/\/www.axiomams.eu\/lv\/wp-json\/wp\/v2\/product_tag?post=39449"}],"curies":[{"name":"wp","href":"https:\/\/api.w.org\/{rel}","templated":true}]}}