{"id":39467,"date":"2025-09-10T15:34:41","date_gmt":"2025-09-10T13:34:41","guid":{"rendered":"https:\/\/www.axiomams.eu\/produktas\/testo-310-ii-dumgazu-analizators-0563-3104"},"modified":"2026-03-25T17:02:26","modified_gmt":"2026-03-25T15:02:26","slug":"testo-310-ii-dumgazu-analizators-0563-3104","status":"publish","type":"product","link":"https:\/\/www.axiomams.eu\/lv\/produktas\/testo-310-ii-dumgazu-analizators-0563-3104","title":{"rendered":"Testo 310 II d\u016bmg\u0101zu analizators (0563 3104)"},"content":{"rendered":"<p><b>Visu galveno parametru visaptvero\u0161a uzraudz\u012bba re\u0101llaik\u0101<\/b><br \/>\nVienlaikus m\u0113ra un par\u0101da visus svar\u012bg\u0101kos parametrus, tostarp O\u2082, CO, CO\u2082, d\u016bmg\u0101zu temperat\u016bru, apk\u0101rt\u0113j\u0101s vides temperat\u016bru, vides CO l\u012bmeni, vilkmi un spiedienu. Viegli konfigur\u0113jiet displeju, izmantojot testo Smart App.<\/p>\n<p><b>Papla\u0161in\u0101tas m\u0113r\u012bjumu iesp\u0113jas, izmantojot testo Smart App<\/b><br \/>\nVeiciet papildu m\u0113r\u012bjumus re\u0101laj\u0101 laik\u0101, izmantojot testo Smart App, piem\u0113ram, g\u0101zes pl\u016bsmas spiedienu, pl\u016bsmas temperat\u016bru un atgrie\u0161an\u0101s temperat\u016bru.<\/p>\n<p><b>Pieroc\u012bga un intuit\u012bva lieto\u0161ana<\/b><br \/>\nIzbaudiet vienk\u0101r\u0161u, intuit\u012bvu izv\u0113lnes navig\u0101ciju, kas paredz\u0113ta \u0101trai iestat\u012b\u0161anai un efekt\u012bvai lieto\u0161anai.<\/p>\n<p><b>Nevainojama digit\u0101l\u0101 dokument\u0101cija un datu p\u0101rvald\u012bba<\/b><br \/>\nDigit\u0101li re\u0123istr\u0113jiet, p\u0101rs\u016btiet un organiz\u0113jiet m\u0113r\u012bjumu datus un inform\u0101ciju par klientiem, izmantojot testo Smart lietotni, lai racionaliz\u0113tu p\u0101rskatu snieg\u0161anu un p\u0101rvald\u012bbu.<\/p>\n<p><b>Nodro\u0161in\u0101ts m\u0113r\u012bjumu risin\u0101jums apkures montieriem un tehni\u0137iem<\/b><br \/>\nSpeci\u0101listiem, kas nodarbojas ar karst\u0101 \u016bdens un dz\u012bvojamo \u0113ku apkures sist\u0113mu nodo\u0161anu ekspluat\u0101cij\u0101 un apkopi, ir nepiecie\u0161ams uzticams un prec\u012bzs m\u0113rinstruments. Jaunais testo 310 II ir \u012bpa\u0161i izstr\u0101d\u0101ts, lai apmierin\u0101tu \u0161\u012bs vajadz\u012bbas, pied\u0101v\u0101jot stabilu veiktsp\u0113ju un vieglu lieto\u0161anu svar\u012bgiem uzdevumiem, piem\u0113ram, d\u016bmg\u0101zu anal\u012bzei.<\/p>\n<p><b>Efekt\u012bgs atbalsts ikdienas m\u0113r\u012bjumu uzdevumu veik\u0161anai<\/b><br \/>\nAr testo 310 II apkures tehni\u0137i var racionaliz\u0113t savu ikdienas darbu. Tas nodro\u0161ina m\u0113r\u0137tiec\u012bgu atbalstu ikdienas m\u0113r\u012b\u0161anas proced\u016br\u0101m, pal\u012bdzot lietot\u0101jiem \u0101tr\u0101k, prec\u012bz\u0101k un ar liel\u0101ku p\u0101rliec\u012bbu veikt savus darbus.<\/p>\n<p>Standarta komplekts: testo 310 II d\u016bmg\u0101zu analizators, akumulators, kalibr\u0113\u0161anas protokols, zonde, silikona \u0161\u013c\u016btene, da\u013ci\u0146u filtri, apvalks.<br \/>\nKods: 0563 3104<\/p>\n<p><iframe loading=\"lazy\" width=\"560\" height=\"315\" src=\"https:\/\/www.youtube.com\/embed\/Lef96RdDzB8?si=JHyVIwHIVq7OStQy\" title=\"YouTube video atska\u0146ot\u0101js\" frameborder=\"0\" allow=\"accelerometer; autoplay; clipboard-write; encrypted-media; gyroscope; picture-in-picture; web-share\" referrerpolicy=\"strict-origin-when-cross-origin\" allowfullscreen><\/iframe><\/p>\n<p><iframe loading=\"lazy\" width=\"560\" height=\"315\" src=\"https:\/\/www.youtube.com\/embed\/7molZdzucM4?si=HYO8Gglkil_L488J\" title=\"YouTube video atska\u0146ot\u0101js\" frameborder=\"0\" allow=\"accelerometer; autoplay; clipboard-write; encrypted-media; gyroscope; picture-in-picture; web-share\" referrerpolicy=\"strict-origin-when-cross-origin\" allowfullscreen><\/iframe><\/p>\n<h3>Tehnisk\u0101 inform\u0101cija:<\/h3>\n<ul>\n<li><a href=\"https:\/\/axiomams.eu\/importer\/export\/attachments\/en\/testo-310-ii.pdf\" target=\"_blank\">testo 310 II.pdf<\/a><\/li>\n<\/ul>\n","protected":false},"excerpt":{"rendered":"<p>Visu galveno parametru visaptvero\u0161a uzraudz\u012bba re\u0101llaik\u0101 Vienlaikus m\u0113ra un par\u0101da visus svar\u012bg\u0101kos parametrus, tostarp O\u2082, CO, CO\u2082, d\u016bmg\u0101zu temperat\u016bru, apk\u0101rt\u0113j\u0101s vides temperat\u016bru, vides CO l\u012bmeni, vilkmi un spiedienu. Viegli konfigur\u0113jiet displeju, izmantojot testo Smart App. Papla\u0161in\u0101tas m\u0113r\u012bjumu iesp\u0113jas, izmantojot testo Smart App Veiciet papildu m\u0113r\u012bjumus re\u0101laj\u0101 laik\u0101, izmantojot testo Smart App, piem\u0113ram, g\u0101zes pl\u016bsmas spiedienu,&#8230;<\/p>\n","protected":false},"featured_media":42647,"comment_status":"open","ping_status":"closed","template":"","meta":{"_acf_changed":false},"product_brand":[735],"product_cat":[17763],"product_tag":[],"class_list":{"0":"post-39467","1":"product","2":"type-product","3":"status-publish","4":"has-post-thumbnail","6":"product_brand-testo","7":"product_cat-gazu-un-dumu-analizei","9":"first","10":"instock","11":"taxable","12":"shipping-taxable","13":"purchasable","14":"product-type-simple"},"acf":[],"yoast_head":"<!-- This site is optimized with the Yoast SEO plugin v27.0 - https:\/\/yoast.com\/product\/yoast-seo-wordpress\/ -->\n<title>Testo 310 II d\u016bmg\u0101zu analizators (0563 3104) - AXIOMA MS<\/title>\n<meta name=\"robots\" content=\"index, follow, max-snippet:-1, max-image-preview:large, max-video-preview:-1\" \/>\n<link rel=\"canonical\" href=\"https:\/\/www.axiomams.eu\/lv\/produktas\/testo-310-ii-dumgazu-analizators-0563-3104\" \/>\n<meta property=\"og:locale\" content=\"lv_LV\" \/>\n<meta property=\"og:type\" content=\"article\" \/>\n<meta property=\"og:title\" content=\"Testo 310 II d\u016bmg\u0101zu analizators (0563 3104) - AXIOMA MS\" \/>\n<meta property=\"og:description\" content=\"Visu galveno parametru visaptvero\u0161a uzraudz\u012bba re\u0101llaik\u0101 Vienlaikus m\u0113ra un par\u0101da visus svar\u012bg\u0101kos parametrus, tostarp O\u2082, CO, CO\u2082, d\u016bmg\u0101zu temperat\u016bru, apk\u0101rt\u0113j\u0101s vides temperat\u016bru, vides CO l\u012bmeni, vilkmi un spiedienu. Viegli konfigur\u0113jiet displeju, izmantojot testo Smart App. Papla\u0161in\u0101tas m\u0113r\u012bjumu iesp\u0113jas, izmantojot testo Smart App Veiciet papildu m\u0113r\u012bjumus re\u0101laj\u0101 laik\u0101, izmantojot testo Smart App, piem\u0113ram, g\u0101zes pl\u016bsmas spiedienu,...\" \/>\n<meta property=\"og:url\" content=\"https:\/\/www.axiomams.eu\/lv\/produktas\/testo-310-ii-dumgazu-analizators-0563-3104\" \/>\n<meta property=\"og:site_name\" content=\"AXIOMA MS\" \/>\n<meta property=\"article:publisher\" content=\"https:\/\/www.facebook.com\/AxiomaMS\" \/>\n<meta property=\"article:modified_time\" content=\"2026-03-25T15:02:26+00:00\" \/>\n<meta property=\"og:image\" content=\"https:\/\/www.axiomams.eu\/wp-content\/uploads\/2025\/09\/4661-6161.jpg\" \/>\n\t<meta property=\"og:image:width\" content=\"800\" \/>\n\t<meta property=\"og:image:height\" content=\"800\" \/>\n\t<meta property=\"og:image:type\" content=\"image\/jpeg\" \/>\n<meta name=\"twitter:card\" content=\"summary_large_image\" \/>\n<meta name=\"twitter:label1\" content=\"Est. reading time\" \/>\n\t<meta name=\"twitter:data1\" content=\"2 minutes\" \/>\n<script type=\"application\/ld+json\" class=\"yoast-schema-graph\">{\"@context\":\"https:\/\/schema.org\",\"@graph\":[{\"@type\":\"WebPage\",\"@id\":\"https:\/\/www.axiomams.eu\/lv\/produktas\/testo-310-ii-dumgazu-analizators-0563-3104\",\"url\":\"https:\/\/www.axiomams.eu\/lv\/produktas\/testo-310-ii-dumgazu-analizators-0563-3104\",\"name\":\"Testo 310 II d\u016bmg\u0101zu analizators (0563 3104) - AXIOMA MS\",\"isPartOf\":{\"@id\":\"https:\/\/www.axiomams.eu\/lv#website\"},\"primaryImageOfPage\":{\"@id\":\"https:\/\/www.axiomams.eu\/lv\/produktas\/testo-310-ii-dumgazu-analizators-0563-3104#primaryimage\"},\"image\":{\"@id\":\"https:\/\/www.axiomams.eu\/lv\/produktas\/testo-310-ii-dumgazu-analizators-0563-3104#primaryimage\"},\"thumbnailUrl\":\"https:\/\/www.axiomams.eu\/wp-content\/uploads\/2025\/09\/4661-6161.jpg\",\"datePublished\":\"2025-09-10T13:34:41+00:00\",\"dateModified\":\"2026-03-25T15:02:26+00:00\",\"breadcrumb\":{\"@id\":\"https:\/\/www.axiomams.eu\/lv\/produktas\/testo-310-ii-dumgazu-analizators-0563-3104#breadcrumb\"},\"inLanguage\":\"lv-LV\",\"potentialAction\":[{\"@type\":\"ReadAction\",\"target\":[\"https:\/\/www.axiomams.eu\/lv\/produktas\/testo-310-ii-dumgazu-analizators-0563-3104\"]}]},{\"@type\":\"ImageObject\",\"inLanguage\":\"lv-LV\",\"@id\":\"https:\/\/www.axiomams.eu\/lv\/produktas\/testo-310-ii-dumgazu-analizators-0563-3104#primaryimage\",\"url\":\"https:\/\/www.axiomams.eu\/wp-content\/uploads\/2025\/09\/4661-6161.jpg\",\"contentUrl\":\"https:\/\/www.axiomams.eu\/wp-content\/uploads\/2025\/09\/4661-6161.jpg\",\"width\":800,\"height\":800},{\"@type\":\"BreadcrumbList\",\"@id\":\"https:\/\/www.axiomams.eu\/lv\/produktas\/testo-310-ii-dumgazu-analizators-0563-3104#breadcrumb\",\"itemListElement\":[{\"@type\":\"ListItem\",\"position\":1,\"name\":\"Home\",\"item\":\"https:\/\/www.axiomams.eu\/lv\"},{\"@type\":\"ListItem\",\"position\":2,\"name\":\"Produkti\",\"item\":\"https:\/\/www.axiomams.eu\/lv\/produkti\"},{\"@type\":\"ListItem\",\"position\":3,\"name\":\"Testo 310 II d\u016bmg\u0101zu analizators (0563 3104)\"}]},{\"@type\":\"WebSite\",\"@id\":\"https:\/\/www.axiomams.eu\/lv#website\",\"url\":\"https:\/\/www.axiomams.eu\/lv\",\"name\":\"AXIOMA MS\",\"description\":\"Terrmovizoriai ir matavimo \u012franga\",\"publisher\":{\"@id\":\"https:\/\/www.axiomams.eu\/lv#organization\"},\"potentialAction\":[{\"@type\":\"SearchAction\",\"target\":{\"@type\":\"EntryPoint\",\"urlTemplate\":\"https:\/\/www.axiomams.eu\/lv?s={search_term_string}\"},\"query-input\":{\"@type\":\"PropertyValueSpecification\",\"valueRequired\":true,\"valueName\":\"search_term_string\"}}],\"inLanguage\":\"lv-LV\"},{\"@type\":\"Organization\",\"@id\":\"https:\/\/www.axiomams.eu\/lv#organization\",\"name\":\"AXIOMA MS\",\"url\":\"https:\/\/www.axiomams.eu\/lv\",\"logo\":{\"@type\":\"ImageObject\",\"inLanguage\":\"lv-LV\",\"@id\":\"https:\/\/www.axiomams.eu\/lv#\/schema\/logo\/image\/\",\"url\":\"https:\/\/www.axiomams.eu\/wp-content\/uploads\/2025\/06\/axioma-logo-2.png\",\"contentUrl\":\"https:\/\/www.axiomams.eu\/wp-content\/uploads\/2025\/06\/axioma-logo-2.png\",\"width\":1200,\"height\":1200,\"caption\":\"AXIOMA MS\"},\"image\":{\"@id\":\"https:\/\/www.axiomams.eu\/lv#\/schema\/logo\/image\/\"},\"sameAs\":[\"https:\/\/www.facebook.com\/AxiomaMS\",\"https:\/\/www.linkedin.com\/company\/axiomams\/\"]}]}<\/script>\n<!-- \/ Yoast SEO plugin. -->","yoast_head_json":{"title":"Testo 310 II d\u016bmg\u0101zu analizators (0563 3104) - AXIOMA MS","robots":{"index":"index","follow":"follow","max-snippet":"max-snippet:-1","max-image-preview":"max-image-preview:large","max-video-preview":"max-video-preview:-1"},"canonical":"https:\/\/www.axiomams.eu\/lv\/produktas\/testo-310-ii-dumgazu-analizators-0563-3104","og_locale":"lv_LV","og_type":"article","og_title":"Testo 310 II d\u016bmg\u0101zu analizators (0563 3104) - AXIOMA MS","og_description":"Visu galveno parametru visaptvero\u0161a uzraudz\u012bba re\u0101llaik\u0101 Vienlaikus m\u0113ra un par\u0101da visus svar\u012bg\u0101kos parametrus, tostarp O\u2082, CO, CO\u2082, d\u016bmg\u0101zu temperat\u016bru, apk\u0101rt\u0113j\u0101s vides temperat\u016bru, vides CO l\u012bmeni, vilkmi un spiedienu. Viegli konfigur\u0113jiet displeju, izmantojot testo Smart App. Papla\u0161in\u0101tas m\u0113r\u012bjumu iesp\u0113jas, izmantojot testo Smart App Veiciet papildu m\u0113r\u012bjumus re\u0101laj\u0101 laik\u0101, izmantojot testo Smart App, piem\u0113ram, g\u0101zes pl\u016bsmas spiedienu,...","og_url":"https:\/\/www.axiomams.eu\/lv\/produktas\/testo-310-ii-dumgazu-analizators-0563-3104","og_site_name":"AXIOMA MS","article_publisher":"https:\/\/www.facebook.com\/AxiomaMS","article_modified_time":"2026-03-25T15:02:26+00:00","og_image":[{"width":800,"height":800,"url":"https:\/\/www.axiomams.eu\/wp-content\/uploads\/2025\/09\/4661-6161.jpg","type":"image\/jpeg"}],"twitter_card":"summary_large_image","twitter_misc":{"Est. reading time":"2 minutes"},"schema":{"@context":"https:\/\/schema.org","@graph":[{"@type":"WebPage","@id":"https:\/\/www.axiomams.eu\/lv\/produktas\/testo-310-ii-dumgazu-analizators-0563-3104","url":"https:\/\/www.axiomams.eu\/lv\/produktas\/testo-310-ii-dumgazu-analizators-0563-3104","name":"Testo 310 II d\u016bmg\u0101zu analizators (0563 3104) - AXIOMA MS","isPartOf":{"@id":"https:\/\/www.axiomams.eu\/lv#website"},"primaryImageOfPage":{"@id":"https:\/\/www.axiomams.eu\/lv\/produktas\/testo-310-ii-dumgazu-analizators-0563-3104#primaryimage"},"image":{"@id":"https:\/\/www.axiomams.eu\/lv\/produktas\/testo-310-ii-dumgazu-analizators-0563-3104#primaryimage"},"thumbnailUrl":"https:\/\/www.axiomams.eu\/wp-content\/uploads\/2025\/09\/4661-6161.jpg","datePublished":"2025-09-10T13:34:41+00:00","dateModified":"2026-03-25T15:02:26+00:00","breadcrumb":{"@id":"https:\/\/www.axiomams.eu\/lv\/produktas\/testo-310-ii-dumgazu-analizators-0563-3104#breadcrumb"},"inLanguage":"lv-LV","potentialAction":[{"@type":"ReadAction","target":["https:\/\/www.axiomams.eu\/lv\/produktas\/testo-310-ii-dumgazu-analizators-0563-3104"]}]},{"@type":"ImageObject","inLanguage":"lv-LV","@id":"https:\/\/www.axiomams.eu\/lv\/produktas\/testo-310-ii-dumgazu-analizators-0563-3104#primaryimage","url":"https:\/\/www.axiomams.eu\/wp-content\/uploads\/2025\/09\/4661-6161.jpg","contentUrl":"https:\/\/www.axiomams.eu\/wp-content\/uploads\/2025\/09\/4661-6161.jpg","width":800,"height":800},{"@type":"BreadcrumbList","@id":"https:\/\/www.axiomams.eu\/lv\/produktas\/testo-310-ii-dumgazu-analizators-0563-3104#breadcrumb","itemListElement":[{"@type":"ListItem","position":1,"name":"Home","item":"https:\/\/www.axiomams.eu\/lv"},{"@type":"ListItem","position":2,"name":"Produkti","item":"https:\/\/www.axiomams.eu\/lv\/produkti"},{"@type":"ListItem","position":3,"name":"Testo 310 II d\u016bmg\u0101zu analizators (0563 3104)"}]},{"@type":"WebSite","@id":"https:\/\/www.axiomams.eu\/lv#website","url":"https:\/\/www.axiomams.eu\/lv","name":"AXIOMA MS","description":"Terrmovizoriai ir matavimo \u012franga","publisher":{"@id":"https:\/\/www.axiomams.eu\/lv#organization"},"potentialAction":[{"@type":"SearchAction","target":{"@type":"EntryPoint","urlTemplate":"https:\/\/www.axiomams.eu\/lv?s={search_term_string}"},"query-input":{"@type":"PropertyValueSpecification","valueRequired":true,"valueName":"search_term_string"}}],"inLanguage":"lv-LV"},{"@type":"Organization","@id":"https:\/\/www.axiomams.eu\/lv#organization","name":"AXIOMA MS","url":"https:\/\/www.axiomams.eu\/lv","logo":{"@type":"ImageObject","inLanguage":"lv-LV","@id":"https:\/\/www.axiomams.eu\/lv#\/schema\/logo\/image\/","url":"https:\/\/www.axiomams.eu\/wp-content\/uploads\/2025\/06\/axioma-logo-2.png","contentUrl":"https:\/\/www.axiomams.eu\/wp-content\/uploads\/2025\/06\/axioma-logo-2.png","width":1200,"height":1200,"caption":"AXIOMA MS"},"image":{"@id":"https:\/\/www.axiomams.eu\/lv#\/schema\/logo\/image\/"},"sameAs":["https:\/\/www.facebook.com\/AxiomaMS","https:\/\/www.linkedin.com\/company\/axiomams\/"]}]}},"_links":{"self":[{"href":"https:\/\/www.axiomams.eu\/lv\/wp-json\/wp\/v2\/product\/39467","targetHints":{"allow":["GET"]}}],"collection":[{"href":"https:\/\/www.axiomams.eu\/lv\/wp-json\/wp\/v2\/product"}],"about":[{"href":"https:\/\/www.axiomams.eu\/lv\/wp-json\/wp\/v2\/types\/product"}],"replies":[{"embeddable":true,"href":"https:\/\/www.axiomams.eu\/lv\/wp-json\/wp\/v2\/comments?post=39467"}],"wp:featuredmedia":[{"embeddable":true,"href":"https:\/\/www.axiomams.eu\/lv\/wp-json\/wp\/v2\/media\/42647"}],"wp:attachment":[{"href":"https:\/\/www.axiomams.eu\/lv\/wp-json\/wp\/v2\/media?parent=39467"}],"wp:term":[{"taxonomy":"product_brand","embeddable":true,"href":"https:\/\/www.axiomams.eu\/lv\/wp-json\/wp\/v2\/product_brand?post=39467"},{"taxonomy":"product_cat","embeddable":true,"href":"https:\/\/www.axiomams.eu\/lv\/wp-json\/wp\/v2\/product_cat?post=39467"},{"taxonomy":"product_tag","embeddable":true,"href":"https:\/\/www.axiomams.eu\/lv\/wp-json\/wp\/v2\/product_tag?post=39467"}],"curies":[{"name":"wp","href":"https:\/\/api.w.org\/{rel}","templated":true}]}}