{"id":39468,"date":"2025-09-15T15:59:47","date_gmt":"2025-09-15T13:59:47","guid":{"rendered":"https:\/\/www.axiomams.eu\/produktas\/testo-340-dumgazu-analizators-0632-3340"},"modified":"2026-03-25T17:02:27","modified_gmt":"2026-03-25T15:02:27","slug":"testo-340-dumgazu-analizators-0632-3340","status":"publish","type":"product","link":"https:\/\/www.axiomams.eu\/lv\/produktas\/testo-340-dumgazu-analizators-0632-3340","title":{"rendered":"Testo 340 d\u016bmg\u0101zu analizators (0632 3340)"},"content":{"rendered":"<p><b>Emisiju kontrole r\u016bpniec\u012bb\u0101: d\u016bmg\u0101zu analizators testo 340<\/b><br \/>\n<b>testo 340 d\u016bmg\u0101zu analizators<\/b> apvieno profesion\u0101lu tehnolo\u0123iju, vienk\u0101r\u0161u darb\u012bbu un praktisku pielietojumu vien\u0101 ier\u012bc\u0113. \u0160is augstas veiktsp\u0113jas analizators ir apr\u012bkots ar O2 sensoru un pied\u0101v\u0101 iesp\u0113ju pievienot l\u012bdz pat trim papildu sensoriem.<\/p>\n<p><b>Pamatfunkcijas:<\/b><br \/>\n&#8211; M\u0113ra g\u0101zes, tostarp CO, COlow, NO, NOlow, NO2 vai SO2.<br \/>\n&#8211; Papla\u0161in\u0101ts m\u0113r\u012bjumu diapazons (p\u0113c izv\u0113les) augstas g\u0101zu koncentr\u0101cijas vid\u0113m.<br \/>\n&#8211; Iepriek\u0161 kalibr\u0113ti sensori \u0101trai un \u0113rtai nomai\u0146ai.<br \/>\n&#8211; Integr\u0113ti spiediena starp\u012bbas un gaisa pl\u016bsmas m\u0113r\u012bjumi prec\u012bziem masas pl\u016bsmas apr\u0113\u0137iniem.<\/p>\n<p><b>Piel\u0101gojamas sensoru opcijas<\/b><br \/>\nTesto 340 standarta komplekt\u0101cij\u0101 ir O2 sensors ar iesp\u0113ju izv\u0113l\u0113ties vienu no \u010detriem papildu sensoriem: CO, COlow, NO, NOlow, NO2 vai SO2. \u0160\u012b piel\u0101go\u0161ana \u013cauj piel\u0101got analizatoru sav\u0101m \u012bpa\u0161aj\u0101m vajadz\u012bb\u0101m. T\u0101 kompaktais dizains un iztur\u012bg\u0101 tehnolo\u0123ija uzlabo mobilit\u0101ti, padarot to ide\u0101li piem\u0113rotu starptautisk\u0101m servisa oper\u0101cij\u0101m, k\u0101 ar\u012b sadeg\u0161anas sist\u0113mu un ener\u0123ijas ra\u017eo\u0161anas iek\u0101rtu p\u0101rbaud\u0113m un instal\u0101cij\u0101m.<\/p>\n<p><b>Papla\u0161in\u0101ts m\u0113r\u012bjumu diapazons augst\u0101m g\u0101zu koncentr\u0101cij\u0101m<\/b><br \/>\nTesto 340 ir papla\u0161in\u0101ts m\u0113r\u012bjumu diapazons, kas \u013cauj veikt prec\u012bzus m\u0113r\u012bjumus pat vid\u0113 ar augstu g\u0101zu koncentr\u0101ciju, piem\u0113ram, r\u016bpniecisko d\u016bmg\u0101zu anal\u012bz\u0113. \u0160is papla\u0161in\u0101tais diapazons autom\u0101tiski aktiviz\u0113jas, kad tiek konstat\u0113ta augsta g\u0101zu koncentr\u0101cija, saglab\u0101jot t\u0101du pa\u0161u sensora veiktsp\u0113ju k\u0101 zem\u0101kas koncentr\u0101cijas m\u0113r\u012bjumu laik\u0101.<\/p>\n<p>Standarta komplekts: testo 340 d\u016bmg\u0101zu analizators, kalibr\u0113\u0161anas protokols, pleca siksna, O2 sensors.<br \/>\nKods: 0632 3340<\/p>\n<p><iframe loading=\"lazy\" width=\"560\" height=\"315\" src=\"https:\/\/www.youtube.com\/embed\/JqDJT3c9mLk?si=t9zN6pznVVrQlSgl\" title=\"YouTube video atska\u0146ot\u0101js\" frameborder=\"0\" allow=\"accelerometer; autoplay; clipboard-write; encrypted-media; gyroscope; picture-in-picture; web-share\" referrerpolicy=\"strict-origin-when-cross-origin\" allowfullscreen><\/iframe><\/p>\n<h3>Tehnisk\u0101 inform\u0101cija:<\/h3>\n<ul>\n<li><a href=\"https:\/\/axiomams.eu\/importer\/export\/attachments\/en\/testo-340.pdf\" target=\"_blank\">testo 340.pdf<\/a><\/li>\n<\/ul>\n","protected":false},"excerpt":{"rendered":"<p>Emisiju kontrole r\u016bpniec\u012bb\u0101: d\u016bmg\u0101zu analizators testo 340 testo 340 d\u016bmg\u0101zu analizators apvieno profesion\u0101lu tehnolo\u0123iju, vienk\u0101r\u0161u darb\u012bbu un praktisku pielietojumu vien\u0101 ier\u012bc\u0113. \u0160is augstas veiktsp\u0113jas analizators ir apr\u012bkots ar O2 sensoru un pied\u0101v\u0101 iesp\u0113ju pievienot l\u012bdz pat trim papildu sensoriem. Pamatfunkcijas: &#8211; M\u0113ra g\u0101zes, tostarp CO, COlow, NO, NOlow, NO2 vai SO2. &#8211; Papla\u0161in\u0101ts m\u0113r\u012bjumu diapazons&#8230;<\/p>\n","protected":false},"featured_media":42649,"comment_status":"open","ping_status":"closed","template":"","meta":{"_acf_changed":false},"product_brand":[735],"product_cat":[17763],"product_tag":[],"class_list":{"0":"post-39468","1":"product","2":"type-product","3":"status-publish","4":"has-post-thumbnail","6":"product_brand-testo","7":"product_cat-gazu-un-dumu-analizei","9":"first","10":"instock","11":"taxable","12":"shipping-taxable","13":"purchasable","14":"product-type-simple"},"acf":[],"yoast_head":"<!-- This site is optimized with the Yoast SEO plugin v27.0 - https:\/\/yoast.com\/product\/yoast-seo-wordpress\/ -->\n<title>Testo 340 d\u016bmg\u0101zu analizators (0632 3340) - AXIOMA MS<\/title>\n<meta name=\"robots\" content=\"index, follow, max-snippet:-1, max-image-preview:large, max-video-preview:-1\" \/>\n<link rel=\"canonical\" href=\"https:\/\/www.axiomams.eu\/lv\/produktas\/testo-340-dumgazu-analizators-0632-3340\" \/>\n<meta property=\"og:locale\" content=\"lv_LV\" \/>\n<meta property=\"og:type\" content=\"article\" \/>\n<meta property=\"og:title\" content=\"Testo 340 d\u016bmg\u0101zu analizators (0632 3340) - AXIOMA MS\" \/>\n<meta property=\"og:description\" content=\"Emisiju kontrole r\u016bpniec\u012bb\u0101: d\u016bmg\u0101zu analizators testo 340 testo 340 d\u016bmg\u0101zu analizators apvieno profesion\u0101lu tehnolo\u0123iju, vienk\u0101r\u0161u darb\u012bbu un praktisku pielietojumu vien\u0101 ier\u012bc\u0113. \u0160is augstas veiktsp\u0113jas analizators ir apr\u012bkots ar O2 sensoru un pied\u0101v\u0101 iesp\u0113ju pievienot l\u012bdz pat trim papildu sensoriem. Pamatfunkcijas: &#8211; M\u0113ra g\u0101zes, tostarp CO, COlow, NO, NOlow, NO2 vai SO2. &#8211; Papla\u0161in\u0101ts m\u0113r\u012bjumu diapazons...\" \/>\n<meta property=\"og:url\" content=\"https:\/\/www.axiomams.eu\/lv\/produktas\/testo-340-dumgazu-analizators-0632-3340\" \/>\n<meta property=\"og:site_name\" content=\"AXIOMA MS\" \/>\n<meta property=\"article:publisher\" content=\"https:\/\/www.facebook.com\/AxiomaMS\" \/>\n<meta property=\"article:modified_time\" content=\"2026-03-25T15:02:27+00:00\" \/>\n<meta property=\"og:image\" content=\"https:\/\/www.axiomams.eu\/wp-content\/uploads\/2025\/09\/4665-6165.jpg\" \/>\n\t<meta property=\"og:image:width\" content=\"800\" \/>\n\t<meta property=\"og:image:height\" content=\"800\" \/>\n\t<meta property=\"og:image:type\" content=\"image\/jpeg\" \/>\n<meta name=\"twitter:card\" content=\"summary_large_image\" \/>\n<meta name=\"twitter:label1\" content=\"Est. reading time\" \/>\n\t<meta name=\"twitter:data1\" content=\"2 minutes\" \/>\n<script type=\"application\/ld+json\" class=\"yoast-schema-graph\">{\"@context\":\"https:\/\/schema.org\",\"@graph\":[{\"@type\":\"WebPage\",\"@id\":\"https:\/\/www.axiomams.eu\/lv\/produktas\/testo-340-dumgazu-analizators-0632-3340\",\"url\":\"https:\/\/www.axiomams.eu\/lv\/produktas\/testo-340-dumgazu-analizators-0632-3340\",\"name\":\"Testo 340 d\u016bmg\u0101zu analizators (0632 3340) - AXIOMA MS\",\"isPartOf\":{\"@id\":\"https:\/\/www.axiomams.eu\/lv#website\"},\"primaryImageOfPage\":{\"@id\":\"https:\/\/www.axiomams.eu\/lv\/produktas\/testo-340-dumgazu-analizators-0632-3340#primaryimage\"},\"image\":{\"@id\":\"https:\/\/www.axiomams.eu\/lv\/produktas\/testo-340-dumgazu-analizators-0632-3340#primaryimage\"},\"thumbnailUrl\":\"https:\/\/www.axiomams.eu\/wp-content\/uploads\/2025\/09\/4665-6165.jpg\",\"datePublished\":\"2025-09-15T13:59:47+00:00\",\"dateModified\":\"2026-03-25T15:02:27+00:00\",\"breadcrumb\":{\"@id\":\"https:\/\/www.axiomams.eu\/lv\/produktas\/testo-340-dumgazu-analizators-0632-3340#breadcrumb\"},\"inLanguage\":\"lv-LV\",\"potentialAction\":[{\"@type\":\"ReadAction\",\"target\":[\"https:\/\/www.axiomams.eu\/lv\/produktas\/testo-340-dumgazu-analizators-0632-3340\"]}]},{\"@type\":\"ImageObject\",\"inLanguage\":\"lv-LV\",\"@id\":\"https:\/\/www.axiomams.eu\/lv\/produktas\/testo-340-dumgazu-analizators-0632-3340#primaryimage\",\"url\":\"https:\/\/www.axiomams.eu\/wp-content\/uploads\/2025\/09\/4665-6165.jpg\",\"contentUrl\":\"https:\/\/www.axiomams.eu\/wp-content\/uploads\/2025\/09\/4665-6165.jpg\",\"width\":800,\"height\":800},{\"@type\":\"BreadcrumbList\",\"@id\":\"https:\/\/www.axiomams.eu\/lv\/produktas\/testo-340-dumgazu-analizators-0632-3340#breadcrumb\",\"itemListElement\":[{\"@type\":\"ListItem\",\"position\":1,\"name\":\"Home\",\"item\":\"https:\/\/www.axiomams.eu\/lv\"},{\"@type\":\"ListItem\",\"position\":2,\"name\":\"Produkti\",\"item\":\"https:\/\/www.axiomams.eu\/lv\/produkti\"},{\"@type\":\"ListItem\",\"position\":3,\"name\":\"Testo 340 d\u016bmg\u0101zu analizators (0632 3340)\"}]},{\"@type\":\"WebSite\",\"@id\":\"https:\/\/www.axiomams.eu\/lv#website\",\"url\":\"https:\/\/www.axiomams.eu\/lv\",\"name\":\"AXIOMA MS\",\"description\":\"Terrmovizoriai ir matavimo \u012franga\",\"publisher\":{\"@id\":\"https:\/\/www.axiomams.eu\/lv#organization\"},\"potentialAction\":[{\"@type\":\"SearchAction\",\"target\":{\"@type\":\"EntryPoint\",\"urlTemplate\":\"https:\/\/www.axiomams.eu\/lv?s={search_term_string}\"},\"query-input\":{\"@type\":\"PropertyValueSpecification\",\"valueRequired\":true,\"valueName\":\"search_term_string\"}}],\"inLanguage\":\"lv-LV\"},{\"@type\":\"Organization\",\"@id\":\"https:\/\/www.axiomams.eu\/lv#organization\",\"name\":\"AXIOMA MS\",\"url\":\"https:\/\/www.axiomams.eu\/lv\",\"logo\":{\"@type\":\"ImageObject\",\"inLanguage\":\"lv-LV\",\"@id\":\"https:\/\/www.axiomams.eu\/lv#\/schema\/logo\/image\/\",\"url\":\"https:\/\/www.axiomams.eu\/wp-content\/uploads\/2025\/06\/axioma-logo-2.png\",\"contentUrl\":\"https:\/\/www.axiomams.eu\/wp-content\/uploads\/2025\/06\/axioma-logo-2.png\",\"width\":1200,\"height\":1200,\"caption\":\"AXIOMA MS\"},\"image\":{\"@id\":\"https:\/\/www.axiomams.eu\/lv#\/schema\/logo\/image\/\"},\"sameAs\":[\"https:\/\/www.facebook.com\/AxiomaMS\",\"https:\/\/www.linkedin.com\/company\/axiomams\/\"]}]}<\/script>\n<!-- \/ Yoast SEO plugin. -->","yoast_head_json":{"title":"Testo 340 d\u016bmg\u0101zu analizators (0632 3340) - AXIOMA MS","robots":{"index":"index","follow":"follow","max-snippet":"max-snippet:-1","max-image-preview":"max-image-preview:large","max-video-preview":"max-video-preview:-1"},"canonical":"https:\/\/www.axiomams.eu\/lv\/produktas\/testo-340-dumgazu-analizators-0632-3340","og_locale":"lv_LV","og_type":"article","og_title":"Testo 340 d\u016bmg\u0101zu analizators (0632 3340) - AXIOMA MS","og_description":"Emisiju kontrole r\u016bpniec\u012bb\u0101: d\u016bmg\u0101zu analizators testo 340 testo 340 d\u016bmg\u0101zu analizators apvieno profesion\u0101lu tehnolo\u0123iju, vienk\u0101r\u0161u darb\u012bbu un praktisku pielietojumu vien\u0101 ier\u012bc\u0113. \u0160is augstas veiktsp\u0113jas analizators ir apr\u012bkots ar O2 sensoru un pied\u0101v\u0101 iesp\u0113ju pievienot l\u012bdz pat trim papildu sensoriem. Pamatfunkcijas: &#8211; M\u0113ra g\u0101zes, tostarp CO, COlow, NO, NOlow, NO2 vai SO2. &#8211; Papla\u0161in\u0101ts m\u0113r\u012bjumu diapazons...","og_url":"https:\/\/www.axiomams.eu\/lv\/produktas\/testo-340-dumgazu-analizators-0632-3340","og_site_name":"AXIOMA MS","article_publisher":"https:\/\/www.facebook.com\/AxiomaMS","article_modified_time":"2026-03-25T15:02:27+00:00","og_image":[{"width":800,"height":800,"url":"https:\/\/www.axiomams.eu\/wp-content\/uploads\/2025\/09\/4665-6165.jpg","type":"image\/jpeg"}],"twitter_card":"summary_large_image","twitter_misc":{"Est. reading time":"2 minutes"},"schema":{"@context":"https:\/\/schema.org","@graph":[{"@type":"WebPage","@id":"https:\/\/www.axiomams.eu\/lv\/produktas\/testo-340-dumgazu-analizators-0632-3340","url":"https:\/\/www.axiomams.eu\/lv\/produktas\/testo-340-dumgazu-analizators-0632-3340","name":"Testo 340 d\u016bmg\u0101zu analizators (0632 3340) - AXIOMA MS","isPartOf":{"@id":"https:\/\/www.axiomams.eu\/lv#website"},"primaryImageOfPage":{"@id":"https:\/\/www.axiomams.eu\/lv\/produktas\/testo-340-dumgazu-analizators-0632-3340#primaryimage"},"image":{"@id":"https:\/\/www.axiomams.eu\/lv\/produktas\/testo-340-dumgazu-analizators-0632-3340#primaryimage"},"thumbnailUrl":"https:\/\/www.axiomams.eu\/wp-content\/uploads\/2025\/09\/4665-6165.jpg","datePublished":"2025-09-15T13:59:47+00:00","dateModified":"2026-03-25T15:02:27+00:00","breadcrumb":{"@id":"https:\/\/www.axiomams.eu\/lv\/produktas\/testo-340-dumgazu-analizators-0632-3340#breadcrumb"},"inLanguage":"lv-LV","potentialAction":[{"@type":"ReadAction","target":["https:\/\/www.axiomams.eu\/lv\/produktas\/testo-340-dumgazu-analizators-0632-3340"]}]},{"@type":"ImageObject","inLanguage":"lv-LV","@id":"https:\/\/www.axiomams.eu\/lv\/produktas\/testo-340-dumgazu-analizators-0632-3340#primaryimage","url":"https:\/\/www.axiomams.eu\/wp-content\/uploads\/2025\/09\/4665-6165.jpg","contentUrl":"https:\/\/www.axiomams.eu\/wp-content\/uploads\/2025\/09\/4665-6165.jpg","width":800,"height":800},{"@type":"BreadcrumbList","@id":"https:\/\/www.axiomams.eu\/lv\/produktas\/testo-340-dumgazu-analizators-0632-3340#breadcrumb","itemListElement":[{"@type":"ListItem","position":1,"name":"Home","item":"https:\/\/www.axiomams.eu\/lv"},{"@type":"ListItem","position":2,"name":"Produkti","item":"https:\/\/www.axiomams.eu\/lv\/produkti"},{"@type":"ListItem","position":3,"name":"Testo 340 d\u016bmg\u0101zu analizators (0632 3340)"}]},{"@type":"WebSite","@id":"https:\/\/www.axiomams.eu\/lv#website","url":"https:\/\/www.axiomams.eu\/lv","name":"AXIOMA MS","description":"Terrmovizoriai ir matavimo \u012franga","publisher":{"@id":"https:\/\/www.axiomams.eu\/lv#organization"},"potentialAction":[{"@type":"SearchAction","target":{"@type":"EntryPoint","urlTemplate":"https:\/\/www.axiomams.eu\/lv?s={search_term_string}"},"query-input":{"@type":"PropertyValueSpecification","valueRequired":true,"valueName":"search_term_string"}}],"inLanguage":"lv-LV"},{"@type":"Organization","@id":"https:\/\/www.axiomams.eu\/lv#organization","name":"AXIOMA MS","url":"https:\/\/www.axiomams.eu\/lv","logo":{"@type":"ImageObject","inLanguage":"lv-LV","@id":"https:\/\/www.axiomams.eu\/lv#\/schema\/logo\/image\/","url":"https:\/\/www.axiomams.eu\/wp-content\/uploads\/2025\/06\/axioma-logo-2.png","contentUrl":"https:\/\/www.axiomams.eu\/wp-content\/uploads\/2025\/06\/axioma-logo-2.png","width":1200,"height":1200,"caption":"AXIOMA MS"},"image":{"@id":"https:\/\/www.axiomams.eu\/lv#\/schema\/logo\/image\/"},"sameAs":["https:\/\/www.facebook.com\/AxiomaMS","https:\/\/www.linkedin.com\/company\/axiomams\/"]}]}},"_links":{"self":[{"href":"https:\/\/www.axiomams.eu\/lv\/wp-json\/wp\/v2\/product\/39468","targetHints":{"allow":["GET"]}}],"collection":[{"href":"https:\/\/www.axiomams.eu\/lv\/wp-json\/wp\/v2\/product"}],"about":[{"href":"https:\/\/www.axiomams.eu\/lv\/wp-json\/wp\/v2\/types\/product"}],"replies":[{"embeddable":true,"href":"https:\/\/www.axiomams.eu\/lv\/wp-json\/wp\/v2\/comments?post=39468"}],"wp:featuredmedia":[{"embeddable":true,"href":"https:\/\/www.axiomams.eu\/lv\/wp-json\/wp\/v2\/media\/42649"}],"wp:attachment":[{"href":"https:\/\/www.axiomams.eu\/lv\/wp-json\/wp\/v2\/media?parent=39468"}],"wp:term":[{"taxonomy":"product_brand","embeddable":true,"href":"https:\/\/www.axiomams.eu\/lv\/wp-json\/wp\/v2\/product_brand?post=39468"},{"taxonomy":"product_cat","embeddable":true,"href":"https:\/\/www.axiomams.eu\/lv\/wp-json\/wp\/v2\/product_cat?post=39468"},{"taxonomy":"product_tag","embeddable":true,"href":"https:\/\/www.axiomams.eu\/lv\/wp-json\/wp\/v2\/product_tag?post=39468"}],"curies":[{"name":"wp","href":"https:\/\/api.w.org\/{rel}","templated":true}]}}