{"id":39498,"date":"2025-05-15T18:09:28","date_gmt":"2025-05-15T16:09:28","guid":{"rendered":"https:\/\/www.axiomams.eu\/produktas\/mru-64158-automatiskie-merijumi-ieskaitot-datu-registresanas-funkciju-regulejami-pec-lietotaja-izveles-ar-videjas-vertibas-noteiksanu-saglabasana-sd-karte"},"modified":"2026-03-25T17:02:37","modified_gmt":"2026-03-25T15:02:37","slug":"mru-64158-automatiskie-merijumi-ieskaitot-datu-registresanas-funkciju-regulejami-pec-lietotaja-izveles-ar-videjas-vertibas-noteiksanu-saglabasana-sd-karte","status":"publish","type":"product","link":"https:\/\/www.axiomams.eu\/lv\/produktas\/mru-64158-automatiskie-merijumi-ieskaitot-datu-registresanas-funkciju-regulejami-pec-lietotaja-izveles-ar-videjas-vertibas-noteiksanu-saglabasana-sd-karte","title":{"rendered":"MRU 64158 &#8211; Autom\u0101tiskie m\u0113r\u012bjumi, ieskaitot datu re\u0123istr\u0113\u0161anas funkciju, regul\u0113jami p\u0113c lietot\u0101ja izv\u0113les ar vid\u0113j\u0101s v\u0113rt\u012bbas noteik\u0161anu, saglab\u0101\u0161ana SD kart\u0113"},"content":{"rendered":"","protected":false},"excerpt":{"rendered":"","protected":false},"featured_media":42701,"comment_status":"open","ping_status":"closed","template":"","meta":{"_acf_changed":false},"product_brand":[1897],"product_cat":[17773],"product_tag":[],"class_list":{"0":"post-39498","1":"product","2":"type-product","3":"status-publish","4":"has-post-thumbnail","6":"product_brand-mru","7":"product_cat-pielikumi","9":"first","10":"instock","11":"taxable","12":"shipping-taxable","13":"purchasable","14":"product-type-simple"},"acf":[],"yoast_head":"<!-- This site is optimized with the Yoast SEO plugin v27.0 - https:\/\/yoast.com\/product\/yoast-seo-wordpress\/ -->\n<title>MRU 64158 - Autom\u0101tiskie m\u0113r\u012bjumi, ieskaitot datu re\u0123istr\u0113\u0161anas funkciju, regul\u0113jami p\u0113c lietot\u0101ja izv\u0113les ar vid\u0113j\u0101s v\u0113rt\u012bbas noteik\u0161anu, saglab\u0101\u0161ana SD kart\u0113 - AXIOMA MS<\/title>\n<meta name=\"robots\" content=\"index, follow, max-snippet:-1, max-image-preview:large, max-video-preview:-1\" \/>\n<link rel=\"canonical\" href=\"https:\/\/www.axiomams.eu\/lv\/produktas\/mru-64158-automatiskie-merijumi-ieskaitot-datu-registresanas-funkciju-regulejami-pec-lietotaja-izveles-ar-videjas-vertibas-noteiksanu-saglabasana-sd-karte\" \/>\n<meta property=\"og:locale\" content=\"lv_LV\" \/>\n<meta property=\"og:type\" content=\"article\" \/>\n<meta property=\"og:title\" content=\"MRU 64158 - Autom\u0101tiskie m\u0113r\u012bjumi, ieskaitot datu re\u0123istr\u0113\u0161anas funkciju, regul\u0113jami p\u0113c lietot\u0101ja izv\u0113les ar vid\u0113j\u0101s v\u0113rt\u012bbas noteik\u0161anu, saglab\u0101\u0161ana SD kart\u0113 - AXIOMA MS\" \/>\n<meta property=\"og:url\" content=\"https:\/\/www.axiomams.eu\/lv\/produktas\/mru-64158-automatiskie-merijumi-ieskaitot-datu-registresanas-funkciju-regulejami-pec-lietotaja-izveles-ar-videjas-vertibas-noteiksanu-saglabasana-sd-karte\" \/>\n<meta property=\"og:site_name\" content=\"AXIOMA MS\" \/>\n<meta property=\"article:publisher\" content=\"https:\/\/www.facebook.com\/AxiomaMS\" \/>\n<meta property=\"article:modified_time\" content=\"2026-03-25T15:02:37+00:00\" \/>\n<meta property=\"og:image\" content=\"https:\/\/www.axiomams.eu\/wp-content\/uploads\/2025\/07\/2207-2864.jpg\" \/>\n\t<meta property=\"og:image:width\" content=\"660\" \/>\n\t<meta property=\"og:image:height\" content=\"600\" \/>\n\t<meta property=\"og:image:type\" content=\"image\/jpeg\" \/>\n<meta name=\"twitter:card\" content=\"summary_large_image\" \/>\n<script type=\"application\/ld+json\" class=\"yoast-schema-graph\">{\"@context\":\"https:\/\/schema.org\",\"@graph\":[{\"@type\":\"WebPage\",\"@id\":\"https:\/\/www.axiomams.eu\/lv\/produktas\/mru-64158-automatiskie-merijumi-ieskaitot-datu-registresanas-funkciju-regulejami-pec-lietotaja-izveles-ar-videjas-vertibas-noteiksanu-saglabasana-sd-karte\",\"url\":\"https:\/\/www.axiomams.eu\/lv\/produktas\/mru-64158-automatiskie-merijumi-ieskaitot-datu-registresanas-funkciju-regulejami-pec-lietotaja-izveles-ar-videjas-vertibas-noteiksanu-saglabasana-sd-karte\",\"name\":\"MRU 64158 - Autom\u0101tiskie m\u0113r\u012bjumi, ieskaitot datu re\u0123istr\u0113\u0161anas funkciju, regul\u0113jami p\u0113c lietot\u0101ja izv\u0113les ar vid\u0113j\u0101s v\u0113rt\u012bbas noteik\u0161anu, saglab\u0101\u0161ana SD kart\u0113 - AXIOMA MS\",\"isPartOf\":{\"@id\":\"https:\/\/www.axiomams.eu\/lv#website\"},\"primaryImageOfPage\":{\"@id\":\"https:\/\/www.axiomams.eu\/lv\/produktas\/mru-64158-automatiskie-merijumi-ieskaitot-datu-registresanas-funkciju-regulejami-pec-lietotaja-izveles-ar-videjas-vertibas-noteiksanu-saglabasana-sd-karte#primaryimage\"},\"image\":{\"@id\":\"https:\/\/www.axiomams.eu\/lv\/produktas\/mru-64158-automatiskie-merijumi-ieskaitot-datu-registresanas-funkciju-regulejami-pec-lietotaja-izveles-ar-videjas-vertibas-noteiksanu-saglabasana-sd-karte#primaryimage\"},\"thumbnailUrl\":\"https:\/\/www.axiomams.eu\/wp-content\/uploads\/2025\/07\/2207-2864.jpg\",\"datePublished\":\"2025-05-15T16:09:28+00:00\",\"dateModified\":\"2026-03-25T15:02:37+00:00\",\"breadcrumb\":{\"@id\":\"https:\/\/www.axiomams.eu\/lv\/produktas\/mru-64158-automatiskie-merijumi-ieskaitot-datu-registresanas-funkciju-regulejami-pec-lietotaja-izveles-ar-videjas-vertibas-noteiksanu-saglabasana-sd-karte#breadcrumb\"},\"inLanguage\":\"lv-LV\",\"potentialAction\":[{\"@type\":\"ReadAction\",\"target\":[\"https:\/\/www.axiomams.eu\/lv\/produktas\/mru-64158-automatiskie-merijumi-ieskaitot-datu-registresanas-funkciju-regulejami-pec-lietotaja-izveles-ar-videjas-vertibas-noteiksanu-saglabasana-sd-karte\"]}]},{\"@type\":\"ImageObject\",\"inLanguage\":\"lv-LV\",\"@id\":\"https:\/\/www.axiomams.eu\/lv\/produktas\/mru-64158-automatiskie-merijumi-ieskaitot-datu-registresanas-funkciju-regulejami-pec-lietotaja-izveles-ar-videjas-vertibas-noteiksanu-saglabasana-sd-karte#primaryimage\",\"url\":\"https:\/\/www.axiomams.eu\/wp-content\/uploads\/2025\/07\/2207-2864.jpg\",\"contentUrl\":\"https:\/\/www.axiomams.eu\/wp-content\/uploads\/2025\/07\/2207-2864.jpg\",\"width\":660,\"height\":600},{\"@type\":\"BreadcrumbList\",\"@id\":\"https:\/\/www.axiomams.eu\/lv\/produktas\/mru-64158-automatiskie-merijumi-ieskaitot-datu-registresanas-funkciju-regulejami-pec-lietotaja-izveles-ar-videjas-vertibas-noteiksanu-saglabasana-sd-karte#breadcrumb\",\"itemListElement\":[{\"@type\":\"ListItem\",\"position\":1,\"name\":\"Home\",\"item\":\"https:\/\/www.axiomams.eu\/lv\"},{\"@type\":\"ListItem\",\"position\":2,\"name\":\"Produkti\",\"item\":\"https:\/\/www.axiomams.eu\/lv\/produkti\"},{\"@type\":\"ListItem\",\"position\":3,\"name\":\"MRU 64158 &#8211; Autom\u0101tiskie m\u0113r\u012bjumi, ieskaitot datu re\u0123istr\u0113\u0161anas funkciju, regul\u0113jami p\u0113c lietot\u0101ja izv\u0113les ar vid\u0113j\u0101s v\u0113rt\u012bbas noteik\u0161anu, saglab\u0101\u0161ana SD kart\u0113\"}]},{\"@type\":\"WebSite\",\"@id\":\"https:\/\/www.axiomams.eu\/lv#website\",\"url\":\"https:\/\/www.axiomams.eu\/lv\",\"name\":\"AXIOMA MS\",\"description\":\"Terrmovizoriai ir matavimo \u012franga\",\"publisher\":{\"@id\":\"https:\/\/www.axiomams.eu\/lv#organization\"},\"potentialAction\":[{\"@type\":\"SearchAction\",\"target\":{\"@type\":\"EntryPoint\",\"urlTemplate\":\"https:\/\/www.axiomams.eu\/lv?s={search_term_string}\"},\"query-input\":{\"@type\":\"PropertyValueSpecification\",\"valueRequired\":true,\"valueName\":\"search_term_string\"}}],\"inLanguage\":\"lv-LV\"},{\"@type\":\"Organization\",\"@id\":\"https:\/\/www.axiomams.eu\/lv#organization\",\"name\":\"AXIOMA MS\",\"url\":\"https:\/\/www.axiomams.eu\/lv\",\"logo\":{\"@type\":\"ImageObject\",\"inLanguage\":\"lv-LV\",\"@id\":\"https:\/\/www.axiomams.eu\/lv#\/schema\/logo\/image\/\",\"url\":\"https:\/\/www.axiomams.eu\/wp-content\/uploads\/2025\/06\/axioma-logo-2.png\",\"contentUrl\":\"https:\/\/www.axiomams.eu\/wp-content\/uploads\/2025\/06\/axioma-logo-2.png\",\"width\":1200,\"height\":1200,\"caption\":\"AXIOMA MS\"},\"image\":{\"@id\":\"https:\/\/www.axiomams.eu\/lv#\/schema\/logo\/image\/\"},\"sameAs\":[\"https:\/\/www.facebook.com\/AxiomaMS\",\"https:\/\/www.linkedin.com\/company\/axiomams\/\"]}]}<\/script>\n<!-- \/ Yoast SEO plugin. -->","yoast_head_json":{"title":"MRU 64158 - Autom\u0101tiskie m\u0113r\u012bjumi, ieskaitot datu re\u0123istr\u0113\u0161anas funkciju, regul\u0113jami p\u0113c lietot\u0101ja izv\u0113les ar vid\u0113j\u0101s v\u0113rt\u012bbas noteik\u0161anu, saglab\u0101\u0161ana SD kart\u0113 - AXIOMA MS","robots":{"index":"index","follow":"follow","max-snippet":"max-snippet:-1","max-image-preview":"max-image-preview:large","max-video-preview":"max-video-preview:-1"},"canonical":"https:\/\/www.axiomams.eu\/lv\/produktas\/mru-64158-automatiskie-merijumi-ieskaitot-datu-registresanas-funkciju-regulejami-pec-lietotaja-izveles-ar-videjas-vertibas-noteiksanu-saglabasana-sd-karte","og_locale":"lv_LV","og_type":"article","og_title":"MRU 64158 - Autom\u0101tiskie m\u0113r\u012bjumi, ieskaitot datu re\u0123istr\u0113\u0161anas funkciju, regul\u0113jami p\u0113c lietot\u0101ja izv\u0113les ar vid\u0113j\u0101s v\u0113rt\u012bbas noteik\u0161anu, saglab\u0101\u0161ana SD kart\u0113 - AXIOMA MS","og_url":"https:\/\/www.axiomams.eu\/lv\/produktas\/mru-64158-automatiskie-merijumi-ieskaitot-datu-registresanas-funkciju-regulejami-pec-lietotaja-izveles-ar-videjas-vertibas-noteiksanu-saglabasana-sd-karte","og_site_name":"AXIOMA MS","article_publisher":"https:\/\/www.facebook.com\/AxiomaMS","article_modified_time":"2026-03-25T15:02:37+00:00","og_image":[{"width":660,"height":600,"url":"https:\/\/www.axiomams.eu\/wp-content\/uploads\/2025\/07\/2207-2864.jpg","type":"image\/jpeg"}],"twitter_card":"summary_large_image","schema":{"@context":"https:\/\/schema.org","@graph":[{"@type":"WebPage","@id":"https:\/\/www.axiomams.eu\/lv\/produktas\/mru-64158-automatiskie-merijumi-ieskaitot-datu-registresanas-funkciju-regulejami-pec-lietotaja-izveles-ar-videjas-vertibas-noteiksanu-saglabasana-sd-karte","url":"https:\/\/www.axiomams.eu\/lv\/produktas\/mru-64158-automatiskie-merijumi-ieskaitot-datu-registresanas-funkciju-regulejami-pec-lietotaja-izveles-ar-videjas-vertibas-noteiksanu-saglabasana-sd-karte","name":"MRU 64158 - Autom\u0101tiskie m\u0113r\u012bjumi, ieskaitot datu re\u0123istr\u0113\u0161anas funkciju, regul\u0113jami p\u0113c lietot\u0101ja izv\u0113les ar vid\u0113j\u0101s v\u0113rt\u012bbas noteik\u0161anu, saglab\u0101\u0161ana SD kart\u0113 - AXIOMA MS","isPartOf":{"@id":"https:\/\/www.axiomams.eu\/lv#website"},"primaryImageOfPage":{"@id":"https:\/\/www.axiomams.eu\/lv\/produktas\/mru-64158-automatiskie-merijumi-ieskaitot-datu-registresanas-funkciju-regulejami-pec-lietotaja-izveles-ar-videjas-vertibas-noteiksanu-saglabasana-sd-karte#primaryimage"},"image":{"@id":"https:\/\/www.axiomams.eu\/lv\/produktas\/mru-64158-automatiskie-merijumi-ieskaitot-datu-registresanas-funkciju-regulejami-pec-lietotaja-izveles-ar-videjas-vertibas-noteiksanu-saglabasana-sd-karte#primaryimage"},"thumbnailUrl":"https:\/\/www.axiomams.eu\/wp-content\/uploads\/2025\/07\/2207-2864.jpg","datePublished":"2025-05-15T16:09:28+00:00","dateModified":"2026-03-25T15:02:37+00:00","breadcrumb":{"@id":"https:\/\/www.axiomams.eu\/lv\/produktas\/mru-64158-automatiskie-merijumi-ieskaitot-datu-registresanas-funkciju-regulejami-pec-lietotaja-izveles-ar-videjas-vertibas-noteiksanu-saglabasana-sd-karte#breadcrumb"},"inLanguage":"lv-LV","potentialAction":[{"@type":"ReadAction","target":["https:\/\/www.axiomams.eu\/lv\/produktas\/mru-64158-automatiskie-merijumi-ieskaitot-datu-registresanas-funkciju-regulejami-pec-lietotaja-izveles-ar-videjas-vertibas-noteiksanu-saglabasana-sd-karte"]}]},{"@type":"ImageObject","inLanguage":"lv-LV","@id":"https:\/\/www.axiomams.eu\/lv\/produktas\/mru-64158-automatiskie-merijumi-ieskaitot-datu-registresanas-funkciju-regulejami-pec-lietotaja-izveles-ar-videjas-vertibas-noteiksanu-saglabasana-sd-karte#primaryimage","url":"https:\/\/www.axiomams.eu\/wp-content\/uploads\/2025\/07\/2207-2864.jpg","contentUrl":"https:\/\/www.axiomams.eu\/wp-content\/uploads\/2025\/07\/2207-2864.jpg","width":660,"height":600},{"@type":"BreadcrumbList","@id":"https:\/\/www.axiomams.eu\/lv\/produktas\/mru-64158-automatiskie-merijumi-ieskaitot-datu-registresanas-funkciju-regulejami-pec-lietotaja-izveles-ar-videjas-vertibas-noteiksanu-saglabasana-sd-karte#breadcrumb","itemListElement":[{"@type":"ListItem","position":1,"name":"Home","item":"https:\/\/www.axiomams.eu\/lv"},{"@type":"ListItem","position":2,"name":"Produkti","item":"https:\/\/www.axiomams.eu\/lv\/produkti"},{"@type":"ListItem","position":3,"name":"MRU 64158 &#8211; Autom\u0101tiskie m\u0113r\u012bjumi, ieskaitot datu re\u0123istr\u0113\u0161anas funkciju, regul\u0113jami p\u0113c lietot\u0101ja izv\u0113les ar vid\u0113j\u0101s v\u0113rt\u012bbas noteik\u0161anu, saglab\u0101\u0161ana SD kart\u0113"}]},{"@type":"WebSite","@id":"https:\/\/www.axiomams.eu\/lv#website","url":"https:\/\/www.axiomams.eu\/lv","name":"AXIOMA MS","description":"Terrmovizoriai ir matavimo \u012franga","publisher":{"@id":"https:\/\/www.axiomams.eu\/lv#organization"},"potentialAction":[{"@type":"SearchAction","target":{"@type":"EntryPoint","urlTemplate":"https:\/\/www.axiomams.eu\/lv?s={search_term_string}"},"query-input":{"@type":"PropertyValueSpecification","valueRequired":true,"valueName":"search_term_string"}}],"inLanguage":"lv-LV"},{"@type":"Organization","@id":"https:\/\/www.axiomams.eu\/lv#organization","name":"AXIOMA MS","url":"https:\/\/www.axiomams.eu\/lv","logo":{"@type":"ImageObject","inLanguage":"lv-LV","@id":"https:\/\/www.axiomams.eu\/lv#\/schema\/logo\/image\/","url":"https:\/\/www.axiomams.eu\/wp-content\/uploads\/2025\/06\/axioma-logo-2.png","contentUrl":"https:\/\/www.axiomams.eu\/wp-content\/uploads\/2025\/06\/axioma-logo-2.png","width":1200,"height":1200,"caption":"AXIOMA MS"},"image":{"@id":"https:\/\/www.axiomams.eu\/lv#\/schema\/logo\/image\/"},"sameAs":["https:\/\/www.facebook.com\/AxiomaMS","https:\/\/www.linkedin.com\/company\/axiomams\/"]}]}},"_links":{"self":[{"href":"https:\/\/www.axiomams.eu\/lv\/wp-json\/wp\/v2\/product\/39498","targetHints":{"allow":["GET"]}}],"collection":[{"href":"https:\/\/www.axiomams.eu\/lv\/wp-json\/wp\/v2\/product"}],"about":[{"href":"https:\/\/www.axiomams.eu\/lv\/wp-json\/wp\/v2\/types\/product"}],"replies":[{"embeddable":true,"href":"https:\/\/www.axiomams.eu\/lv\/wp-json\/wp\/v2\/comments?post=39498"}],"wp:featuredmedia":[{"embeddable":true,"href":"https:\/\/www.axiomams.eu\/lv\/wp-json\/wp\/v2\/media\/42701"}],"wp:attachment":[{"href":"https:\/\/www.axiomams.eu\/lv\/wp-json\/wp\/v2\/media?parent=39498"}],"wp:term":[{"taxonomy":"product_brand","embeddable":true,"href":"https:\/\/www.axiomams.eu\/lv\/wp-json\/wp\/v2\/product_brand?post=39498"},{"taxonomy":"product_cat","embeddable":true,"href":"https:\/\/www.axiomams.eu\/lv\/wp-json\/wp\/v2\/product_cat?post=39498"},{"taxonomy":"product_tag","embeddable":true,"href":"https:\/\/www.axiomams.eu\/lv\/wp-json\/wp\/v2\/product_tag?post=39498"}],"curies":[{"name":"wp","href":"https:\/\/api.w.org\/{rel}","templated":true}]}}