{"id":39506,"date":"2025-05-15T18:08:55","date_gmt":"2025-05-15T16:08:55","guid":{"rendered":"https:\/\/www.axiomams.eu\/produktas\/testo-915i-temperaturas-zonde-0563-4915"},"modified":"2026-03-25T17:02:41","modified_gmt":"2026-03-25T15:02:41","slug":"testo-915i-temperaturas-zonde-0563-4915","status":"publish","type":"product","link":"https:\/\/www.axiomams.eu\/lv\/produktas\/testo-915i-temperaturas-zonde-0563-4915","title":{"rendered":"Testo 915i temperat\u016bras zonde (0563 4915)"},"content":{"rendered":"<p>testo 0563 3915 Termometrs &#8211; bezvadu temperat\u016bras m\u0113r\u012bjumiem pla\u0161\u0101 pielietojuma diapazon\u0101, pateicoties lielam zondes izv\u0113lam un sader\u012bbai ar standarta K tipa termop\u0101ru zond\u0113m.<\/p>\n<p>Elast\u012bgs, \u0101tri rea\u0123\u0113jo\u0161s temperat\u016bras sensors (K tipa TC, 1. klase) ar stikla \u0161\u0137iedras p\u0101rkl\u0101jumu p\u0101rkl\u0101tu kabeli (800 mm gar\u0161) un dro\u0161u stiprin\u0101jumu, izmantojot inovat\u012bvu fiks\u0101cijas meh\u0101nismu roktur\u012b, univers\u0101ls, m\u0113r\u012bjumu diapazons -50 l\u012bdz +400 \u00b0C.<\/p>\n<p>Vienk\u0101r\u0161a lieto\u0161ana, nov\u0113rt\u0113\u0161ana un dokument\u0113\u0161ana ar bezmaksas testo Smart App, k\u0101 ar\u012b autom\u0101tisks Bluetooth\u00ae savienojums ar viedt\u0101lru\u0146iem, plan\u0161etdatoriem vai Testo m\u0113rinstrumentiem (piem., testo 400, testo 550s) ar diapazonu l\u012bdz 100 m.<\/p>\n<p>Augsta m\u0113r\u012bjumu precizit\u0101te, pateicoties sist\u0113mas kalibr\u0113\u0161anai no r\u016bpn\u012bcas.<\/p>\n<h3>Tehnisk\u0101 inform\u0101cija:<\/h3>\n<ul>\n<li><a href=\"https:\/\/axiomams.eu\/importer\/export\/attachments\/en\/testo-915i---0563-4915.pdf\" target=\"_blank\">testo 915i &#8211; 0563 4915.pdf<\/a><\/li>\n<\/ul>\n","protected":false},"excerpt":{"rendered":"<p>testo 0563 3915 Termometrs &#8211; bezvadu temperat\u016bras m\u0113r\u012bjumiem pla\u0161\u0101 pielietojuma diapazon\u0101, pateicoties lielam zondes izv\u0113lam un sader\u012bbai ar standarta K tipa termop\u0101ru zond\u0113m. Elast\u012bgs, \u0101tri rea\u0123\u0113jo\u0161s temperat\u016bras sensors (K tipa TC, 1. klase) ar stikla \u0161\u0137iedras p\u0101rkl\u0101jumu p\u0101rkl\u0101tu kabeli (800 mm gar\u0161) un dro\u0161u stiprin\u0101jumu, izmantojot inovat\u012bvu fiks\u0101cijas meh\u0101nismu roktur\u012b, univers\u0101ls, m\u0113r\u012bjumu diapazons -50 l\u012bdz&#8230;<\/p>\n","protected":false},"featured_media":42717,"comment_status":"open","ping_status":"closed","template":"","meta":{"_acf_changed":false},"product_brand":[735],"product_cat":[17745],"product_tag":[],"class_list":{"0":"post-39506","1":"product","2":"type-product","3":"status-publish","4":"has-post-thumbnail","6":"product_brand-testo","7":"product_cat-procesa-un-temperaturas-kalibresanai","9":"first","10":"instock","11":"taxable","12":"shipping-taxable","13":"purchasable","14":"product-type-simple"},"acf":[],"yoast_head":"<!-- This site is optimized with the Yoast SEO plugin v27.0 - https:\/\/yoast.com\/product\/yoast-seo-wordpress\/ -->\n<title>Testo 915i temperat\u016bras zonde (0563 4915) - AXIOMA MS<\/title>\n<meta name=\"robots\" content=\"index, follow, max-snippet:-1, max-image-preview:large, max-video-preview:-1\" \/>\n<link rel=\"canonical\" href=\"https:\/\/www.axiomams.eu\/lv\/produktas\/testo-915i-temperaturas-zonde-0563-4915\" \/>\n<meta property=\"og:locale\" content=\"lv_LV\" \/>\n<meta property=\"og:type\" content=\"article\" \/>\n<meta property=\"og:title\" content=\"Testo 915i temperat\u016bras zonde (0563 4915) - AXIOMA MS\" \/>\n<meta property=\"og:description\" content=\"testo 0563 3915 Termometrs &#8211; bezvadu temperat\u016bras m\u0113r\u012bjumiem pla\u0161\u0101 pielietojuma diapazon\u0101, pateicoties lielam zondes izv\u0113lam un sader\u012bbai ar standarta K tipa termop\u0101ru zond\u0113m. Elast\u012bgs, \u0101tri rea\u0123\u0113jo\u0161s temperat\u016bras sensors (K tipa TC, 1. klase) ar stikla \u0161\u0137iedras p\u0101rkl\u0101jumu p\u0101rkl\u0101tu kabeli (800 mm gar\u0161) un dro\u0161u stiprin\u0101jumu, izmantojot inovat\u012bvu fiks\u0101cijas meh\u0101nismu roktur\u012b, univers\u0101ls, m\u0113r\u012bjumu diapazons -50 l\u012bdz...\" \/>\n<meta property=\"og:url\" content=\"https:\/\/www.axiomams.eu\/lv\/produktas\/testo-915i-temperaturas-zonde-0563-4915\" \/>\n<meta property=\"og:site_name\" content=\"AXIOMA MS\" \/>\n<meta property=\"article:publisher\" content=\"https:\/\/www.facebook.com\/AxiomaMS\" \/>\n<meta property=\"article:modified_time\" content=\"2026-03-25T15:02:41+00:00\" \/>\n<meta property=\"og:image\" content=\"https:\/\/www.axiomams.eu\/wp-content\/uploads\/2025\/07\/4605-5923.jpg\" \/>\n\t<meta property=\"og:image:width\" content=\"800\" \/>\n\t<meta property=\"og:image:height\" content=\"800\" \/>\n\t<meta property=\"og:image:type\" content=\"image\/jpeg\" \/>\n<meta name=\"twitter:card\" content=\"summary_large_image\" \/>\n<meta name=\"twitter:label1\" content=\"Est. reading time\" \/>\n\t<meta name=\"twitter:data1\" content=\"1 minute\" \/>\n<script type=\"application\/ld+json\" class=\"yoast-schema-graph\">{\"@context\":\"https:\/\/schema.org\",\"@graph\":[{\"@type\":\"WebPage\",\"@id\":\"https:\/\/www.axiomams.eu\/lv\/produktas\/testo-915i-temperaturas-zonde-0563-4915\",\"url\":\"https:\/\/www.axiomams.eu\/lv\/produktas\/testo-915i-temperaturas-zonde-0563-4915\",\"name\":\"Testo 915i temperat\u016bras zonde (0563 4915) - AXIOMA MS\",\"isPartOf\":{\"@id\":\"https:\/\/www.axiomams.eu\/lv#website\"},\"primaryImageOfPage\":{\"@id\":\"https:\/\/www.axiomams.eu\/lv\/produktas\/testo-915i-temperaturas-zonde-0563-4915#primaryimage\"},\"image\":{\"@id\":\"https:\/\/www.axiomams.eu\/lv\/produktas\/testo-915i-temperaturas-zonde-0563-4915#primaryimage\"},\"thumbnailUrl\":\"https:\/\/www.axiomams.eu\/wp-content\/uploads\/2025\/07\/4605-5923.jpg\",\"datePublished\":\"2025-05-15T16:08:55+00:00\",\"dateModified\":\"2026-03-25T15:02:41+00:00\",\"breadcrumb\":{\"@id\":\"https:\/\/www.axiomams.eu\/lv\/produktas\/testo-915i-temperaturas-zonde-0563-4915#breadcrumb\"},\"inLanguage\":\"lv-LV\",\"potentialAction\":[{\"@type\":\"ReadAction\",\"target\":[\"https:\/\/www.axiomams.eu\/lv\/produktas\/testo-915i-temperaturas-zonde-0563-4915\"]}]},{\"@type\":\"ImageObject\",\"inLanguage\":\"lv-LV\",\"@id\":\"https:\/\/www.axiomams.eu\/lv\/produktas\/testo-915i-temperaturas-zonde-0563-4915#primaryimage\",\"url\":\"https:\/\/www.axiomams.eu\/wp-content\/uploads\/2025\/07\/4605-5923.jpg\",\"contentUrl\":\"https:\/\/www.axiomams.eu\/wp-content\/uploads\/2025\/07\/4605-5923.jpg\",\"width\":800,\"height\":800},{\"@type\":\"BreadcrumbList\",\"@id\":\"https:\/\/www.axiomams.eu\/lv\/produktas\/testo-915i-temperaturas-zonde-0563-4915#breadcrumb\",\"itemListElement\":[{\"@type\":\"ListItem\",\"position\":1,\"name\":\"Home\",\"item\":\"https:\/\/www.axiomams.eu\/lv\"},{\"@type\":\"ListItem\",\"position\":2,\"name\":\"Produkti\",\"item\":\"https:\/\/www.axiomams.eu\/lv\/produkti\"},{\"@type\":\"ListItem\",\"position\":3,\"name\":\"Testo 915i temperat\u016bras zonde (0563 4915)\"}]},{\"@type\":\"WebSite\",\"@id\":\"https:\/\/www.axiomams.eu\/lv#website\",\"url\":\"https:\/\/www.axiomams.eu\/lv\",\"name\":\"AXIOMA MS\",\"description\":\"Terrmovizoriai ir matavimo \u012franga\",\"publisher\":{\"@id\":\"https:\/\/www.axiomams.eu\/lv#organization\"},\"potentialAction\":[{\"@type\":\"SearchAction\",\"target\":{\"@type\":\"EntryPoint\",\"urlTemplate\":\"https:\/\/www.axiomams.eu\/lv?s={search_term_string}\"},\"query-input\":{\"@type\":\"PropertyValueSpecification\",\"valueRequired\":true,\"valueName\":\"search_term_string\"}}],\"inLanguage\":\"lv-LV\"},{\"@type\":\"Organization\",\"@id\":\"https:\/\/www.axiomams.eu\/lv#organization\",\"name\":\"AXIOMA MS\",\"url\":\"https:\/\/www.axiomams.eu\/lv\",\"logo\":{\"@type\":\"ImageObject\",\"inLanguage\":\"lv-LV\",\"@id\":\"https:\/\/www.axiomams.eu\/lv#\/schema\/logo\/image\/\",\"url\":\"https:\/\/www.axiomams.eu\/wp-content\/uploads\/2025\/06\/axioma-logo-2.png\",\"contentUrl\":\"https:\/\/www.axiomams.eu\/wp-content\/uploads\/2025\/06\/axioma-logo-2.png\",\"width\":1200,\"height\":1200,\"caption\":\"AXIOMA MS\"},\"image\":{\"@id\":\"https:\/\/www.axiomams.eu\/lv#\/schema\/logo\/image\/\"},\"sameAs\":[\"https:\/\/www.facebook.com\/AxiomaMS\",\"https:\/\/www.linkedin.com\/company\/axiomams\/\"]}]}<\/script>\n<!-- \/ Yoast SEO plugin. -->","yoast_head_json":{"title":"Testo 915i temperat\u016bras zonde (0563 4915) - AXIOMA MS","robots":{"index":"index","follow":"follow","max-snippet":"max-snippet:-1","max-image-preview":"max-image-preview:large","max-video-preview":"max-video-preview:-1"},"canonical":"https:\/\/www.axiomams.eu\/lv\/produktas\/testo-915i-temperaturas-zonde-0563-4915","og_locale":"lv_LV","og_type":"article","og_title":"Testo 915i temperat\u016bras zonde (0563 4915) - AXIOMA MS","og_description":"testo 0563 3915 Termometrs &#8211; bezvadu temperat\u016bras m\u0113r\u012bjumiem pla\u0161\u0101 pielietojuma diapazon\u0101, pateicoties lielam zondes izv\u0113lam un sader\u012bbai ar standarta K tipa termop\u0101ru zond\u0113m. Elast\u012bgs, \u0101tri rea\u0123\u0113jo\u0161s temperat\u016bras sensors (K tipa TC, 1. klase) ar stikla \u0161\u0137iedras p\u0101rkl\u0101jumu p\u0101rkl\u0101tu kabeli (800 mm gar\u0161) un dro\u0161u stiprin\u0101jumu, izmantojot inovat\u012bvu fiks\u0101cijas meh\u0101nismu roktur\u012b, univers\u0101ls, m\u0113r\u012bjumu diapazons -50 l\u012bdz...","og_url":"https:\/\/www.axiomams.eu\/lv\/produktas\/testo-915i-temperaturas-zonde-0563-4915","og_site_name":"AXIOMA MS","article_publisher":"https:\/\/www.facebook.com\/AxiomaMS","article_modified_time":"2026-03-25T15:02:41+00:00","og_image":[{"width":800,"height":800,"url":"https:\/\/www.axiomams.eu\/wp-content\/uploads\/2025\/07\/4605-5923.jpg","type":"image\/jpeg"}],"twitter_card":"summary_large_image","twitter_misc":{"Est. reading time":"1 minute"},"schema":{"@context":"https:\/\/schema.org","@graph":[{"@type":"WebPage","@id":"https:\/\/www.axiomams.eu\/lv\/produktas\/testo-915i-temperaturas-zonde-0563-4915","url":"https:\/\/www.axiomams.eu\/lv\/produktas\/testo-915i-temperaturas-zonde-0563-4915","name":"Testo 915i temperat\u016bras zonde (0563 4915) - AXIOMA MS","isPartOf":{"@id":"https:\/\/www.axiomams.eu\/lv#website"},"primaryImageOfPage":{"@id":"https:\/\/www.axiomams.eu\/lv\/produktas\/testo-915i-temperaturas-zonde-0563-4915#primaryimage"},"image":{"@id":"https:\/\/www.axiomams.eu\/lv\/produktas\/testo-915i-temperaturas-zonde-0563-4915#primaryimage"},"thumbnailUrl":"https:\/\/www.axiomams.eu\/wp-content\/uploads\/2025\/07\/4605-5923.jpg","datePublished":"2025-05-15T16:08:55+00:00","dateModified":"2026-03-25T15:02:41+00:00","breadcrumb":{"@id":"https:\/\/www.axiomams.eu\/lv\/produktas\/testo-915i-temperaturas-zonde-0563-4915#breadcrumb"},"inLanguage":"lv-LV","potentialAction":[{"@type":"ReadAction","target":["https:\/\/www.axiomams.eu\/lv\/produktas\/testo-915i-temperaturas-zonde-0563-4915"]}]},{"@type":"ImageObject","inLanguage":"lv-LV","@id":"https:\/\/www.axiomams.eu\/lv\/produktas\/testo-915i-temperaturas-zonde-0563-4915#primaryimage","url":"https:\/\/www.axiomams.eu\/wp-content\/uploads\/2025\/07\/4605-5923.jpg","contentUrl":"https:\/\/www.axiomams.eu\/wp-content\/uploads\/2025\/07\/4605-5923.jpg","width":800,"height":800},{"@type":"BreadcrumbList","@id":"https:\/\/www.axiomams.eu\/lv\/produktas\/testo-915i-temperaturas-zonde-0563-4915#breadcrumb","itemListElement":[{"@type":"ListItem","position":1,"name":"Home","item":"https:\/\/www.axiomams.eu\/lv"},{"@type":"ListItem","position":2,"name":"Produkti","item":"https:\/\/www.axiomams.eu\/lv\/produkti"},{"@type":"ListItem","position":3,"name":"Testo 915i temperat\u016bras zonde (0563 4915)"}]},{"@type":"WebSite","@id":"https:\/\/www.axiomams.eu\/lv#website","url":"https:\/\/www.axiomams.eu\/lv","name":"AXIOMA MS","description":"Terrmovizoriai ir matavimo \u012franga","publisher":{"@id":"https:\/\/www.axiomams.eu\/lv#organization"},"potentialAction":[{"@type":"SearchAction","target":{"@type":"EntryPoint","urlTemplate":"https:\/\/www.axiomams.eu\/lv?s={search_term_string}"},"query-input":{"@type":"PropertyValueSpecification","valueRequired":true,"valueName":"search_term_string"}}],"inLanguage":"lv-LV"},{"@type":"Organization","@id":"https:\/\/www.axiomams.eu\/lv#organization","name":"AXIOMA MS","url":"https:\/\/www.axiomams.eu\/lv","logo":{"@type":"ImageObject","inLanguage":"lv-LV","@id":"https:\/\/www.axiomams.eu\/lv#\/schema\/logo\/image\/","url":"https:\/\/www.axiomams.eu\/wp-content\/uploads\/2025\/06\/axioma-logo-2.png","contentUrl":"https:\/\/www.axiomams.eu\/wp-content\/uploads\/2025\/06\/axioma-logo-2.png","width":1200,"height":1200,"caption":"AXIOMA MS"},"image":{"@id":"https:\/\/www.axiomams.eu\/lv#\/schema\/logo\/image\/"},"sameAs":["https:\/\/www.facebook.com\/AxiomaMS","https:\/\/www.linkedin.com\/company\/axiomams\/"]}]}},"_links":{"self":[{"href":"https:\/\/www.axiomams.eu\/lv\/wp-json\/wp\/v2\/product\/39506","targetHints":{"allow":["GET"]}}],"collection":[{"href":"https:\/\/www.axiomams.eu\/lv\/wp-json\/wp\/v2\/product"}],"about":[{"href":"https:\/\/www.axiomams.eu\/lv\/wp-json\/wp\/v2\/types\/product"}],"replies":[{"embeddable":true,"href":"https:\/\/www.axiomams.eu\/lv\/wp-json\/wp\/v2\/comments?post=39506"}],"wp:featuredmedia":[{"embeddable":true,"href":"https:\/\/www.axiomams.eu\/lv\/wp-json\/wp\/v2\/media\/42717"}],"wp:attachment":[{"href":"https:\/\/www.axiomams.eu\/lv\/wp-json\/wp\/v2\/media?parent=39506"}],"wp:term":[{"taxonomy":"product_brand","embeddable":true,"href":"https:\/\/www.axiomams.eu\/lv\/wp-json\/wp\/v2\/product_brand?post=39506"},{"taxonomy":"product_cat","embeddable":true,"href":"https:\/\/www.axiomams.eu\/lv\/wp-json\/wp\/v2\/product_cat?post=39506"},{"taxonomy":"product_tag","embeddable":true,"href":"https:\/\/www.axiomams.eu\/lv\/wp-json\/wp\/v2\/product_tag?post=39506"}],"curies":[{"name":"wp","href":"https:\/\/api.w.org\/{rel}","templated":true}]}}