{"id":39512,"date":"2025-05-15T18:15:13","date_gmt":"2025-05-15T16:15:13","guid":{"rendered":"https:\/\/www.axiomams.eu\/produktas\/mru-949102-novacompact-portativais-daudzfunkcionalais-degsanas-analizators"},"modified":"2026-03-25T17:02:42","modified_gmt":"2026-03-25T15:02:42","slug":"mru-949102-novacompact-portativais-daudzfunkcionalais-degsanas-analizators","status":"publish","type":"product","link":"https:\/\/www.axiomams.eu\/lv\/produktas\/mru-949102-novacompact-portativais-daudzfunkcionalais-degsanas-analizators","title":{"rendered":"MRU 949102 &#8211; NOVAcompact portat\u012bvais daudzfunkcion\u0101lais deg\u0161anas analizators"},"content":{"rendered":"<p>Vienlaic\u012bgi veic l\u012bdz pat 4 g\u0101zu komponentu m\u0113r\u012bjumus!<br \/>\nG\u0101zes temperat\u016bras m\u0113r\u012bjumi l\u012bdz 2 012 \u00b0F (ner\u016bs\u0113jo\u0161ais t\u0113rauds l\u012bdz 1 200 \u00b0F, Inconel caurules l\u012bdz 2 012 \u00b0F).<br \/>\nLiels kondens\u0101ta separators ar PTFE (teflona) p\u0101rkl\u0101jumu (p\u0113c izv\u0113les ar g\u0101zes dzes\u0113t\u0101ju).<br \/>\nGaisa att\u012br\u012b\u0161anas s\u016bknis CO sensora aizsardz\u012bbai<br \/>\nIeb\u016bv\u0113ts printeris ar vieglu pap\u012bra iel\u0101di<br \/>\nIek\u0161\u0113j\u0101 datu kr\u0101tuve l\u012bdz 16 000 m\u0113r\u012bjumu!<br \/>\nDarb\u012bba ar akumulatoru un t\u012bkla str\u0101vu:<br \/>\nAugstas ener\u0123ijas Li-Ion akumulators (l\u012bdz 10 stund\u0101m darb\u012bbas \/ ar g\u0101zes dzes\u0113t\u0101ju aptuveni 2 &#8211; 3 stundas).<br \/>\nSienas kontaktdak\u0161a, univers\u0101ls t\u012bkla baro\u0161anas avots, 100-240 Vac\/50-60 Hz \/ 12 V l\u012bdzstr\u0101vas<br \/>\nKr\u0101sains TFT displejs ar aizmugur\u0113jo apgaismojumu<br \/>\nIztur\u012bga un pret net\u012brumiem iztur\u012bga LED apgaismota tastat\u016bra<br \/>\nKompakts un iztur\u012bgs transport\u0113\u0161anas korpuss<\/p>\n<h3>Tehnisk\u0101 inform\u0101cija:<\/h3>\n<ul>\n<li><a href=\"https:\/\/axiomams.eu\/importer\/export\/attachments\/en\/nova-compact-brochure-2017.pdf\" target=\"_blank\">NOVA-compact-Brochure-2017.pdf<\/a><\/li>\n<\/ul>\n","protected":false},"excerpt":{"rendered":"<p>Vienlaic\u012bgi veic l\u012bdz pat 4 g\u0101zu komponentu m\u0113r\u012bjumus! G\u0101zes temperat\u016bras m\u0113r\u012bjumi l\u012bdz 2 012 \u00b0F (ner\u016bs\u0113jo\u0161ais t\u0113rauds l\u012bdz 1 200 \u00b0F, Inconel caurules l\u012bdz 2 012 \u00b0F). Liels kondens\u0101ta separators ar PTFE (teflona) p\u0101rkl\u0101jumu (p\u0113c izv\u0113les ar g\u0101zes dzes\u0113t\u0101ju). Gaisa att\u012br\u012b\u0161anas s\u016bknis CO sensora aizsardz\u012bbai Ieb\u016bv\u0113ts printeris ar vieglu pap\u012bra iel\u0101di Iek\u0161\u0113j\u0101 datu kr\u0101tuve l\u012bdz&#8230;<\/p>\n","protected":false},"featured_media":43215,"comment_status":"open","ping_status":"closed","template":"","meta":{"_acf_changed":false},"product_brand":[1897],"product_cat":[17773],"product_tag":[],"class_list":{"0":"post-39512","1":"product","2":"type-product","3":"status-publish","4":"has-post-thumbnail","6":"product_brand-mru","7":"product_cat-pielikumi","9":"first","10":"instock","11":"taxable","12":"shipping-taxable","13":"purchasable","14":"product-type-simple"},"acf":[],"yoast_head":"<!-- This site is optimized with the Yoast SEO plugin v27.0 - https:\/\/yoast.com\/product\/yoast-seo-wordpress\/ -->\n<title>MRU 949102 - NOVAcompact portat\u012bvais daudzfunkcion\u0101lais deg\u0161anas analizators - AXIOMA MS<\/title>\n<meta name=\"robots\" content=\"index, follow, max-snippet:-1, max-image-preview:large, max-video-preview:-1\" \/>\n<link rel=\"canonical\" href=\"https:\/\/www.axiomams.eu\/lv\/produktas\/mru-949102-novacompact-portativais-daudzfunkcionalais-degsanas-analizators\" \/>\n<meta property=\"og:locale\" content=\"lv_LV\" \/>\n<meta property=\"og:type\" content=\"article\" \/>\n<meta property=\"og:title\" content=\"MRU 949102 - NOVAcompact portat\u012bvais daudzfunkcion\u0101lais deg\u0161anas analizators - AXIOMA MS\" \/>\n<meta property=\"og:description\" content=\"Vienlaic\u012bgi veic l\u012bdz pat 4 g\u0101zu komponentu m\u0113r\u012bjumus! G\u0101zes temperat\u016bras m\u0113r\u012bjumi l\u012bdz 2 012 \u00b0F (ner\u016bs\u0113jo\u0161ais t\u0113rauds l\u012bdz 1 200 \u00b0F, Inconel caurules l\u012bdz 2 012 \u00b0F). Liels kondens\u0101ta separators ar PTFE (teflona) p\u0101rkl\u0101jumu (p\u0113c izv\u0113les ar g\u0101zes dzes\u0113t\u0101ju). Gaisa att\u012br\u012b\u0161anas s\u016bknis CO sensora aizsardz\u012bbai Ieb\u016bv\u0113ts printeris ar vieglu pap\u012bra iel\u0101di Iek\u0161\u0113j\u0101 datu kr\u0101tuve l\u012bdz...\" \/>\n<meta property=\"og:url\" content=\"https:\/\/www.axiomams.eu\/lv\/produktas\/mru-949102-novacompact-portativais-daudzfunkcionalais-degsanas-analizators\" \/>\n<meta property=\"og:site_name\" content=\"AXIOMA MS\" \/>\n<meta property=\"article:publisher\" content=\"https:\/\/www.facebook.com\/AxiomaMS\" \/>\n<meta property=\"article:modified_time\" content=\"2026-03-25T15:02:42+00:00\" \/>\n<meta property=\"og:image\" content=\"https:\/\/www.axiomams.eu\/wp-content\/uploads\/2025\/07\/2251-2913.jpg\" \/>\n\t<meta property=\"og:image:width\" content=\"826\" \/>\n\t<meta property=\"og:image:height\" content=\"826\" \/>\n\t<meta property=\"og:image:type\" content=\"image\/jpeg\" \/>\n<meta name=\"twitter:card\" content=\"summary_large_image\" \/>\n<meta name=\"twitter:label1\" content=\"Est. reading time\" \/>\n\t<meta name=\"twitter:data1\" content=\"1 minute\" \/>\n<script type=\"application\/ld+json\" class=\"yoast-schema-graph\">{\"@context\":\"https:\/\/schema.org\",\"@graph\":[{\"@type\":\"WebPage\",\"@id\":\"https:\/\/www.axiomams.eu\/lv\/produktas\/mru-949102-novacompact-portativais-daudzfunkcionalais-degsanas-analizators\",\"url\":\"https:\/\/www.axiomams.eu\/lv\/produktas\/mru-949102-novacompact-portativais-daudzfunkcionalais-degsanas-analizators\",\"name\":\"MRU 949102 - NOVAcompact portat\u012bvais daudzfunkcion\u0101lais deg\u0161anas analizators - AXIOMA MS\",\"isPartOf\":{\"@id\":\"https:\/\/www.axiomams.eu\/lv#website\"},\"primaryImageOfPage\":{\"@id\":\"https:\/\/www.axiomams.eu\/lv\/produktas\/mru-949102-novacompact-portativais-daudzfunkcionalais-degsanas-analizators#primaryimage\"},\"image\":{\"@id\":\"https:\/\/www.axiomams.eu\/lv\/produktas\/mru-949102-novacompact-portativais-daudzfunkcionalais-degsanas-analizators#primaryimage\"},\"thumbnailUrl\":\"https:\/\/www.axiomams.eu\/wp-content\/uploads\/2025\/07\/2251-2913.jpg\",\"datePublished\":\"2025-05-15T16:15:13+00:00\",\"dateModified\":\"2026-03-25T15:02:42+00:00\",\"breadcrumb\":{\"@id\":\"https:\/\/www.axiomams.eu\/lv\/produktas\/mru-949102-novacompact-portativais-daudzfunkcionalais-degsanas-analizators#breadcrumb\"},\"inLanguage\":\"lv-LV\",\"potentialAction\":[{\"@type\":\"ReadAction\",\"target\":[\"https:\/\/www.axiomams.eu\/lv\/produktas\/mru-949102-novacompact-portativais-daudzfunkcionalais-degsanas-analizators\"]}]},{\"@type\":\"ImageObject\",\"inLanguage\":\"lv-LV\",\"@id\":\"https:\/\/www.axiomams.eu\/lv\/produktas\/mru-949102-novacompact-portativais-daudzfunkcionalais-degsanas-analizators#primaryimage\",\"url\":\"https:\/\/www.axiomams.eu\/wp-content\/uploads\/2025\/07\/2251-2913.jpg\",\"contentUrl\":\"https:\/\/www.axiomams.eu\/wp-content\/uploads\/2025\/07\/2251-2913.jpg\",\"width\":826,\"height\":826},{\"@type\":\"BreadcrumbList\",\"@id\":\"https:\/\/www.axiomams.eu\/lv\/produktas\/mru-949102-novacompact-portativais-daudzfunkcionalais-degsanas-analizators#breadcrumb\",\"itemListElement\":[{\"@type\":\"ListItem\",\"position\":1,\"name\":\"Home\",\"item\":\"https:\/\/www.axiomams.eu\/lv\"},{\"@type\":\"ListItem\",\"position\":2,\"name\":\"Produkti\",\"item\":\"https:\/\/www.axiomams.eu\/lv\/produkti\"},{\"@type\":\"ListItem\",\"position\":3,\"name\":\"MRU 949102 &#8211; NOVAcompact portat\u012bvais daudzfunkcion\u0101lais deg\u0161anas analizators\"}]},{\"@type\":\"WebSite\",\"@id\":\"https:\/\/www.axiomams.eu\/lv#website\",\"url\":\"https:\/\/www.axiomams.eu\/lv\",\"name\":\"AXIOMA MS\",\"description\":\"Terrmovizoriai ir matavimo \u012franga\",\"publisher\":{\"@id\":\"https:\/\/www.axiomams.eu\/lv#organization\"},\"potentialAction\":[{\"@type\":\"SearchAction\",\"target\":{\"@type\":\"EntryPoint\",\"urlTemplate\":\"https:\/\/www.axiomams.eu\/lv?s={search_term_string}\"},\"query-input\":{\"@type\":\"PropertyValueSpecification\",\"valueRequired\":true,\"valueName\":\"search_term_string\"}}],\"inLanguage\":\"lv-LV\"},{\"@type\":\"Organization\",\"@id\":\"https:\/\/www.axiomams.eu\/lv#organization\",\"name\":\"AXIOMA MS\",\"url\":\"https:\/\/www.axiomams.eu\/lv\",\"logo\":{\"@type\":\"ImageObject\",\"inLanguage\":\"lv-LV\",\"@id\":\"https:\/\/www.axiomams.eu\/lv#\/schema\/logo\/image\/\",\"url\":\"https:\/\/www.axiomams.eu\/wp-content\/uploads\/2025\/06\/axioma-logo-2.png\",\"contentUrl\":\"https:\/\/www.axiomams.eu\/wp-content\/uploads\/2025\/06\/axioma-logo-2.png\",\"width\":1200,\"height\":1200,\"caption\":\"AXIOMA MS\"},\"image\":{\"@id\":\"https:\/\/www.axiomams.eu\/lv#\/schema\/logo\/image\/\"},\"sameAs\":[\"https:\/\/www.facebook.com\/AxiomaMS\",\"https:\/\/www.linkedin.com\/company\/axiomams\/\"]}]}<\/script>\n<!-- \/ Yoast SEO plugin. -->","yoast_head_json":{"title":"MRU 949102 - NOVAcompact portat\u012bvais daudzfunkcion\u0101lais deg\u0161anas analizators - AXIOMA MS","robots":{"index":"index","follow":"follow","max-snippet":"max-snippet:-1","max-image-preview":"max-image-preview:large","max-video-preview":"max-video-preview:-1"},"canonical":"https:\/\/www.axiomams.eu\/lv\/produktas\/mru-949102-novacompact-portativais-daudzfunkcionalais-degsanas-analizators","og_locale":"lv_LV","og_type":"article","og_title":"MRU 949102 - NOVAcompact portat\u012bvais daudzfunkcion\u0101lais deg\u0161anas analizators - AXIOMA MS","og_description":"Vienlaic\u012bgi veic l\u012bdz pat 4 g\u0101zu komponentu m\u0113r\u012bjumus! G\u0101zes temperat\u016bras m\u0113r\u012bjumi l\u012bdz 2 012 \u00b0F (ner\u016bs\u0113jo\u0161ais t\u0113rauds l\u012bdz 1 200 \u00b0F, Inconel caurules l\u012bdz 2 012 \u00b0F). Liels kondens\u0101ta separators ar PTFE (teflona) p\u0101rkl\u0101jumu (p\u0113c izv\u0113les ar g\u0101zes dzes\u0113t\u0101ju). Gaisa att\u012br\u012b\u0161anas s\u016bknis CO sensora aizsardz\u012bbai Ieb\u016bv\u0113ts printeris ar vieglu pap\u012bra iel\u0101di Iek\u0161\u0113j\u0101 datu kr\u0101tuve l\u012bdz...","og_url":"https:\/\/www.axiomams.eu\/lv\/produktas\/mru-949102-novacompact-portativais-daudzfunkcionalais-degsanas-analizators","og_site_name":"AXIOMA MS","article_publisher":"https:\/\/www.facebook.com\/AxiomaMS","article_modified_time":"2026-03-25T15:02:42+00:00","og_image":[{"width":826,"height":826,"url":"https:\/\/www.axiomams.eu\/wp-content\/uploads\/2025\/07\/2251-2913.jpg","type":"image\/jpeg"}],"twitter_card":"summary_large_image","twitter_misc":{"Est. reading time":"1 minute"},"schema":{"@context":"https:\/\/schema.org","@graph":[{"@type":"WebPage","@id":"https:\/\/www.axiomams.eu\/lv\/produktas\/mru-949102-novacompact-portativais-daudzfunkcionalais-degsanas-analizators","url":"https:\/\/www.axiomams.eu\/lv\/produktas\/mru-949102-novacompact-portativais-daudzfunkcionalais-degsanas-analizators","name":"MRU 949102 - NOVAcompact portat\u012bvais daudzfunkcion\u0101lais deg\u0161anas analizators - AXIOMA MS","isPartOf":{"@id":"https:\/\/www.axiomams.eu\/lv#website"},"primaryImageOfPage":{"@id":"https:\/\/www.axiomams.eu\/lv\/produktas\/mru-949102-novacompact-portativais-daudzfunkcionalais-degsanas-analizators#primaryimage"},"image":{"@id":"https:\/\/www.axiomams.eu\/lv\/produktas\/mru-949102-novacompact-portativais-daudzfunkcionalais-degsanas-analizators#primaryimage"},"thumbnailUrl":"https:\/\/www.axiomams.eu\/wp-content\/uploads\/2025\/07\/2251-2913.jpg","datePublished":"2025-05-15T16:15:13+00:00","dateModified":"2026-03-25T15:02:42+00:00","breadcrumb":{"@id":"https:\/\/www.axiomams.eu\/lv\/produktas\/mru-949102-novacompact-portativais-daudzfunkcionalais-degsanas-analizators#breadcrumb"},"inLanguage":"lv-LV","potentialAction":[{"@type":"ReadAction","target":["https:\/\/www.axiomams.eu\/lv\/produktas\/mru-949102-novacompact-portativais-daudzfunkcionalais-degsanas-analizators"]}]},{"@type":"ImageObject","inLanguage":"lv-LV","@id":"https:\/\/www.axiomams.eu\/lv\/produktas\/mru-949102-novacompact-portativais-daudzfunkcionalais-degsanas-analizators#primaryimage","url":"https:\/\/www.axiomams.eu\/wp-content\/uploads\/2025\/07\/2251-2913.jpg","contentUrl":"https:\/\/www.axiomams.eu\/wp-content\/uploads\/2025\/07\/2251-2913.jpg","width":826,"height":826},{"@type":"BreadcrumbList","@id":"https:\/\/www.axiomams.eu\/lv\/produktas\/mru-949102-novacompact-portativais-daudzfunkcionalais-degsanas-analizators#breadcrumb","itemListElement":[{"@type":"ListItem","position":1,"name":"Home","item":"https:\/\/www.axiomams.eu\/lv"},{"@type":"ListItem","position":2,"name":"Produkti","item":"https:\/\/www.axiomams.eu\/lv\/produkti"},{"@type":"ListItem","position":3,"name":"MRU 949102 &#8211; NOVAcompact portat\u012bvais daudzfunkcion\u0101lais deg\u0161anas analizators"}]},{"@type":"WebSite","@id":"https:\/\/www.axiomams.eu\/lv#website","url":"https:\/\/www.axiomams.eu\/lv","name":"AXIOMA MS","description":"Terrmovizoriai ir matavimo \u012franga","publisher":{"@id":"https:\/\/www.axiomams.eu\/lv#organization"},"potentialAction":[{"@type":"SearchAction","target":{"@type":"EntryPoint","urlTemplate":"https:\/\/www.axiomams.eu\/lv?s={search_term_string}"},"query-input":{"@type":"PropertyValueSpecification","valueRequired":true,"valueName":"search_term_string"}}],"inLanguage":"lv-LV"},{"@type":"Organization","@id":"https:\/\/www.axiomams.eu\/lv#organization","name":"AXIOMA MS","url":"https:\/\/www.axiomams.eu\/lv","logo":{"@type":"ImageObject","inLanguage":"lv-LV","@id":"https:\/\/www.axiomams.eu\/lv#\/schema\/logo\/image\/","url":"https:\/\/www.axiomams.eu\/wp-content\/uploads\/2025\/06\/axioma-logo-2.png","contentUrl":"https:\/\/www.axiomams.eu\/wp-content\/uploads\/2025\/06\/axioma-logo-2.png","width":1200,"height":1200,"caption":"AXIOMA MS"},"image":{"@id":"https:\/\/www.axiomams.eu\/lv#\/schema\/logo\/image\/"},"sameAs":["https:\/\/www.facebook.com\/AxiomaMS","https:\/\/www.linkedin.com\/company\/axiomams\/"]}]}},"_links":{"self":[{"href":"https:\/\/www.axiomams.eu\/lv\/wp-json\/wp\/v2\/product\/39512","targetHints":{"allow":["GET"]}}],"collection":[{"href":"https:\/\/www.axiomams.eu\/lv\/wp-json\/wp\/v2\/product"}],"about":[{"href":"https:\/\/www.axiomams.eu\/lv\/wp-json\/wp\/v2\/types\/product"}],"replies":[{"embeddable":true,"href":"https:\/\/www.axiomams.eu\/lv\/wp-json\/wp\/v2\/comments?post=39512"}],"wp:featuredmedia":[{"embeddable":true,"href":"https:\/\/www.axiomams.eu\/lv\/wp-json\/wp\/v2\/media\/43215"}],"wp:attachment":[{"href":"https:\/\/www.axiomams.eu\/lv\/wp-json\/wp\/v2\/media?parent=39512"}],"wp:term":[{"taxonomy":"product_brand","embeddable":true,"href":"https:\/\/www.axiomams.eu\/lv\/wp-json\/wp\/v2\/product_brand?post=39512"},{"taxonomy":"product_cat","embeddable":true,"href":"https:\/\/www.axiomams.eu\/lv\/wp-json\/wp\/v2\/product_cat?post=39512"},{"taxonomy":"product_tag","embeddable":true,"href":"https:\/\/www.axiomams.eu\/lv\/wp-json\/wp\/v2\/product_tag?post=39512"}],"curies":[{"name":"wp","href":"https:\/\/api.w.org\/{rel}","templated":true}]}}