{"id":39513,"date":"2025-05-15T18:10:20","date_gmt":"2025-05-15T16:10:20","guid":{"rendered":"https:\/\/www.axiomams.eu\/produktas\/hioki-9675-nopludes-stravas-merisanas-skavas"},"modified":"2026-03-25T17:02:42","modified_gmt":"2026-03-25T15:02:42","slug":"hioki-9675-nopludes-stravas-merisanas-skavas","status":"publish","type":"product","link":"https:\/\/www.axiomams.eu\/lv\/produktas\/hioki-9675-nopludes-stravas-merisanas-skavas","title":{"rendered":"HIOKI 9675 &#8211; Nopl\u016bdes str\u0101vas m\u0113r\u012b\u0161anas skavas"},"content":{"rendered":"<p>Izm\u0113r\u0101mais vadu diametrs: 100 mm.<br \/>\nStr\u0101vas m\u0113r\u012b\u0161anas diapazons: 0,2 A &#8230; 5000 A<br \/>\nPrecizit\u0101te: \u00b12,0% nolas\u012bjuma \u00b10,3% no skalas.<br \/>\nP\u0101rsprieguma kategorija: CAT III 1000 V (vid\u0113jais kvadr\u0101tiskais spriegums) \/ CAT IV 600 V (vid\u0113jais kvadr\u0101tiskais spriegums)<\/p>\n<h3>Tehnisk\u0101 inform\u0101cija:<\/h3>\n<ul>\n<li><a href=\"https:\/\/axiomams.eu\/importer\/export\/attachments\/en\/hioki-sf1001---power-logger-viewer.pdf\" target=\"_blank\">Hioki SF1001 &#8211; POWER LOGGER VIEWER.pdf<\/a><\/li>\n<\/ul>\n","protected":false},"excerpt":{"rendered":"<p>Izm\u0113r\u0101mais vadu diametrs: 100 mm. Str\u0101vas m\u0113r\u012b\u0161anas diapazons: 0,2 A &#8230; 5000 A Precizit\u0101te: \u00b12,0% nolas\u012bjuma \u00b10,3% no skalas. P\u0101rsprieguma kategorija: CAT III 1000 V (vid\u0113jais kvadr\u0101tiskais spriegums) \/ CAT IV 600 V (vid\u0113jais kvadr\u0101tiskais spriegums) Tehnisk\u0101 inform\u0101cija: Hioki SF1001 &#8211; POWER LOGGER VIEWER.pdf<\/p>\n","protected":false},"featured_media":42729,"comment_status":"open","ping_status":"closed","template":"","meta":{"_acf_changed":false},"product_brand":[1112],"product_cat":[],"product_tag":[],"class_list":{"0":"post-39513","1":"product","2":"type-product","3":"status-publish","4":"has-post-thumbnail","6":"product_brand-hioki","8":"first","9":"instock","10":"taxable","11":"shipping-taxable","12":"product-type-simple"},"acf":[],"yoast_head":"<!-- This site is optimized with the Yoast SEO plugin v27.0 - https:\/\/yoast.com\/product\/yoast-seo-wordpress\/ -->\n<title>HIOKI 9675 - Nopl\u016bdes str\u0101vas m\u0113r\u012b\u0161anas skavas - AXIOMA MS<\/title>\n<meta name=\"robots\" content=\"index, follow, max-snippet:-1, max-image-preview:large, max-video-preview:-1\" \/>\n<link rel=\"canonical\" href=\"https:\/\/www.axiomams.eu\/lv\/produktas\/hioki-9675-nopludes-stravas-merisanas-skavas\" \/>\n<meta property=\"og:locale\" content=\"lv_LV\" \/>\n<meta property=\"og:type\" content=\"article\" \/>\n<meta property=\"og:title\" content=\"HIOKI 9675 - Nopl\u016bdes str\u0101vas m\u0113r\u012b\u0161anas skavas - AXIOMA MS\" \/>\n<meta property=\"og:description\" content=\"Izm\u0113r\u0101mais vadu diametrs: 100 mm. Str\u0101vas m\u0113r\u012b\u0161anas diapazons: 0,2 A &#8230; 5000 A Precizit\u0101te: \u00b12,0% nolas\u012bjuma \u00b10,3% no skalas. P\u0101rsprieguma kategorija: CAT III 1000 V (vid\u0113jais kvadr\u0101tiskais spriegums) \/ CAT IV 600 V (vid\u0113jais kvadr\u0101tiskais spriegums) Tehnisk\u0101 inform\u0101cija: Hioki SF1001 &#8211; POWER LOGGER VIEWER.pdf\" \/>\n<meta property=\"og:url\" content=\"https:\/\/www.axiomams.eu\/lv\/produktas\/hioki-9675-nopludes-stravas-merisanas-skavas\" \/>\n<meta property=\"og:site_name\" content=\"AXIOMA MS\" \/>\n<meta property=\"article:publisher\" content=\"https:\/\/www.facebook.com\/AxiomaMS\" \/>\n<meta property=\"article:modified_time\" content=\"2026-03-25T15:02:42+00:00\" \/>\n<meta property=\"og:image\" content=\"https:\/\/www.axiomams.eu\/wp-content\/uploads\/2025\/07\/2734-3548.jpg\" \/>\n\t<meta property=\"og:image:width\" content=\"1195\" \/>\n\t<meta property=\"og:image:height\" content=\"1020\" \/>\n\t<meta property=\"og:image:type\" content=\"image\/jpeg\" \/>\n<meta name=\"twitter:card\" content=\"summary_large_image\" \/>\n<script type=\"application\/ld+json\" class=\"yoast-schema-graph\">{\"@context\":\"https:\/\/schema.org\",\"@graph\":[{\"@type\":\"WebPage\",\"@id\":\"https:\/\/www.axiomams.eu\/lv\/produktas\/hioki-9675-nopludes-stravas-merisanas-skavas\",\"url\":\"https:\/\/www.axiomams.eu\/lv\/produktas\/hioki-9675-nopludes-stravas-merisanas-skavas\",\"name\":\"HIOKI 9675 - Nopl\u016bdes str\u0101vas m\u0113r\u012b\u0161anas skavas - AXIOMA MS\",\"isPartOf\":{\"@id\":\"https:\/\/www.axiomams.eu\/lv#website\"},\"primaryImageOfPage\":{\"@id\":\"https:\/\/www.axiomams.eu\/lv\/produktas\/hioki-9675-nopludes-stravas-merisanas-skavas#primaryimage\"},\"image\":{\"@id\":\"https:\/\/www.axiomams.eu\/lv\/produktas\/hioki-9675-nopludes-stravas-merisanas-skavas#primaryimage\"},\"thumbnailUrl\":\"https:\/\/www.axiomams.eu\/wp-content\/uploads\/2025\/07\/2734-3548.jpg\",\"datePublished\":\"2025-05-15T16:10:20+00:00\",\"dateModified\":\"2026-03-25T15:02:42+00:00\",\"breadcrumb\":{\"@id\":\"https:\/\/www.axiomams.eu\/lv\/produktas\/hioki-9675-nopludes-stravas-merisanas-skavas#breadcrumb\"},\"inLanguage\":\"lv-LV\",\"potentialAction\":[{\"@type\":\"ReadAction\",\"target\":[\"https:\/\/www.axiomams.eu\/lv\/produktas\/hioki-9675-nopludes-stravas-merisanas-skavas\"]}]},{\"@type\":\"ImageObject\",\"inLanguage\":\"lv-LV\",\"@id\":\"https:\/\/www.axiomams.eu\/lv\/produktas\/hioki-9675-nopludes-stravas-merisanas-skavas#primaryimage\",\"url\":\"https:\/\/www.axiomams.eu\/wp-content\/uploads\/2025\/07\/2734-3548.jpg\",\"contentUrl\":\"https:\/\/www.axiomams.eu\/wp-content\/uploads\/2025\/07\/2734-3548.jpg\",\"width\":1195,\"height\":1020},{\"@type\":\"BreadcrumbList\",\"@id\":\"https:\/\/www.axiomams.eu\/lv\/produktas\/hioki-9675-nopludes-stravas-merisanas-skavas#breadcrumb\",\"itemListElement\":[{\"@type\":\"ListItem\",\"position\":1,\"name\":\"Home\",\"item\":\"https:\/\/www.axiomams.eu\/lv\"},{\"@type\":\"ListItem\",\"position\":2,\"name\":\"Produkti\",\"item\":\"https:\/\/www.axiomams.eu\/lv\/produkti\"},{\"@type\":\"ListItem\",\"position\":3,\"name\":\"HIOKI 9675 &#8211; Nopl\u016bdes str\u0101vas m\u0113r\u012b\u0161anas skavas\"}]},{\"@type\":\"WebSite\",\"@id\":\"https:\/\/www.axiomams.eu\/lv#website\",\"url\":\"https:\/\/www.axiomams.eu\/lv\",\"name\":\"AXIOMA MS\",\"description\":\"Terrmovizoriai ir matavimo \u012franga\",\"publisher\":{\"@id\":\"https:\/\/www.axiomams.eu\/lv#organization\"},\"potentialAction\":[{\"@type\":\"SearchAction\",\"target\":{\"@type\":\"EntryPoint\",\"urlTemplate\":\"https:\/\/www.axiomams.eu\/lv?s={search_term_string}\"},\"query-input\":{\"@type\":\"PropertyValueSpecification\",\"valueRequired\":true,\"valueName\":\"search_term_string\"}}],\"inLanguage\":\"lv-LV\"},{\"@type\":\"Organization\",\"@id\":\"https:\/\/www.axiomams.eu\/lv#organization\",\"name\":\"AXIOMA MS\",\"url\":\"https:\/\/www.axiomams.eu\/lv\",\"logo\":{\"@type\":\"ImageObject\",\"inLanguage\":\"lv-LV\",\"@id\":\"https:\/\/www.axiomams.eu\/lv#\/schema\/logo\/image\/\",\"url\":\"https:\/\/www.axiomams.eu\/wp-content\/uploads\/2025\/06\/axioma-logo-2.png\",\"contentUrl\":\"https:\/\/www.axiomams.eu\/wp-content\/uploads\/2025\/06\/axioma-logo-2.png\",\"width\":1200,\"height\":1200,\"caption\":\"AXIOMA MS\"},\"image\":{\"@id\":\"https:\/\/www.axiomams.eu\/lv#\/schema\/logo\/image\/\"},\"sameAs\":[\"https:\/\/www.facebook.com\/AxiomaMS\",\"https:\/\/www.linkedin.com\/company\/axiomams\/\"]}]}<\/script>\n<!-- \/ Yoast SEO plugin. -->","yoast_head_json":{"title":"HIOKI 9675 - Nopl\u016bdes str\u0101vas m\u0113r\u012b\u0161anas skavas - AXIOMA MS","robots":{"index":"index","follow":"follow","max-snippet":"max-snippet:-1","max-image-preview":"max-image-preview:large","max-video-preview":"max-video-preview:-1"},"canonical":"https:\/\/www.axiomams.eu\/lv\/produktas\/hioki-9675-nopludes-stravas-merisanas-skavas","og_locale":"lv_LV","og_type":"article","og_title":"HIOKI 9675 - Nopl\u016bdes str\u0101vas m\u0113r\u012b\u0161anas skavas - AXIOMA MS","og_description":"Izm\u0113r\u0101mais vadu diametrs: 100 mm. Str\u0101vas m\u0113r\u012b\u0161anas diapazons: 0,2 A &#8230; 5000 A Precizit\u0101te: \u00b12,0% nolas\u012bjuma \u00b10,3% no skalas. P\u0101rsprieguma kategorija: CAT III 1000 V (vid\u0113jais kvadr\u0101tiskais spriegums) \/ CAT IV 600 V (vid\u0113jais kvadr\u0101tiskais spriegums) Tehnisk\u0101 inform\u0101cija: Hioki SF1001 &#8211; POWER LOGGER VIEWER.pdf","og_url":"https:\/\/www.axiomams.eu\/lv\/produktas\/hioki-9675-nopludes-stravas-merisanas-skavas","og_site_name":"AXIOMA MS","article_publisher":"https:\/\/www.facebook.com\/AxiomaMS","article_modified_time":"2026-03-25T15:02:42+00:00","og_image":[{"width":1195,"height":1020,"url":"https:\/\/www.axiomams.eu\/wp-content\/uploads\/2025\/07\/2734-3548.jpg","type":"image\/jpeg"}],"twitter_card":"summary_large_image","schema":{"@context":"https:\/\/schema.org","@graph":[{"@type":"WebPage","@id":"https:\/\/www.axiomams.eu\/lv\/produktas\/hioki-9675-nopludes-stravas-merisanas-skavas","url":"https:\/\/www.axiomams.eu\/lv\/produktas\/hioki-9675-nopludes-stravas-merisanas-skavas","name":"HIOKI 9675 - Nopl\u016bdes str\u0101vas m\u0113r\u012b\u0161anas skavas - AXIOMA MS","isPartOf":{"@id":"https:\/\/www.axiomams.eu\/lv#website"},"primaryImageOfPage":{"@id":"https:\/\/www.axiomams.eu\/lv\/produktas\/hioki-9675-nopludes-stravas-merisanas-skavas#primaryimage"},"image":{"@id":"https:\/\/www.axiomams.eu\/lv\/produktas\/hioki-9675-nopludes-stravas-merisanas-skavas#primaryimage"},"thumbnailUrl":"https:\/\/www.axiomams.eu\/wp-content\/uploads\/2025\/07\/2734-3548.jpg","datePublished":"2025-05-15T16:10:20+00:00","dateModified":"2026-03-25T15:02:42+00:00","breadcrumb":{"@id":"https:\/\/www.axiomams.eu\/lv\/produktas\/hioki-9675-nopludes-stravas-merisanas-skavas#breadcrumb"},"inLanguage":"lv-LV","potentialAction":[{"@type":"ReadAction","target":["https:\/\/www.axiomams.eu\/lv\/produktas\/hioki-9675-nopludes-stravas-merisanas-skavas"]}]},{"@type":"ImageObject","inLanguage":"lv-LV","@id":"https:\/\/www.axiomams.eu\/lv\/produktas\/hioki-9675-nopludes-stravas-merisanas-skavas#primaryimage","url":"https:\/\/www.axiomams.eu\/wp-content\/uploads\/2025\/07\/2734-3548.jpg","contentUrl":"https:\/\/www.axiomams.eu\/wp-content\/uploads\/2025\/07\/2734-3548.jpg","width":1195,"height":1020},{"@type":"BreadcrumbList","@id":"https:\/\/www.axiomams.eu\/lv\/produktas\/hioki-9675-nopludes-stravas-merisanas-skavas#breadcrumb","itemListElement":[{"@type":"ListItem","position":1,"name":"Home","item":"https:\/\/www.axiomams.eu\/lv"},{"@type":"ListItem","position":2,"name":"Produkti","item":"https:\/\/www.axiomams.eu\/lv\/produkti"},{"@type":"ListItem","position":3,"name":"HIOKI 9675 &#8211; Nopl\u016bdes str\u0101vas m\u0113r\u012b\u0161anas skavas"}]},{"@type":"WebSite","@id":"https:\/\/www.axiomams.eu\/lv#website","url":"https:\/\/www.axiomams.eu\/lv","name":"AXIOMA MS","description":"Terrmovizoriai ir matavimo \u012franga","publisher":{"@id":"https:\/\/www.axiomams.eu\/lv#organization"},"potentialAction":[{"@type":"SearchAction","target":{"@type":"EntryPoint","urlTemplate":"https:\/\/www.axiomams.eu\/lv?s={search_term_string}"},"query-input":{"@type":"PropertyValueSpecification","valueRequired":true,"valueName":"search_term_string"}}],"inLanguage":"lv-LV"},{"@type":"Organization","@id":"https:\/\/www.axiomams.eu\/lv#organization","name":"AXIOMA MS","url":"https:\/\/www.axiomams.eu\/lv","logo":{"@type":"ImageObject","inLanguage":"lv-LV","@id":"https:\/\/www.axiomams.eu\/lv#\/schema\/logo\/image\/","url":"https:\/\/www.axiomams.eu\/wp-content\/uploads\/2025\/06\/axioma-logo-2.png","contentUrl":"https:\/\/www.axiomams.eu\/wp-content\/uploads\/2025\/06\/axioma-logo-2.png","width":1200,"height":1200,"caption":"AXIOMA MS"},"image":{"@id":"https:\/\/www.axiomams.eu\/lv#\/schema\/logo\/image\/"},"sameAs":["https:\/\/www.facebook.com\/AxiomaMS","https:\/\/www.linkedin.com\/company\/axiomams\/"]}]}},"_links":{"self":[{"href":"https:\/\/www.axiomams.eu\/lv\/wp-json\/wp\/v2\/product\/39513","targetHints":{"allow":["GET"]}}],"collection":[{"href":"https:\/\/www.axiomams.eu\/lv\/wp-json\/wp\/v2\/product"}],"about":[{"href":"https:\/\/www.axiomams.eu\/lv\/wp-json\/wp\/v2\/types\/product"}],"replies":[{"embeddable":true,"href":"https:\/\/www.axiomams.eu\/lv\/wp-json\/wp\/v2\/comments?post=39513"}],"wp:featuredmedia":[{"embeddable":true,"href":"https:\/\/www.axiomams.eu\/lv\/wp-json\/wp\/v2\/media\/42729"}],"wp:attachment":[{"href":"https:\/\/www.axiomams.eu\/lv\/wp-json\/wp\/v2\/media?parent=39513"}],"wp:term":[{"taxonomy":"product_brand","embeddable":true,"href":"https:\/\/www.axiomams.eu\/lv\/wp-json\/wp\/v2\/product_brand?post=39513"},{"taxonomy":"product_cat","embeddable":true,"href":"https:\/\/www.axiomams.eu\/lv\/wp-json\/wp\/v2\/product_cat?post=39513"},{"taxonomy":"product_tag","embeddable":true,"href":"https:\/\/www.axiomams.eu\/lv\/wp-json\/wp\/v2\/product_tag?post=39513"}],"curies":[{"name":"wp","href":"https:\/\/api.w.org\/{rel}","templated":true}]}}