{"id":39562,"date":"2025-05-15T18:11:12","date_gmt":"2025-05-15T16:11:12","guid":{"rendered":"https:\/\/www.axiomams.eu\/produktas\/metrel-a-1500-piederumu-soma"},"modified":"2026-03-25T17:02:59","modified_gmt":"2026-03-25T15:02:59","slug":"metrel-a-1500-piederumu-soma","status":"publish","type":"product","link":"https:\/\/www.axiomams.eu\/lv\/produktas\/metrel-a-1500-piederumu-soma","title":{"rendered":"Metrel A 1500 &#8211; Piederumu soma"},"content":{"rendered":"<p>Metrel A 1500 &#8211; profesion\u0101ls aizsarg\u0101jo\u0161s \u016bdensnecaurlaid\u012bgs koferis, izgatavots no augstas triecieniztur\u012bbas plastmasas. Tam ir ar\u012b autom\u0101tisks spiediena izl\u012bdzin\u0101\u0161anas v\u0101rsts, kas nodro\u0161ina vieglu atv\u0113r\u0161anu p\u0113c augstuma vai temperat\u016bras izmai\u0146\u0101m. Iztur\u012bgs, ta\u010du viegls un piln\u012bb\u0101 \u016bdensnecaurlaid\u012bgs, \u0161is cietais aizsargv\u0101ci\u0146\u0161 nodro\u0161ina augst\u0101k\u0101s kvalit\u0101tes elektroener\u0123ijas kvalit\u0101tes instrumentu aizsardz\u012bbu.<\/p>\n","protected":false},"excerpt":{"rendered":"<p>Metrel A 1500 &#8211; profesion\u0101ls aizsarg\u0101jo\u0161s \u016bdensnecaurlaid\u012bgs koferis, izgatavots no augstas triecieniztur\u012bbas plastmasas. Tam ir ar\u012b autom\u0101tisks spiediena izl\u012bdzin\u0101\u0161anas v\u0101rsts, kas nodro\u0161ina vieglu atv\u0113r\u0161anu p\u0113c augstuma vai temperat\u016bras izmai\u0146\u0101m. Iztur\u012bgs, ta\u010du viegls un piln\u012bb\u0101 \u016bdensnecaurlaid\u012bgs, \u0161is cietais aizsargv\u0101ci\u0146\u0161 nodro\u0161ina augst\u0101k\u0101s kvalit\u0101tes elektroener\u0123ijas kvalit\u0101tes instrumentu aizsardz\u012bbu.<\/p>\n","protected":false},"featured_media":42825,"comment_status":"open","ping_status":"closed","template":"","meta":{"_acf_changed":false},"product_brand":[732],"product_cat":[],"product_tag":[],"class_list":{"0":"post-39562","1":"product","2":"type-product","3":"status-publish","4":"has-post-thumbnail","6":"product_brand-metrel","8":"first","9":"instock","10":"taxable","11":"shipping-taxable","12":"purchasable","13":"product-type-simple"},"acf":[],"yoast_head":"<!-- This site is optimized with the Yoast SEO plugin v27.0 - https:\/\/yoast.com\/product\/yoast-seo-wordpress\/ -->\n<title>Metrel A 1500 - Piederumu soma - AXIOMA MS<\/title>\n<meta name=\"robots\" content=\"index, follow, max-snippet:-1, max-image-preview:large, max-video-preview:-1\" \/>\n<link rel=\"canonical\" href=\"https:\/\/www.axiomams.eu\/lv\/produktas\/metrel-a-1500-piederumu-soma\" \/>\n<meta property=\"og:locale\" content=\"lv_LV\" \/>\n<meta property=\"og:type\" content=\"article\" \/>\n<meta property=\"og:title\" content=\"Metrel A 1500 - Piederumu soma - AXIOMA MS\" \/>\n<meta property=\"og:description\" content=\"Metrel A 1500 &#8211; profesion\u0101ls aizsarg\u0101jo\u0161s \u016bdensnecaurlaid\u012bgs koferis, izgatavots no augstas triecieniztur\u012bbas plastmasas. Tam ir ar\u012b autom\u0101tisks spiediena izl\u012bdzin\u0101\u0161anas v\u0101rsts, kas nodro\u0161ina vieglu atv\u0113r\u0161anu p\u0113c augstuma vai temperat\u016bras izmai\u0146\u0101m. Iztur\u012bgs, ta\u010du viegls un piln\u012bb\u0101 \u016bdensnecaurlaid\u012bgs, \u0161is cietais aizsargv\u0101ci\u0146\u0161 nodro\u0161ina augst\u0101k\u0101s kvalit\u0101tes elektroener\u0123ijas kvalit\u0101tes instrumentu aizsardz\u012bbu.\" \/>\n<meta property=\"og:url\" content=\"https:\/\/www.axiomams.eu\/lv\/produktas\/metrel-a-1500-piederumu-soma\" \/>\n<meta property=\"og:site_name\" content=\"AXIOMA MS\" \/>\n<meta property=\"article:publisher\" content=\"https:\/\/www.facebook.com\/AxiomaMS\" \/>\n<meta property=\"article:modified_time\" content=\"2026-03-25T15:02:59+00:00\" \/>\n<meta property=\"og:image\" content=\"https:\/\/www.axiomams.eu\/wp-content\/uploads\/2025\/07\/2138-2767.jpg\" \/>\n\t<meta property=\"og:image:width\" content=\"400\" \/>\n\t<meta property=\"og:image:height\" content=\"364\" \/>\n\t<meta property=\"og:image:type\" content=\"image\/jpeg\" \/>\n<meta name=\"twitter:card\" content=\"summary_large_image\" \/>\n<script type=\"application\/ld+json\" class=\"yoast-schema-graph\">{\"@context\":\"https:\/\/schema.org\",\"@graph\":[{\"@type\":\"WebPage\",\"@id\":\"https:\/\/www.axiomams.eu\/lv\/produktas\/metrel-a-1500-piederumu-soma\",\"url\":\"https:\/\/www.axiomams.eu\/lv\/produktas\/metrel-a-1500-piederumu-soma\",\"name\":\"Metrel A 1500 - Piederumu soma - AXIOMA MS\",\"isPartOf\":{\"@id\":\"https:\/\/www.axiomams.eu\/lv#website\"},\"primaryImageOfPage\":{\"@id\":\"https:\/\/www.axiomams.eu\/lv\/produktas\/metrel-a-1500-piederumu-soma#primaryimage\"},\"image\":{\"@id\":\"https:\/\/www.axiomams.eu\/lv\/produktas\/metrel-a-1500-piederumu-soma#primaryimage\"},\"thumbnailUrl\":\"https:\/\/www.axiomams.eu\/wp-content\/uploads\/2025\/07\/2138-2767.jpg\",\"datePublished\":\"2025-05-15T16:11:12+00:00\",\"dateModified\":\"2026-03-25T15:02:59+00:00\",\"breadcrumb\":{\"@id\":\"https:\/\/www.axiomams.eu\/lv\/produktas\/metrel-a-1500-piederumu-soma#breadcrumb\"},\"inLanguage\":\"lv-LV\",\"potentialAction\":[{\"@type\":\"ReadAction\",\"target\":[\"https:\/\/www.axiomams.eu\/lv\/produktas\/metrel-a-1500-piederumu-soma\"]}]},{\"@type\":\"ImageObject\",\"inLanguage\":\"lv-LV\",\"@id\":\"https:\/\/www.axiomams.eu\/lv\/produktas\/metrel-a-1500-piederumu-soma#primaryimage\",\"url\":\"https:\/\/www.axiomams.eu\/wp-content\/uploads\/2025\/07\/2138-2767.jpg\",\"contentUrl\":\"https:\/\/www.axiomams.eu\/wp-content\/uploads\/2025\/07\/2138-2767.jpg\",\"width\":400,\"height\":364},{\"@type\":\"BreadcrumbList\",\"@id\":\"https:\/\/www.axiomams.eu\/lv\/produktas\/metrel-a-1500-piederumu-soma#breadcrumb\",\"itemListElement\":[{\"@type\":\"ListItem\",\"position\":1,\"name\":\"Home\",\"item\":\"https:\/\/www.axiomams.eu\/lv\"},{\"@type\":\"ListItem\",\"position\":2,\"name\":\"Produkti\",\"item\":\"https:\/\/www.axiomams.eu\/lv\/produkti\"},{\"@type\":\"ListItem\",\"position\":3,\"name\":\"Metrel A 1500 &#8211; Piederumu soma\"}]},{\"@type\":\"WebSite\",\"@id\":\"https:\/\/www.axiomams.eu\/lv#website\",\"url\":\"https:\/\/www.axiomams.eu\/lv\",\"name\":\"AXIOMA MS\",\"description\":\"Terrmovizoriai ir matavimo \u012franga\",\"publisher\":{\"@id\":\"https:\/\/www.axiomams.eu\/lv#organization\"},\"potentialAction\":[{\"@type\":\"SearchAction\",\"target\":{\"@type\":\"EntryPoint\",\"urlTemplate\":\"https:\/\/www.axiomams.eu\/lv?s={search_term_string}\"},\"query-input\":{\"@type\":\"PropertyValueSpecification\",\"valueRequired\":true,\"valueName\":\"search_term_string\"}}],\"inLanguage\":\"lv-LV\"},{\"@type\":\"Organization\",\"@id\":\"https:\/\/www.axiomams.eu\/lv#organization\",\"name\":\"AXIOMA MS\",\"url\":\"https:\/\/www.axiomams.eu\/lv\",\"logo\":{\"@type\":\"ImageObject\",\"inLanguage\":\"lv-LV\",\"@id\":\"https:\/\/www.axiomams.eu\/lv#\/schema\/logo\/image\/\",\"url\":\"https:\/\/www.axiomams.eu\/wp-content\/uploads\/2025\/06\/axioma-logo-2.png\",\"contentUrl\":\"https:\/\/www.axiomams.eu\/wp-content\/uploads\/2025\/06\/axioma-logo-2.png\",\"width\":1200,\"height\":1200,\"caption\":\"AXIOMA MS\"},\"image\":{\"@id\":\"https:\/\/www.axiomams.eu\/lv#\/schema\/logo\/image\/\"},\"sameAs\":[\"https:\/\/www.facebook.com\/AxiomaMS\",\"https:\/\/www.linkedin.com\/company\/axiomams\/\"]}]}<\/script>\n<!-- \/ Yoast SEO plugin. -->","yoast_head_json":{"title":"Metrel A 1500 - Piederumu soma - AXIOMA MS","robots":{"index":"index","follow":"follow","max-snippet":"max-snippet:-1","max-image-preview":"max-image-preview:large","max-video-preview":"max-video-preview:-1"},"canonical":"https:\/\/www.axiomams.eu\/lv\/produktas\/metrel-a-1500-piederumu-soma","og_locale":"lv_LV","og_type":"article","og_title":"Metrel A 1500 - Piederumu soma - AXIOMA MS","og_description":"Metrel A 1500 &#8211; profesion\u0101ls aizsarg\u0101jo\u0161s \u016bdensnecaurlaid\u012bgs koferis, izgatavots no augstas triecieniztur\u012bbas plastmasas. Tam ir ar\u012b autom\u0101tisks spiediena izl\u012bdzin\u0101\u0161anas v\u0101rsts, kas nodro\u0161ina vieglu atv\u0113r\u0161anu p\u0113c augstuma vai temperat\u016bras izmai\u0146\u0101m. Iztur\u012bgs, ta\u010du viegls un piln\u012bb\u0101 \u016bdensnecaurlaid\u012bgs, \u0161is cietais aizsargv\u0101ci\u0146\u0161 nodro\u0161ina augst\u0101k\u0101s kvalit\u0101tes elektroener\u0123ijas kvalit\u0101tes instrumentu aizsardz\u012bbu.","og_url":"https:\/\/www.axiomams.eu\/lv\/produktas\/metrel-a-1500-piederumu-soma","og_site_name":"AXIOMA MS","article_publisher":"https:\/\/www.facebook.com\/AxiomaMS","article_modified_time":"2026-03-25T15:02:59+00:00","og_image":[{"width":400,"height":364,"url":"https:\/\/www.axiomams.eu\/wp-content\/uploads\/2025\/07\/2138-2767.jpg","type":"image\/jpeg"}],"twitter_card":"summary_large_image","schema":{"@context":"https:\/\/schema.org","@graph":[{"@type":"WebPage","@id":"https:\/\/www.axiomams.eu\/lv\/produktas\/metrel-a-1500-piederumu-soma","url":"https:\/\/www.axiomams.eu\/lv\/produktas\/metrel-a-1500-piederumu-soma","name":"Metrel A 1500 - Piederumu soma - AXIOMA MS","isPartOf":{"@id":"https:\/\/www.axiomams.eu\/lv#website"},"primaryImageOfPage":{"@id":"https:\/\/www.axiomams.eu\/lv\/produktas\/metrel-a-1500-piederumu-soma#primaryimage"},"image":{"@id":"https:\/\/www.axiomams.eu\/lv\/produktas\/metrel-a-1500-piederumu-soma#primaryimage"},"thumbnailUrl":"https:\/\/www.axiomams.eu\/wp-content\/uploads\/2025\/07\/2138-2767.jpg","datePublished":"2025-05-15T16:11:12+00:00","dateModified":"2026-03-25T15:02:59+00:00","breadcrumb":{"@id":"https:\/\/www.axiomams.eu\/lv\/produktas\/metrel-a-1500-piederumu-soma#breadcrumb"},"inLanguage":"lv-LV","potentialAction":[{"@type":"ReadAction","target":["https:\/\/www.axiomams.eu\/lv\/produktas\/metrel-a-1500-piederumu-soma"]}]},{"@type":"ImageObject","inLanguage":"lv-LV","@id":"https:\/\/www.axiomams.eu\/lv\/produktas\/metrel-a-1500-piederumu-soma#primaryimage","url":"https:\/\/www.axiomams.eu\/wp-content\/uploads\/2025\/07\/2138-2767.jpg","contentUrl":"https:\/\/www.axiomams.eu\/wp-content\/uploads\/2025\/07\/2138-2767.jpg","width":400,"height":364},{"@type":"BreadcrumbList","@id":"https:\/\/www.axiomams.eu\/lv\/produktas\/metrel-a-1500-piederumu-soma#breadcrumb","itemListElement":[{"@type":"ListItem","position":1,"name":"Home","item":"https:\/\/www.axiomams.eu\/lv"},{"@type":"ListItem","position":2,"name":"Produkti","item":"https:\/\/www.axiomams.eu\/lv\/produkti"},{"@type":"ListItem","position":3,"name":"Metrel A 1500 &#8211; Piederumu soma"}]},{"@type":"WebSite","@id":"https:\/\/www.axiomams.eu\/lv#website","url":"https:\/\/www.axiomams.eu\/lv","name":"AXIOMA MS","description":"Terrmovizoriai ir matavimo \u012franga","publisher":{"@id":"https:\/\/www.axiomams.eu\/lv#organization"},"potentialAction":[{"@type":"SearchAction","target":{"@type":"EntryPoint","urlTemplate":"https:\/\/www.axiomams.eu\/lv?s={search_term_string}"},"query-input":{"@type":"PropertyValueSpecification","valueRequired":true,"valueName":"search_term_string"}}],"inLanguage":"lv-LV"},{"@type":"Organization","@id":"https:\/\/www.axiomams.eu\/lv#organization","name":"AXIOMA MS","url":"https:\/\/www.axiomams.eu\/lv","logo":{"@type":"ImageObject","inLanguage":"lv-LV","@id":"https:\/\/www.axiomams.eu\/lv#\/schema\/logo\/image\/","url":"https:\/\/www.axiomams.eu\/wp-content\/uploads\/2025\/06\/axioma-logo-2.png","contentUrl":"https:\/\/www.axiomams.eu\/wp-content\/uploads\/2025\/06\/axioma-logo-2.png","width":1200,"height":1200,"caption":"AXIOMA MS"},"image":{"@id":"https:\/\/www.axiomams.eu\/lv#\/schema\/logo\/image\/"},"sameAs":["https:\/\/www.facebook.com\/AxiomaMS","https:\/\/www.linkedin.com\/company\/axiomams\/"]}]}},"_links":{"self":[{"href":"https:\/\/www.axiomams.eu\/lv\/wp-json\/wp\/v2\/product\/39562","targetHints":{"allow":["GET"]}}],"collection":[{"href":"https:\/\/www.axiomams.eu\/lv\/wp-json\/wp\/v2\/product"}],"about":[{"href":"https:\/\/www.axiomams.eu\/lv\/wp-json\/wp\/v2\/types\/product"}],"replies":[{"embeddable":true,"href":"https:\/\/www.axiomams.eu\/lv\/wp-json\/wp\/v2\/comments?post=39562"}],"wp:featuredmedia":[{"embeddable":true,"href":"https:\/\/www.axiomams.eu\/lv\/wp-json\/wp\/v2\/media\/42825"}],"wp:attachment":[{"href":"https:\/\/www.axiomams.eu\/lv\/wp-json\/wp\/v2\/media?parent=39562"}],"wp:term":[{"taxonomy":"product_brand","embeddable":true,"href":"https:\/\/www.axiomams.eu\/lv\/wp-json\/wp\/v2\/product_brand?post=39562"},{"taxonomy":"product_cat","embeddable":true,"href":"https:\/\/www.axiomams.eu\/lv\/wp-json\/wp\/v2\/product_cat?post=39562"},{"taxonomy":"product_tag","embeddable":true,"href":"https:\/\/www.axiomams.eu\/lv\/wp-json\/wp\/v2\/product_tag?post=39562"}],"curies":[{"name":"wp","href":"https:\/\/api.w.org\/{rel}","templated":true}]}}