{"id":39575,"date":"2025-05-15T18:11:22","date_gmt":"2025-05-15T16:11:22","guid":{"rendered":"https:\/\/www.axiomams.eu\/produktas\/metrel-a-1631"},"modified":"2026-03-25T17:03:07","modified_gmt":"2026-03-25T15:03:07","slug":"metrel-a-1631","status":"publish","type":"product","link":"https:\/\/www.axiomams.eu\/lv\/produktas\/metrel-a-1631","title":{"rendered":"Metrel A 1631"},"content":{"rendered":"<p>A 1631 EV monitoringa kabelis ir \u012bpa\u0161s piederums, kas paredz\u0113ts CP sign\u0101la, str\u0101vas un sprieguma monitoringam elektrisko transportl\u012bdzek\u013cu (EV) uzl\u0101des procesa laik\u0101 kop\u0101 ar atbalst\u012btajiem Metrel testeriem un adapteriem. Tas ir apr\u012bkots ar 2. tipa sievi\u0161\u0137o kontaktdak\u0161u savienot\u0101ju savieno\u0161anai ar elektromobili un 2. tipa v\u012brie\u0161u kontaktligzdu savieno\u0161anai ar elektrisko transportl\u012bdzek\u013cu baro\u0161anas iek\u0101rtu (EVSE).<\/p>\n<p>M\u0113r\u012b\u0161anas funkcijas<br \/>\nMaksim\u0101l\u0101 uzl\u0101des str\u0101va mai\u0146str\u0101vas EVSE ar 2. tipa savienot\u0101jiem: 32 A<br \/>\nMaksim\u0101l\u0101 \u0101r\u0113j\u0101 slodze EV simul\u0101cijas laik\u0101, izmantojot ban\u0101nu kontaktdak\u0161as: 13 A<\/p>\n<p>Visp\u0101r\u012bgi<br \/>\nStr\u0101vas padeve no elektrot\u012bkla: 230 V \/ 400 V 3~ \u00b110%, 50 Hz &#8230; 60 Hz, 60 VA, 32 A<br \/>\nAizsardz\u012bbas pak\u0101pe:  AIZSARDZ\u012aBAS PAK\u0100PE: IP 65<br \/>\nIzm\u0113ri: 36 x 16 x 33 cm<br \/>\nDarba temperat\u016bra: -10\u00b0C &#8230; 50\u00b0C<\/p>\n<p>Standarta komplekts: Metrel A 1631 EV monitoringa kabelis, testa vads (1,5 m, 5 gab.), testa kabelis (1 m, sarkans ar 2 mm ban\u0101na kontaktdak\u0161u, 2 gab.).<\/p>\n<h3>Tehnisk\u0101 inform\u0101cija:<\/h3>\n<ul>\n<li><a href=\"https:\/\/axiomams.eu\/importer\/export\/attachments\/en\/metrel-a-1631.pdf\" target=\"_blank\">Metrel A 1631.pdf<\/a><\/li>\n<\/ul>\n","protected":false},"excerpt":{"rendered":"<p>A 1631 EV monitoringa kabelis ir \u012bpa\u0161s piederums, kas paredz\u0113ts CP sign\u0101la, str\u0101vas un sprieguma monitoringam elektrisko transportl\u012bdzek\u013cu (EV) uzl\u0101des procesa laik\u0101 kop\u0101 ar atbalst\u012btajiem Metrel testeriem un adapteriem. Tas ir apr\u012bkots ar 2. tipa sievi\u0161\u0137o kontaktdak\u0161u savienot\u0101ju savieno\u0161anai ar elektromobili un 2. tipa v\u012brie\u0161u kontaktligzdu savieno\u0161anai ar elektrisko transportl\u012bdzek\u013cu baro\u0161anas iek\u0101rtu (EVSE). M\u0113r\u012b\u0161anas funkcijas&#8230;<\/p>\n","protected":false},"featured_media":42851,"comment_status":"open","ping_status":"closed","template":"","meta":{"_acf_changed":false},"product_brand":[732],"product_cat":[],"product_tag":[],"class_list":{"0":"post-39575","1":"product","2":"type-product","3":"status-publish","4":"has-post-thumbnail","6":"product_brand-metrel","8":"first","9":"instock","10":"taxable","11":"shipping-taxable","12":"purchasable","13":"product-type-simple"},"acf":[],"yoast_head":"<!-- This site is optimized with the Yoast SEO plugin v27.0 - https:\/\/yoast.com\/product\/yoast-seo-wordpress\/ -->\n<title>Metrel A 1631 - AXIOMA MS<\/title>\n<meta name=\"robots\" content=\"index, follow, max-snippet:-1, max-image-preview:large, max-video-preview:-1\" \/>\n<link rel=\"canonical\" href=\"https:\/\/www.axiomams.eu\/lv\/produktas\/metrel-a-1631\" \/>\n<meta property=\"og:locale\" content=\"lv_LV\" \/>\n<meta property=\"og:type\" content=\"article\" \/>\n<meta property=\"og:title\" content=\"Metrel A 1631 - AXIOMA MS\" \/>\n<meta property=\"og:description\" content=\"A 1631 EV monitoringa kabelis ir \u012bpa\u0161s piederums, kas paredz\u0113ts CP sign\u0101la, str\u0101vas un sprieguma monitoringam elektrisko transportl\u012bdzek\u013cu (EV) uzl\u0101des procesa laik\u0101 kop\u0101 ar atbalst\u012btajiem Metrel testeriem un adapteriem. Tas ir apr\u012bkots ar 2. tipa sievi\u0161\u0137o kontaktdak\u0161u savienot\u0101ju savieno\u0161anai ar elektromobili un 2. tipa v\u012brie\u0161u kontaktligzdu savieno\u0161anai ar elektrisko transportl\u012bdzek\u013cu baro\u0161anas iek\u0101rtu (EVSE). M\u0113r\u012b\u0161anas funkcijas...\" \/>\n<meta property=\"og:url\" content=\"https:\/\/www.axiomams.eu\/lv\/produktas\/metrel-a-1631\" \/>\n<meta property=\"og:site_name\" content=\"AXIOMA MS\" \/>\n<meta property=\"article:publisher\" content=\"https:\/\/www.facebook.com\/AxiomaMS\" \/>\n<meta property=\"article:modified_time\" content=\"2026-03-25T15:03:07+00:00\" \/>\n<meta property=\"og:image\" content=\"https:\/\/www.axiomams.eu\/wp-content\/uploads\/2025\/07\/3421-4587.jpg\" \/>\n\t<meta property=\"og:image:width\" content=\"1200\" \/>\n\t<meta property=\"og:image:height\" content=\"900\" \/>\n\t<meta property=\"og:image:type\" content=\"image\/jpeg\" \/>\n<meta name=\"twitter:card\" content=\"summary_large_image\" \/>\n<meta name=\"twitter:label1\" content=\"Est. reading time\" \/>\n\t<meta name=\"twitter:data1\" content=\"1 minute\" \/>\n<script type=\"application\/ld+json\" class=\"yoast-schema-graph\">{\"@context\":\"https:\/\/schema.org\",\"@graph\":[{\"@type\":\"WebPage\",\"@id\":\"https:\/\/www.axiomams.eu\/lv\/produktas\/metrel-a-1631\",\"url\":\"https:\/\/www.axiomams.eu\/lv\/produktas\/metrel-a-1631\",\"name\":\"Metrel A 1631 - AXIOMA MS\",\"isPartOf\":{\"@id\":\"https:\/\/www.axiomams.eu\/lv#website\"},\"primaryImageOfPage\":{\"@id\":\"https:\/\/www.axiomams.eu\/lv\/produktas\/metrel-a-1631#primaryimage\"},\"image\":{\"@id\":\"https:\/\/www.axiomams.eu\/lv\/produktas\/metrel-a-1631#primaryimage\"},\"thumbnailUrl\":\"https:\/\/www.axiomams.eu\/wp-content\/uploads\/2025\/07\/3421-4587.jpg\",\"datePublished\":\"2025-05-15T16:11:22+00:00\",\"dateModified\":\"2026-03-25T15:03:07+00:00\",\"breadcrumb\":{\"@id\":\"https:\/\/www.axiomams.eu\/lv\/produktas\/metrel-a-1631#breadcrumb\"},\"inLanguage\":\"lv-LV\",\"potentialAction\":[{\"@type\":\"ReadAction\",\"target\":[\"https:\/\/www.axiomams.eu\/lv\/produktas\/metrel-a-1631\"]}]},{\"@type\":\"ImageObject\",\"inLanguage\":\"lv-LV\",\"@id\":\"https:\/\/www.axiomams.eu\/lv\/produktas\/metrel-a-1631#primaryimage\",\"url\":\"https:\/\/www.axiomams.eu\/wp-content\/uploads\/2025\/07\/3421-4587.jpg\",\"contentUrl\":\"https:\/\/www.axiomams.eu\/wp-content\/uploads\/2025\/07\/3421-4587.jpg\",\"width\":1200,\"height\":900},{\"@type\":\"BreadcrumbList\",\"@id\":\"https:\/\/www.axiomams.eu\/lv\/produktas\/metrel-a-1631#breadcrumb\",\"itemListElement\":[{\"@type\":\"ListItem\",\"position\":1,\"name\":\"Home\",\"item\":\"https:\/\/www.axiomams.eu\/lv\"},{\"@type\":\"ListItem\",\"position\":2,\"name\":\"Produkti\",\"item\":\"https:\/\/www.axiomams.eu\/lv\/produkti\"},{\"@type\":\"ListItem\",\"position\":3,\"name\":\"Metrel A 1631\"}]},{\"@type\":\"WebSite\",\"@id\":\"https:\/\/www.axiomams.eu\/lv#website\",\"url\":\"https:\/\/www.axiomams.eu\/lv\",\"name\":\"AXIOMA MS\",\"description\":\"Terrmovizoriai ir matavimo \u012franga\",\"publisher\":{\"@id\":\"https:\/\/www.axiomams.eu\/lv#organization\"},\"potentialAction\":[{\"@type\":\"SearchAction\",\"target\":{\"@type\":\"EntryPoint\",\"urlTemplate\":\"https:\/\/www.axiomams.eu\/lv?s={search_term_string}\"},\"query-input\":{\"@type\":\"PropertyValueSpecification\",\"valueRequired\":true,\"valueName\":\"search_term_string\"}}],\"inLanguage\":\"lv-LV\"},{\"@type\":\"Organization\",\"@id\":\"https:\/\/www.axiomams.eu\/lv#organization\",\"name\":\"AXIOMA MS\",\"url\":\"https:\/\/www.axiomams.eu\/lv\",\"logo\":{\"@type\":\"ImageObject\",\"inLanguage\":\"lv-LV\",\"@id\":\"https:\/\/www.axiomams.eu\/lv#\/schema\/logo\/image\/\",\"url\":\"https:\/\/www.axiomams.eu\/wp-content\/uploads\/2025\/06\/axioma-logo-2.png\",\"contentUrl\":\"https:\/\/www.axiomams.eu\/wp-content\/uploads\/2025\/06\/axioma-logo-2.png\",\"width\":1200,\"height\":1200,\"caption\":\"AXIOMA MS\"},\"image\":{\"@id\":\"https:\/\/www.axiomams.eu\/lv#\/schema\/logo\/image\/\"},\"sameAs\":[\"https:\/\/www.facebook.com\/AxiomaMS\",\"https:\/\/www.linkedin.com\/company\/axiomams\/\"]}]}<\/script>\n<!-- \/ Yoast SEO plugin. -->","yoast_head_json":{"title":"Metrel A 1631 - AXIOMA MS","robots":{"index":"index","follow":"follow","max-snippet":"max-snippet:-1","max-image-preview":"max-image-preview:large","max-video-preview":"max-video-preview:-1"},"canonical":"https:\/\/www.axiomams.eu\/lv\/produktas\/metrel-a-1631","og_locale":"lv_LV","og_type":"article","og_title":"Metrel A 1631 - AXIOMA MS","og_description":"A 1631 EV monitoringa kabelis ir \u012bpa\u0161s piederums, kas paredz\u0113ts CP sign\u0101la, str\u0101vas un sprieguma monitoringam elektrisko transportl\u012bdzek\u013cu (EV) uzl\u0101des procesa laik\u0101 kop\u0101 ar atbalst\u012btajiem Metrel testeriem un adapteriem. Tas ir apr\u012bkots ar 2. tipa sievi\u0161\u0137o kontaktdak\u0161u savienot\u0101ju savieno\u0161anai ar elektromobili un 2. tipa v\u012brie\u0161u kontaktligzdu savieno\u0161anai ar elektrisko transportl\u012bdzek\u013cu baro\u0161anas iek\u0101rtu (EVSE). M\u0113r\u012b\u0161anas funkcijas...","og_url":"https:\/\/www.axiomams.eu\/lv\/produktas\/metrel-a-1631","og_site_name":"AXIOMA MS","article_publisher":"https:\/\/www.facebook.com\/AxiomaMS","article_modified_time":"2026-03-25T15:03:07+00:00","og_image":[{"width":1200,"height":900,"url":"https:\/\/www.axiomams.eu\/wp-content\/uploads\/2025\/07\/3421-4587.jpg","type":"image\/jpeg"}],"twitter_card":"summary_large_image","twitter_misc":{"Est. reading time":"1 minute"},"schema":{"@context":"https:\/\/schema.org","@graph":[{"@type":"WebPage","@id":"https:\/\/www.axiomams.eu\/lv\/produktas\/metrel-a-1631","url":"https:\/\/www.axiomams.eu\/lv\/produktas\/metrel-a-1631","name":"Metrel A 1631 - AXIOMA MS","isPartOf":{"@id":"https:\/\/www.axiomams.eu\/lv#website"},"primaryImageOfPage":{"@id":"https:\/\/www.axiomams.eu\/lv\/produktas\/metrel-a-1631#primaryimage"},"image":{"@id":"https:\/\/www.axiomams.eu\/lv\/produktas\/metrel-a-1631#primaryimage"},"thumbnailUrl":"https:\/\/www.axiomams.eu\/wp-content\/uploads\/2025\/07\/3421-4587.jpg","datePublished":"2025-05-15T16:11:22+00:00","dateModified":"2026-03-25T15:03:07+00:00","breadcrumb":{"@id":"https:\/\/www.axiomams.eu\/lv\/produktas\/metrel-a-1631#breadcrumb"},"inLanguage":"lv-LV","potentialAction":[{"@type":"ReadAction","target":["https:\/\/www.axiomams.eu\/lv\/produktas\/metrel-a-1631"]}]},{"@type":"ImageObject","inLanguage":"lv-LV","@id":"https:\/\/www.axiomams.eu\/lv\/produktas\/metrel-a-1631#primaryimage","url":"https:\/\/www.axiomams.eu\/wp-content\/uploads\/2025\/07\/3421-4587.jpg","contentUrl":"https:\/\/www.axiomams.eu\/wp-content\/uploads\/2025\/07\/3421-4587.jpg","width":1200,"height":900},{"@type":"BreadcrumbList","@id":"https:\/\/www.axiomams.eu\/lv\/produktas\/metrel-a-1631#breadcrumb","itemListElement":[{"@type":"ListItem","position":1,"name":"Home","item":"https:\/\/www.axiomams.eu\/lv"},{"@type":"ListItem","position":2,"name":"Produkti","item":"https:\/\/www.axiomams.eu\/lv\/produkti"},{"@type":"ListItem","position":3,"name":"Metrel A 1631"}]},{"@type":"WebSite","@id":"https:\/\/www.axiomams.eu\/lv#website","url":"https:\/\/www.axiomams.eu\/lv","name":"AXIOMA MS","description":"Terrmovizoriai ir matavimo \u012franga","publisher":{"@id":"https:\/\/www.axiomams.eu\/lv#organization"},"potentialAction":[{"@type":"SearchAction","target":{"@type":"EntryPoint","urlTemplate":"https:\/\/www.axiomams.eu\/lv?s={search_term_string}"},"query-input":{"@type":"PropertyValueSpecification","valueRequired":true,"valueName":"search_term_string"}}],"inLanguage":"lv-LV"},{"@type":"Organization","@id":"https:\/\/www.axiomams.eu\/lv#organization","name":"AXIOMA MS","url":"https:\/\/www.axiomams.eu\/lv","logo":{"@type":"ImageObject","inLanguage":"lv-LV","@id":"https:\/\/www.axiomams.eu\/lv#\/schema\/logo\/image\/","url":"https:\/\/www.axiomams.eu\/wp-content\/uploads\/2025\/06\/axioma-logo-2.png","contentUrl":"https:\/\/www.axiomams.eu\/wp-content\/uploads\/2025\/06\/axioma-logo-2.png","width":1200,"height":1200,"caption":"AXIOMA MS"},"image":{"@id":"https:\/\/www.axiomams.eu\/lv#\/schema\/logo\/image\/"},"sameAs":["https:\/\/www.facebook.com\/AxiomaMS","https:\/\/www.linkedin.com\/company\/axiomams\/"]}]}},"_links":{"self":[{"href":"https:\/\/www.axiomams.eu\/lv\/wp-json\/wp\/v2\/product\/39575","targetHints":{"allow":["GET"]}}],"collection":[{"href":"https:\/\/www.axiomams.eu\/lv\/wp-json\/wp\/v2\/product"}],"about":[{"href":"https:\/\/www.axiomams.eu\/lv\/wp-json\/wp\/v2\/types\/product"}],"replies":[{"embeddable":true,"href":"https:\/\/www.axiomams.eu\/lv\/wp-json\/wp\/v2\/comments?post=39575"}],"wp:featuredmedia":[{"embeddable":true,"href":"https:\/\/www.axiomams.eu\/lv\/wp-json\/wp\/v2\/media\/42851"}],"wp:attachment":[{"href":"https:\/\/www.axiomams.eu\/lv\/wp-json\/wp\/v2\/media?parent=39575"}],"wp:term":[{"taxonomy":"product_brand","embeddable":true,"href":"https:\/\/www.axiomams.eu\/lv\/wp-json\/wp\/v2\/product_brand?post=39575"},{"taxonomy":"product_cat","embeddable":true,"href":"https:\/\/www.axiomams.eu\/lv\/wp-json\/wp\/v2\/product_cat?post=39575"},{"taxonomy":"product_tag","embeddable":true,"href":"https:\/\/www.axiomams.eu\/lv\/wp-json\/wp\/v2\/product_tag?post=39575"}],"curies":[{"name":"wp","href":"https:\/\/api.w.org\/{rel}","templated":true}]}}