{"id":39576,"date":"2025-05-15T18:11:22","date_gmt":"2025-05-15T16:11:22","guid":{"rendered":"https:\/\/www.axiomams.eu\/produktas\/metrel-a-1632-krovimo-stoteliu-parbaudes-adapteris"},"modified":"2026-03-25T17:03:07","modified_gmt":"2026-03-25T15:03:07","slug":"metrel-a-1632-krovimo-stoteliu-parbaudes-adapteris","status":"publish","type":"product","link":"https:\/\/www.axiomams.eu\/lv\/produktas\/metrel-a-1632-krovimo-stoteliu-parbaudes-adapteris","title":{"rendered":"Metrel A 1632 &#8211; Krovimo stoteli\u0173 p\u0101rbaudes adapteris"},"content":{"rendered":"<p>A 1632 eMobility analizators ir \u012bpa\u0161s piederums, kas paredz\u0113ts elektromobi\u013cu elektroapg\u0101des iek\u0101rtu (EVSE) diagnostikas test\u0113\u0161anai kop\u0101 ar atbalst\u012btajiem METREL instal\u0101ciju testeriem. Tas atbalsta 1. un\/vai 2. tipa EVSE elektrodro\u0161\u012bbas p\u0101rbaudi un funkcion\u0101lo test\u0113\u0161anu, k\u0101 ar\u012b 2. un 3. re\u017e\u012bma elektrisko transportl\u012bdzek\u013cu (EV) uzl\u0101des kabe\u013cu test\u0113\u0161anu un sakaru uzraudz\u012bbu starp uzl\u0101des staciju un EV uzl\u0101des laik\u0101. Piln\u012bb\u0101 atbalst\u012bta profesion\u0101lu staciju un kabe\u013cu p\u0101rskatu izveide ar MESM programmat\u016bru.<\/p>\n<p><iframe loading=\"lazy\" width=\"560\" height=\"315\" src=\"https:\/\/www.youtube.com\/embed\/AerBLb-VSzM\" frameborder=\"0\" allow=\"accelerometer; autoplay; clipboard-write; encrypted-media; gyroscope; picture-in-picture\" allowfullscreen><\/iframe><\/p>\n<h3>Tehnisk\u0101 inform\u0101cija:<\/h3>\n<ul>\n<li><a href=\"https:\/\/axiomams.eu\/importer\/export\/attachments\/en\/single_2019_a1632_emobility_analyser_ang.pdf\" target=\"_blank\">Single_2019_A1632_eMobility_Analyser_Ang.pdf<\/a><\/li>\n<\/ul>\n","protected":false},"excerpt":{"rendered":"<p>A 1632 eMobility analizators ir \u012bpa\u0161s piederums, kas paredz\u0113ts elektromobi\u013cu elektroapg\u0101des iek\u0101rtu (EVSE) diagnostikas test\u0113\u0161anai kop\u0101 ar atbalst\u012btajiem METREL instal\u0101ciju testeriem. Tas atbalsta 1. un\/vai 2. tipa EVSE elektrodro\u0161\u012bbas p\u0101rbaudi un funkcion\u0101lo test\u0113\u0161anu, k\u0101 ar\u012b 2. un 3. re\u017e\u012bma elektrisko transportl\u012bdzek\u013cu (EV) uzl\u0101des kabe\u013cu test\u0113\u0161anu un sakaru uzraudz\u012bbu starp uzl\u0101des staciju un EV uzl\u0101des laik\u0101&#8230;.<\/p>\n","protected":false},"featured_media":42853,"comment_status":"open","ping_status":"closed","template":"","meta":{"_acf_changed":false},"product_brand":[732],"product_cat":[],"product_tag":[],"class_list":{"0":"post-39576","1":"product","2":"type-product","3":"status-publish","4":"has-post-thumbnail","6":"product_brand-metrel","8":"first","9":"instock","10":"taxable","11":"shipping-taxable","12":"purchasable","13":"product-type-simple"},"acf":[],"yoast_head":"<!-- This site is optimized with the Yoast SEO plugin v27.0 - https:\/\/yoast.com\/product\/yoast-seo-wordpress\/ -->\n<title>Metrel A 1632 - Krovimo stoteli\u0173 p\u0101rbaudes adapteris - AXIOMA MS<\/title>\n<meta name=\"robots\" content=\"index, follow, max-snippet:-1, max-image-preview:large, max-video-preview:-1\" \/>\n<link rel=\"canonical\" href=\"https:\/\/www.axiomams.eu\/lv\/produktas\/metrel-a-1632-krovimo-stoteliu-parbaudes-adapteris\" \/>\n<meta property=\"og:locale\" content=\"lv_LV\" \/>\n<meta property=\"og:type\" content=\"article\" \/>\n<meta property=\"og:title\" content=\"Metrel A 1632 - Krovimo stoteli\u0173 p\u0101rbaudes adapteris - AXIOMA MS\" \/>\n<meta property=\"og:description\" content=\"A 1632 eMobility analizators ir \u012bpa\u0161s piederums, kas paredz\u0113ts elektromobi\u013cu elektroapg\u0101des iek\u0101rtu (EVSE) diagnostikas test\u0113\u0161anai kop\u0101 ar atbalst\u012btajiem METREL instal\u0101ciju testeriem. Tas atbalsta 1. un\/vai 2. tipa EVSE elektrodro\u0161\u012bbas p\u0101rbaudi un funkcion\u0101lo test\u0113\u0161anu, k\u0101 ar\u012b 2. un 3. re\u017e\u012bma elektrisko transportl\u012bdzek\u013cu (EV) uzl\u0101des kabe\u013cu test\u0113\u0161anu un sakaru uzraudz\u012bbu starp uzl\u0101des staciju un EV uzl\u0101des laik\u0101....\" \/>\n<meta property=\"og:url\" content=\"https:\/\/www.axiomams.eu\/lv\/produktas\/metrel-a-1632-krovimo-stoteliu-parbaudes-adapteris\" \/>\n<meta property=\"og:site_name\" content=\"AXIOMA MS\" \/>\n<meta property=\"article:publisher\" content=\"https:\/\/www.facebook.com\/AxiomaMS\" \/>\n<meta property=\"article:modified_time\" content=\"2026-03-25T15:03:07+00:00\" \/>\n<meta property=\"og:image\" content=\"https:\/\/www.axiomams.eu\/wp-content\/uploads\/2025\/07\/2788-4026.jpg\" \/>\n\t<meta property=\"og:image:width\" content=\"1200\" \/>\n\t<meta property=\"og:image:height\" content=\"900\" \/>\n\t<meta property=\"og:image:type\" content=\"image\/jpeg\" \/>\n<meta name=\"twitter:card\" content=\"summary_large_image\" \/>\n<script type=\"application\/ld+json\" class=\"yoast-schema-graph\">{\"@context\":\"https:\/\/schema.org\",\"@graph\":[{\"@type\":\"WebPage\",\"@id\":\"https:\/\/www.axiomams.eu\/lv\/produktas\/metrel-a-1632-krovimo-stoteliu-parbaudes-adapteris\",\"url\":\"https:\/\/www.axiomams.eu\/lv\/produktas\/metrel-a-1632-krovimo-stoteliu-parbaudes-adapteris\",\"name\":\"Metrel A 1632 - Krovimo stoteli\u0173 p\u0101rbaudes adapteris - AXIOMA MS\",\"isPartOf\":{\"@id\":\"https:\/\/www.axiomams.eu\/lv#website\"},\"primaryImageOfPage\":{\"@id\":\"https:\/\/www.axiomams.eu\/lv\/produktas\/metrel-a-1632-krovimo-stoteliu-parbaudes-adapteris#primaryimage\"},\"image\":{\"@id\":\"https:\/\/www.axiomams.eu\/lv\/produktas\/metrel-a-1632-krovimo-stoteliu-parbaudes-adapteris#primaryimage\"},\"thumbnailUrl\":\"https:\/\/www.axiomams.eu\/wp-content\/uploads\/2025\/07\/2788-4026.jpg\",\"datePublished\":\"2025-05-15T16:11:22+00:00\",\"dateModified\":\"2026-03-25T15:03:07+00:00\",\"breadcrumb\":{\"@id\":\"https:\/\/www.axiomams.eu\/lv\/produktas\/metrel-a-1632-krovimo-stoteliu-parbaudes-adapteris#breadcrumb\"},\"inLanguage\":\"lv-LV\",\"potentialAction\":[{\"@type\":\"ReadAction\",\"target\":[\"https:\/\/www.axiomams.eu\/lv\/produktas\/metrel-a-1632-krovimo-stoteliu-parbaudes-adapteris\"]}]},{\"@type\":\"ImageObject\",\"inLanguage\":\"lv-LV\",\"@id\":\"https:\/\/www.axiomams.eu\/lv\/produktas\/metrel-a-1632-krovimo-stoteliu-parbaudes-adapteris#primaryimage\",\"url\":\"https:\/\/www.axiomams.eu\/wp-content\/uploads\/2025\/07\/2788-4026.jpg\",\"contentUrl\":\"https:\/\/www.axiomams.eu\/wp-content\/uploads\/2025\/07\/2788-4026.jpg\",\"width\":1200,\"height\":900},{\"@type\":\"BreadcrumbList\",\"@id\":\"https:\/\/www.axiomams.eu\/lv\/produktas\/metrel-a-1632-krovimo-stoteliu-parbaudes-adapteris#breadcrumb\",\"itemListElement\":[{\"@type\":\"ListItem\",\"position\":1,\"name\":\"Home\",\"item\":\"https:\/\/www.axiomams.eu\/lv\"},{\"@type\":\"ListItem\",\"position\":2,\"name\":\"Produkti\",\"item\":\"https:\/\/www.axiomams.eu\/lv\/produkti\"},{\"@type\":\"ListItem\",\"position\":3,\"name\":\"Metrel A 1632 &#8211; Krovimo stoteli\u0173 p\u0101rbaudes adapteris\"}]},{\"@type\":\"WebSite\",\"@id\":\"https:\/\/www.axiomams.eu\/lv#website\",\"url\":\"https:\/\/www.axiomams.eu\/lv\",\"name\":\"AXIOMA MS\",\"description\":\"Terrmovizoriai ir matavimo \u012franga\",\"publisher\":{\"@id\":\"https:\/\/www.axiomams.eu\/lv#organization\"},\"potentialAction\":[{\"@type\":\"SearchAction\",\"target\":{\"@type\":\"EntryPoint\",\"urlTemplate\":\"https:\/\/www.axiomams.eu\/lv?s={search_term_string}\"},\"query-input\":{\"@type\":\"PropertyValueSpecification\",\"valueRequired\":true,\"valueName\":\"search_term_string\"}}],\"inLanguage\":\"lv-LV\"},{\"@type\":\"Organization\",\"@id\":\"https:\/\/www.axiomams.eu\/lv#organization\",\"name\":\"AXIOMA MS\",\"url\":\"https:\/\/www.axiomams.eu\/lv\",\"logo\":{\"@type\":\"ImageObject\",\"inLanguage\":\"lv-LV\",\"@id\":\"https:\/\/www.axiomams.eu\/lv#\/schema\/logo\/image\/\",\"url\":\"https:\/\/www.axiomams.eu\/wp-content\/uploads\/2025\/06\/axioma-logo-2.png\",\"contentUrl\":\"https:\/\/www.axiomams.eu\/wp-content\/uploads\/2025\/06\/axioma-logo-2.png\",\"width\":1200,\"height\":1200,\"caption\":\"AXIOMA MS\"},\"image\":{\"@id\":\"https:\/\/www.axiomams.eu\/lv#\/schema\/logo\/image\/\"},\"sameAs\":[\"https:\/\/www.facebook.com\/AxiomaMS\",\"https:\/\/www.linkedin.com\/company\/axiomams\/\"]}]}<\/script>\n<!-- \/ Yoast SEO plugin. -->","yoast_head_json":{"title":"Metrel A 1632 - Krovimo stoteli\u0173 p\u0101rbaudes adapteris - AXIOMA MS","robots":{"index":"index","follow":"follow","max-snippet":"max-snippet:-1","max-image-preview":"max-image-preview:large","max-video-preview":"max-video-preview:-1"},"canonical":"https:\/\/www.axiomams.eu\/lv\/produktas\/metrel-a-1632-krovimo-stoteliu-parbaudes-adapteris","og_locale":"lv_LV","og_type":"article","og_title":"Metrel A 1632 - Krovimo stoteli\u0173 p\u0101rbaudes adapteris - AXIOMA MS","og_description":"A 1632 eMobility analizators ir \u012bpa\u0161s piederums, kas paredz\u0113ts elektromobi\u013cu elektroapg\u0101des iek\u0101rtu (EVSE) diagnostikas test\u0113\u0161anai kop\u0101 ar atbalst\u012btajiem METREL instal\u0101ciju testeriem. Tas atbalsta 1. un\/vai 2. tipa EVSE elektrodro\u0161\u012bbas p\u0101rbaudi un funkcion\u0101lo test\u0113\u0161anu, k\u0101 ar\u012b 2. un 3. re\u017e\u012bma elektrisko transportl\u012bdzek\u013cu (EV) uzl\u0101des kabe\u013cu test\u0113\u0161anu un sakaru uzraudz\u012bbu starp uzl\u0101des staciju un EV uzl\u0101des laik\u0101....","og_url":"https:\/\/www.axiomams.eu\/lv\/produktas\/metrel-a-1632-krovimo-stoteliu-parbaudes-adapteris","og_site_name":"AXIOMA MS","article_publisher":"https:\/\/www.facebook.com\/AxiomaMS","article_modified_time":"2026-03-25T15:03:07+00:00","og_image":[{"width":1200,"height":900,"url":"https:\/\/www.axiomams.eu\/wp-content\/uploads\/2025\/07\/2788-4026.jpg","type":"image\/jpeg"}],"twitter_card":"summary_large_image","schema":{"@context":"https:\/\/schema.org","@graph":[{"@type":"WebPage","@id":"https:\/\/www.axiomams.eu\/lv\/produktas\/metrel-a-1632-krovimo-stoteliu-parbaudes-adapteris","url":"https:\/\/www.axiomams.eu\/lv\/produktas\/metrel-a-1632-krovimo-stoteliu-parbaudes-adapteris","name":"Metrel A 1632 - Krovimo stoteli\u0173 p\u0101rbaudes adapteris - AXIOMA MS","isPartOf":{"@id":"https:\/\/www.axiomams.eu\/lv#website"},"primaryImageOfPage":{"@id":"https:\/\/www.axiomams.eu\/lv\/produktas\/metrel-a-1632-krovimo-stoteliu-parbaudes-adapteris#primaryimage"},"image":{"@id":"https:\/\/www.axiomams.eu\/lv\/produktas\/metrel-a-1632-krovimo-stoteliu-parbaudes-adapteris#primaryimage"},"thumbnailUrl":"https:\/\/www.axiomams.eu\/wp-content\/uploads\/2025\/07\/2788-4026.jpg","datePublished":"2025-05-15T16:11:22+00:00","dateModified":"2026-03-25T15:03:07+00:00","breadcrumb":{"@id":"https:\/\/www.axiomams.eu\/lv\/produktas\/metrel-a-1632-krovimo-stoteliu-parbaudes-adapteris#breadcrumb"},"inLanguage":"lv-LV","potentialAction":[{"@type":"ReadAction","target":["https:\/\/www.axiomams.eu\/lv\/produktas\/metrel-a-1632-krovimo-stoteliu-parbaudes-adapteris"]}]},{"@type":"ImageObject","inLanguage":"lv-LV","@id":"https:\/\/www.axiomams.eu\/lv\/produktas\/metrel-a-1632-krovimo-stoteliu-parbaudes-adapteris#primaryimage","url":"https:\/\/www.axiomams.eu\/wp-content\/uploads\/2025\/07\/2788-4026.jpg","contentUrl":"https:\/\/www.axiomams.eu\/wp-content\/uploads\/2025\/07\/2788-4026.jpg","width":1200,"height":900},{"@type":"BreadcrumbList","@id":"https:\/\/www.axiomams.eu\/lv\/produktas\/metrel-a-1632-krovimo-stoteliu-parbaudes-adapteris#breadcrumb","itemListElement":[{"@type":"ListItem","position":1,"name":"Home","item":"https:\/\/www.axiomams.eu\/lv"},{"@type":"ListItem","position":2,"name":"Produkti","item":"https:\/\/www.axiomams.eu\/lv\/produkti"},{"@type":"ListItem","position":3,"name":"Metrel A 1632 &#8211; Krovimo stoteli\u0173 p\u0101rbaudes adapteris"}]},{"@type":"WebSite","@id":"https:\/\/www.axiomams.eu\/lv#website","url":"https:\/\/www.axiomams.eu\/lv","name":"AXIOMA MS","description":"Terrmovizoriai ir matavimo \u012franga","publisher":{"@id":"https:\/\/www.axiomams.eu\/lv#organization"},"potentialAction":[{"@type":"SearchAction","target":{"@type":"EntryPoint","urlTemplate":"https:\/\/www.axiomams.eu\/lv?s={search_term_string}"},"query-input":{"@type":"PropertyValueSpecification","valueRequired":true,"valueName":"search_term_string"}}],"inLanguage":"lv-LV"},{"@type":"Organization","@id":"https:\/\/www.axiomams.eu\/lv#organization","name":"AXIOMA MS","url":"https:\/\/www.axiomams.eu\/lv","logo":{"@type":"ImageObject","inLanguage":"lv-LV","@id":"https:\/\/www.axiomams.eu\/lv#\/schema\/logo\/image\/","url":"https:\/\/www.axiomams.eu\/wp-content\/uploads\/2025\/06\/axioma-logo-2.png","contentUrl":"https:\/\/www.axiomams.eu\/wp-content\/uploads\/2025\/06\/axioma-logo-2.png","width":1200,"height":1200,"caption":"AXIOMA MS"},"image":{"@id":"https:\/\/www.axiomams.eu\/lv#\/schema\/logo\/image\/"},"sameAs":["https:\/\/www.facebook.com\/AxiomaMS","https:\/\/www.linkedin.com\/company\/axiomams\/"]}]}},"_links":{"self":[{"href":"https:\/\/www.axiomams.eu\/lv\/wp-json\/wp\/v2\/product\/39576","targetHints":{"allow":["GET"]}}],"collection":[{"href":"https:\/\/www.axiomams.eu\/lv\/wp-json\/wp\/v2\/product"}],"about":[{"href":"https:\/\/www.axiomams.eu\/lv\/wp-json\/wp\/v2\/types\/product"}],"replies":[{"embeddable":true,"href":"https:\/\/www.axiomams.eu\/lv\/wp-json\/wp\/v2\/comments?post=39576"}],"wp:featuredmedia":[{"embeddable":true,"href":"https:\/\/www.axiomams.eu\/lv\/wp-json\/wp\/v2\/media\/42853"}],"wp:attachment":[{"href":"https:\/\/www.axiomams.eu\/lv\/wp-json\/wp\/v2\/media?parent=39576"}],"wp:term":[{"taxonomy":"product_brand","embeddable":true,"href":"https:\/\/www.axiomams.eu\/lv\/wp-json\/wp\/v2\/product_brand?post=39576"},{"taxonomy":"product_cat","embeddable":true,"href":"https:\/\/www.axiomams.eu\/lv\/wp-json\/wp\/v2\/product_cat?post=39576"},{"taxonomy":"product_tag","embeddable":true,"href":"https:\/\/www.axiomams.eu\/lv\/wp-json\/wp\/v2\/product_tag?post=39576"}],"curies":[{"name":"wp","href":"https:\/\/api.w.org\/{rel}","templated":true}]}}