{"id":39619,"date":"2025-05-15T18:16:16","date_gmt":"2025-05-15T16:16:16","guid":{"rendered":"https:\/\/www.axiomams.eu\/produktas\/metrel-stravas-skava-metrel-a-1281"},"modified":"2026-03-25T17:03:22","modified_gmt":"2026-03-25T15:03:22","slug":"metrel-stravas-skava-metrel-a-1281","status":"publish","type":"product","link":"https:\/\/www.axiomams.eu\/lv\/produktas\/metrel-stravas-skava-metrel-a-1281","title":{"rendered":"Metrel str\u0101vas skava &#8211; Metrel A 1281"},"content":{"rendered":"<p>Prec\u012bzs augstas precizit\u0101tes str\u0101vas m\u0113r\u012bt\u0101js l\u012bdz 1000 A \/ 1 V str\u0101vas un jaudas m\u0113r\u012bjumiem. \u0160o skavu var izmantot mai\u0146str\u0101vas m\u0113r\u012b\u0161anai zemas un vid\u0113jas jaudas instal\u0101cij\u0101s. str\u0101vas skavu instruments atpaz\u012bst autom\u0101tiski. skavai nav nepiecie\u0161ams \u0101r\u0113js baro\u0161anas avots, jo to darbina instruments.<\/p>\n<p>Tehnisk\u0101s specifik\u0101cijas<br \/>\nP\u0101rsprieguma kategorija: 600 V CAT III,<br \/>\nDubult\u0101 izol\u0101cija<\/p>\n<p>Vides apst\u0101k\u013ci<br \/>\nDarba temperat\u016bra: -10 0C \u00f7 50 0C<br \/>\nUzglab\u0101\u0161anas temperat\u016bra: -30 0C \u00f7 70 0C<br \/>\nMitrums: 0 % \u00f7 85 %,<\/p>\n<p>\u017dok\u013ca atv\u0113rums: 52 mm<\/p>\n<p>Maksim\u0101lais vadu izm\u0113rs: 52 mm:<br \/>\nKabe\u013ci: 1: Maksim\u0101lais kabe\u013cu izm\u0113rs: < 50 mm\nStienis: 1 stienis 50 mm x 5 mm, 4 stie\u0146i 30 mm x 5 mm\nIzm\u0113ri: 220 mm x 120 mm x 48 mm\nSvars: 600 g\n\nM\u0113r\u012bjumu diapazons: 0,5\/5\/100\/1000 A \/ 1 V\nTransform\u0101cijas koeficients: 0,5 A\/V pie 0,5 A, 5 A\/V pie 5 A, 100 A\/V pie 100 A, 1000 A\/V pie 1000 A.\nPrecizit\u0101te: 0,5 % visos diapazonos\nFrekven\u010du diapazons: 40 Hz \u00f7 700 Hz, 700 Hz \u00f7 2500 Hz\n\n\n\n<h3>Tehnisk\u0101 inform\u0101cija:<\/h3>\n<ul>\n<li><a href=\"https:\/\/axiomams.eu\/importer\/export\/attachments\/en\/metrel-a-1281-multi-range-ac-current-clamps.pdf\" target=\"_blank\">Metrel A 1281 Multi range AC current clamps.pdf<\/a><\/li>\n<\/ul>\n","protected":false},"excerpt":{"rendered":"<p>Prec\u012bzs augstas precizit\u0101tes str\u0101vas m\u0113r\u012bt\u0101js l\u012bdz 1000 A \/ 1 V str\u0101vas un jaudas m\u0113r\u012bjumiem. \u0160o skavu var izmantot mai\u0146str\u0101vas m\u0113r\u012b\u0161anai zemas un vid\u0113jas jaudas instal\u0101cij\u0101s. str\u0101vas skavu instruments atpaz\u012bst autom\u0101tiski. skavai nav nepiecie\u0161ams \u0101r\u0113js baro\u0161anas avots, jo to darbina instruments. Tehnisk\u0101s specifik\u0101cijas P\u0101rsprieguma kategorija: 600 V CAT III, Dubult\u0101 izol\u0101cija Vides apst\u0101k\u013ci Darba temperat\u016bra:&#8230;<\/p>\n","protected":false},"featured_media":43309,"comment_status":"open","ping_status":"closed","template":"","meta":{"_acf_changed":false},"product_brand":[732],"product_cat":[],"product_tag":[],"class_list":{"0":"post-39619","1":"product","2":"type-product","3":"status-publish","4":"has-post-thumbnail","6":"product_brand-metrel","8":"first","9":"instock","10":"taxable","11":"shipping-taxable","12":"purchasable","13":"product-type-simple"},"acf":[],"yoast_head":"<!-- This site is optimized with the Yoast SEO plugin v27.0 - https:\/\/yoast.com\/product\/yoast-seo-wordpress\/ -->\n<title>Metrel str\u0101vas skava - Metrel A 1281 - AXIOMA MS<\/title>\n<meta name=\"robots\" content=\"index, follow, max-snippet:-1, max-image-preview:large, max-video-preview:-1\" \/>\n<link rel=\"canonical\" href=\"https:\/\/www.axiomams.eu\/lv\/produktas\/metrel-stravas-skava-metrel-a-1281\" \/>\n<meta property=\"og:locale\" content=\"lv_LV\" \/>\n<meta property=\"og:type\" content=\"article\" \/>\n<meta property=\"og:title\" content=\"Metrel str\u0101vas skava - Metrel A 1281 - AXIOMA MS\" \/>\n<meta property=\"og:description\" content=\"Prec\u012bzs augstas precizit\u0101tes str\u0101vas m\u0113r\u012bt\u0101js l\u012bdz 1000 A \/ 1 V str\u0101vas un jaudas m\u0113r\u012bjumiem. \u0160o skavu var izmantot mai\u0146str\u0101vas m\u0113r\u012b\u0161anai zemas un vid\u0113jas jaudas instal\u0101cij\u0101s. str\u0101vas skavu instruments atpaz\u012bst autom\u0101tiski. skavai nav nepiecie\u0161ams \u0101r\u0113js baro\u0161anas avots, jo to darbina instruments. Tehnisk\u0101s specifik\u0101cijas P\u0101rsprieguma kategorija: 600 V CAT III, Dubult\u0101 izol\u0101cija Vides apst\u0101k\u013ci Darba temperat\u016bra:...\" \/>\n<meta property=\"og:url\" content=\"https:\/\/www.axiomams.eu\/lv\/produktas\/metrel-stravas-skava-metrel-a-1281\" \/>\n<meta property=\"og:site_name\" content=\"AXIOMA MS\" \/>\n<meta property=\"article:publisher\" content=\"https:\/\/www.facebook.com\/AxiomaMS\" \/>\n<meta property=\"article:modified_time\" content=\"2026-03-25T15:03:22+00:00\" \/>\n<meta property=\"og:image\" content=\"https:\/\/www.axiomams.eu\/wp-content\/uploads\/2025\/07\/1767-2286.jpg\" \/>\n\t<meta property=\"og:image:width\" content=\"400\" \/>\n\t<meta property=\"og:image:height\" content=\"300\" \/>\n\t<meta property=\"og:image:type\" content=\"image\/jpeg\" \/>\n<meta name=\"twitter:card\" content=\"summary_large_image\" \/>\n<meta name=\"twitter:label1\" content=\"Est. reading time\" \/>\n\t<meta name=\"twitter:data1\" content=\"1 minute\" \/>\n<script type=\"application\/ld+json\" class=\"yoast-schema-graph\">{\"@context\":\"https:\/\/schema.org\",\"@graph\":[{\"@type\":\"WebPage\",\"@id\":\"https:\/\/www.axiomams.eu\/lv\/produktas\/metrel-stravas-skava-metrel-a-1281\",\"url\":\"https:\/\/www.axiomams.eu\/lv\/produktas\/metrel-stravas-skava-metrel-a-1281\",\"name\":\"Metrel str\u0101vas skava - Metrel A 1281 - AXIOMA MS\",\"isPartOf\":{\"@id\":\"https:\/\/www.axiomams.eu\/lv#website\"},\"primaryImageOfPage\":{\"@id\":\"https:\/\/www.axiomams.eu\/lv\/produktas\/metrel-stravas-skava-metrel-a-1281#primaryimage\"},\"image\":{\"@id\":\"https:\/\/www.axiomams.eu\/lv\/produktas\/metrel-stravas-skava-metrel-a-1281#primaryimage\"},\"thumbnailUrl\":\"https:\/\/www.axiomams.eu\/wp-content\/uploads\/2025\/07\/1767-2286.jpg\",\"datePublished\":\"2025-05-15T16:16:16+00:00\",\"dateModified\":\"2026-03-25T15:03:22+00:00\",\"breadcrumb\":{\"@id\":\"https:\/\/www.axiomams.eu\/lv\/produktas\/metrel-stravas-skava-metrel-a-1281#breadcrumb\"},\"inLanguage\":\"lv-LV\",\"potentialAction\":[{\"@type\":\"ReadAction\",\"target\":[\"https:\/\/www.axiomams.eu\/lv\/produktas\/metrel-stravas-skava-metrel-a-1281\"]}]},{\"@type\":\"ImageObject\",\"inLanguage\":\"lv-LV\",\"@id\":\"https:\/\/www.axiomams.eu\/lv\/produktas\/metrel-stravas-skava-metrel-a-1281#primaryimage\",\"url\":\"https:\/\/www.axiomams.eu\/wp-content\/uploads\/2025\/07\/1767-2286.jpg\",\"contentUrl\":\"https:\/\/www.axiomams.eu\/wp-content\/uploads\/2025\/07\/1767-2286.jpg\",\"width\":400,\"height\":300},{\"@type\":\"BreadcrumbList\",\"@id\":\"https:\/\/www.axiomams.eu\/lv\/produktas\/metrel-stravas-skava-metrel-a-1281#breadcrumb\",\"itemListElement\":[{\"@type\":\"ListItem\",\"position\":1,\"name\":\"Home\",\"item\":\"https:\/\/www.axiomams.eu\/lv\"},{\"@type\":\"ListItem\",\"position\":2,\"name\":\"Produkti\",\"item\":\"https:\/\/www.axiomams.eu\/lv\/produkti\"},{\"@type\":\"ListItem\",\"position\":3,\"name\":\"Metrel str\u0101vas skava &#8211; Metrel A 1281\"}]},{\"@type\":\"WebSite\",\"@id\":\"https:\/\/www.axiomams.eu\/lv#website\",\"url\":\"https:\/\/www.axiomams.eu\/lv\",\"name\":\"AXIOMA MS\",\"description\":\"Terrmovizoriai ir matavimo \u012franga\",\"publisher\":{\"@id\":\"https:\/\/www.axiomams.eu\/lv#organization\"},\"potentialAction\":[{\"@type\":\"SearchAction\",\"target\":{\"@type\":\"EntryPoint\",\"urlTemplate\":\"https:\/\/www.axiomams.eu\/lv?s={search_term_string}\"},\"query-input\":{\"@type\":\"PropertyValueSpecification\",\"valueRequired\":true,\"valueName\":\"search_term_string\"}}],\"inLanguage\":\"lv-LV\"},{\"@type\":\"Organization\",\"@id\":\"https:\/\/www.axiomams.eu\/lv#organization\",\"name\":\"AXIOMA MS\",\"url\":\"https:\/\/www.axiomams.eu\/lv\",\"logo\":{\"@type\":\"ImageObject\",\"inLanguage\":\"lv-LV\",\"@id\":\"https:\/\/www.axiomams.eu\/lv#\/schema\/logo\/image\/\",\"url\":\"https:\/\/www.axiomams.eu\/wp-content\/uploads\/2025\/06\/axioma-logo-2.png\",\"contentUrl\":\"https:\/\/www.axiomams.eu\/wp-content\/uploads\/2025\/06\/axioma-logo-2.png\",\"width\":1200,\"height\":1200,\"caption\":\"AXIOMA MS\"},\"image\":{\"@id\":\"https:\/\/www.axiomams.eu\/lv#\/schema\/logo\/image\/\"},\"sameAs\":[\"https:\/\/www.facebook.com\/AxiomaMS\",\"https:\/\/www.linkedin.com\/company\/axiomams\/\"]}]}<\/script>\n<!-- \/ Yoast SEO plugin. -->","yoast_head_json":{"title":"Metrel str\u0101vas skava - Metrel A 1281 - AXIOMA MS","robots":{"index":"index","follow":"follow","max-snippet":"max-snippet:-1","max-image-preview":"max-image-preview:large","max-video-preview":"max-video-preview:-1"},"canonical":"https:\/\/www.axiomams.eu\/lv\/produktas\/metrel-stravas-skava-metrel-a-1281","og_locale":"lv_LV","og_type":"article","og_title":"Metrel str\u0101vas skava - Metrel A 1281 - AXIOMA MS","og_description":"Prec\u012bzs augstas precizit\u0101tes str\u0101vas m\u0113r\u012bt\u0101js l\u012bdz 1000 A \/ 1 V str\u0101vas un jaudas m\u0113r\u012bjumiem. \u0160o skavu var izmantot mai\u0146str\u0101vas m\u0113r\u012b\u0161anai zemas un vid\u0113jas jaudas instal\u0101cij\u0101s. str\u0101vas skavu instruments atpaz\u012bst autom\u0101tiski. skavai nav nepiecie\u0161ams \u0101r\u0113js baro\u0161anas avots, jo to darbina instruments. Tehnisk\u0101s specifik\u0101cijas P\u0101rsprieguma kategorija: 600 V CAT III, Dubult\u0101 izol\u0101cija Vides apst\u0101k\u013ci Darba temperat\u016bra:...","og_url":"https:\/\/www.axiomams.eu\/lv\/produktas\/metrel-stravas-skava-metrel-a-1281","og_site_name":"AXIOMA MS","article_publisher":"https:\/\/www.facebook.com\/AxiomaMS","article_modified_time":"2026-03-25T15:03:22+00:00","og_image":[{"width":400,"height":300,"url":"https:\/\/www.axiomams.eu\/wp-content\/uploads\/2025\/07\/1767-2286.jpg","type":"image\/jpeg"}],"twitter_card":"summary_large_image","twitter_misc":{"Est. reading time":"1 minute"},"schema":{"@context":"https:\/\/schema.org","@graph":[{"@type":"WebPage","@id":"https:\/\/www.axiomams.eu\/lv\/produktas\/metrel-stravas-skava-metrel-a-1281","url":"https:\/\/www.axiomams.eu\/lv\/produktas\/metrel-stravas-skava-metrel-a-1281","name":"Metrel str\u0101vas skava - Metrel A 1281 - AXIOMA MS","isPartOf":{"@id":"https:\/\/www.axiomams.eu\/lv#website"},"primaryImageOfPage":{"@id":"https:\/\/www.axiomams.eu\/lv\/produktas\/metrel-stravas-skava-metrel-a-1281#primaryimage"},"image":{"@id":"https:\/\/www.axiomams.eu\/lv\/produktas\/metrel-stravas-skava-metrel-a-1281#primaryimage"},"thumbnailUrl":"https:\/\/www.axiomams.eu\/wp-content\/uploads\/2025\/07\/1767-2286.jpg","datePublished":"2025-05-15T16:16:16+00:00","dateModified":"2026-03-25T15:03:22+00:00","breadcrumb":{"@id":"https:\/\/www.axiomams.eu\/lv\/produktas\/metrel-stravas-skava-metrel-a-1281#breadcrumb"},"inLanguage":"lv-LV","potentialAction":[{"@type":"ReadAction","target":["https:\/\/www.axiomams.eu\/lv\/produktas\/metrel-stravas-skava-metrel-a-1281"]}]},{"@type":"ImageObject","inLanguage":"lv-LV","@id":"https:\/\/www.axiomams.eu\/lv\/produktas\/metrel-stravas-skava-metrel-a-1281#primaryimage","url":"https:\/\/www.axiomams.eu\/wp-content\/uploads\/2025\/07\/1767-2286.jpg","contentUrl":"https:\/\/www.axiomams.eu\/wp-content\/uploads\/2025\/07\/1767-2286.jpg","width":400,"height":300},{"@type":"BreadcrumbList","@id":"https:\/\/www.axiomams.eu\/lv\/produktas\/metrel-stravas-skava-metrel-a-1281#breadcrumb","itemListElement":[{"@type":"ListItem","position":1,"name":"Home","item":"https:\/\/www.axiomams.eu\/lv"},{"@type":"ListItem","position":2,"name":"Produkti","item":"https:\/\/www.axiomams.eu\/lv\/produkti"},{"@type":"ListItem","position":3,"name":"Metrel str\u0101vas skava &#8211; Metrel A 1281"}]},{"@type":"WebSite","@id":"https:\/\/www.axiomams.eu\/lv#website","url":"https:\/\/www.axiomams.eu\/lv","name":"AXIOMA MS","description":"Terrmovizoriai ir matavimo \u012franga","publisher":{"@id":"https:\/\/www.axiomams.eu\/lv#organization"},"potentialAction":[{"@type":"SearchAction","target":{"@type":"EntryPoint","urlTemplate":"https:\/\/www.axiomams.eu\/lv?s={search_term_string}"},"query-input":{"@type":"PropertyValueSpecification","valueRequired":true,"valueName":"search_term_string"}}],"inLanguage":"lv-LV"},{"@type":"Organization","@id":"https:\/\/www.axiomams.eu\/lv#organization","name":"AXIOMA MS","url":"https:\/\/www.axiomams.eu\/lv","logo":{"@type":"ImageObject","inLanguage":"lv-LV","@id":"https:\/\/www.axiomams.eu\/lv#\/schema\/logo\/image\/","url":"https:\/\/www.axiomams.eu\/wp-content\/uploads\/2025\/06\/axioma-logo-2.png","contentUrl":"https:\/\/www.axiomams.eu\/wp-content\/uploads\/2025\/06\/axioma-logo-2.png","width":1200,"height":1200,"caption":"AXIOMA MS"},"image":{"@id":"https:\/\/www.axiomams.eu\/lv#\/schema\/logo\/image\/"},"sameAs":["https:\/\/www.facebook.com\/AxiomaMS","https:\/\/www.linkedin.com\/company\/axiomams\/"]}]}},"_links":{"self":[{"href":"https:\/\/www.axiomams.eu\/lv\/wp-json\/wp\/v2\/product\/39619","targetHints":{"allow":["GET"]}}],"collection":[{"href":"https:\/\/www.axiomams.eu\/lv\/wp-json\/wp\/v2\/product"}],"about":[{"href":"https:\/\/www.axiomams.eu\/lv\/wp-json\/wp\/v2\/types\/product"}],"replies":[{"embeddable":true,"href":"https:\/\/www.axiomams.eu\/lv\/wp-json\/wp\/v2\/comments?post=39619"}],"wp:featuredmedia":[{"embeddable":true,"href":"https:\/\/www.axiomams.eu\/lv\/wp-json\/wp\/v2\/media\/43309"}],"wp:attachment":[{"href":"https:\/\/www.axiomams.eu\/lv\/wp-json\/wp\/v2\/media?parent=39619"}],"wp:term":[{"taxonomy":"product_brand","embeddable":true,"href":"https:\/\/www.axiomams.eu\/lv\/wp-json\/wp\/v2\/product_brand?post=39619"},{"taxonomy":"product_cat","embeddable":true,"href":"https:\/\/www.axiomams.eu\/lv\/wp-json\/wp\/v2\/product_cat?post=39619"},{"taxonomy":"product_tag","embeddable":true,"href":"https:\/\/www.axiomams.eu\/lv\/wp-json\/wp\/v2\/product_tag?post=39619"}],"curies":[{"name":"wp","href":"https:\/\/api.w.org\/{rel}","templated":true}]}}