{"id":39701,"date":"2025-05-15T18:15:04","date_gmt":"2025-05-15T16:15:04","guid":{"rendered":"https:\/\/www.axiomams.eu\/produktas\/mru-mgaprime-gazes-analizators"},"modified":"2026-03-25T17:03:52","modified_gmt":"2026-03-25T15:03:52","slug":"mru-mgaprime-gazes-analizators","status":"publish","type":"product","link":"https:\/\/www.axiomams.eu\/lv\/produktas\/mru-mgaprime-gazes-analizators","title":{"rendered":"MRU MGAprime g\u0101zes analizators"},"content":{"rendered":"<p>MRU MGAprime &#8211; augstas klases d\u016bmg\u0101zu emisiju analizators da\u017e\u0101du r\u016bpniecisko objektu emisiju monitoringam. Augstas iz\u0161\u0137irtsp\u0113jas 7&#8243; kr\u0101su displejs ar izm\u0113r\u012bto v\u0113rt\u012bbu grafisku izvad\u012b\u0161anu. Pilnmet\u0101la korpuss ar m\u012bkstiem bufera st\u016briem, kas piem\u0113rots skarbai r\u016bpnieciskai ikdienas lieto\u0161anai. Lieto\u0161ana, izmantojot viedt\u0101lruni vai datoru, izmantojot VNC savienojumu, ier\u012bces displeja spogu\u013catt\u0113ls viedt\u0101lrun\u012b.<\/p>\n<h3>Tehnisk\u0101 inform\u0101cija:<\/h3>\n<ul>\n<li><a href=\"https:\/\/axiomams.eu\/importer\/export\/attachments\/en\/mga-mgaprime.pdf\" target=\"_blank\">MGA MGAprime.pdf<\/a><\/li>\n<\/ul>\n","protected":false},"excerpt":{"rendered":"<p>MRU MGAprime &#8211; augstas klases d\u016bmg\u0101zu emisiju analizators da\u017e\u0101du r\u016bpniecisko objektu emisiju monitoringam. Augstas iz\u0161\u0137irtsp\u0113jas 7&#8243; kr\u0101su displejs ar izm\u0113r\u012bto v\u0113rt\u012bbu grafisku izvad\u012b\u0161anu. Pilnmet\u0101la korpuss ar m\u012bkstiem bufera st\u016briem, kas piem\u0113rots skarbai r\u016bpnieciskai ikdienas lieto\u0161anai. Lieto\u0161ana, izmantojot viedt\u0101lruni vai datoru, izmantojot VNC savienojumu, ier\u012bces displeja spogu\u013catt\u0113ls viedt\u0101lrun\u012b. Tehnisk\u0101 inform\u0101cija: MGA MGAprime.pdf<\/p>\n","protected":false},"featured_media":43199,"comment_status":"open","ping_status":"closed","template":"","meta":{"_acf_changed":false},"product_brand":[1897],"product_cat":[17763],"product_tag":[],"class_list":{"0":"post-39701","1":"product","2":"type-product","3":"status-publish","4":"has-post-thumbnail","6":"product_brand-mru","7":"product_cat-gazu-un-dumu-analizei","9":"first","10":"instock","11":"taxable","12":"shipping-taxable","13":"product-type-simple"},"acf":[],"yoast_head":"<!-- This site is optimized with the Yoast SEO plugin v27.0 - https:\/\/yoast.com\/product\/yoast-seo-wordpress\/ -->\n<title>MRU MGAprime g\u0101zes analizators - AXIOMA MS<\/title>\n<meta name=\"robots\" content=\"index, follow, max-snippet:-1, max-image-preview:large, max-video-preview:-1\" \/>\n<link rel=\"canonical\" href=\"https:\/\/www.axiomams.eu\/lv\/produktas\/mru-mgaprime-gazes-analizators\" \/>\n<meta property=\"og:locale\" content=\"lv_LV\" \/>\n<meta property=\"og:type\" content=\"article\" \/>\n<meta property=\"og:title\" content=\"MRU MGAprime g\u0101zes analizators - AXIOMA MS\" \/>\n<meta property=\"og:description\" content=\"MRU MGAprime &#8211; augstas klases d\u016bmg\u0101zu emisiju analizators da\u017e\u0101du r\u016bpniecisko objektu emisiju monitoringam. Augstas iz\u0161\u0137irtsp\u0113jas 7&#8243; kr\u0101su displejs ar izm\u0113r\u012bto v\u0113rt\u012bbu grafisku izvad\u012b\u0161anu. Pilnmet\u0101la korpuss ar m\u012bkstiem bufera st\u016briem, kas piem\u0113rots skarbai r\u016bpnieciskai ikdienas lieto\u0161anai. Lieto\u0161ana, izmantojot viedt\u0101lruni vai datoru, izmantojot VNC savienojumu, ier\u012bces displeja spogu\u013catt\u0113ls viedt\u0101lrun\u012b. Tehnisk\u0101 inform\u0101cija: MGA MGAprime.pdf\" \/>\n<meta property=\"og:url\" content=\"https:\/\/www.axiomams.eu\/lv\/produktas\/mru-mgaprime-gazes-analizators\" \/>\n<meta property=\"og:site_name\" content=\"AXIOMA MS\" \/>\n<meta property=\"article:publisher\" content=\"https:\/\/www.facebook.com\/AxiomaMS\" \/>\n<meta property=\"article:modified_time\" content=\"2026-03-25T15:03:52+00:00\" \/>\n<meta property=\"og:image\" content=\"https:\/\/www.axiomams.eu\/wp-content\/uploads\/2025\/07\/3202-6071.jpg\" \/>\n\t<meta property=\"og:image:width\" content=\"1020\" \/>\n\t<meta property=\"og:image:height\" content=\"1020\" \/>\n\t<meta property=\"og:image:type\" content=\"image\/jpeg\" \/>\n<meta name=\"twitter:card\" content=\"summary_large_image\" \/>\n<script type=\"application\/ld+json\" class=\"yoast-schema-graph\">{\"@context\":\"https:\/\/schema.org\",\"@graph\":[{\"@type\":\"WebPage\",\"@id\":\"https:\/\/www.axiomams.eu\/lv\/produktas\/mru-mgaprime-gazes-analizators\",\"url\":\"https:\/\/www.axiomams.eu\/lv\/produktas\/mru-mgaprime-gazes-analizators\",\"name\":\"MRU MGAprime g\u0101zes analizators - AXIOMA MS\",\"isPartOf\":{\"@id\":\"https:\/\/www.axiomams.eu\/lv#website\"},\"primaryImageOfPage\":{\"@id\":\"https:\/\/www.axiomams.eu\/lv\/produktas\/mru-mgaprime-gazes-analizators#primaryimage\"},\"image\":{\"@id\":\"https:\/\/www.axiomams.eu\/lv\/produktas\/mru-mgaprime-gazes-analizators#primaryimage\"},\"thumbnailUrl\":\"https:\/\/www.axiomams.eu\/wp-content\/uploads\/2025\/07\/3202-6071.jpg\",\"datePublished\":\"2025-05-15T16:15:04+00:00\",\"dateModified\":\"2026-03-25T15:03:52+00:00\",\"breadcrumb\":{\"@id\":\"https:\/\/www.axiomams.eu\/lv\/produktas\/mru-mgaprime-gazes-analizators#breadcrumb\"},\"inLanguage\":\"lv-LV\",\"potentialAction\":[{\"@type\":\"ReadAction\",\"target\":[\"https:\/\/www.axiomams.eu\/lv\/produktas\/mru-mgaprime-gazes-analizators\"]}]},{\"@type\":\"ImageObject\",\"inLanguage\":\"lv-LV\",\"@id\":\"https:\/\/www.axiomams.eu\/lv\/produktas\/mru-mgaprime-gazes-analizators#primaryimage\",\"url\":\"https:\/\/www.axiomams.eu\/wp-content\/uploads\/2025\/07\/3202-6071.jpg\",\"contentUrl\":\"https:\/\/www.axiomams.eu\/wp-content\/uploads\/2025\/07\/3202-6071.jpg\",\"width\":1020,\"height\":1020},{\"@type\":\"BreadcrumbList\",\"@id\":\"https:\/\/www.axiomams.eu\/lv\/produktas\/mru-mgaprime-gazes-analizators#breadcrumb\",\"itemListElement\":[{\"@type\":\"ListItem\",\"position\":1,\"name\":\"Home\",\"item\":\"https:\/\/www.axiomams.eu\/lv\"},{\"@type\":\"ListItem\",\"position\":2,\"name\":\"Produkti\",\"item\":\"https:\/\/www.axiomams.eu\/lv\/produkti\"},{\"@type\":\"ListItem\",\"position\":3,\"name\":\"MRU MGAprime g\u0101zes analizators\"}]},{\"@type\":\"WebSite\",\"@id\":\"https:\/\/www.axiomams.eu\/lv#website\",\"url\":\"https:\/\/www.axiomams.eu\/lv\",\"name\":\"AXIOMA MS\",\"description\":\"Terrmovizoriai ir matavimo \u012franga\",\"publisher\":{\"@id\":\"https:\/\/www.axiomams.eu\/lv#organization\"},\"potentialAction\":[{\"@type\":\"SearchAction\",\"target\":{\"@type\":\"EntryPoint\",\"urlTemplate\":\"https:\/\/www.axiomams.eu\/lv?s={search_term_string}\"},\"query-input\":{\"@type\":\"PropertyValueSpecification\",\"valueRequired\":true,\"valueName\":\"search_term_string\"}}],\"inLanguage\":\"lv-LV\"},{\"@type\":\"Organization\",\"@id\":\"https:\/\/www.axiomams.eu\/lv#organization\",\"name\":\"AXIOMA MS\",\"url\":\"https:\/\/www.axiomams.eu\/lv\",\"logo\":{\"@type\":\"ImageObject\",\"inLanguage\":\"lv-LV\",\"@id\":\"https:\/\/www.axiomams.eu\/lv#\/schema\/logo\/image\/\",\"url\":\"https:\/\/www.axiomams.eu\/wp-content\/uploads\/2025\/06\/axioma-logo-2.png\",\"contentUrl\":\"https:\/\/www.axiomams.eu\/wp-content\/uploads\/2025\/06\/axioma-logo-2.png\",\"width\":1200,\"height\":1200,\"caption\":\"AXIOMA MS\"},\"image\":{\"@id\":\"https:\/\/www.axiomams.eu\/lv#\/schema\/logo\/image\/\"},\"sameAs\":[\"https:\/\/www.facebook.com\/AxiomaMS\",\"https:\/\/www.linkedin.com\/company\/axiomams\/\"]}]}<\/script>\n<!-- \/ Yoast SEO plugin. -->","yoast_head_json":{"title":"MRU MGAprime g\u0101zes analizators - AXIOMA MS","robots":{"index":"index","follow":"follow","max-snippet":"max-snippet:-1","max-image-preview":"max-image-preview:large","max-video-preview":"max-video-preview:-1"},"canonical":"https:\/\/www.axiomams.eu\/lv\/produktas\/mru-mgaprime-gazes-analizators","og_locale":"lv_LV","og_type":"article","og_title":"MRU MGAprime g\u0101zes analizators - AXIOMA MS","og_description":"MRU MGAprime &#8211; augstas klases d\u016bmg\u0101zu emisiju analizators da\u017e\u0101du r\u016bpniecisko objektu emisiju monitoringam. Augstas iz\u0161\u0137irtsp\u0113jas 7&#8243; kr\u0101su displejs ar izm\u0113r\u012bto v\u0113rt\u012bbu grafisku izvad\u012b\u0161anu. Pilnmet\u0101la korpuss ar m\u012bkstiem bufera st\u016briem, kas piem\u0113rots skarbai r\u016bpnieciskai ikdienas lieto\u0161anai. Lieto\u0161ana, izmantojot viedt\u0101lruni vai datoru, izmantojot VNC savienojumu, ier\u012bces displeja spogu\u013catt\u0113ls viedt\u0101lrun\u012b. Tehnisk\u0101 inform\u0101cija: MGA MGAprime.pdf","og_url":"https:\/\/www.axiomams.eu\/lv\/produktas\/mru-mgaprime-gazes-analizators","og_site_name":"AXIOMA MS","article_publisher":"https:\/\/www.facebook.com\/AxiomaMS","article_modified_time":"2026-03-25T15:03:52+00:00","og_image":[{"width":1020,"height":1020,"url":"https:\/\/www.axiomams.eu\/wp-content\/uploads\/2025\/07\/3202-6071.jpg","type":"image\/jpeg"}],"twitter_card":"summary_large_image","schema":{"@context":"https:\/\/schema.org","@graph":[{"@type":"WebPage","@id":"https:\/\/www.axiomams.eu\/lv\/produktas\/mru-mgaprime-gazes-analizators","url":"https:\/\/www.axiomams.eu\/lv\/produktas\/mru-mgaprime-gazes-analizators","name":"MRU MGAprime g\u0101zes analizators - AXIOMA MS","isPartOf":{"@id":"https:\/\/www.axiomams.eu\/lv#website"},"primaryImageOfPage":{"@id":"https:\/\/www.axiomams.eu\/lv\/produktas\/mru-mgaprime-gazes-analizators#primaryimage"},"image":{"@id":"https:\/\/www.axiomams.eu\/lv\/produktas\/mru-mgaprime-gazes-analizators#primaryimage"},"thumbnailUrl":"https:\/\/www.axiomams.eu\/wp-content\/uploads\/2025\/07\/3202-6071.jpg","datePublished":"2025-05-15T16:15:04+00:00","dateModified":"2026-03-25T15:03:52+00:00","breadcrumb":{"@id":"https:\/\/www.axiomams.eu\/lv\/produktas\/mru-mgaprime-gazes-analizators#breadcrumb"},"inLanguage":"lv-LV","potentialAction":[{"@type":"ReadAction","target":["https:\/\/www.axiomams.eu\/lv\/produktas\/mru-mgaprime-gazes-analizators"]}]},{"@type":"ImageObject","inLanguage":"lv-LV","@id":"https:\/\/www.axiomams.eu\/lv\/produktas\/mru-mgaprime-gazes-analizators#primaryimage","url":"https:\/\/www.axiomams.eu\/wp-content\/uploads\/2025\/07\/3202-6071.jpg","contentUrl":"https:\/\/www.axiomams.eu\/wp-content\/uploads\/2025\/07\/3202-6071.jpg","width":1020,"height":1020},{"@type":"BreadcrumbList","@id":"https:\/\/www.axiomams.eu\/lv\/produktas\/mru-mgaprime-gazes-analizators#breadcrumb","itemListElement":[{"@type":"ListItem","position":1,"name":"Home","item":"https:\/\/www.axiomams.eu\/lv"},{"@type":"ListItem","position":2,"name":"Produkti","item":"https:\/\/www.axiomams.eu\/lv\/produkti"},{"@type":"ListItem","position":3,"name":"MRU MGAprime g\u0101zes analizators"}]},{"@type":"WebSite","@id":"https:\/\/www.axiomams.eu\/lv#website","url":"https:\/\/www.axiomams.eu\/lv","name":"AXIOMA MS","description":"Terrmovizoriai ir matavimo \u012franga","publisher":{"@id":"https:\/\/www.axiomams.eu\/lv#organization"},"potentialAction":[{"@type":"SearchAction","target":{"@type":"EntryPoint","urlTemplate":"https:\/\/www.axiomams.eu\/lv?s={search_term_string}"},"query-input":{"@type":"PropertyValueSpecification","valueRequired":true,"valueName":"search_term_string"}}],"inLanguage":"lv-LV"},{"@type":"Organization","@id":"https:\/\/www.axiomams.eu\/lv#organization","name":"AXIOMA MS","url":"https:\/\/www.axiomams.eu\/lv","logo":{"@type":"ImageObject","inLanguage":"lv-LV","@id":"https:\/\/www.axiomams.eu\/lv#\/schema\/logo\/image\/","url":"https:\/\/www.axiomams.eu\/wp-content\/uploads\/2025\/06\/axioma-logo-2.png","contentUrl":"https:\/\/www.axiomams.eu\/wp-content\/uploads\/2025\/06\/axioma-logo-2.png","width":1200,"height":1200,"caption":"AXIOMA MS"},"image":{"@id":"https:\/\/www.axiomams.eu\/lv#\/schema\/logo\/image\/"},"sameAs":["https:\/\/www.facebook.com\/AxiomaMS","https:\/\/www.linkedin.com\/company\/axiomams\/"]}]}},"_links":{"self":[{"href":"https:\/\/www.axiomams.eu\/lv\/wp-json\/wp\/v2\/product\/39701","targetHints":{"allow":["GET"]}}],"collection":[{"href":"https:\/\/www.axiomams.eu\/lv\/wp-json\/wp\/v2\/product"}],"about":[{"href":"https:\/\/www.axiomams.eu\/lv\/wp-json\/wp\/v2\/types\/product"}],"replies":[{"embeddable":true,"href":"https:\/\/www.axiomams.eu\/lv\/wp-json\/wp\/v2\/comments?post=39701"}],"wp:featuredmedia":[{"embeddable":true,"href":"https:\/\/www.axiomams.eu\/lv\/wp-json\/wp\/v2\/media\/43199"}],"wp:attachment":[{"href":"https:\/\/www.axiomams.eu\/lv\/wp-json\/wp\/v2\/media?parent=39701"}],"wp:term":[{"taxonomy":"product_brand","embeddable":true,"href":"https:\/\/www.axiomams.eu\/lv\/wp-json\/wp\/v2\/product_brand?post=39701"},{"taxonomy":"product_cat","embeddable":true,"href":"https:\/\/www.axiomams.eu\/lv\/wp-json\/wp\/v2\/product_cat?post=39701"},{"taxonomy":"product_tag","embeddable":true,"href":"https:\/\/www.axiomams.eu\/lv\/wp-json\/wp\/v2\/product_tag?post=39701"}],"curies":[{"name":"wp","href":"https:\/\/api.w.org\/{rel}","templated":true}]}}