{"id":39705,"date":"2025-05-15T18:11:34","date_gmt":"2025-05-15T16:11:34","guid":{"rendered":"https:\/\/www.axiomams.eu\/produktas\/flir-mio-ax8-1-i-o-modulis"},"modified":"2026-03-25T17:03:55","modified_gmt":"2026-03-25T15:03:55","slug":"flir-mio-ax8-1-i-o-modulis","status":"publish","type":"product","link":"https:\/\/www.axiomams.eu\/lv\/produktas\/flir-mio-ax8-1-i-o-modulis","title":{"rendered":"Flir MIO-AX8-1 &#8211; I\/O modulis"},"content":{"rendered":"<p>MIO s\u0113rijas inteli\u0123entie I\/O risin\u0101jumi ir izstr\u0101d\u0101ti, lai p\u0101rv\u0113rstu FLIR term\u0101l\u0101s att\u0113lveido\u0161anas temperat\u016bras sensorus piln\u012bg\u0101s att\u0101lin\u0101t\u0101s uzraudz\u012bbas sist\u0113m\u0101s. MIO s\u0113rija ir viegli uzst\u0101d\u0101ms un konfigur\u0113jams t\u0101lvad\u012bbas monitoringa risin\u0101jums procesu kontrolei, st\u0101vok\u013ca uzraudz\u012bbai un ugunsdro\u0161\u012bbas nov\u0113r\u0161anai.<\/p>\n<p>4-20 mA raid\u012bt\u0101js Kan\u0101li: 2 CH<br \/>\nDigit\u0101l\u0101s izejas kan\u0101li: 2 CH<\/p>\n<h3>Tehnisk\u0101 inform\u0101cija:<\/h3>\n<ul>\n<li><a href=\"https:\/\/axiomams.eu\/importer\/export\/attachments\/en\/mio-ax8-datasheet-en.pdf\" target=\"_blank\">MIO-AX8-Datasheet-EN.pdf<\/a><\/li>\n<\/ul>\n","protected":false},"excerpt":{"rendered":"<p>MIO s\u0113rijas inteli\u0123entie I\/O risin\u0101jumi ir izstr\u0101d\u0101ti, lai p\u0101rv\u0113rstu FLIR term\u0101l\u0101s att\u0113lveido\u0161anas temperat\u016bras sensorus piln\u012bg\u0101s att\u0101lin\u0101t\u0101s uzraudz\u012bbas sist\u0113m\u0101s. MIO s\u0113rija ir viegli uzst\u0101d\u0101ms un konfigur\u0113jams t\u0101lvad\u012bbas monitoringa risin\u0101jums procesu kontrolei, st\u0101vok\u013ca uzraudz\u012bbai un ugunsdro\u0161\u012bbas nov\u0113r\u0161anai. 4-20 mA raid\u012bt\u0101js Kan\u0101li: 2 CH Digit\u0101l\u0101s izejas kan\u0101li: 2 CH Tehnisk\u0101 inform\u0101cija: MIO-AX8-Datasheet-EN.pdf<\/p>\n","protected":false},"featured_media":42871,"comment_status":"open","ping_status":"closed","template":"","meta":{"_acf_changed":false},"product_brand":[734],"product_cat":[],"product_tag":[],"class_list":{"0":"post-39705","1":"product","2":"type-product","3":"status-publish","4":"has-post-thumbnail","6":"product_brand-flir","8":"first","9":"instock","10":"taxable","11":"shipping-taxable","12":"purchasable","13":"product-type-simple"},"acf":[],"yoast_head":"<!-- This site is optimized with the Yoast SEO plugin v27.0 - https:\/\/yoast.com\/product\/yoast-seo-wordpress\/ -->\n<title>Flir MIO-AX8-1 - I\/O modulis - AXIOMA MS<\/title>\n<meta name=\"robots\" content=\"index, follow, max-snippet:-1, max-image-preview:large, max-video-preview:-1\" \/>\n<link rel=\"canonical\" href=\"https:\/\/www.axiomams.eu\/lv\/produktas\/flir-mio-ax8-1-i-o-modulis\" \/>\n<meta property=\"og:locale\" content=\"lv_LV\" \/>\n<meta property=\"og:type\" content=\"article\" \/>\n<meta property=\"og:title\" content=\"Flir MIO-AX8-1 - I\/O modulis - AXIOMA MS\" \/>\n<meta property=\"og:description\" content=\"MIO s\u0113rijas inteli\u0123entie I\/O risin\u0101jumi ir izstr\u0101d\u0101ti, lai p\u0101rv\u0113rstu FLIR term\u0101l\u0101s att\u0113lveido\u0161anas temperat\u016bras sensorus piln\u012bg\u0101s att\u0101lin\u0101t\u0101s uzraudz\u012bbas sist\u0113m\u0101s. MIO s\u0113rija ir viegli uzst\u0101d\u0101ms un konfigur\u0113jams t\u0101lvad\u012bbas monitoringa risin\u0101jums procesu kontrolei, st\u0101vok\u013ca uzraudz\u012bbai un ugunsdro\u0161\u012bbas nov\u0113r\u0161anai. 4-20 mA raid\u012bt\u0101js Kan\u0101li: 2 CH Digit\u0101l\u0101s izejas kan\u0101li: 2 CH Tehnisk\u0101 inform\u0101cija: MIO-AX8-Datasheet-EN.pdf\" \/>\n<meta property=\"og:url\" content=\"https:\/\/www.axiomams.eu\/lv\/produktas\/flir-mio-ax8-1-i-o-modulis\" \/>\n<meta property=\"og:site_name\" content=\"AXIOMA MS\" \/>\n<meta property=\"article:publisher\" content=\"https:\/\/www.facebook.com\/AxiomaMS\" \/>\n<meta property=\"article:modified_time\" content=\"2026-03-25T15:03:55+00:00\" \/>\n<meta property=\"og:image\" content=\"https:\/\/www.axiomams.eu\/wp-content\/uploads\/2025\/07\/2677-3449.jpg\" \/>\n\t<meta property=\"og:image:width\" content=\"650\" \/>\n\t<meta property=\"og:image:height\" content=\"474\" \/>\n\t<meta property=\"og:image:type\" content=\"image\/jpeg\" \/>\n<meta name=\"twitter:card\" content=\"summary_large_image\" \/>\n<script type=\"application\/ld+json\" class=\"yoast-schema-graph\">{\"@context\":\"https:\/\/schema.org\",\"@graph\":[{\"@type\":\"WebPage\",\"@id\":\"https:\/\/www.axiomams.eu\/lv\/produktas\/flir-mio-ax8-1-i-o-modulis\",\"url\":\"https:\/\/www.axiomams.eu\/lv\/produktas\/flir-mio-ax8-1-i-o-modulis\",\"name\":\"Flir MIO-AX8-1 - I\/O modulis - AXIOMA MS\",\"isPartOf\":{\"@id\":\"https:\/\/www.axiomams.eu\/lv#website\"},\"primaryImageOfPage\":{\"@id\":\"https:\/\/www.axiomams.eu\/lv\/produktas\/flir-mio-ax8-1-i-o-modulis#primaryimage\"},\"image\":{\"@id\":\"https:\/\/www.axiomams.eu\/lv\/produktas\/flir-mio-ax8-1-i-o-modulis#primaryimage\"},\"thumbnailUrl\":\"https:\/\/www.axiomams.eu\/wp-content\/uploads\/2025\/07\/2677-3449.jpg\",\"datePublished\":\"2025-05-15T16:11:34+00:00\",\"dateModified\":\"2026-03-25T15:03:55+00:00\",\"breadcrumb\":{\"@id\":\"https:\/\/www.axiomams.eu\/lv\/produktas\/flir-mio-ax8-1-i-o-modulis#breadcrumb\"},\"inLanguage\":\"lv-LV\",\"potentialAction\":[{\"@type\":\"ReadAction\",\"target\":[\"https:\/\/www.axiomams.eu\/lv\/produktas\/flir-mio-ax8-1-i-o-modulis\"]}]},{\"@type\":\"ImageObject\",\"inLanguage\":\"lv-LV\",\"@id\":\"https:\/\/www.axiomams.eu\/lv\/produktas\/flir-mio-ax8-1-i-o-modulis#primaryimage\",\"url\":\"https:\/\/www.axiomams.eu\/wp-content\/uploads\/2025\/07\/2677-3449.jpg\",\"contentUrl\":\"https:\/\/www.axiomams.eu\/wp-content\/uploads\/2025\/07\/2677-3449.jpg\",\"width\":650,\"height\":474},{\"@type\":\"BreadcrumbList\",\"@id\":\"https:\/\/www.axiomams.eu\/lv\/produktas\/flir-mio-ax8-1-i-o-modulis#breadcrumb\",\"itemListElement\":[{\"@type\":\"ListItem\",\"position\":1,\"name\":\"Home\",\"item\":\"https:\/\/www.axiomams.eu\/lv\"},{\"@type\":\"ListItem\",\"position\":2,\"name\":\"Produkti\",\"item\":\"https:\/\/www.axiomams.eu\/lv\/produkti\"},{\"@type\":\"ListItem\",\"position\":3,\"name\":\"Flir MIO-AX8-1 &#8211; I\/O modulis\"}]},{\"@type\":\"WebSite\",\"@id\":\"https:\/\/www.axiomams.eu\/lv#website\",\"url\":\"https:\/\/www.axiomams.eu\/lv\",\"name\":\"AXIOMA MS\",\"description\":\"Terrmovizoriai ir matavimo \u012franga\",\"publisher\":{\"@id\":\"https:\/\/www.axiomams.eu\/lv#organization\"},\"potentialAction\":[{\"@type\":\"SearchAction\",\"target\":{\"@type\":\"EntryPoint\",\"urlTemplate\":\"https:\/\/www.axiomams.eu\/lv?s={search_term_string}\"},\"query-input\":{\"@type\":\"PropertyValueSpecification\",\"valueRequired\":true,\"valueName\":\"search_term_string\"}}],\"inLanguage\":\"lv-LV\"},{\"@type\":\"Organization\",\"@id\":\"https:\/\/www.axiomams.eu\/lv#organization\",\"name\":\"AXIOMA MS\",\"url\":\"https:\/\/www.axiomams.eu\/lv\",\"logo\":{\"@type\":\"ImageObject\",\"inLanguage\":\"lv-LV\",\"@id\":\"https:\/\/www.axiomams.eu\/lv#\/schema\/logo\/image\/\",\"url\":\"https:\/\/www.axiomams.eu\/wp-content\/uploads\/2025\/06\/axioma-logo-2.png\",\"contentUrl\":\"https:\/\/www.axiomams.eu\/wp-content\/uploads\/2025\/06\/axioma-logo-2.png\",\"width\":1200,\"height\":1200,\"caption\":\"AXIOMA MS\"},\"image\":{\"@id\":\"https:\/\/www.axiomams.eu\/lv#\/schema\/logo\/image\/\"},\"sameAs\":[\"https:\/\/www.facebook.com\/AxiomaMS\",\"https:\/\/www.linkedin.com\/company\/axiomams\/\"]}]}<\/script>\n<!-- \/ Yoast SEO plugin. -->","yoast_head_json":{"title":"Flir MIO-AX8-1 - I\/O modulis - AXIOMA MS","robots":{"index":"index","follow":"follow","max-snippet":"max-snippet:-1","max-image-preview":"max-image-preview:large","max-video-preview":"max-video-preview:-1"},"canonical":"https:\/\/www.axiomams.eu\/lv\/produktas\/flir-mio-ax8-1-i-o-modulis","og_locale":"lv_LV","og_type":"article","og_title":"Flir MIO-AX8-1 - I\/O modulis - AXIOMA MS","og_description":"MIO s\u0113rijas inteli\u0123entie I\/O risin\u0101jumi ir izstr\u0101d\u0101ti, lai p\u0101rv\u0113rstu FLIR term\u0101l\u0101s att\u0113lveido\u0161anas temperat\u016bras sensorus piln\u012bg\u0101s att\u0101lin\u0101t\u0101s uzraudz\u012bbas sist\u0113m\u0101s. MIO s\u0113rija ir viegli uzst\u0101d\u0101ms un konfigur\u0113jams t\u0101lvad\u012bbas monitoringa risin\u0101jums procesu kontrolei, st\u0101vok\u013ca uzraudz\u012bbai un ugunsdro\u0161\u012bbas nov\u0113r\u0161anai. 4-20 mA raid\u012bt\u0101js Kan\u0101li: 2 CH Digit\u0101l\u0101s izejas kan\u0101li: 2 CH Tehnisk\u0101 inform\u0101cija: MIO-AX8-Datasheet-EN.pdf","og_url":"https:\/\/www.axiomams.eu\/lv\/produktas\/flir-mio-ax8-1-i-o-modulis","og_site_name":"AXIOMA MS","article_publisher":"https:\/\/www.facebook.com\/AxiomaMS","article_modified_time":"2026-03-25T15:03:55+00:00","og_image":[{"width":650,"height":474,"url":"https:\/\/www.axiomams.eu\/wp-content\/uploads\/2025\/07\/2677-3449.jpg","type":"image\/jpeg"}],"twitter_card":"summary_large_image","schema":{"@context":"https:\/\/schema.org","@graph":[{"@type":"WebPage","@id":"https:\/\/www.axiomams.eu\/lv\/produktas\/flir-mio-ax8-1-i-o-modulis","url":"https:\/\/www.axiomams.eu\/lv\/produktas\/flir-mio-ax8-1-i-o-modulis","name":"Flir MIO-AX8-1 - I\/O modulis - AXIOMA MS","isPartOf":{"@id":"https:\/\/www.axiomams.eu\/lv#website"},"primaryImageOfPage":{"@id":"https:\/\/www.axiomams.eu\/lv\/produktas\/flir-mio-ax8-1-i-o-modulis#primaryimage"},"image":{"@id":"https:\/\/www.axiomams.eu\/lv\/produktas\/flir-mio-ax8-1-i-o-modulis#primaryimage"},"thumbnailUrl":"https:\/\/www.axiomams.eu\/wp-content\/uploads\/2025\/07\/2677-3449.jpg","datePublished":"2025-05-15T16:11:34+00:00","dateModified":"2026-03-25T15:03:55+00:00","breadcrumb":{"@id":"https:\/\/www.axiomams.eu\/lv\/produktas\/flir-mio-ax8-1-i-o-modulis#breadcrumb"},"inLanguage":"lv-LV","potentialAction":[{"@type":"ReadAction","target":["https:\/\/www.axiomams.eu\/lv\/produktas\/flir-mio-ax8-1-i-o-modulis"]}]},{"@type":"ImageObject","inLanguage":"lv-LV","@id":"https:\/\/www.axiomams.eu\/lv\/produktas\/flir-mio-ax8-1-i-o-modulis#primaryimage","url":"https:\/\/www.axiomams.eu\/wp-content\/uploads\/2025\/07\/2677-3449.jpg","contentUrl":"https:\/\/www.axiomams.eu\/wp-content\/uploads\/2025\/07\/2677-3449.jpg","width":650,"height":474},{"@type":"BreadcrumbList","@id":"https:\/\/www.axiomams.eu\/lv\/produktas\/flir-mio-ax8-1-i-o-modulis#breadcrumb","itemListElement":[{"@type":"ListItem","position":1,"name":"Home","item":"https:\/\/www.axiomams.eu\/lv"},{"@type":"ListItem","position":2,"name":"Produkti","item":"https:\/\/www.axiomams.eu\/lv\/produkti"},{"@type":"ListItem","position":3,"name":"Flir MIO-AX8-1 &#8211; I\/O modulis"}]},{"@type":"WebSite","@id":"https:\/\/www.axiomams.eu\/lv#website","url":"https:\/\/www.axiomams.eu\/lv","name":"AXIOMA MS","description":"Terrmovizoriai ir matavimo \u012franga","publisher":{"@id":"https:\/\/www.axiomams.eu\/lv#organization"},"potentialAction":[{"@type":"SearchAction","target":{"@type":"EntryPoint","urlTemplate":"https:\/\/www.axiomams.eu\/lv?s={search_term_string}"},"query-input":{"@type":"PropertyValueSpecification","valueRequired":true,"valueName":"search_term_string"}}],"inLanguage":"lv-LV"},{"@type":"Organization","@id":"https:\/\/www.axiomams.eu\/lv#organization","name":"AXIOMA MS","url":"https:\/\/www.axiomams.eu\/lv","logo":{"@type":"ImageObject","inLanguage":"lv-LV","@id":"https:\/\/www.axiomams.eu\/lv#\/schema\/logo\/image\/","url":"https:\/\/www.axiomams.eu\/wp-content\/uploads\/2025\/06\/axioma-logo-2.png","contentUrl":"https:\/\/www.axiomams.eu\/wp-content\/uploads\/2025\/06\/axioma-logo-2.png","width":1200,"height":1200,"caption":"AXIOMA MS"},"image":{"@id":"https:\/\/www.axiomams.eu\/lv#\/schema\/logo\/image\/"},"sameAs":["https:\/\/www.facebook.com\/AxiomaMS","https:\/\/www.linkedin.com\/company\/axiomams\/"]}]}},"_links":{"self":[{"href":"https:\/\/www.axiomams.eu\/lv\/wp-json\/wp\/v2\/product\/39705","targetHints":{"allow":["GET"]}}],"collection":[{"href":"https:\/\/www.axiomams.eu\/lv\/wp-json\/wp\/v2\/product"}],"about":[{"href":"https:\/\/www.axiomams.eu\/lv\/wp-json\/wp\/v2\/types\/product"}],"replies":[{"embeddable":true,"href":"https:\/\/www.axiomams.eu\/lv\/wp-json\/wp\/v2\/comments?post=39705"}],"wp:featuredmedia":[{"embeddable":true,"href":"https:\/\/www.axiomams.eu\/lv\/wp-json\/wp\/v2\/media\/42871"}],"wp:attachment":[{"href":"https:\/\/www.axiomams.eu\/lv\/wp-json\/wp\/v2\/media?parent=39705"}],"wp:term":[{"taxonomy":"product_brand","embeddable":true,"href":"https:\/\/www.axiomams.eu\/lv\/wp-json\/wp\/v2\/product_brand?post=39705"},{"taxonomy":"product_cat","embeddable":true,"href":"https:\/\/www.axiomams.eu\/lv\/wp-json\/wp\/v2\/product_cat?post=39705"},{"taxonomy":"product_tag","embeddable":true,"href":"https:\/\/www.axiomams.eu\/lv\/wp-json\/wp\/v2\/product_tag?post=39705"}],"curies":[{"name":"wp","href":"https:\/\/api.w.org\/{rel}","templated":true}]}}