{"id":39708,"date":"2025-05-15T18:15:20","date_gmt":"2025-05-15T16:15:20","guid":{"rendered":"https:\/\/www.axiomams.eu\/produktas\/mru-optima-gazes-analizators-biogaze"},"modified":"2026-03-25T17:03:55","modified_gmt":"2026-03-25T15:03:55","slug":"mru-optima-gazes-analizators-biogaze","status":"publish","type":"product","link":"https:\/\/www.axiomams.eu\/lv\/produktas\/mru-optima-gazes-analizators-biogaze","title":{"rendered":"MRU OPTIMA g\u0101zes analizators &#8211; Biog\u0101ze"},"content":{"rendered":"<p>Ar Optima Biogas m\u0113s pied\u0101v\u0101jam papildus biog\u0101zes spiediena un temperat\u016bras m\u0113r\u012bjumus, g\u0101zes pl\u016bsmas \u0101truma m\u0113r\u012bjumus ar norm\u0113t\u0101 pl\u016bsmas \u0101truma apr\u0113\u0137inu.<br \/>\nIntuit\u012bv\u0101 programmat\u016bras izv\u0113lne un spilgts kr\u0101su displejs pal\u012bdz\u0113s jums izmantot visas m\u0113r\u012bjumu programmas. Jaun\u0101 MSM-tehnolo\u0123ija m\u0113r\u012b\u0161anas \u0161\u016bn\u0101m pied\u0101v\u0101s jums viegli un \u0101tri pievienojamas un atska\u0146ojamas iepriek\u0161 kalibr\u0113tas \u0161\u016bnas, lai izvair\u012btos no ilgsto\u0161as analizatora apkopes d\u012bkst\u0101ves.<br \/>\nSaglab\u0101jiet l\u012bdz pat 20 000 datu kopu tie\u0161i analizatora iek\u0161\u0113j\u0101 datu kr\u0101tuv\u0113 vai micro-SD kart\u0113, vai pat izmantojiet Bluetooth\u2122 bezvadu datu p\u0101rs\u016bt\u012b\u0161anai uz piez\u012bmjdatoru vai MRU4u datu lietotni viedt\u0101lrunim vai plan\u0161etdatoram. Druk\u0101t, izmantojot infrasarkano starojumu, \u0101trgaitas termoprinteris ir rokas stiepiena att\u0101lum\u0101.<\/p>\n<h3>Tehnisk\u0101 inform\u0101cija:<\/h3>\n<ul>\n<li><a href=\"https:\/\/axiomams.eu\/importer\/export\/attachments\/en\/mru-optima-biogas.pdf\" target=\"_blank\">MRU OPTIMA Biogas.pdf<\/a><\/li>\n<\/ul>\n","protected":false},"excerpt":{"rendered":"<p>Ar Optima Biogas m\u0113s pied\u0101v\u0101jam papildus biog\u0101zes spiediena un temperat\u016bras m\u0113r\u012bjumus, g\u0101zes pl\u016bsmas \u0101truma m\u0113r\u012bjumus ar norm\u0113t\u0101 pl\u016bsmas \u0101truma apr\u0113\u0137inu. Intuit\u012bv\u0101 programmat\u016bras izv\u0113lne un spilgts kr\u0101su displejs pal\u012bdz\u0113s jums izmantot visas m\u0113r\u012bjumu programmas. Jaun\u0101 MSM-tehnolo\u0123ija m\u0113r\u012b\u0161anas \u0161\u016bn\u0101m pied\u0101v\u0101s jums viegli un \u0101tri pievienojamas un atska\u0146ojamas iepriek\u0161 kalibr\u0113tas \u0161\u016bnas, lai izvair\u012btos no ilgsto\u0161as analizatora apkopes d\u012bkst\u0101ves&#8230;.<\/p>\n","protected":false},"featured_media":43223,"comment_status":"open","ping_status":"closed","template":"","meta":{"_acf_changed":false},"product_brand":[1897],"product_cat":[17763],"product_tag":[],"class_list":{"0":"post-39708","1":"product","2":"type-product","3":"status-publish","4":"has-post-thumbnail","6":"product_brand-mru","7":"product_cat-gazu-un-dumu-analizei","9":"first","10":"instock","11":"taxable","12":"shipping-taxable","13":"product-type-simple"},"acf":[],"yoast_head":"<!-- This site is optimized with the Yoast SEO plugin v27.0 - https:\/\/yoast.com\/product\/yoast-seo-wordpress\/ -->\n<title>MRU OPTIMA g\u0101zes analizators - Biog\u0101ze - AXIOMA MS<\/title>\n<meta name=\"robots\" content=\"index, follow, max-snippet:-1, max-image-preview:large, max-video-preview:-1\" \/>\n<link rel=\"canonical\" href=\"https:\/\/www.axiomams.eu\/lv\/produktas\/mru-optima-gazes-analizators-biogaze\" \/>\n<meta property=\"og:locale\" content=\"lv_LV\" \/>\n<meta property=\"og:type\" content=\"article\" \/>\n<meta property=\"og:title\" content=\"MRU OPTIMA g\u0101zes analizators - Biog\u0101ze - AXIOMA MS\" \/>\n<meta property=\"og:description\" content=\"Ar Optima Biogas m\u0113s pied\u0101v\u0101jam papildus biog\u0101zes spiediena un temperat\u016bras m\u0113r\u012bjumus, g\u0101zes pl\u016bsmas \u0101truma m\u0113r\u012bjumus ar norm\u0113t\u0101 pl\u016bsmas \u0101truma apr\u0113\u0137inu. Intuit\u012bv\u0101 programmat\u016bras izv\u0113lne un spilgts kr\u0101su displejs pal\u012bdz\u0113s jums izmantot visas m\u0113r\u012bjumu programmas. Jaun\u0101 MSM-tehnolo\u0123ija m\u0113r\u012b\u0161anas \u0161\u016bn\u0101m pied\u0101v\u0101s jums viegli un \u0101tri pievienojamas un atska\u0146ojamas iepriek\u0161 kalibr\u0113tas \u0161\u016bnas, lai izvair\u012btos no ilgsto\u0161as analizatora apkopes d\u012bkst\u0101ves....\" \/>\n<meta property=\"og:url\" content=\"https:\/\/www.axiomams.eu\/lv\/produktas\/mru-optima-gazes-analizators-biogaze\" \/>\n<meta property=\"og:site_name\" content=\"AXIOMA MS\" \/>\n<meta property=\"article:publisher\" content=\"https:\/\/www.facebook.com\/AxiomaMS\" \/>\n<meta property=\"article:modified_time\" content=\"2026-03-25T15:03:55+00:00\" \/>\n<meta property=\"og:image\" content=\"https:\/\/www.axiomams.eu\/wp-content\/uploads\/2025\/07\/3537-4838.jpg\" \/>\n\t<meta property=\"og:image:width\" content=\"900\" \/>\n\t<meta property=\"og:image:height\" content=\"900\" \/>\n\t<meta property=\"og:image:type\" content=\"image\/jpeg\" \/>\n<meta name=\"twitter:card\" content=\"summary_large_image\" \/>\n<meta name=\"twitter:label1\" content=\"Est. reading time\" \/>\n\t<meta name=\"twitter:data1\" content=\"1 minute\" \/>\n<script type=\"application\/ld+json\" class=\"yoast-schema-graph\">{\"@context\":\"https:\/\/schema.org\",\"@graph\":[{\"@type\":\"WebPage\",\"@id\":\"https:\/\/www.axiomams.eu\/lv\/produktas\/mru-optima-gazes-analizators-biogaze\",\"url\":\"https:\/\/www.axiomams.eu\/lv\/produktas\/mru-optima-gazes-analizators-biogaze\",\"name\":\"MRU OPTIMA g\u0101zes analizators - Biog\u0101ze - AXIOMA MS\",\"isPartOf\":{\"@id\":\"https:\/\/www.axiomams.eu\/lv#website\"},\"primaryImageOfPage\":{\"@id\":\"https:\/\/www.axiomams.eu\/lv\/produktas\/mru-optima-gazes-analizators-biogaze#primaryimage\"},\"image\":{\"@id\":\"https:\/\/www.axiomams.eu\/lv\/produktas\/mru-optima-gazes-analizators-biogaze#primaryimage\"},\"thumbnailUrl\":\"https:\/\/www.axiomams.eu\/wp-content\/uploads\/2025\/07\/3537-4838.jpg\",\"datePublished\":\"2025-05-15T16:15:20+00:00\",\"dateModified\":\"2026-03-25T15:03:55+00:00\",\"breadcrumb\":{\"@id\":\"https:\/\/www.axiomams.eu\/lv\/produktas\/mru-optima-gazes-analizators-biogaze#breadcrumb\"},\"inLanguage\":\"lv-LV\",\"potentialAction\":[{\"@type\":\"ReadAction\",\"target\":[\"https:\/\/www.axiomams.eu\/lv\/produktas\/mru-optima-gazes-analizators-biogaze\"]}]},{\"@type\":\"ImageObject\",\"inLanguage\":\"lv-LV\",\"@id\":\"https:\/\/www.axiomams.eu\/lv\/produktas\/mru-optima-gazes-analizators-biogaze#primaryimage\",\"url\":\"https:\/\/www.axiomams.eu\/wp-content\/uploads\/2025\/07\/3537-4838.jpg\",\"contentUrl\":\"https:\/\/www.axiomams.eu\/wp-content\/uploads\/2025\/07\/3537-4838.jpg\",\"width\":900,\"height\":900},{\"@type\":\"BreadcrumbList\",\"@id\":\"https:\/\/www.axiomams.eu\/lv\/produktas\/mru-optima-gazes-analizators-biogaze#breadcrumb\",\"itemListElement\":[{\"@type\":\"ListItem\",\"position\":1,\"name\":\"Home\",\"item\":\"https:\/\/www.axiomams.eu\/lv\"},{\"@type\":\"ListItem\",\"position\":2,\"name\":\"Produkti\",\"item\":\"https:\/\/www.axiomams.eu\/lv\/produkti\"},{\"@type\":\"ListItem\",\"position\":3,\"name\":\"MRU OPTIMA g\u0101zes analizators &#8211; Biog\u0101ze\"}]},{\"@type\":\"WebSite\",\"@id\":\"https:\/\/www.axiomams.eu\/lv#website\",\"url\":\"https:\/\/www.axiomams.eu\/lv\",\"name\":\"AXIOMA MS\",\"description\":\"Terrmovizoriai ir matavimo \u012franga\",\"publisher\":{\"@id\":\"https:\/\/www.axiomams.eu\/lv#organization\"},\"potentialAction\":[{\"@type\":\"SearchAction\",\"target\":{\"@type\":\"EntryPoint\",\"urlTemplate\":\"https:\/\/www.axiomams.eu\/lv?s={search_term_string}\"},\"query-input\":{\"@type\":\"PropertyValueSpecification\",\"valueRequired\":true,\"valueName\":\"search_term_string\"}}],\"inLanguage\":\"lv-LV\"},{\"@type\":\"Organization\",\"@id\":\"https:\/\/www.axiomams.eu\/lv#organization\",\"name\":\"AXIOMA MS\",\"url\":\"https:\/\/www.axiomams.eu\/lv\",\"logo\":{\"@type\":\"ImageObject\",\"inLanguage\":\"lv-LV\",\"@id\":\"https:\/\/www.axiomams.eu\/lv#\/schema\/logo\/image\/\",\"url\":\"https:\/\/www.axiomams.eu\/wp-content\/uploads\/2025\/06\/axioma-logo-2.png\",\"contentUrl\":\"https:\/\/www.axiomams.eu\/wp-content\/uploads\/2025\/06\/axioma-logo-2.png\",\"width\":1200,\"height\":1200,\"caption\":\"AXIOMA MS\"},\"image\":{\"@id\":\"https:\/\/www.axiomams.eu\/lv#\/schema\/logo\/image\/\"},\"sameAs\":[\"https:\/\/www.facebook.com\/AxiomaMS\",\"https:\/\/www.linkedin.com\/company\/axiomams\/\"]}]}<\/script>\n<!-- \/ Yoast SEO plugin. -->","yoast_head_json":{"title":"MRU OPTIMA g\u0101zes analizators - Biog\u0101ze - AXIOMA MS","robots":{"index":"index","follow":"follow","max-snippet":"max-snippet:-1","max-image-preview":"max-image-preview:large","max-video-preview":"max-video-preview:-1"},"canonical":"https:\/\/www.axiomams.eu\/lv\/produktas\/mru-optima-gazes-analizators-biogaze","og_locale":"lv_LV","og_type":"article","og_title":"MRU OPTIMA g\u0101zes analizators - Biog\u0101ze - AXIOMA MS","og_description":"Ar Optima Biogas m\u0113s pied\u0101v\u0101jam papildus biog\u0101zes spiediena un temperat\u016bras m\u0113r\u012bjumus, g\u0101zes pl\u016bsmas \u0101truma m\u0113r\u012bjumus ar norm\u0113t\u0101 pl\u016bsmas \u0101truma apr\u0113\u0137inu. Intuit\u012bv\u0101 programmat\u016bras izv\u0113lne un spilgts kr\u0101su displejs pal\u012bdz\u0113s jums izmantot visas m\u0113r\u012bjumu programmas. Jaun\u0101 MSM-tehnolo\u0123ija m\u0113r\u012b\u0161anas \u0161\u016bn\u0101m pied\u0101v\u0101s jums viegli un \u0101tri pievienojamas un atska\u0146ojamas iepriek\u0161 kalibr\u0113tas \u0161\u016bnas, lai izvair\u012btos no ilgsto\u0161as analizatora apkopes d\u012bkst\u0101ves....","og_url":"https:\/\/www.axiomams.eu\/lv\/produktas\/mru-optima-gazes-analizators-biogaze","og_site_name":"AXIOMA MS","article_publisher":"https:\/\/www.facebook.com\/AxiomaMS","article_modified_time":"2026-03-25T15:03:55+00:00","og_image":[{"width":900,"height":900,"url":"https:\/\/www.axiomams.eu\/wp-content\/uploads\/2025\/07\/3537-4838.jpg","type":"image\/jpeg"}],"twitter_card":"summary_large_image","twitter_misc":{"Est. reading time":"1 minute"},"schema":{"@context":"https:\/\/schema.org","@graph":[{"@type":"WebPage","@id":"https:\/\/www.axiomams.eu\/lv\/produktas\/mru-optima-gazes-analizators-biogaze","url":"https:\/\/www.axiomams.eu\/lv\/produktas\/mru-optima-gazes-analizators-biogaze","name":"MRU OPTIMA g\u0101zes analizators - Biog\u0101ze - AXIOMA MS","isPartOf":{"@id":"https:\/\/www.axiomams.eu\/lv#website"},"primaryImageOfPage":{"@id":"https:\/\/www.axiomams.eu\/lv\/produktas\/mru-optima-gazes-analizators-biogaze#primaryimage"},"image":{"@id":"https:\/\/www.axiomams.eu\/lv\/produktas\/mru-optima-gazes-analizators-biogaze#primaryimage"},"thumbnailUrl":"https:\/\/www.axiomams.eu\/wp-content\/uploads\/2025\/07\/3537-4838.jpg","datePublished":"2025-05-15T16:15:20+00:00","dateModified":"2026-03-25T15:03:55+00:00","breadcrumb":{"@id":"https:\/\/www.axiomams.eu\/lv\/produktas\/mru-optima-gazes-analizators-biogaze#breadcrumb"},"inLanguage":"lv-LV","potentialAction":[{"@type":"ReadAction","target":["https:\/\/www.axiomams.eu\/lv\/produktas\/mru-optima-gazes-analizators-biogaze"]}]},{"@type":"ImageObject","inLanguage":"lv-LV","@id":"https:\/\/www.axiomams.eu\/lv\/produktas\/mru-optima-gazes-analizators-biogaze#primaryimage","url":"https:\/\/www.axiomams.eu\/wp-content\/uploads\/2025\/07\/3537-4838.jpg","contentUrl":"https:\/\/www.axiomams.eu\/wp-content\/uploads\/2025\/07\/3537-4838.jpg","width":900,"height":900},{"@type":"BreadcrumbList","@id":"https:\/\/www.axiomams.eu\/lv\/produktas\/mru-optima-gazes-analizators-biogaze#breadcrumb","itemListElement":[{"@type":"ListItem","position":1,"name":"Home","item":"https:\/\/www.axiomams.eu\/lv"},{"@type":"ListItem","position":2,"name":"Produkti","item":"https:\/\/www.axiomams.eu\/lv\/produkti"},{"@type":"ListItem","position":3,"name":"MRU OPTIMA g\u0101zes analizators &#8211; Biog\u0101ze"}]},{"@type":"WebSite","@id":"https:\/\/www.axiomams.eu\/lv#website","url":"https:\/\/www.axiomams.eu\/lv","name":"AXIOMA MS","description":"Terrmovizoriai ir matavimo \u012franga","publisher":{"@id":"https:\/\/www.axiomams.eu\/lv#organization"},"potentialAction":[{"@type":"SearchAction","target":{"@type":"EntryPoint","urlTemplate":"https:\/\/www.axiomams.eu\/lv?s={search_term_string}"},"query-input":{"@type":"PropertyValueSpecification","valueRequired":true,"valueName":"search_term_string"}}],"inLanguage":"lv-LV"},{"@type":"Organization","@id":"https:\/\/www.axiomams.eu\/lv#organization","name":"AXIOMA MS","url":"https:\/\/www.axiomams.eu\/lv","logo":{"@type":"ImageObject","inLanguage":"lv-LV","@id":"https:\/\/www.axiomams.eu\/lv#\/schema\/logo\/image\/","url":"https:\/\/www.axiomams.eu\/wp-content\/uploads\/2025\/06\/axioma-logo-2.png","contentUrl":"https:\/\/www.axiomams.eu\/wp-content\/uploads\/2025\/06\/axioma-logo-2.png","width":1200,"height":1200,"caption":"AXIOMA MS"},"image":{"@id":"https:\/\/www.axiomams.eu\/lv#\/schema\/logo\/image\/"},"sameAs":["https:\/\/www.facebook.com\/AxiomaMS","https:\/\/www.linkedin.com\/company\/axiomams\/"]}]}},"_links":{"self":[{"href":"https:\/\/www.axiomams.eu\/lv\/wp-json\/wp\/v2\/product\/39708","targetHints":{"allow":["GET"]}}],"collection":[{"href":"https:\/\/www.axiomams.eu\/lv\/wp-json\/wp\/v2\/product"}],"about":[{"href":"https:\/\/www.axiomams.eu\/lv\/wp-json\/wp\/v2\/types\/product"}],"replies":[{"embeddable":true,"href":"https:\/\/www.axiomams.eu\/lv\/wp-json\/wp\/v2\/comments?post=39708"}],"wp:featuredmedia":[{"embeddable":true,"href":"https:\/\/www.axiomams.eu\/lv\/wp-json\/wp\/v2\/media\/43223"}],"wp:attachment":[{"href":"https:\/\/www.axiomams.eu\/lv\/wp-json\/wp\/v2\/media?parent=39708"}],"wp:term":[{"taxonomy":"product_brand","embeddable":true,"href":"https:\/\/www.axiomams.eu\/lv\/wp-json\/wp\/v2\/product_brand?post=39708"},{"taxonomy":"product_cat","embeddable":true,"href":"https:\/\/www.axiomams.eu\/lv\/wp-json\/wp\/v2\/product_cat?post=39708"},{"taxonomy":"product_tag","embeddable":true,"href":"https:\/\/www.axiomams.eu\/lv\/wp-json\/wp\/v2\/product_tag?post=39708"}],"curies":[{"name":"wp","href":"https:\/\/api.w.org\/{rel}","templated":true}]}}