{"id":39716,"date":"2025-05-15T18:15:35","date_gmt":"2025-05-15T16:15:35","guid":{"rendered":"https:\/\/www.axiomams.eu\/produktas\/pce-instruments-pce-fst-200-201-u-gaisa-plusmas-meritajs"},"modified":"2026-03-25T17:03:59","modified_gmt":"2026-03-25T15:03:59","slug":"pce-instruments-pce-fst-200-201-u-gaisa-plusmas-meritajs","status":"publish","type":"product","link":"https:\/\/www.axiomams.eu\/lv\/produktas\/pce-instruments-pce-fst-200-201-u-gaisa-plusmas-meritajs","title":{"rendered":"PCE Instruments PCE-FST-200-201-U &#8211; Gaisa pl\u016bsmas m\u0113r\u012bt\u0101js"},"content":{"rendered":"<p>V\u0113ja \u0101truma sensors ir sader\u012bgs ar da\u017e\u0101d\u0101m pieejam\u0101m m\u0113riek\u0101rt\u0101m, un to var uzst\u0101d\u012bt uz t\u0101m. Sensors nosaka pat viss\u012bk\u0101ko gaisa kust\u012bbu, un rezult\u0101ti tiek izvad\u012bti analog\u0101 veid\u0101. Sensors ir izgatavots no korozijiztur\u012bga sakaus\u0113juma, t\u0101d\u0113j\u0101di tas ir iztur\u012bgs pret oksid\u0113\u0161anos vai r\u016bsu. Tas \u013cauj izmantot ier\u012bci visnelabv\u0113l\u012bg\u0101kaj\u0101 vid\u0113. Jut\u012bg\u0101s da\u013cas ir aizsarg\u0101tas ar bl\u012bv\u0113jumiem, lai nov\u0113rstu \u016bdens vai smalku putek\u013cu iek\u013c\u016b\u0161anu.<\/p>\n<p><b>Tehniskie dati:<\/b><br \/>\nIzejas sign\u0101ls: 0 &#8230; 10V<br \/>\nDarba spriegums: 12 &#8230; 36V L\u012aDZSTR\u0100VAS SPRIEGUMS<br \/>\nM\u0113r\u012bjumu r\u0101d\u012bjumu diapazons: 0,5 m\/s &#8230; 50 m\/s<br \/>\nM\u0113r\u012bjumu r\u0101d\u012bjumi no: \u2264 0,5 m\/s<br \/>\nM\u0113r\u012bjumu r\u0101d\u012bjumu precizit\u0101te: \u00b1 0,5 m\/s, (< 5 m\/s) \u00b1 3 % no skalas gala v\u0113rt\u012bbas.\nSiltuma izvade: 10 W pie 24 V l\u012bdzstr\u0101vas\nDarba temperat\u016bras diapazons: -20\u00b0C ... 185\u00b0C pie \u2264 95% relat\u012bv\u0101 mitruma\nMaksim\u0101lais v\u0113ja \u0101trums: 70 m\/s pie maks. 30 min\u016btes\nStr\u0101vas piesl\u0113gums: M12\nAizsardz\u012bbas klase: AIZSL\u0112G\u0160ANA: IP55\n\n\n\n<h3>Tehnisk\u0101 inform\u0101cija:<\/h3>\n<ul>\n<li><a href=\"https:\/\/axiomams.eu\/importer\/export\/attachments\/en\/datasheet-airflow-meter-pce-fst-200-201-u.pdf\" target=\"_blank\">datasheet-airflow-meter-pce-fst-200-201-u.pdf<\/a><\/li>\n<li><a href=\"https:\/\/axiomams.eu\/importer\/export\/attachments\/en\/manual-airflow-meter-pce-fst-200-200-series.pdf\" target=\"_blank\">manual-airflow-meter-pce-fst-200-200-series.pdf<\/a><\/li>\n<\/ul>\n","protected":false},"excerpt":{"rendered":"<p>V\u0113ja \u0101truma sensors ir sader\u012bgs ar da\u017e\u0101d\u0101m pieejam\u0101m m\u0113riek\u0101rt\u0101m, un to var uzst\u0101d\u012bt uz t\u0101m. Sensors nosaka pat viss\u012bk\u0101ko gaisa kust\u012bbu, un rezult\u0101ti tiek izvad\u012bti analog\u0101 veid\u0101. Sensors ir izgatavots no korozijiztur\u012bga sakaus\u0113juma, t\u0101d\u0113j\u0101di tas ir iztur\u012bgs pret oksid\u0113\u0161anos vai r\u016bsu. Tas \u013cauj izmantot ier\u012bci visnelabv\u0113l\u012bg\u0101kaj\u0101 vid\u0113. Jut\u012bg\u0101s da\u013cas ir aizsarg\u0101tas ar bl\u012bv\u0113jumiem, lai nov\u0113rstu&#8230;<\/p>\n","protected":false},"featured_media":43233,"comment_status":"open","ping_status":"closed","template":"","meta":{"_acf_changed":false},"product_brand":[742],"product_cat":[17773],"product_tag":[],"class_list":{"0":"post-39716","1":"product","2":"type-product","3":"status-publish","4":"has-post-thumbnail","6":"product_brand-pce-instruments","7":"product_cat-pielikumi","9":"first","10":"instock","11":"taxable","12":"shipping-taxable","13":"purchasable","14":"product-type-simple"},"acf":[],"yoast_head":"<!-- This site is optimized with the Yoast SEO plugin v27.0 - https:\/\/yoast.com\/product\/yoast-seo-wordpress\/ -->\n<title>PCE Instruments PCE-FST-200-201-U - Gaisa pl\u016bsmas m\u0113r\u012bt\u0101js - AXIOMA MS<\/title>\n<meta name=\"robots\" content=\"index, follow, max-snippet:-1, max-image-preview:large, max-video-preview:-1\" \/>\n<link rel=\"canonical\" href=\"https:\/\/www.axiomams.eu\/lv\/produktas\/pce-instruments-pce-fst-200-201-u-gaisa-plusmas-meritajs\" \/>\n<meta property=\"og:locale\" content=\"lv_LV\" \/>\n<meta property=\"og:type\" content=\"article\" \/>\n<meta property=\"og:title\" content=\"PCE Instruments PCE-FST-200-201-U - Gaisa pl\u016bsmas m\u0113r\u012bt\u0101js - AXIOMA MS\" \/>\n<meta property=\"og:description\" content=\"V\u0113ja \u0101truma sensors ir sader\u012bgs ar da\u017e\u0101d\u0101m pieejam\u0101m m\u0113riek\u0101rt\u0101m, un to var uzst\u0101d\u012bt uz t\u0101m. Sensors nosaka pat viss\u012bk\u0101ko gaisa kust\u012bbu, un rezult\u0101ti tiek izvad\u012bti analog\u0101 veid\u0101. Sensors ir izgatavots no korozijiztur\u012bga sakaus\u0113juma, t\u0101d\u0113j\u0101di tas ir iztur\u012bgs pret oksid\u0113\u0161anos vai r\u016bsu. Tas \u013cauj izmantot ier\u012bci visnelabv\u0113l\u012bg\u0101kaj\u0101 vid\u0113. Jut\u012bg\u0101s da\u013cas ir aizsarg\u0101tas ar bl\u012bv\u0113jumiem, lai nov\u0113rstu...\" \/>\n<meta property=\"og:url\" content=\"https:\/\/www.axiomams.eu\/lv\/produktas\/pce-instruments-pce-fst-200-201-u-gaisa-plusmas-meritajs\" \/>\n<meta property=\"og:site_name\" content=\"AXIOMA MS\" \/>\n<meta property=\"article:publisher\" content=\"https:\/\/www.facebook.com\/AxiomaMS\" \/>\n<meta property=\"article:modified_time\" content=\"2026-03-25T15:03:59+00:00\" \/>\n<meta property=\"og:image\" content=\"https:\/\/www.axiomams.eu\/wp-content\/uploads\/2025\/07\/3156-4164.jpg\" \/>\n\t<meta property=\"og:image:width\" content=\"500\" \/>\n\t<meta property=\"og:image:height\" content=\"500\" \/>\n\t<meta property=\"og:image:type\" content=\"image\/jpeg\" \/>\n<meta name=\"twitter:card\" content=\"summary_large_image\" \/>\n<meta name=\"twitter:label1\" content=\"Est. reading time\" \/>\n\t<meta name=\"twitter:data1\" content=\"1 minute\" \/>\n<script type=\"application\/ld+json\" class=\"yoast-schema-graph\">{\"@context\":\"https:\/\/schema.org\",\"@graph\":[{\"@type\":\"WebPage\",\"@id\":\"https:\/\/www.axiomams.eu\/lv\/produktas\/pce-instruments-pce-fst-200-201-u-gaisa-plusmas-meritajs\",\"url\":\"https:\/\/www.axiomams.eu\/lv\/produktas\/pce-instruments-pce-fst-200-201-u-gaisa-plusmas-meritajs\",\"name\":\"PCE Instruments PCE-FST-200-201-U - Gaisa pl\u016bsmas m\u0113r\u012bt\u0101js - AXIOMA MS\",\"isPartOf\":{\"@id\":\"https:\/\/www.axiomams.eu\/lv#website\"},\"primaryImageOfPage\":{\"@id\":\"https:\/\/www.axiomams.eu\/lv\/produktas\/pce-instruments-pce-fst-200-201-u-gaisa-plusmas-meritajs#primaryimage\"},\"image\":{\"@id\":\"https:\/\/www.axiomams.eu\/lv\/produktas\/pce-instruments-pce-fst-200-201-u-gaisa-plusmas-meritajs#primaryimage\"},\"thumbnailUrl\":\"https:\/\/www.axiomams.eu\/wp-content\/uploads\/2025\/07\/3156-4164.jpg\",\"datePublished\":\"2025-05-15T16:15:35+00:00\",\"dateModified\":\"2026-03-25T15:03:59+00:00\",\"breadcrumb\":{\"@id\":\"https:\/\/www.axiomams.eu\/lv\/produktas\/pce-instruments-pce-fst-200-201-u-gaisa-plusmas-meritajs#breadcrumb\"},\"inLanguage\":\"lv-LV\",\"potentialAction\":[{\"@type\":\"ReadAction\",\"target\":[\"https:\/\/www.axiomams.eu\/lv\/produktas\/pce-instruments-pce-fst-200-201-u-gaisa-plusmas-meritajs\"]}]},{\"@type\":\"ImageObject\",\"inLanguage\":\"lv-LV\",\"@id\":\"https:\/\/www.axiomams.eu\/lv\/produktas\/pce-instruments-pce-fst-200-201-u-gaisa-plusmas-meritajs#primaryimage\",\"url\":\"https:\/\/www.axiomams.eu\/wp-content\/uploads\/2025\/07\/3156-4164.jpg\",\"contentUrl\":\"https:\/\/www.axiomams.eu\/wp-content\/uploads\/2025\/07\/3156-4164.jpg\",\"width\":500,\"height\":500},{\"@type\":\"BreadcrumbList\",\"@id\":\"https:\/\/www.axiomams.eu\/lv\/produktas\/pce-instruments-pce-fst-200-201-u-gaisa-plusmas-meritajs#breadcrumb\",\"itemListElement\":[{\"@type\":\"ListItem\",\"position\":1,\"name\":\"Home\",\"item\":\"https:\/\/www.axiomams.eu\/lv\"},{\"@type\":\"ListItem\",\"position\":2,\"name\":\"Produkti\",\"item\":\"https:\/\/www.axiomams.eu\/lv\/produkti\"},{\"@type\":\"ListItem\",\"position\":3,\"name\":\"PCE Instruments PCE-FST-200-201-U &#8211; Gaisa pl\u016bsmas m\u0113r\u012bt\u0101js\"}]},{\"@type\":\"WebSite\",\"@id\":\"https:\/\/www.axiomams.eu\/lv#website\",\"url\":\"https:\/\/www.axiomams.eu\/lv\",\"name\":\"AXIOMA MS\",\"description\":\"Terrmovizoriai ir matavimo \u012franga\",\"publisher\":{\"@id\":\"https:\/\/www.axiomams.eu\/lv#organization\"},\"potentialAction\":[{\"@type\":\"SearchAction\",\"target\":{\"@type\":\"EntryPoint\",\"urlTemplate\":\"https:\/\/www.axiomams.eu\/lv?s={search_term_string}\"},\"query-input\":{\"@type\":\"PropertyValueSpecification\",\"valueRequired\":true,\"valueName\":\"search_term_string\"}}],\"inLanguage\":\"lv-LV\"},{\"@type\":\"Organization\",\"@id\":\"https:\/\/www.axiomams.eu\/lv#organization\",\"name\":\"AXIOMA MS\",\"url\":\"https:\/\/www.axiomams.eu\/lv\",\"logo\":{\"@type\":\"ImageObject\",\"inLanguage\":\"lv-LV\",\"@id\":\"https:\/\/www.axiomams.eu\/lv#\/schema\/logo\/image\/\",\"url\":\"https:\/\/www.axiomams.eu\/wp-content\/uploads\/2025\/06\/axioma-logo-2.png\",\"contentUrl\":\"https:\/\/www.axiomams.eu\/wp-content\/uploads\/2025\/06\/axioma-logo-2.png\",\"width\":1200,\"height\":1200,\"caption\":\"AXIOMA MS\"},\"image\":{\"@id\":\"https:\/\/www.axiomams.eu\/lv#\/schema\/logo\/image\/\"},\"sameAs\":[\"https:\/\/www.facebook.com\/AxiomaMS\",\"https:\/\/www.linkedin.com\/company\/axiomams\/\"]}]}<\/script>\n<!-- \/ Yoast SEO plugin. -->","yoast_head_json":{"title":"PCE Instruments PCE-FST-200-201-U - Gaisa pl\u016bsmas m\u0113r\u012bt\u0101js - AXIOMA MS","robots":{"index":"index","follow":"follow","max-snippet":"max-snippet:-1","max-image-preview":"max-image-preview:large","max-video-preview":"max-video-preview:-1"},"canonical":"https:\/\/www.axiomams.eu\/lv\/produktas\/pce-instruments-pce-fst-200-201-u-gaisa-plusmas-meritajs","og_locale":"lv_LV","og_type":"article","og_title":"PCE Instruments PCE-FST-200-201-U - Gaisa pl\u016bsmas m\u0113r\u012bt\u0101js - AXIOMA MS","og_description":"V\u0113ja \u0101truma sensors ir sader\u012bgs ar da\u017e\u0101d\u0101m pieejam\u0101m m\u0113riek\u0101rt\u0101m, un to var uzst\u0101d\u012bt uz t\u0101m. Sensors nosaka pat viss\u012bk\u0101ko gaisa kust\u012bbu, un rezult\u0101ti tiek izvad\u012bti analog\u0101 veid\u0101. Sensors ir izgatavots no korozijiztur\u012bga sakaus\u0113juma, t\u0101d\u0113j\u0101di tas ir iztur\u012bgs pret oksid\u0113\u0161anos vai r\u016bsu. Tas \u013cauj izmantot ier\u012bci visnelabv\u0113l\u012bg\u0101kaj\u0101 vid\u0113. Jut\u012bg\u0101s da\u013cas ir aizsarg\u0101tas ar bl\u012bv\u0113jumiem, lai nov\u0113rstu...","og_url":"https:\/\/www.axiomams.eu\/lv\/produktas\/pce-instruments-pce-fst-200-201-u-gaisa-plusmas-meritajs","og_site_name":"AXIOMA MS","article_publisher":"https:\/\/www.facebook.com\/AxiomaMS","article_modified_time":"2026-03-25T15:03:59+00:00","og_image":[{"width":500,"height":500,"url":"https:\/\/www.axiomams.eu\/wp-content\/uploads\/2025\/07\/3156-4164.jpg","type":"image\/jpeg"}],"twitter_card":"summary_large_image","twitter_misc":{"Est. reading time":"1 minute"},"schema":{"@context":"https:\/\/schema.org","@graph":[{"@type":"WebPage","@id":"https:\/\/www.axiomams.eu\/lv\/produktas\/pce-instruments-pce-fst-200-201-u-gaisa-plusmas-meritajs","url":"https:\/\/www.axiomams.eu\/lv\/produktas\/pce-instruments-pce-fst-200-201-u-gaisa-plusmas-meritajs","name":"PCE Instruments PCE-FST-200-201-U - Gaisa pl\u016bsmas m\u0113r\u012bt\u0101js - AXIOMA MS","isPartOf":{"@id":"https:\/\/www.axiomams.eu\/lv#website"},"primaryImageOfPage":{"@id":"https:\/\/www.axiomams.eu\/lv\/produktas\/pce-instruments-pce-fst-200-201-u-gaisa-plusmas-meritajs#primaryimage"},"image":{"@id":"https:\/\/www.axiomams.eu\/lv\/produktas\/pce-instruments-pce-fst-200-201-u-gaisa-plusmas-meritajs#primaryimage"},"thumbnailUrl":"https:\/\/www.axiomams.eu\/wp-content\/uploads\/2025\/07\/3156-4164.jpg","datePublished":"2025-05-15T16:15:35+00:00","dateModified":"2026-03-25T15:03:59+00:00","breadcrumb":{"@id":"https:\/\/www.axiomams.eu\/lv\/produktas\/pce-instruments-pce-fst-200-201-u-gaisa-plusmas-meritajs#breadcrumb"},"inLanguage":"lv-LV","potentialAction":[{"@type":"ReadAction","target":["https:\/\/www.axiomams.eu\/lv\/produktas\/pce-instruments-pce-fst-200-201-u-gaisa-plusmas-meritajs"]}]},{"@type":"ImageObject","inLanguage":"lv-LV","@id":"https:\/\/www.axiomams.eu\/lv\/produktas\/pce-instruments-pce-fst-200-201-u-gaisa-plusmas-meritajs#primaryimage","url":"https:\/\/www.axiomams.eu\/wp-content\/uploads\/2025\/07\/3156-4164.jpg","contentUrl":"https:\/\/www.axiomams.eu\/wp-content\/uploads\/2025\/07\/3156-4164.jpg","width":500,"height":500},{"@type":"BreadcrumbList","@id":"https:\/\/www.axiomams.eu\/lv\/produktas\/pce-instruments-pce-fst-200-201-u-gaisa-plusmas-meritajs#breadcrumb","itemListElement":[{"@type":"ListItem","position":1,"name":"Home","item":"https:\/\/www.axiomams.eu\/lv"},{"@type":"ListItem","position":2,"name":"Produkti","item":"https:\/\/www.axiomams.eu\/lv\/produkti"},{"@type":"ListItem","position":3,"name":"PCE Instruments PCE-FST-200-201-U &#8211; Gaisa pl\u016bsmas m\u0113r\u012bt\u0101js"}]},{"@type":"WebSite","@id":"https:\/\/www.axiomams.eu\/lv#website","url":"https:\/\/www.axiomams.eu\/lv","name":"AXIOMA MS","description":"Terrmovizoriai ir matavimo \u012franga","publisher":{"@id":"https:\/\/www.axiomams.eu\/lv#organization"},"potentialAction":[{"@type":"SearchAction","target":{"@type":"EntryPoint","urlTemplate":"https:\/\/www.axiomams.eu\/lv?s={search_term_string}"},"query-input":{"@type":"PropertyValueSpecification","valueRequired":true,"valueName":"search_term_string"}}],"inLanguage":"lv-LV"},{"@type":"Organization","@id":"https:\/\/www.axiomams.eu\/lv#organization","name":"AXIOMA MS","url":"https:\/\/www.axiomams.eu\/lv","logo":{"@type":"ImageObject","inLanguage":"lv-LV","@id":"https:\/\/www.axiomams.eu\/lv#\/schema\/logo\/image\/","url":"https:\/\/www.axiomams.eu\/wp-content\/uploads\/2025\/06\/axioma-logo-2.png","contentUrl":"https:\/\/www.axiomams.eu\/wp-content\/uploads\/2025\/06\/axioma-logo-2.png","width":1200,"height":1200,"caption":"AXIOMA MS"},"image":{"@id":"https:\/\/www.axiomams.eu\/lv#\/schema\/logo\/image\/"},"sameAs":["https:\/\/www.facebook.com\/AxiomaMS","https:\/\/www.linkedin.com\/company\/axiomams\/"]}]}},"_links":{"self":[{"href":"https:\/\/www.axiomams.eu\/lv\/wp-json\/wp\/v2\/product\/39716","targetHints":{"allow":["GET"]}}],"collection":[{"href":"https:\/\/www.axiomams.eu\/lv\/wp-json\/wp\/v2\/product"}],"about":[{"href":"https:\/\/www.axiomams.eu\/lv\/wp-json\/wp\/v2\/types\/product"}],"replies":[{"embeddable":true,"href":"https:\/\/www.axiomams.eu\/lv\/wp-json\/wp\/v2\/comments?post=39716"}],"wp:featuredmedia":[{"embeddable":true,"href":"https:\/\/www.axiomams.eu\/lv\/wp-json\/wp\/v2\/media\/43233"}],"wp:attachment":[{"href":"https:\/\/www.axiomams.eu\/lv\/wp-json\/wp\/v2\/media?parent=39716"}],"wp:term":[{"taxonomy":"product_brand","embeddable":true,"href":"https:\/\/www.axiomams.eu\/lv\/wp-json\/wp\/v2\/product_brand?post=39716"},{"taxonomy":"product_cat","embeddable":true,"href":"https:\/\/www.axiomams.eu\/lv\/wp-json\/wp\/v2\/product_cat?post=39716"},{"taxonomy":"product_tag","embeddable":true,"href":"https:\/\/www.axiomams.eu\/lv\/wp-json\/wp\/v2\/product_tag?post=39716"}],"curies":[{"name":"wp","href":"https:\/\/api.w.org\/{rel}","templated":true}]}}