{"id":39753,"date":"2025-05-15T18:16:09","date_gmt":"2025-05-15T16:16:09","guid":{"rendered":"https:\/\/www.axiomams.eu\/produktas\/hioki-sf1001-power-logger-viewer-programmatura"},"modified":"2026-03-25T17:04:11","modified_gmt":"2026-03-25T15:04:11","slug":"hioki-sf1001-power-logger-viewer-programmatura","status":"publish","type":"product","link":"https:\/\/www.axiomams.eu\/lv\/produktas\/hioki-sf1001-power-logger-viewer-programmatura","title":{"rendered":"HIOKI SF1001 &#8211; POWER LOGGER VIEWER programmat\u016bra"},"content":{"rendered":"<p>Analiz\u0113jiet un grafikos att\u0113lojiet re\u0123istr\u0113tos ener\u0123ijas datus, kas ieg\u016bti ar Hioki Clamp On Power Loggers, izmantojot Windows datoru<br \/>\nSist\u0113mas pras\u012bbas: Windows 8\/8.1 (32\/64bit), Windows 7 SP1 vai jaun\u0101ka versija (32\/64bit), Windows Vista SP2 vai jaun\u0101ka versija (32bit) vai XP SP3 vai jaun\u0101ka versija (32bit).<\/p>\n<h3>Tehnisk\u0101 inform\u0101cija:<\/h3>\n<ul>\n<li><a href=\"https:\/\/axiomams.eu\/importer\/export\/attachments\/en\/hioki-sf1001---power-logger-viewer.pdf\" target=\"_blank\">Hioki SF1001 &#8211; POWER LOGGER VIEWER.pdf<\/a><\/li>\n<\/ul>\n","protected":false},"excerpt":{"rendered":"<p>Analiz\u0113jiet un grafikos att\u0113lojiet re\u0123istr\u0113tos ener\u0123ijas datus, kas ieg\u016bti ar Hioki Clamp On Power Loggers, izmantojot Windows datoru Sist\u0113mas pras\u012bbas: Windows 8\/8.1 (32\/64bit), Windows 7 SP1 vai jaun\u0101ka versija (32\/64bit), Windows Vista SP2 vai jaun\u0101ka versija (32bit) vai XP SP3 vai jaun\u0101ka versija (32bit). Tehnisk\u0101 inform\u0101cija: Hioki SF1001 &#8211; POWER LOGGER VIEWER.pdf<\/p>\n","protected":false},"featured_media":43299,"comment_status":"open","ping_status":"closed","template":"","meta":{"_acf_changed":false},"product_brand":[1112],"product_cat":[],"product_tag":[],"class_list":{"0":"post-39753","1":"product","2":"type-product","3":"status-publish","4":"has-post-thumbnail","6":"product_brand-hioki","8":"first","9":"instock","10":"taxable","11":"shipping-taxable","12":"product-type-simple"},"acf":[],"yoast_head":"<!-- This site is optimized with the Yoast SEO plugin v27.0 - https:\/\/yoast.com\/product\/yoast-seo-wordpress\/ -->\n<title>HIOKI SF1001 - POWER LOGGER VIEWER programmat\u016bra - AXIOMA MS<\/title>\n<meta name=\"robots\" content=\"index, follow, max-snippet:-1, max-image-preview:large, max-video-preview:-1\" \/>\n<link rel=\"canonical\" href=\"https:\/\/www.axiomams.eu\/lv\/produktas\/hioki-sf1001-power-logger-viewer-programmatura\" \/>\n<meta property=\"og:locale\" content=\"lv_LV\" \/>\n<meta property=\"og:type\" content=\"article\" \/>\n<meta property=\"og:title\" content=\"HIOKI SF1001 - POWER LOGGER VIEWER programmat\u016bra - AXIOMA MS\" \/>\n<meta property=\"og:description\" content=\"Analiz\u0113jiet un grafikos att\u0113lojiet re\u0123istr\u0113tos ener\u0123ijas datus, kas ieg\u016bti ar Hioki Clamp On Power Loggers, izmantojot Windows datoru Sist\u0113mas pras\u012bbas: Windows 8\/8.1 (32\/64bit), Windows 7 SP1 vai jaun\u0101ka versija (32\/64bit), Windows Vista SP2 vai jaun\u0101ka versija (32bit) vai XP SP3 vai jaun\u0101ka versija (32bit). Tehnisk\u0101 inform\u0101cija: Hioki SF1001 &#8211; POWER LOGGER VIEWER.pdf\" \/>\n<meta property=\"og:url\" content=\"https:\/\/www.axiomams.eu\/lv\/produktas\/hioki-sf1001-power-logger-viewer-programmatura\" \/>\n<meta property=\"og:site_name\" content=\"AXIOMA MS\" \/>\n<meta property=\"article:publisher\" content=\"https:\/\/www.facebook.com\/AxiomaMS\" \/>\n<meta property=\"article:modified_time\" content=\"2026-03-25T15:04:11+00:00\" \/>\n<meta property=\"og:image\" content=\"https:\/\/www.axiomams.eu\/wp-content\/uploads\/2025\/07\/2728-3547.jpg\" \/>\n\t<meta property=\"og:image:width\" content=\"780\" \/>\n\t<meta property=\"og:image:height\" content=\"600\" \/>\n\t<meta property=\"og:image:type\" content=\"image\/jpeg\" \/>\n<meta name=\"twitter:card\" content=\"summary_large_image\" \/>\n<script type=\"application\/ld+json\" class=\"yoast-schema-graph\">{\"@context\":\"https:\/\/schema.org\",\"@graph\":[{\"@type\":\"WebPage\",\"@id\":\"https:\/\/www.axiomams.eu\/lv\/produktas\/hioki-sf1001-power-logger-viewer-programmatura\",\"url\":\"https:\/\/www.axiomams.eu\/lv\/produktas\/hioki-sf1001-power-logger-viewer-programmatura\",\"name\":\"HIOKI SF1001 - POWER LOGGER VIEWER programmat\u016bra - AXIOMA MS\",\"isPartOf\":{\"@id\":\"https:\/\/www.axiomams.eu\/lv#website\"},\"primaryImageOfPage\":{\"@id\":\"https:\/\/www.axiomams.eu\/lv\/produktas\/hioki-sf1001-power-logger-viewer-programmatura#primaryimage\"},\"image\":{\"@id\":\"https:\/\/www.axiomams.eu\/lv\/produktas\/hioki-sf1001-power-logger-viewer-programmatura#primaryimage\"},\"thumbnailUrl\":\"https:\/\/www.axiomams.eu\/wp-content\/uploads\/2025\/07\/2728-3547.jpg\",\"datePublished\":\"2025-05-15T16:16:09+00:00\",\"dateModified\":\"2026-03-25T15:04:11+00:00\",\"breadcrumb\":{\"@id\":\"https:\/\/www.axiomams.eu\/lv\/produktas\/hioki-sf1001-power-logger-viewer-programmatura#breadcrumb\"},\"inLanguage\":\"lv-LV\",\"potentialAction\":[{\"@type\":\"ReadAction\",\"target\":[\"https:\/\/www.axiomams.eu\/lv\/produktas\/hioki-sf1001-power-logger-viewer-programmatura\"]}]},{\"@type\":\"ImageObject\",\"inLanguage\":\"lv-LV\",\"@id\":\"https:\/\/www.axiomams.eu\/lv\/produktas\/hioki-sf1001-power-logger-viewer-programmatura#primaryimage\",\"url\":\"https:\/\/www.axiomams.eu\/wp-content\/uploads\/2025\/07\/2728-3547.jpg\",\"contentUrl\":\"https:\/\/www.axiomams.eu\/wp-content\/uploads\/2025\/07\/2728-3547.jpg\",\"width\":780,\"height\":600},{\"@type\":\"BreadcrumbList\",\"@id\":\"https:\/\/www.axiomams.eu\/lv\/produktas\/hioki-sf1001-power-logger-viewer-programmatura#breadcrumb\",\"itemListElement\":[{\"@type\":\"ListItem\",\"position\":1,\"name\":\"Home\",\"item\":\"https:\/\/www.axiomams.eu\/lv\"},{\"@type\":\"ListItem\",\"position\":2,\"name\":\"Produkti\",\"item\":\"https:\/\/www.axiomams.eu\/lv\/produkti\"},{\"@type\":\"ListItem\",\"position\":3,\"name\":\"HIOKI SF1001 &#8211; POWER LOGGER VIEWER programmat\u016bra\"}]},{\"@type\":\"WebSite\",\"@id\":\"https:\/\/www.axiomams.eu\/lv#website\",\"url\":\"https:\/\/www.axiomams.eu\/lv\",\"name\":\"AXIOMA MS\",\"description\":\"\",\"publisher\":{\"@id\":\"https:\/\/www.axiomams.eu\/lv#organization\"},\"potentialAction\":[{\"@type\":\"SearchAction\",\"target\":{\"@type\":\"EntryPoint\",\"urlTemplate\":\"https:\/\/www.axiomams.eu\/lv?s={search_term_string}\"},\"query-input\":{\"@type\":\"PropertyValueSpecification\",\"valueRequired\":true,\"valueName\":\"search_term_string\"}}],\"inLanguage\":\"lv-LV\"},{\"@type\":\"Organization\",\"@id\":\"https:\/\/www.axiomams.eu\/lv#organization\",\"name\":\"AXIOMA MS\",\"url\":\"https:\/\/www.axiomams.eu\/lv\",\"logo\":{\"@type\":\"ImageObject\",\"inLanguage\":\"lv-LV\",\"@id\":\"https:\/\/www.axiomams.eu\/lv#\/schema\/logo\/image\/\",\"url\":\"https:\/\/www.axiomams.eu\/wp-content\/uploads\/2025\/06\/axioma-logo-2.png\",\"contentUrl\":\"https:\/\/www.axiomams.eu\/wp-content\/uploads\/2025\/06\/axioma-logo-2.png\",\"width\":1200,\"height\":1200,\"caption\":\"AXIOMA MS\"},\"image\":{\"@id\":\"https:\/\/www.axiomams.eu\/lv#\/schema\/logo\/image\/\"},\"sameAs\":[\"https:\/\/www.facebook.com\/AxiomaMS\",\"https:\/\/www.linkedin.com\/company\/axiomams\/\"]}]}<\/script>\n<!-- \/ Yoast SEO plugin. -->","yoast_head_json":{"title":"HIOKI SF1001 - POWER LOGGER VIEWER programmat\u016bra - AXIOMA MS","robots":{"index":"index","follow":"follow","max-snippet":"max-snippet:-1","max-image-preview":"max-image-preview:large","max-video-preview":"max-video-preview:-1"},"canonical":"https:\/\/www.axiomams.eu\/lv\/produktas\/hioki-sf1001-power-logger-viewer-programmatura","og_locale":"lv_LV","og_type":"article","og_title":"HIOKI SF1001 - POWER LOGGER VIEWER programmat\u016bra - AXIOMA MS","og_description":"Analiz\u0113jiet un grafikos att\u0113lojiet re\u0123istr\u0113tos ener\u0123ijas datus, kas ieg\u016bti ar Hioki Clamp On Power Loggers, izmantojot Windows datoru Sist\u0113mas pras\u012bbas: Windows 8\/8.1 (32\/64bit), Windows 7 SP1 vai jaun\u0101ka versija (32\/64bit), Windows Vista SP2 vai jaun\u0101ka versija (32bit) vai XP SP3 vai jaun\u0101ka versija (32bit). Tehnisk\u0101 inform\u0101cija: Hioki SF1001 &#8211; POWER LOGGER VIEWER.pdf","og_url":"https:\/\/www.axiomams.eu\/lv\/produktas\/hioki-sf1001-power-logger-viewer-programmatura","og_site_name":"AXIOMA MS","article_publisher":"https:\/\/www.facebook.com\/AxiomaMS","article_modified_time":"2026-03-25T15:04:11+00:00","og_image":[{"width":780,"height":600,"url":"https:\/\/www.axiomams.eu\/wp-content\/uploads\/2025\/07\/2728-3547.jpg","type":"image\/jpeg"}],"twitter_card":"summary_large_image","schema":{"@context":"https:\/\/schema.org","@graph":[{"@type":"WebPage","@id":"https:\/\/www.axiomams.eu\/lv\/produktas\/hioki-sf1001-power-logger-viewer-programmatura","url":"https:\/\/www.axiomams.eu\/lv\/produktas\/hioki-sf1001-power-logger-viewer-programmatura","name":"HIOKI SF1001 - POWER LOGGER VIEWER programmat\u016bra - AXIOMA MS","isPartOf":{"@id":"https:\/\/www.axiomams.eu\/lv#website"},"primaryImageOfPage":{"@id":"https:\/\/www.axiomams.eu\/lv\/produktas\/hioki-sf1001-power-logger-viewer-programmatura#primaryimage"},"image":{"@id":"https:\/\/www.axiomams.eu\/lv\/produktas\/hioki-sf1001-power-logger-viewer-programmatura#primaryimage"},"thumbnailUrl":"https:\/\/www.axiomams.eu\/wp-content\/uploads\/2025\/07\/2728-3547.jpg","datePublished":"2025-05-15T16:16:09+00:00","dateModified":"2026-03-25T15:04:11+00:00","breadcrumb":{"@id":"https:\/\/www.axiomams.eu\/lv\/produktas\/hioki-sf1001-power-logger-viewer-programmatura#breadcrumb"},"inLanguage":"lv-LV","potentialAction":[{"@type":"ReadAction","target":["https:\/\/www.axiomams.eu\/lv\/produktas\/hioki-sf1001-power-logger-viewer-programmatura"]}]},{"@type":"ImageObject","inLanguage":"lv-LV","@id":"https:\/\/www.axiomams.eu\/lv\/produktas\/hioki-sf1001-power-logger-viewer-programmatura#primaryimage","url":"https:\/\/www.axiomams.eu\/wp-content\/uploads\/2025\/07\/2728-3547.jpg","contentUrl":"https:\/\/www.axiomams.eu\/wp-content\/uploads\/2025\/07\/2728-3547.jpg","width":780,"height":600},{"@type":"BreadcrumbList","@id":"https:\/\/www.axiomams.eu\/lv\/produktas\/hioki-sf1001-power-logger-viewer-programmatura#breadcrumb","itemListElement":[{"@type":"ListItem","position":1,"name":"Home","item":"https:\/\/www.axiomams.eu\/lv"},{"@type":"ListItem","position":2,"name":"Produkti","item":"https:\/\/www.axiomams.eu\/lv\/produkti"},{"@type":"ListItem","position":3,"name":"HIOKI SF1001 &#8211; POWER LOGGER VIEWER programmat\u016bra"}]},{"@type":"WebSite","@id":"https:\/\/www.axiomams.eu\/lv#website","url":"https:\/\/www.axiomams.eu\/lv","name":"AXIOMA MS","description":"","publisher":{"@id":"https:\/\/www.axiomams.eu\/lv#organization"},"potentialAction":[{"@type":"SearchAction","target":{"@type":"EntryPoint","urlTemplate":"https:\/\/www.axiomams.eu\/lv?s={search_term_string}"},"query-input":{"@type":"PropertyValueSpecification","valueRequired":true,"valueName":"search_term_string"}}],"inLanguage":"lv-LV"},{"@type":"Organization","@id":"https:\/\/www.axiomams.eu\/lv#organization","name":"AXIOMA MS","url":"https:\/\/www.axiomams.eu\/lv","logo":{"@type":"ImageObject","inLanguage":"lv-LV","@id":"https:\/\/www.axiomams.eu\/lv#\/schema\/logo\/image\/","url":"https:\/\/www.axiomams.eu\/wp-content\/uploads\/2025\/06\/axioma-logo-2.png","contentUrl":"https:\/\/www.axiomams.eu\/wp-content\/uploads\/2025\/06\/axioma-logo-2.png","width":1200,"height":1200,"caption":"AXIOMA MS"},"image":{"@id":"https:\/\/www.axiomams.eu\/lv#\/schema\/logo\/image\/"},"sameAs":["https:\/\/www.facebook.com\/AxiomaMS","https:\/\/www.linkedin.com\/company\/axiomams\/"]}]}},"_links":{"self":[{"href":"https:\/\/www.axiomams.eu\/lv\/wp-json\/wp\/v2\/product\/39753","targetHints":{"allow":["GET"]}}],"collection":[{"href":"https:\/\/www.axiomams.eu\/lv\/wp-json\/wp\/v2\/product"}],"about":[{"href":"https:\/\/www.axiomams.eu\/lv\/wp-json\/wp\/v2\/types\/product"}],"replies":[{"embeddable":true,"href":"https:\/\/www.axiomams.eu\/lv\/wp-json\/wp\/v2\/comments?post=39753"}],"wp:featuredmedia":[{"embeddable":true,"href":"https:\/\/www.axiomams.eu\/lv\/wp-json\/wp\/v2\/media\/43299"}],"wp:attachment":[{"href":"https:\/\/www.axiomams.eu\/lv\/wp-json\/wp\/v2\/media?parent=39753"}],"wp:term":[{"taxonomy":"product_brand","embeddable":true,"href":"https:\/\/www.axiomams.eu\/lv\/wp-json\/wp\/v2\/product_brand?post=39753"},{"taxonomy":"product_cat","embeddable":true,"href":"https:\/\/www.axiomams.eu\/lv\/wp-json\/wp\/v2\/product_cat?post=39753"},{"taxonomy":"product_tag","embeddable":true,"href":"https:\/\/www.axiomams.eu\/lv\/wp-json\/wp\/v2\/product_tag?post=39753"}],"curies":[{"name":"wp","href":"https:\/\/api.w.org\/{rel}","templated":true}]}}