{"id":39760,"date":"2025-05-15T18:13:01","date_gmt":"2025-05-15T16:13:01","guid":{"rendered":"https:\/\/www.axiomams.eu\/produktas\/ametek-sts150a966eh-standarta-temperaturas-sensors"},"modified":"2026-03-25T17:04:14","modified_gmt":"2026-03-25T15:04:14","slug":"ametek-sts150a966eh-standarta-temperaturas-sensors","status":"publish","type":"product","link":"https:\/\/www.axiomams.eu\/lv\/produktas\/ametek-sts150a966eh-standarta-temperaturas-sensors","title":{"rendered":"Ametek STS150A966EH &#8211; standarta temperat\u016bras sensors"},"content":{"rendered":"<p>90 gr\u0101du le\u0146\u0137veida atskaites temperat\u016bras zonde<br \/>\n&#8211; Zondes garums: 203 mm<br \/>\n&#8211; Zondes diametrs: 4 mm<\/p>\n<p>Standarta komplekts: temperat\u016bras zonde, kabelis, plastmasas futr\u0101lis, kalibr\u0113\u0161anas sertifik\u0101ts.<\/p>\n","protected":false},"excerpt":{"rendered":"<p>90 gr\u0101du le\u0146\u0137veida atskaites temperat\u016bras zonde &#8211; Zondes garums: 203 mm &#8211; Zondes diametrs: 4 mm Standarta komplekts: temperat\u016bras zonde, kabelis, plastmasas futr\u0101lis, kalibr\u0113\u0161anas sertifik\u0101ts.<\/p>\n","protected":false},"featured_media":43021,"comment_status":"open","ping_status":"closed","template":"","meta":{"_acf_changed":false},"product_brand":[1202],"product_cat":[],"product_tag":[],"class_list":{"0":"post-39760","1":"product","2":"type-product","3":"status-publish","4":"has-post-thumbnail","6":"product_brand-ametek","8":"first","9":"instock","10":"taxable","11":"shipping-taxable","12":"product-type-simple"},"acf":[],"yoast_head":"<!-- This site is optimized with the Yoast SEO plugin v27.0 - https:\/\/yoast.com\/product\/yoast-seo-wordpress\/ -->\n<title>Ametek STS150A966EH - standarta temperat\u016bras sensors - AXIOMA MS<\/title>\n<meta name=\"robots\" content=\"index, follow, max-snippet:-1, max-image-preview:large, max-video-preview:-1\" \/>\n<link rel=\"canonical\" href=\"https:\/\/www.axiomams.eu\/lv\/produktas\/ametek-sts150a966eh-standarta-temperaturas-sensors\" \/>\n<meta property=\"og:locale\" content=\"lv_LV\" \/>\n<meta property=\"og:type\" content=\"article\" \/>\n<meta property=\"og:title\" content=\"Ametek STS150A966EH - standarta temperat\u016bras sensors - AXIOMA MS\" \/>\n<meta property=\"og:description\" content=\"90 gr\u0101du le\u0146\u0137veida atskaites temperat\u016bras zonde &#8211; Zondes garums: 203 mm &#8211; Zondes diametrs: 4 mm Standarta komplekts: temperat\u016bras zonde, kabelis, plastmasas futr\u0101lis, kalibr\u0113\u0161anas sertifik\u0101ts.\" \/>\n<meta property=\"og:url\" content=\"https:\/\/www.axiomams.eu\/lv\/produktas\/ametek-sts150a966eh-standarta-temperaturas-sensors\" \/>\n<meta property=\"og:site_name\" content=\"AXIOMA MS\" \/>\n<meta property=\"article:publisher\" content=\"https:\/\/www.facebook.com\/AxiomaMS\" \/>\n<meta property=\"article:modified_time\" content=\"2026-03-25T15:04:14+00:00\" \/>\n<meta name=\"twitter:card\" content=\"summary_large_image\" \/>\n<script type=\"application\/ld+json\" class=\"yoast-schema-graph\">{\"@context\":\"https:\/\/schema.org\",\"@graph\":[{\"@type\":\"WebPage\",\"@id\":\"https:\/\/www.axiomams.eu\/lv\/produktas\/ametek-sts150a966eh-standarta-temperaturas-sensors\",\"url\":\"https:\/\/www.axiomams.eu\/lv\/produktas\/ametek-sts150a966eh-standarta-temperaturas-sensors\",\"name\":\"Ametek STS150A966EH - standarta temperat\u016bras sensors - AXIOMA MS\",\"isPartOf\":{\"@id\":\"https:\/\/www.axiomams.eu\/lv#website\"},\"primaryImageOfPage\":{\"@id\":\"https:\/\/www.axiomams.eu\/lv\/produktas\/ametek-sts150a966eh-standarta-temperaturas-sensors#primaryimage\"},\"image\":{\"@id\":\"https:\/\/www.axiomams.eu\/lv\/produktas\/ametek-sts150a966eh-standarta-temperaturas-sensors#primaryimage\"},\"thumbnailUrl\":\"https:\/\/www.axiomams.eu\/wp-content\/uploads\/2025\/07\/1174-1776.bmp\",\"datePublished\":\"2025-05-15T16:13:01+00:00\",\"dateModified\":\"2026-03-25T15:04:14+00:00\",\"breadcrumb\":{\"@id\":\"https:\/\/www.axiomams.eu\/lv\/produktas\/ametek-sts150a966eh-standarta-temperaturas-sensors#breadcrumb\"},\"inLanguage\":\"lv-LV\",\"potentialAction\":[{\"@type\":\"ReadAction\",\"target\":[\"https:\/\/www.axiomams.eu\/lv\/produktas\/ametek-sts150a966eh-standarta-temperaturas-sensors\"]}]},{\"@type\":\"ImageObject\",\"inLanguage\":\"lv-LV\",\"@id\":\"https:\/\/www.axiomams.eu\/lv\/produktas\/ametek-sts150a966eh-standarta-temperaturas-sensors#primaryimage\",\"url\":\"https:\/\/www.axiomams.eu\/wp-content\/uploads\/2025\/07\/1174-1776.bmp\",\"contentUrl\":\"https:\/\/www.axiomams.eu\/wp-content\/uploads\/2025\/07\/1174-1776.bmp\",\"width\":230,\"height\":222},{\"@type\":\"BreadcrumbList\",\"@id\":\"https:\/\/www.axiomams.eu\/lv\/produktas\/ametek-sts150a966eh-standarta-temperaturas-sensors#breadcrumb\",\"itemListElement\":[{\"@type\":\"ListItem\",\"position\":1,\"name\":\"Home\",\"item\":\"https:\/\/www.axiomams.eu\/lv\"},{\"@type\":\"ListItem\",\"position\":2,\"name\":\"Produkti\",\"item\":\"https:\/\/www.axiomams.eu\/lv\/produkti\"},{\"@type\":\"ListItem\",\"position\":3,\"name\":\"Ametek STS150A966EH &#8211; standarta temperat\u016bras sensors\"}]},{\"@type\":\"WebSite\",\"@id\":\"https:\/\/www.axiomams.eu\/lv#website\",\"url\":\"https:\/\/www.axiomams.eu\/lv\",\"name\":\"AXIOMA MS\",\"description\":\"Terrmovizoriai ir matavimo \u012franga\",\"publisher\":{\"@id\":\"https:\/\/www.axiomams.eu\/lv#organization\"},\"potentialAction\":[{\"@type\":\"SearchAction\",\"target\":{\"@type\":\"EntryPoint\",\"urlTemplate\":\"https:\/\/www.axiomams.eu\/lv?s={search_term_string}\"},\"query-input\":{\"@type\":\"PropertyValueSpecification\",\"valueRequired\":true,\"valueName\":\"search_term_string\"}}],\"inLanguage\":\"lv-LV\"},{\"@type\":\"Organization\",\"@id\":\"https:\/\/www.axiomams.eu\/lv#organization\",\"name\":\"AXIOMA MS\",\"url\":\"https:\/\/www.axiomams.eu\/lv\",\"logo\":{\"@type\":\"ImageObject\",\"inLanguage\":\"lv-LV\",\"@id\":\"https:\/\/www.axiomams.eu\/lv#\/schema\/logo\/image\/\",\"url\":\"https:\/\/www.axiomams.eu\/wp-content\/uploads\/2025\/06\/axioma-logo-2.png\",\"contentUrl\":\"https:\/\/www.axiomams.eu\/wp-content\/uploads\/2025\/06\/axioma-logo-2.png\",\"width\":1200,\"height\":1200,\"caption\":\"AXIOMA MS\"},\"image\":{\"@id\":\"https:\/\/www.axiomams.eu\/lv#\/schema\/logo\/image\/\"},\"sameAs\":[\"https:\/\/www.facebook.com\/AxiomaMS\",\"https:\/\/www.linkedin.com\/company\/axiomams\/\"]}]}<\/script>\n<!-- \/ Yoast SEO plugin. -->","yoast_head_json":{"title":"Ametek STS150A966EH - standarta temperat\u016bras sensors - AXIOMA MS","robots":{"index":"index","follow":"follow","max-snippet":"max-snippet:-1","max-image-preview":"max-image-preview:large","max-video-preview":"max-video-preview:-1"},"canonical":"https:\/\/www.axiomams.eu\/lv\/produktas\/ametek-sts150a966eh-standarta-temperaturas-sensors","og_locale":"lv_LV","og_type":"article","og_title":"Ametek STS150A966EH - standarta temperat\u016bras sensors - AXIOMA MS","og_description":"90 gr\u0101du le\u0146\u0137veida atskaites temperat\u016bras zonde &#8211; Zondes garums: 203 mm &#8211; Zondes diametrs: 4 mm Standarta komplekts: temperat\u016bras zonde, kabelis, plastmasas futr\u0101lis, kalibr\u0113\u0161anas sertifik\u0101ts.","og_url":"https:\/\/www.axiomams.eu\/lv\/produktas\/ametek-sts150a966eh-standarta-temperaturas-sensors","og_site_name":"AXIOMA MS","article_publisher":"https:\/\/www.facebook.com\/AxiomaMS","article_modified_time":"2026-03-25T15:04:14+00:00","twitter_card":"summary_large_image","schema":{"@context":"https:\/\/schema.org","@graph":[{"@type":"WebPage","@id":"https:\/\/www.axiomams.eu\/lv\/produktas\/ametek-sts150a966eh-standarta-temperaturas-sensors","url":"https:\/\/www.axiomams.eu\/lv\/produktas\/ametek-sts150a966eh-standarta-temperaturas-sensors","name":"Ametek STS150A966EH - standarta temperat\u016bras sensors - AXIOMA MS","isPartOf":{"@id":"https:\/\/www.axiomams.eu\/lv#website"},"primaryImageOfPage":{"@id":"https:\/\/www.axiomams.eu\/lv\/produktas\/ametek-sts150a966eh-standarta-temperaturas-sensors#primaryimage"},"image":{"@id":"https:\/\/www.axiomams.eu\/lv\/produktas\/ametek-sts150a966eh-standarta-temperaturas-sensors#primaryimage"},"thumbnailUrl":"https:\/\/www.axiomams.eu\/wp-content\/uploads\/2025\/07\/1174-1776.bmp","datePublished":"2025-05-15T16:13:01+00:00","dateModified":"2026-03-25T15:04:14+00:00","breadcrumb":{"@id":"https:\/\/www.axiomams.eu\/lv\/produktas\/ametek-sts150a966eh-standarta-temperaturas-sensors#breadcrumb"},"inLanguage":"lv-LV","potentialAction":[{"@type":"ReadAction","target":["https:\/\/www.axiomams.eu\/lv\/produktas\/ametek-sts150a966eh-standarta-temperaturas-sensors"]}]},{"@type":"ImageObject","inLanguage":"lv-LV","@id":"https:\/\/www.axiomams.eu\/lv\/produktas\/ametek-sts150a966eh-standarta-temperaturas-sensors#primaryimage","url":"https:\/\/www.axiomams.eu\/wp-content\/uploads\/2025\/07\/1174-1776.bmp","contentUrl":"https:\/\/www.axiomams.eu\/wp-content\/uploads\/2025\/07\/1174-1776.bmp","width":230,"height":222},{"@type":"BreadcrumbList","@id":"https:\/\/www.axiomams.eu\/lv\/produktas\/ametek-sts150a966eh-standarta-temperaturas-sensors#breadcrumb","itemListElement":[{"@type":"ListItem","position":1,"name":"Home","item":"https:\/\/www.axiomams.eu\/lv"},{"@type":"ListItem","position":2,"name":"Produkti","item":"https:\/\/www.axiomams.eu\/lv\/produkti"},{"@type":"ListItem","position":3,"name":"Ametek STS150A966EH &#8211; standarta temperat\u016bras sensors"}]},{"@type":"WebSite","@id":"https:\/\/www.axiomams.eu\/lv#website","url":"https:\/\/www.axiomams.eu\/lv","name":"AXIOMA MS","description":"Terrmovizoriai ir matavimo \u012franga","publisher":{"@id":"https:\/\/www.axiomams.eu\/lv#organization"},"potentialAction":[{"@type":"SearchAction","target":{"@type":"EntryPoint","urlTemplate":"https:\/\/www.axiomams.eu\/lv?s={search_term_string}"},"query-input":{"@type":"PropertyValueSpecification","valueRequired":true,"valueName":"search_term_string"}}],"inLanguage":"lv-LV"},{"@type":"Organization","@id":"https:\/\/www.axiomams.eu\/lv#organization","name":"AXIOMA MS","url":"https:\/\/www.axiomams.eu\/lv","logo":{"@type":"ImageObject","inLanguage":"lv-LV","@id":"https:\/\/www.axiomams.eu\/lv#\/schema\/logo\/image\/","url":"https:\/\/www.axiomams.eu\/wp-content\/uploads\/2025\/06\/axioma-logo-2.png","contentUrl":"https:\/\/www.axiomams.eu\/wp-content\/uploads\/2025\/06\/axioma-logo-2.png","width":1200,"height":1200,"caption":"AXIOMA MS"},"image":{"@id":"https:\/\/www.axiomams.eu\/lv#\/schema\/logo\/image\/"},"sameAs":["https:\/\/www.facebook.com\/AxiomaMS","https:\/\/www.linkedin.com\/company\/axiomams\/"]}]}},"_links":{"self":[{"href":"https:\/\/www.axiomams.eu\/lv\/wp-json\/wp\/v2\/product\/39760","targetHints":{"allow":["GET"]}}],"collection":[{"href":"https:\/\/www.axiomams.eu\/lv\/wp-json\/wp\/v2\/product"}],"about":[{"href":"https:\/\/www.axiomams.eu\/lv\/wp-json\/wp\/v2\/types\/product"}],"replies":[{"embeddable":true,"href":"https:\/\/www.axiomams.eu\/lv\/wp-json\/wp\/v2\/comments?post=39760"}],"wp:featuredmedia":[{"embeddable":true,"href":"https:\/\/www.axiomams.eu\/lv\/wp-json\/wp\/v2\/media\/43021"}],"wp:attachment":[{"href":"https:\/\/www.axiomams.eu\/lv\/wp-json\/wp\/v2\/media?parent=39760"}],"wp:term":[{"taxonomy":"product_brand","embeddable":true,"href":"https:\/\/www.axiomams.eu\/lv\/wp-json\/wp\/v2\/product_brand?post=39760"},{"taxonomy":"product_cat","embeddable":true,"href":"https:\/\/www.axiomams.eu\/lv\/wp-json\/wp\/v2\/product_cat?post=39760"},{"taxonomy":"product_tag","embeddable":true,"href":"https:\/\/www.axiomams.eu\/lv\/wp-json\/wp\/v2\/product_tag?post=39760"}],"curies":[{"name":"wp","href":"https:\/\/api.w.org\/{rel}","templated":true}]}}