{"id":39836,"date":"2025-05-15T18:16:56","date_gmt":"2025-05-15T16:16:56","guid":{"rendered":"https:\/\/www.axiomams.eu\/produktas\/doble-tn-80322-uhf-drenazas-varsta-sensors"},"modified":"2026-03-25T17:04:42","modified_gmt":"2026-03-25T15:04:42","slug":"doble-tn-80322-uhf-drenazas-varsta-sensors","status":"publish","type":"product","link":"https:\/\/www.axiomams.eu\/lv\/produktas\/doble-tn-80322-uhf-drenazas-varsta-sensors","title":{"rendered":"Doble TN-80322 &#8211; UHF (dren\u0101\u017eas v\u0101rsta) sensors"},"content":{"rendered":"<p>Izmanto\u0161anai ar HV transformatoriem elektromagn\u0113tisko PD sign\u0101lu atdal\u012b\u0161anai no e\u013c\u013cas\/pap\u012bra izol\u0101cijas transformatoru iek\u0161puses,<br \/>\nsensors ietilpst DN 50 vai DN 80 izpl\u016bdes v\u0101rstos,<\/p>\n","protected":false},"excerpt":{"rendered":"<p>Izmanto\u0161anai ar HV transformatoriem elektromagn\u0113tisko PD sign\u0101lu atdal\u012b\u0161anai no e\u013c\u013cas\/pap\u012bra izol\u0101cijas transformatoru iek\u0161puses, sensors ietilpst DN 50 vai DN 80 izpl\u016bdes v\u0101rstos,<\/p>\n","protected":false},"featured_media":43399,"comment_status":"open","ping_status":"closed","template":"","meta":{"_acf_changed":false},"product_brand":[1357],"product_cat":[],"product_tag":[],"class_list":{"0":"post-39836","1":"product","2":"type-product","3":"status-publish","4":"has-post-thumbnail","6":"product_brand-doble","8":"first","9":"instock","10":"taxable","11":"shipping-taxable","12":"product-type-simple"},"acf":[],"yoast_head":"<!-- This site is optimized with the Yoast SEO plugin v27.0 - https:\/\/yoast.com\/product\/yoast-seo-wordpress\/ -->\n<title>Doble TN-80322 - UHF (dren\u0101\u017eas v\u0101rsta) sensors - AXIOMA MS<\/title>\n<meta name=\"robots\" content=\"index, follow, max-snippet:-1, max-image-preview:large, max-video-preview:-1\" \/>\n<link rel=\"canonical\" href=\"https:\/\/www.axiomams.eu\/lv\/produktas\/doble-tn-80322-uhf-drenazas-varsta-sensors\" \/>\n<meta property=\"og:locale\" content=\"lv_LV\" \/>\n<meta property=\"og:type\" content=\"article\" \/>\n<meta property=\"og:title\" content=\"Doble TN-80322 - UHF (dren\u0101\u017eas v\u0101rsta) sensors - AXIOMA MS\" \/>\n<meta property=\"og:description\" content=\"Izmanto\u0161anai ar HV transformatoriem elektromagn\u0113tisko PD sign\u0101lu atdal\u012b\u0161anai no e\u013c\u013cas\/pap\u012bra izol\u0101cijas transformatoru iek\u0161puses, sensors ietilpst DN 50 vai DN 80 izpl\u016bdes v\u0101rstos,\" \/>\n<meta property=\"og:url\" content=\"https:\/\/www.axiomams.eu\/lv\/produktas\/doble-tn-80322-uhf-drenazas-varsta-sensors\" \/>\n<meta property=\"og:site_name\" content=\"AXIOMA MS\" \/>\n<meta property=\"article:publisher\" content=\"https:\/\/www.facebook.com\/AxiomaMS\" \/>\n<meta property=\"article:modified_time\" content=\"2026-03-25T15:04:42+00:00\" \/>\n<meta property=\"og:image\" content=\"https:\/\/www.axiomams.eu\/wp-content\/uploads\/2025\/07\/1498-1924.jpg\" \/>\n\t<meta property=\"og:image:width\" content=\"368\" \/>\n\t<meta property=\"og:image:height\" content=\"195\" \/>\n\t<meta property=\"og:image:type\" content=\"image\/jpeg\" \/>\n<meta name=\"twitter:card\" content=\"summary_large_image\" \/>\n<script type=\"application\/ld+json\" class=\"yoast-schema-graph\">{\"@context\":\"https:\/\/schema.org\",\"@graph\":[{\"@type\":\"WebPage\",\"@id\":\"https:\/\/www.axiomams.eu\/lv\/produktas\/doble-tn-80322-uhf-drenazas-varsta-sensors\",\"url\":\"https:\/\/www.axiomams.eu\/lv\/produktas\/doble-tn-80322-uhf-drenazas-varsta-sensors\",\"name\":\"Doble TN-80322 - UHF (dren\u0101\u017eas v\u0101rsta) sensors - AXIOMA MS\",\"isPartOf\":{\"@id\":\"https:\/\/www.axiomams.eu\/lv#website\"},\"primaryImageOfPage\":{\"@id\":\"https:\/\/www.axiomams.eu\/lv\/produktas\/doble-tn-80322-uhf-drenazas-varsta-sensors#primaryimage\"},\"image\":{\"@id\":\"https:\/\/www.axiomams.eu\/lv\/produktas\/doble-tn-80322-uhf-drenazas-varsta-sensors#primaryimage\"},\"thumbnailUrl\":\"https:\/\/www.axiomams.eu\/wp-content\/uploads\/2025\/07\/1498-1924.jpg\",\"datePublished\":\"2025-05-15T16:16:56+00:00\",\"dateModified\":\"2026-03-25T15:04:42+00:00\",\"breadcrumb\":{\"@id\":\"https:\/\/www.axiomams.eu\/lv\/produktas\/doble-tn-80322-uhf-drenazas-varsta-sensors#breadcrumb\"},\"inLanguage\":\"lv-LV\",\"potentialAction\":[{\"@type\":\"ReadAction\",\"target\":[\"https:\/\/www.axiomams.eu\/lv\/produktas\/doble-tn-80322-uhf-drenazas-varsta-sensors\"]}]},{\"@type\":\"ImageObject\",\"inLanguage\":\"lv-LV\",\"@id\":\"https:\/\/www.axiomams.eu\/lv\/produktas\/doble-tn-80322-uhf-drenazas-varsta-sensors#primaryimage\",\"url\":\"https:\/\/www.axiomams.eu\/wp-content\/uploads\/2025\/07\/1498-1924.jpg\",\"contentUrl\":\"https:\/\/www.axiomams.eu\/wp-content\/uploads\/2025\/07\/1498-1924.jpg\",\"width\":368,\"height\":195},{\"@type\":\"BreadcrumbList\",\"@id\":\"https:\/\/www.axiomams.eu\/lv\/produktas\/doble-tn-80322-uhf-drenazas-varsta-sensors#breadcrumb\",\"itemListElement\":[{\"@type\":\"ListItem\",\"position\":1,\"name\":\"Home\",\"item\":\"https:\/\/www.axiomams.eu\/lv\"},{\"@type\":\"ListItem\",\"position\":2,\"name\":\"Produkti\",\"item\":\"https:\/\/www.axiomams.eu\/lv\/produkti\"},{\"@type\":\"ListItem\",\"position\":3,\"name\":\"Doble TN-80322 &#8211; UHF (dren\u0101\u017eas v\u0101rsta) sensors\"}]},{\"@type\":\"WebSite\",\"@id\":\"https:\/\/www.axiomams.eu\/lv#website\",\"url\":\"https:\/\/www.axiomams.eu\/lv\",\"name\":\"AXIOMA MS\",\"description\":\"Terrmovizoriai ir matavimo \u012franga\",\"publisher\":{\"@id\":\"https:\/\/www.axiomams.eu\/lv#organization\"},\"potentialAction\":[{\"@type\":\"SearchAction\",\"target\":{\"@type\":\"EntryPoint\",\"urlTemplate\":\"https:\/\/www.axiomams.eu\/lv?s={search_term_string}\"},\"query-input\":{\"@type\":\"PropertyValueSpecification\",\"valueRequired\":true,\"valueName\":\"search_term_string\"}}],\"inLanguage\":\"lv-LV\"},{\"@type\":\"Organization\",\"@id\":\"https:\/\/www.axiomams.eu\/lv#organization\",\"name\":\"AXIOMA MS\",\"url\":\"https:\/\/www.axiomams.eu\/lv\",\"logo\":{\"@type\":\"ImageObject\",\"inLanguage\":\"lv-LV\",\"@id\":\"https:\/\/www.axiomams.eu\/lv#\/schema\/logo\/image\/\",\"url\":\"https:\/\/www.axiomams.eu\/wp-content\/uploads\/2025\/06\/axioma-logo-2.png\",\"contentUrl\":\"https:\/\/www.axiomams.eu\/wp-content\/uploads\/2025\/06\/axioma-logo-2.png\",\"width\":1200,\"height\":1200,\"caption\":\"AXIOMA MS\"},\"image\":{\"@id\":\"https:\/\/www.axiomams.eu\/lv#\/schema\/logo\/image\/\"},\"sameAs\":[\"https:\/\/www.facebook.com\/AxiomaMS\",\"https:\/\/www.linkedin.com\/company\/axiomams\/\"]}]}<\/script>\n<!-- \/ Yoast SEO plugin. -->","yoast_head_json":{"title":"Doble TN-80322 - UHF (dren\u0101\u017eas v\u0101rsta) sensors - AXIOMA MS","robots":{"index":"index","follow":"follow","max-snippet":"max-snippet:-1","max-image-preview":"max-image-preview:large","max-video-preview":"max-video-preview:-1"},"canonical":"https:\/\/www.axiomams.eu\/lv\/produktas\/doble-tn-80322-uhf-drenazas-varsta-sensors","og_locale":"lv_LV","og_type":"article","og_title":"Doble TN-80322 - UHF (dren\u0101\u017eas v\u0101rsta) sensors - AXIOMA MS","og_description":"Izmanto\u0161anai ar HV transformatoriem elektromagn\u0113tisko PD sign\u0101lu atdal\u012b\u0161anai no e\u013c\u013cas\/pap\u012bra izol\u0101cijas transformatoru iek\u0161puses, sensors ietilpst DN 50 vai DN 80 izpl\u016bdes v\u0101rstos,","og_url":"https:\/\/www.axiomams.eu\/lv\/produktas\/doble-tn-80322-uhf-drenazas-varsta-sensors","og_site_name":"AXIOMA MS","article_publisher":"https:\/\/www.facebook.com\/AxiomaMS","article_modified_time":"2026-03-25T15:04:42+00:00","og_image":[{"width":368,"height":195,"url":"https:\/\/www.axiomams.eu\/wp-content\/uploads\/2025\/07\/1498-1924.jpg","type":"image\/jpeg"}],"twitter_card":"summary_large_image","schema":{"@context":"https:\/\/schema.org","@graph":[{"@type":"WebPage","@id":"https:\/\/www.axiomams.eu\/lv\/produktas\/doble-tn-80322-uhf-drenazas-varsta-sensors","url":"https:\/\/www.axiomams.eu\/lv\/produktas\/doble-tn-80322-uhf-drenazas-varsta-sensors","name":"Doble TN-80322 - UHF (dren\u0101\u017eas v\u0101rsta) sensors - AXIOMA MS","isPartOf":{"@id":"https:\/\/www.axiomams.eu\/lv#website"},"primaryImageOfPage":{"@id":"https:\/\/www.axiomams.eu\/lv\/produktas\/doble-tn-80322-uhf-drenazas-varsta-sensors#primaryimage"},"image":{"@id":"https:\/\/www.axiomams.eu\/lv\/produktas\/doble-tn-80322-uhf-drenazas-varsta-sensors#primaryimage"},"thumbnailUrl":"https:\/\/www.axiomams.eu\/wp-content\/uploads\/2025\/07\/1498-1924.jpg","datePublished":"2025-05-15T16:16:56+00:00","dateModified":"2026-03-25T15:04:42+00:00","breadcrumb":{"@id":"https:\/\/www.axiomams.eu\/lv\/produktas\/doble-tn-80322-uhf-drenazas-varsta-sensors#breadcrumb"},"inLanguage":"lv-LV","potentialAction":[{"@type":"ReadAction","target":["https:\/\/www.axiomams.eu\/lv\/produktas\/doble-tn-80322-uhf-drenazas-varsta-sensors"]}]},{"@type":"ImageObject","inLanguage":"lv-LV","@id":"https:\/\/www.axiomams.eu\/lv\/produktas\/doble-tn-80322-uhf-drenazas-varsta-sensors#primaryimage","url":"https:\/\/www.axiomams.eu\/wp-content\/uploads\/2025\/07\/1498-1924.jpg","contentUrl":"https:\/\/www.axiomams.eu\/wp-content\/uploads\/2025\/07\/1498-1924.jpg","width":368,"height":195},{"@type":"BreadcrumbList","@id":"https:\/\/www.axiomams.eu\/lv\/produktas\/doble-tn-80322-uhf-drenazas-varsta-sensors#breadcrumb","itemListElement":[{"@type":"ListItem","position":1,"name":"Home","item":"https:\/\/www.axiomams.eu\/lv"},{"@type":"ListItem","position":2,"name":"Produkti","item":"https:\/\/www.axiomams.eu\/lv\/produkti"},{"@type":"ListItem","position":3,"name":"Doble TN-80322 &#8211; UHF (dren\u0101\u017eas v\u0101rsta) sensors"}]},{"@type":"WebSite","@id":"https:\/\/www.axiomams.eu\/lv#website","url":"https:\/\/www.axiomams.eu\/lv","name":"AXIOMA MS","description":"Terrmovizoriai ir matavimo \u012franga","publisher":{"@id":"https:\/\/www.axiomams.eu\/lv#organization"},"potentialAction":[{"@type":"SearchAction","target":{"@type":"EntryPoint","urlTemplate":"https:\/\/www.axiomams.eu\/lv?s={search_term_string}"},"query-input":{"@type":"PropertyValueSpecification","valueRequired":true,"valueName":"search_term_string"}}],"inLanguage":"lv-LV"},{"@type":"Organization","@id":"https:\/\/www.axiomams.eu\/lv#organization","name":"AXIOMA MS","url":"https:\/\/www.axiomams.eu\/lv","logo":{"@type":"ImageObject","inLanguage":"lv-LV","@id":"https:\/\/www.axiomams.eu\/lv#\/schema\/logo\/image\/","url":"https:\/\/www.axiomams.eu\/wp-content\/uploads\/2025\/06\/axioma-logo-2.png","contentUrl":"https:\/\/www.axiomams.eu\/wp-content\/uploads\/2025\/06\/axioma-logo-2.png","width":1200,"height":1200,"caption":"AXIOMA MS"},"image":{"@id":"https:\/\/www.axiomams.eu\/lv#\/schema\/logo\/image\/"},"sameAs":["https:\/\/www.facebook.com\/AxiomaMS","https:\/\/www.linkedin.com\/company\/axiomams\/"]}]}},"_links":{"self":[{"href":"https:\/\/www.axiomams.eu\/lv\/wp-json\/wp\/v2\/product\/39836","targetHints":{"allow":["GET"]}}],"collection":[{"href":"https:\/\/www.axiomams.eu\/lv\/wp-json\/wp\/v2\/product"}],"about":[{"href":"https:\/\/www.axiomams.eu\/lv\/wp-json\/wp\/v2\/types\/product"}],"replies":[{"embeddable":true,"href":"https:\/\/www.axiomams.eu\/lv\/wp-json\/wp\/v2\/comments?post=39836"}],"wp:featuredmedia":[{"embeddable":true,"href":"https:\/\/www.axiomams.eu\/lv\/wp-json\/wp\/v2\/media\/43399"}],"wp:attachment":[{"href":"https:\/\/www.axiomams.eu\/lv\/wp-json\/wp\/v2\/media?parent=39836"}],"wp:term":[{"taxonomy":"product_brand","embeddable":true,"href":"https:\/\/www.axiomams.eu\/lv\/wp-json\/wp\/v2\/product_brand?post=39836"},{"taxonomy":"product_cat","embeddable":true,"href":"https:\/\/www.axiomams.eu\/lv\/wp-json\/wp\/v2\/product_cat?post=39836"},{"taxonomy":"product_tag","embeddable":true,"href":"https:\/\/www.axiomams.eu\/lv\/wp-json\/wp\/v2\/product_tag?post=39836"}],"curies":[{"name":"wp","href":"https:\/\/api.w.org\/{rel}","templated":true}]}}