{"id":39843,"date":"2025-05-15T18:16:41","date_gmt":"2025-05-15T16:16:41","guid":{"rendered":"https:\/\/www.axiomams.eu\/produktas\/delta-ohm-tp472i-o-iegremdesanas-zonde"},"modified":"2026-03-25T17:04:43","modified_gmt":"2026-03-25T15:04:43","slug":"delta-ohm-tp472i-o-iegremdesanas-zonde","status":"publish","type":"product","link":"https:\/\/www.axiomams.eu\/lv\/produktas\/delta-ohm-tp472i-o-iegremdesanas-zonde","title":{"rendered":"Delta OHM TP472I.O &#8211; iegremd\u0113\u0161anas zonde"},"content":{"rendered":"<p>Veids: Iegremd\u0113\u0161ana<br \/>\nDarba diapazons: -50\u00b0C &#8230;+300\u00b0C<br \/>\nPrecizit\u0101te:<br \/>\nTEMPERAT\u016aRAS PRECIZIT\u0100TE: \u00b10,1 \u00b0C (PIE 0 \u00b0C)<br \/>\n\u00b10,2 \u00b0C (-50 \u00b0C \u2264 t \u2264 250 \u00b0C)<br \/>\n\u00b10,3 \u00b0C (t < -50 \u00b0C; t > 250 \u00b0C)<\/p>\n","protected":false},"excerpt":{"rendered":"<p>Veids: Iegremd\u0113\u0161ana Darba diapazons: -50\u00b0C &#8230;+300\u00b0C Precizit\u0101te: TEMPERAT\u016aRAS PRECIZIT\u0100TE: \u00b10,1 \u00b0C (PIE 0 \u00b0C) \u00b10,2 \u00b0C (-50 \u00b0C \u2264 t \u2264 250 \u00b0C) \u00b10,3 \u00b0C (t < -50 \u00b0C; t > 250 \u00b0C)<\/p>\n","protected":false},"featured_media":43367,"comment_status":"open","ping_status":"closed","template":"","meta":{"_acf_changed":false},"product_brand":[740],"product_cat":[17773],"product_tag":[],"class_list":{"0":"post-39843","1":"product","2":"type-product","3":"status-publish","4":"has-post-thumbnail","6":"product_brand-delta-ohm","7":"product_cat-pielikumi","9":"first","10":"instock","11":"taxable","12":"shipping-taxable","13":"purchasable","14":"product-type-simple"},"acf":[],"yoast_head":"<!-- This site is optimized with the Yoast SEO plugin v27.0 - https:\/\/yoast.com\/product\/yoast-seo-wordpress\/ -->\n<title>Delta OHM TP472I.O - iegremd\u0113\u0161anas zonde - AXIOMA MS<\/title>\n<meta name=\"robots\" content=\"index, follow, max-snippet:-1, max-image-preview:large, max-video-preview:-1\" \/>\n<link rel=\"canonical\" href=\"https:\/\/www.axiomams.eu\/lv\/produktas\/delta-ohm-tp472i-o-iegremdesanas-zonde\" \/>\n<meta property=\"og:locale\" content=\"lv_LV\" \/>\n<meta property=\"og:type\" content=\"article\" \/>\n<meta property=\"og:title\" content=\"Delta OHM TP472I.O - iegremd\u0113\u0161anas zonde - AXIOMA MS\" \/>\n<meta property=\"og:description\" content=\"Veids: Iegremd\u0113\u0161ana Darba diapazons: -50\u00b0C &#8230;+300\u00b0C Precizit\u0101te: TEMPERAT\u016aRAS PRECIZIT\u0100TE: \u00b10,1 \u00b0C (PIE 0 \u00b0C) \u00b10,2 \u00b0C (-50 \u00b0C \u2264 t \u2264 250 \u00b0C) \u00b10,3 \u00b0C (t &lt; -50 \u00b0C; t &gt; 250 \u00b0C)\" \/>\n<meta property=\"og:url\" content=\"https:\/\/www.axiomams.eu\/lv\/produktas\/delta-ohm-tp472i-o-iegremdesanas-zonde\" \/>\n<meta property=\"og:site_name\" content=\"AXIOMA MS\" \/>\n<meta property=\"article:publisher\" content=\"https:\/\/www.facebook.com\/AxiomaMS\" \/>\n<meta property=\"article:modified_time\" content=\"2026-03-25T15:04:43+00:00\" \/>\n<meta property=\"og:image\" content=\"https:\/\/www.axiomams.eu\/wp-content\/uploads\/2025\/07\/2852-3721.jpg\" \/>\n\t<meta property=\"og:image:width\" content=\"1000\" \/>\n\t<meta property=\"og:image:height\" content=\"1000\" \/>\n\t<meta property=\"og:image:type\" content=\"image\/jpeg\" \/>\n<meta name=\"twitter:card\" content=\"summary_large_image\" \/>\n<script type=\"application\/ld+json\" class=\"yoast-schema-graph\">{\"@context\":\"https:\/\/schema.org\",\"@graph\":[{\"@type\":\"WebPage\",\"@id\":\"https:\/\/www.axiomams.eu\/lv\/produktas\/delta-ohm-tp472i-o-iegremdesanas-zonde\",\"url\":\"https:\/\/www.axiomams.eu\/lv\/produktas\/delta-ohm-tp472i-o-iegremdesanas-zonde\",\"name\":\"Delta OHM TP472I.O - iegremd\u0113\u0161anas zonde - AXIOMA MS\",\"isPartOf\":{\"@id\":\"https:\/\/www.axiomams.eu\/lv#website\"},\"primaryImageOfPage\":{\"@id\":\"https:\/\/www.axiomams.eu\/lv\/produktas\/delta-ohm-tp472i-o-iegremdesanas-zonde#primaryimage\"},\"image\":{\"@id\":\"https:\/\/www.axiomams.eu\/lv\/produktas\/delta-ohm-tp472i-o-iegremdesanas-zonde#primaryimage\"},\"thumbnailUrl\":\"https:\/\/www.axiomams.eu\/wp-content\/uploads\/2025\/07\/2852-3721.jpg\",\"datePublished\":\"2025-05-15T16:16:41+00:00\",\"dateModified\":\"2026-03-25T15:04:43+00:00\",\"breadcrumb\":{\"@id\":\"https:\/\/www.axiomams.eu\/lv\/produktas\/delta-ohm-tp472i-o-iegremdesanas-zonde#breadcrumb\"},\"inLanguage\":\"lv-LV\",\"potentialAction\":[{\"@type\":\"ReadAction\",\"target\":[\"https:\/\/www.axiomams.eu\/lv\/produktas\/delta-ohm-tp472i-o-iegremdesanas-zonde\"]}]},{\"@type\":\"ImageObject\",\"inLanguage\":\"lv-LV\",\"@id\":\"https:\/\/www.axiomams.eu\/lv\/produktas\/delta-ohm-tp472i-o-iegremdesanas-zonde#primaryimage\",\"url\":\"https:\/\/www.axiomams.eu\/wp-content\/uploads\/2025\/07\/2852-3721.jpg\",\"contentUrl\":\"https:\/\/www.axiomams.eu\/wp-content\/uploads\/2025\/07\/2852-3721.jpg\",\"width\":1000,\"height\":1000},{\"@type\":\"BreadcrumbList\",\"@id\":\"https:\/\/www.axiomams.eu\/lv\/produktas\/delta-ohm-tp472i-o-iegremdesanas-zonde#breadcrumb\",\"itemListElement\":[{\"@type\":\"ListItem\",\"position\":1,\"name\":\"Home\",\"item\":\"https:\/\/www.axiomams.eu\/lv\"},{\"@type\":\"ListItem\",\"position\":2,\"name\":\"Produkti\",\"item\":\"https:\/\/www.axiomams.eu\/lv\/produkti\"},{\"@type\":\"ListItem\",\"position\":3,\"name\":\"Delta OHM TP472I.O &#8211; iegremd\u0113\u0161anas zonde\"}]},{\"@type\":\"WebSite\",\"@id\":\"https:\/\/www.axiomams.eu\/lv#website\",\"url\":\"https:\/\/www.axiomams.eu\/lv\",\"name\":\"AXIOMA MS\",\"description\":\"Terrmovizoriai ir matavimo \u012franga\",\"publisher\":{\"@id\":\"https:\/\/www.axiomams.eu\/lv#organization\"},\"potentialAction\":[{\"@type\":\"SearchAction\",\"target\":{\"@type\":\"EntryPoint\",\"urlTemplate\":\"https:\/\/www.axiomams.eu\/lv?s={search_term_string}\"},\"query-input\":{\"@type\":\"PropertyValueSpecification\",\"valueRequired\":true,\"valueName\":\"search_term_string\"}}],\"inLanguage\":\"lv-LV\"},{\"@type\":\"Organization\",\"@id\":\"https:\/\/www.axiomams.eu\/lv#organization\",\"name\":\"AXIOMA MS\",\"url\":\"https:\/\/www.axiomams.eu\/lv\",\"logo\":{\"@type\":\"ImageObject\",\"inLanguage\":\"lv-LV\",\"@id\":\"https:\/\/www.axiomams.eu\/lv#\/schema\/logo\/image\/\",\"url\":\"https:\/\/www.axiomams.eu\/wp-content\/uploads\/2025\/06\/axioma-logo-2.png\",\"contentUrl\":\"https:\/\/www.axiomams.eu\/wp-content\/uploads\/2025\/06\/axioma-logo-2.png\",\"width\":1200,\"height\":1200,\"caption\":\"AXIOMA MS\"},\"image\":{\"@id\":\"https:\/\/www.axiomams.eu\/lv#\/schema\/logo\/image\/\"},\"sameAs\":[\"https:\/\/www.facebook.com\/AxiomaMS\",\"https:\/\/www.linkedin.com\/company\/axiomams\/\"]}]}<\/script>\n<!-- \/ Yoast SEO plugin. -->","yoast_head_json":{"title":"Delta OHM TP472I.O - iegremd\u0113\u0161anas zonde - AXIOMA MS","robots":{"index":"index","follow":"follow","max-snippet":"max-snippet:-1","max-image-preview":"max-image-preview:large","max-video-preview":"max-video-preview:-1"},"canonical":"https:\/\/www.axiomams.eu\/lv\/produktas\/delta-ohm-tp472i-o-iegremdesanas-zonde","og_locale":"lv_LV","og_type":"article","og_title":"Delta OHM TP472I.O - iegremd\u0113\u0161anas zonde - AXIOMA MS","og_description":"Veids: Iegremd\u0113\u0161ana Darba diapazons: -50\u00b0C &#8230;+300\u00b0C Precizit\u0101te: TEMPERAT\u016aRAS PRECIZIT\u0100TE: \u00b10,1 \u00b0C (PIE 0 \u00b0C) \u00b10,2 \u00b0C (-50 \u00b0C \u2264 t \u2264 250 \u00b0C) \u00b10,3 \u00b0C (t < -50 \u00b0C; t > 250 \u00b0C)","og_url":"https:\/\/www.axiomams.eu\/lv\/produktas\/delta-ohm-tp472i-o-iegremdesanas-zonde","og_site_name":"AXIOMA MS","article_publisher":"https:\/\/www.facebook.com\/AxiomaMS","article_modified_time":"2026-03-25T15:04:43+00:00","og_image":[{"width":1000,"height":1000,"url":"https:\/\/www.axiomams.eu\/wp-content\/uploads\/2025\/07\/2852-3721.jpg","type":"image\/jpeg"}],"twitter_card":"summary_large_image","schema":{"@context":"https:\/\/schema.org","@graph":[{"@type":"WebPage","@id":"https:\/\/www.axiomams.eu\/lv\/produktas\/delta-ohm-tp472i-o-iegremdesanas-zonde","url":"https:\/\/www.axiomams.eu\/lv\/produktas\/delta-ohm-tp472i-o-iegremdesanas-zonde","name":"Delta OHM TP472I.O - iegremd\u0113\u0161anas zonde - AXIOMA MS","isPartOf":{"@id":"https:\/\/www.axiomams.eu\/lv#website"},"primaryImageOfPage":{"@id":"https:\/\/www.axiomams.eu\/lv\/produktas\/delta-ohm-tp472i-o-iegremdesanas-zonde#primaryimage"},"image":{"@id":"https:\/\/www.axiomams.eu\/lv\/produktas\/delta-ohm-tp472i-o-iegremdesanas-zonde#primaryimage"},"thumbnailUrl":"https:\/\/www.axiomams.eu\/wp-content\/uploads\/2025\/07\/2852-3721.jpg","datePublished":"2025-05-15T16:16:41+00:00","dateModified":"2026-03-25T15:04:43+00:00","breadcrumb":{"@id":"https:\/\/www.axiomams.eu\/lv\/produktas\/delta-ohm-tp472i-o-iegremdesanas-zonde#breadcrumb"},"inLanguage":"lv-LV","potentialAction":[{"@type":"ReadAction","target":["https:\/\/www.axiomams.eu\/lv\/produktas\/delta-ohm-tp472i-o-iegremdesanas-zonde"]}]},{"@type":"ImageObject","inLanguage":"lv-LV","@id":"https:\/\/www.axiomams.eu\/lv\/produktas\/delta-ohm-tp472i-o-iegremdesanas-zonde#primaryimage","url":"https:\/\/www.axiomams.eu\/wp-content\/uploads\/2025\/07\/2852-3721.jpg","contentUrl":"https:\/\/www.axiomams.eu\/wp-content\/uploads\/2025\/07\/2852-3721.jpg","width":1000,"height":1000},{"@type":"BreadcrumbList","@id":"https:\/\/www.axiomams.eu\/lv\/produktas\/delta-ohm-tp472i-o-iegremdesanas-zonde#breadcrumb","itemListElement":[{"@type":"ListItem","position":1,"name":"Home","item":"https:\/\/www.axiomams.eu\/lv"},{"@type":"ListItem","position":2,"name":"Produkti","item":"https:\/\/www.axiomams.eu\/lv\/produkti"},{"@type":"ListItem","position":3,"name":"Delta OHM TP472I.O &#8211; iegremd\u0113\u0161anas zonde"}]},{"@type":"WebSite","@id":"https:\/\/www.axiomams.eu\/lv#website","url":"https:\/\/www.axiomams.eu\/lv","name":"AXIOMA MS","description":"Terrmovizoriai ir matavimo \u012franga","publisher":{"@id":"https:\/\/www.axiomams.eu\/lv#organization"},"potentialAction":[{"@type":"SearchAction","target":{"@type":"EntryPoint","urlTemplate":"https:\/\/www.axiomams.eu\/lv?s={search_term_string}"},"query-input":{"@type":"PropertyValueSpecification","valueRequired":true,"valueName":"search_term_string"}}],"inLanguage":"lv-LV"},{"@type":"Organization","@id":"https:\/\/www.axiomams.eu\/lv#organization","name":"AXIOMA MS","url":"https:\/\/www.axiomams.eu\/lv","logo":{"@type":"ImageObject","inLanguage":"lv-LV","@id":"https:\/\/www.axiomams.eu\/lv#\/schema\/logo\/image\/","url":"https:\/\/www.axiomams.eu\/wp-content\/uploads\/2025\/06\/axioma-logo-2.png","contentUrl":"https:\/\/www.axiomams.eu\/wp-content\/uploads\/2025\/06\/axioma-logo-2.png","width":1200,"height":1200,"caption":"AXIOMA MS"},"image":{"@id":"https:\/\/www.axiomams.eu\/lv#\/schema\/logo\/image\/"},"sameAs":["https:\/\/www.facebook.com\/AxiomaMS","https:\/\/www.linkedin.com\/company\/axiomams\/"]}]}},"_links":{"self":[{"href":"https:\/\/www.axiomams.eu\/lv\/wp-json\/wp\/v2\/product\/39843","targetHints":{"allow":["GET"]}}],"collection":[{"href":"https:\/\/www.axiomams.eu\/lv\/wp-json\/wp\/v2\/product"}],"about":[{"href":"https:\/\/www.axiomams.eu\/lv\/wp-json\/wp\/v2\/types\/product"}],"replies":[{"embeddable":true,"href":"https:\/\/www.axiomams.eu\/lv\/wp-json\/wp\/v2\/comments?post=39843"}],"wp:featuredmedia":[{"embeddable":true,"href":"https:\/\/www.axiomams.eu\/lv\/wp-json\/wp\/v2\/media\/43367"}],"wp:attachment":[{"href":"https:\/\/www.axiomams.eu\/lv\/wp-json\/wp\/v2\/media?parent=39843"}],"wp:term":[{"taxonomy":"product_brand","embeddable":true,"href":"https:\/\/www.axiomams.eu\/lv\/wp-json\/wp\/v2\/product_brand?post=39843"},{"taxonomy":"product_cat","embeddable":true,"href":"https:\/\/www.axiomams.eu\/lv\/wp-json\/wp\/v2\/product_cat?post=39843"},{"taxonomy":"product_tag","embeddable":true,"href":"https:\/\/www.axiomams.eu\/lv\/wp-json\/wp\/v2\/product_tag?post=39843"}],"curies":[{"name":"wp","href":"https:\/\/api.w.org\/{rel}","templated":true}]}}