{"id":39854,"date":"2025-05-15T18:16:49","date_gmt":"2025-05-15T16:16:49","guid":{"rendered":"https:\/\/www.axiomams.eu\/produktas\/delta-ohm-tp704-200bgi-relativa-spiediena-zonde-lidz-200bar"},"modified":"2026-03-25T17:04:48","modified_gmt":"2026-03-25T15:04:48","slug":"delta-ohm-tp704-200bgi-relativa-spiediena-zonde-lidz-200bar","status":"publish","type":"product","link":"https:\/\/www.axiomams.eu\/lv\/produktas\/delta-ohm-tp704-200bgi-relativa-spiediena-zonde-lidz-200bar","title":{"rendered":"Delta OHM TP704-200BGI &#8211; Relat\u012bv\u0101 spiediena zonde l\u012bdz 200bar"},"content":{"rendered":"<p>Pilnas skalas spiediena diapazons: 0,1 bar &#8230; 200 bar<br \/>\nMaksim\u0101lais p\u0101rspiediens: 400 bar<br \/>\nPrecizit\u0101te 20 \u00b0C &#8230; 25 \u00b0C temperat\u016br\u0101: 0,25 % FS<br \/>\nDarba temperat\u016bra: -40 \u00b0C &#8230; 125 \u00b0C<\/p>\n<h3>Tehnisk\u0101 inform\u0101cija:<\/h3>\n<ul>\n<li><a ref=\"magnificPopup\" href=\"https:\/\/axiomams.eu\/importer\/export\/attachments\/en\/tp704-specifications.png\" target=\"_blank\">TP704 specifications.png<\/a><\/li>\n<\/ul>\n","protected":false},"excerpt":{"rendered":"<p>Pilnas skalas spiediena diapazons: 0,1 bar &#8230; 200 bar Maksim\u0101lais p\u0101rspiediens: 400 bar Precizit\u0101te 20 \u00b0C &#8230; 25 \u00b0C temperat\u016br\u0101: 0,25 % FS Darba temperat\u016bra: -40 \u00b0C &#8230; 125 \u00b0C Tehnisk\u0101 inform\u0101cija: TP704 specifications.png<\/p>\n","protected":false},"featured_media":43381,"comment_status":"open","ping_status":"closed","template":"","meta":{"_acf_changed":false},"product_brand":[740],"product_cat":[17773],"product_tag":[],"class_list":{"0":"post-39854","1":"product","2":"type-product","3":"status-publish","4":"has-post-thumbnail","6":"product_brand-delta-ohm","7":"product_cat-pielikumi","9":"first","10":"instock","11":"taxable","12":"shipping-taxable","13":"purchasable","14":"product-type-simple"},"acf":[],"yoast_head":"<!-- This site is optimized with the Yoast SEO plugin v27.0 - https:\/\/yoast.com\/product\/yoast-seo-wordpress\/ -->\n<title>Delta OHM TP704-200BGI - Relat\u012bv\u0101 spiediena zonde l\u012bdz 200bar - AXIOMA MS<\/title>\n<meta name=\"robots\" content=\"index, follow, max-snippet:-1, max-image-preview:large, max-video-preview:-1\" \/>\n<link rel=\"canonical\" href=\"https:\/\/www.axiomams.eu\/lv\/produktas\/delta-ohm-tp704-200bgi-relativa-spiediena-zonde-lidz-200bar\" \/>\n<meta property=\"og:locale\" content=\"lv_LV\" \/>\n<meta property=\"og:type\" content=\"article\" \/>\n<meta property=\"og:title\" content=\"Delta OHM TP704-200BGI - Relat\u012bv\u0101 spiediena zonde l\u012bdz 200bar - AXIOMA MS\" \/>\n<meta property=\"og:description\" content=\"Pilnas skalas spiediena diapazons: 0,1 bar &#8230; 200 bar Maksim\u0101lais p\u0101rspiediens: 400 bar Precizit\u0101te 20 \u00b0C &#8230; 25 \u00b0C temperat\u016br\u0101: 0,25 % FS Darba temperat\u016bra: -40 \u00b0C &#8230; 125 \u00b0C Tehnisk\u0101 inform\u0101cija: TP704 specifications.png\" \/>\n<meta property=\"og:url\" content=\"https:\/\/www.axiomams.eu\/lv\/produktas\/delta-ohm-tp704-200bgi-relativa-spiediena-zonde-lidz-200bar\" \/>\n<meta property=\"og:site_name\" content=\"AXIOMA MS\" \/>\n<meta property=\"article:publisher\" content=\"https:\/\/www.facebook.com\/AxiomaMS\" \/>\n<meta property=\"article:modified_time\" content=\"2026-03-25T15:04:48+00:00\" \/>\n<meta property=\"og:image\" content=\"https:\/\/www.axiomams.eu\/wp-content\/uploads\/2025\/07\/2675-3446.png\" \/>\n\t<meta property=\"og:image:width\" content=\"129\" \/>\n\t<meta property=\"og:image:height\" content=\"227\" \/>\n\t<meta property=\"og:image:type\" content=\"image\/png\" \/>\n<meta name=\"twitter:card\" content=\"summary_large_image\" \/>\n<script type=\"application\/ld+json\" class=\"yoast-schema-graph\">{\"@context\":\"https:\/\/schema.org\",\"@graph\":[{\"@type\":\"WebPage\",\"@id\":\"https:\/\/www.axiomams.eu\/lv\/produktas\/delta-ohm-tp704-200bgi-relativa-spiediena-zonde-lidz-200bar\",\"url\":\"https:\/\/www.axiomams.eu\/lv\/produktas\/delta-ohm-tp704-200bgi-relativa-spiediena-zonde-lidz-200bar\",\"name\":\"Delta OHM TP704-200BGI - Relat\u012bv\u0101 spiediena zonde l\u012bdz 200bar - AXIOMA MS\",\"isPartOf\":{\"@id\":\"https:\/\/www.axiomams.eu\/lv#website\"},\"primaryImageOfPage\":{\"@id\":\"https:\/\/www.axiomams.eu\/lv\/produktas\/delta-ohm-tp704-200bgi-relativa-spiediena-zonde-lidz-200bar#primaryimage\"},\"image\":{\"@id\":\"https:\/\/www.axiomams.eu\/lv\/produktas\/delta-ohm-tp704-200bgi-relativa-spiediena-zonde-lidz-200bar#primaryimage\"},\"thumbnailUrl\":\"https:\/\/www.axiomams.eu\/wp-content\/uploads\/2025\/07\/2675-3446.png\",\"datePublished\":\"2025-05-15T16:16:49+00:00\",\"dateModified\":\"2026-03-25T15:04:48+00:00\",\"breadcrumb\":{\"@id\":\"https:\/\/www.axiomams.eu\/lv\/produktas\/delta-ohm-tp704-200bgi-relativa-spiediena-zonde-lidz-200bar#breadcrumb\"},\"inLanguage\":\"lv-LV\",\"potentialAction\":[{\"@type\":\"ReadAction\",\"target\":[\"https:\/\/www.axiomams.eu\/lv\/produktas\/delta-ohm-tp704-200bgi-relativa-spiediena-zonde-lidz-200bar\"]}]},{\"@type\":\"ImageObject\",\"inLanguage\":\"lv-LV\",\"@id\":\"https:\/\/www.axiomams.eu\/lv\/produktas\/delta-ohm-tp704-200bgi-relativa-spiediena-zonde-lidz-200bar#primaryimage\",\"url\":\"https:\/\/www.axiomams.eu\/wp-content\/uploads\/2025\/07\/2675-3446.png\",\"contentUrl\":\"https:\/\/www.axiomams.eu\/wp-content\/uploads\/2025\/07\/2675-3446.png\",\"width\":129,\"height\":227},{\"@type\":\"BreadcrumbList\",\"@id\":\"https:\/\/www.axiomams.eu\/lv\/produktas\/delta-ohm-tp704-200bgi-relativa-spiediena-zonde-lidz-200bar#breadcrumb\",\"itemListElement\":[{\"@type\":\"ListItem\",\"position\":1,\"name\":\"Home\",\"item\":\"https:\/\/www.axiomams.eu\/lv\"},{\"@type\":\"ListItem\",\"position\":2,\"name\":\"Produkti\",\"item\":\"https:\/\/www.axiomams.eu\/lv\/produkti\"},{\"@type\":\"ListItem\",\"position\":3,\"name\":\"Delta OHM TP704-200BGI &#8211; Relat\u012bv\u0101 spiediena zonde l\u012bdz 200bar\"}]},{\"@type\":\"WebSite\",\"@id\":\"https:\/\/www.axiomams.eu\/lv#website\",\"url\":\"https:\/\/www.axiomams.eu\/lv\",\"name\":\"AXIOMA MS\",\"description\":\"Terrmovizoriai ir matavimo \u012franga\",\"publisher\":{\"@id\":\"https:\/\/www.axiomams.eu\/lv#organization\"},\"potentialAction\":[{\"@type\":\"SearchAction\",\"target\":{\"@type\":\"EntryPoint\",\"urlTemplate\":\"https:\/\/www.axiomams.eu\/lv?s={search_term_string}\"},\"query-input\":{\"@type\":\"PropertyValueSpecification\",\"valueRequired\":true,\"valueName\":\"search_term_string\"}}],\"inLanguage\":\"lv-LV\"},{\"@type\":\"Organization\",\"@id\":\"https:\/\/www.axiomams.eu\/lv#organization\",\"name\":\"AXIOMA MS\",\"url\":\"https:\/\/www.axiomams.eu\/lv\",\"logo\":{\"@type\":\"ImageObject\",\"inLanguage\":\"lv-LV\",\"@id\":\"https:\/\/www.axiomams.eu\/lv#\/schema\/logo\/image\/\",\"url\":\"https:\/\/www.axiomams.eu\/wp-content\/uploads\/2025\/06\/axioma-logo-2.png\",\"contentUrl\":\"https:\/\/www.axiomams.eu\/wp-content\/uploads\/2025\/06\/axioma-logo-2.png\",\"width\":1200,\"height\":1200,\"caption\":\"AXIOMA MS\"},\"image\":{\"@id\":\"https:\/\/www.axiomams.eu\/lv#\/schema\/logo\/image\/\"},\"sameAs\":[\"https:\/\/www.facebook.com\/AxiomaMS\",\"https:\/\/www.linkedin.com\/company\/axiomams\/\"]}]}<\/script>\n<!-- \/ Yoast SEO plugin. -->","yoast_head_json":{"title":"Delta OHM TP704-200BGI - Relat\u012bv\u0101 spiediena zonde l\u012bdz 200bar - AXIOMA MS","robots":{"index":"index","follow":"follow","max-snippet":"max-snippet:-1","max-image-preview":"max-image-preview:large","max-video-preview":"max-video-preview:-1"},"canonical":"https:\/\/www.axiomams.eu\/lv\/produktas\/delta-ohm-tp704-200bgi-relativa-spiediena-zonde-lidz-200bar","og_locale":"lv_LV","og_type":"article","og_title":"Delta OHM TP704-200BGI - Relat\u012bv\u0101 spiediena zonde l\u012bdz 200bar - AXIOMA MS","og_description":"Pilnas skalas spiediena diapazons: 0,1 bar &#8230; 200 bar Maksim\u0101lais p\u0101rspiediens: 400 bar Precizit\u0101te 20 \u00b0C &#8230; 25 \u00b0C temperat\u016br\u0101: 0,25 % FS Darba temperat\u016bra: -40 \u00b0C &#8230; 125 \u00b0C Tehnisk\u0101 inform\u0101cija: TP704 specifications.png","og_url":"https:\/\/www.axiomams.eu\/lv\/produktas\/delta-ohm-tp704-200bgi-relativa-spiediena-zonde-lidz-200bar","og_site_name":"AXIOMA MS","article_publisher":"https:\/\/www.facebook.com\/AxiomaMS","article_modified_time":"2026-03-25T15:04:48+00:00","og_image":[{"width":129,"height":227,"url":"https:\/\/www.axiomams.eu\/wp-content\/uploads\/2025\/07\/2675-3446.png","type":"image\/png"}],"twitter_card":"summary_large_image","schema":{"@context":"https:\/\/schema.org","@graph":[{"@type":"WebPage","@id":"https:\/\/www.axiomams.eu\/lv\/produktas\/delta-ohm-tp704-200bgi-relativa-spiediena-zonde-lidz-200bar","url":"https:\/\/www.axiomams.eu\/lv\/produktas\/delta-ohm-tp704-200bgi-relativa-spiediena-zonde-lidz-200bar","name":"Delta OHM TP704-200BGI - Relat\u012bv\u0101 spiediena zonde l\u012bdz 200bar - AXIOMA MS","isPartOf":{"@id":"https:\/\/www.axiomams.eu\/lv#website"},"primaryImageOfPage":{"@id":"https:\/\/www.axiomams.eu\/lv\/produktas\/delta-ohm-tp704-200bgi-relativa-spiediena-zonde-lidz-200bar#primaryimage"},"image":{"@id":"https:\/\/www.axiomams.eu\/lv\/produktas\/delta-ohm-tp704-200bgi-relativa-spiediena-zonde-lidz-200bar#primaryimage"},"thumbnailUrl":"https:\/\/www.axiomams.eu\/wp-content\/uploads\/2025\/07\/2675-3446.png","datePublished":"2025-05-15T16:16:49+00:00","dateModified":"2026-03-25T15:04:48+00:00","breadcrumb":{"@id":"https:\/\/www.axiomams.eu\/lv\/produktas\/delta-ohm-tp704-200bgi-relativa-spiediena-zonde-lidz-200bar#breadcrumb"},"inLanguage":"lv-LV","potentialAction":[{"@type":"ReadAction","target":["https:\/\/www.axiomams.eu\/lv\/produktas\/delta-ohm-tp704-200bgi-relativa-spiediena-zonde-lidz-200bar"]}]},{"@type":"ImageObject","inLanguage":"lv-LV","@id":"https:\/\/www.axiomams.eu\/lv\/produktas\/delta-ohm-tp704-200bgi-relativa-spiediena-zonde-lidz-200bar#primaryimage","url":"https:\/\/www.axiomams.eu\/wp-content\/uploads\/2025\/07\/2675-3446.png","contentUrl":"https:\/\/www.axiomams.eu\/wp-content\/uploads\/2025\/07\/2675-3446.png","width":129,"height":227},{"@type":"BreadcrumbList","@id":"https:\/\/www.axiomams.eu\/lv\/produktas\/delta-ohm-tp704-200bgi-relativa-spiediena-zonde-lidz-200bar#breadcrumb","itemListElement":[{"@type":"ListItem","position":1,"name":"Home","item":"https:\/\/www.axiomams.eu\/lv"},{"@type":"ListItem","position":2,"name":"Produkti","item":"https:\/\/www.axiomams.eu\/lv\/produkti"},{"@type":"ListItem","position":3,"name":"Delta OHM TP704-200BGI &#8211; Relat\u012bv\u0101 spiediena zonde l\u012bdz 200bar"}]},{"@type":"WebSite","@id":"https:\/\/www.axiomams.eu\/lv#website","url":"https:\/\/www.axiomams.eu\/lv","name":"AXIOMA MS","description":"Terrmovizoriai ir matavimo \u012franga","publisher":{"@id":"https:\/\/www.axiomams.eu\/lv#organization"},"potentialAction":[{"@type":"SearchAction","target":{"@type":"EntryPoint","urlTemplate":"https:\/\/www.axiomams.eu\/lv?s={search_term_string}"},"query-input":{"@type":"PropertyValueSpecification","valueRequired":true,"valueName":"search_term_string"}}],"inLanguage":"lv-LV"},{"@type":"Organization","@id":"https:\/\/www.axiomams.eu\/lv#organization","name":"AXIOMA MS","url":"https:\/\/www.axiomams.eu\/lv","logo":{"@type":"ImageObject","inLanguage":"lv-LV","@id":"https:\/\/www.axiomams.eu\/lv#\/schema\/logo\/image\/","url":"https:\/\/www.axiomams.eu\/wp-content\/uploads\/2025\/06\/axioma-logo-2.png","contentUrl":"https:\/\/www.axiomams.eu\/wp-content\/uploads\/2025\/06\/axioma-logo-2.png","width":1200,"height":1200,"caption":"AXIOMA MS"},"image":{"@id":"https:\/\/www.axiomams.eu\/lv#\/schema\/logo\/image\/"},"sameAs":["https:\/\/www.facebook.com\/AxiomaMS","https:\/\/www.linkedin.com\/company\/axiomams\/"]}]}},"_links":{"self":[{"href":"https:\/\/www.axiomams.eu\/lv\/wp-json\/wp\/v2\/product\/39854","targetHints":{"allow":["GET"]}}],"collection":[{"href":"https:\/\/www.axiomams.eu\/lv\/wp-json\/wp\/v2\/product"}],"about":[{"href":"https:\/\/www.axiomams.eu\/lv\/wp-json\/wp\/v2\/types\/product"}],"replies":[{"embeddable":true,"href":"https:\/\/www.axiomams.eu\/lv\/wp-json\/wp\/v2\/comments?post=39854"}],"wp:featuredmedia":[{"embeddable":true,"href":"https:\/\/www.axiomams.eu\/lv\/wp-json\/wp\/v2\/media\/43381"}],"wp:attachment":[{"href":"https:\/\/www.axiomams.eu\/lv\/wp-json\/wp\/v2\/media?parent=39854"}],"wp:term":[{"taxonomy":"product_brand","embeddable":true,"href":"https:\/\/www.axiomams.eu\/lv\/wp-json\/wp\/v2\/product_brand?post=39854"},{"taxonomy":"product_cat","embeddable":true,"href":"https:\/\/www.axiomams.eu\/lv\/wp-json\/wp\/v2\/product_cat?post=39854"},{"taxonomy":"product_tag","embeddable":true,"href":"https:\/\/www.axiomams.eu\/lv\/wp-json\/wp\/v2\/product_tag?post=39854"}],"curies":[{"name":"wp","href":"https:\/\/api.w.org\/{rel}","templated":true}]}}