{"id":39864,"date":"2025-05-15T18:17:03","date_gmt":"2025-05-15T16:17:03","guid":{"rendered":"https:\/\/www.axiomams.eu\/produktas\/senseven-varstu-sensors"},"modified":"2026-03-25T17:04:52","modified_gmt":"2026-03-25T15:04:52","slug":"senseven-varstu-sensors","status":"publish","type":"product","link":"https:\/\/www.axiomams.eu\/lv\/produktas\/senseven-varstu-sensors","title":{"rendered":"Senseven V\u0101rstu sensors"},"content":{"rendered":"<p>IS540.RG viedt\u0101lrunis:<br \/>\n&#8211; Oper\u0113t\u0101jsist\u0113ma: Android 12.<br \/>\n&#8211; Procesors: Qualcomm QCM6490<br \/>\n&#8211; Atmi\u0146a: 8 GB RAM, 128 GB iek\u0161\u0113j\u0101 atmi\u0146a, microSD atmi\u0146a l\u012bdz 128 GB<br \/>\n&#8211; Atbalst\u012bt\u0101s frekven\u010du joslas:<br \/>\n   2G GSM: 850\/900\/1800\/1900 MHz.<br \/>\n   3G WCDMA: B1\/2\/4\/4\/5\/8<br \/>\n   4G LTE-FDD: B1\/2\/3\/3\/4\/4\/5\/7\/8\/12 MFBI B13\/14\/17\/20\/20\/25\/26\/26\/28\/29\/30\/66\/71<br \/>\n   4G LTE-TDD: B38\/39\/40\/40\/41\/42\/43\/48<br \/>\n   5G NR: n1\/n2\/n3\/n5\/n7\/n8\/n12\/n20\/n25\/n28\/n30\/n38\/n40\/n41\/n48\/n66\/n71\/n77\/n78\/n79<br \/>\n&#8211; Izm\u0113rs: 180,0 x 84,9 x 20,6 mm<br \/>\n&#8211; Svars: 422 g<br \/>\n&#8211; Displejs: 6&#8243;, 1080 x 2160 pikse\u013ci<br \/>\n&#8211; Akumulators: 4400 mAh, nomain\u0101ms<br \/>\n&#8211; Kamera: Priek\u0161\u0113j\u0101 kamera: 48 MP AF aizmugur\u0113j\u0101 kamera, 5 MP FF priek\u0161\u0113j\u0101 kamera<br \/>\n&#8211; SIM kar\u0161u atbalsts: 1 nano SIM karte + eSIM<br \/>\n&#8211; Savienojumi:<br \/>\n   Wi-Fi 6: IEEE 802.11 a\/b\/g\/n\/ac\/ax\/e\/k\/r\/v<br \/>\n   Bluetooth\u00ae 5.2<br \/>\n   GPS, A-GPS, Glonass, A-Glonass, Beidou, Galileo<br \/>\n   Tuv\u0101s lauka komunik\u0101cija (NFC)<br \/>\n&#8211; Savienojamie\/izvades porti: 16-pin ISM interfeiss, USB-C<br \/>\n&#8211; Sensori: Akselerometrs, \u017eiroskops, gaismas, magn\u0113tiskais, tuvuma, spiediena sensori.<br \/>\n&#8211; Aizsardz\u012bbas veidi:  AIZSARDZ\u012aBA: IP68<br \/>\n&#8211; Darba temperat\u016bra: -20 \u00b0C &#8230; +55 \u00b0C<\/p>\n<p>IS-VS1A.RG P\u0100RBAUDES IEK\u0100RTAS<br \/>\n&#8211; Analog\u0101s joslas platums: 20 kHz &#8230; 500 kHz<br \/>\n&#8211; Ieejas diapazons: 94 dBAE \/ 100 dBAE<br \/>\n&#8211; Paraugu \u0146em\u0161anas \u0101trums: Rez.: 2 MHz \/ 16 bitu<br \/>\n&#8211; Trok\u0161\u0146u l\u012bmenis: &#8230; 300 kHz: <12 \u03bcVRMS (95 kHz ... 300 kHz)\n- Ener\u0123ijas pat\u0113ri\u0146\u0161: Jaudas pat\u0113ri\u0146\u0161: <700 mW\n- Izm\u0113rs: 141,2 x 96 x 51,85 mm\n- Svars: 219,3 g\n- Darba temperat\u016bra: -20 \u00b0C ... +55 \u00b0C\n\nIS-SU150F1.1 Sensors Ultraska\u0146as:\n- Frekven\u010du diapazons: 100 kHz ... 450 kHz\n- Darba temperat\u016bra: -40 \u00b0C ... +120 \u00b0C\n- Savienot\u0101js: SMB:\n- Ekr\u0101na p\u0101rkl\u0101\u0161an\u0101s: P\u0101rvade: > -80 dB<br \/>\n&#8211; Izm\u0113ri: 22,3 x 18,2 mm<br \/>\n&#8211; Svars: 29 g<\/p>\n<p>IS-SU150F2.1 sensors Ultraska\u0146as:<br \/>\n&#8211; Frekven\u010du diapazons: 100 kHz &#8230; 450 kHz<br \/>\n&#8211; Darba temperat\u016bra: -40 \u00b0C &#8230; +120 \u00b0C<br \/>\n&#8211; Savienot\u0101js: SMB:<br \/>\n&#8211; Ekr\u0101na p\u0101rkl\u0101\u0161an\u0101s: P\u0101rvade: > -80 dB<br \/>\n&#8211; Izm\u0113ri: 22,3 x 37,5 mm<br \/>\n&#8211; Svars: 63,4 g<\/p>\n<p>IS-SC120BB1.1 Sensora kabelis:<br \/>\n&#8211; Garums: 120 cm 2 gab. \/ komplekts<br \/>\n&#8211; Savienot\u0101js: SMB <-> SMB<br \/>\n&#8211; Apvalks: p\u012bta \u0161\u013c\u016btene<br \/>\n&#8211; Temperat\u016bras diapazons: -20 \u00b0C &#8230; +60 \u00b0C<br \/>\n&#8211; Svars: 20 g (katrs)<\/p>\n<p>IS-WGLF1.1 vi\u013c\u0146vada fiksators:<br \/>\n&#8211; Diametrs: 55 mm<br \/>\n&#8211; Svars: 79,5 g<\/p>\n<p>IS-WGxx.1 vi\u013c\u0146vads:<br \/>\n&#8211; Izm\u0113rs: 220 x 7 mm<br \/>\n&#8211; Svars: 89,8 g<\/p>\n<p>Standarta komplekts: IS-VS1A.RG, sensors IS-SU150F1.1, sensors IS-SU150F2.1, vi\u013c\u0146vada sl\u0113dzene IS-WGLF1.1, vi\u013c\u0146vads IS-WGxx.1, 2 x sensora kabelis, savienojuma vide, savienojuma pl\u0113ve, viedt\u0101lrunis IS540.RG, akumulators, univers\u0101lais str\u0101vas adapteris, skr\u016bvgriezis, displeja aizsargpl\u0113ve, displeja t\u012br\u012b\u0161anas lupati\u0146a, dro\u0161\u012bbas instrukcija un futr\u0101lis.<\/p>\n<h3>Tehnisk\u0101 inform\u0101cija:<\/h3>\n<ul>\n<li><a href=\"https:\/\/axiomams.eu\/importer\/export\/attachments\/en\/senseven-valve-sense.pdf\" target=\"_blank\">SenSeven Valve Sense.pdf<\/a><\/li>\n<li><a href=\"https:\/\/axiomams.eu\/importer\/export\/attachments\/en\/senseven-valve-sense-ex.pdf\" target=\"_blank\">SenSeven Valve Sense Ex.pdf<\/a><\/li>\n<\/ul>\n","protected":false},"excerpt":{"rendered":"<p>IS540.RG viedt\u0101lrunis: &#8211; Oper\u0113t\u0101jsist\u0113ma: Android 12. &#8211; Procesors: Qualcomm QCM6490 &#8211; Atmi\u0146a: 8 GB RAM, 128 GB iek\u0161\u0113j\u0101 atmi\u0146a, microSD atmi\u0146a l\u012bdz 128 GB &#8211; Atbalst\u012bt\u0101s frekven\u010du joslas: 2G GSM: 850\/900\/1800\/1900 MHz. 3G WCDMA: B1\/2\/4\/4\/5\/8 4G LTE-FDD: B1\/2\/3\/3\/4\/4\/5\/7\/8\/12 MFBI B13\/14\/17\/20\/20\/25\/26\/26\/28\/29\/30\/66\/71 4G LTE-TDD: B38\/39\/40\/40\/41\/42\/43\/48 5G NR: n1\/n2\/n3\/n5\/n7\/n8\/n12\/n20\/n25\/n28\/n30\/n38\/n40\/n41\/n48\/n66\/n71\/n77\/n78\/n79 &#8211; Izm\u0113rs: 180,0 x 84,9 x 20,6 mm &#8211;&#8230;<\/p>\n","protected":false},"featured_media":43411,"comment_status":"open","ping_status":"closed","template":"","meta":{"_acf_changed":false},"product_brand":[8237],"product_cat":[17760],"product_tag":[],"class_list":{"0":"post-39864","1":"product","2":"type-product","3":"status-publish","4":"has-post-thumbnail","6":"product_brand-senseven","7":"product_cat-ultraskanas-merinstrumenti","9":"first","10":"instock","11":"taxable","12":"shipping-taxable","13":"product-type-simple"},"acf":[],"yoast_head":"<!-- This site is optimized with the Yoast SEO plugin v27.0 - https:\/\/yoast.com\/product\/yoast-seo-wordpress\/ -->\n<title>Senseven V\u0101rstu sensors - AXIOMA MS<\/title>\n<meta name=\"robots\" content=\"index, follow, max-snippet:-1, max-image-preview:large, max-video-preview:-1\" \/>\n<link rel=\"canonical\" href=\"https:\/\/www.axiomams.eu\/lv\/produktas\/senseven-varstu-sensors\" \/>\n<meta property=\"og:locale\" content=\"lv_LV\" \/>\n<meta property=\"og:type\" content=\"article\" \/>\n<meta property=\"og:title\" content=\"Senseven V\u0101rstu sensors - AXIOMA MS\" \/>\n<meta property=\"og:description\" content=\"IS540.RG viedt\u0101lrunis: &#8211; Oper\u0113t\u0101jsist\u0113ma: Android 12. &#8211; Procesors: Qualcomm QCM6490 &#8211; Atmi\u0146a: 8 GB RAM, 128 GB iek\u0161\u0113j\u0101 atmi\u0146a, microSD atmi\u0146a l\u012bdz 128 GB &#8211; Atbalst\u012bt\u0101s frekven\u010du joslas: 2G GSM: 850\/900\/1800\/1900 MHz. 3G WCDMA: B1\/2\/4\/4\/5\/8 4G LTE-FDD: B1\/2\/3\/3\/4\/4\/5\/7\/8\/12 MFBI B13\/14\/17\/20\/20\/25\/26\/26\/28\/29\/30\/66\/71 4G LTE-TDD: B38\/39\/40\/40\/41\/42\/43\/48 5G NR: n1\/n2\/n3\/n5\/n7\/n8\/n12\/n20\/n25\/n28\/n30\/n38\/n40\/n41\/n48\/n66\/n71\/n77\/n78\/n79 &#8211; Izm\u0113rs: 180,0 x 84,9 x 20,6 mm &#8211;...\" \/>\n<meta property=\"og:url\" content=\"https:\/\/www.axiomams.eu\/lv\/produktas\/senseven-varstu-sensors\" \/>\n<meta property=\"og:site_name\" content=\"AXIOMA MS\" \/>\n<meta property=\"article:publisher\" content=\"https:\/\/www.facebook.com\/AxiomaMS\" \/>\n<meta property=\"article:modified_time\" content=\"2026-03-25T15:04:52+00:00\" \/>\n<meta property=\"og:image\" content=\"https:\/\/www.axiomams.eu\/wp-content\/uploads\/2025\/07\/4582-6099.jpg\" \/>\n\t<meta property=\"og:image:width\" content=\"1020\" \/>\n\t<meta property=\"og:image:height\" content=\"1020\" \/>\n\t<meta property=\"og:image:type\" content=\"image\/jpeg\" \/>\n<meta name=\"twitter:card\" content=\"summary_large_image\" \/>\n<meta name=\"twitter:label1\" content=\"Est. reading time\" \/>\n\t<meta name=\"twitter:data1\" content=\"2 minutes\" \/>\n<script type=\"application\/ld+json\" class=\"yoast-schema-graph\">{\"@context\":\"https:\/\/schema.org\",\"@graph\":[{\"@type\":\"WebPage\",\"@id\":\"https:\/\/www.axiomams.eu\/lv\/produktas\/senseven-varstu-sensors\",\"url\":\"https:\/\/www.axiomams.eu\/lv\/produktas\/senseven-varstu-sensors\",\"name\":\"Senseven V\u0101rstu sensors - AXIOMA MS\",\"isPartOf\":{\"@id\":\"https:\/\/www.axiomams.eu\/lv#website\"},\"primaryImageOfPage\":{\"@id\":\"https:\/\/www.axiomams.eu\/lv\/produktas\/senseven-varstu-sensors#primaryimage\"},\"image\":{\"@id\":\"https:\/\/www.axiomams.eu\/lv\/produktas\/senseven-varstu-sensors#primaryimage\"},\"thumbnailUrl\":\"https:\/\/www.axiomams.eu\/wp-content\/uploads\/2025\/07\/4582-6099.jpg\",\"datePublished\":\"2025-05-15T16:17:03+00:00\",\"dateModified\":\"2026-03-25T15:04:52+00:00\",\"breadcrumb\":{\"@id\":\"https:\/\/www.axiomams.eu\/lv\/produktas\/senseven-varstu-sensors#breadcrumb\"},\"inLanguage\":\"lv-LV\",\"potentialAction\":[{\"@type\":\"ReadAction\",\"target\":[\"https:\/\/www.axiomams.eu\/lv\/produktas\/senseven-varstu-sensors\"]}]},{\"@type\":\"ImageObject\",\"inLanguage\":\"lv-LV\",\"@id\":\"https:\/\/www.axiomams.eu\/lv\/produktas\/senseven-varstu-sensors#primaryimage\",\"url\":\"https:\/\/www.axiomams.eu\/wp-content\/uploads\/2025\/07\/4582-6099.jpg\",\"contentUrl\":\"https:\/\/www.axiomams.eu\/wp-content\/uploads\/2025\/07\/4582-6099.jpg\",\"width\":1020,\"height\":1020},{\"@type\":\"BreadcrumbList\",\"@id\":\"https:\/\/www.axiomams.eu\/lv\/produktas\/senseven-varstu-sensors#breadcrumb\",\"itemListElement\":[{\"@type\":\"ListItem\",\"position\":1,\"name\":\"Home\",\"item\":\"https:\/\/www.axiomams.eu\/lv\"},{\"@type\":\"ListItem\",\"position\":2,\"name\":\"Produkti\",\"item\":\"https:\/\/www.axiomams.eu\/lv\/produkti\"},{\"@type\":\"ListItem\",\"position\":3,\"name\":\"Senseven V\u0101rstu sensors\"}]},{\"@type\":\"WebSite\",\"@id\":\"https:\/\/www.axiomams.eu\/lv#website\",\"url\":\"https:\/\/www.axiomams.eu\/lv\",\"name\":\"AXIOMA MS\",\"description\":\"Terrmovizoriai ir matavimo \u012franga\",\"publisher\":{\"@id\":\"https:\/\/www.axiomams.eu\/lv#organization\"},\"potentialAction\":[{\"@type\":\"SearchAction\",\"target\":{\"@type\":\"EntryPoint\",\"urlTemplate\":\"https:\/\/www.axiomams.eu\/lv?s={search_term_string}\"},\"query-input\":{\"@type\":\"PropertyValueSpecification\",\"valueRequired\":true,\"valueName\":\"search_term_string\"}}],\"inLanguage\":\"lv-LV\"},{\"@type\":\"Organization\",\"@id\":\"https:\/\/www.axiomams.eu\/lv#organization\",\"name\":\"AXIOMA MS\",\"url\":\"https:\/\/www.axiomams.eu\/lv\",\"logo\":{\"@type\":\"ImageObject\",\"inLanguage\":\"lv-LV\",\"@id\":\"https:\/\/www.axiomams.eu\/lv#\/schema\/logo\/image\/\",\"url\":\"https:\/\/www.axiomams.eu\/wp-content\/uploads\/2025\/06\/axioma-logo-2.png\",\"contentUrl\":\"https:\/\/www.axiomams.eu\/wp-content\/uploads\/2025\/06\/axioma-logo-2.png\",\"width\":1200,\"height\":1200,\"caption\":\"AXIOMA MS\"},\"image\":{\"@id\":\"https:\/\/www.axiomams.eu\/lv#\/schema\/logo\/image\/\"},\"sameAs\":[\"https:\/\/www.facebook.com\/AxiomaMS\",\"https:\/\/www.linkedin.com\/company\/axiomams\/\"]}]}<\/script>\n<!-- \/ Yoast SEO plugin. -->","yoast_head_json":{"title":"Senseven V\u0101rstu sensors - AXIOMA MS","robots":{"index":"index","follow":"follow","max-snippet":"max-snippet:-1","max-image-preview":"max-image-preview:large","max-video-preview":"max-video-preview:-1"},"canonical":"https:\/\/www.axiomams.eu\/lv\/produktas\/senseven-varstu-sensors","og_locale":"lv_LV","og_type":"article","og_title":"Senseven V\u0101rstu sensors - AXIOMA MS","og_description":"IS540.RG viedt\u0101lrunis: &#8211; Oper\u0113t\u0101jsist\u0113ma: Android 12. &#8211; Procesors: Qualcomm QCM6490 &#8211; Atmi\u0146a: 8 GB RAM, 128 GB iek\u0161\u0113j\u0101 atmi\u0146a, microSD atmi\u0146a l\u012bdz 128 GB &#8211; Atbalst\u012bt\u0101s frekven\u010du joslas: 2G GSM: 850\/900\/1800\/1900 MHz. 3G WCDMA: B1\/2\/4\/4\/5\/8 4G LTE-FDD: B1\/2\/3\/3\/4\/4\/5\/7\/8\/12 MFBI B13\/14\/17\/20\/20\/25\/26\/26\/28\/29\/30\/66\/71 4G LTE-TDD: B38\/39\/40\/40\/41\/42\/43\/48 5G NR: n1\/n2\/n3\/n5\/n7\/n8\/n12\/n20\/n25\/n28\/n30\/n38\/n40\/n41\/n48\/n66\/n71\/n77\/n78\/n79 &#8211; Izm\u0113rs: 180,0 x 84,9 x 20,6 mm &#8211;...","og_url":"https:\/\/www.axiomams.eu\/lv\/produktas\/senseven-varstu-sensors","og_site_name":"AXIOMA MS","article_publisher":"https:\/\/www.facebook.com\/AxiomaMS","article_modified_time":"2026-03-25T15:04:52+00:00","og_image":[{"width":1020,"height":1020,"url":"https:\/\/www.axiomams.eu\/wp-content\/uploads\/2025\/07\/4582-6099.jpg","type":"image\/jpeg"}],"twitter_card":"summary_large_image","twitter_misc":{"Est. reading time":"2 minutes"},"schema":{"@context":"https:\/\/schema.org","@graph":[{"@type":"WebPage","@id":"https:\/\/www.axiomams.eu\/lv\/produktas\/senseven-varstu-sensors","url":"https:\/\/www.axiomams.eu\/lv\/produktas\/senseven-varstu-sensors","name":"Senseven V\u0101rstu sensors - AXIOMA MS","isPartOf":{"@id":"https:\/\/www.axiomams.eu\/lv#website"},"primaryImageOfPage":{"@id":"https:\/\/www.axiomams.eu\/lv\/produktas\/senseven-varstu-sensors#primaryimage"},"image":{"@id":"https:\/\/www.axiomams.eu\/lv\/produktas\/senseven-varstu-sensors#primaryimage"},"thumbnailUrl":"https:\/\/www.axiomams.eu\/wp-content\/uploads\/2025\/07\/4582-6099.jpg","datePublished":"2025-05-15T16:17:03+00:00","dateModified":"2026-03-25T15:04:52+00:00","breadcrumb":{"@id":"https:\/\/www.axiomams.eu\/lv\/produktas\/senseven-varstu-sensors#breadcrumb"},"inLanguage":"lv-LV","potentialAction":[{"@type":"ReadAction","target":["https:\/\/www.axiomams.eu\/lv\/produktas\/senseven-varstu-sensors"]}]},{"@type":"ImageObject","inLanguage":"lv-LV","@id":"https:\/\/www.axiomams.eu\/lv\/produktas\/senseven-varstu-sensors#primaryimage","url":"https:\/\/www.axiomams.eu\/wp-content\/uploads\/2025\/07\/4582-6099.jpg","contentUrl":"https:\/\/www.axiomams.eu\/wp-content\/uploads\/2025\/07\/4582-6099.jpg","width":1020,"height":1020},{"@type":"BreadcrumbList","@id":"https:\/\/www.axiomams.eu\/lv\/produktas\/senseven-varstu-sensors#breadcrumb","itemListElement":[{"@type":"ListItem","position":1,"name":"Home","item":"https:\/\/www.axiomams.eu\/lv"},{"@type":"ListItem","position":2,"name":"Produkti","item":"https:\/\/www.axiomams.eu\/lv\/produkti"},{"@type":"ListItem","position":3,"name":"Senseven V\u0101rstu sensors"}]},{"@type":"WebSite","@id":"https:\/\/www.axiomams.eu\/lv#website","url":"https:\/\/www.axiomams.eu\/lv","name":"AXIOMA MS","description":"Terrmovizoriai ir matavimo \u012franga","publisher":{"@id":"https:\/\/www.axiomams.eu\/lv#organization"},"potentialAction":[{"@type":"SearchAction","target":{"@type":"EntryPoint","urlTemplate":"https:\/\/www.axiomams.eu\/lv?s={search_term_string}"},"query-input":{"@type":"PropertyValueSpecification","valueRequired":true,"valueName":"search_term_string"}}],"inLanguage":"lv-LV"},{"@type":"Organization","@id":"https:\/\/www.axiomams.eu\/lv#organization","name":"AXIOMA MS","url":"https:\/\/www.axiomams.eu\/lv","logo":{"@type":"ImageObject","inLanguage":"lv-LV","@id":"https:\/\/www.axiomams.eu\/lv#\/schema\/logo\/image\/","url":"https:\/\/www.axiomams.eu\/wp-content\/uploads\/2025\/06\/axioma-logo-2.png","contentUrl":"https:\/\/www.axiomams.eu\/wp-content\/uploads\/2025\/06\/axioma-logo-2.png","width":1200,"height":1200,"caption":"AXIOMA MS"},"image":{"@id":"https:\/\/www.axiomams.eu\/lv#\/schema\/logo\/image\/"},"sameAs":["https:\/\/www.facebook.com\/AxiomaMS","https:\/\/www.linkedin.com\/company\/axiomams\/"]}]}},"_links":{"self":[{"href":"https:\/\/www.axiomams.eu\/lv\/wp-json\/wp\/v2\/product\/39864","targetHints":{"allow":["GET"]}}],"collection":[{"href":"https:\/\/www.axiomams.eu\/lv\/wp-json\/wp\/v2\/product"}],"about":[{"href":"https:\/\/www.axiomams.eu\/lv\/wp-json\/wp\/v2\/types\/product"}],"replies":[{"embeddable":true,"href":"https:\/\/www.axiomams.eu\/lv\/wp-json\/wp\/v2\/comments?post=39864"}],"wp:featuredmedia":[{"embeddable":true,"href":"https:\/\/www.axiomams.eu\/lv\/wp-json\/wp\/v2\/media\/43411"}],"wp:attachment":[{"href":"https:\/\/www.axiomams.eu\/lv\/wp-json\/wp\/v2\/media?parent=39864"}],"wp:term":[{"taxonomy":"product_brand","embeddable":true,"href":"https:\/\/www.axiomams.eu\/lv\/wp-json\/wp\/v2\/product_brand?post=39864"},{"taxonomy":"product_cat","embeddable":true,"href":"https:\/\/www.axiomams.eu\/lv\/wp-json\/wp\/v2\/product_cat?post=39864"},{"taxonomy":"product_tag","embeddable":true,"href":"https:\/\/www.axiomams.eu\/lv\/wp-json\/wp\/v2\/product_tag?post=39864"}],"curies":[{"name":"wp","href":"https:\/\/api.w.org\/{rel}","templated":true}]}}