{"id":39874,"date":"2025-05-15T18:17:11","date_gmt":"2025-05-15T16:17:11","guid":{"rendered":"https:\/\/www.axiomams.eu\/produktas\/flir-vsc-ir21-19-mm-apalais-uz-prieksu-verstais-zondes-uzgalis"},"modified":"2026-03-25T17:04:55","modified_gmt":"2026-03-25T15:04:55","slug":"flir-vsc-ir21-19-mm-apalais-uz-prieksu-verstais-zondes-uzgalis","status":"publish","type":"product","link":"https:\/\/www.axiomams.eu\/lv\/produktas\/flir-vsc-ir21-19-mm-apalais-uz-prieksu-verstais-zondes-uzgalis","title":{"rendered":"Flir VSC-IR21 &#8211; 19 mm apa\u013cais uz priek\u0161u v\u0113rstais zondes uzgalis"},"content":{"rendered":"<p>Zondes garums (ieskaitot galu): 111,5 cm (ar galu un galu (ieskaitot galu)) 111,5 cm<br \/>\nZondes kameras skats &#8211; uz priek\u0161u<br \/>\nZondes uzga\u013ca forma &#8211; apa\u013ca<br \/>\nDiametrs: 19 mm<br \/>\nSvars: 490 g<\/p>\n","protected":false},"excerpt":{"rendered":"<p>Zondes garums (ieskaitot galu): 111,5 cm (ar galu un galu (ieskaitot galu)) 111,5 cm Zondes kameras skats &#8211; uz priek\u0161u Zondes uzga\u013ca forma &#8211; apa\u013ca Diametrs: 19 mm Svars: 490 g<\/p>\n","protected":false},"featured_media":43431,"comment_status":"open","ping_status":"closed","template":"","meta":{"_acf_changed":false},"product_brand":[734],"product_cat":[],"product_tag":[],"class_list":{"0":"post-39874","1":"product","2":"type-product","3":"status-publish","4":"has-post-thumbnail","6":"product_brand-flir","8":"first","9":"instock","10":"taxable","11":"shipping-taxable","12":"product-type-simple"},"acf":[],"yoast_head":"<!-- This site is optimized with the Yoast SEO plugin v27.0 - https:\/\/yoast.com\/product\/yoast-seo-wordpress\/ -->\n<title>Flir VSC-IR21 - 19 mm apa\u013cais uz priek\u0161u v\u0113rstais zondes uzgalis - AXIOMA MS<\/title>\n<meta name=\"robots\" content=\"index, follow, max-snippet:-1, max-image-preview:large, max-video-preview:-1\" \/>\n<link rel=\"canonical\" href=\"https:\/\/www.axiomams.eu\/lv\/produktas\/flir-vsc-ir21-19-mm-apalais-uz-prieksu-verstais-zondes-uzgalis\" \/>\n<meta property=\"og:locale\" content=\"lv_LV\" \/>\n<meta property=\"og:type\" content=\"article\" \/>\n<meta property=\"og:title\" content=\"Flir VSC-IR21 - 19 mm apa\u013cais uz priek\u0161u v\u0113rstais zondes uzgalis - AXIOMA MS\" \/>\n<meta property=\"og:description\" content=\"Zondes garums (ieskaitot galu): 111,5 cm (ar galu un galu (ieskaitot galu)) 111,5 cm Zondes kameras skats &#8211; uz priek\u0161u Zondes uzga\u013ca forma &#8211; apa\u013ca Diametrs: 19 mm Svars: 490 g\" \/>\n<meta property=\"og:url\" content=\"https:\/\/www.axiomams.eu\/lv\/produktas\/flir-vsc-ir21-19-mm-apalais-uz-prieksu-verstais-zondes-uzgalis\" \/>\n<meta property=\"og:site_name\" content=\"AXIOMA MS\" \/>\n<meta property=\"article:publisher\" content=\"https:\/\/www.facebook.com\/AxiomaMS\" \/>\n<meta property=\"article:modified_time\" content=\"2026-03-25T15:04:55+00:00\" \/>\n<meta property=\"og:image\" content=\"https:\/\/www.axiomams.eu\/wp-content\/uploads\/2025\/07\/3203-6006.jpg\" \/>\n\t<meta property=\"og:image:width\" content=\"1020\" \/>\n\t<meta property=\"og:image:height\" content=\"1020\" \/>\n\t<meta property=\"og:image:type\" content=\"image\/jpeg\" \/>\n<meta name=\"twitter:card\" content=\"summary_large_image\" \/>\n<script type=\"application\/ld+json\" class=\"yoast-schema-graph\">{\"@context\":\"https:\/\/schema.org\",\"@graph\":[{\"@type\":\"WebPage\",\"@id\":\"https:\/\/www.axiomams.eu\/lv\/produktas\/flir-vsc-ir21-19-mm-apalais-uz-prieksu-verstais-zondes-uzgalis\",\"url\":\"https:\/\/www.axiomams.eu\/lv\/produktas\/flir-vsc-ir21-19-mm-apalais-uz-prieksu-verstais-zondes-uzgalis\",\"name\":\"Flir VSC-IR21 - 19 mm apa\u013cais uz priek\u0161u v\u0113rstais zondes uzgalis - AXIOMA MS\",\"isPartOf\":{\"@id\":\"https:\/\/www.axiomams.eu\/lv#website\"},\"primaryImageOfPage\":{\"@id\":\"https:\/\/www.axiomams.eu\/lv\/produktas\/flir-vsc-ir21-19-mm-apalais-uz-prieksu-verstais-zondes-uzgalis#primaryimage\"},\"image\":{\"@id\":\"https:\/\/www.axiomams.eu\/lv\/produktas\/flir-vsc-ir21-19-mm-apalais-uz-prieksu-verstais-zondes-uzgalis#primaryimage\"},\"thumbnailUrl\":\"https:\/\/www.axiomams.eu\/wp-content\/uploads\/2025\/07\/3203-6006.jpg\",\"datePublished\":\"2025-05-15T16:17:11+00:00\",\"dateModified\":\"2026-03-25T15:04:55+00:00\",\"breadcrumb\":{\"@id\":\"https:\/\/www.axiomams.eu\/lv\/produktas\/flir-vsc-ir21-19-mm-apalais-uz-prieksu-verstais-zondes-uzgalis#breadcrumb\"},\"inLanguage\":\"lv-LV\",\"potentialAction\":[{\"@type\":\"ReadAction\",\"target\":[\"https:\/\/www.axiomams.eu\/lv\/produktas\/flir-vsc-ir21-19-mm-apalais-uz-prieksu-verstais-zondes-uzgalis\"]}]},{\"@type\":\"ImageObject\",\"inLanguage\":\"lv-LV\",\"@id\":\"https:\/\/www.axiomams.eu\/lv\/produktas\/flir-vsc-ir21-19-mm-apalais-uz-prieksu-verstais-zondes-uzgalis#primaryimage\",\"url\":\"https:\/\/www.axiomams.eu\/wp-content\/uploads\/2025\/07\/3203-6006.jpg\",\"contentUrl\":\"https:\/\/www.axiomams.eu\/wp-content\/uploads\/2025\/07\/3203-6006.jpg\",\"width\":1020,\"height\":1020},{\"@type\":\"BreadcrumbList\",\"@id\":\"https:\/\/www.axiomams.eu\/lv\/produktas\/flir-vsc-ir21-19-mm-apalais-uz-prieksu-verstais-zondes-uzgalis#breadcrumb\",\"itemListElement\":[{\"@type\":\"ListItem\",\"position\":1,\"name\":\"Home\",\"item\":\"https:\/\/www.axiomams.eu\/lv\"},{\"@type\":\"ListItem\",\"position\":2,\"name\":\"Produkti\",\"item\":\"https:\/\/www.axiomams.eu\/lv\/produkti\"},{\"@type\":\"ListItem\",\"position\":3,\"name\":\"Flir VSC-IR21 &#8211; 19 mm apa\u013cais uz priek\u0161u v\u0113rstais zondes uzgalis\"}]},{\"@type\":\"WebSite\",\"@id\":\"https:\/\/www.axiomams.eu\/lv#website\",\"url\":\"https:\/\/www.axiomams.eu\/lv\",\"name\":\"AXIOMA MS\",\"description\":\"Terrmovizoriai ir matavimo \u012franga\",\"publisher\":{\"@id\":\"https:\/\/www.axiomams.eu\/lv#organization\"},\"potentialAction\":[{\"@type\":\"SearchAction\",\"target\":{\"@type\":\"EntryPoint\",\"urlTemplate\":\"https:\/\/www.axiomams.eu\/lv?s={search_term_string}\"},\"query-input\":{\"@type\":\"PropertyValueSpecification\",\"valueRequired\":true,\"valueName\":\"search_term_string\"}}],\"inLanguage\":\"lv-LV\"},{\"@type\":\"Organization\",\"@id\":\"https:\/\/www.axiomams.eu\/lv#organization\",\"name\":\"AXIOMA MS\",\"url\":\"https:\/\/www.axiomams.eu\/lv\",\"logo\":{\"@type\":\"ImageObject\",\"inLanguage\":\"lv-LV\",\"@id\":\"https:\/\/www.axiomams.eu\/lv#\/schema\/logo\/image\/\",\"url\":\"https:\/\/www.axiomams.eu\/wp-content\/uploads\/2025\/06\/axioma-logo-2.png\",\"contentUrl\":\"https:\/\/www.axiomams.eu\/wp-content\/uploads\/2025\/06\/axioma-logo-2.png\",\"width\":1200,\"height\":1200,\"caption\":\"AXIOMA MS\"},\"image\":{\"@id\":\"https:\/\/www.axiomams.eu\/lv#\/schema\/logo\/image\/\"},\"sameAs\":[\"https:\/\/www.facebook.com\/AxiomaMS\",\"https:\/\/www.linkedin.com\/company\/axiomams\/\"]}]}<\/script>\n<!-- \/ Yoast SEO plugin. -->","yoast_head_json":{"title":"Flir VSC-IR21 - 19 mm apa\u013cais uz priek\u0161u v\u0113rstais zondes uzgalis - AXIOMA MS","robots":{"index":"index","follow":"follow","max-snippet":"max-snippet:-1","max-image-preview":"max-image-preview:large","max-video-preview":"max-video-preview:-1"},"canonical":"https:\/\/www.axiomams.eu\/lv\/produktas\/flir-vsc-ir21-19-mm-apalais-uz-prieksu-verstais-zondes-uzgalis","og_locale":"lv_LV","og_type":"article","og_title":"Flir VSC-IR21 - 19 mm apa\u013cais uz priek\u0161u v\u0113rstais zondes uzgalis - AXIOMA MS","og_description":"Zondes garums (ieskaitot galu): 111,5 cm (ar galu un galu (ieskaitot galu)) 111,5 cm Zondes kameras skats &#8211; uz priek\u0161u Zondes uzga\u013ca forma &#8211; apa\u013ca Diametrs: 19 mm Svars: 490 g","og_url":"https:\/\/www.axiomams.eu\/lv\/produktas\/flir-vsc-ir21-19-mm-apalais-uz-prieksu-verstais-zondes-uzgalis","og_site_name":"AXIOMA MS","article_publisher":"https:\/\/www.facebook.com\/AxiomaMS","article_modified_time":"2026-03-25T15:04:55+00:00","og_image":[{"width":1020,"height":1020,"url":"https:\/\/www.axiomams.eu\/wp-content\/uploads\/2025\/07\/3203-6006.jpg","type":"image\/jpeg"}],"twitter_card":"summary_large_image","schema":{"@context":"https:\/\/schema.org","@graph":[{"@type":"WebPage","@id":"https:\/\/www.axiomams.eu\/lv\/produktas\/flir-vsc-ir21-19-mm-apalais-uz-prieksu-verstais-zondes-uzgalis","url":"https:\/\/www.axiomams.eu\/lv\/produktas\/flir-vsc-ir21-19-mm-apalais-uz-prieksu-verstais-zondes-uzgalis","name":"Flir VSC-IR21 - 19 mm apa\u013cais uz priek\u0161u v\u0113rstais zondes uzgalis - AXIOMA MS","isPartOf":{"@id":"https:\/\/www.axiomams.eu\/lv#website"},"primaryImageOfPage":{"@id":"https:\/\/www.axiomams.eu\/lv\/produktas\/flir-vsc-ir21-19-mm-apalais-uz-prieksu-verstais-zondes-uzgalis#primaryimage"},"image":{"@id":"https:\/\/www.axiomams.eu\/lv\/produktas\/flir-vsc-ir21-19-mm-apalais-uz-prieksu-verstais-zondes-uzgalis#primaryimage"},"thumbnailUrl":"https:\/\/www.axiomams.eu\/wp-content\/uploads\/2025\/07\/3203-6006.jpg","datePublished":"2025-05-15T16:17:11+00:00","dateModified":"2026-03-25T15:04:55+00:00","breadcrumb":{"@id":"https:\/\/www.axiomams.eu\/lv\/produktas\/flir-vsc-ir21-19-mm-apalais-uz-prieksu-verstais-zondes-uzgalis#breadcrumb"},"inLanguage":"lv-LV","potentialAction":[{"@type":"ReadAction","target":["https:\/\/www.axiomams.eu\/lv\/produktas\/flir-vsc-ir21-19-mm-apalais-uz-prieksu-verstais-zondes-uzgalis"]}]},{"@type":"ImageObject","inLanguage":"lv-LV","@id":"https:\/\/www.axiomams.eu\/lv\/produktas\/flir-vsc-ir21-19-mm-apalais-uz-prieksu-verstais-zondes-uzgalis#primaryimage","url":"https:\/\/www.axiomams.eu\/wp-content\/uploads\/2025\/07\/3203-6006.jpg","contentUrl":"https:\/\/www.axiomams.eu\/wp-content\/uploads\/2025\/07\/3203-6006.jpg","width":1020,"height":1020},{"@type":"BreadcrumbList","@id":"https:\/\/www.axiomams.eu\/lv\/produktas\/flir-vsc-ir21-19-mm-apalais-uz-prieksu-verstais-zondes-uzgalis#breadcrumb","itemListElement":[{"@type":"ListItem","position":1,"name":"Home","item":"https:\/\/www.axiomams.eu\/lv"},{"@type":"ListItem","position":2,"name":"Produkti","item":"https:\/\/www.axiomams.eu\/lv\/produkti"},{"@type":"ListItem","position":3,"name":"Flir VSC-IR21 &#8211; 19 mm apa\u013cais uz priek\u0161u v\u0113rstais zondes uzgalis"}]},{"@type":"WebSite","@id":"https:\/\/www.axiomams.eu\/lv#website","url":"https:\/\/www.axiomams.eu\/lv","name":"AXIOMA MS","description":"Terrmovizoriai ir matavimo \u012franga","publisher":{"@id":"https:\/\/www.axiomams.eu\/lv#organization"},"potentialAction":[{"@type":"SearchAction","target":{"@type":"EntryPoint","urlTemplate":"https:\/\/www.axiomams.eu\/lv?s={search_term_string}"},"query-input":{"@type":"PropertyValueSpecification","valueRequired":true,"valueName":"search_term_string"}}],"inLanguage":"lv-LV"},{"@type":"Organization","@id":"https:\/\/www.axiomams.eu\/lv#organization","name":"AXIOMA MS","url":"https:\/\/www.axiomams.eu\/lv","logo":{"@type":"ImageObject","inLanguage":"lv-LV","@id":"https:\/\/www.axiomams.eu\/lv#\/schema\/logo\/image\/","url":"https:\/\/www.axiomams.eu\/wp-content\/uploads\/2025\/06\/axioma-logo-2.png","contentUrl":"https:\/\/www.axiomams.eu\/wp-content\/uploads\/2025\/06\/axioma-logo-2.png","width":1200,"height":1200,"caption":"AXIOMA MS"},"image":{"@id":"https:\/\/www.axiomams.eu\/lv#\/schema\/logo\/image\/"},"sameAs":["https:\/\/www.facebook.com\/AxiomaMS","https:\/\/www.linkedin.com\/company\/axiomams\/"]}]}},"_links":{"self":[{"href":"https:\/\/www.axiomams.eu\/lv\/wp-json\/wp\/v2\/product\/39874","targetHints":{"allow":["GET"]}}],"collection":[{"href":"https:\/\/www.axiomams.eu\/lv\/wp-json\/wp\/v2\/product"}],"about":[{"href":"https:\/\/www.axiomams.eu\/lv\/wp-json\/wp\/v2\/types\/product"}],"replies":[{"embeddable":true,"href":"https:\/\/www.axiomams.eu\/lv\/wp-json\/wp\/v2\/comments?post=39874"}],"wp:featuredmedia":[{"embeddable":true,"href":"https:\/\/www.axiomams.eu\/lv\/wp-json\/wp\/v2\/media\/43431"}],"wp:attachment":[{"href":"https:\/\/www.axiomams.eu\/lv\/wp-json\/wp\/v2\/media?parent=39874"}],"wp:term":[{"taxonomy":"product_brand","embeddable":true,"href":"https:\/\/www.axiomams.eu\/lv\/wp-json\/wp\/v2\/product_brand?post=39874"},{"taxonomy":"product_cat","embeddable":true,"href":"https:\/\/www.axiomams.eu\/lv\/wp-json\/wp\/v2\/product_cat?post=39874"},{"taxonomy":"product_tag","embeddable":true,"href":"https:\/\/www.axiomams.eu\/lv\/wp-json\/wp\/v2\/product_tag?post=39874"}],"curies":[{"name":"wp","href":"https:\/\/api.w.org\/{rel}","templated":true}]}}