{"id":44025,"date":"2025-12-03T15:02:05","date_gmt":"2025-12-03T13:02:05","guid":{"rendered":"https:\/\/www.axiomams.eu\/produktas\/hioki-pw4001-jaudas-analizators"},"modified":"2026-03-25T17:01:38","modified_gmt":"2026-03-25T15:01:38","slug":"hioki-pw4001-jaudas-analizators","status":"publish","type":"product","link":"https:\/\/www.axiomams.eu\/lv\/produktas\/hioki-pw4001-jaudas-analizators","title":{"rendered":"HIOKI PW4001 jaudas analizators"},"content":{"rendered":"<p>Hioki PW4001 ir portat\u012bvs, augstas precizit\u0101tes 4 kan\u0101lu jaudas analizators, kas paredz\u0113ts prec\u012bziem jaudas m\u0113r\u012bjumiem pla\u0161\u0101 pielietojuma diapazon\u0101. Tas nodro\u0161ina visaugst\u0101ko Hioki l\u012bdzstr\u0101vas precizit\u0101ti \u00b10,04 %, nodro\u0161inot uzticamus rezult\u0101tus transportl\u012bdzek\u013cu jaudas test\u0113\u0161an\u0101, p\u0113tniec\u012bb\u0101 un r\u016bpnieciskaj\u0101 vid\u0113. T\u0101 iztur\u012bg\u0101 konstrukcija un \u0101rk\u0101rt\u012bg\u0101 precizit\u0101te padara to ide\u0101li piem\u0113rotu gan lieto\u0161anai laboratorij\u0101, gan nov\u0113rt\u0113\u0161anai uz vietas.<\/p>\n<p><b>Iz\u0146\u0113m\u012bga m\u0113r\u012bjumu precizit\u0101te<\/b><br \/>\nPW4001 ir izstr\u0101d\u0101ts, lai nodro\u0161in\u0101tu uzticam\u012bbu, un vis\u0101 frekven\u010du diapazon\u0101 no 0,1 Hz l\u012bdz 600 kHz PW4001 saglab\u0101 \u00b10,04 % pamatprecizit\u0101ti. Tas nodro\u0161ina nemain\u012bgu veiktsp\u0113ju no l\u012bdzstr\u0101vas l\u012bdz augstfrekvences m\u0113r\u012bjumiem, \u013caujot in\u017eenieriem dro\u0161i nov\u0113rt\u0113t sare\u017e\u0123\u012btas energosist\u0113mas. T\u0101 prec\u012bz\u0101s m\u0113r\u012b\u0161anas iesp\u0113jas ir \u013coti svar\u012bgas elektrisko un hibr\u012bdautomobi\u013cu sast\u0101vda\u013cu efektivit\u0101tes un stabilit\u0101tes p\u0101rbaudei.<\/p>\n<p><b>Uzlabota sensoru integr\u0101cija<\/b><br \/>\nPW4001 ir ar\u012b autom\u0101tiska f\u0101zes nob\u012bdes korekcija, kas uzlabo m\u0113r\u012bjumu precizit\u0101ti, izmantojot Hioki str\u0101vas sensorus. Tas nodro\u0161ina prec\u012bzu sinhroniz\u0101ciju starp str\u0101vas un sprieguma r\u0101d\u012bjumiem pat sare\u017e\u0123\u012bt\u0101s testa konfigur\u0101cij\u0101s.<\/p>\n<p><b>Konkr\u0113t\u0101s specifik\u0101cijas<\/b><br \/>\n&#8211; Pamata precizit\u0101te: \u00b10,04 %.<br \/>\n&#8211; Frekven\u010du joslas platums: l\u012bdzstr\u0101va, 0,1 Hz l\u012bdz 600 kHz.<br \/>\n&#8211; Darba temperat\u016bra: no -20 \u00b0C l\u012bdz 50 \u00b0C<br \/>\n&#8211; CAN \/ CAN FD ieeja un izeja<br \/>\n&#8211; Autom\u0101tiska f\u0101zes nob\u012bdes korekcija Hioki str\u0101vas sensoriem<\/p>\n<p>Standarta komplekts: Hioki PW4001 str\u0101vas analizators, palai\u0161anas rokasgr\u0101mata, baro\u0161anas vads, USB kabelis, D-sub savienot\u0101js, l\u012bdzstr\u0101vas baro\u0161anas savienot\u0101js.<\/p>\n<p><iframe loading=\"lazy\" width=\"560\" height=\"315\" src=\"https:\/\/www.youtube.com\/embed\/I08Xog2J85A?si=nw-k4XQ-nwcFtAMz\" title=\"YouTube video atska\u0146ot\u0101js\" frameborder=\"0\" allow=\"accelerometer; autoplay; clipboard-write; encrypted-media; gyroscope; picture-in-picture; web-share\" referrerpolicy=\"strict-origin-when-cross-origin\" allowfullscreen><\/iframe><\/p>\n<h3>Tehnisk\u0101 inform\u0101cija:<\/h3>\n<ul>\n<li><a href=\"https:\/\/axiomams.eu\/importer\/export\/attachments\/en\/hioki-pw4001.pdf\" target=\"_blank\">Hioki PW4001.pdf<\/a><\/li>\n<\/ul>\n","protected":false},"excerpt":{"rendered":"<p>Hioki PW4001 ir portat\u012bvs, augstas precizit\u0101tes 4 kan\u0101lu jaudas analizators, kas paredz\u0113ts prec\u012bziem jaudas m\u0113r\u012bjumiem pla\u0161\u0101 pielietojuma diapazon\u0101. Tas nodro\u0161ina visaugst\u0101ko Hioki l\u012bdzstr\u0101vas precizit\u0101ti \u00b10,04 %, nodro\u0161inot uzticamus rezult\u0101tus transportl\u012bdzek\u013cu jaudas test\u0113\u0161an\u0101, p\u0113tniec\u012bb\u0101 un r\u016bpnieciskaj\u0101 vid\u0113. T\u0101 iztur\u012bg\u0101 konstrukcija un \u0101rk\u0101rt\u012bg\u0101 precizit\u0101te padara to ide\u0101li piem\u0113rotu gan lieto\u0161anai laboratorij\u0101, gan nov\u0113rt\u0113\u0161anai uz vietas. Iz\u0146\u0113m\u012bga m\u0113r\u012bjumu&#8230;<\/p>\n","protected":false},"featured_media":44122,"comment_status":"open","ping_status":"closed","template":"","meta":{"_acf_changed":false},"product_brand":[1112],"product_cat":[17758],"product_tag":[],"class_list":{"0":"post-44025","1":"product","2":"type-product","3":"status-publish","4":"has-post-thumbnail","6":"product_brand-hioki","7":"product_cat-jauda-analizei","9":"first","10":"instock","11":"taxable","12":"shipping-taxable","13":"product-type-simple"},"acf":[],"yoast_head":"<!-- This site is optimized with the Yoast SEO plugin v27.0 - https:\/\/yoast.com\/product\/yoast-seo-wordpress\/ -->\n<title>HIOKI PW4001 jaudas analizators - AXIOMA MS<\/title>\n<meta name=\"robots\" content=\"index, follow, max-snippet:-1, max-image-preview:large, max-video-preview:-1\" \/>\n<link rel=\"canonical\" href=\"https:\/\/www.axiomams.eu\/lv\/produktas\/hioki-pw4001-jaudas-analizators\" \/>\n<meta property=\"og:locale\" content=\"lv_LV\" \/>\n<meta property=\"og:type\" content=\"article\" \/>\n<meta property=\"og:title\" content=\"HIOKI PW4001 jaudas analizators - AXIOMA MS\" \/>\n<meta property=\"og:description\" content=\"Hioki PW4001 ir portat\u012bvs, augstas precizit\u0101tes 4 kan\u0101lu jaudas analizators, kas paredz\u0113ts prec\u012bziem jaudas m\u0113r\u012bjumiem pla\u0161\u0101 pielietojuma diapazon\u0101. Tas nodro\u0161ina visaugst\u0101ko Hioki l\u012bdzstr\u0101vas precizit\u0101ti \u00b10,04 %, nodro\u0161inot uzticamus rezult\u0101tus transportl\u012bdzek\u013cu jaudas test\u0113\u0161an\u0101, p\u0113tniec\u012bb\u0101 un r\u016bpnieciskaj\u0101 vid\u0113. T\u0101 iztur\u012bg\u0101 konstrukcija un \u0101rk\u0101rt\u012bg\u0101 precizit\u0101te padara to ide\u0101li piem\u0113rotu gan lieto\u0161anai laboratorij\u0101, gan nov\u0113rt\u0113\u0161anai uz vietas. Iz\u0146\u0113m\u012bga m\u0113r\u012bjumu...\" \/>\n<meta property=\"og:url\" content=\"https:\/\/www.axiomams.eu\/lv\/produktas\/hioki-pw4001-jaudas-analizators\" \/>\n<meta property=\"og:site_name\" content=\"AXIOMA MS\" \/>\n<meta property=\"article:publisher\" content=\"https:\/\/www.facebook.com\/AxiomaMS\" \/>\n<meta property=\"article:modified_time\" content=\"2026-03-25T15:01:38+00:00\" \/>\n<meta property=\"og:image\" content=\"https:\/\/www.axiomams.eu\/wp-content\/uploads\/2026\/02\/4685-6195.jpg\" \/>\n\t<meta property=\"og:image:width\" content=\"1020\" \/>\n\t<meta property=\"og:image:height\" content=\"1020\" \/>\n\t<meta property=\"og:image:type\" content=\"image\/jpeg\" \/>\n<meta name=\"twitter:card\" content=\"summary_large_image\" \/>\n<meta name=\"twitter:label1\" content=\"Est. reading time\" \/>\n\t<meta name=\"twitter:data1\" content=\"2 minutes\" \/>\n<script type=\"application\/ld+json\" class=\"yoast-schema-graph\">{\"@context\":\"https:\/\/schema.org\",\"@graph\":[{\"@type\":\"WebPage\",\"@id\":\"https:\/\/www.axiomams.eu\/lv\/produktas\/hioki-pw4001-jaudas-analizators\",\"url\":\"https:\/\/www.axiomams.eu\/lv\/produktas\/hioki-pw4001-jaudas-analizators\",\"name\":\"HIOKI PW4001 jaudas analizators - AXIOMA MS\",\"isPartOf\":{\"@id\":\"https:\/\/www.axiomams.eu\/lv#website\"},\"primaryImageOfPage\":{\"@id\":\"https:\/\/www.axiomams.eu\/lv\/produktas\/hioki-pw4001-jaudas-analizators#primaryimage\"},\"image\":{\"@id\":\"https:\/\/www.axiomams.eu\/lv\/produktas\/hioki-pw4001-jaudas-analizators#primaryimage\"},\"thumbnailUrl\":\"https:\/\/www.axiomams.eu\/wp-content\/uploads\/2026\/02\/4685-6195.jpg\",\"datePublished\":\"2025-12-03T13:02:05+00:00\",\"dateModified\":\"2026-03-25T15:01:38+00:00\",\"breadcrumb\":{\"@id\":\"https:\/\/www.axiomams.eu\/lv\/produktas\/hioki-pw4001-jaudas-analizators#breadcrumb\"},\"inLanguage\":\"lv-LV\",\"potentialAction\":[{\"@type\":\"ReadAction\",\"target\":[\"https:\/\/www.axiomams.eu\/lv\/produktas\/hioki-pw4001-jaudas-analizators\"]}]},{\"@type\":\"ImageObject\",\"inLanguage\":\"lv-LV\",\"@id\":\"https:\/\/www.axiomams.eu\/lv\/produktas\/hioki-pw4001-jaudas-analizators#primaryimage\",\"url\":\"https:\/\/www.axiomams.eu\/wp-content\/uploads\/2026\/02\/4685-6195.jpg\",\"contentUrl\":\"https:\/\/www.axiomams.eu\/wp-content\/uploads\/2026\/02\/4685-6195.jpg\",\"width\":1020,\"height\":1020},{\"@type\":\"BreadcrumbList\",\"@id\":\"https:\/\/www.axiomams.eu\/lv\/produktas\/hioki-pw4001-jaudas-analizators#breadcrumb\",\"itemListElement\":[{\"@type\":\"ListItem\",\"position\":1,\"name\":\"Home\",\"item\":\"https:\/\/www.axiomams.eu\/lv\"},{\"@type\":\"ListItem\",\"position\":2,\"name\":\"Produkti\",\"item\":\"https:\/\/www.axiomams.eu\/lv\/produkti\"},{\"@type\":\"ListItem\",\"position\":3,\"name\":\"HIOKI PW4001 jaudas analizators\"}]},{\"@type\":\"WebSite\",\"@id\":\"https:\/\/www.axiomams.eu\/lv#website\",\"url\":\"https:\/\/www.axiomams.eu\/lv\",\"name\":\"AXIOMA MS\",\"description\":\"Terrmovizoriai ir matavimo \u012franga\",\"publisher\":{\"@id\":\"https:\/\/www.axiomams.eu\/lv#organization\"},\"potentialAction\":[{\"@type\":\"SearchAction\",\"target\":{\"@type\":\"EntryPoint\",\"urlTemplate\":\"https:\/\/www.axiomams.eu\/lv?s={search_term_string}\"},\"query-input\":{\"@type\":\"PropertyValueSpecification\",\"valueRequired\":true,\"valueName\":\"search_term_string\"}}],\"inLanguage\":\"lv-LV\"},{\"@type\":\"Organization\",\"@id\":\"https:\/\/www.axiomams.eu\/lv#organization\",\"name\":\"AXIOMA MS\",\"url\":\"https:\/\/www.axiomams.eu\/lv\",\"logo\":{\"@type\":\"ImageObject\",\"inLanguage\":\"lv-LV\",\"@id\":\"https:\/\/www.axiomams.eu\/lv#\/schema\/logo\/image\/\",\"url\":\"https:\/\/www.axiomams.eu\/wp-content\/uploads\/2025\/06\/axioma-logo-2.png\",\"contentUrl\":\"https:\/\/www.axiomams.eu\/wp-content\/uploads\/2025\/06\/axioma-logo-2.png\",\"width\":1200,\"height\":1200,\"caption\":\"AXIOMA MS\"},\"image\":{\"@id\":\"https:\/\/www.axiomams.eu\/lv#\/schema\/logo\/image\/\"},\"sameAs\":[\"https:\/\/www.facebook.com\/AxiomaMS\",\"https:\/\/www.linkedin.com\/company\/axiomams\/\"]}]}<\/script>\n<!-- \/ Yoast SEO plugin. -->","yoast_head_json":{"title":"HIOKI PW4001 jaudas analizators - AXIOMA MS","robots":{"index":"index","follow":"follow","max-snippet":"max-snippet:-1","max-image-preview":"max-image-preview:large","max-video-preview":"max-video-preview:-1"},"canonical":"https:\/\/www.axiomams.eu\/lv\/produktas\/hioki-pw4001-jaudas-analizators","og_locale":"lv_LV","og_type":"article","og_title":"HIOKI PW4001 jaudas analizators - AXIOMA MS","og_description":"Hioki PW4001 ir portat\u012bvs, augstas precizit\u0101tes 4 kan\u0101lu jaudas analizators, kas paredz\u0113ts prec\u012bziem jaudas m\u0113r\u012bjumiem pla\u0161\u0101 pielietojuma diapazon\u0101. Tas nodro\u0161ina visaugst\u0101ko Hioki l\u012bdzstr\u0101vas precizit\u0101ti \u00b10,04 %, nodro\u0161inot uzticamus rezult\u0101tus transportl\u012bdzek\u013cu jaudas test\u0113\u0161an\u0101, p\u0113tniec\u012bb\u0101 un r\u016bpnieciskaj\u0101 vid\u0113. T\u0101 iztur\u012bg\u0101 konstrukcija un \u0101rk\u0101rt\u012bg\u0101 precizit\u0101te padara to ide\u0101li piem\u0113rotu gan lieto\u0161anai laboratorij\u0101, gan nov\u0113rt\u0113\u0161anai uz vietas. Iz\u0146\u0113m\u012bga m\u0113r\u012bjumu...","og_url":"https:\/\/www.axiomams.eu\/lv\/produktas\/hioki-pw4001-jaudas-analizators","og_site_name":"AXIOMA MS","article_publisher":"https:\/\/www.facebook.com\/AxiomaMS","article_modified_time":"2026-03-25T15:01:38+00:00","og_image":[{"width":1020,"height":1020,"url":"https:\/\/www.axiomams.eu\/wp-content\/uploads\/2026\/02\/4685-6195.jpg","type":"image\/jpeg"}],"twitter_card":"summary_large_image","twitter_misc":{"Est. reading time":"2 minutes"},"schema":{"@context":"https:\/\/schema.org","@graph":[{"@type":"WebPage","@id":"https:\/\/www.axiomams.eu\/lv\/produktas\/hioki-pw4001-jaudas-analizators","url":"https:\/\/www.axiomams.eu\/lv\/produktas\/hioki-pw4001-jaudas-analizators","name":"HIOKI PW4001 jaudas analizators - AXIOMA MS","isPartOf":{"@id":"https:\/\/www.axiomams.eu\/lv#website"},"primaryImageOfPage":{"@id":"https:\/\/www.axiomams.eu\/lv\/produktas\/hioki-pw4001-jaudas-analizators#primaryimage"},"image":{"@id":"https:\/\/www.axiomams.eu\/lv\/produktas\/hioki-pw4001-jaudas-analizators#primaryimage"},"thumbnailUrl":"https:\/\/www.axiomams.eu\/wp-content\/uploads\/2026\/02\/4685-6195.jpg","datePublished":"2025-12-03T13:02:05+00:00","dateModified":"2026-03-25T15:01:38+00:00","breadcrumb":{"@id":"https:\/\/www.axiomams.eu\/lv\/produktas\/hioki-pw4001-jaudas-analizators#breadcrumb"},"inLanguage":"lv-LV","potentialAction":[{"@type":"ReadAction","target":["https:\/\/www.axiomams.eu\/lv\/produktas\/hioki-pw4001-jaudas-analizators"]}]},{"@type":"ImageObject","inLanguage":"lv-LV","@id":"https:\/\/www.axiomams.eu\/lv\/produktas\/hioki-pw4001-jaudas-analizators#primaryimage","url":"https:\/\/www.axiomams.eu\/wp-content\/uploads\/2026\/02\/4685-6195.jpg","contentUrl":"https:\/\/www.axiomams.eu\/wp-content\/uploads\/2026\/02\/4685-6195.jpg","width":1020,"height":1020},{"@type":"BreadcrumbList","@id":"https:\/\/www.axiomams.eu\/lv\/produktas\/hioki-pw4001-jaudas-analizators#breadcrumb","itemListElement":[{"@type":"ListItem","position":1,"name":"Home","item":"https:\/\/www.axiomams.eu\/lv"},{"@type":"ListItem","position":2,"name":"Produkti","item":"https:\/\/www.axiomams.eu\/lv\/produkti"},{"@type":"ListItem","position":3,"name":"HIOKI PW4001 jaudas analizators"}]},{"@type":"WebSite","@id":"https:\/\/www.axiomams.eu\/lv#website","url":"https:\/\/www.axiomams.eu\/lv","name":"AXIOMA MS","description":"Terrmovizoriai ir matavimo \u012franga","publisher":{"@id":"https:\/\/www.axiomams.eu\/lv#organization"},"potentialAction":[{"@type":"SearchAction","target":{"@type":"EntryPoint","urlTemplate":"https:\/\/www.axiomams.eu\/lv?s={search_term_string}"},"query-input":{"@type":"PropertyValueSpecification","valueRequired":true,"valueName":"search_term_string"}}],"inLanguage":"lv-LV"},{"@type":"Organization","@id":"https:\/\/www.axiomams.eu\/lv#organization","name":"AXIOMA MS","url":"https:\/\/www.axiomams.eu\/lv","logo":{"@type":"ImageObject","inLanguage":"lv-LV","@id":"https:\/\/www.axiomams.eu\/lv#\/schema\/logo\/image\/","url":"https:\/\/www.axiomams.eu\/wp-content\/uploads\/2025\/06\/axioma-logo-2.png","contentUrl":"https:\/\/www.axiomams.eu\/wp-content\/uploads\/2025\/06\/axioma-logo-2.png","width":1200,"height":1200,"caption":"AXIOMA MS"},"image":{"@id":"https:\/\/www.axiomams.eu\/lv#\/schema\/logo\/image\/"},"sameAs":["https:\/\/www.facebook.com\/AxiomaMS","https:\/\/www.linkedin.com\/company\/axiomams\/"]}]}},"_links":{"self":[{"href":"https:\/\/www.axiomams.eu\/lv\/wp-json\/wp\/v2\/product\/44025","targetHints":{"allow":["GET"]}}],"collection":[{"href":"https:\/\/www.axiomams.eu\/lv\/wp-json\/wp\/v2\/product"}],"about":[{"href":"https:\/\/www.axiomams.eu\/lv\/wp-json\/wp\/v2\/types\/product"}],"replies":[{"embeddable":true,"href":"https:\/\/www.axiomams.eu\/lv\/wp-json\/wp\/v2\/comments?post=44025"}],"wp:featuredmedia":[{"embeddable":true,"href":"https:\/\/www.axiomams.eu\/lv\/wp-json\/wp\/v2\/media\/44122"}],"wp:attachment":[{"href":"https:\/\/www.axiomams.eu\/lv\/wp-json\/wp\/v2\/media?parent=44025"}],"wp:term":[{"taxonomy":"product_brand","embeddable":true,"href":"https:\/\/www.axiomams.eu\/lv\/wp-json\/wp\/v2\/product_brand?post=44025"},{"taxonomy":"product_cat","embeddable":true,"href":"https:\/\/www.axiomams.eu\/lv\/wp-json\/wp\/v2\/product_cat?post=44025"},{"taxonomy":"product_tag","embeddable":true,"href":"https:\/\/www.axiomams.eu\/lv\/wp-json\/wp\/v2\/product_tag?post=44025"}],"curies":[{"name":"wp","href":"https:\/\/api.w.org\/{rel}","templated":true}]}}