{"id":44045,"date":"2025-12-03T15:02:36","date_gmt":"2025-12-03T13:02:36","guid":{"rendered":"https:\/\/www.axiomams.eu\/produktas\/testo-termometrs-0560-1113"},"modified":"2026-03-25T17:02:03","modified_gmt":"2026-03-25T15:02:03","slug":"testo-termometrs-0560-1113","status":"publish","type":"product","link":"https:\/\/www.axiomams.eu\/lv\/produktas\/testo-termometrs-0560-1113","title":{"rendered":"Testo termometrs (0560 1113)"},"content":{"rendered":"<p>Testo \u016bdensnecaurlaid\u012bgais mini zondes termometrs ir uzticams instruments, ar kuru prec\u012bzi izm\u0113r\u012bt gan gaisa, gan serdes temperat\u016bru da\u017e\u0101d\u0101s vid\u0113s. Tas ir izstr\u0101d\u0101ts, lai nodro\u0161in\u0101tu precizit\u0101ti un \u0113rt\u012bbas, un sniedz uzticamus rezult\u0101tus profesion\u0101los un ikdienas lietojumos.<\/p>\n<p><b>Vispus\u012bgas m\u0113r\u012b\u0161anas iesp\u0113jas<\/b><br \/>\n\u0160is kompaktais termometrs efekt\u012bvi m\u0113ra \u0161\u0137idrumu, m\u012bkstu un pulverveida vielu kodola temperat\u016bru, k\u0101 ar\u012b apk\u0101rt\u0113j\u0101 gaisa temperat\u016bru. T\u0101 iztur\u012bg\u0101 konstrukcija nodro\u0161ina nemain\u012bgu veiktsp\u0113ju virtuv\u0113s, laboratorij\u0101s, ra\u017eo\u0161anas telp\u0101s un vides p\u0101rbaud\u0113s.<\/p>\n<p><b>viegli t\u012br\u0101ms un praktisks dizains<\/b><br \/>\nP\u0113c lieto\u0161anas mini zondes termometru var noskalot zem teko\u0161a \u016bdens vai ievietot tie\u0161i trauku mazg\u0101jamaj\u0101 ma\u0161\u012bn\u0101, lai to bez piep\u016bles not\u012br\u012btu. Tam ir iek\u013cauts iztur\u012bgs aizsargv\u0101ci\u0146\u0161 dro\u0161ai uzglab\u0101\u0161anai un integr\u0113ta klipsna, kas to dro\u0161i piestiprina pie kabatas vai ap\u0123\u0113rba, kad tas netiek lietots.<\/p>\n<p><b>Visa v\u0113rt\u012bba par pie\u0146emamu cenu<\/b><br \/>\nNeraugoties uz kompakto izm\u0113ru un zemo cenu, \u0161is termometrs pied\u0101v\u0101 izcilu veiktsp\u0113ju un precizit\u0101ti. Tas ir izstr\u0101d\u0101ts lietot\u0101jiem, kuriem nepiecie\u0161ami uzticami temperat\u016bras r\u0101d\u012bjumi, nemazinot kvalit\u0101ti vai iztur\u012bbu.<\/p>\n<p><b>Ide\u0101li piem\u0113rots da\u017e\u0101diem pielietojumiem<\/b><br \/>\n&#8211; P\u0101rtikas produktu, piem\u0113ram, ga\u013cas vai konditorejas izstr\u0101d\u0101jumu, temperat\u016bras p\u0101rbaudei.<br \/>\n&#8211; Procesa temperat\u016bras uzraudz\u012bbai r\u016bpnieciskos vai ra\u017eo\u0161anas apst\u0101k\u013cos<br \/>\n&#8211; Gaisa temperat\u016bras m\u0113r\u012b\u0161anai HVAC sist\u0113m\u0101s<br \/>\n&#8211; Temperat\u016bras p\u0101rbau\u017eu veik\u0161anai d\u0101rza centros vai laboratorij\u0101s.<\/p>\n<p>Standarta komplekts: Testo \u016bdensnecaurlaid\u012bgs mini zondes termometrs, aizsargv\u0101ci\u0146\u0161, ieb\u016bv\u0113ts klips, kalibr\u0113\u0161anas protokols.<\/p>\n<p><iframe loading=\"lazy\" width=\"560\" height=\"315\" src=\"https:\/\/www.youtube.com\/embed\/szc4Wkzfhms?si=f1x9J3iYmtX6kKF7\" title=\"YouTube video atska\u0146ot\u0101js\" frameborder=\"0\" allow=\"accelerometer; autoplay; clipboard-write; encrypted-media; gyroscope; picture-in-picture; web-share\" referrerpolicy=\"strict-origin-when-cross-origin\" allowfullscreen><\/iframe><\/p>\n<h3>Tehnisk\u0101 inform\u0101cija:<\/h3>\n<ul>\n<li><a href=\"https:\/\/axiomams.eu\/importer\/export\/attachments\/en\/testo-0560-1113.pdf\" target=\"_blank\">testo 0560 1113.pdf<\/a><\/li>\n<\/ul>\n","protected":false},"excerpt":{"rendered":"<p>Testo \u016bdensnecaurlaid\u012bgais mini zondes termometrs ir uzticams instruments, ar kuru prec\u012bzi izm\u0113r\u012bt gan gaisa, gan serdes temperat\u016bru da\u017e\u0101d\u0101s vid\u0113s. Tas ir izstr\u0101d\u0101ts, lai nodro\u0161in\u0101tu precizit\u0101ti un \u0113rt\u012bbas, un sniedz uzticamus rezult\u0101tus profesion\u0101los un ikdienas lietojumos. Vispus\u012bgas m\u0113r\u012b\u0161anas iesp\u0113jas \u0160is kompaktais termometrs efekt\u012bvi m\u0113ra \u0161\u0137idrumu, m\u012bkstu un pulverveida vielu kodola temperat\u016bru, k\u0101 ar\u012b apk\u0101rt\u0113j\u0101 gaisa temperat\u016bru&#8230;.<\/p>\n","protected":false},"featured_media":44125,"comment_status":"open","ping_status":"closed","template":"","meta":{"_acf_changed":false},"product_brand":[735],"product_cat":[17721],"product_tag":[],"class_list":{"0":"post-44045","1":"product","2":"type-product","3":"status-publish","4":"has-post-thumbnail","6":"product_brand-testo","7":"product_cat-temperaturas-mitruma-spiediena-merijumiem","9":"first","10":"instock","11":"taxable","12":"shipping-taxable","13":"purchasable","14":"product-type-simple"},"acf":[],"yoast_head":"<!-- This site is optimized with the Yoast SEO plugin v27.0 - https:\/\/yoast.com\/product\/yoast-seo-wordpress\/ -->\n<title>Testo termometrs (0560 1113) - AXIOMA MS<\/title>\n<meta name=\"robots\" content=\"index, follow, max-snippet:-1, max-image-preview:large, max-video-preview:-1\" \/>\n<link rel=\"canonical\" href=\"https:\/\/www.axiomams.eu\/lv\/produktas\/testo-termometrs-0560-1113\" \/>\n<meta property=\"og:locale\" content=\"lv_LV\" \/>\n<meta property=\"og:type\" content=\"article\" \/>\n<meta property=\"og:title\" content=\"Testo termometrs (0560 1113) - AXIOMA MS\" \/>\n<meta property=\"og:description\" content=\"Testo \u016bdensnecaurlaid\u012bgais mini zondes termometrs ir uzticams instruments, ar kuru prec\u012bzi izm\u0113r\u012bt gan gaisa, gan serdes temperat\u016bru da\u017e\u0101d\u0101s vid\u0113s. Tas ir izstr\u0101d\u0101ts, lai nodro\u0161in\u0101tu precizit\u0101ti un \u0113rt\u012bbas, un sniedz uzticamus rezult\u0101tus profesion\u0101los un ikdienas lietojumos. Vispus\u012bgas m\u0113r\u012b\u0161anas iesp\u0113jas \u0160is kompaktais termometrs efekt\u012bvi m\u0113ra \u0161\u0137idrumu, m\u012bkstu un pulverveida vielu kodola temperat\u016bru, k\u0101 ar\u012b apk\u0101rt\u0113j\u0101 gaisa temperat\u016bru....\" \/>\n<meta property=\"og:url\" content=\"https:\/\/www.axiomams.eu\/lv\/produktas\/testo-termometrs-0560-1113\" \/>\n<meta property=\"og:site_name\" content=\"AXIOMA MS\" \/>\n<meta property=\"article:publisher\" content=\"https:\/\/www.facebook.com\/AxiomaMS\" \/>\n<meta property=\"article:modified_time\" content=\"2026-03-25T15:02:03+00:00\" \/>\n<meta property=\"og:image\" content=\"https:\/\/www.axiomams.eu\/wp-content\/uploads\/2026\/02\/4687-6197.jpg\" \/>\n\t<meta property=\"og:image:width\" content=\"800\" \/>\n\t<meta property=\"og:image:height\" content=\"800\" \/>\n\t<meta property=\"og:image:type\" content=\"image\/jpeg\" \/>\n<meta name=\"twitter:card\" content=\"summary_large_image\" \/>\n<meta name=\"twitter:label1\" content=\"Est. reading time\" \/>\n\t<meta name=\"twitter:data1\" content=\"2 minutes\" \/>\n<script type=\"application\/ld+json\" class=\"yoast-schema-graph\">{\"@context\":\"https:\/\/schema.org\",\"@graph\":[{\"@type\":\"WebPage\",\"@id\":\"https:\/\/www.axiomams.eu\/lv\/produktas\/testo-termometrs-0560-1113\",\"url\":\"https:\/\/www.axiomams.eu\/lv\/produktas\/testo-termometrs-0560-1113\",\"name\":\"Testo termometrs (0560 1113) - AXIOMA MS\",\"isPartOf\":{\"@id\":\"https:\/\/www.axiomams.eu\/lv#website\"},\"primaryImageOfPage\":{\"@id\":\"https:\/\/www.axiomams.eu\/lv\/produktas\/testo-termometrs-0560-1113#primaryimage\"},\"image\":{\"@id\":\"https:\/\/www.axiomams.eu\/lv\/produktas\/testo-termometrs-0560-1113#primaryimage\"},\"thumbnailUrl\":\"https:\/\/www.axiomams.eu\/wp-content\/uploads\/2026\/02\/4687-6197.jpg\",\"datePublished\":\"2025-12-03T13:02:36+00:00\",\"dateModified\":\"2026-03-25T15:02:03+00:00\",\"breadcrumb\":{\"@id\":\"https:\/\/www.axiomams.eu\/lv\/produktas\/testo-termometrs-0560-1113#breadcrumb\"},\"inLanguage\":\"lv-LV\",\"potentialAction\":[{\"@type\":\"ReadAction\",\"target\":[\"https:\/\/www.axiomams.eu\/lv\/produktas\/testo-termometrs-0560-1113\"]}]},{\"@type\":\"ImageObject\",\"inLanguage\":\"lv-LV\",\"@id\":\"https:\/\/www.axiomams.eu\/lv\/produktas\/testo-termometrs-0560-1113#primaryimage\",\"url\":\"https:\/\/www.axiomams.eu\/wp-content\/uploads\/2026\/02\/4687-6197.jpg\",\"contentUrl\":\"https:\/\/www.axiomams.eu\/wp-content\/uploads\/2026\/02\/4687-6197.jpg\",\"width\":800,\"height\":800},{\"@type\":\"BreadcrumbList\",\"@id\":\"https:\/\/www.axiomams.eu\/lv\/produktas\/testo-termometrs-0560-1113#breadcrumb\",\"itemListElement\":[{\"@type\":\"ListItem\",\"position\":1,\"name\":\"Home\",\"item\":\"https:\/\/www.axiomams.eu\/lv\"},{\"@type\":\"ListItem\",\"position\":2,\"name\":\"Produkti\",\"item\":\"https:\/\/www.axiomams.eu\/lv\/produkti\"},{\"@type\":\"ListItem\",\"position\":3,\"name\":\"Testo termometrs (0560 1113)\"}]},{\"@type\":\"WebSite\",\"@id\":\"https:\/\/www.axiomams.eu\/lv#website\",\"url\":\"https:\/\/www.axiomams.eu\/lv\",\"name\":\"AXIOMA MS\",\"description\":\"Terrmovizoriai ir matavimo \u012franga\",\"publisher\":{\"@id\":\"https:\/\/www.axiomams.eu\/lv#organization\"},\"potentialAction\":[{\"@type\":\"SearchAction\",\"target\":{\"@type\":\"EntryPoint\",\"urlTemplate\":\"https:\/\/www.axiomams.eu\/lv?s={search_term_string}\"},\"query-input\":{\"@type\":\"PropertyValueSpecification\",\"valueRequired\":true,\"valueName\":\"search_term_string\"}}],\"inLanguage\":\"lv-LV\"},{\"@type\":\"Organization\",\"@id\":\"https:\/\/www.axiomams.eu\/lv#organization\",\"name\":\"AXIOMA MS\",\"url\":\"https:\/\/www.axiomams.eu\/lv\",\"logo\":{\"@type\":\"ImageObject\",\"inLanguage\":\"lv-LV\",\"@id\":\"https:\/\/www.axiomams.eu\/lv#\/schema\/logo\/image\/\",\"url\":\"https:\/\/www.axiomams.eu\/wp-content\/uploads\/2025\/06\/axioma-logo-2.png\",\"contentUrl\":\"https:\/\/www.axiomams.eu\/wp-content\/uploads\/2025\/06\/axioma-logo-2.png\",\"width\":1200,\"height\":1200,\"caption\":\"AXIOMA MS\"},\"image\":{\"@id\":\"https:\/\/www.axiomams.eu\/lv#\/schema\/logo\/image\/\"},\"sameAs\":[\"https:\/\/www.facebook.com\/AxiomaMS\",\"https:\/\/www.linkedin.com\/company\/axiomams\/\"]}]}<\/script>\n<!-- \/ Yoast SEO plugin. -->","yoast_head_json":{"title":"Testo termometrs (0560 1113) - AXIOMA MS","robots":{"index":"index","follow":"follow","max-snippet":"max-snippet:-1","max-image-preview":"max-image-preview:large","max-video-preview":"max-video-preview:-1"},"canonical":"https:\/\/www.axiomams.eu\/lv\/produktas\/testo-termometrs-0560-1113","og_locale":"lv_LV","og_type":"article","og_title":"Testo termometrs (0560 1113) - AXIOMA MS","og_description":"Testo \u016bdensnecaurlaid\u012bgais mini zondes termometrs ir uzticams instruments, ar kuru prec\u012bzi izm\u0113r\u012bt gan gaisa, gan serdes temperat\u016bru da\u017e\u0101d\u0101s vid\u0113s. Tas ir izstr\u0101d\u0101ts, lai nodro\u0161in\u0101tu precizit\u0101ti un \u0113rt\u012bbas, un sniedz uzticamus rezult\u0101tus profesion\u0101los un ikdienas lietojumos. Vispus\u012bgas m\u0113r\u012b\u0161anas iesp\u0113jas \u0160is kompaktais termometrs efekt\u012bvi m\u0113ra \u0161\u0137idrumu, m\u012bkstu un pulverveida vielu kodola temperat\u016bru, k\u0101 ar\u012b apk\u0101rt\u0113j\u0101 gaisa temperat\u016bru....","og_url":"https:\/\/www.axiomams.eu\/lv\/produktas\/testo-termometrs-0560-1113","og_site_name":"AXIOMA MS","article_publisher":"https:\/\/www.facebook.com\/AxiomaMS","article_modified_time":"2026-03-25T15:02:03+00:00","og_image":[{"width":800,"height":800,"url":"https:\/\/www.axiomams.eu\/wp-content\/uploads\/2026\/02\/4687-6197.jpg","type":"image\/jpeg"}],"twitter_card":"summary_large_image","twitter_misc":{"Est. reading time":"2 minutes"},"schema":{"@context":"https:\/\/schema.org","@graph":[{"@type":"WebPage","@id":"https:\/\/www.axiomams.eu\/lv\/produktas\/testo-termometrs-0560-1113","url":"https:\/\/www.axiomams.eu\/lv\/produktas\/testo-termometrs-0560-1113","name":"Testo termometrs (0560 1113) - AXIOMA MS","isPartOf":{"@id":"https:\/\/www.axiomams.eu\/lv#website"},"primaryImageOfPage":{"@id":"https:\/\/www.axiomams.eu\/lv\/produktas\/testo-termometrs-0560-1113#primaryimage"},"image":{"@id":"https:\/\/www.axiomams.eu\/lv\/produktas\/testo-termometrs-0560-1113#primaryimage"},"thumbnailUrl":"https:\/\/www.axiomams.eu\/wp-content\/uploads\/2026\/02\/4687-6197.jpg","datePublished":"2025-12-03T13:02:36+00:00","dateModified":"2026-03-25T15:02:03+00:00","breadcrumb":{"@id":"https:\/\/www.axiomams.eu\/lv\/produktas\/testo-termometrs-0560-1113#breadcrumb"},"inLanguage":"lv-LV","potentialAction":[{"@type":"ReadAction","target":["https:\/\/www.axiomams.eu\/lv\/produktas\/testo-termometrs-0560-1113"]}]},{"@type":"ImageObject","inLanguage":"lv-LV","@id":"https:\/\/www.axiomams.eu\/lv\/produktas\/testo-termometrs-0560-1113#primaryimage","url":"https:\/\/www.axiomams.eu\/wp-content\/uploads\/2026\/02\/4687-6197.jpg","contentUrl":"https:\/\/www.axiomams.eu\/wp-content\/uploads\/2026\/02\/4687-6197.jpg","width":800,"height":800},{"@type":"BreadcrumbList","@id":"https:\/\/www.axiomams.eu\/lv\/produktas\/testo-termometrs-0560-1113#breadcrumb","itemListElement":[{"@type":"ListItem","position":1,"name":"Home","item":"https:\/\/www.axiomams.eu\/lv"},{"@type":"ListItem","position":2,"name":"Produkti","item":"https:\/\/www.axiomams.eu\/lv\/produkti"},{"@type":"ListItem","position":3,"name":"Testo termometrs (0560 1113)"}]},{"@type":"WebSite","@id":"https:\/\/www.axiomams.eu\/lv#website","url":"https:\/\/www.axiomams.eu\/lv","name":"AXIOMA MS","description":"Terrmovizoriai ir matavimo \u012franga","publisher":{"@id":"https:\/\/www.axiomams.eu\/lv#organization"},"potentialAction":[{"@type":"SearchAction","target":{"@type":"EntryPoint","urlTemplate":"https:\/\/www.axiomams.eu\/lv?s={search_term_string}"},"query-input":{"@type":"PropertyValueSpecification","valueRequired":true,"valueName":"search_term_string"}}],"inLanguage":"lv-LV"},{"@type":"Organization","@id":"https:\/\/www.axiomams.eu\/lv#organization","name":"AXIOMA MS","url":"https:\/\/www.axiomams.eu\/lv","logo":{"@type":"ImageObject","inLanguage":"lv-LV","@id":"https:\/\/www.axiomams.eu\/lv#\/schema\/logo\/image\/","url":"https:\/\/www.axiomams.eu\/wp-content\/uploads\/2025\/06\/axioma-logo-2.png","contentUrl":"https:\/\/www.axiomams.eu\/wp-content\/uploads\/2025\/06\/axioma-logo-2.png","width":1200,"height":1200,"caption":"AXIOMA MS"},"image":{"@id":"https:\/\/www.axiomams.eu\/lv#\/schema\/logo\/image\/"},"sameAs":["https:\/\/www.facebook.com\/AxiomaMS","https:\/\/www.linkedin.com\/company\/axiomams\/"]}]}},"_links":{"self":[{"href":"https:\/\/www.axiomams.eu\/lv\/wp-json\/wp\/v2\/product\/44045","targetHints":{"allow":["GET"]}}],"collection":[{"href":"https:\/\/www.axiomams.eu\/lv\/wp-json\/wp\/v2\/product"}],"about":[{"href":"https:\/\/www.axiomams.eu\/lv\/wp-json\/wp\/v2\/types\/product"}],"replies":[{"embeddable":true,"href":"https:\/\/www.axiomams.eu\/lv\/wp-json\/wp\/v2\/comments?post=44045"}],"wp:featuredmedia":[{"embeddable":true,"href":"https:\/\/www.axiomams.eu\/lv\/wp-json\/wp\/v2\/media\/44125"}],"wp:attachment":[{"href":"https:\/\/www.axiomams.eu\/lv\/wp-json\/wp\/v2\/media?parent=44045"}],"wp:term":[{"taxonomy":"product_brand","embeddable":true,"href":"https:\/\/www.axiomams.eu\/lv\/wp-json\/wp\/v2\/product_brand?post=44045"},{"taxonomy":"product_cat","embeddable":true,"href":"https:\/\/www.axiomams.eu\/lv\/wp-json\/wp\/v2\/product_cat?post=44045"},{"taxonomy":"product_tag","embeddable":true,"href":"https:\/\/www.axiomams.eu\/lv\/wp-json\/wp\/v2\/product_tag?post=44045"}],"curies":[{"name":"wp","href":"https:\/\/api.w.org\/{rel}","templated":true}]}}