{"id":44507,"date":"2026-03-25T16:37:24","date_gmt":"2026-03-25T14:37:24","guid":{"rendered":"https:\/\/www.axiomams.eu\/produktas\/testo-174-t-temperaturas-datu-registrators-0572-1740-01"},"modified":"2026-03-25T16:37:24","modified_gmt":"2026-03-25T14:37:24","slug":"testo-174-t-temperaturas-datu-registrators-0572-1740-01","status":"publish","type":"product","link":"https:\/\/www.axiomams.eu\/lv\/produktas\/testo-174-t-temperaturas-datu-registrators-0572-1740-01","title":{"rendered":"Testo 174 T temperat\u016bras datu re\u0123istrators (0572 1740 01)"},"content":{"rendered":"<p>Testo 174 T mini temperat\u016bras datu re\u0123istrators ir izstr\u0101d\u0101ts, lai nodro\u0161in\u0101tu, ka netiek p\u0101rsniegtas temperat\u016bras robe\u017ev\u0113rt\u012bbas. Tas nodro\u0161ina uzticamu un nep\u0101rtrauktu temperat\u016bras uzraudz\u012bbu, pal\u012bdzot uz\u0146\u0113mumiem iev\u0113rot likumisk\u0101s pras\u012bbas un iek\u0161\u0113jos kvalit\u0101tes standartus. <\/p>\n<p>Uzticama temperat\u016bras uzraudz\u012bba un datu dro\u0161\u012bba<br \/>\ntesto 174 T sp\u0113j saglab\u0101t l\u012bdz pat 16 000 temperat\u016bras m\u0113r\u012bjumu, t\u0101d\u0113j\u0101di nodro\u0161inot ilgtermi\u0146a datu uzglab\u0101\u0161anu. Pat tad, ja baterija ir izl\u0101d\u0113jusies vai nomain\u012bta, iepriek\u0161 re\u0123istr\u0113tie dati paliek saglab\u0101ti, garant\u0113jot maksim\u0101lu datu dro\u0161\u012bbu. \u0160\u012b integr\u0113t\u0101 aizsardz\u012bba nodro\u0161ina nep\u0101rtrauktu piek\u013cuvi svar\u012bgiem datiem rev\u012bziju un p\u0101rbau\u017eu laik\u0101.  <\/p>\n<p>Lielais un skaidri salas\u0101mais ekr\u0101ns \u013cauj uzreiz redz\u0113t pa\u0161reiz\u0113jo temperat\u016bru. Tas ar\u012b skaidri par\u0101da, ja tiek p\u0101rsniegtas iestat\u012bt\u0101s robe\u017eas, t\u0101d\u0113j\u0101di \u013caujot nekav\u0113joties veikt korekt\u012bvus pas\u0101kumus. Ieb\u016bv\u0113tais NTC sensors nodro\u0161ina augstu m\u0113r\u012bjumu precizit\u0101ti un stabilu darb\u012bbu.  <\/p>\n<p>Pla\u0161s m\u0113r\u012bjumu diapazons un kompakts dizains<br \/>\nM\u0113r\u012bjumu diapazons no -30 l\u012bdz +70 \u00b0C \u013cauj testo 174 T izmantot da\u017e\u0101d\u0101s jom\u0101s. Kompaktais izm\u0113riem ier\u012bci var viegli izmantot gandr\u012bz jebkur\u0101 temperat\u016bras uzraudz\u012bbas vid\u0113: noliktav\u0101s, transporta konteineros, ledusskapjos vai sald\u0113tav\u0101s. <\/p>\n<p>Ier\u012bce darbojas uzticami pat temperat\u016br\u0101 l\u012bdz -30 \u00b0C, t\u0101p\u0113c t\u0101 ir ide\u0101li piem\u0113rota aukstuma \u0137\u0113des uzraudz\u012bbai un sald\u0113\u0161anas sist\u0113mu kontrolei.<\/p>\n<p>Iztur\u012bgs dizains ar IP65 aizsardz\u012bbu<br \/>\ntesto 174 T ir paredz\u0113ts darbam sare\u017e\u0123\u012btos apst\u0101k\u013cos \u2013 t\u0101 korpusam ir IP65 aizsardz\u012bbas klase, kas pasarg\u0101 no \u016bdens \u0161\u013cakat\u0101m un str\u016bk\u0101m. T\u0101d\u0113\u013c datu re\u0123istratoru var atst\u0101t sav\u0101 viet\u0101 pat noliktavas t\u012br\u012b\u0161anas laik\u0101, nerisk\u0113jot to saboj\u0101t. Iztur\u012bgais korpuss nodro\u0161ina uzticamu darb\u012bbu r\u016bpniecisk\u0101 vid\u0113.  <\/p>\n<p>Mini temperat\u016bras datu re\u0123istrators testo 174 T nodro\u0161ina prec\u012bzus m\u0113r\u012bjumus, dro\u0161u datu uzglab\u0101\u0161anu un ilgsto\u0161u aizsardz\u012bbu, t\u0101d\u0113\u013c tas ir uzticams risin\u0101jums profesion\u0101lai temperat\u016bras kontrolei regul\u0113jam\u0101s telp\u0101s.<\/p>\n<p>Komplekt\u0101cija: Testo 174 T datu re\u0123istrators, mont\u0101\u017eas r\u0101mis, baterijas, USB kabelis, test\u0113\u0161anas protokols.<\/p>\n<h3>Tehnisk\u0101 inform\u0101cija:<\/h3>\n<ul>\n<li><a href=\"https:\/\/axiomams.eu\/importer\/export\/attachments\/lt\/testo-174.pdf\" target=\"_blank\">testo 174.pdf<\/a><\/li>\n<\/ul>\n","protected":false},"excerpt":{"rendered":"<p>Testo 174 T mini temperat\u016bras datu re\u0123istrators ir izstr\u0101d\u0101ts, lai nodro\u0161in\u0101tu, ka netiek p\u0101rsniegtas temperat\u016bras robe\u017ev\u0113rt\u012bbas. Tas nodro\u0161ina uzticamu un nep\u0101rtrauktu temperat\u016bras uzraudz\u012bbu, pal\u012bdzot uz\u0146\u0113mumiem iev\u0113rot likumisk\u0101s pras\u012bbas un iek\u0161\u0113jos kvalit\u0101tes standartus. Uzticama temperat\u016bras uzraudz\u012bba un datu dro\u0161\u012bba testo 174 T sp\u0113j saglab\u0101t l\u012bdz pat 16 000 temperat\u016bras m\u0113r\u012bjumu, t\u0101d\u0113j\u0101di nodro\u0161inot ilgtermi\u0146a datu uzglab\u0101\u0161anu. Pat&#8230;<\/p>\n","protected":false},"featured_media":44436,"comment_status":"open","ping_status":"closed","template":"","meta":{"_acf_changed":false},"product_brand":[735],"product_cat":[17725],"product_tag":[],"class_list":{"0":"post-44507","1":"product","2":"type-product","3":"status-publish","4":"has-post-thumbnail","6":"product_brand-testo","7":"product_cat-datu-registretaji","9":"first","10":"instock","11":"taxable","12":"shipping-taxable","13":"purchasable","14":"product-type-simple"},"acf":[],"yoast_head":"<!-- This site is optimized with the Yoast SEO plugin v27.0 - https:\/\/yoast.com\/product\/yoast-seo-wordpress\/ -->\n<title>Testo 174 T temperat\u016bras datu re\u0123istrators (0572 1740 01) - AXIOMA MS<\/title>\n<meta name=\"robots\" content=\"index, follow, max-snippet:-1, max-image-preview:large, max-video-preview:-1\" \/>\n<link rel=\"canonical\" href=\"https:\/\/www.axiomams.eu\/lv\/produktas\/testo-174-t-temperaturas-datu-registrators-0572-1740-01\" \/>\n<meta property=\"og:locale\" content=\"lv_LV\" \/>\n<meta property=\"og:type\" content=\"article\" \/>\n<meta property=\"og:title\" content=\"Testo 174 T temperat\u016bras datu re\u0123istrators (0572 1740 01) - AXIOMA MS\" \/>\n<meta property=\"og:description\" content=\"Testo 174 T mini temperat\u016bras datu re\u0123istrators ir izstr\u0101d\u0101ts, lai nodro\u0161in\u0101tu, ka netiek p\u0101rsniegtas temperat\u016bras robe\u017ev\u0113rt\u012bbas. Tas nodro\u0161ina uzticamu un nep\u0101rtrauktu temperat\u016bras uzraudz\u012bbu, pal\u012bdzot uz\u0146\u0113mumiem iev\u0113rot likumisk\u0101s pras\u012bbas un iek\u0161\u0113jos kvalit\u0101tes standartus. Uzticama temperat\u016bras uzraudz\u012bba un datu dro\u0161\u012bba testo 174 T sp\u0113j saglab\u0101t l\u012bdz pat 16 000 temperat\u016bras m\u0113r\u012bjumu, t\u0101d\u0113j\u0101di nodro\u0161inot ilgtermi\u0146a datu uzglab\u0101\u0161anu. Pat...\" \/>\n<meta property=\"og:url\" content=\"https:\/\/www.axiomams.eu\/lv\/produktas\/testo-174-t-temperaturas-datu-registrators-0572-1740-01\" \/>\n<meta property=\"og:site_name\" content=\"AXIOMA MS\" \/>\n<meta property=\"article:publisher\" content=\"https:\/\/www.facebook.com\/AxiomaMS\" \/>\n<meta property=\"og:image\" content=\"https:\/\/www.axiomams.eu\/wp-content\/uploads\/2026\/03\/4723-6265.jpg\" \/>\n\t<meta property=\"og:image:width\" content=\"700\" \/>\n\t<meta property=\"og:image:height\" content=\"700\" \/>\n\t<meta property=\"og:image:type\" content=\"image\/jpeg\" \/>\n<meta name=\"twitter:card\" content=\"summary_large_image\" \/>\n<meta name=\"twitter:label1\" content=\"Est. reading time\" \/>\n\t<meta name=\"twitter:data1\" content=\"2 minutes\" \/>\n<script type=\"application\/ld+json\" class=\"yoast-schema-graph\">{\"@context\":\"https:\/\/schema.org\",\"@graph\":[{\"@type\":\"WebPage\",\"@id\":\"https:\/\/www.axiomams.eu\/lv\/produktas\/testo-174-t-temperaturas-datu-registrators-0572-1740-01\",\"url\":\"https:\/\/www.axiomams.eu\/lv\/produktas\/testo-174-t-temperaturas-datu-registrators-0572-1740-01\",\"name\":\"Testo 174 T temperat\u016bras datu re\u0123istrators (0572 1740 01) - AXIOMA MS\",\"isPartOf\":{\"@id\":\"https:\/\/www.axiomams.eu\/lv#website\"},\"primaryImageOfPage\":{\"@id\":\"https:\/\/www.axiomams.eu\/lv\/produktas\/testo-174-t-temperaturas-datu-registrators-0572-1740-01#primaryimage\"},\"image\":{\"@id\":\"https:\/\/www.axiomams.eu\/lv\/produktas\/testo-174-t-temperaturas-datu-registrators-0572-1740-01#primaryimage\"},\"thumbnailUrl\":\"https:\/\/www.axiomams.eu\/wp-content\/uploads\/2026\/03\/4723-6265.jpg\",\"datePublished\":\"2026-03-25T14:37:24+00:00\",\"breadcrumb\":{\"@id\":\"https:\/\/www.axiomams.eu\/lv\/produktas\/testo-174-t-temperaturas-datu-registrators-0572-1740-01#breadcrumb\"},\"inLanguage\":\"lv-LV\",\"potentialAction\":[{\"@type\":\"ReadAction\",\"target\":[\"https:\/\/www.axiomams.eu\/lv\/produktas\/testo-174-t-temperaturas-datu-registrators-0572-1740-01\"]}]},{\"@type\":\"ImageObject\",\"inLanguage\":\"lv-LV\",\"@id\":\"https:\/\/www.axiomams.eu\/lv\/produktas\/testo-174-t-temperaturas-datu-registrators-0572-1740-01#primaryimage\",\"url\":\"https:\/\/www.axiomams.eu\/wp-content\/uploads\/2026\/03\/4723-6265.jpg\",\"contentUrl\":\"https:\/\/www.axiomams.eu\/wp-content\/uploads\/2026\/03\/4723-6265.jpg\",\"width\":700,\"height\":700},{\"@type\":\"BreadcrumbList\",\"@id\":\"https:\/\/www.axiomams.eu\/lv\/produktas\/testo-174-t-temperaturas-datu-registrators-0572-1740-01#breadcrumb\",\"itemListElement\":[{\"@type\":\"ListItem\",\"position\":1,\"name\":\"Home\",\"item\":\"https:\/\/www.axiomams.eu\/lv\"},{\"@type\":\"ListItem\",\"position\":2,\"name\":\"Produkti\",\"item\":\"https:\/\/www.axiomams.eu\/lv\/produkti\"},{\"@type\":\"ListItem\",\"position\":3,\"name\":\"Testo 174 T temperat\u016bras datu re\u0123istrators (0572 1740 01)\"}]},{\"@type\":\"WebSite\",\"@id\":\"https:\/\/www.axiomams.eu\/lv#website\",\"url\":\"https:\/\/www.axiomams.eu\/lv\",\"name\":\"AXIOMA MS\",\"description\":\"\",\"publisher\":{\"@id\":\"https:\/\/www.axiomams.eu\/lv#organization\"},\"potentialAction\":[{\"@type\":\"SearchAction\",\"target\":{\"@type\":\"EntryPoint\",\"urlTemplate\":\"https:\/\/www.axiomams.eu\/lv?s={search_term_string}\"},\"query-input\":{\"@type\":\"PropertyValueSpecification\",\"valueRequired\":true,\"valueName\":\"search_term_string\"}}],\"inLanguage\":\"lv-LV\"},{\"@type\":\"Organization\",\"@id\":\"https:\/\/www.axiomams.eu\/lv#organization\",\"name\":\"AXIOMA MS\",\"url\":\"https:\/\/www.axiomams.eu\/lv\",\"logo\":{\"@type\":\"ImageObject\",\"inLanguage\":\"lv-LV\",\"@id\":\"https:\/\/www.axiomams.eu\/lv#\/schema\/logo\/image\/\",\"url\":\"https:\/\/www.axiomams.eu\/wp-content\/uploads\/2025\/06\/axioma-logo-2.png\",\"contentUrl\":\"https:\/\/www.axiomams.eu\/wp-content\/uploads\/2025\/06\/axioma-logo-2.png\",\"width\":1200,\"height\":1200,\"caption\":\"AXIOMA MS\"},\"image\":{\"@id\":\"https:\/\/www.axiomams.eu\/lv#\/schema\/logo\/image\/\"},\"sameAs\":[\"https:\/\/www.facebook.com\/AxiomaMS\",\"https:\/\/www.linkedin.com\/company\/axiomams\/\"]}]}<\/script>\n<!-- \/ Yoast SEO plugin. -->","yoast_head_json":{"title":"Testo 174 T temperat\u016bras datu re\u0123istrators (0572 1740 01) - AXIOMA MS","robots":{"index":"index","follow":"follow","max-snippet":"max-snippet:-1","max-image-preview":"max-image-preview:large","max-video-preview":"max-video-preview:-1"},"canonical":"https:\/\/www.axiomams.eu\/lv\/produktas\/testo-174-t-temperaturas-datu-registrators-0572-1740-01","og_locale":"lv_LV","og_type":"article","og_title":"Testo 174 T temperat\u016bras datu re\u0123istrators (0572 1740 01) - AXIOMA MS","og_description":"Testo 174 T mini temperat\u016bras datu re\u0123istrators ir izstr\u0101d\u0101ts, lai nodro\u0161in\u0101tu, ka netiek p\u0101rsniegtas temperat\u016bras robe\u017ev\u0113rt\u012bbas. Tas nodro\u0161ina uzticamu un nep\u0101rtrauktu temperat\u016bras uzraudz\u012bbu, pal\u012bdzot uz\u0146\u0113mumiem iev\u0113rot likumisk\u0101s pras\u012bbas un iek\u0161\u0113jos kvalit\u0101tes standartus. Uzticama temperat\u016bras uzraudz\u012bba un datu dro\u0161\u012bba testo 174 T sp\u0113j saglab\u0101t l\u012bdz pat 16 000 temperat\u016bras m\u0113r\u012bjumu, t\u0101d\u0113j\u0101di nodro\u0161inot ilgtermi\u0146a datu uzglab\u0101\u0161anu. Pat...","og_url":"https:\/\/www.axiomams.eu\/lv\/produktas\/testo-174-t-temperaturas-datu-registrators-0572-1740-01","og_site_name":"AXIOMA MS","article_publisher":"https:\/\/www.facebook.com\/AxiomaMS","og_image":[{"width":700,"height":700,"url":"https:\/\/www.axiomams.eu\/wp-content\/uploads\/2026\/03\/4723-6265.jpg","type":"image\/jpeg"}],"twitter_card":"summary_large_image","twitter_misc":{"Est. reading time":"2 minutes"},"schema":{"@context":"https:\/\/schema.org","@graph":[{"@type":"WebPage","@id":"https:\/\/www.axiomams.eu\/lv\/produktas\/testo-174-t-temperaturas-datu-registrators-0572-1740-01","url":"https:\/\/www.axiomams.eu\/lv\/produktas\/testo-174-t-temperaturas-datu-registrators-0572-1740-01","name":"Testo 174 T temperat\u016bras datu re\u0123istrators (0572 1740 01) - AXIOMA MS","isPartOf":{"@id":"https:\/\/www.axiomams.eu\/lv#website"},"primaryImageOfPage":{"@id":"https:\/\/www.axiomams.eu\/lv\/produktas\/testo-174-t-temperaturas-datu-registrators-0572-1740-01#primaryimage"},"image":{"@id":"https:\/\/www.axiomams.eu\/lv\/produktas\/testo-174-t-temperaturas-datu-registrators-0572-1740-01#primaryimage"},"thumbnailUrl":"https:\/\/www.axiomams.eu\/wp-content\/uploads\/2026\/03\/4723-6265.jpg","datePublished":"2026-03-25T14:37:24+00:00","breadcrumb":{"@id":"https:\/\/www.axiomams.eu\/lv\/produktas\/testo-174-t-temperaturas-datu-registrators-0572-1740-01#breadcrumb"},"inLanguage":"lv-LV","potentialAction":[{"@type":"ReadAction","target":["https:\/\/www.axiomams.eu\/lv\/produktas\/testo-174-t-temperaturas-datu-registrators-0572-1740-01"]}]},{"@type":"ImageObject","inLanguage":"lv-LV","@id":"https:\/\/www.axiomams.eu\/lv\/produktas\/testo-174-t-temperaturas-datu-registrators-0572-1740-01#primaryimage","url":"https:\/\/www.axiomams.eu\/wp-content\/uploads\/2026\/03\/4723-6265.jpg","contentUrl":"https:\/\/www.axiomams.eu\/wp-content\/uploads\/2026\/03\/4723-6265.jpg","width":700,"height":700},{"@type":"BreadcrumbList","@id":"https:\/\/www.axiomams.eu\/lv\/produktas\/testo-174-t-temperaturas-datu-registrators-0572-1740-01#breadcrumb","itemListElement":[{"@type":"ListItem","position":1,"name":"Home","item":"https:\/\/www.axiomams.eu\/lv"},{"@type":"ListItem","position":2,"name":"Produkti","item":"https:\/\/www.axiomams.eu\/lv\/produkti"},{"@type":"ListItem","position":3,"name":"Testo 174 T temperat\u016bras datu re\u0123istrators (0572 1740 01)"}]},{"@type":"WebSite","@id":"https:\/\/www.axiomams.eu\/lv#website","url":"https:\/\/www.axiomams.eu\/lv","name":"AXIOMA MS","description":"","publisher":{"@id":"https:\/\/www.axiomams.eu\/lv#organization"},"potentialAction":[{"@type":"SearchAction","target":{"@type":"EntryPoint","urlTemplate":"https:\/\/www.axiomams.eu\/lv?s={search_term_string}"},"query-input":{"@type":"PropertyValueSpecification","valueRequired":true,"valueName":"search_term_string"}}],"inLanguage":"lv-LV"},{"@type":"Organization","@id":"https:\/\/www.axiomams.eu\/lv#organization","name":"AXIOMA MS","url":"https:\/\/www.axiomams.eu\/lv","logo":{"@type":"ImageObject","inLanguage":"lv-LV","@id":"https:\/\/www.axiomams.eu\/lv#\/schema\/logo\/image\/","url":"https:\/\/www.axiomams.eu\/wp-content\/uploads\/2025\/06\/axioma-logo-2.png","contentUrl":"https:\/\/www.axiomams.eu\/wp-content\/uploads\/2025\/06\/axioma-logo-2.png","width":1200,"height":1200,"caption":"AXIOMA MS"},"image":{"@id":"https:\/\/www.axiomams.eu\/lv#\/schema\/logo\/image\/"},"sameAs":["https:\/\/www.facebook.com\/AxiomaMS","https:\/\/www.linkedin.com\/company\/axiomams\/"]}]}},"_links":{"self":[{"href":"https:\/\/www.axiomams.eu\/lv\/wp-json\/wp\/v2\/product\/44507","targetHints":{"allow":["GET"]}}],"collection":[{"href":"https:\/\/www.axiomams.eu\/lv\/wp-json\/wp\/v2\/product"}],"about":[{"href":"https:\/\/www.axiomams.eu\/lv\/wp-json\/wp\/v2\/types\/product"}],"replies":[{"embeddable":true,"href":"https:\/\/www.axiomams.eu\/lv\/wp-json\/wp\/v2\/comments?post=44507"}],"wp:featuredmedia":[{"embeddable":true,"href":"https:\/\/www.axiomams.eu\/lv\/wp-json\/wp\/v2\/media\/44436"}],"wp:attachment":[{"href":"https:\/\/www.axiomams.eu\/lv\/wp-json\/wp\/v2\/media?parent=44507"}],"wp:term":[{"taxonomy":"product_brand","embeddable":true,"href":"https:\/\/www.axiomams.eu\/lv\/wp-json\/wp\/v2\/product_brand?post=44507"},{"taxonomy":"product_cat","embeddable":true,"href":"https:\/\/www.axiomams.eu\/lv\/wp-json\/wp\/v2\/product_cat?post=44507"},{"taxonomy":"product_tag","embeddable":true,"href":"https:\/\/www.axiomams.eu\/lv\/wp-json\/wp\/v2\/product_tag?post=44507"}],"curies":[{"name":"wp","href":"https:\/\/api.w.org\/{rel}","templated":true}]}}