{"id":44512,"date":"2026-03-25T16:37:23","date_gmt":"2026-03-25T14:37:23","guid":{"rendered":"https:\/\/www.axiomams.eu\/produktas\/testo-174-h-bt-temperaturas-un-mitruma-datu-registrators-0572-1743-01"},"modified":"2026-04-15T01:00:44","modified_gmt":"2026-04-14T23:00:44","slug":"testo-174-h-bt-temperaturas-un-mitruma-datu-registrators-0572-1743-01","status":"publish","type":"product","link":"https:\/\/www.axiomams.eu\/lv\/produktas\/testo-174-h-bt-temperaturas-un-mitruma-datu-registrators-0572-1743-01","title":{"rendered":"Testo 174 H BT temperat\u016bros ir dr\u0117gm\u0117s duomen\u0173 kaupiklis (0572 1743 01)"},"content":{"rendered":"<p>testo 174 H BT mini temperat\u016bros ir dr\u0117gmes duomen\u0173 kaupiklis sukurtas u\u017etikrinti, kad temperat\u016bros ir dr\u0117gm\u0117s ribos neb\u016bt\u0173 vir\u0161ijamos. Jis u\u017etikrina patikim\u0105 ir nuolatin\u012f temperat\u016bros ir dr\u0117gm\u0117s steb\u0117jim\u0105, padedant\u012f \u012fmon\u0117ms laikytis teisini\u0173 reikalavim\u0173 ir vidini\u0173 kokyb\u0117s standart\u0173.<\/p>\n<p><b>Patikimas temperat\u016bros ir dr\u0117gm\u0117s steb\u0117jimas ir duomen\u0173 saugumas<\/b><br \/>\ntesto 174 H BT gali i\u0161saugoti iki 16 000 temperat\u016bros ir dr\u0117gm\u0117s matavim\u0173, tod\u0117l u\u017etikrinamas ilgalaikis duomen\u0173 saugojimas. Net ir i\u0161sikrovus ar pakeitus baterij\u0105, anks\u010diau u\u017efiksuoti duomenys i\u0161lieka, taip garantuojant maksimal\u0173 duomen\u0173 saugum\u0105. \u0160i integruota apsauga u\u017etikrina nuolatin\u0119 prieig\u0105 prie svarbi\u0173 duomen\u0173 audit\u0173 ir patikrinim\u0173 metu.<\/p>\n<p>Didelis ir ai\u0161kiai \u012fskaitomas ekranas leid\u017eia akimirksniu matyti esam\u0105 temperat\u016br\u0105. Jis taip pat ai\u0161kiai parodo, jei vir\u0161ijamos nustatytos ribos, tod\u0117l galima nedelsiant imtis korekcini\u0173 veiksm\u0173. Integruotas NTC jutiklis u\u017etikrina auk\u0161t\u0105 matavimo tikslum\u0105 ir nuosekl\u0173 veikim\u0105.<\/p>\n<p><b>Platus matavimo diapazonas ir kompakti\u0161kas dizainas<\/b><br \/>\nMatavimo diapazonas nuo -30 iki +70 \u00b0C ir nuo 0 % iki 100 %RH leid\u017eia testo 174 H BT pritaikyti \u012fvairiose srityse. Kompakti\u0161kas dizainas leid\u017eia prietais\u0105 lengvai naudoti beveik bet kurioje temperat\u016bros ir dr\u0117gm\u0117s steb\u0117jimo aplinkoje: sand\u0117liuose, transportavimo konteineriuose, \u0161aldytuvuose ar \u0161aldymo kamerose.<\/p>\n<p>Prietaisas patikimai veikia net iki -30 \u00b0C, tod\u0117l puikiai tinka \u0161altosios grandin\u0117s steb\u0117jimui ir \u0161aldymo sistem\u0173 kontrolei.<\/p>\n<p><b>Tvirtas dizainas su IP65 apsauga<\/b><br \/>\ntesto 174 H BT sukurtas darbui sud\u0117tingomis s\u0105lygomis \u2013 jo korpusas turi IP65 apsaugos klas\u0119, apsaugan\u010di\u0105 nuo vandens pursl\u0173 ir srovi\u0173. D\u0117l to duomen\u0173 kaupiklis gali likti savo vietoje net sand\u0117lio valymo metu, be pa\u017eeidimo rizikos. Tvirtas korpusas u\u017etikrina patikim\u0105 veikim\u0105 pramonin\u0117je aplinkoje.<\/p>\n<p>mini temperat\u016bros ir dr\u0117gm\u0117s duomen\u0173 kaupiklis testo 174 H BT u\u017etikrina tiksl\u0173 matavim\u0105, saug\u0173 duomen\u0173 saugojim\u0105 ir patvari\u0105 apsaug\u0105, tod\u0117l yra patikimas sprendimas profesionaliai temperat\u016bros ir dr\u0117gm\u0117s kontrolei reguliuojamose srityse.<\/p>\n<p>Komplektacija: testo 174 H BT duomen\u0173 kaupiklis, montavimo r\u0117melis, baterijos, testavimo protokolas.<\/p>\n<h3>Technin\u0117 informacija:<\/h3>\n<ul>\n<li><a href=\"https:\/\/axiomams.eu\/importer\/export\/attachments\/lt\/testo-174.pdf\" target=\"_blank\">testo 174.pdf<\/a><\/li>\n<\/ul>\n","protected":false},"excerpt":{"rendered":"<p>testo 174 H BT mini temperat\u016bros ir dr\u0117gmes duomen\u0173 kaupiklis sukurtas u\u017etikrinti, kad temperat\u016bros ir dr\u0117gm\u0117s ribos neb\u016bt\u0173 vir\u0161ijamos. Jis u\u017etikrina patikim\u0105 ir nuolatin\u012f temperat\u016bros ir dr\u0117gm\u0117s steb\u0117jim\u0105, padedant\u012f \u012fmon\u0117ms laikytis teisini\u0173 reikalavim\u0173 ir vidini\u0173 kokyb\u0117s standart\u0173. Patikimas temperat\u016bros ir dr\u0117gm\u0117s steb\u0117jimas ir duomen\u0173 saugumas testo 174 H BT gali i\u0161saugoti iki 16 000 temperat\u016bros&#8230;<\/p>\n","protected":false},"featured_media":44431,"comment_status":"open","ping_status":"closed","template":"","meta":{"_acf_changed":false},"product_brand":[735],"product_cat":[17725],"product_tag":[],"class_list":{"0":"post-44512","1":"product","2":"type-product","3":"status-publish","4":"has-post-thumbnail","6":"product_brand-testo","7":"product_cat-datu-registretaji","9":"first","10":"instock","11":"taxable","12":"shipping-taxable","13":"purchasable","14":"product-type-simple"},"acf":[],"yoast_head":"<!-- This site is optimized with the Yoast SEO plugin v27.0 - https:\/\/yoast.com\/product\/yoast-seo-wordpress\/ -->\n<title>Testo 174 H BT temperat\u016bros ir dr\u0117gm\u0117s duomen\u0173 kaupiklis (0572 1743 01) - AXIOMA MS<\/title>\n<meta name=\"robots\" content=\"index, follow, max-snippet:-1, max-image-preview:large, max-video-preview:-1\" \/>\n<link rel=\"canonical\" href=\"https:\/\/www.axiomams.eu\/lv\/produktas\/testo-174-h-bt-temperaturas-un-mitruma-datu-registrators-0572-1743-01\" \/>\n<meta property=\"og:locale\" content=\"lv_LV\" \/>\n<meta property=\"og:type\" content=\"article\" \/>\n<meta property=\"og:title\" content=\"Testo 174 H BT temperat\u016bros ir dr\u0117gm\u0117s duomen\u0173 kaupiklis (0572 1743 01) - AXIOMA MS\" \/>\n<meta property=\"og:description\" content=\"testo 174 H BT mini temperat\u016bros ir dr\u0117gmes duomen\u0173 kaupiklis sukurtas u\u017etikrinti, kad temperat\u016bros ir dr\u0117gm\u0117s ribos neb\u016bt\u0173 vir\u0161ijamos. Jis u\u017etikrina patikim\u0105 ir nuolatin\u012f temperat\u016bros ir dr\u0117gm\u0117s steb\u0117jim\u0105, padedant\u012f \u012fmon\u0117ms laikytis teisini\u0173 reikalavim\u0173 ir vidini\u0173 kokyb\u0117s standart\u0173. Patikimas temperat\u016bros ir dr\u0117gm\u0117s steb\u0117jimas ir duomen\u0173 saugumas testo 174 H BT gali i\u0161saugoti iki 16 000 temperat\u016bros...\" \/>\n<meta property=\"og:url\" content=\"https:\/\/www.axiomams.eu\/lv\/produktas\/testo-174-h-bt-temperaturas-un-mitruma-datu-registrators-0572-1743-01\" \/>\n<meta property=\"og:site_name\" content=\"AXIOMA MS\" \/>\n<meta property=\"article:publisher\" content=\"https:\/\/www.facebook.com\/AxiomaMS\" \/>\n<meta property=\"article:modified_time\" content=\"2026-04-14T23:00:44+00:00\" \/>\n<meta property=\"og:image\" content=\"https:\/\/www.axiomams.eu\/wp-content\/uploads\/2026\/03\/4724-6270.jpg\" \/>\n\t<meta property=\"og:image:width\" content=\"700\" \/>\n\t<meta property=\"og:image:height\" content=\"700\" \/>\n\t<meta property=\"og:image:type\" content=\"image\/jpeg\" \/>\n<meta name=\"twitter:card\" content=\"summary_large_image\" \/>\n<meta name=\"twitter:label1\" content=\"Est. reading time\" \/>\n\t<meta name=\"twitter:data1\" content=\"2 minutes\" \/>\n<script type=\"application\/ld+json\" class=\"yoast-schema-graph\">{\"@context\":\"https:\/\/schema.org\",\"@graph\":[{\"@type\":\"WebPage\",\"@id\":\"https:\/\/www.axiomams.eu\/lv\/produktas\/testo-174-h-bt-temperaturas-un-mitruma-datu-registrators-0572-1743-01\",\"url\":\"https:\/\/www.axiomams.eu\/lv\/produktas\/testo-174-h-bt-temperaturas-un-mitruma-datu-registrators-0572-1743-01\",\"name\":\"Testo 174 H BT temperat\u016bros ir dr\u0117gm\u0117s duomen\u0173 kaupiklis (0572 1743 01) - AXIOMA MS\",\"isPartOf\":{\"@id\":\"https:\/\/www.axiomams.eu\/lv#website\"},\"primaryImageOfPage\":{\"@id\":\"https:\/\/www.axiomams.eu\/lv\/produktas\/testo-174-h-bt-temperaturas-un-mitruma-datu-registrators-0572-1743-01#primaryimage\"},\"image\":{\"@id\":\"https:\/\/www.axiomams.eu\/lv\/produktas\/testo-174-h-bt-temperaturas-un-mitruma-datu-registrators-0572-1743-01#primaryimage\"},\"thumbnailUrl\":\"https:\/\/www.axiomams.eu\/wp-content\/uploads\/2026\/03\/4724-6270.jpg\",\"datePublished\":\"2026-03-25T14:37:23+00:00\",\"dateModified\":\"2026-04-14T23:00:44+00:00\",\"breadcrumb\":{\"@id\":\"https:\/\/www.axiomams.eu\/lv\/produktas\/testo-174-h-bt-temperaturas-un-mitruma-datu-registrators-0572-1743-01#breadcrumb\"},\"inLanguage\":\"lv-LV\",\"potentialAction\":[{\"@type\":\"ReadAction\",\"target\":[\"https:\/\/www.axiomams.eu\/lv\/produktas\/testo-174-h-bt-temperaturas-un-mitruma-datu-registrators-0572-1743-01\"]}]},{\"@type\":\"ImageObject\",\"inLanguage\":\"lv-LV\",\"@id\":\"https:\/\/www.axiomams.eu\/lv\/produktas\/testo-174-h-bt-temperaturas-un-mitruma-datu-registrators-0572-1743-01#primaryimage\",\"url\":\"https:\/\/www.axiomams.eu\/wp-content\/uploads\/2026\/03\/4724-6270.jpg\",\"contentUrl\":\"https:\/\/www.axiomams.eu\/wp-content\/uploads\/2026\/03\/4724-6270.jpg\",\"width\":700,\"height\":700},{\"@type\":\"BreadcrumbList\",\"@id\":\"https:\/\/www.axiomams.eu\/lv\/produktas\/testo-174-h-bt-temperaturas-un-mitruma-datu-registrators-0572-1743-01#breadcrumb\",\"itemListElement\":[{\"@type\":\"ListItem\",\"position\":1,\"name\":\"Home\",\"item\":\"https:\/\/www.axiomams.eu\/lv\"},{\"@type\":\"ListItem\",\"position\":2,\"name\":\"Produkti\",\"item\":\"https:\/\/www.axiomams.eu\/lv\/produkti\"},{\"@type\":\"ListItem\",\"position\":3,\"name\":\"Testo 174 H BT temperat\u016bros ir dr\u0117gm\u0117s duomen\u0173 kaupiklis (0572 1743 01)\"}]},{\"@type\":\"WebSite\",\"@id\":\"https:\/\/www.axiomams.eu\/lv#website\",\"url\":\"https:\/\/www.axiomams.eu\/lv\",\"name\":\"AXIOMA MS\",\"description\":\"\",\"publisher\":{\"@id\":\"https:\/\/www.axiomams.eu\/lv#organization\"},\"potentialAction\":[{\"@type\":\"SearchAction\",\"target\":{\"@type\":\"EntryPoint\",\"urlTemplate\":\"https:\/\/www.axiomams.eu\/lv?s={search_term_string}\"},\"query-input\":{\"@type\":\"PropertyValueSpecification\",\"valueRequired\":true,\"valueName\":\"search_term_string\"}}],\"inLanguage\":\"lv-LV\"},{\"@type\":\"Organization\",\"@id\":\"https:\/\/www.axiomams.eu\/lv#organization\",\"name\":\"AXIOMA MS\",\"url\":\"https:\/\/www.axiomams.eu\/lv\",\"logo\":{\"@type\":\"ImageObject\",\"inLanguage\":\"lv-LV\",\"@id\":\"https:\/\/www.axiomams.eu\/lv#\/schema\/logo\/image\/\",\"url\":\"https:\/\/www.axiomams.eu\/wp-content\/uploads\/2025\/06\/axioma-logo-2.png\",\"contentUrl\":\"https:\/\/www.axiomams.eu\/wp-content\/uploads\/2025\/06\/axioma-logo-2.png\",\"width\":1200,\"height\":1200,\"caption\":\"AXIOMA MS\"},\"image\":{\"@id\":\"https:\/\/www.axiomams.eu\/lv#\/schema\/logo\/image\/\"},\"sameAs\":[\"https:\/\/www.facebook.com\/AxiomaMS\",\"https:\/\/www.linkedin.com\/company\/axiomams\/\"]}]}<\/script>\n<!-- \/ Yoast SEO plugin. -->","yoast_head_json":{"title":"Testo 174 H BT temperat\u016bros ir dr\u0117gm\u0117s duomen\u0173 kaupiklis (0572 1743 01) - AXIOMA MS","robots":{"index":"index","follow":"follow","max-snippet":"max-snippet:-1","max-image-preview":"max-image-preview:large","max-video-preview":"max-video-preview:-1"},"canonical":"https:\/\/www.axiomams.eu\/lv\/produktas\/testo-174-h-bt-temperaturas-un-mitruma-datu-registrators-0572-1743-01","og_locale":"lv_LV","og_type":"article","og_title":"Testo 174 H BT temperat\u016bros ir dr\u0117gm\u0117s duomen\u0173 kaupiklis (0572 1743 01) - AXIOMA MS","og_description":"testo 174 H BT mini temperat\u016bros ir dr\u0117gmes duomen\u0173 kaupiklis sukurtas u\u017etikrinti, kad temperat\u016bros ir dr\u0117gm\u0117s ribos neb\u016bt\u0173 vir\u0161ijamos. Jis u\u017etikrina patikim\u0105 ir nuolatin\u012f temperat\u016bros ir dr\u0117gm\u0117s steb\u0117jim\u0105, padedant\u012f \u012fmon\u0117ms laikytis teisini\u0173 reikalavim\u0173 ir vidini\u0173 kokyb\u0117s standart\u0173. Patikimas temperat\u016bros ir dr\u0117gm\u0117s steb\u0117jimas ir duomen\u0173 saugumas testo 174 H BT gali i\u0161saugoti iki 16 000 temperat\u016bros...","og_url":"https:\/\/www.axiomams.eu\/lv\/produktas\/testo-174-h-bt-temperaturas-un-mitruma-datu-registrators-0572-1743-01","og_site_name":"AXIOMA MS","article_publisher":"https:\/\/www.facebook.com\/AxiomaMS","article_modified_time":"2026-04-14T23:00:44+00:00","og_image":[{"width":700,"height":700,"url":"https:\/\/www.axiomams.eu\/wp-content\/uploads\/2026\/03\/4724-6270.jpg","type":"image\/jpeg"}],"twitter_card":"summary_large_image","twitter_misc":{"Est. reading time":"2 minutes"},"schema":{"@context":"https:\/\/schema.org","@graph":[{"@type":"WebPage","@id":"https:\/\/www.axiomams.eu\/lv\/produktas\/testo-174-h-bt-temperaturas-un-mitruma-datu-registrators-0572-1743-01","url":"https:\/\/www.axiomams.eu\/lv\/produktas\/testo-174-h-bt-temperaturas-un-mitruma-datu-registrators-0572-1743-01","name":"Testo 174 H BT temperat\u016bros ir dr\u0117gm\u0117s duomen\u0173 kaupiklis (0572 1743 01) - AXIOMA MS","isPartOf":{"@id":"https:\/\/www.axiomams.eu\/lv#website"},"primaryImageOfPage":{"@id":"https:\/\/www.axiomams.eu\/lv\/produktas\/testo-174-h-bt-temperaturas-un-mitruma-datu-registrators-0572-1743-01#primaryimage"},"image":{"@id":"https:\/\/www.axiomams.eu\/lv\/produktas\/testo-174-h-bt-temperaturas-un-mitruma-datu-registrators-0572-1743-01#primaryimage"},"thumbnailUrl":"https:\/\/www.axiomams.eu\/wp-content\/uploads\/2026\/03\/4724-6270.jpg","datePublished":"2026-03-25T14:37:23+00:00","dateModified":"2026-04-14T23:00:44+00:00","breadcrumb":{"@id":"https:\/\/www.axiomams.eu\/lv\/produktas\/testo-174-h-bt-temperaturas-un-mitruma-datu-registrators-0572-1743-01#breadcrumb"},"inLanguage":"lv-LV","potentialAction":[{"@type":"ReadAction","target":["https:\/\/www.axiomams.eu\/lv\/produktas\/testo-174-h-bt-temperaturas-un-mitruma-datu-registrators-0572-1743-01"]}]},{"@type":"ImageObject","inLanguage":"lv-LV","@id":"https:\/\/www.axiomams.eu\/lv\/produktas\/testo-174-h-bt-temperaturas-un-mitruma-datu-registrators-0572-1743-01#primaryimage","url":"https:\/\/www.axiomams.eu\/wp-content\/uploads\/2026\/03\/4724-6270.jpg","contentUrl":"https:\/\/www.axiomams.eu\/wp-content\/uploads\/2026\/03\/4724-6270.jpg","width":700,"height":700},{"@type":"BreadcrumbList","@id":"https:\/\/www.axiomams.eu\/lv\/produktas\/testo-174-h-bt-temperaturas-un-mitruma-datu-registrators-0572-1743-01#breadcrumb","itemListElement":[{"@type":"ListItem","position":1,"name":"Home","item":"https:\/\/www.axiomams.eu\/lv"},{"@type":"ListItem","position":2,"name":"Produkti","item":"https:\/\/www.axiomams.eu\/lv\/produkti"},{"@type":"ListItem","position":3,"name":"Testo 174 H BT temperat\u016bros ir dr\u0117gm\u0117s duomen\u0173 kaupiklis (0572 1743 01)"}]},{"@type":"WebSite","@id":"https:\/\/www.axiomams.eu\/lv#website","url":"https:\/\/www.axiomams.eu\/lv","name":"AXIOMA MS","description":"","publisher":{"@id":"https:\/\/www.axiomams.eu\/lv#organization"},"potentialAction":[{"@type":"SearchAction","target":{"@type":"EntryPoint","urlTemplate":"https:\/\/www.axiomams.eu\/lv?s={search_term_string}"},"query-input":{"@type":"PropertyValueSpecification","valueRequired":true,"valueName":"search_term_string"}}],"inLanguage":"lv-LV"},{"@type":"Organization","@id":"https:\/\/www.axiomams.eu\/lv#organization","name":"AXIOMA MS","url":"https:\/\/www.axiomams.eu\/lv","logo":{"@type":"ImageObject","inLanguage":"lv-LV","@id":"https:\/\/www.axiomams.eu\/lv#\/schema\/logo\/image\/","url":"https:\/\/www.axiomams.eu\/wp-content\/uploads\/2025\/06\/axioma-logo-2.png","contentUrl":"https:\/\/www.axiomams.eu\/wp-content\/uploads\/2025\/06\/axioma-logo-2.png","width":1200,"height":1200,"caption":"AXIOMA MS"},"image":{"@id":"https:\/\/www.axiomams.eu\/lv#\/schema\/logo\/image\/"},"sameAs":["https:\/\/www.facebook.com\/AxiomaMS","https:\/\/www.linkedin.com\/company\/axiomams\/"]}]}},"_links":{"self":[{"href":"https:\/\/www.axiomams.eu\/lv\/wp-json\/wp\/v2\/product\/44512","targetHints":{"allow":["GET"]}}],"collection":[{"href":"https:\/\/www.axiomams.eu\/lv\/wp-json\/wp\/v2\/product"}],"about":[{"href":"https:\/\/www.axiomams.eu\/lv\/wp-json\/wp\/v2\/types\/product"}],"replies":[{"embeddable":true,"href":"https:\/\/www.axiomams.eu\/lv\/wp-json\/wp\/v2\/comments?post=44512"}],"wp:featuredmedia":[{"embeddable":true,"href":"https:\/\/www.axiomams.eu\/lv\/wp-json\/wp\/v2\/media\/44431"}],"wp:attachment":[{"href":"https:\/\/www.axiomams.eu\/lv\/wp-json\/wp\/v2\/media?parent=44512"}],"wp:term":[{"taxonomy":"product_brand","embeddable":true,"href":"https:\/\/www.axiomams.eu\/lv\/wp-json\/wp\/v2\/product_brand?post=44512"},{"taxonomy":"product_cat","embeddable":true,"href":"https:\/\/www.axiomams.eu\/lv\/wp-json\/wp\/v2\/product_cat?post=44512"},{"taxonomy":"product_tag","embeddable":true,"href":"https:\/\/www.axiomams.eu\/lv\/wp-json\/wp\/v2\/product_tag?post=44512"}],"curies":[{"name":"wp","href":"https:\/\/api.w.org\/{rel}","templated":true}]}}