{"id":44523,"date":"2025-12-23T01:00:27","date_gmt":"2025-12-22T23:00:27","guid":{"rendered":"https:\/\/www.axiomams.eu\/produktas\/elcometer-456-a456cfnfsi1-parklajuma-biezuma-meritajs"},"modified":"2025-12-23T01:00:27","modified_gmt":"2025-12-22T23:00:27","slug":"elcometer-456-a456cfnfsi1-parklajuma-biezuma-meritajs","status":"publish","type":"product","link":"https:\/\/www.axiomams.eu\/lv\/produktas\/elcometer-456-a456cfnfsi1-parklajuma-biezuma-meritajs","title":{"rendered":"Elcometer 456 \u2013 A456CFNFSI1 p\u0101rkl\u0101juma biezuma m\u0113r\u012bt\u0101js"},"content":{"rendered":"<p>Elcometer 456 \u2013 p\u0101rkl\u0101juma biezuma m\u0113r\u012bt\u0101js. \u0160is prec\u012bzais un uzticamais m\u0113r\u012bt\u0101js ir piem\u0113rots darbam nelabv\u0113l\u012bgos iek\u0161telpu un \u0101ra apst\u0101k\u013cos, un, pateicoties main\u0101miem sensoriem, Elcometer 456 var piel\u0101got katra lietot\u0101ja individu\u0101laj\u0101m vajadz\u012bb\u0101m. Izm\u0113r\u012btos v\u0113rt\u012bbas varat p\u0101rs\u016bt\u012bt uz viedier\u012bci, izmantojot Bluetooth savienojumu, vai uz datoru, izmantojot USB kabeli.  <\/p>\n<p>Komplekt\u0101cija: Elcometer A456CFNFSI1, kalibr\u0113\u0161anas komplekts, siksna n\u0113s\u0101\u0161anai uz plaukstas, aizsargapvalks, aizsargv\u0101ks, baterijas, lieto\u0161anas instrukcija, USB kabelis, ElcoMaster programmat\u016bra.<\/p>\n<h3>Tehnisk\u0101 inform\u0101cija:<\/h3>\n<ul>\n<li><a href=\"https:\/\/axiomams.eu\/importer\/export\/attachments\/lt\/elcometer-456.pdf\" target=\"_blank\">Elcometer 456.pdf<\/a><\/li>\n<\/ul>\n","protected":false},"excerpt":{"rendered":"<p>Elcometer 456 \u2013 p\u0101rkl\u0101juma biezuma m\u0113r\u012bt\u0101js. \u0160is prec\u012bzais un uzticamais m\u0113r\u012bt\u0101js ir piem\u0113rots darbam nelabv\u0113l\u012bgos iek\u0161telpu un \u0101ra apst\u0101k\u013cos, un, pateicoties main\u0101miem sensoriem, Elcometer 456 var piel\u0101got katra lietot\u0101ja individu\u0101laj\u0101m vajadz\u012bb\u0101m. Izm\u0113r\u012btos v\u0113rt\u012bbas varat p\u0101rs\u016bt\u012bt uz viedier\u012bci, izmantojot Bluetooth savienojumu, vai uz datoru, izmantojot USB kabeli. Komplekt\u0101cija: Elcometer A456CFNFSI1, kalibr\u0113\u0161anas komplekts, siksna n\u0113s\u0101\u0161anai uz plaukstas,&#8230;<\/p>\n","protected":false},"featured_media":43507,"comment_status":"open","ping_status":"closed","template":"","meta":{"_acf_changed":false},"product_brand":[1120],"product_cat":[17748],"product_tag":[],"class_list":{"0":"post-44523","1":"product","2":"type-product","3":"status-publish","4":"has-post-thumbnail","6":"product_brand-elcometer","7":"product_cat-parklajuma-un-sienas-biezuma-merisanai","9":"first","10":"instock","11":"taxable","12":"shipping-taxable","13":"purchasable","14":"product-type-simple"},"acf":[],"yoast_head":"<!-- This site is optimized with the Yoast SEO plugin v27.0 - https:\/\/yoast.com\/product\/yoast-seo-wordpress\/ -->\n<title>Elcometer 456 \u2013 A456CFNFSI1 p\u0101rkl\u0101juma biezuma m\u0113r\u012bt\u0101js - AXIOMA MS<\/title>\n<meta name=\"robots\" content=\"index, follow, max-snippet:-1, max-image-preview:large, max-video-preview:-1\" \/>\n<link rel=\"canonical\" href=\"https:\/\/www.axiomams.eu\/lv\/produktas\/elcometer-456-a456cfnfsi1-parklajuma-biezuma-meritajs\" \/>\n<meta property=\"og:locale\" content=\"lv_LV\" \/>\n<meta property=\"og:type\" content=\"article\" \/>\n<meta property=\"og:title\" content=\"Elcometer 456 \u2013 A456CFNFSI1 p\u0101rkl\u0101juma biezuma m\u0113r\u012bt\u0101js - AXIOMA MS\" \/>\n<meta property=\"og:description\" content=\"Elcometer 456 \u2013 p\u0101rkl\u0101juma biezuma m\u0113r\u012bt\u0101js. \u0160is prec\u012bzais un uzticamais m\u0113r\u012bt\u0101js ir piem\u0113rots darbam nelabv\u0113l\u012bgos iek\u0161telpu un \u0101ra apst\u0101k\u013cos, un, pateicoties main\u0101miem sensoriem, Elcometer 456 var piel\u0101got katra lietot\u0101ja individu\u0101laj\u0101m vajadz\u012bb\u0101m. Izm\u0113r\u012btos v\u0113rt\u012bbas varat p\u0101rs\u016bt\u012bt uz viedier\u012bci, izmantojot Bluetooth savienojumu, vai uz datoru, izmantojot USB kabeli. Komplekt\u0101cija: Elcometer A456CFNFSI1, kalibr\u0113\u0161anas komplekts, siksna n\u0113s\u0101\u0161anai uz plaukstas,...\" \/>\n<meta property=\"og:url\" content=\"https:\/\/www.axiomams.eu\/lv\/produktas\/elcometer-456-a456cfnfsi1-parklajuma-biezuma-meritajs\" \/>\n<meta property=\"og:site_name\" content=\"AXIOMA MS\" \/>\n<meta property=\"article:publisher\" content=\"https:\/\/www.facebook.com\/AxiomaMS\" \/>\n<meta property=\"og:image\" content=\"https:\/\/www.axiomams.eu\/wp-content\/uploads\/2025\/12\/3556-4831.jpg\" \/>\n\t<meta property=\"og:image:width\" content=\"1000\" \/>\n\t<meta property=\"og:image:height\" content=\"909\" \/>\n\t<meta property=\"og:image:type\" content=\"image\/jpeg\" \/>\n<meta name=\"twitter:card\" content=\"summary_large_image\" \/>\n<meta name=\"twitter:label1\" content=\"Est. reading time\" \/>\n\t<meta name=\"twitter:data1\" content=\"1 minute\" \/>\n<script type=\"application\/ld+json\" class=\"yoast-schema-graph\">{\"@context\":\"https:\/\/schema.org\",\"@graph\":[{\"@type\":\"WebPage\",\"@id\":\"https:\/\/www.axiomams.eu\/lv\/produktas\/elcometer-456-a456cfnfsi1-parklajuma-biezuma-meritajs\",\"url\":\"https:\/\/www.axiomams.eu\/lv\/produktas\/elcometer-456-a456cfnfsi1-parklajuma-biezuma-meritajs\",\"name\":\"Elcometer 456 \u2013 A456CFNFSI1 p\u0101rkl\u0101juma biezuma m\u0113r\u012bt\u0101js - AXIOMA MS\",\"isPartOf\":{\"@id\":\"https:\/\/www.axiomams.eu\/lv#website\"},\"primaryImageOfPage\":{\"@id\":\"https:\/\/www.axiomams.eu\/lv\/produktas\/elcometer-456-a456cfnfsi1-parklajuma-biezuma-meritajs#primaryimage\"},\"image\":{\"@id\":\"https:\/\/www.axiomams.eu\/lv\/produktas\/elcometer-456-a456cfnfsi1-parklajuma-biezuma-meritajs#primaryimage\"},\"thumbnailUrl\":\"https:\/\/www.axiomams.eu\/wp-content\/uploads\/2025\/12\/3556-4831.jpg\",\"datePublished\":\"2025-12-22T23:00:27+00:00\",\"breadcrumb\":{\"@id\":\"https:\/\/www.axiomams.eu\/lv\/produktas\/elcometer-456-a456cfnfsi1-parklajuma-biezuma-meritajs#breadcrumb\"},\"inLanguage\":\"lv-LV\",\"potentialAction\":[{\"@type\":\"ReadAction\",\"target\":[\"https:\/\/www.axiomams.eu\/lv\/produktas\/elcometer-456-a456cfnfsi1-parklajuma-biezuma-meritajs\"]}]},{\"@type\":\"ImageObject\",\"inLanguage\":\"lv-LV\",\"@id\":\"https:\/\/www.axiomams.eu\/lv\/produktas\/elcometer-456-a456cfnfsi1-parklajuma-biezuma-meritajs#primaryimage\",\"url\":\"https:\/\/www.axiomams.eu\/wp-content\/uploads\/2025\/12\/3556-4831.jpg\",\"contentUrl\":\"https:\/\/www.axiomams.eu\/wp-content\/uploads\/2025\/12\/3556-4831.jpg\",\"width\":1000,\"height\":909},{\"@type\":\"BreadcrumbList\",\"@id\":\"https:\/\/www.axiomams.eu\/lv\/produktas\/elcometer-456-a456cfnfsi1-parklajuma-biezuma-meritajs#breadcrumb\",\"itemListElement\":[{\"@type\":\"ListItem\",\"position\":1,\"name\":\"Home\",\"item\":\"https:\/\/www.axiomams.eu\/lv\"},{\"@type\":\"ListItem\",\"position\":2,\"name\":\"Produkti\",\"item\":\"https:\/\/www.axiomams.eu\/lv\/produkti\"},{\"@type\":\"ListItem\",\"position\":3,\"name\":\"Elcometer 456 \u2013 A456CFNFSI1 p\u0101rkl\u0101juma biezuma m\u0113r\u012bt\u0101js\"}]},{\"@type\":\"WebSite\",\"@id\":\"https:\/\/www.axiomams.eu\/lv#website\",\"url\":\"https:\/\/www.axiomams.eu\/lv\",\"name\":\"AXIOMA MS\",\"description\":\"Terrmovizoriai ir matavimo \u012franga\",\"publisher\":{\"@id\":\"https:\/\/www.axiomams.eu\/lv#organization\"},\"potentialAction\":[{\"@type\":\"SearchAction\",\"target\":{\"@type\":\"EntryPoint\",\"urlTemplate\":\"https:\/\/www.axiomams.eu\/lv?s={search_term_string}\"},\"query-input\":{\"@type\":\"PropertyValueSpecification\",\"valueRequired\":true,\"valueName\":\"search_term_string\"}}],\"inLanguage\":\"lv-LV\"},{\"@type\":\"Organization\",\"@id\":\"https:\/\/www.axiomams.eu\/lv#organization\",\"name\":\"AXIOMA MS\",\"url\":\"https:\/\/www.axiomams.eu\/lv\",\"logo\":{\"@type\":\"ImageObject\",\"inLanguage\":\"lv-LV\",\"@id\":\"https:\/\/www.axiomams.eu\/lv#\/schema\/logo\/image\/\",\"url\":\"https:\/\/www.axiomams.eu\/wp-content\/uploads\/2025\/06\/axioma-logo-2.png\",\"contentUrl\":\"https:\/\/www.axiomams.eu\/wp-content\/uploads\/2025\/06\/axioma-logo-2.png\",\"width\":1200,\"height\":1200,\"caption\":\"AXIOMA MS\"},\"image\":{\"@id\":\"https:\/\/www.axiomams.eu\/lv#\/schema\/logo\/image\/\"},\"sameAs\":[\"https:\/\/www.facebook.com\/AxiomaMS\",\"https:\/\/www.linkedin.com\/company\/axiomams\/\"]}]}<\/script>\n<!-- \/ Yoast SEO plugin. -->","yoast_head_json":{"title":"Elcometer 456 \u2013 A456CFNFSI1 p\u0101rkl\u0101juma biezuma m\u0113r\u012bt\u0101js - AXIOMA MS","robots":{"index":"index","follow":"follow","max-snippet":"max-snippet:-1","max-image-preview":"max-image-preview:large","max-video-preview":"max-video-preview:-1"},"canonical":"https:\/\/www.axiomams.eu\/lv\/produktas\/elcometer-456-a456cfnfsi1-parklajuma-biezuma-meritajs","og_locale":"lv_LV","og_type":"article","og_title":"Elcometer 456 \u2013 A456CFNFSI1 p\u0101rkl\u0101juma biezuma m\u0113r\u012bt\u0101js - AXIOMA MS","og_description":"Elcometer 456 \u2013 p\u0101rkl\u0101juma biezuma m\u0113r\u012bt\u0101js. \u0160is prec\u012bzais un uzticamais m\u0113r\u012bt\u0101js ir piem\u0113rots darbam nelabv\u0113l\u012bgos iek\u0161telpu un \u0101ra apst\u0101k\u013cos, un, pateicoties main\u0101miem sensoriem, Elcometer 456 var piel\u0101got katra lietot\u0101ja individu\u0101laj\u0101m vajadz\u012bb\u0101m. Izm\u0113r\u012btos v\u0113rt\u012bbas varat p\u0101rs\u016bt\u012bt uz viedier\u012bci, izmantojot Bluetooth savienojumu, vai uz datoru, izmantojot USB kabeli. Komplekt\u0101cija: Elcometer A456CFNFSI1, kalibr\u0113\u0161anas komplekts, siksna n\u0113s\u0101\u0161anai uz plaukstas,...","og_url":"https:\/\/www.axiomams.eu\/lv\/produktas\/elcometer-456-a456cfnfsi1-parklajuma-biezuma-meritajs","og_site_name":"AXIOMA MS","article_publisher":"https:\/\/www.facebook.com\/AxiomaMS","og_image":[{"width":1000,"height":909,"url":"https:\/\/www.axiomams.eu\/wp-content\/uploads\/2025\/12\/3556-4831.jpg","type":"image\/jpeg"}],"twitter_card":"summary_large_image","twitter_misc":{"Est. reading time":"1 minute"},"schema":{"@context":"https:\/\/schema.org","@graph":[{"@type":"WebPage","@id":"https:\/\/www.axiomams.eu\/lv\/produktas\/elcometer-456-a456cfnfsi1-parklajuma-biezuma-meritajs","url":"https:\/\/www.axiomams.eu\/lv\/produktas\/elcometer-456-a456cfnfsi1-parklajuma-biezuma-meritajs","name":"Elcometer 456 \u2013 A456CFNFSI1 p\u0101rkl\u0101juma biezuma m\u0113r\u012bt\u0101js - AXIOMA MS","isPartOf":{"@id":"https:\/\/www.axiomams.eu\/lv#website"},"primaryImageOfPage":{"@id":"https:\/\/www.axiomams.eu\/lv\/produktas\/elcometer-456-a456cfnfsi1-parklajuma-biezuma-meritajs#primaryimage"},"image":{"@id":"https:\/\/www.axiomams.eu\/lv\/produktas\/elcometer-456-a456cfnfsi1-parklajuma-biezuma-meritajs#primaryimage"},"thumbnailUrl":"https:\/\/www.axiomams.eu\/wp-content\/uploads\/2025\/12\/3556-4831.jpg","datePublished":"2025-12-22T23:00:27+00:00","breadcrumb":{"@id":"https:\/\/www.axiomams.eu\/lv\/produktas\/elcometer-456-a456cfnfsi1-parklajuma-biezuma-meritajs#breadcrumb"},"inLanguage":"lv-LV","potentialAction":[{"@type":"ReadAction","target":["https:\/\/www.axiomams.eu\/lv\/produktas\/elcometer-456-a456cfnfsi1-parklajuma-biezuma-meritajs"]}]},{"@type":"ImageObject","inLanguage":"lv-LV","@id":"https:\/\/www.axiomams.eu\/lv\/produktas\/elcometer-456-a456cfnfsi1-parklajuma-biezuma-meritajs#primaryimage","url":"https:\/\/www.axiomams.eu\/wp-content\/uploads\/2025\/12\/3556-4831.jpg","contentUrl":"https:\/\/www.axiomams.eu\/wp-content\/uploads\/2025\/12\/3556-4831.jpg","width":1000,"height":909},{"@type":"BreadcrumbList","@id":"https:\/\/www.axiomams.eu\/lv\/produktas\/elcometer-456-a456cfnfsi1-parklajuma-biezuma-meritajs#breadcrumb","itemListElement":[{"@type":"ListItem","position":1,"name":"Home","item":"https:\/\/www.axiomams.eu\/lv"},{"@type":"ListItem","position":2,"name":"Produkti","item":"https:\/\/www.axiomams.eu\/lv\/produkti"},{"@type":"ListItem","position":3,"name":"Elcometer 456 \u2013 A456CFNFSI1 p\u0101rkl\u0101juma biezuma m\u0113r\u012bt\u0101js"}]},{"@type":"WebSite","@id":"https:\/\/www.axiomams.eu\/lv#website","url":"https:\/\/www.axiomams.eu\/lv","name":"AXIOMA MS","description":"Terrmovizoriai ir matavimo \u012franga","publisher":{"@id":"https:\/\/www.axiomams.eu\/lv#organization"},"potentialAction":[{"@type":"SearchAction","target":{"@type":"EntryPoint","urlTemplate":"https:\/\/www.axiomams.eu\/lv?s={search_term_string}"},"query-input":{"@type":"PropertyValueSpecification","valueRequired":true,"valueName":"search_term_string"}}],"inLanguage":"lv-LV"},{"@type":"Organization","@id":"https:\/\/www.axiomams.eu\/lv#organization","name":"AXIOMA MS","url":"https:\/\/www.axiomams.eu\/lv","logo":{"@type":"ImageObject","inLanguage":"lv-LV","@id":"https:\/\/www.axiomams.eu\/lv#\/schema\/logo\/image\/","url":"https:\/\/www.axiomams.eu\/wp-content\/uploads\/2025\/06\/axioma-logo-2.png","contentUrl":"https:\/\/www.axiomams.eu\/wp-content\/uploads\/2025\/06\/axioma-logo-2.png","width":1200,"height":1200,"caption":"AXIOMA MS"},"image":{"@id":"https:\/\/www.axiomams.eu\/lv#\/schema\/logo\/image\/"},"sameAs":["https:\/\/www.facebook.com\/AxiomaMS","https:\/\/www.linkedin.com\/company\/axiomams\/"]}]}},"_links":{"self":[{"href":"https:\/\/www.axiomams.eu\/lv\/wp-json\/wp\/v2\/product\/44523","targetHints":{"allow":["GET"]}}],"collection":[{"href":"https:\/\/www.axiomams.eu\/lv\/wp-json\/wp\/v2\/product"}],"about":[{"href":"https:\/\/www.axiomams.eu\/lv\/wp-json\/wp\/v2\/types\/product"}],"replies":[{"embeddable":true,"href":"https:\/\/www.axiomams.eu\/lv\/wp-json\/wp\/v2\/comments?post=44523"}],"wp:featuredmedia":[{"embeddable":true,"href":"https:\/\/www.axiomams.eu\/lv\/wp-json\/wp\/v2\/media\/43507"}],"wp:attachment":[{"href":"https:\/\/www.axiomams.eu\/lv\/wp-json\/wp\/v2\/media?parent=44523"}],"wp:term":[{"taxonomy":"product_brand","embeddable":true,"href":"https:\/\/www.axiomams.eu\/lv\/wp-json\/wp\/v2\/product_brand?post=44523"},{"taxonomy":"product_cat","embeddable":true,"href":"https:\/\/www.axiomams.eu\/lv\/wp-json\/wp\/v2\/product_cat?post=44523"},{"taxonomy":"product_tag","embeddable":true,"href":"https:\/\/www.axiomams.eu\/lv\/wp-json\/wp\/v2\/product_tag?post=44523"}],"curies":[{"name":"wp","href":"https:\/\/api.w.org\/{rel}","templated":true}]}}