{"id":44548,"date":"2026-02-04T15:17:11","date_gmt":"2026-02-04T13:17:11","guid":{"rendered":"https:\/\/www.axiomams.eu\/produktas\/testo-550i-smart-kit-kolektors-0564-3550"},"modified":"2026-02-04T15:17:11","modified_gmt":"2026-02-04T13:17:11","slug":"testo-550i-smart-kit-kolektors-0564-3550","status":"publish","type":"product","link":"https:\/\/www.axiomams.eu\/lv\/produktas\/testo-550i-smart-kit-kolektors-0564-3550","title":{"rendered":"Testo 550i Smart Kit kolektors (0564 3550)"},"content":{"rendered":"<p>Testo 550i ir ar lietotni vad\u0101ma digit\u0101l\u0101 kolektora sist\u0113ma ar Bluetooth tehnolo\u0123iju un kompaktu divvirzienu v\u0101rstu bloku. Iztur\u012bg\u0101 konstrukcija un integr\u0113tais \u0101\u0137is \u013cauj tehni\u0137iem bezvadu re\u017e\u012bm\u0101 dro\u0161i un \u0113rti veikt darbus ar sald\u0113\u0161anas, gaisa kondicion\u0113\u0161anas sist\u0113m\u0101m un siltums\u016bk\u0146iem. Visas funkcijas var vad\u012bt ar testo Smart lietotni mobilaj\u0101 t\u0101lrun\u012b vai plan\u0161etdator\u0101, nodro\u0161inot vienk\u0101r\u0161u m\u0113r\u012b\u0161anu un dokument\u0113\u0161anu.  <\/p>\n<p>Galven\u0101s ier\u012bces priek\u0161roc\u012bbas<br \/>\n&#8211; Visu darba gaitu no m\u0113r\u012b\u0161anas l\u012bdz atskaites sagatavo\u0161anai var vad\u012bt ar mobil\u0101s ier\u012bces lietotni<br \/>\n&#8211; Kompakta konstrukcija \u2013 Testo 550i ir maz\u0101kais digit\u0101lais kolektors tirg\u016b<br \/>\n&#8211; Iztur\u012bgs, IP54 aizsardz\u012bbas klases korpuss, kas paredz\u0113ts uzticamai darb\u012bbai sare\u017e\u0123\u012btos apst\u0101k\u013cos<br \/>\n&#8211; Iesp\u0113ja papla\u0161in\u0101t funkcionalit\u0101ti, izmantojot bezvadu Testo Smart zondes papildu temperat\u016bras, mitruma un vakuuma m\u0113r\u012bjumiem<br \/>\n&#8211; Savietojams ar A3 un A2L aukstuma nes\u0113jiem<\/p>\n<p>Komplekt\u0101cij\u0101 ietilpst: testo 550i datu v\u0101c\u0113js, baterijas, kalibr\u0113\u0161anas protokols, 2 bezvadu \u201eBluetooth\u201c termometri testo 115i, p\u0101rn\u0113s\u0101\u0161anas soma, testo Smart App, lieto\u0161anas instrukcijas.<\/p>\n<p><iframe loading=\"lazy\" width=\"560\" height=\"315\" src=\"https:\/\/www.youtube.com\/embed\/D2zikjIUuJg?si=Q-3hD9UprHG_Wmm_\" title=\"YouTube video player\" frameborder=\"0\" allow=\"accelerometer; autoplay; clipboard-write; encrypted-media; gyroscope; picture-in-picture; web-share\" referrerpolicy=\"strict-origin-when-cross-origin\" allowfullscreen=\"\"><\/iframe><\/p>\n<h3>Tehnisk\u0101 inform\u0101cija:<\/h3>\n<ul>\n<li><a href=\"https:\/\/axiomams.eu\/importer\/export\/attachments\/lt\/testo-550i.pdf\" target=\"_blank\">testo 550i.pdf<\/a><\/li>\n<\/ul>\n","protected":false},"excerpt":{"rendered":"<p>Testo 550i ir ar lietotni vad\u0101ma digit\u0101l\u0101 kolektora sist\u0113ma ar Bluetooth tehnolo\u0123iju un kompaktu divvirzienu v\u0101rstu bloku. Iztur\u012bg\u0101 konstrukcija un integr\u0113tais \u0101\u0137is \u013cauj tehni\u0137iem bezvadu re\u017e\u012bm\u0101 dro\u0161i un \u0113rti veikt darbus ar sald\u0113\u0161anas, gaisa kondicion\u0113\u0161anas sist\u0113m\u0101m un siltums\u016bk\u0146iem. Visas funkcijas var vad\u012bt ar testo Smart lietotni mobilaj\u0101 t\u0101lrun\u012b vai plan\u0161etdator\u0101, nodro\u0161inot vienk\u0101r\u0161u m\u0113r\u012b\u0161anu un dokument\u0113\u0161anu&#8230;.<\/p>\n","protected":false},"featured_media":44546,"comment_status":"open","ping_status":"closed","template":"","meta":{"_acf_changed":false},"product_brand":[735],"product_cat":[17741,17860],"product_tag":[],"class_list":{"0":"post-44548","1":"product","2":"type-product","3":"status-publish","4":"has-post-thumbnail","6":"product_brand-testo","7":"product_cat-apkures-dzesesanas-un-ventilacijas-hvac-parbaude","8":"product_cat-sildymo","10":"first","11":"instock","12":"taxable","13":"shipping-taxable","14":"purchasable","15":"product-type-simple"},"acf":[],"yoast_head":"<!-- This site is optimized with the Yoast SEO plugin v27.0 - https:\/\/yoast.com\/product\/yoast-seo-wordpress\/ -->\n<title>Testo 550i Smart Kit kolektors (0564 3550) - AXIOMA MS<\/title>\n<meta name=\"robots\" content=\"index, follow, max-snippet:-1, max-image-preview:large, max-video-preview:-1\" \/>\n<link rel=\"canonical\" href=\"https:\/\/www.axiomams.eu\/lv\/produktas\/testo-550i-smart-kit-kolektors-0564-3550\" \/>\n<meta property=\"og:locale\" content=\"lv_LV\" \/>\n<meta property=\"og:type\" content=\"article\" \/>\n<meta property=\"og:title\" content=\"Testo 550i Smart Kit kolektors (0564 3550) - AXIOMA MS\" \/>\n<meta property=\"og:description\" content=\"Testo 550i ir ar lietotni vad\u0101ma digit\u0101l\u0101 kolektora sist\u0113ma ar Bluetooth tehnolo\u0123iju un kompaktu divvirzienu v\u0101rstu bloku. Iztur\u012bg\u0101 konstrukcija un integr\u0113tais \u0101\u0137is \u013cauj tehni\u0137iem bezvadu re\u017e\u012bm\u0101 dro\u0161i un \u0113rti veikt darbus ar sald\u0113\u0161anas, gaisa kondicion\u0113\u0161anas sist\u0113m\u0101m un siltums\u016bk\u0146iem. Visas funkcijas var vad\u012bt ar testo Smart lietotni mobilaj\u0101 t\u0101lrun\u012b vai plan\u0161etdator\u0101, nodro\u0161inot vienk\u0101r\u0161u m\u0113r\u012b\u0161anu un dokument\u0113\u0161anu....\" \/>\n<meta property=\"og:url\" content=\"https:\/\/www.axiomams.eu\/lv\/produktas\/testo-550i-smart-kit-kolektors-0564-3550\" \/>\n<meta property=\"og:site_name\" content=\"AXIOMA MS\" \/>\n<meta property=\"article:publisher\" content=\"https:\/\/www.facebook.com\/AxiomaMS\" \/>\n<meta property=\"og:image\" content=\"https:\/\/www.axiomams.eu\/wp-content\/uploads\/2026\/02\/4695-6211.jpg\" \/>\n\t<meta property=\"og:image:width\" content=\"800\" \/>\n\t<meta property=\"og:image:height\" content=\"800\" \/>\n\t<meta property=\"og:image:type\" content=\"image\/jpeg\" \/>\n<meta name=\"twitter:card\" content=\"summary_large_image\" \/>\n<meta name=\"twitter:label1\" content=\"Est. reading time\" \/>\n\t<meta name=\"twitter:data1\" content=\"1 minute\" \/>\n<script type=\"application\/ld+json\" class=\"yoast-schema-graph\">{\"@context\":\"https:\/\/schema.org\",\"@graph\":[{\"@type\":\"WebPage\",\"@id\":\"https:\/\/www.axiomams.eu\/lv\/produktas\/testo-550i-smart-kit-kolektors-0564-3550\",\"url\":\"https:\/\/www.axiomams.eu\/lv\/produktas\/testo-550i-smart-kit-kolektors-0564-3550\",\"name\":\"Testo 550i Smart Kit kolektors (0564 3550) - AXIOMA MS\",\"isPartOf\":{\"@id\":\"https:\/\/www.axiomams.eu\/lv#website\"},\"primaryImageOfPage\":{\"@id\":\"https:\/\/www.axiomams.eu\/lv\/produktas\/testo-550i-smart-kit-kolektors-0564-3550#primaryimage\"},\"image\":{\"@id\":\"https:\/\/www.axiomams.eu\/lv\/produktas\/testo-550i-smart-kit-kolektors-0564-3550#primaryimage\"},\"thumbnailUrl\":\"https:\/\/www.axiomams.eu\/wp-content\/uploads\/2026\/02\/4695-6211.jpg\",\"datePublished\":\"2026-02-04T13:17:11+00:00\",\"breadcrumb\":{\"@id\":\"https:\/\/www.axiomams.eu\/lv\/produktas\/testo-550i-smart-kit-kolektors-0564-3550#breadcrumb\"},\"inLanguage\":\"lv-LV\",\"potentialAction\":[{\"@type\":\"ReadAction\",\"target\":[\"https:\/\/www.axiomams.eu\/lv\/produktas\/testo-550i-smart-kit-kolektors-0564-3550\"]}]},{\"@type\":\"ImageObject\",\"inLanguage\":\"lv-LV\",\"@id\":\"https:\/\/www.axiomams.eu\/lv\/produktas\/testo-550i-smart-kit-kolektors-0564-3550#primaryimage\",\"url\":\"https:\/\/www.axiomams.eu\/wp-content\/uploads\/2026\/02\/4695-6211.jpg\",\"contentUrl\":\"https:\/\/www.axiomams.eu\/wp-content\/uploads\/2026\/02\/4695-6211.jpg\",\"width\":800,\"height\":800},{\"@type\":\"BreadcrumbList\",\"@id\":\"https:\/\/www.axiomams.eu\/lv\/produktas\/testo-550i-smart-kit-kolektors-0564-3550#breadcrumb\",\"itemListElement\":[{\"@type\":\"ListItem\",\"position\":1,\"name\":\"Home\",\"item\":\"https:\/\/www.axiomams.eu\/lv\"},{\"@type\":\"ListItem\",\"position\":2,\"name\":\"Produkti\",\"item\":\"https:\/\/www.axiomams.eu\/lv\/produkti\"},{\"@type\":\"ListItem\",\"position\":3,\"name\":\"Testo 550i Smart Kit kolektors (0564 3550)\"}]},{\"@type\":\"WebSite\",\"@id\":\"https:\/\/www.axiomams.eu\/lv#website\",\"url\":\"https:\/\/www.axiomams.eu\/lv\",\"name\":\"AXIOMA MS\",\"description\":\"Terrmovizoriai ir matavimo \u012franga\",\"publisher\":{\"@id\":\"https:\/\/www.axiomams.eu\/lv#organization\"},\"potentialAction\":[{\"@type\":\"SearchAction\",\"target\":{\"@type\":\"EntryPoint\",\"urlTemplate\":\"https:\/\/www.axiomams.eu\/lv?s={search_term_string}\"},\"query-input\":{\"@type\":\"PropertyValueSpecification\",\"valueRequired\":true,\"valueName\":\"search_term_string\"}}],\"inLanguage\":\"lv-LV\"},{\"@type\":\"Organization\",\"@id\":\"https:\/\/www.axiomams.eu\/lv#organization\",\"name\":\"AXIOMA MS\",\"url\":\"https:\/\/www.axiomams.eu\/lv\",\"logo\":{\"@type\":\"ImageObject\",\"inLanguage\":\"lv-LV\",\"@id\":\"https:\/\/www.axiomams.eu\/lv#\/schema\/logo\/image\/\",\"url\":\"https:\/\/www.axiomams.eu\/wp-content\/uploads\/2025\/06\/axioma-logo-2.png\",\"contentUrl\":\"https:\/\/www.axiomams.eu\/wp-content\/uploads\/2025\/06\/axioma-logo-2.png\",\"width\":1200,\"height\":1200,\"caption\":\"AXIOMA MS\"},\"image\":{\"@id\":\"https:\/\/www.axiomams.eu\/lv#\/schema\/logo\/image\/\"},\"sameAs\":[\"https:\/\/www.facebook.com\/AxiomaMS\",\"https:\/\/www.linkedin.com\/company\/axiomams\/\"]}]}<\/script>\n<!-- \/ Yoast SEO plugin. -->","yoast_head_json":{"title":"Testo 550i Smart Kit kolektors (0564 3550) - AXIOMA MS","robots":{"index":"index","follow":"follow","max-snippet":"max-snippet:-1","max-image-preview":"max-image-preview:large","max-video-preview":"max-video-preview:-1"},"canonical":"https:\/\/www.axiomams.eu\/lv\/produktas\/testo-550i-smart-kit-kolektors-0564-3550","og_locale":"lv_LV","og_type":"article","og_title":"Testo 550i Smart Kit kolektors (0564 3550) - AXIOMA MS","og_description":"Testo 550i ir ar lietotni vad\u0101ma digit\u0101l\u0101 kolektora sist\u0113ma ar Bluetooth tehnolo\u0123iju un kompaktu divvirzienu v\u0101rstu bloku. Iztur\u012bg\u0101 konstrukcija un integr\u0113tais \u0101\u0137is \u013cauj tehni\u0137iem bezvadu re\u017e\u012bm\u0101 dro\u0161i un \u0113rti veikt darbus ar sald\u0113\u0161anas, gaisa kondicion\u0113\u0161anas sist\u0113m\u0101m un siltums\u016bk\u0146iem. Visas funkcijas var vad\u012bt ar testo Smart lietotni mobilaj\u0101 t\u0101lrun\u012b vai plan\u0161etdator\u0101, nodro\u0161inot vienk\u0101r\u0161u m\u0113r\u012b\u0161anu un dokument\u0113\u0161anu....","og_url":"https:\/\/www.axiomams.eu\/lv\/produktas\/testo-550i-smart-kit-kolektors-0564-3550","og_site_name":"AXIOMA MS","article_publisher":"https:\/\/www.facebook.com\/AxiomaMS","og_image":[{"width":800,"height":800,"url":"https:\/\/www.axiomams.eu\/wp-content\/uploads\/2026\/02\/4695-6211.jpg","type":"image\/jpeg"}],"twitter_card":"summary_large_image","twitter_misc":{"Est. reading time":"1 minute"},"schema":{"@context":"https:\/\/schema.org","@graph":[{"@type":"WebPage","@id":"https:\/\/www.axiomams.eu\/lv\/produktas\/testo-550i-smart-kit-kolektors-0564-3550","url":"https:\/\/www.axiomams.eu\/lv\/produktas\/testo-550i-smart-kit-kolektors-0564-3550","name":"Testo 550i Smart Kit kolektors (0564 3550) - AXIOMA MS","isPartOf":{"@id":"https:\/\/www.axiomams.eu\/lv#website"},"primaryImageOfPage":{"@id":"https:\/\/www.axiomams.eu\/lv\/produktas\/testo-550i-smart-kit-kolektors-0564-3550#primaryimage"},"image":{"@id":"https:\/\/www.axiomams.eu\/lv\/produktas\/testo-550i-smart-kit-kolektors-0564-3550#primaryimage"},"thumbnailUrl":"https:\/\/www.axiomams.eu\/wp-content\/uploads\/2026\/02\/4695-6211.jpg","datePublished":"2026-02-04T13:17:11+00:00","breadcrumb":{"@id":"https:\/\/www.axiomams.eu\/lv\/produktas\/testo-550i-smart-kit-kolektors-0564-3550#breadcrumb"},"inLanguage":"lv-LV","potentialAction":[{"@type":"ReadAction","target":["https:\/\/www.axiomams.eu\/lv\/produktas\/testo-550i-smart-kit-kolektors-0564-3550"]}]},{"@type":"ImageObject","inLanguage":"lv-LV","@id":"https:\/\/www.axiomams.eu\/lv\/produktas\/testo-550i-smart-kit-kolektors-0564-3550#primaryimage","url":"https:\/\/www.axiomams.eu\/wp-content\/uploads\/2026\/02\/4695-6211.jpg","contentUrl":"https:\/\/www.axiomams.eu\/wp-content\/uploads\/2026\/02\/4695-6211.jpg","width":800,"height":800},{"@type":"BreadcrumbList","@id":"https:\/\/www.axiomams.eu\/lv\/produktas\/testo-550i-smart-kit-kolektors-0564-3550#breadcrumb","itemListElement":[{"@type":"ListItem","position":1,"name":"Home","item":"https:\/\/www.axiomams.eu\/lv"},{"@type":"ListItem","position":2,"name":"Produkti","item":"https:\/\/www.axiomams.eu\/lv\/produkti"},{"@type":"ListItem","position":3,"name":"Testo 550i Smart Kit kolektors (0564 3550)"}]},{"@type":"WebSite","@id":"https:\/\/www.axiomams.eu\/lv#website","url":"https:\/\/www.axiomams.eu\/lv","name":"AXIOMA MS","description":"Terrmovizoriai ir matavimo \u012franga","publisher":{"@id":"https:\/\/www.axiomams.eu\/lv#organization"},"potentialAction":[{"@type":"SearchAction","target":{"@type":"EntryPoint","urlTemplate":"https:\/\/www.axiomams.eu\/lv?s={search_term_string}"},"query-input":{"@type":"PropertyValueSpecification","valueRequired":true,"valueName":"search_term_string"}}],"inLanguage":"lv-LV"},{"@type":"Organization","@id":"https:\/\/www.axiomams.eu\/lv#organization","name":"AXIOMA MS","url":"https:\/\/www.axiomams.eu\/lv","logo":{"@type":"ImageObject","inLanguage":"lv-LV","@id":"https:\/\/www.axiomams.eu\/lv#\/schema\/logo\/image\/","url":"https:\/\/www.axiomams.eu\/wp-content\/uploads\/2025\/06\/axioma-logo-2.png","contentUrl":"https:\/\/www.axiomams.eu\/wp-content\/uploads\/2025\/06\/axioma-logo-2.png","width":1200,"height":1200,"caption":"AXIOMA MS"},"image":{"@id":"https:\/\/www.axiomams.eu\/lv#\/schema\/logo\/image\/"},"sameAs":["https:\/\/www.facebook.com\/AxiomaMS","https:\/\/www.linkedin.com\/company\/axiomams\/"]}]}},"_links":{"self":[{"href":"https:\/\/www.axiomams.eu\/lv\/wp-json\/wp\/v2\/product\/44548","targetHints":{"allow":["GET"]}}],"collection":[{"href":"https:\/\/www.axiomams.eu\/lv\/wp-json\/wp\/v2\/product"}],"about":[{"href":"https:\/\/www.axiomams.eu\/lv\/wp-json\/wp\/v2\/types\/product"}],"replies":[{"embeddable":true,"href":"https:\/\/www.axiomams.eu\/lv\/wp-json\/wp\/v2\/comments?post=44548"}],"wp:featuredmedia":[{"embeddable":true,"href":"https:\/\/www.axiomams.eu\/lv\/wp-json\/wp\/v2\/media\/44546"}],"wp:attachment":[{"href":"https:\/\/www.axiomams.eu\/lv\/wp-json\/wp\/v2\/media?parent=44548"}],"wp:term":[{"taxonomy":"product_brand","embeddable":true,"href":"https:\/\/www.axiomams.eu\/lv\/wp-json\/wp\/v2\/product_brand?post=44548"},{"taxonomy":"product_cat","embeddable":true,"href":"https:\/\/www.axiomams.eu\/lv\/wp-json\/wp\/v2\/product_cat?post=44548"},{"taxonomy":"product_tag","embeddable":true,"href":"https:\/\/www.axiomams.eu\/lv\/wp-json\/wp\/v2\/product_tag?post=44548"}],"curies":[{"name":"wp","href":"https:\/\/api.w.org\/{rel}","templated":true}]}}