{"id":44554,"date":"2026-02-04T15:17:13","date_gmt":"2026-02-04T13:17:13","guid":{"rendered":"https:\/\/www.axiomams.eu\/produktas\/testo-557s-smart-vacuum-kit-savacejs-0564-5571"},"modified":"2026-02-04T15:17:13","modified_gmt":"2026-02-04T13:17:13","slug":"testo-557s-smart-vacuum-kit-savacejs-0564-5571","status":"publish","type":"product","link":"https:\/\/www.axiomams.eu\/lv\/produktas\/testo-557s-smart-vacuum-kit-savacejs-0564-5571","title":{"rendered":"Testo 557s Smart Vacuum Kit sav\u0101c\u0113js (0564 5571)"},"content":{"rendered":"<p>S\u0101ciet veikt efekt\u012bvus bezvadu m\u0113r\u012bjumus sald\u0113\u0161anas un gaisa kondicion\u0113\u0161anas sist\u0113m\u0101m, k\u0101 ar\u012b siltums\u016bk\u0146iem, izmantojot risin\u0101jumu, kam nav nepiecie\u0161ami vadi. Komplekt\u0101 iek\u013cautais Bluetooth vakuuma zonds \u013cauj p\u0101rbaud\u012bt vakuuma l\u012bmeni bez \u0161\u013c\u016bte\u0146u izmanto\u0161anas, t\u0101d\u0113j\u0101di darbs noris \u0101tr\u0101k un t\u012br\u0101k. <\/p>\n<p>Galven\u0101s funkcijas<br \/>\n&#8211; Piln\u012bb\u0101 bezvadu m\u0113r\u012bjumu iesp\u0113jas, ko nodro\u0161ina Bluetooth zondes un liels grafiskais ekr\u0101ns, kas \u013cauj vienlaikus redz\u0113t visus r\u0101d\u012bjumus<br \/>\n&#8211; Kompakts, iztur\u012bgs IP 54 korpuss, kas nodro\u0161ina uzticamu darb\u012bbu sare\u017e\u0123\u012btos apst\u0101k\u013cos<br \/>\n&#8211; Vienk\u0101r\u0161oti temperat\u016bras un vakuuma m\u0113r\u012bjumi, izmantojot autom\u0101tisko Bluetooth savienojumu, k\u0101 ar\u012b \u0113rta dokument\u0113\u0161ana ar testo Smart App<br \/>\n&#8211; Savietojam\u012bba ar A3 un A2L un piek\u013cuve vair\u0101k nek\u0101 90 iel\u0101d\u0113tiem datu nes\u0113jiem<\/p>\n<p>Pielietojums<br \/>\n&#8211; Piem\u0113rots sald\u0113\u0161anas un gaisa kondicion\u0113\u0161anas sist\u0113mu apkop\u0113<br \/>\n&#8211; Piem\u0113rots siltums\u016bk\u0146u palai\u0161anai un apkop\u0113<br \/>\n&#8211; Lieliski darbojas kop\u0101 ar papildu, p\u0113c izv\u0113les ieg\u0101d\u0101jamiem testo Smart zondiem, kas paredz\u0113ti papla\u0161in\u0101tai bezvadu diagnostikai<\/p>\n<p>Komplekt\u0101cija: testo 557s digit\u0101lais datu v\u0101c\u0113js, baterijas, kalibr\u0113\u0161anas protokols, 1 x testo 552i, 2 x testo 115i, p\u0101rn\u0113s\u0101\u0161anas soma, testo Smart App, lieto\u0161anas instrukcijas.<\/p>\n<p><iframe loading=\"lazy\" width=\"560\" height=\"315\" src=\"https:\/\/www.youtube.com\/embed\/26ivbt-kero?si=-blY0DW3OEw6VjAh\" title=\"YouTube video player\" frameborder=\"0\" allow=\"accelerometer; autoplay; clipboard-write; encrypted-media; gyroscope; picture-in-picture; web-share\" referrerpolicy=\"strict-origin-when-cross-origin\" allowfullscreen=\"\"><\/iframe><\/p>\n<h3>Tehnisk\u0101 inform\u0101cija:<\/h3>\n<ul>\n<li><a href=\"https:\/\/axiomams.eu\/importer\/export\/attachments\/lt\/testo-557s.pdf\" target=\"_blank\">testo 557s.pdf<\/a><\/li>\n<\/ul>\n","protected":false},"excerpt":{"rendered":"<p>S\u0101ciet veikt efekt\u012bvus bezvadu m\u0113r\u012bjumus sald\u0113\u0161anas un gaisa kondicion\u0113\u0161anas sist\u0113m\u0101m, k\u0101 ar\u012b siltums\u016bk\u0146iem, izmantojot risin\u0101jumu, kam nav nepiecie\u0161ami vadi. Komplekt\u0101 iek\u013cautais Bluetooth vakuuma zonds \u013cauj p\u0101rbaud\u012bt vakuuma l\u012bmeni bez \u0161\u013c\u016bte\u0146u izmanto\u0161anas, t\u0101d\u0113j\u0101di darbs noris \u0101tr\u0101k un t\u012br\u0101k. Galven\u0101s funkcijas &#8211; Piln\u012bb\u0101 bezvadu m\u0113r\u012bjumu iesp\u0113jas, ko nodro\u0161ina Bluetooth zondes un liels grafiskais ekr\u0101ns, kas \u013cauj vienlaikus&#8230;<\/p>\n","protected":false},"featured_media":44553,"comment_status":"open","ping_status":"closed","template":"","meta":{"_acf_changed":false},"product_brand":[735],"product_cat":[17741,17860],"product_tag":[],"class_list":{"0":"post-44554","1":"product","2":"type-product","3":"status-publish","4":"has-post-thumbnail","6":"product_brand-testo","7":"product_cat-apkures-dzesesanas-un-ventilacijas-hvac-parbaude","8":"product_cat-sildymo","10":"first","11":"instock","12":"taxable","13":"shipping-taxable","14":"purchasable","15":"product-type-simple"},"acf":[],"yoast_head":"<!-- This site is optimized with the Yoast SEO plugin v27.0 - https:\/\/yoast.com\/product\/yoast-seo-wordpress\/ -->\n<title>Testo 557s Smart Vacuum Kit sav\u0101c\u0113js (0564 5571) - AXIOMA MS<\/title>\n<meta name=\"robots\" content=\"index, follow, max-snippet:-1, max-image-preview:large, max-video-preview:-1\" \/>\n<link rel=\"canonical\" href=\"https:\/\/www.axiomams.eu\/lv\/produktas\/testo-557s-smart-vacuum-kit-savacejs-0564-5571\" \/>\n<meta property=\"og:locale\" content=\"lv_LV\" \/>\n<meta property=\"og:type\" content=\"article\" \/>\n<meta property=\"og:title\" content=\"Testo 557s Smart Vacuum Kit sav\u0101c\u0113js (0564 5571) - AXIOMA MS\" \/>\n<meta property=\"og:description\" content=\"S\u0101ciet veikt efekt\u012bvus bezvadu m\u0113r\u012bjumus sald\u0113\u0161anas un gaisa kondicion\u0113\u0161anas sist\u0113m\u0101m, k\u0101 ar\u012b siltums\u016bk\u0146iem, izmantojot risin\u0101jumu, kam nav nepiecie\u0161ami vadi. Komplekt\u0101 iek\u013cautais Bluetooth vakuuma zonds \u013cauj p\u0101rbaud\u012bt vakuuma l\u012bmeni bez \u0161\u013c\u016bte\u0146u izmanto\u0161anas, t\u0101d\u0113j\u0101di darbs noris \u0101tr\u0101k un t\u012br\u0101k. Galven\u0101s funkcijas &#8211; Piln\u012bb\u0101 bezvadu m\u0113r\u012bjumu iesp\u0113jas, ko nodro\u0161ina Bluetooth zondes un liels grafiskais ekr\u0101ns, kas \u013cauj vienlaikus...\" \/>\n<meta property=\"og:url\" content=\"https:\/\/www.axiomams.eu\/lv\/produktas\/testo-557s-smart-vacuum-kit-savacejs-0564-5571\" \/>\n<meta property=\"og:site_name\" content=\"AXIOMA MS\" \/>\n<meta property=\"article:publisher\" content=\"https:\/\/www.facebook.com\/AxiomaMS\" \/>\n<meta property=\"og:image\" content=\"https:\/\/www.axiomams.eu\/wp-content\/uploads\/2026\/02\/4694-6210.jpg\" \/>\n\t<meta property=\"og:image:width\" content=\"800\" \/>\n\t<meta property=\"og:image:height\" content=\"800\" \/>\n\t<meta property=\"og:image:type\" content=\"image\/jpeg\" \/>\n<meta name=\"twitter:card\" content=\"summary_large_image\" \/>\n<meta name=\"twitter:label1\" content=\"Est. reading time\" \/>\n\t<meta name=\"twitter:data1\" content=\"1 minute\" \/>\n<script type=\"application\/ld+json\" class=\"yoast-schema-graph\">{\"@context\":\"https:\/\/schema.org\",\"@graph\":[{\"@type\":\"WebPage\",\"@id\":\"https:\/\/www.axiomams.eu\/lv\/produktas\/testo-557s-smart-vacuum-kit-savacejs-0564-5571\",\"url\":\"https:\/\/www.axiomams.eu\/lv\/produktas\/testo-557s-smart-vacuum-kit-savacejs-0564-5571\",\"name\":\"Testo 557s Smart Vacuum Kit sav\u0101c\u0113js (0564 5571) - AXIOMA MS\",\"isPartOf\":{\"@id\":\"https:\/\/www.axiomams.eu\/lv#website\"},\"primaryImageOfPage\":{\"@id\":\"https:\/\/www.axiomams.eu\/lv\/produktas\/testo-557s-smart-vacuum-kit-savacejs-0564-5571#primaryimage\"},\"image\":{\"@id\":\"https:\/\/www.axiomams.eu\/lv\/produktas\/testo-557s-smart-vacuum-kit-savacejs-0564-5571#primaryimage\"},\"thumbnailUrl\":\"https:\/\/www.axiomams.eu\/wp-content\/uploads\/2026\/02\/4694-6210.jpg\",\"datePublished\":\"2026-02-04T13:17:13+00:00\",\"breadcrumb\":{\"@id\":\"https:\/\/www.axiomams.eu\/lv\/produktas\/testo-557s-smart-vacuum-kit-savacejs-0564-5571#breadcrumb\"},\"inLanguage\":\"lv-LV\",\"potentialAction\":[{\"@type\":\"ReadAction\",\"target\":[\"https:\/\/www.axiomams.eu\/lv\/produktas\/testo-557s-smart-vacuum-kit-savacejs-0564-5571\"]}]},{\"@type\":\"ImageObject\",\"inLanguage\":\"lv-LV\",\"@id\":\"https:\/\/www.axiomams.eu\/lv\/produktas\/testo-557s-smart-vacuum-kit-savacejs-0564-5571#primaryimage\",\"url\":\"https:\/\/www.axiomams.eu\/wp-content\/uploads\/2026\/02\/4694-6210.jpg\",\"contentUrl\":\"https:\/\/www.axiomams.eu\/wp-content\/uploads\/2026\/02\/4694-6210.jpg\",\"width\":800,\"height\":800},{\"@type\":\"BreadcrumbList\",\"@id\":\"https:\/\/www.axiomams.eu\/lv\/produktas\/testo-557s-smart-vacuum-kit-savacejs-0564-5571#breadcrumb\",\"itemListElement\":[{\"@type\":\"ListItem\",\"position\":1,\"name\":\"Home\",\"item\":\"https:\/\/www.axiomams.eu\/lv\"},{\"@type\":\"ListItem\",\"position\":2,\"name\":\"Produkti\",\"item\":\"https:\/\/www.axiomams.eu\/lv\/produkti\"},{\"@type\":\"ListItem\",\"position\":3,\"name\":\"Testo 557s Smart Vacuum Kit sav\u0101c\u0113js (0564 5571)\"}]},{\"@type\":\"WebSite\",\"@id\":\"https:\/\/www.axiomams.eu\/lv#website\",\"url\":\"https:\/\/www.axiomams.eu\/lv\",\"name\":\"AXIOMA MS\",\"description\":\"Terrmovizoriai ir matavimo \u012franga\",\"publisher\":{\"@id\":\"https:\/\/www.axiomams.eu\/lv#organization\"},\"potentialAction\":[{\"@type\":\"SearchAction\",\"target\":{\"@type\":\"EntryPoint\",\"urlTemplate\":\"https:\/\/www.axiomams.eu\/lv?s={search_term_string}\"},\"query-input\":{\"@type\":\"PropertyValueSpecification\",\"valueRequired\":true,\"valueName\":\"search_term_string\"}}],\"inLanguage\":\"lv-LV\"},{\"@type\":\"Organization\",\"@id\":\"https:\/\/www.axiomams.eu\/lv#organization\",\"name\":\"AXIOMA MS\",\"url\":\"https:\/\/www.axiomams.eu\/lv\",\"logo\":{\"@type\":\"ImageObject\",\"inLanguage\":\"lv-LV\",\"@id\":\"https:\/\/www.axiomams.eu\/lv#\/schema\/logo\/image\/\",\"url\":\"https:\/\/www.axiomams.eu\/wp-content\/uploads\/2025\/06\/axioma-logo-2.png\",\"contentUrl\":\"https:\/\/www.axiomams.eu\/wp-content\/uploads\/2025\/06\/axioma-logo-2.png\",\"width\":1200,\"height\":1200,\"caption\":\"AXIOMA MS\"},\"image\":{\"@id\":\"https:\/\/www.axiomams.eu\/lv#\/schema\/logo\/image\/\"},\"sameAs\":[\"https:\/\/www.facebook.com\/AxiomaMS\",\"https:\/\/www.linkedin.com\/company\/axiomams\/\"]}]}<\/script>\n<!-- \/ Yoast SEO plugin. -->","yoast_head_json":{"title":"Testo 557s Smart Vacuum Kit sav\u0101c\u0113js (0564 5571) - AXIOMA MS","robots":{"index":"index","follow":"follow","max-snippet":"max-snippet:-1","max-image-preview":"max-image-preview:large","max-video-preview":"max-video-preview:-1"},"canonical":"https:\/\/www.axiomams.eu\/lv\/produktas\/testo-557s-smart-vacuum-kit-savacejs-0564-5571","og_locale":"lv_LV","og_type":"article","og_title":"Testo 557s Smart Vacuum Kit sav\u0101c\u0113js (0564 5571) - AXIOMA MS","og_description":"S\u0101ciet veikt efekt\u012bvus bezvadu m\u0113r\u012bjumus sald\u0113\u0161anas un gaisa kondicion\u0113\u0161anas sist\u0113m\u0101m, k\u0101 ar\u012b siltums\u016bk\u0146iem, izmantojot risin\u0101jumu, kam nav nepiecie\u0161ami vadi. Komplekt\u0101 iek\u013cautais Bluetooth vakuuma zonds \u013cauj p\u0101rbaud\u012bt vakuuma l\u012bmeni bez \u0161\u013c\u016bte\u0146u izmanto\u0161anas, t\u0101d\u0113j\u0101di darbs noris \u0101tr\u0101k un t\u012br\u0101k. Galven\u0101s funkcijas &#8211; Piln\u012bb\u0101 bezvadu m\u0113r\u012bjumu iesp\u0113jas, ko nodro\u0161ina Bluetooth zondes un liels grafiskais ekr\u0101ns, kas \u013cauj vienlaikus...","og_url":"https:\/\/www.axiomams.eu\/lv\/produktas\/testo-557s-smart-vacuum-kit-savacejs-0564-5571","og_site_name":"AXIOMA MS","article_publisher":"https:\/\/www.facebook.com\/AxiomaMS","og_image":[{"width":800,"height":800,"url":"https:\/\/www.axiomams.eu\/wp-content\/uploads\/2026\/02\/4694-6210.jpg","type":"image\/jpeg"}],"twitter_card":"summary_large_image","twitter_misc":{"Est. reading time":"1 minute"},"schema":{"@context":"https:\/\/schema.org","@graph":[{"@type":"WebPage","@id":"https:\/\/www.axiomams.eu\/lv\/produktas\/testo-557s-smart-vacuum-kit-savacejs-0564-5571","url":"https:\/\/www.axiomams.eu\/lv\/produktas\/testo-557s-smart-vacuum-kit-savacejs-0564-5571","name":"Testo 557s Smart Vacuum Kit sav\u0101c\u0113js (0564 5571) - AXIOMA MS","isPartOf":{"@id":"https:\/\/www.axiomams.eu\/lv#website"},"primaryImageOfPage":{"@id":"https:\/\/www.axiomams.eu\/lv\/produktas\/testo-557s-smart-vacuum-kit-savacejs-0564-5571#primaryimage"},"image":{"@id":"https:\/\/www.axiomams.eu\/lv\/produktas\/testo-557s-smart-vacuum-kit-savacejs-0564-5571#primaryimage"},"thumbnailUrl":"https:\/\/www.axiomams.eu\/wp-content\/uploads\/2026\/02\/4694-6210.jpg","datePublished":"2026-02-04T13:17:13+00:00","breadcrumb":{"@id":"https:\/\/www.axiomams.eu\/lv\/produktas\/testo-557s-smart-vacuum-kit-savacejs-0564-5571#breadcrumb"},"inLanguage":"lv-LV","potentialAction":[{"@type":"ReadAction","target":["https:\/\/www.axiomams.eu\/lv\/produktas\/testo-557s-smart-vacuum-kit-savacejs-0564-5571"]}]},{"@type":"ImageObject","inLanguage":"lv-LV","@id":"https:\/\/www.axiomams.eu\/lv\/produktas\/testo-557s-smart-vacuum-kit-savacejs-0564-5571#primaryimage","url":"https:\/\/www.axiomams.eu\/wp-content\/uploads\/2026\/02\/4694-6210.jpg","contentUrl":"https:\/\/www.axiomams.eu\/wp-content\/uploads\/2026\/02\/4694-6210.jpg","width":800,"height":800},{"@type":"BreadcrumbList","@id":"https:\/\/www.axiomams.eu\/lv\/produktas\/testo-557s-smart-vacuum-kit-savacejs-0564-5571#breadcrumb","itemListElement":[{"@type":"ListItem","position":1,"name":"Home","item":"https:\/\/www.axiomams.eu\/lv"},{"@type":"ListItem","position":2,"name":"Produkti","item":"https:\/\/www.axiomams.eu\/lv\/produkti"},{"@type":"ListItem","position":3,"name":"Testo 557s Smart Vacuum Kit sav\u0101c\u0113js (0564 5571)"}]},{"@type":"WebSite","@id":"https:\/\/www.axiomams.eu\/lv#website","url":"https:\/\/www.axiomams.eu\/lv","name":"AXIOMA MS","description":"Terrmovizoriai ir matavimo \u012franga","publisher":{"@id":"https:\/\/www.axiomams.eu\/lv#organization"},"potentialAction":[{"@type":"SearchAction","target":{"@type":"EntryPoint","urlTemplate":"https:\/\/www.axiomams.eu\/lv?s={search_term_string}"},"query-input":{"@type":"PropertyValueSpecification","valueRequired":true,"valueName":"search_term_string"}}],"inLanguage":"lv-LV"},{"@type":"Organization","@id":"https:\/\/www.axiomams.eu\/lv#organization","name":"AXIOMA MS","url":"https:\/\/www.axiomams.eu\/lv","logo":{"@type":"ImageObject","inLanguage":"lv-LV","@id":"https:\/\/www.axiomams.eu\/lv#\/schema\/logo\/image\/","url":"https:\/\/www.axiomams.eu\/wp-content\/uploads\/2025\/06\/axioma-logo-2.png","contentUrl":"https:\/\/www.axiomams.eu\/wp-content\/uploads\/2025\/06\/axioma-logo-2.png","width":1200,"height":1200,"caption":"AXIOMA MS"},"image":{"@id":"https:\/\/www.axiomams.eu\/lv#\/schema\/logo\/image\/"},"sameAs":["https:\/\/www.facebook.com\/AxiomaMS","https:\/\/www.linkedin.com\/company\/axiomams\/"]}]}},"_links":{"self":[{"href":"https:\/\/www.axiomams.eu\/lv\/wp-json\/wp\/v2\/product\/44554","targetHints":{"allow":["GET"]}}],"collection":[{"href":"https:\/\/www.axiomams.eu\/lv\/wp-json\/wp\/v2\/product"}],"about":[{"href":"https:\/\/www.axiomams.eu\/lv\/wp-json\/wp\/v2\/types\/product"}],"replies":[{"embeddable":true,"href":"https:\/\/www.axiomams.eu\/lv\/wp-json\/wp\/v2\/comments?post=44554"}],"wp:featuredmedia":[{"embeddable":true,"href":"https:\/\/www.axiomams.eu\/lv\/wp-json\/wp\/v2\/media\/44553"}],"wp:attachment":[{"href":"https:\/\/www.axiomams.eu\/lv\/wp-json\/wp\/v2\/media?parent=44554"}],"wp:term":[{"taxonomy":"product_brand","embeddable":true,"href":"https:\/\/www.axiomams.eu\/lv\/wp-json\/wp\/v2\/product_brand?post=44554"},{"taxonomy":"product_cat","embeddable":true,"href":"https:\/\/www.axiomams.eu\/lv\/wp-json\/wp\/v2\/product_cat?post=44554"},{"taxonomy":"product_tag","embeddable":true,"href":"https:\/\/www.axiomams.eu\/lv\/wp-json\/wp\/v2\/product_tag?post=44554"}],"curies":[{"name":"wp","href":"https:\/\/api.w.org\/{rel}","templated":true}]}}