{"id":44558,"date":"2026-02-04T15:17:20","date_gmt":"2026-02-04T13:17:20","guid":{"rendered":"https:\/\/www.axiomams.eu\/produktas\/testo-558s-smart-vacuum-kit-savacejs-0564-5582"},"modified":"2026-02-04T15:17:20","modified_gmt":"2026-02-04T13:17:20","slug":"testo-558s-smart-vacuum-kit-savacejs-0564-5582","status":"publish","type":"product","link":"https:\/\/www.axiomams.eu\/lv\/produktas\/testo-558s-smart-vacuum-kit-savacejs-0564-5582","title":{"rendered":"Testo 558s Smart Vacuum Kit sav\u0101c\u0113js (0564 5582)"},"content":{"rendered":"<p>testo 558s digit\u0101lais datu v\u0101c\u0113js \u2014 tiek izmantots bezvadu m\u0113r\u012bjumu veik\u0161anai sald\u0113\u0161anas un gaisa kondicion\u0113\u0161anas sist\u0113m\u0101s, k\u0101 ar\u012b siltums\u016bk\u0146os. testo 558s savienojas ar bezvadu temperat\u016bras un vakuuma zond\u0113m, izmantojot Bluetooth, un nodro\u0161ina efekt\u012bvu apr\u012bkojumu ikdienas apkopes darbiem. <\/p>\n<p>\u0112rta lietot\u0101ja saskarne<br \/>\nPateicoties lielajam, kr\u0101sainajam sk\u0101rienjut\u012bgajam ekr\u0101nam, tekstu 558s kolektors izce\u013cas ar intuit\u012bvu un \u0113rtu vad\u012bbu, kas vienk\u0101r\u0161o konfigur\u0113\u0161anu, lieto\u0161anu un dokument\u0113\u0161anu. Str\u0101d\u0101jot ar cimdiem, izv\u0113lni var vad\u012bt ar\u012b ar pog\u0101m. <\/p>\n<p>Sader\u012bgs ar visiem standarta aukstuma a\u0123entiem<br \/>\ntesto 558s ir sader\u012bgs ar A3 un A2L klases degamiem aukstuma a\u0123entiem. Ier\u012bc\u0113 ir vair\u0101k nek\u0101 96 dzes\u0113jo\u0161o \u0161\u0137idrumu datu b\u0101ze, t\u0101d\u0113\u013c lietot\u0101ji var str\u0101d\u0101t ar visiem parastajiem dzes\u0113jo\u0161o \u0161\u0137idrumu veidiem un atz\u012bm\u0113t iecien\u012btos, lai tos \u0101tri izv\u0113l\u0113tos. <\/p>\n<p>Datu apstr\u0101de<br \/>\nLietot\u0101ji var eksport\u0113t m\u0113r\u012bjumu datus un \u0123ener\u0113t atskaites tie\u0161i caur testo Smart App, t\u0101d\u0113j\u0101di visu dokument\u0101ciju var sagatavot darba viet\u0101.<\/p>\n<p>Pla\u0161as pielietojums<br \/>\nIzmantojot Testo 558s kolektoru, var veikt p\u0101rkar\u0161anas, p\u0101rkaus\u0113\u0161anas, herm\u0113tiskuma p\u0101rbaudes, Delta T m\u0113r\u012bjumus, k\u0101 ar\u012b iztuk\u0161o\u0161anas un piepild\u012b\u0161anas darbus. Pla\u0161ais savienojumu kl\u0101sts nodro\u0161ina vienotu un efekt\u012bvu darbu ar sald\u0113\u0161anas iek\u0101rt\u0101m. <\/p>\n<p>Uzticams un iztur\u012bgs<br \/>\nIztur\u012bgais korpuss ar aizsardz\u012bbas klasi IP54 garant\u0113 ilgu kalpo\u0161anas laiku un uzticamu darb\u012bbu sare\u017e\u0123\u012btos darba apst\u0101k\u013cos.<\/p>\n<p>Datu b\u0101zes atjaunin\u0101\u0161ana<br \/>\nBemaksas 558s datu b\u0101zes atjaunin\u0101jumi nodro\u0161ina, ka kolektora datu b\u0101ze paliks sader\u012bga ar jaunajiem r\u012bkiem.<\/p>\n<p>Komplekt\u0101cija: testo 558s digit\u0101lais datu v\u0101c\u0113js, 2 x testo 115i bezvadu skavas termometri, 1 x testo 552i bezvadu vakuuma zonde, p\u0101rn\u0113s\u0101\u0161anas soma, USB-C kabelis, testo Smart App, kalibr\u0113\u0161anas protokols, lieto\u0161anas instrukcija.<\/p>\n<p><iframe loading=\"lazy\" width=\"560\" height=\"315\" src=\"https:\/\/www.youtube.com\/embed\/F1_2tzA0Mvc?si=mb-u8g_XJi452l0X\" title=\"YouTube video player\" frameborder=\"0\" allow=\"accelerometer; autoplay; clipboard-write; encrypted-media; gyroscope; picture-in-picture; web-share\" referrerpolicy=\"strict-origin-when-cross-origin\" allowfullscreen=\"\"><\/iframe><\/p>\n<h3>Tehnisk\u0101 inform\u0101cija:<\/h3>\n<ul>\n<li><a href=\"https:\/\/axiomams.eu\/importer\/export\/attachments\/lt\/testo-558s.pdf\" target=\"_blank\">testo 558s.pdf<\/a><\/li>\n<\/ul>\n","protected":false},"excerpt":{"rendered":"<p>testo 558s digit\u0101lais datu v\u0101c\u0113js \u2014 tiek izmantots bezvadu m\u0113r\u012bjumu veik\u0161anai sald\u0113\u0161anas un gaisa kondicion\u0113\u0161anas sist\u0113m\u0101s, k\u0101 ar\u012b siltums\u016bk\u0146os. testo 558s savienojas ar bezvadu temperat\u016bras un vakuuma zond\u0113m, izmantojot Bluetooth, un nodro\u0161ina efekt\u012bvu apr\u012bkojumu ikdienas apkopes darbiem. \u0112rta lietot\u0101ja saskarne Pateicoties lielajam, kr\u0101sainajam sk\u0101rienjut\u012bgajam ekr\u0101nam, tekstu 558s kolektors izce\u013cas ar intuit\u012bvu un \u0113rtu vad\u012bbu, kas&#8230;<\/p>\n","protected":false},"featured_media":44556,"comment_status":"open","ping_status":"closed","template":"","meta":{"_acf_changed":false},"product_brand":[735],"product_cat":[17741,17860],"product_tag":[],"class_list":{"0":"post-44558","1":"product","2":"type-product","3":"status-publish","4":"has-post-thumbnail","6":"product_brand-testo","7":"product_cat-apkures-dzesesanas-un-ventilacijas-hvac-parbaude","8":"product_cat-sildymo","10":"first","11":"instock","12":"featured","13":"taxable","14":"shipping-taxable","15":"purchasable","16":"product-type-simple"},"acf":[],"yoast_head":"<!-- This site is optimized with the Yoast SEO plugin v27.0 - https:\/\/yoast.com\/product\/yoast-seo-wordpress\/ -->\n<title>Testo 558s Smart Vacuum Kit sav\u0101c\u0113js (0564 5582) - AXIOMA MS<\/title>\n<meta name=\"robots\" content=\"index, follow, max-snippet:-1, max-image-preview:large, max-video-preview:-1\" \/>\n<link rel=\"canonical\" href=\"https:\/\/www.axiomams.eu\/lv\/produktas\/testo-558s-smart-vacuum-kit-savacejs-0564-5582\" \/>\n<meta property=\"og:locale\" content=\"lv_LV\" \/>\n<meta property=\"og:type\" content=\"article\" \/>\n<meta property=\"og:title\" content=\"Testo 558s Smart Vacuum Kit sav\u0101c\u0113js (0564 5582) - AXIOMA MS\" \/>\n<meta property=\"og:description\" content=\"testo 558s digit\u0101lais datu v\u0101c\u0113js \u2014 tiek izmantots bezvadu m\u0113r\u012bjumu veik\u0161anai sald\u0113\u0161anas un gaisa kondicion\u0113\u0161anas sist\u0113m\u0101s, k\u0101 ar\u012b siltums\u016bk\u0146os. testo 558s savienojas ar bezvadu temperat\u016bras un vakuuma zond\u0113m, izmantojot Bluetooth, un nodro\u0161ina efekt\u012bvu apr\u012bkojumu ikdienas apkopes darbiem. \u0112rta lietot\u0101ja saskarne Pateicoties lielajam, kr\u0101sainajam sk\u0101rienjut\u012bgajam ekr\u0101nam, tekstu 558s kolektors izce\u013cas ar intuit\u012bvu un \u0113rtu vad\u012bbu, kas...\" \/>\n<meta property=\"og:url\" content=\"https:\/\/www.axiomams.eu\/lv\/produktas\/testo-558s-smart-vacuum-kit-savacejs-0564-5582\" \/>\n<meta property=\"og:site_name\" content=\"AXIOMA MS\" \/>\n<meta property=\"article:publisher\" content=\"https:\/\/www.facebook.com\/AxiomaMS\" \/>\n<meta property=\"og:image\" content=\"https:\/\/www.axiomams.eu\/wp-content\/uploads\/2026\/02\/4693-6209.jpg\" \/>\n\t<meta property=\"og:image:width\" content=\"1056\" \/>\n\t<meta property=\"og:image:height\" content=\"800\" \/>\n\t<meta property=\"og:image:type\" content=\"image\/jpeg\" \/>\n<meta name=\"twitter:card\" content=\"summary_large_image\" \/>\n<meta name=\"twitter:label1\" content=\"Est. reading time\" \/>\n\t<meta name=\"twitter:data1\" content=\"2 minutes\" \/>\n<script type=\"application\/ld+json\" class=\"yoast-schema-graph\">{\"@context\":\"https:\/\/schema.org\",\"@graph\":[{\"@type\":\"WebPage\",\"@id\":\"https:\/\/www.axiomams.eu\/lv\/produktas\/testo-558s-smart-vacuum-kit-savacejs-0564-5582\",\"url\":\"https:\/\/www.axiomams.eu\/lv\/produktas\/testo-558s-smart-vacuum-kit-savacejs-0564-5582\",\"name\":\"Testo 558s Smart Vacuum Kit sav\u0101c\u0113js (0564 5582) - AXIOMA MS\",\"isPartOf\":{\"@id\":\"https:\/\/www.axiomams.eu\/lv#website\"},\"primaryImageOfPage\":{\"@id\":\"https:\/\/www.axiomams.eu\/lv\/produktas\/testo-558s-smart-vacuum-kit-savacejs-0564-5582#primaryimage\"},\"image\":{\"@id\":\"https:\/\/www.axiomams.eu\/lv\/produktas\/testo-558s-smart-vacuum-kit-savacejs-0564-5582#primaryimage\"},\"thumbnailUrl\":\"https:\/\/www.axiomams.eu\/wp-content\/uploads\/2026\/02\/4693-6209.jpg\",\"datePublished\":\"2026-02-04T13:17:20+00:00\",\"breadcrumb\":{\"@id\":\"https:\/\/www.axiomams.eu\/lv\/produktas\/testo-558s-smart-vacuum-kit-savacejs-0564-5582#breadcrumb\"},\"inLanguage\":\"lv-LV\",\"potentialAction\":[{\"@type\":\"ReadAction\",\"target\":[\"https:\/\/www.axiomams.eu\/lv\/produktas\/testo-558s-smart-vacuum-kit-savacejs-0564-5582\"]}]},{\"@type\":\"ImageObject\",\"inLanguage\":\"lv-LV\",\"@id\":\"https:\/\/www.axiomams.eu\/lv\/produktas\/testo-558s-smart-vacuum-kit-savacejs-0564-5582#primaryimage\",\"url\":\"https:\/\/www.axiomams.eu\/wp-content\/uploads\/2026\/02\/4693-6209.jpg\",\"contentUrl\":\"https:\/\/www.axiomams.eu\/wp-content\/uploads\/2026\/02\/4693-6209.jpg\",\"width\":1056,\"height\":800},{\"@type\":\"BreadcrumbList\",\"@id\":\"https:\/\/www.axiomams.eu\/lv\/produktas\/testo-558s-smart-vacuum-kit-savacejs-0564-5582#breadcrumb\",\"itemListElement\":[{\"@type\":\"ListItem\",\"position\":1,\"name\":\"Home\",\"item\":\"https:\/\/www.axiomams.eu\/lv\"},{\"@type\":\"ListItem\",\"position\":2,\"name\":\"Produkti\",\"item\":\"https:\/\/www.axiomams.eu\/lv\/produkti\"},{\"@type\":\"ListItem\",\"position\":3,\"name\":\"Testo 558s Smart Vacuum Kit sav\u0101c\u0113js (0564 5582)\"}]},{\"@type\":\"WebSite\",\"@id\":\"https:\/\/www.axiomams.eu\/lv#website\",\"url\":\"https:\/\/www.axiomams.eu\/lv\",\"name\":\"AXIOMA MS\",\"description\":\"Terrmovizoriai ir matavimo \u012franga\",\"publisher\":{\"@id\":\"https:\/\/www.axiomams.eu\/lv#organization\"},\"potentialAction\":[{\"@type\":\"SearchAction\",\"target\":{\"@type\":\"EntryPoint\",\"urlTemplate\":\"https:\/\/www.axiomams.eu\/lv?s={search_term_string}\"},\"query-input\":{\"@type\":\"PropertyValueSpecification\",\"valueRequired\":true,\"valueName\":\"search_term_string\"}}],\"inLanguage\":\"lv-LV\"},{\"@type\":\"Organization\",\"@id\":\"https:\/\/www.axiomams.eu\/lv#organization\",\"name\":\"AXIOMA MS\",\"url\":\"https:\/\/www.axiomams.eu\/lv\",\"logo\":{\"@type\":\"ImageObject\",\"inLanguage\":\"lv-LV\",\"@id\":\"https:\/\/www.axiomams.eu\/lv#\/schema\/logo\/image\/\",\"url\":\"https:\/\/www.axiomams.eu\/wp-content\/uploads\/2025\/06\/axioma-logo-2.png\",\"contentUrl\":\"https:\/\/www.axiomams.eu\/wp-content\/uploads\/2025\/06\/axioma-logo-2.png\",\"width\":1200,\"height\":1200,\"caption\":\"AXIOMA MS\"},\"image\":{\"@id\":\"https:\/\/www.axiomams.eu\/lv#\/schema\/logo\/image\/\"},\"sameAs\":[\"https:\/\/www.facebook.com\/AxiomaMS\",\"https:\/\/www.linkedin.com\/company\/axiomams\/\"]}]}<\/script>\n<!-- \/ Yoast SEO plugin. -->","yoast_head_json":{"title":"Testo 558s Smart Vacuum Kit sav\u0101c\u0113js (0564 5582) - AXIOMA MS","robots":{"index":"index","follow":"follow","max-snippet":"max-snippet:-1","max-image-preview":"max-image-preview:large","max-video-preview":"max-video-preview:-1"},"canonical":"https:\/\/www.axiomams.eu\/lv\/produktas\/testo-558s-smart-vacuum-kit-savacejs-0564-5582","og_locale":"lv_LV","og_type":"article","og_title":"Testo 558s Smart Vacuum Kit sav\u0101c\u0113js (0564 5582) - AXIOMA MS","og_description":"testo 558s digit\u0101lais datu v\u0101c\u0113js \u2014 tiek izmantots bezvadu m\u0113r\u012bjumu veik\u0161anai sald\u0113\u0161anas un gaisa kondicion\u0113\u0161anas sist\u0113m\u0101s, k\u0101 ar\u012b siltums\u016bk\u0146os. testo 558s savienojas ar bezvadu temperat\u016bras un vakuuma zond\u0113m, izmantojot Bluetooth, un nodro\u0161ina efekt\u012bvu apr\u012bkojumu ikdienas apkopes darbiem. \u0112rta lietot\u0101ja saskarne Pateicoties lielajam, kr\u0101sainajam sk\u0101rienjut\u012bgajam ekr\u0101nam, tekstu 558s kolektors izce\u013cas ar intuit\u012bvu un \u0113rtu vad\u012bbu, kas...","og_url":"https:\/\/www.axiomams.eu\/lv\/produktas\/testo-558s-smart-vacuum-kit-savacejs-0564-5582","og_site_name":"AXIOMA MS","article_publisher":"https:\/\/www.facebook.com\/AxiomaMS","og_image":[{"width":1056,"height":800,"url":"https:\/\/www.axiomams.eu\/wp-content\/uploads\/2026\/02\/4693-6209.jpg","type":"image\/jpeg"}],"twitter_card":"summary_large_image","twitter_misc":{"Est. reading time":"2 minutes"},"schema":{"@context":"https:\/\/schema.org","@graph":[{"@type":"WebPage","@id":"https:\/\/www.axiomams.eu\/lv\/produktas\/testo-558s-smart-vacuum-kit-savacejs-0564-5582","url":"https:\/\/www.axiomams.eu\/lv\/produktas\/testo-558s-smart-vacuum-kit-savacejs-0564-5582","name":"Testo 558s Smart Vacuum Kit sav\u0101c\u0113js (0564 5582) - AXIOMA MS","isPartOf":{"@id":"https:\/\/www.axiomams.eu\/lv#website"},"primaryImageOfPage":{"@id":"https:\/\/www.axiomams.eu\/lv\/produktas\/testo-558s-smart-vacuum-kit-savacejs-0564-5582#primaryimage"},"image":{"@id":"https:\/\/www.axiomams.eu\/lv\/produktas\/testo-558s-smart-vacuum-kit-savacejs-0564-5582#primaryimage"},"thumbnailUrl":"https:\/\/www.axiomams.eu\/wp-content\/uploads\/2026\/02\/4693-6209.jpg","datePublished":"2026-02-04T13:17:20+00:00","breadcrumb":{"@id":"https:\/\/www.axiomams.eu\/lv\/produktas\/testo-558s-smart-vacuum-kit-savacejs-0564-5582#breadcrumb"},"inLanguage":"lv-LV","potentialAction":[{"@type":"ReadAction","target":["https:\/\/www.axiomams.eu\/lv\/produktas\/testo-558s-smart-vacuum-kit-savacejs-0564-5582"]}]},{"@type":"ImageObject","inLanguage":"lv-LV","@id":"https:\/\/www.axiomams.eu\/lv\/produktas\/testo-558s-smart-vacuum-kit-savacejs-0564-5582#primaryimage","url":"https:\/\/www.axiomams.eu\/wp-content\/uploads\/2026\/02\/4693-6209.jpg","contentUrl":"https:\/\/www.axiomams.eu\/wp-content\/uploads\/2026\/02\/4693-6209.jpg","width":1056,"height":800},{"@type":"BreadcrumbList","@id":"https:\/\/www.axiomams.eu\/lv\/produktas\/testo-558s-smart-vacuum-kit-savacejs-0564-5582#breadcrumb","itemListElement":[{"@type":"ListItem","position":1,"name":"Home","item":"https:\/\/www.axiomams.eu\/lv"},{"@type":"ListItem","position":2,"name":"Produkti","item":"https:\/\/www.axiomams.eu\/lv\/produkti"},{"@type":"ListItem","position":3,"name":"Testo 558s Smart Vacuum Kit sav\u0101c\u0113js (0564 5582)"}]},{"@type":"WebSite","@id":"https:\/\/www.axiomams.eu\/lv#website","url":"https:\/\/www.axiomams.eu\/lv","name":"AXIOMA MS","description":"Terrmovizoriai ir matavimo \u012franga","publisher":{"@id":"https:\/\/www.axiomams.eu\/lv#organization"},"potentialAction":[{"@type":"SearchAction","target":{"@type":"EntryPoint","urlTemplate":"https:\/\/www.axiomams.eu\/lv?s={search_term_string}"},"query-input":{"@type":"PropertyValueSpecification","valueRequired":true,"valueName":"search_term_string"}}],"inLanguage":"lv-LV"},{"@type":"Organization","@id":"https:\/\/www.axiomams.eu\/lv#organization","name":"AXIOMA MS","url":"https:\/\/www.axiomams.eu\/lv","logo":{"@type":"ImageObject","inLanguage":"lv-LV","@id":"https:\/\/www.axiomams.eu\/lv#\/schema\/logo\/image\/","url":"https:\/\/www.axiomams.eu\/wp-content\/uploads\/2025\/06\/axioma-logo-2.png","contentUrl":"https:\/\/www.axiomams.eu\/wp-content\/uploads\/2025\/06\/axioma-logo-2.png","width":1200,"height":1200,"caption":"AXIOMA MS"},"image":{"@id":"https:\/\/www.axiomams.eu\/lv#\/schema\/logo\/image\/"},"sameAs":["https:\/\/www.facebook.com\/AxiomaMS","https:\/\/www.linkedin.com\/company\/axiomams\/"]}]}},"_links":{"self":[{"href":"https:\/\/www.axiomams.eu\/lv\/wp-json\/wp\/v2\/product\/44558","targetHints":{"allow":["GET"]}}],"collection":[{"href":"https:\/\/www.axiomams.eu\/lv\/wp-json\/wp\/v2\/product"}],"about":[{"href":"https:\/\/www.axiomams.eu\/lv\/wp-json\/wp\/v2\/types\/product"}],"replies":[{"embeddable":true,"href":"https:\/\/www.axiomams.eu\/lv\/wp-json\/wp\/v2\/comments?post=44558"}],"wp:featuredmedia":[{"embeddable":true,"href":"https:\/\/www.axiomams.eu\/lv\/wp-json\/wp\/v2\/media\/44556"}],"wp:attachment":[{"href":"https:\/\/www.axiomams.eu\/lv\/wp-json\/wp\/v2\/media?parent=44558"}],"wp:term":[{"taxonomy":"product_brand","embeddable":true,"href":"https:\/\/www.axiomams.eu\/lv\/wp-json\/wp\/v2\/product_brand?post=44558"},{"taxonomy":"product_cat","embeddable":true,"href":"https:\/\/www.axiomams.eu\/lv\/wp-json\/wp\/v2\/product_cat?post=44558"},{"taxonomy":"product_tag","embeddable":true,"href":"https:\/\/www.axiomams.eu\/lv\/wp-json\/wp\/v2\/product_tag?post=44558"}],"curies":[{"name":"wp","href":"https:\/\/api.w.org\/{rel}","templated":true}]}}