{"id":44573,"date":"2026-02-04T15:16:22","date_gmt":"2026-02-04T13:16:22","guid":{"rendered":"https:\/\/www.axiomams.eu\/produktas\/pulsar-symbion-lrf-dxt50-termovizors"},"modified":"2026-02-04T15:16:22","modified_gmt":"2026-02-04T13:16:22","slug":"pulsar-symbion-lrf-dxt50-termovizors","status":"publish","type":"product","link":"https:\/\/www.axiomams.eu\/lv\/produktas\/pulsar-symbion-lrf-dxt50-termovizors","title":{"rendered":"Pulsar Symbion LRF DXT50 termov\u012bzors"},"content":{"rendered":"<p>Termovizors Pulsar DXT50 ir paredz\u0113ts lieto\u0161anai dab\u0101. Symbion LRF DXT50 ir apr\u012bkots ar augstas iz\u0161\u0137irtsp\u0113jas 4K digit\u0101l\u0101s kameras detektoru kop\u0101 ar augst\u0101k\u0101s klases termovizorisko detektoru, kas nodro\u0161ina uzticamu darb\u012bbu dienas laik\u0101, kr\u0113slas stund\u0101s un nakt\u012b. \u0160\u012b divkan\u0101lu sist\u0113ma \u013cauj lietot\u0101jiem nov\u0113rot reljefu, atkl\u0101t siltuma avotus un prec\u012bzi identific\u0113t objektus gandr\u012bz jebkuros apst\u0101k\u013cos.  <\/p>\n<p><iframe loading=\"lazy\" width=\"560\" height=\"315\" src=\"https:\/\/www.youtube.com\/embed\/iRnTgp7tPt4?si=j2I4mFWBxGqgHn8i\" title=\"YouTube video player\" frameborder=\"0\" allow=\"accelerometer; autoplay; clipboard-write; encrypted-media; gyroscope; picture-in-picture; web-share\" referrerpolicy=\"strict-origin-when-cross-origin\" allowfullscreen=\"\"><\/iframe><br \/>\nTermisk\u0101 att\u0113la uztver\u0161ana un att\u0113la stabilit\u0101te<br \/>\nPulsar Symbion LRF DXT50 modelis izce\u013cas ar HD 1280&#215;1024 termisk\u0101 att\u0113la iz\u0161\u0137irtsp\u0113ju, kas \u013cauj atkl\u0101t pat vismaz\u0101k\u0101s siltuma at\u0161\u0137ir\u012bbas da\u017e\u0101dos laika apst\u0101k\u013cos un apgaismojuma apst\u0101k\u013cos. Elektronisk\u0101 att\u0113la stabiliz\u0101cija samazina kust\u012bbas izpl\u016b\u0161anu un kompens\u0113 roku kust\u012bbas, saglab\u0101jot stabilu un skaidru att\u0113lu pat pie liel\u0101ka palielin\u0101juma, nov\u0113rojot reljefu vai sekojot kust\u012bgiem objektiem. <\/p>\n<p><img decoding=\"async\" src=\"https:\/\/www.axiomams.eu\/wp-content\/uploads\/2026\/02\/4702-6220.jpg\" alt=\"Pulsar Symbion LRF DXT50 1\" style=\"width:560px;\"><\/p>\n<p>Ieb\u016bv\u0113ts l\u0101zera att\u0101luma m\u0113r\u012bt\u0101js<br \/>\nIntegr\u0113tais l\u0101zera att\u0101luma m\u0113r\u012bt\u0101js nodro\u0161ina \u0101tru un prec\u012bzu att\u0101luma m\u0113r\u012b\u0161anu l\u012bdz 1 500 m. Lietot\u0101ji var izv\u0113l\u0113ties sken\u0113\u0161anas vai vienreiz\u0113j\u0101s m\u0113r\u012b\u0161anas re\u017e\u012bmus, lai \u0101tri nov\u0113rt\u0113tu att\u0101lumu un var\u0113tu p\u0101rliecino\u0161i pl\u0101not darb\u012bbas un pie\u0146emt pamatotus l\u0113mumus dinamisk\u0101s situ\u0101cij\u0101s lauk\u0101. <\/p>\n<p><img decoding=\"async\" src=\"https:\/\/www.axiomams.eu\/wp-content\/uploads\/2026\/02\/4702-6221.jpg\" alt=\"Pulsar Symbion LRF DXT50 2\" style=\"width:560px;\"><\/p>\n<p>Ergonomika un vienk\u0101r\u0161a lieto\u0161ana<br \/>\nIztur\u012bgais, \u0101ra apst\u0101k\u013ciem piel\u0101gots korpuss ir izstr\u0101d\u0101ts, lai iztur\u0113tu sare\u017e\u0123\u012btus lieto\u0161anas apst\u0101k\u013cus. Dubultie fokusa rati\u0146i un intuit\u012bvi izvietotie vad\u012bbas elementi \u013cauj \u0113rti vad\u012bt ier\u012bci ar vienu roku gan kreisroc\u012bgiem, gan labroc\u012bgiem lietot\u0101jiem. Intuit\u012bva saskarne nodro\u0161ina \u0101tru piek\u013cuvi svar\u012bg\u0101kajiem iestat\u012bjumiem, samazinot nepiecie\u0161am\u012bbu p\u0113c regul\u0113\u0161anas un \u013caujot koncentr\u0113ties uz nov\u0113ro\u0161anu.  <\/p>\n<p><img decoding=\"async\" src=\"https:\/\/www.axiomams.eu\/wp-content\/uploads\/2026\/02\/4702-6222.jpg\" alt=\"Pulsar Symbion LRF DXT50 3\" style=\"width:560px;\"><\/p>\n<p>\u0100ra apst\u0101k\u013ciem piel\u0101gots dizains<br \/>\nPulsar Symbion LRF DXT50 ir pla\u0161s redzes lauks, kas optimiz\u0113ts me\u017eiem vai da\u017e\u0101dam reljefam, nodro\u0161inot efekt\u012bvu sken\u0113\u0161anu, \u0101tru objektu noteik\u0161anu un uzticamu identifik\u0101ciju dienas, kr\u0113slas un nakts apst\u0101k\u013cos.<\/p>\n","protected":false},"excerpt":{"rendered":"<p>Termovizors Pulsar DXT50 ir paredz\u0113ts lieto\u0161anai dab\u0101. Symbion LRF DXT50 ir apr\u012bkots ar augstas iz\u0161\u0137irtsp\u0113jas 4K digit\u0101l\u0101s kameras detektoru kop\u0101 ar augst\u0101k\u0101s klases termovizorisko detektoru, kas nodro\u0161ina uzticamu darb\u012bbu dienas laik\u0101, kr\u0113slas stund\u0101s un nakt\u012b. \u0160\u012b divkan\u0101lu sist\u0113ma \u013cauj lietot\u0101jiem nov\u0113rot reljefu, atkl\u0101t siltuma avotus un prec\u012bzi identific\u0113t objektus gandr\u012bz jebkuros apst\u0101k\u013cos. Termisk\u0101 att\u0113la uztver\u0161ana&#8230;<\/p>\n","protected":false},"featured_media":44106,"comment_status":"open","ping_status":"closed","template":"","meta":{"_acf_changed":false},"product_brand":[17695],"product_cat":[17733],"product_tag":[],"class_list":{"0":"post-44573","1":"product","2":"type-product","3":"status-publish","4":"has-post-thumbnail","6":"product_brand-pulsar","7":"product_cat-medibam-un-noverosanai","9":"first","10":"instock","11":"taxable","12":"shipping-taxable","13":"purchasable","14":"product-type-simple"},"acf":[],"yoast_head":"<!-- This site is optimized with the Yoast SEO plugin v27.0 - https:\/\/yoast.com\/product\/yoast-seo-wordpress\/ -->\n<title>Pulsar Symbion LRF DXT50 termov\u012bzors - AXIOMA MS<\/title>\n<meta name=\"robots\" content=\"index, follow, max-snippet:-1, max-image-preview:large, max-video-preview:-1\" \/>\n<link rel=\"canonical\" href=\"https:\/\/www.axiomams.eu\/lv\/produktas\/pulsar-symbion-lrf-dxt50-termovizors\" \/>\n<meta property=\"og:locale\" content=\"lv_LV\" \/>\n<meta property=\"og:type\" content=\"article\" \/>\n<meta property=\"og:title\" content=\"Pulsar Symbion LRF DXT50 termov\u012bzors - AXIOMA MS\" \/>\n<meta property=\"og:description\" content=\"Termovizors Pulsar DXT50 ir paredz\u0113ts lieto\u0161anai dab\u0101. Symbion LRF DXT50 ir apr\u012bkots ar augstas iz\u0161\u0137irtsp\u0113jas 4K digit\u0101l\u0101s kameras detektoru kop\u0101 ar augst\u0101k\u0101s klases termovizorisko detektoru, kas nodro\u0161ina uzticamu darb\u012bbu dienas laik\u0101, kr\u0113slas stund\u0101s un nakt\u012b. \u0160\u012b divkan\u0101lu sist\u0113ma \u013cauj lietot\u0101jiem nov\u0113rot reljefu, atkl\u0101t siltuma avotus un prec\u012bzi identific\u0113t objektus gandr\u012bz jebkuros apst\u0101k\u013cos. Termisk\u0101 att\u0113la uztver\u0161ana...\" \/>\n<meta property=\"og:url\" content=\"https:\/\/www.axiomams.eu\/lv\/produktas\/pulsar-symbion-lrf-dxt50-termovizors\" \/>\n<meta property=\"og:site_name\" content=\"AXIOMA MS\" \/>\n<meta property=\"article:publisher\" content=\"https:\/\/www.facebook.com\/AxiomaMS\" \/>\n<meta property=\"og:image\" content=\"https:\/\/www.axiomams.eu\/wp-content\/uploads\/2026\/02\/4702-6219.jpg\" \/>\n\t<meta property=\"og:image:width\" content=\"1000\" \/>\n\t<meta property=\"og:image:height\" content=\"500\" \/>\n\t<meta property=\"og:image:type\" content=\"image\/jpeg\" \/>\n<meta name=\"twitter:card\" content=\"summary_large_image\" \/>\n<meta name=\"twitter:label1\" content=\"Est. reading time\" \/>\n\t<meta name=\"twitter:data1\" content=\"2 minutes\" \/>\n<script type=\"application\/ld+json\" class=\"yoast-schema-graph\">{\"@context\":\"https:\/\/schema.org\",\"@graph\":[{\"@type\":\"WebPage\",\"@id\":\"https:\/\/www.axiomams.eu\/lv\/produktas\/pulsar-symbion-lrf-dxt50-termovizors\",\"url\":\"https:\/\/www.axiomams.eu\/lv\/produktas\/pulsar-symbion-lrf-dxt50-termovizors\",\"name\":\"Pulsar Symbion LRF DXT50 termov\u012bzors - AXIOMA MS\",\"isPartOf\":{\"@id\":\"https:\/\/www.axiomams.eu\/lv#website\"},\"primaryImageOfPage\":{\"@id\":\"https:\/\/www.axiomams.eu\/lv\/produktas\/pulsar-symbion-lrf-dxt50-termovizors#primaryimage\"},\"image\":{\"@id\":\"https:\/\/www.axiomams.eu\/lv\/produktas\/pulsar-symbion-lrf-dxt50-termovizors#primaryimage\"},\"thumbnailUrl\":\"https:\/\/www.axiomams.eu\/wp-content\/uploads\/2026\/02\/4702-6219.jpg\",\"datePublished\":\"2026-02-04T13:16:22+00:00\",\"breadcrumb\":{\"@id\":\"https:\/\/www.axiomams.eu\/lv\/produktas\/pulsar-symbion-lrf-dxt50-termovizors#breadcrumb\"},\"inLanguage\":\"lv-LV\",\"potentialAction\":[{\"@type\":\"ReadAction\",\"target\":[\"https:\/\/www.axiomams.eu\/lv\/produktas\/pulsar-symbion-lrf-dxt50-termovizors\"]}]},{\"@type\":\"ImageObject\",\"inLanguage\":\"lv-LV\",\"@id\":\"https:\/\/www.axiomams.eu\/lv\/produktas\/pulsar-symbion-lrf-dxt50-termovizors#primaryimage\",\"url\":\"https:\/\/www.axiomams.eu\/wp-content\/uploads\/2026\/02\/4702-6219.jpg\",\"contentUrl\":\"https:\/\/www.axiomams.eu\/wp-content\/uploads\/2026\/02\/4702-6219.jpg\",\"width\":1000,\"height\":500},{\"@type\":\"BreadcrumbList\",\"@id\":\"https:\/\/www.axiomams.eu\/lv\/produktas\/pulsar-symbion-lrf-dxt50-termovizors#breadcrumb\",\"itemListElement\":[{\"@type\":\"ListItem\",\"position\":1,\"name\":\"Home\",\"item\":\"https:\/\/www.axiomams.eu\/lv\"},{\"@type\":\"ListItem\",\"position\":2,\"name\":\"Produkti\",\"item\":\"https:\/\/www.axiomams.eu\/lv\/produkti\"},{\"@type\":\"ListItem\",\"position\":3,\"name\":\"Pulsar Symbion LRF DXT50 termov\u012bzors\"}]},{\"@type\":\"WebSite\",\"@id\":\"https:\/\/www.axiomams.eu\/lv#website\",\"url\":\"https:\/\/www.axiomams.eu\/lv\",\"name\":\"AXIOMA MS\",\"description\":\"Terrmovizoriai ir matavimo \u012franga\",\"publisher\":{\"@id\":\"https:\/\/www.axiomams.eu\/lv#organization\"},\"potentialAction\":[{\"@type\":\"SearchAction\",\"target\":{\"@type\":\"EntryPoint\",\"urlTemplate\":\"https:\/\/www.axiomams.eu\/lv?s={search_term_string}\"},\"query-input\":{\"@type\":\"PropertyValueSpecification\",\"valueRequired\":true,\"valueName\":\"search_term_string\"}}],\"inLanguage\":\"lv-LV\"},{\"@type\":\"Organization\",\"@id\":\"https:\/\/www.axiomams.eu\/lv#organization\",\"name\":\"AXIOMA MS\",\"url\":\"https:\/\/www.axiomams.eu\/lv\",\"logo\":{\"@type\":\"ImageObject\",\"inLanguage\":\"lv-LV\",\"@id\":\"https:\/\/www.axiomams.eu\/lv#\/schema\/logo\/image\/\",\"url\":\"https:\/\/www.axiomams.eu\/wp-content\/uploads\/2025\/06\/axioma-logo-2.png\",\"contentUrl\":\"https:\/\/www.axiomams.eu\/wp-content\/uploads\/2025\/06\/axioma-logo-2.png\",\"width\":1200,\"height\":1200,\"caption\":\"AXIOMA MS\"},\"image\":{\"@id\":\"https:\/\/www.axiomams.eu\/lv#\/schema\/logo\/image\/\"},\"sameAs\":[\"https:\/\/www.facebook.com\/AxiomaMS\",\"https:\/\/www.linkedin.com\/company\/axiomams\/\"]}]}<\/script>\n<!-- \/ Yoast SEO plugin. -->","yoast_head_json":{"title":"Pulsar Symbion LRF DXT50 termov\u012bzors - AXIOMA MS","robots":{"index":"index","follow":"follow","max-snippet":"max-snippet:-1","max-image-preview":"max-image-preview:large","max-video-preview":"max-video-preview:-1"},"canonical":"https:\/\/www.axiomams.eu\/lv\/produktas\/pulsar-symbion-lrf-dxt50-termovizors","og_locale":"lv_LV","og_type":"article","og_title":"Pulsar Symbion LRF DXT50 termov\u012bzors - AXIOMA MS","og_description":"Termovizors Pulsar DXT50 ir paredz\u0113ts lieto\u0161anai dab\u0101. Symbion LRF DXT50 ir apr\u012bkots ar augstas iz\u0161\u0137irtsp\u0113jas 4K digit\u0101l\u0101s kameras detektoru kop\u0101 ar augst\u0101k\u0101s klases termovizorisko detektoru, kas nodro\u0161ina uzticamu darb\u012bbu dienas laik\u0101, kr\u0113slas stund\u0101s un nakt\u012b. \u0160\u012b divkan\u0101lu sist\u0113ma \u013cauj lietot\u0101jiem nov\u0113rot reljefu, atkl\u0101t siltuma avotus un prec\u012bzi identific\u0113t objektus gandr\u012bz jebkuros apst\u0101k\u013cos. Termisk\u0101 att\u0113la uztver\u0161ana...","og_url":"https:\/\/www.axiomams.eu\/lv\/produktas\/pulsar-symbion-lrf-dxt50-termovizors","og_site_name":"AXIOMA MS","article_publisher":"https:\/\/www.facebook.com\/AxiomaMS","og_image":[{"width":1000,"height":500,"url":"https:\/\/www.axiomams.eu\/wp-content\/uploads\/2026\/02\/4702-6219.jpg","type":"image\/jpeg"}],"twitter_card":"summary_large_image","twitter_misc":{"Est. reading time":"2 minutes"},"schema":{"@context":"https:\/\/schema.org","@graph":[{"@type":"WebPage","@id":"https:\/\/www.axiomams.eu\/lv\/produktas\/pulsar-symbion-lrf-dxt50-termovizors","url":"https:\/\/www.axiomams.eu\/lv\/produktas\/pulsar-symbion-lrf-dxt50-termovizors","name":"Pulsar Symbion LRF DXT50 termov\u012bzors - AXIOMA MS","isPartOf":{"@id":"https:\/\/www.axiomams.eu\/lv#website"},"primaryImageOfPage":{"@id":"https:\/\/www.axiomams.eu\/lv\/produktas\/pulsar-symbion-lrf-dxt50-termovizors#primaryimage"},"image":{"@id":"https:\/\/www.axiomams.eu\/lv\/produktas\/pulsar-symbion-lrf-dxt50-termovizors#primaryimage"},"thumbnailUrl":"https:\/\/www.axiomams.eu\/wp-content\/uploads\/2026\/02\/4702-6219.jpg","datePublished":"2026-02-04T13:16:22+00:00","breadcrumb":{"@id":"https:\/\/www.axiomams.eu\/lv\/produktas\/pulsar-symbion-lrf-dxt50-termovizors#breadcrumb"},"inLanguage":"lv-LV","potentialAction":[{"@type":"ReadAction","target":["https:\/\/www.axiomams.eu\/lv\/produktas\/pulsar-symbion-lrf-dxt50-termovizors"]}]},{"@type":"ImageObject","inLanguage":"lv-LV","@id":"https:\/\/www.axiomams.eu\/lv\/produktas\/pulsar-symbion-lrf-dxt50-termovizors#primaryimage","url":"https:\/\/www.axiomams.eu\/wp-content\/uploads\/2026\/02\/4702-6219.jpg","contentUrl":"https:\/\/www.axiomams.eu\/wp-content\/uploads\/2026\/02\/4702-6219.jpg","width":1000,"height":500},{"@type":"BreadcrumbList","@id":"https:\/\/www.axiomams.eu\/lv\/produktas\/pulsar-symbion-lrf-dxt50-termovizors#breadcrumb","itemListElement":[{"@type":"ListItem","position":1,"name":"Home","item":"https:\/\/www.axiomams.eu\/lv"},{"@type":"ListItem","position":2,"name":"Produkti","item":"https:\/\/www.axiomams.eu\/lv\/produkti"},{"@type":"ListItem","position":3,"name":"Pulsar Symbion LRF DXT50 termov\u012bzors"}]},{"@type":"WebSite","@id":"https:\/\/www.axiomams.eu\/lv#website","url":"https:\/\/www.axiomams.eu\/lv","name":"AXIOMA MS","description":"Terrmovizoriai ir matavimo \u012franga","publisher":{"@id":"https:\/\/www.axiomams.eu\/lv#organization"},"potentialAction":[{"@type":"SearchAction","target":{"@type":"EntryPoint","urlTemplate":"https:\/\/www.axiomams.eu\/lv?s={search_term_string}"},"query-input":{"@type":"PropertyValueSpecification","valueRequired":true,"valueName":"search_term_string"}}],"inLanguage":"lv-LV"},{"@type":"Organization","@id":"https:\/\/www.axiomams.eu\/lv#organization","name":"AXIOMA MS","url":"https:\/\/www.axiomams.eu\/lv","logo":{"@type":"ImageObject","inLanguage":"lv-LV","@id":"https:\/\/www.axiomams.eu\/lv#\/schema\/logo\/image\/","url":"https:\/\/www.axiomams.eu\/wp-content\/uploads\/2025\/06\/axioma-logo-2.png","contentUrl":"https:\/\/www.axiomams.eu\/wp-content\/uploads\/2025\/06\/axioma-logo-2.png","width":1200,"height":1200,"caption":"AXIOMA MS"},"image":{"@id":"https:\/\/www.axiomams.eu\/lv#\/schema\/logo\/image\/"},"sameAs":["https:\/\/www.facebook.com\/AxiomaMS","https:\/\/www.linkedin.com\/company\/axiomams\/"]}]}},"_links":{"self":[{"href":"https:\/\/www.axiomams.eu\/lv\/wp-json\/wp\/v2\/product\/44573","targetHints":{"allow":["GET"]}}],"collection":[{"href":"https:\/\/www.axiomams.eu\/lv\/wp-json\/wp\/v2\/product"}],"about":[{"href":"https:\/\/www.axiomams.eu\/lv\/wp-json\/wp\/v2\/types\/product"}],"replies":[{"embeddable":true,"href":"https:\/\/www.axiomams.eu\/lv\/wp-json\/wp\/v2\/comments?post=44573"}],"wp:featuredmedia":[{"embeddable":true,"href":"https:\/\/www.axiomams.eu\/lv\/wp-json\/wp\/v2\/media\/44106"}],"wp:attachment":[{"href":"https:\/\/www.axiomams.eu\/lv\/wp-json\/wp\/v2\/media?parent=44573"}],"wp:term":[{"taxonomy":"product_brand","embeddable":true,"href":"https:\/\/www.axiomams.eu\/lv\/wp-json\/wp\/v2\/product_brand?post=44573"},{"taxonomy":"product_cat","embeddable":true,"href":"https:\/\/www.axiomams.eu\/lv\/wp-json\/wp\/v2\/product_cat?post=44573"},{"taxonomy":"product_tag","embeddable":true,"href":"https:\/\/www.axiomams.eu\/lv\/wp-json\/wp\/v2\/product_tag?post=44573"}],"curies":[{"name":"wp","href":"https:\/\/api.w.org\/{rel}","templated":true}]}}