{"id":44582,"date":"2026-02-04T15:17:21","date_gmt":"2026-02-04T13:17:21","guid":{"rendered":"https:\/\/www.axiomams.eu\/produktas\/testo-570s-smart-vacuum-kit-kolektors-0564-5702"},"modified":"2026-02-04T15:17:21","modified_gmt":"2026-02-04T13:17:21","slug":"testo-570s-smart-vacuum-kit-kolektors-0564-5702","status":"publish","type":"product","link":"https:\/\/www.axiomams.eu\/lv\/produktas\/testo-570s-smart-vacuum-kit-kolektors-0564-5702","title":{"rendered":"Testo 570s Smart Vacuum Kit kolektors (0564 5702)"},"content":{"rendered":"<p>testo 570s digit\u0101lais datu sav\u0101c\u0113js \u2013 tiek izmantots bezvadu m\u0113r\u012bjumu veik\u0161anai sald\u0113\u0161anas un gaisa kondicion\u0113\u0161anas sist\u0113m\u0101s, k\u0101 ar\u012b siltums\u016bk\u0146os. testo 570s savienojas ar bezvadu temperat\u016bras un vakuuma zond\u0113m, izmantojot Bluetooth, un nodro\u0161ina efekt\u012bvu apr\u012bkojumu ikdienas apkopes darbiem. <\/p>\n<p>Sader\u012bgs ar visiem standarta aukstuma a\u0123entiem<br \/>\ntesto 570s ir sader\u012bgs ar A3 un A2L klases degamiem aukstuma a\u0123entiem. Ier\u012bc\u0113 ir vair\u0101k nek\u0101 96 dzes\u0113jo\u0161o \u0161\u0137idrumu datu b\u0101ze, t\u0101d\u0113\u013c lietot\u0101ji var str\u0101d\u0101t ar visiem parastajiem dzes\u0113jo\u0161o \u0161\u0137idrumu veidiem un atz\u012bm\u0113t iecien\u012btos, lai tos \u0101tri izv\u0113l\u0113tos. <\/p>\n<p>Datu apstr\u0101de<br \/>\nLietot\u0101ji var eksport\u0113t m\u0113r\u012bjumu datus un \u0123ener\u0113t atskaites tie\u0161i caur testo Smart App, t\u0101d\u0113j\u0101di visu dokument\u0101ciju var sagatavot darba viet\u0101.<\/p>\n<p>Pla\u0161as pielietojums<br \/>\nIzmantojot Testo 570s kolektoru, var veikt p\u0101rkar\u0161anas, p\u0101rkaus\u0113\u0161anas, herm\u0113tiskuma p\u0101rbaudes, Delta T m\u0113r\u012bjumus, k\u0101 ar\u012b iztuk\u0161o\u0161anas un piepild\u012b\u0161anas darbus. Pla\u0161ais savienojumu kl\u0101sts nodro\u0161ina vienotu un efekt\u012bvu darbu ar sald\u0113\u0161anas iek\u0101rt\u0101m. <\/p>\n<p>Uzticams un iztur\u012bgs<br \/>\nIztur\u012bgais korpuss ar aizsardz\u012bbas klasi IP54 garant\u0113 ilgu kalpo\u0161anas laiku un uzticamu darb\u012bbu sare\u017e\u0123\u012btos darba apst\u0101k\u013cos.<\/p>\n<p>Datu b\u0101zes atjaunin\u0101\u0161ana<br \/>\nBemaksas 570s datu b\u0101zes atjaunin\u0101jumi nodro\u0161ina, ka kolektora datu b\u0101ze paliks sader\u012bga ar jaunajiem r\u012bkiem.<\/p>\n<p>Komplekt\u0101cija: testo 570s digit\u0101lais datu v\u0101c\u0113js, 2 x testo 115i bezvadu skavas termometri, 1 x testo 552i bezvadu vakuuma zonde, p\u0101rn\u0113s\u0101\u0161anas soma, testo Smart App, kalibr\u0113\u0161anas protokols, lieto\u0161anas instrukcija.<\/p>\n<p><iframe loading=\"lazy\" width=\"560\" height=\"315\" src=\"https:\/\/www.youtube.com\/embed\/26ivbt-kero?si=3WIv5zy8v376e3nJ\" title=\"YouTube video player\" frameborder=\"0\" allow=\"accelerometer; autoplay; clipboard-write; encrypted-media; gyroscope; picture-in-picture; web-share\" referrerpolicy=\"strict-origin-when-cross-origin\" allowfullscreen=\"\"><\/iframe><\/p>\n<h3>Tehnisk\u0101 inform\u0101cija:<\/h3>\n<ul>\n<li><a href=\"https:\/\/axiomams.eu\/importer\/export\/attachments\/lt\/testo-570s.pdf\" target=\"_blank\">testo 570s.pdf<\/a><\/li>\n<\/ul>\n","protected":false},"excerpt":{"rendered":"<p>testo 570s digit\u0101lais datu sav\u0101c\u0113js \u2013 tiek izmantots bezvadu m\u0113r\u012bjumu veik\u0161anai sald\u0113\u0161anas un gaisa kondicion\u0113\u0161anas sist\u0113m\u0101s, k\u0101 ar\u012b siltums\u016bk\u0146os. testo 570s savienojas ar bezvadu temperat\u016bras un vakuuma zond\u0113m, izmantojot Bluetooth, un nodro\u0161ina efekt\u012bvu apr\u012bkojumu ikdienas apkopes darbiem. Sader\u012bgs ar visiem standarta aukstuma a\u0123entiem testo 570s ir sader\u012bgs ar A3 un A2L klases degamiem aukstuma a\u0123entiem&#8230;.<\/p>\n","protected":false},"featured_media":44581,"comment_status":"open","ping_status":"closed","template":"","meta":{"_acf_changed":false},"product_brand":[735],"product_cat":[17741,17860],"product_tag":[],"class_list":{"0":"post-44582","1":"product","2":"type-product","3":"status-publish","4":"has-post-thumbnail","6":"product_brand-testo","7":"product_cat-apkures-dzesesanas-un-ventilacijas-hvac-parbaude","8":"product_cat-sildymo","10":"first","11":"instock","12":"taxable","13":"shipping-taxable","14":"purchasable","15":"product-type-simple"},"acf":[],"yoast_head":"<!-- This site is optimized with the Yoast SEO plugin v27.0 - https:\/\/yoast.com\/product\/yoast-seo-wordpress\/ -->\n<title>Testo 570s Smart Vacuum Kit kolektors (0564 5702) - AXIOMA MS<\/title>\n<meta name=\"robots\" content=\"index, follow, max-snippet:-1, max-image-preview:large, max-video-preview:-1\" \/>\n<link rel=\"canonical\" href=\"https:\/\/www.axiomams.eu\/lv\/produktas\/testo-570s-smart-vacuum-kit-kolektors-0564-5702\" \/>\n<meta property=\"og:locale\" content=\"lv_LV\" \/>\n<meta property=\"og:type\" content=\"article\" \/>\n<meta property=\"og:title\" content=\"Testo 570s Smart Vacuum Kit kolektors (0564 5702) - AXIOMA MS\" \/>\n<meta property=\"og:description\" content=\"testo 570s digit\u0101lais datu sav\u0101c\u0113js \u2013 tiek izmantots bezvadu m\u0113r\u012bjumu veik\u0161anai sald\u0113\u0161anas un gaisa kondicion\u0113\u0161anas sist\u0113m\u0101s, k\u0101 ar\u012b siltums\u016bk\u0146os. testo 570s savienojas ar bezvadu temperat\u016bras un vakuuma zond\u0113m, izmantojot Bluetooth, un nodro\u0161ina efekt\u012bvu apr\u012bkojumu ikdienas apkopes darbiem. Sader\u012bgs ar visiem standarta aukstuma a\u0123entiem testo 570s ir sader\u012bgs ar A3 un A2L klases degamiem aukstuma a\u0123entiem....\" \/>\n<meta property=\"og:url\" content=\"https:\/\/www.axiomams.eu\/lv\/produktas\/testo-570s-smart-vacuum-kit-kolektors-0564-5702\" \/>\n<meta property=\"og:site_name\" content=\"AXIOMA MS\" \/>\n<meta property=\"article:publisher\" content=\"https:\/\/www.facebook.com\/AxiomaMS\" \/>\n<meta property=\"og:image\" content=\"https:\/\/www.axiomams.eu\/wp-content\/uploads\/2026\/02\/4696-6212.jpg\" \/>\n\t<meta property=\"og:image:width\" content=\"800\" \/>\n\t<meta property=\"og:image:height\" content=\"800\" \/>\n\t<meta property=\"og:image:type\" content=\"image\/jpeg\" \/>\n<meta name=\"twitter:card\" content=\"summary_large_image\" \/>\n<meta name=\"twitter:label1\" content=\"Est. reading time\" \/>\n\t<meta name=\"twitter:data1\" content=\"1 minute\" \/>\n<script type=\"application\/ld+json\" class=\"yoast-schema-graph\">{\"@context\":\"https:\/\/schema.org\",\"@graph\":[{\"@type\":\"WebPage\",\"@id\":\"https:\/\/www.axiomams.eu\/lv\/produktas\/testo-570s-smart-vacuum-kit-kolektors-0564-5702\",\"url\":\"https:\/\/www.axiomams.eu\/lv\/produktas\/testo-570s-smart-vacuum-kit-kolektors-0564-5702\",\"name\":\"Testo 570s Smart Vacuum Kit kolektors (0564 5702) - AXIOMA MS\",\"isPartOf\":{\"@id\":\"https:\/\/www.axiomams.eu\/lv#website\"},\"primaryImageOfPage\":{\"@id\":\"https:\/\/www.axiomams.eu\/lv\/produktas\/testo-570s-smart-vacuum-kit-kolektors-0564-5702#primaryimage\"},\"image\":{\"@id\":\"https:\/\/www.axiomams.eu\/lv\/produktas\/testo-570s-smart-vacuum-kit-kolektors-0564-5702#primaryimage\"},\"thumbnailUrl\":\"https:\/\/www.axiomams.eu\/wp-content\/uploads\/2026\/02\/4696-6212.jpg\",\"datePublished\":\"2026-02-04T13:17:21+00:00\",\"breadcrumb\":{\"@id\":\"https:\/\/www.axiomams.eu\/lv\/produktas\/testo-570s-smart-vacuum-kit-kolektors-0564-5702#breadcrumb\"},\"inLanguage\":\"lv-LV\",\"potentialAction\":[{\"@type\":\"ReadAction\",\"target\":[\"https:\/\/www.axiomams.eu\/lv\/produktas\/testo-570s-smart-vacuum-kit-kolektors-0564-5702\"]}]},{\"@type\":\"ImageObject\",\"inLanguage\":\"lv-LV\",\"@id\":\"https:\/\/www.axiomams.eu\/lv\/produktas\/testo-570s-smart-vacuum-kit-kolektors-0564-5702#primaryimage\",\"url\":\"https:\/\/www.axiomams.eu\/wp-content\/uploads\/2026\/02\/4696-6212.jpg\",\"contentUrl\":\"https:\/\/www.axiomams.eu\/wp-content\/uploads\/2026\/02\/4696-6212.jpg\",\"width\":800,\"height\":800},{\"@type\":\"BreadcrumbList\",\"@id\":\"https:\/\/www.axiomams.eu\/lv\/produktas\/testo-570s-smart-vacuum-kit-kolektors-0564-5702#breadcrumb\",\"itemListElement\":[{\"@type\":\"ListItem\",\"position\":1,\"name\":\"Home\",\"item\":\"https:\/\/www.axiomams.eu\/lv\"},{\"@type\":\"ListItem\",\"position\":2,\"name\":\"Produkti\",\"item\":\"https:\/\/www.axiomams.eu\/lv\/produkti\"},{\"@type\":\"ListItem\",\"position\":3,\"name\":\"Testo 570s Smart Vacuum Kit kolektors (0564 5702)\"}]},{\"@type\":\"WebSite\",\"@id\":\"https:\/\/www.axiomams.eu\/lv#website\",\"url\":\"https:\/\/www.axiomams.eu\/lv\",\"name\":\"AXIOMA MS\",\"description\":\"Terrmovizoriai ir matavimo \u012franga\",\"publisher\":{\"@id\":\"https:\/\/www.axiomams.eu\/lv#organization\"},\"potentialAction\":[{\"@type\":\"SearchAction\",\"target\":{\"@type\":\"EntryPoint\",\"urlTemplate\":\"https:\/\/www.axiomams.eu\/lv?s={search_term_string}\"},\"query-input\":{\"@type\":\"PropertyValueSpecification\",\"valueRequired\":true,\"valueName\":\"search_term_string\"}}],\"inLanguage\":\"lv-LV\"},{\"@type\":\"Organization\",\"@id\":\"https:\/\/www.axiomams.eu\/lv#organization\",\"name\":\"AXIOMA MS\",\"url\":\"https:\/\/www.axiomams.eu\/lv\",\"logo\":{\"@type\":\"ImageObject\",\"inLanguage\":\"lv-LV\",\"@id\":\"https:\/\/www.axiomams.eu\/lv#\/schema\/logo\/image\/\",\"url\":\"https:\/\/www.axiomams.eu\/wp-content\/uploads\/2025\/06\/axioma-logo-2.png\",\"contentUrl\":\"https:\/\/www.axiomams.eu\/wp-content\/uploads\/2025\/06\/axioma-logo-2.png\",\"width\":1200,\"height\":1200,\"caption\":\"AXIOMA MS\"},\"image\":{\"@id\":\"https:\/\/www.axiomams.eu\/lv#\/schema\/logo\/image\/\"},\"sameAs\":[\"https:\/\/www.facebook.com\/AxiomaMS\",\"https:\/\/www.linkedin.com\/company\/axiomams\/\"]}]}<\/script>\n<!-- \/ Yoast SEO plugin. -->","yoast_head_json":{"title":"Testo 570s Smart Vacuum Kit kolektors (0564 5702) - AXIOMA MS","robots":{"index":"index","follow":"follow","max-snippet":"max-snippet:-1","max-image-preview":"max-image-preview:large","max-video-preview":"max-video-preview:-1"},"canonical":"https:\/\/www.axiomams.eu\/lv\/produktas\/testo-570s-smart-vacuum-kit-kolektors-0564-5702","og_locale":"lv_LV","og_type":"article","og_title":"Testo 570s Smart Vacuum Kit kolektors (0564 5702) - AXIOMA MS","og_description":"testo 570s digit\u0101lais datu sav\u0101c\u0113js \u2013 tiek izmantots bezvadu m\u0113r\u012bjumu veik\u0161anai sald\u0113\u0161anas un gaisa kondicion\u0113\u0161anas sist\u0113m\u0101s, k\u0101 ar\u012b siltums\u016bk\u0146os. testo 570s savienojas ar bezvadu temperat\u016bras un vakuuma zond\u0113m, izmantojot Bluetooth, un nodro\u0161ina efekt\u012bvu apr\u012bkojumu ikdienas apkopes darbiem. Sader\u012bgs ar visiem standarta aukstuma a\u0123entiem testo 570s ir sader\u012bgs ar A3 un A2L klases degamiem aukstuma a\u0123entiem....","og_url":"https:\/\/www.axiomams.eu\/lv\/produktas\/testo-570s-smart-vacuum-kit-kolektors-0564-5702","og_site_name":"AXIOMA MS","article_publisher":"https:\/\/www.facebook.com\/AxiomaMS","og_image":[{"width":800,"height":800,"url":"https:\/\/www.axiomams.eu\/wp-content\/uploads\/2026\/02\/4696-6212.jpg","type":"image\/jpeg"}],"twitter_card":"summary_large_image","twitter_misc":{"Est. reading time":"1 minute"},"schema":{"@context":"https:\/\/schema.org","@graph":[{"@type":"WebPage","@id":"https:\/\/www.axiomams.eu\/lv\/produktas\/testo-570s-smart-vacuum-kit-kolektors-0564-5702","url":"https:\/\/www.axiomams.eu\/lv\/produktas\/testo-570s-smart-vacuum-kit-kolektors-0564-5702","name":"Testo 570s Smart Vacuum Kit kolektors (0564 5702) - AXIOMA MS","isPartOf":{"@id":"https:\/\/www.axiomams.eu\/lv#website"},"primaryImageOfPage":{"@id":"https:\/\/www.axiomams.eu\/lv\/produktas\/testo-570s-smart-vacuum-kit-kolektors-0564-5702#primaryimage"},"image":{"@id":"https:\/\/www.axiomams.eu\/lv\/produktas\/testo-570s-smart-vacuum-kit-kolektors-0564-5702#primaryimage"},"thumbnailUrl":"https:\/\/www.axiomams.eu\/wp-content\/uploads\/2026\/02\/4696-6212.jpg","datePublished":"2026-02-04T13:17:21+00:00","breadcrumb":{"@id":"https:\/\/www.axiomams.eu\/lv\/produktas\/testo-570s-smart-vacuum-kit-kolektors-0564-5702#breadcrumb"},"inLanguage":"lv-LV","potentialAction":[{"@type":"ReadAction","target":["https:\/\/www.axiomams.eu\/lv\/produktas\/testo-570s-smart-vacuum-kit-kolektors-0564-5702"]}]},{"@type":"ImageObject","inLanguage":"lv-LV","@id":"https:\/\/www.axiomams.eu\/lv\/produktas\/testo-570s-smart-vacuum-kit-kolektors-0564-5702#primaryimage","url":"https:\/\/www.axiomams.eu\/wp-content\/uploads\/2026\/02\/4696-6212.jpg","contentUrl":"https:\/\/www.axiomams.eu\/wp-content\/uploads\/2026\/02\/4696-6212.jpg","width":800,"height":800},{"@type":"BreadcrumbList","@id":"https:\/\/www.axiomams.eu\/lv\/produktas\/testo-570s-smart-vacuum-kit-kolektors-0564-5702#breadcrumb","itemListElement":[{"@type":"ListItem","position":1,"name":"Home","item":"https:\/\/www.axiomams.eu\/lv"},{"@type":"ListItem","position":2,"name":"Produkti","item":"https:\/\/www.axiomams.eu\/lv\/produkti"},{"@type":"ListItem","position":3,"name":"Testo 570s Smart Vacuum Kit kolektors (0564 5702)"}]},{"@type":"WebSite","@id":"https:\/\/www.axiomams.eu\/lv#website","url":"https:\/\/www.axiomams.eu\/lv","name":"AXIOMA MS","description":"Terrmovizoriai ir matavimo \u012franga","publisher":{"@id":"https:\/\/www.axiomams.eu\/lv#organization"},"potentialAction":[{"@type":"SearchAction","target":{"@type":"EntryPoint","urlTemplate":"https:\/\/www.axiomams.eu\/lv?s={search_term_string}"},"query-input":{"@type":"PropertyValueSpecification","valueRequired":true,"valueName":"search_term_string"}}],"inLanguage":"lv-LV"},{"@type":"Organization","@id":"https:\/\/www.axiomams.eu\/lv#organization","name":"AXIOMA MS","url":"https:\/\/www.axiomams.eu\/lv","logo":{"@type":"ImageObject","inLanguage":"lv-LV","@id":"https:\/\/www.axiomams.eu\/lv#\/schema\/logo\/image\/","url":"https:\/\/www.axiomams.eu\/wp-content\/uploads\/2025\/06\/axioma-logo-2.png","contentUrl":"https:\/\/www.axiomams.eu\/wp-content\/uploads\/2025\/06\/axioma-logo-2.png","width":1200,"height":1200,"caption":"AXIOMA MS"},"image":{"@id":"https:\/\/www.axiomams.eu\/lv#\/schema\/logo\/image\/"},"sameAs":["https:\/\/www.facebook.com\/AxiomaMS","https:\/\/www.linkedin.com\/company\/axiomams\/"]}]}},"_links":{"self":[{"href":"https:\/\/www.axiomams.eu\/lv\/wp-json\/wp\/v2\/product\/44582","targetHints":{"allow":["GET"]}}],"collection":[{"href":"https:\/\/www.axiomams.eu\/lv\/wp-json\/wp\/v2\/product"}],"about":[{"href":"https:\/\/www.axiomams.eu\/lv\/wp-json\/wp\/v2\/types\/product"}],"replies":[{"embeddable":true,"href":"https:\/\/www.axiomams.eu\/lv\/wp-json\/wp\/v2\/comments?post=44582"}],"wp:featuredmedia":[{"embeddable":true,"href":"https:\/\/www.axiomams.eu\/lv\/wp-json\/wp\/v2\/media\/44581"}],"wp:attachment":[{"href":"https:\/\/www.axiomams.eu\/lv\/wp-json\/wp\/v2\/media?parent=44582"}],"wp:term":[{"taxonomy":"product_brand","embeddable":true,"href":"https:\/\/www.axiomams.eu\/lv\/wp-json\/wp\/v2\/product_brand?post=44582"},{"taxonomy":"product_cat","embeddable":true,"href":"https:\/\/www.axiomams.eu\/lv\/wp-json\/wp\/v2\/product_cat?post=44582"},{"taxonomy":"product_tag","embeddable":true,"href":"https:\/\/www.axiomams.eu\/lv\/wp-json\/wp\/v2\/product_tag?post=44582"}],"curies":[{"name":"wp","href":"https:\/\/api.w.org\/{rel}","templated":true}]}}