{"id":44630,"date":"2026-03-21T01:01:46","date_gmt":"2026-03-20T23:01:46","guid":{"rendered":"https:\/\/www.axiomams.eu\/produktas\/pro8-850-024-sprieguma-indikators-paredzets-lietosanai-tikai-iekstelpas"},"modified":"2026-03-21T01:01:46","modified_gmt":"2026-03-20T23:01:46","slug":"pro8-850-024-sprieguma-indikators-paredzets-lietosanai-tikai-iekstelpas","status":"publish","type":"product","link":"https:\/\/www.axiomams.eu\/lv\/produktas\/pro8-850-024-sprieguma-indikators-paredzets-lietosanai-tikai-iekstelpas","title":{"rendered":"PRO8 850.024 Sprieguma indikators (paredz\u0113ts lieto\u0161anai tikai iek\u0161telp\u0101s)"},"content":{"rendered":"<p>Sprieguma indikators ar operat\u012bvo zondi.<\/p>\n<h3>Tehnisk\u0101 inform\u0101cija:<\/h3>\n<ul>\n<li><a href=\"https:\/\/axiomams.eu\/importer\/export\/attachments\/lt\/pro8-840.024.pdf\" target=\"_blank\">PRO8 840.024.pdf<\/a><\/li>\n<\/ul>\n","protected":false},"excerpt":{"rendered":"<p>Sprieguma indikators ar operat\u012bvo zondi. Tehnisk\u0101 inform\u0101cija: PRO8 840.024.pdf<\/p>\n","protected":false},"featured_media":44347,"comment_status":"open","ping_status":"closed","template":"","meta":{"_acf_changed":false},"product_brand":[739],"product_cat":[17718],"product_tag":[],"class_list":{"0":"post-44630","1":"product","2":"type-product","3":"status-publish","4":"has-post-thumbnail","6":"product_brand-pro8","7":"product_cat-par-elektrisko-drosibu","9":"first","10":"instock","11":"taxable","12":"shipping-taxable","13":"purchasable","14":"product-type-simple"},"acf":[],"yoast_head":"<!-- This site is optimized with the Yoast SEO plugin v27.0 - https:\/\/yoast.com\/product\/yoast-seo-wordpress\/ -->\n<title>PRO8 850.024 Sprieguma indikators (paredz\u0113ts lieto\u0161anai tikai iek\u0161telp\u0101s) - AXIOMA MS<\/title>\n<meta name=\"robots\" content=\"index, follow, max-snippet:-1, max-image-preview:large, max-video-preview:-1\" \/>\n<link rel=\"canonical\" href=\"https:\/\/www.axiomams.eu\/lv\/produktas\/pro8-850-024-sprieguma-indikators-paredzets-lietosanai-tikai-iekstelpas\" \/>\n<meta property=\"og:locale\" content=\"lv_LV\" \/>\n<meta property=\"og:type\" content=\"article\" \/>\n<meta property=\"og:title\" content=\"PRO8 850.024 Sprieguma indikators (paredz\u0113ts lieto\u0161anai tikai iek\u0161telp\u0101s) - AXIOMA MS\" \/>\n<meta property=\"og:description\" content=\"Sprieguma indikators ar operat\u012bvo zondi. Tehnisk\u0101 inform\u0101cija: PRO8 840.024.pdf\" \/>\n<meta property=\"og:url\" content=\"https:\/\/www.axiomams.eu\/lv\/produktas\/pro8-850-024-sprieguma-indikators-paredzets-lietosanai-tikai-iekstelpas\" \/>\n<meta property=\"og:site_name\" content=\"AXIOMA MS\" \/>\n<meta property=\"article:publisher\" content=\"https:\/\/www.facebook.com\/AxiomaMS\" \/>\n<meta property=\"og:image\" content=\"https:\/\/www.axiomams.eu\/wp-content\/uploads\/2026\/03\/4720-6257.jpg\" \/>\n\t<meta property=\"og:image:width\" content=\"414\" \/>\n\t<meta property=\"og:image:height\" content=\"576\" \/>\n\t<meta property=\"og:image:type\" content=\"image\/jpeg\" \/>\n<meta name=\"twitter:card\" content=\"summary_large_image\" \/>\n<script type=\"application\/ld+json\" class=\"yoast-schema-graph\">{\"@context\":\"https:\/\/schema.org\",\"@graph\":[{\"@type\":\"WebPage\",\"@id\":\"https:\/\/www.axiomams.eu\/lv\/produktas\/pro8-850-024-sprieguma-indikators-paredzets-lietosanai-tikai-iekstelpas\",\"url\":\"https:\/\/www.axiomams.eu\/lv\/produktas\/pro8-850-024-sprieguma-indikators-paredzets-lietosanai-tikai-iekstelpas\",\"name\":\"PRO8 850.024 Sprieguma indikators (paredz\u0113ts lieto\u0161anai tikai iek\u0161telp\u0101s) - AXIOMA MS\",\"isPartOf\":{\"@id\":\"https:\/\/www.axiomams.eu\/lv#website\"},\"primaryImageOfPage\":{\"@id\":\"https:\/\/www.axiomams.eu\/lv\/produktas\/pro8-850-024-sprieguma-indikators-paredzets-lietosanai-tikai-iekstelpas#primaryimage\"},\"image\":{\"@id\":\"https:\/\/www.axiomams.eu\/lv\/produktas\/pro8-850-024-sprieguma-indikators-paredzets-lietosanai-tikai-iekstelpas#primaryimage\"},\"thumbnailUrl\":\"https:\/\/www.axiomams.eu\/wp-content\/uploads\/2026\/03\/4720-6257.jpg\",\"datePublished\":\"2026-03-20T23:01:46+00:00\",\"breadcrumb\":{\"@id\":\"https:\/\/www.axiomams.eu\/lv\/produktas\/pro8-850-024-sprieguma-indikators-paredzets-lietosanai-tikai-iekstelpas#breadcrumb\"},\"inLanguage\":\"lv-LV\",\"potentialAction\":[{\"@type\":\"ReadAction\",\"target\":[\"https:\/\/www.axiomams.eu\/lv\/produktas\/pro8-850-024-sprieguma-indikators-paredzets-lietosanai-tikai-iekstelpas\"]}]},{\"@type\":\"ImageObject\",\"inLanguage\":\"lv-LV\",\"@id\":\"https:\/\/www.axiomams.eu\/lv\/produktas\/pro8-850-024-sprieguma-indikators-paredzets-lietosanai-tikai-iekstelpas#primaryimage\",\"url\":\"https:\/\/www.axiomams.eu\/wp-content\/uploads\/2026\/03\/4720-6257.jpg\",\"contentUrl\":\"https:\/\/www.axiomams.eu\/wp-content\/uploads\/2026\/03\/4720-6257.jpg\",\"width\":414,\"height\":576},{\"@type\":\"BreadcrumbList\",\"@id\":\"https:\/\/www.axiomams.eu\/lv\/produktas\/pro8-850-024-sprieguma-indikators-paredzets-lietosanai-tikai-iekstelpas#breadcrumb\",\"itemListElement\":[{\"@type\":\"ListItem\",\"position\":1,\"name\":\"Home\",\"item\":\"https:\/\/www.axiomams.eu\/lv\"},{\"@type\":\"ListItem\",\"position\":2,\"name\":\"Produkti\",\"item\":\"https:\/\/www.axiomams.eu\/lv\/produkti\"},{\"@type\":\"ListItem\",\"position\":3,\"name\":\"PRO8 850.024 Sprieguma indikators (paredz\u0113ts lieto\u0161anai tikai iek\u0161telp\u0101s)\"}]},{\"@type\":\"WebSite\",\"@id\":\"https:\/\/www.axiomams.eu\/lv#website\",\"url\":\"https:\/\/www.axiomams.eu\/lv\",\"name\":\"AXIOMA MS\",\"description\":\"\",\"publisher\":{\"@id\":\"https:\/\/www.axiomams.eu\/lv#organization\"},\"potentialAction\":[{\"@type\":\"SearchAction\",\"target\":{\"@type\":\"EntryPoint\",\"urlTemplate\":\"https:\/\/www.axiomams.eu\/lv?s={search_term_string}\"},\"query-input\":{\"@type\":\"PropertyValueSpecification\",\"valueRequired\":true,\"valueName\":\"search_term_string\"}}],\"inLanguage\":\"lv-LV\"},{\"@type\":\"Organization\",\"@id\":\"https:\/\/www.axiomams.eu\/lv#organization\",\"name\":\"AXIOMA MS\",\"url\":\"https:\/\/www.axiomams.eu\/lv\",\"logo\":{\"@type\":\"ImageObject\",\"inLanguage\":\"lv-LV\",\"@id\":\"https:\/\/www.axiomams.eu\/lv#\/schema\/logo\/image\/\",\"url\":\"https:\/\/www.axiomams.eu\/wp-content\/uploads\/2025\/06\/axioma-logo-2.png\",\"contentUrl\":\"https:\/\/www.axiomams.eu\/wp-content\/uploads\/2025\/06\/axioma-logo-2.png\",\"width\":1200,\"height\":1200,\"caption\":\"AXIOMA MS\"},\"image\":{\"@id\":\"https:\/\/www.axiomams.eu\/lv#\/schema\/logo\/image\/\"},\"sameAs\":[\"https:\/\/www.facebook.com\/AxiomaMS\",\"https:\/\/www.linkedin.com\/company\/axiomams\/\"]}]}<\/script>\n<!-- \/ Yoast SEO plugin. -->","yoast_head_json":{"title":"PRO8 850.024 Sprieguma indikators (paredz\u0113ts lieto\u0161anai tikai iek\u0161telp\u0101s) - AXIOMA MS","robots":{"index":"index","follow":"follow","max-snippet":"max-snippet:-1","max-image-preview":"max-image-preview:large","max-video-preview":"max-video-preview:-1"},"canonical":"https:\/\/www.axiomams.eu\/lv\/produktas\/pro8-850-024-sprieguma-indikators-paredzets-lietosanai-tikai-iekstelpas","og_locale":"lv_LV","og_type":"article","og_title":"PRO8 850.024 Sprieguma indikators (paredz\u0113ts lieto\u0161anai tikai iek\u0161telp\u0101s) - AXIOMA MS","og_description":"Sprieguma indikators ar operat\u012bvo zondi. Tehnisk\u0101 inform\u0101cija: PRO8 840.024.pdf","og_url":"https:\/\/www.axiomams.eu\/lv\/produktas\/pro8-850-024-sprieguma-indikators-paredzets-lietosanai-tikai-iekstelpas","og_site_name":"AXIOMA MS","article_publisher":"https:\/\/www.facebook.com\/AxiomaMS","og_image":[{"width":414,"height":576,"url":"https:\/\/www.axiomams.eu\/wp-content\/uploads\/2026\/03\/4720-6257.jpg","type":"image\/jpeg"}],"twitter_card":"summary_large_image","schema":{"@context":"https:\/\/schema.org","@graph":[{"@type":"WebPage","@id":"https:\/\/www.axiomams.eu\/lv\/produktas\/pro8-850-024-sprieguma-indikators-paredzets-lietosanai-tikai-iekstelpas","url":"https:\/\/www.axiomams.eu\/lv\/produktas\/pro8-850-024-sprieguma-indikators-paredzets-lietosanai-tikai-iekstelpas","name":"PRO8 850.024 Sprieguma indikators (paredz\u0113ts lieto\u0161anai tikai iek\u0161telp\u0101s) - AXIOMA MS","isPartOf":{"@id":"https:\/\/www.axiomams.eu\/lv#website"},"primaryImageOfPage":{"@id":"https:\/\/www.axiomams.eu\/lv\/produktas\/pro8-850-024-sprieguma-indikators-paredzets-lietosanai-tikai-iekstelpas#primaryimage"},"image":{"@id":"https:\/\/www.axiomams.eu\/lv\/produktas\/pro8-850-024-sprieguma-indikators-paredzets-lietosanai-tikai-iekstelpas#primaryimage"},"thumbnailUrl":"https:\/\/www.axiomams.eu\/wp-content\/uploads\/2026\/03\/4720-6257.jpg","datePublished":"2026-03-20T23:01:46+00:00","breadcrumb":{"@id":"https:\/\/www.axiomams.eu\/lv\/produktas\/pro8-850-024-sprieguma-indikators-paredzets-lietosanai-tikai-iekstelpas#breadcrumb"},"inLanguage":"lv-LV","potentialAction":[{"@type":"ReadAction","target":["https:\/\/www.axiomams.eu\/lv\/produktas\/pro8-850-024-sprieguma-indikators-paredzets-lietosanai-tikai-iekstelpas"]}]},{"@type":"ImageObject","inLanguage":"lv-LV","@id":"https:\/\/www.axiomams.eu\/lv\/produktas\/pro8-850-024-sprieguma-indikators-paredzets-lietosanai-tikai-iekstelpas#primaryimage","url":"https:\/\/www.axiomams.eu\/wp-content\/uploads\/2026\/03\/4720-6257.jpg","contentUrl":"https:\/\/www.axiomams.eu\/wp-content\/uploads\/2026\/03\/4720-6257.jpg","width":414,"height":576},{"@type":"BreadcrumbList","@id":"https:\/\/www.axiomams.eu\/lv\/produktas\/pro8-850-024-sprieguma-indikators-paredzets-lietosanai-tikai-iekstelpas#breadcrumb","itemListElement":[{"@type":"ListItem","position":1,"name":"Home","item":"https:\/\/www.axiomams.eu\/lv"},{"@type":"ListItem","position":2,"name":"Produkti","item":"https:\/\/www.axiomams.eu\/lv\/produkti"},{"@type":"ListItem","position":3,"name":"PRO8 850.024 Sprieguma indikators (paredz\u0113ts lieto\u0161anai tikai iek\u0161telp\u0101s)"}]},{"@type":"WebSite","@id":"https:\/\/www.axiomams.eu\/lv#website","url":"https:\/\/www.axiomams.eu\/lv","name":"AXIOMA MS","description":"","publisher":{"@id":"https:\/\/www.axiomams.eu\/lv#organization"},"potentialAction":[{"@type":"SearchAction","target":{"@type":"EntryPoint","urlTemplate":"https:\/\/www.axiomams.eu\/lv?s={search_term_string}"},"query-input":{"@type":"PropertyValueSpecification","valueRequired":true,"valueName":"search_term_string"}}],"inLanguage":"lv-LV"},{"@type":"Organization","@id":"https:\/\/www.axiomams.eu\/lv#organization","name":"AXIOMA MS","url":"https:\/\/www.axiomams.eu\/lv","logo":{"@type":"ImageObject","inLanguage":"lv-LV","@id":"https:\/\/www.axiomams.eu\/lv#\/schema\/logo\/image\/","url":"https:\/\/www.axiomams.eu\/wp-content\/uploads\/2025\/06\/axioma-logo-2.png","contentUrl":"https:\/\/www.axiomams.eu\/wp-content\/uploads\/2025\/06\/axioma-logo-2.png","width":1200,"height":1200,"caption":"AXIOMA MS"},"image":{"@id":"https:\/\/www.axiomams.eu\/lv#\/schema\/logo\/image\/"},"sameAs":["https:\/\/www.facebook.com\/AxiomaMS","https:\/\/www.linkedin.com\/company\/axiomams\/"]}]}},"_links":{"self":[{"href":"https:\/\/www.axiomams.eu\/lv\/wp-json\/wp\/v2\/product\/44630","targetHints":{"allow":["GET"]}}],"collection":[{"href":"https:\/\/www.axiomams.eu\/lv\/wp-json\/wp\/v2\/product"}],"about":[{"href":"https:\/\/www.axiomams.eu\/lv\/wp-json\/wp\/v2\/types\/product"}],"replies":[{"embeddable":true,"href":"https:\/\/www.axiomams.eu\/lv\/wp-json\/wp\/v2\/comments?post=44630"}],"wp:featuredmedia":[{"embeddable":true,"href":"https:\/\/www.axiomams.eu\/lv\/wp-json\/wp\/v2\/media\/44347"}],"wp:attachment":[{"href":"https:\/\/www.axiomams.eu\/lv\/wp-json\/wp\/v2\/media?parent=44630"}],"wp:term":[{"taxonomy":"product_brand","embeddable":true,"href":"https:\/\/www.axiomams.eu\/lv\/wp-json\/wp\/v2\/product_brand?post=44630"},{"taxonomy":"product_cat","embeddable":true,"href":"https:\/\/www.axiomams.eu\/lv\/wp-json\/wp\/v2\/product_cat?post=44630"},{"taxonomy":"product_tag","embeddable":true,"href":"https:\/\/www.axiomams.eu\/lv\/wp-json\/wp\/v2\/product_tag?post=44630"}],"curies":[{"name":"wp","href":"https:\/\/api.w.org\/{rel}","templated":true}]}}