{"id":44652,"date":"2026-02-19T09:23:03","date_gmt":"2026-02-19T07:23:03","guid":{"rendered":"https:\/\/www.axiomams.eu\/produktas\/flir-k75-termoattela-ierice"},"modified":"2026-02-19T09:23:03","modified_gmt":"2026-02-19T07:23:03","slug":"flir-k75-termoattela-ierice","status":"publish","type":"product","link":"https:\/\/www.axiomams.eu\/lv\/produktas\/flir-k75-termoattela-ierice","title":{"rendered":"Flir K75 termoatt\u0113la ier\u012bce"},"content":{"rendered":"<p>FLIR K75 termoatt\u0113la kamera ir paredz\u0113ta ugunsdz\u0113s\u0113jiem notikuma viet\u0101. Izstr\u0101d\u0101ta, \u0146emot v\u0113r\u0101 m\u016bsdienu ugunsdz\u0113s\u012bbas oper\u0101ciju vajadz\u012bbas, K75 pal\u012bdz gl\u0101b\u0113jiem skaidri redz\u0113t cauri d\u016bmiem, \u0101tri identific\u0113t b\u012bstam\u012bbu un darboties p\u0101rliecino\u0161\u0101k augsta riska vid\u0113. Kameras dizains veicina gan darb\u012bbas dro\u0161\u012bbu, gan efekt\u012bv\u0101ku apm\u0101c\u012bbu un sagatavot\u012bbu.  <\/p>\n<p>Uzlabota att\u0113lveido\u0161anas veiktsp\u0113ja<br \/>\nFLIR K75 izmanto inovat\u012bvu vienas pastiprin\u0101juma att\u0113lveido\u0161anas sist\u0113mu, kas nodro\u0161ina nep\u0101rtrauktu, stabilu termisko att\u0113lveido\u0161anu vis\u0101 temperat\u016bras diapazon\u0101. At\u0161\u0137ir\u012bb\u0101 no tradicion\u0101laj\u0101m termokamer\u0101m, kas pauz\u0113 vai p\u0101rsl\u0113dzas, mainoties temperat\u016brai, K75 darbojas bez att\u0113la sasal\u0161anas vai displeja aizkav\u0113\u0161an\u0101s. Tas \u013cauj ugunsdz\u0113s\u0113jiem past\u0101v\u012bgi redz\u0113t situ\u0101ciju un nezaud\u0113t svar\u012bgu inform\u0101ciju strauji main\u012bgos apst\u0101k\u013cos.<br \/>\nKamera skaidri atkl\u0101j b\u012bstamas situ\u0101cijas, piem\u0113ram, p\u0101rkars\u0113tas durvis, sl\u0113ptu ugunsgr\u0113ka izplat\u012b\u0161anos aiz sien\u0101m vai konstrukcij\u0101m, k\u0101 ar\u012b boj\u0101tas vai b\u012bstamas gr\u012bdas zonas. \u0100tra \u0161o draudu identific\u0113\u0161ana pal\u012bdz pie\u0146emt prec\u012bz\u0101kus un dro\u0161\u0101kus l\u0113mumus, str\u0101d\u0101jot d\u016bmu piepild\u012bt\u0101s telp\u0101s.   <\/p>\n<p>Vienm\u0113r\u012bga lietotnes integr\u0101cija<br \/>\nBezvadu savienojums ar FLIR Responder lietotni iev\u0113rojami uzlabo kameras lietojam\u012bbu un datu p\u0101rvald\u012bbu. Izmantojot lietotni, komandas var \u0101tri un \u0113rti konfigur\u0113t kameras iestat\u012bjumus, samazinot sagatavo\u0161an\u0101s laiku uz vietas. Tie\u0161raides video straum\u0113\u0161ana nodro\u0161ina efekt\u012bv\u0101ku apm\u0101c\u012bbu un anal\u012bzi p\u0113c incidenta, savuk\u0101rt apkopoto datu kop\u012bgo\u0161ana pal\u012bdz vien\u012bb\u0101m nov\u0113rt\u0113t savu darb\u012bbu efektivit\u0101ti un uzlabot rea\u0123\u0113\u0161anas taktiku.  <\/p>\n<p>Specializ\u0113ti ugunsdz\u0113s\u012bbas re\u017e\u012bmi<br \/>\nK75 ir video re\u017e\u012bmi, kas \u012bpa\u0161i izstr\u0101d\u0101ti ugunsdz\u0113s\u012bbas oper\u0101cij\u0101m un piel\u0101goti da\u017e\u0101diem uzdevumiem.<\/p>\n<p>Mekl\u0113\u0161anas re\u017e\u012bma priek\u0161roc\u012bbas<br \/>\nMekl\u0113\u0161anas re\u017e\u012bms izce\u013c v\u0113s\u0101kas att\u0113la deta\u013cas, atvieglojot sl\u0113ptas uguns izplat\u012bbas, temperat\u016bras at\u0161\u0137ir\u012bbu aiz virsm\u0101m un karstu durvju noteik\u0161anu ieeju priek\u0161\u0101. Tas pal\u012bdz dro\u0161\u0101k veikt mekl\u0113\u0161anas un gl\u0101b\u0161anas oper\u0101cijas un lab\u0101k pl\u0101not darb\u012bbas telp\u0101s. <\/p>\n<p>Noteik\u0161anas re\u017e\u012bma priek\u0161roc\u012bbas<br \/>\nNoteik\u0161anas re\u017e\u012bms acumirkl\u012b izce\u013c karst\u0101s un aukst\u0101s zonas redzes lauk\u0101. Ugunsdz\u0113s\u0113ji var \u0101tri identific\u0113t akt\u012bvus ugunsgr\u0113ka uzliesmojumus, uzraudz\u012bt temperat\u016bras izmai\u0146as un re\u0101llaik\u0101 nov\u0113rt\u0113t, vai dz\u0113\u0161anas darb\u012bbas sasniedz v\u0113lamo rezult\u0101tu. <\/p>\n<p>Rad\u012bts efektivit\u0101tei un dro\u0161\u012bbai<br \/>\nApvienojot nep\u0101rtrauktu termisko att\u0113lveido\u0161anu, bezvadu savienojumu un intuit\u012bvus darb\u012bbas re\u017e\u012bmus, FLIR K75 uzlabo situ\u0101cijas izpratni, apm\u0101c\u012bbu un ugunsdz\u0113s\u0113ju dro\u0161\u012bbu. Uzticama veiktsp\u0113ja kritiskos br\u012b\u017eos padara \u0161o kameru par v\u0113rt\u012bgu instrumentu profesion\u0101liem ugunsdz\u0113s\u012bbas un gl\u0101b\u0161anas dienestiem. <\/p>\n<p>Komplekta saturs: FLIR K75 termoatt\u0113la ier\u012bce, 2 baterijas, akumulatora l\u0101d\u0113t\u0101js, karab\u012bnes siksna, baro\u0161anas bloks, dokument\u0101cija, ievelkama dro\u0161\u012bbas aukla, USB kabelis.<\/p>\n<p><iframe loading=\"lazy\" width=\"560\" height=\"315\" src=\"https:\/\/www.youtube.com\/embed\/vKhWEj7CcjI?si=9cE77ZBgPua2SPkW\" title=\"YouTube video player\" frameborder=\"0\" allow=\"accelerometer; autoplay; clipboard-write; encrypted-media; gyroscope; picture-in-picture; web-share\" referrerpolicy=\"strict-origin-when-cross-origin\" allowfullscreen=\"\"><\/iframe><\/p>\n<h3>Tehnisk\u0101 inform\u0101cija:<\/h3>\n<ul>\n<li><a href=\"https:\/\/axiomams.eu\/importer\/export\/attachments\/lt\/flir-k75.pdf\" target=\"_blank\">FLIR K75.pdf<\/a><\/li>\n<\/ul>\n","protected":false},"excerpt":{"rendered":"<p>FLIR K75 termoatt\u0113la kamera ir paredz\u0113ta ugunsdz\u0113s\u0113jiem notikuma viet\u0101. Izstr\u0101d\u0101ta, \u0146emot v\u0113r\u0101 m\u016bsdienu ugunsdz\u0113s\u012bbas oper\u0101ciju vajadz\u012bbas, K75 pal\u012bdz gl\u0101b\u0113jiem skaidri redz\u0113t cauri d\u016bmiem, \u0101tri identific\u0113t b\u012bstam\u012bbu un darboties p\u0101rliecino\u0161\u0101k augsta riska vid\u0113. Kameras dizains veicina gan darb\u012bbas dro\u0161\u012bbu, gan efekt\u012bv\u0101ku apm\u0101c\u012bbu un sagatavot\u012bbu. Uzlabota att\u0113lveido\u0161anas veiktsp\u0113ja FLIR K75 izmanto inovat\u012bvu vienas pastiprin\u0101juma att\u0113lveido\u0161anas sist\u0113mu, kas&#8230;<\/p>\n","protected":false},"featured_media":44227,"comment_status":"open","ping_status":"closed","template":"","meta":{"_acf_changed":false},"product_brand":[734],"product_cat":[17732],"product_tag":[],"class_list":{"0":"post-44652","1":"product","2":"type-product","3":"status-publish","4":"has-post-thumbnail","6":"product_brand-flir","7":"product_cat-ugunsdrosiba","9":"first","10":"instock","11":"taxable","12":"shipping-taxable","13":"product-type-simple"},"acf":[],"yoast_head":"<!-- This site is optimized with the Yoast SEO plugin v27.0 - https:\/\/yoast.com\/product\/yoast-seo-wordpress\/ -->\n<title>Flir K75 termoatt\u0113la ier\u012bce - AXIOMA MS<\/title>\n<meta name=\"robots\" content=\"index, follow, max-snippet:-1, max-image-preview:large, max-video-preview:-1\" \/>\n<link rel=\"canonical\" href=\"https:\/\/www.axiomams.eu\/lv\/produktas\/flir-k75-termoattela-ierice\" \/>\n<meta property=\"og:locale\" content=\"lv_LV\" \/>\n<meta property=\"og:type\" content=\"article\" \/>\n<meta property=\"og:title\" content=\"Flir K75 termoatt\u0113la ier\u012bce - AXIOMA MS\" \/>\n<meta property=\"og:description\" content=\"FLIR K75 termoatt\u0113la kamera ir paredz\u0113ta ugunsdz\u0113s\u0113jiem notikuma viet\u0101. Izstr\u0101d\u0101ta, \u0146emot v\u0113r\u0101 m\u016bsdienu ugunsdz\u0113s\u012bbas oper\u0101ciju vajadz\u012bbas, K75 pal\u012bdz gl\u0101b\u0113jiem skaidri redz\u0113t cauri d\u016bmiem, \u0101tri identific\u0113t b\u012bstam\u012bbu un darboties p\u0101rliecino\u0161\u0101k augsta riska vid\u0113. Kameras dizains veicina gan darb\u012bbas dro\u0161\u012bbu, gan efekt\u012bv\u0101ku apm\u0101c\u012bbu un sagatavot\u012bbu. Uzlabota att\u0113lveido\u0161anas veiktsp\u0113ja FLIR K75 izmanto inovat\u012bvu vienas pastiprin\u0101juma att\u0113lveido\u0161anas sist\u0113mu, kas...\" \/>\n<meta property=\"og:url\" content=\"https:\/\/www.axiomams.eu\/lv\/produktas\/flir-k75-termoattela-ierice\" \/>\n<meta property=\"og:site_name\" content=\"AXIOMA MS\" \/>\n<meta property=\"article:publisher\" content=\"https:\/\/www.facebook.com\/AxiomaMS\" \/>\n<meta property=\"og:image\" content=\"https:\/\/www.axiomams.eu\/wp-content\/uploads\/2026\/02\/4699-6229.jpg\" \/>\n\t<meta property=\"og:image:width\" content=\"1000\" \/>\n\t<meta property=\"og:image:height\" content=\"986\" \/>\n\t<meta property=\"og:image:type\" content=\"image\/jpeg\" \/>\n<meta name=\"twitter:card\" content=\"summary_large_image\" \/>\n<meta name=\"twitter:label1\" content=\"Est. reading time\" \/>\n\t<meta name=\"twitter:data1\" content=\"3 minutes\" \/>\n<script type=\"application\/ld+json\" class=\"yoast-schema-graph\">{\"@context\":\"https:\/\/schema.org\",\"@graph\":[{\"@type\":\"WebPage\",\"@id\":\"https:\/\/www.axiomams.eu\/lv\/produktas\/flir-k75-termoattela-ierice\",\"url\":\"https:\/\/www.axiomams.eu\/lv\/produktas\/flir-k75-termoattela-ierice\",\"name\":\"Flir K75 termoatt\u0113la ier\u012bce - AXIOMA MS\",\"isPartOf\":{\"@id\":\"https:\/\/www.axiomams.eu\/lv#website\"},\"primaryImageOfPage\":{\"@id\":\"https:\/\/www.axiomams.eu\/lv\/produktas\/flir-k75-termoattela-ierice#primaryimage\"},\"image\":{\"@id\":\"https:\/\/www.axiomams.eu\/lv\/produktas\/flir-k75-termoattela-ierice#primaryimage\"},\"thumbnailUrl\":\"https:\/\/www.axiomams.eu\/wp-content\/uploads\/2026\/02\/4699-6229.jpg\",\"datePublished\":\"2026-02-19T07:23:03+00:00\",\"breadcrumb\":{\"@id\":\"https:\/\/www.axiomams.eu\/lv\/produktas\/flir-k75-termoattela-ierice#breadcrumb\"},\"inLanguage\":\"lv-LV\",\"potentialAction\":[{\"@type\":\"ReadAction\",\"target\":[\"https:\/\/www.axiomams.eu\/lv\/produktas\/flir-k75-termoattela-ierice\"]}]},{\"@type\":\"ImageObject\",\"inLanguage\":\"lv-LV\",\"@id\":\"https:\/\/www.axiomams.eu\/lv\/produktas\/flir-k75-termoattela-ierice#primaryimage\",\"url\":\"https:\/\/www.axiomams.eu\/wp-content\/uploads\/2026\/02\/4699-6229.jpg\",\"contentUrl\":\"https:\/\/www.axiomams.eu\/wp-content\/uploads\/2026\/02\/4699-6229.jpg\",\"width\":1000,\"height\":986},{\"@type\":\"BreadcrumbList\",\"@id\":\"https:\/\/www.axiomams.eu\/lv\/produktas\/flir-k75-termoattela-ierice#breadcrumb\",\"itemListElement\":[{\"@type\":\"ListItem\",\"position\":1,\"name\":\"Home\",\"item\":\"https:\/\/www.axiomams.eu\/lv\"},{\"@type\":\"ListItem\",\"position\":2,\"name\":\"Produkti\",\"item\":\"https:\/\/www.axiomams.eu\/lv\/produkti\"},{\"@type\":\"ListItem\",\"position\":3,\"name\":\"Flir K75 termoatt\u0113la ier\u012bce\"}]},{\"@type\":\"WebSite\",\"@id\":\"https:\/\/www.axiomams.eu\/lv#website\",\"url\":\"https:\/\/www.axiomams.eu\/lv\",\"name\":\"AXIOMA MS\",\"description\":\"\",\"publisher\":{\"@id\":\"https:\/\/www.axiomams.eu\/lv#organization\"},\"potentialAction\":[{\"@type\":\"SearchAction\",\"target\":{\"@type\":\"EntryPoint\",\"urlTemplate\":\"https:\/\/www.axiomams.eu\/lv?s={search_term_string}\"},\"query-input\":{\"@type\":\"PropertyValueSpecification\",\"valueRequired\":true,\"valueName\":\"search_term_string\"}}],\"inLanguage\":\"lv-LV\"},{\"@type\":\"Organization\",\"@id\":\"https:\/\/www.axiomams.eu\/lv#organization\",\"name\":\"AXIOMA MS\",\"url\":\"https:\/\/www.axiomams.eu\/lv\",\"logo\":{\"@type\":\"ImageObject\",\"inLanguage\":\"lv-LV\",\"@id\":\"https:\/\/www.axiomams.eu\/lv#\/schema\/logo\/image\/\",\"url\":\"https:\/\/www.axiomams.eu\/wp-content\/uploads\/2025\/06\/axioma-logo-2.png\",\"contentUrl\":\"https:\/\/www.axiomams.eu\/wp-content\/uploads\/2025\/06\/axioma-logo-2.png\",\"width\":1200,\"height\":1200,\"caption\":\"AXIOMA MS\"},\"image\":{\"@id\":\"https:\/\/www.axiomams.eu\/lv#\/schema\/logo\/image\/\"},\"sameAs\":[\"https:\/\/www.facebook.com\/AxiomaMS\",\"https:\/\/www.linkedin.com\/company\/axiomams\/\"]}]}<\/script>\n<!-- \/ Yoast SEO plugin. -->","yoast_head_json":{"title":"Flir K75 termoatt\u0113la ier\u012bce - AXIOMA MS","robots":{"index":"index","follow":"follow","max-snippet":"max-snippet:-1","max-image-preview":"max-image-preview:large","max-video-preview":"max-video-preview:-1"},"canonical":"https:\/\/www.axiomams.eu\/lv\/produktas\/flir-k75-termoattela-ierice","og_locale":"lv_LV","og_type":"article","og_title":"Flir K75 termoatt\u0113la ier\u012bce - AXIOMA MS","og_description":"FLIR K75 termoatt\u0113la kamera ir paredz\u0113ta ugunsdz\u0113s\u0113jiem notikuma viet\u0101. Izstr\u0101d\u0101ta, \u0146emot v\u0113r\u0101 m\u016bsdienu ugunsdz\u0113s\u012bbas oper\u0101ciju vajadz\u012bbas, K75 pal\u012bdz gl\u0101b\u0113jiem skaidri redz\u0113t cauri d\u016bmiem, \u0101tri identific\u0113t b\u012bstam\u012bbu un darboties p\u0101rliecino\u0161\u0101k augsta riska vid\u0113. Kameras dizains veicina gan darb\u012bbas dro\u0161\u012bbu, gan efekt\u012bv\u0101ku apm\u0101c\u012bbu un sagatavot\u012bbu. Uzlabota att\u0113lveido\u0161anas veiktsp\u0113ja FLIR K75 izmanto inovat\u012bvu vienas pastiprin\u0101juma att\u0113lveido\u0161anas sist\u0113mu, kas...","og_url":"https:\/\/www.axiomams.eu\/lv\/produktas\/flir-k75-termoattela-ierice","og_site_name":"AXIOMA MS","article_publisher":"https:\/\/www.facebook.com\/AxiomaMS","og_image":[{"width":1000,"height":986,"url":"https:\/\/www.axiomams.eu\/wp-content\/uploads\/2026\/02\/4699-6229.jpg","type":"image\/jpeg"}],"twitter_card":"summary_large_image","twitter_misc":{"Est. reading time":"3 minutes"},"schema":{"@context":"https:\/\/schema.org","@graph":[{"@type":"WebPage","@id":"https:\/\/www.axiomams.eu\/lv\/produktas\/flir-k75-termoattela-ierice","url":"https:\/\/www.axiomams.eu\/lv\/produktas\/flir-k75-termoattela-ierice","name":"Flir K75 termoatt\u0113la ier\u012bce - AXIOMA MS","isPartOf":{"@id":"https:\/\/www.axiomams.eu\/lv#website"},"primaryImageOfPage":{"@id":"https:\/\/www.axiomams.eu\/lv\/produktas\/flir-k75-termoattela-ierice#primaryimage"},"image":{"@id":"https:\/\/www.axiomams.eu\/lv\/produktas\/flir-k75-termoattela-ierice#primaryimage"},"thumbnailUrl":"https:\/\/www.axiomams.eu\/wp-content\/uploads\/2026\/02\/4699-6229.jpg","datePublished":"2026-02-19T07:23:03+00:00","breadcrumb":{"@id":"https:\/\/www.axiomams.eu\/lv\/produktas\/flir-k75-termoattela-ierice#breadcrumb"},"inLanguage":"lv-LV","potentialAction":[{"@type":"ReadAction","target":["https:\/\/www.axiomams.eu\/lv\/produktas\/flir-k75-termoattela-ierice"]}]},{"@type":"ImageObject","inLanguage":"lv-LV","@id":"https:\/\/www.axiomams.eu\/lv\/produktas\/flir-k75-termoattela-ierice#primaryimage","url":"https:\/\/www.axiomams.eu\/wp-content\/uploads\/2026\/02\/4699-6229.jpg","contentUrl":"https:\/\/www.axiomams.eu\/wp-content\/uploads\/2026\/02\/4699-6229.jpg","width":1000,"height":986},{"@type":"BreadcrumbList","@id":"https:\/\/www.axiomams.eu\/lv\/produktas\/flir-k75-termoattela-ierice#breadcrumb","itemListElement":[{"@type":"ListItem","position":1,"name":"Home","item":"https:\/\/www.axiomams.eu\/lv"},{"@type":"ListItem","position":2,"name":"Produkti","item":"https:\/\/www.axiomams.eu\/lv\/produkti"},{"@type":"ListItem","position":3,"name":"Flir K75 termoatt\u0113la ier\u012bce"}]},{"@type":"WebSite","@id":"https:\/\/www.axiomams.eu\/lv#website","url":"https:\/\/www.axiomams.eu\/lv","name":"AXIOMA MS","description":"","publisher":{"@id":"https:\/\/www.axiomams.eu\/lv#organization"},"potentialAction":[{"@type":"SearchAction","target":{"@type":"EntryPoint","urlTemplate":"https:\/\/www.axiomams.eu\/lv?s={search_term_string}"},"query-input":{"@type":"PropertyValueSpecification","valueRequired":true,"valueName":"search_term_string"}}],"inLanguage":"lv-LV"},{"@type":"Organization","@id":"https:\/\/www.axiomams.eu\/lv#organization","name":"AXIOMA MS","url":"https:\/\/www.axiomams.eu\/lv","logo":{"@type":"ImageObject","inLanguage":"lv-LV","@id":"https:\/\/www.axiomams.eu\/lv#\/schema\/logo\/image\/","url":"https:\/\/www.axiomams.eu\/wp-content\/uploads\/2025\/06\/axioma-logo-2.png","contentUrl":"https:\/\/www.axiomams.eu\/wp-content\/uploads\/2025\/06\/axioma-logo-2.png","width":1200,"height":1200,"caption":"AXIOMA MS"},"image":{"@id":"https:\/\/www.axiomams.eu\/lv#\/schema\/logo\/image\/"},"sameAs":["https:\/\/www.facebook.com\/AxiomaMS","https:\/\/www.linkedin.com\/company\/axiomams\/"]}]}},"_links":{"self":[{"href":"https:\/\/www.axiomams.eu\/lv\/wp-json\/wp\/v2\/product\/44652","targetHints":{"allow":["GET"]}}],"collection":[{"href":"https:\/\/www.axiomams.eu\/lv\/wp-json\/wp\/v2\/product"}],"about":[{"href":"https:\/\/www.axiomams.eu\/lv\/wp-json\/wp\/v2\/types\/product"}],"replies":[{"embeddable":true,"href":"https:\/\/www.axiomams.eu\/lv\/wp-json\/wp\/v2\/comments?post=44652"}],"wp:featuredmedia":[{"embeddable":true,"href":"https:\/\/www.axiomams.eu\/lv\/wp-json\/wp\/v2\/media\/44227"}],"wp:attachment":[{"href":"https:\/\/www.axiomams.eu\/lv\/wp-json\/wp\/v2\/media?parent=44652"}],"wp:term":[{"taxonomy":"product_brand","embeddable":true,"href":"https:\/\/www.axiomams.eu\/lv\/wp-json\/wp\/v2\/product_brand?post=44652"},{"taxonomy":"product_cat","embeddable":true,"href":"https:\/\/www.axiomams.eu\/lv\/wp-json\/wp\/v2\/product_cat?post=44652"},{"taxonomy":"product_tag","embeddable":true,"href":"https:\/\/www.axiomams.eu\/lv\/wp-json\/wp\/v2\/product_tag?post=44652"}],"curies":[{"name":"wp","href":"https:\/\/api.w.org\/{rel}","templated":true}]}}