{"id":44656,"date":"2026-02-19T09:24:48","date_gmt":"2026-02-19T07:24:48","guid":{"rendered":"https:\/\/www.axiomams.eu\/produktas\/radiodetection-u-locate-kabelu-un-caurulu-mekletajs-2"},"modified":"2026-02-19T09:24:48","modified_gmt":"2026-02-19T07:24:48","slug":"radiodetection-u-locate-kabelu-un-caurulu-mekletajs-2","status":"publish","type":"product","link":"https:\/\/www.axiomams.eu\/lv\/produktas\/radiodetection-u-locate-kabelu-un-caurulu-mekletajs-2","title":{"rendered":"Radiodetection u-LOCATE kabe\u013cu un cauru\u013cu mekl\u0113t\u0101js"},"content":{"rendered":"<p>Radiodetection u-LOCATE cauru\u013cu un kabe\u013cu lokators ir izstr\u0101d\u0101ts, lai pal\u012bdz\u0113tu ekskavatoru operatoriem, b\u016bvuz\u0146\u0113m\u0113jiem, ainavu veidot\u0101jiem un \u017eogu uzst\u0101d\u012bt\u0101jiem \u0101tri un prec\u012bzi atrast pazemes in\u017eenierkomunik\u0101cijas. \u0160is vieglais un uzticamais lokators, kas paredz\u0113ts \u0113rtai lieto\u0161anai, samazina nejau\u0161as in\u017eenierkomunik\u0101ciju boj\u0101jumu risku un aizsarg\u0101 gan darbiniekus, gan infrastrukt\u016bru. <\/p>\n<p>u-LOCATE nodro\u0161ina dro\u0161\u0101ku darbu jebkur\u0101 projekt\u0101, kas saist\u012bts ar zemes p\u0101rvieto\u0161anu. Tas nodro\u0161ina uzticamu pazemes in\u017eenierkomunik\u0101ciju noteik\u0161anu, vienlaikus samazinot d\u012bkst\u0101ves laiku un nov\u0113r\u0161ot d\u0101rgus zaud\u0113jumus. <\/p>\n<p>Galven\u0101s sist\u0113mas priek\u0161roc\u012bbas<br \/>\n&#8211; Aizsarg\u0101 pret nejau\u0161iem pazemes in\u017eenierkomunik\u0101ciju boj\u0101jumiem<br \/>\n&#8211; Iztur\u012bga konstrukcija, kas piem\u0113rota visiem laikapst\u0101k\u013ciem un darba viet\u0101m<br \/>\n&#8211; Kreis\u0101s un lab\u0101s virziena bulti\u0146as ar ska\u0146as sign\u0101liem prec\u012bzai orient\u0101cijai<br \/>\n&#8211; Identific\u0113 m\u0113r\u0137a in\u017eenierkomunik\u0101cijas, vienlaikus filtr\u0113jot citus pazemes objektus<br \/>\n&#8211; Dzi\u013cuma nov\u0113rt\u0113\u0161ana ar vienu pogu \u0101trai m\u0113r\u012b\u0161anai<\/p>\n<p>u-LOCATE lokatora funkcijas<br \/>\n&#8211; Augsta kontrasta displejs skaidrai redzam\u012bbai spilgt\u0101 saules gaism\u0101<br \/>\n&#8211; Austi\u0146u ligzda lab\u0101kai ska\u0146ai trok\u0161\u0146ain\u0101 vid\u0113<br \/>\n&#8211; Iztur\u012bga, triecieniztur\u012bga konstrukcija aizsardz\u012bbai pret kritieniem, \u016bdeni un putek\u013ciem<br \/>\n&#8211; Viegls, ergonomisks dizains \u0113rtai ilgsto\u0161ai lieto\u0161anai<br \/>\n&#8211; Augstas redzam\u012bbas atstarojo\u0161s p\u0101rkl\u0101jums operatora un apr\u012bkojuma dro\u0161\u012bbai<\/p>\n<p>u-LOCATE burtu funkcijas<br \/>\n&#8211; Kompakta, efekt\u012bva darb\u012bba<br \/>\n&#8211; Integr\u0113ts piederumu savienot\u0101js<br \/>\n&#8211; Piederumu nodal\u012bjums<\/p>\n<p>Iepakojuma saturs: Radiodetection u-LOCATE uztv\u0113r\u0113js ar baterij\u0101m, u-LOCATE raid\u012bt\u0101js ar baterij\u0101m, vado\u0161as skavas, m\u012bksta p\u0101rn\u0113s\u0101\u0161anas soma, zem\u0113juma stienis un magn\u0113ts, inform\u0101cijas lapa.<\/p>\n<h3>Tehnisk\u0101 inform\u0101cija:<\/h3>\n<ul>\n<li><a href=\"https:\/\/axiomams.eu\/importer\/export\/attachments\/lt\/u-locate_ug-eng-04.pdf\" target=\"_blank\">u-LOCATE_UG-ENG-04.pdf<\/a><\/li>\n<\/ul>\n","protected":false},"excerpt":{"rendered":"<p>Radiodetection u-LOCATE cauru\u013cu un kabe\u013cu lokators ir izstr\u0101d\u0101ts, lai pal\u012bdz\u0113tu ekskavatoru operatoriem, b\u016bvuz\u0146\u0113m\u0113jiem, ainavu veidot\u0101jiem un \u017eogu uzst\u0101d\u012bt\u0101jiem \u0101tri un prec\u012bzi atrast pazemes in\u017eenierkomunik\u0101cijas. \u0160is vieglais un uzticamais lokators, kas paredz\u0113ts \u0113rtai lieto\u0161anai, samazina nejau\u0161as in\u017eenierkomunik\u0101ciju boj\u0101jumu risku un aizsarg\u0101 gan darbiniekus, gan infrastrukt\u016bru. u-LOCATE nodro\u0161ina dro\u0161\u0101ku darbu jebkur\u0101 projekt\u0101, kas saist\u012bts ar zemes p\u0101rvieto\u0161anu&#8230;.<\/p>\n","protected":false},"featured_media":44231,"comment_status":"open","ping_status":"closed","template":"","meta":{"_acf_changed":false},"product_brand":[730],"product_cat":[17716],"product_tag":[],"class_list":{"0":"post-44656","1":"product","2":"type-product","3":"status-publish","4":"has-post-thumbnail","6":"product_brand-radiodetection","7":"product_cat-kabelu-meklesanai-un-atlasei","9":"first","10":"instock","11":"taxable","12":"shipping-taxable","13":"purchasable","14":"product-type-simple"},"acf":[],"yoast_head":"<!-- This site is optimized with the Yoast SEO plugin v27.0 - https:\/\/yoast.com\/product\/yoast-seo-wordpress\/ -->\n<title>Radiodetection u-LOCATE kabe\u013cu un cauru\u013cu mekl\u0113t\u0101js - AXIOMA MS<\/title>\n<meta name=\"robots\" content=\"index, follow, max-snippet:-1, max-image-preview:large, max-video-preview:-1\" \/>\n<link rel=\"canonical\" href=\"https:\/\/www.axiomams.eu\/lv\/produktas\/radiodetection-u-locate-kabelu-un-caurulu-mekletajs-2\" \/>\n<meta property=\"og:locale\" content=\"lv_LV\" \/>\n<meta property=\"og:type\" content=\"article\" \/>\n<meta property=\"og:title\" content=\"Radiodetection u-LOCATE kabe\u013cu un cauru\u013cu mekl\u0113t\u0101js - AXIOMA MS\" \/>\n<meta property=\"og:description\" content=\"Radiodetection u-LOCATE cauru\u013cu un kabe\u013cu lokators ir izstr\u0101d\u0101ts, lai pal\u012bdz\u0113tu ekskavatoru operatoriem, b\u016bvuz\u0146\u0113m\u0113jiem, ainavu veidot\u0101jiem un \u017eogu uzst\u0101d\u012bt\u0101jiem \u0101tri un prec\u012bzi atrast pazemes in\u017eenierkomunik\u0101cijas. \u0160is vieglais un uzticamais lokators, kas paredz\u0113ts \u0113rtai lieto\u0161anai, samazina nejau\u0161as in\u017eenierkomunik\u0101ciju boj\u0101jumu risku un aizsarg\u0101 gan darbiniekus, gan infrastrukt\u016bru. u-LOCATE nodro\u0161ina dro\u0161\u0101ku darbu jebkur\u0101 projekt\u0101, kas saist\u012bts ar zemes p\u0101rvieto\u0161anu....\" \/>\n<meta property=\"og:url\" content=\"https:\/\/www.axiomams.eu\/lv\/produktas\/radiodetection-u-locate-kabelu-un-caurulu-mekletajs-2\" \/>\n<meta property=\"og:site_name\" content=\"AXIOMA MS\" \/>\n<meta property=\"article:publisher\" content=\"https:\/\/www.facebook.com\/AxiomaMS\" \/>\n<meta property=\"og:image\" content=\"https:\/\/www.axiomams.eu\/wp-content\/uploads\/2026\/02\/4709-6230.jpg\" \/>\n\t<meta property=\"og:image:width\" content=\"650\" \/>\n\t<meta property=\"og:image:height\" content=\"661\" \/>\n\t<meta property=\"og:image:type\" content=\"image\/jpeg\" \/>\n<meta name=\"twitter:card\" content=\"summary_large_image\" \/>\n<meta name=\"twitter:label1\" content=\"Est. reading time\" \/>\n\t<meta name=\"twitter:data1\" content=\"2 minutes\" \/>\n<script type=\"application\/ld+json\" class=\"yoast-schema-graph\">{\"@context\":\"https:\/\/schema.org\",\"@graph\":[{\"@type\":\"WebPage\",\"@id\":\"https:\/\/www.axiomams.eu\/lv\/produktas\/radiodetection-u-locate-kabelu-un-caurulu-mekletajs-2\",\"url\":\"https:\/\/www.axiomams.eu\/lv\/produktas\/radiodetection-u-locate-kabelu-un-caurulu-mekletajs-2\",\"name\":\"Radiodetection u-LOCATE kabe\u013cu un cauru\u013cu mekl\u0113t\u0101js - AXIOMA MS\",\"isPartOf\":{\"@id\":\"https:\/\/www.axiomams.eu\/lv#website\"},\"primaryImageOfPage\":{\"@id\":\"https:\/\/www.axiomams.eu\/lv\/produktas\/radiodetection-u-locate-kabelu-un-caurulu-mekletajs-2#primaryimage\"},\"image\":{\"@id\":\"https:\/\/www.axiomams.eu\/lv\/produktas\/radiodetection-u-locate-kabelu-un-caurulu-mekletajs-2#primaryimage\"},\"thumbnailUrl\":\"https:\/\/www.axiomams.eu\/wp-content\/uploads\/2026\/02\/4709-6230.jpg\",\"datePublished\":\"2026-02-19T07:24:48+00:00\",\"breadcrumb\":{\"@id\":\"https:\/\/www.axiomams.eu\/lv\/produktas\/radiodetection-u-locate-kabelu-un-caurulu-mekletajs-2#breadcrumb\"},\"inLanguage\":\"lv-LV\",\"potentialAction\":[{\"@type\":\"ReadAction\",\"target\":[\"https:\/\/www.axiomams.eu\/lv\/produktas\/radiodetection-u-locate-kabelu-un-caurulu-mekletajs-2\"]}]},{\"@type\":\"ImageObject\",\"inLanguage\":\"lv-LV\",\"@id\":\"https:\/\/www.axiomams.eu\/lv\/produktas\/radiodetection-u-locate-kabelu-un-caurulu-mekletajs-2#primaryimage\",\"url\":\"https:\/\/www.axiomams.eu\/wp-content\/uploads\/2026\/02\/4709-6230.jpg\",\"contentUrl\":\"https:\/\/www.axiomams.eu\/wp-content\/uploads\/2026\/02\/4709-6230.jpg\",\"width\":650,\"height\":661},{\"@type\":\"BreadcrumbList\",\"@id\":\"https:\/\/www.axiomams.eu\/lv\/produktas\/radiodetection-u-locate-kabelu-un-caurulu-mekletajs-2#breadcrumb\",\"itemListElement\":[{\"@type\":\"ListItem\",\"position\":1,\"name\":\"Home\",\"item\":\"https:\/\/www.axiomams.eu\/lv\"},{\"@type\":\"ListItem\",\"position\":2,\"name\":\"Produkti\",\"item\":\"https:\/\/www.axiomams.eu\/lv\/produkti\"},{\"@type\":\"ListItem\",\"position\":3,\"name\":\"Radiodetection u-LOCATE kabe\u013cu un cauru\u013cu mekl\u0113t\u0101js\"}]},{\"@type\":\"WebSite\",\"@id\":\"https:\/\/www.axiomams.eu\/lv#website\",\"url\":\"https:\/\/www.axiomams.eu\/lv\",\"name\":\"AXIOMA MS\",\"description\":\"\",\"publisher\":{\"@id\":\"https:\/\/www.axiomams.eu\/lv#organization\"},\"potentialAction\":[{\"@type\":\"SearchAction\",\"target\":{\"@type\":\"EntryPoint\",\"urlTemplate\":\"https:\/\/www.axiomams.eu\/lv?s={search_term_string}\"},\"query-input\":{\"@type\":\"PropertyValueSpecification\",\"valueRequired\":true,\"valueName\":\"search_term_string\"}}],\"inLanguage\":\"lv-LV\"},{\"@type\":\"Organization\",\"@id\":\"https:\/\/www.axiomams.eu\/lv#organization\",\"name\":\"AXIOMA MS\",\"url\":\"https:\/\/www.axiomams.eu\/lv\",\"logo\":{\"@type\":\"ImageObject\",\"inLanguage\":\"lv-LV\",\"@id\":\"https:\/\/www.axiomams.eu\/lv#\/schema\/logo\/image\/\",\"url\":\"https:\/\/www.axiomams.eu\/wp-content\/uploads\/2025\/06\/axioma-logo-2.png\",\"contentUrl\":\"https:\/\/www.axiomams.eu\/wp-content\/uploads\/2025\/06\/axioma-logo-2.png\",\"width\":1200,\"height\":1200,\"caption\":\"AXIOMA MS\"},\"image\":{\"@id\":\"https:\/\/www.axiomams.eu\/lv#\/schema\/logo\/image\/\"},\"sameAs\":[\"https:\/\/www.facebook.com\/AxiomaMS\",\"https:\/\/www.linkedin.com\/company\/axiomams\/\"]}]}<\/script>\n<!-- \/ Yoast SEO plugin. -->","yoast_head_json":{"title":"Radiodetection u-LOCATE kabe\u013cu un cauru\u013cu mekl\u0113t\u0101js - AXIOMA MS","robots":{"index":"index","follow":"follow","max-snippet":"max-snippet:-1","max-image-preview":"max-image-preview:large","max-video-preview":"max-video-preview:-1"},"canonical":"https:\/\/www.axiomams.eu\/lv\/produktas\/radiodetection-u-locate-kabelu-un-caurulu-mekletajs-2","og_locale":"lv_LV","og_type":"article","og_title":"Radiodetection u-LOCATE kabe\u013cu un cauru\u013cu mekl\u0113t\u0101js - AXIOMA MS","og_description":"Radiodetection u-LOCATE cauru\u013cu un kabe\u013cu lokators ir izstr\u0101d\u0101ts, lai pal\u012bdz\u0113tu ekskavatoru operatoriem, b\u016bvuz\u0146\u0113m\u0113jiem, ainavu veidot\u0101jiem un \u017eogu uzst\u0101d\u012bt\u0101jiem \u0101tri un prec\u012bzi atrast pazemes in\u017eenierkomunik\u0101cijas. \u0160is vieglais un uzticamais lokators, kas paredz\u0113ts \u0113rtai lieto\u0161anai, samazina nejau\u0161as in\u017eenierkomunik\u0101ciju boj\u0101jumu risku un aizsarg\u0101 gan darbiniekus, gan infrastrukt\u016bru. u-LOCATE nodro\u0161ina dro\u0161\u0101ku darbu jebkur\u0101 projekt\u0101, kas saist\u012bts ar zemes p\u0101rvieto\u0161anu....","og_url":"https:\/\/www.axiomams.eu\/lv\/produktas\/radiodetection-u-locate-kabelu-un-caurulu-mekletajs-2","og_site_name":"AXIOMA MS","article_publisher":"https:\/\/www.facebook.com\/AxiomaMS","og_image":[{"width":650,"height":661,"url":"https:\/\/www.axiomams.eu\/wp-content\/uploads\/2026\/02\/4709-6230.jpg","type":"image\/jpeg"}],"twitter_card":"summary_large_image","twitter_misc":{"Est. reading time":"2 minutes"},"schema":{"@context":"https:\/\/schema.org","@graph":[{"@type":"WebPage","@id":"https:\/\/www.axiomams.eu\/lv\/produktas\/radiodetection-u-locate-kabelu-un-caurulu-mekletajs-2","url":"https:\/\/www.axiomams.eu\/lv\/produktas\/radiodetection-u-locate-kabelu-un-caurulu-mekletajs-2","name":"Radiodetection u-LOCATE kabe\u013cu un cauru\u013cu mekl\u0113t\u0101js - AXIOMA MS","isPartOf":{"@id":"https:\/\/www.axiomams.eu\/lv#website"},"primaryImageOfPage":{"@id":"https:\/\/www.axiomams.eu\/lv\/produktas\/radiodetection-u-locate-kabelu-un-caurulu-mekletajs-2#primaryimage"},"image":{"@id":"https:\/\/www.axiomams.eu\/lv\/produktas\/radiodetection-u-locate-kabelu-un-caurulu-mekletajs-2#primaryimage"},"thumbnailUrl":"https:\/\/www.axiomams.eu\/wp-content\/uploads\/2026\/02\/4709-6230.jpg","datePublished":"2026-02-19T07:24:48+00:00","breadcrumb":{"@id":"https:\/\/www.axiomams.eu\/lv\/produktas\/radiodetection-u-locate-kabelu-un-caurulu-mekletajs-2#breadcrumb"},"inLanguage":"lv-LV","potentialAction":[{"@type":"ReadAction","target":["https:\/\/www.axiomams.eu\/lv\/produktas\/radiodetection-u-locate-kabelu-un-caurulu-mekletajs-2"]}]},{"@type":"ImageObject","inLanguage":"lv-LV","@id":"https:\/\/www.axiomams.eu\/lv\/produktas\/radiodetection-u-locate-kabelu-un-caurulu-mekletajs-2#primaryimage","url":"https:\/\/www.axiomams.eu\/wp-content\/uploads\/2026\/02\/4709-6230.jpg","contentUrl":"https:\/\/www.axiomams.eu\/wp-content\/uploads\/2026\/02\/4709-6230.jpg","width":650,"height":661},{"@type":"BreadcrumbList","@id":"https:\/\/www.axiomams.eu\/lv\/produktas\/radiodetection-u-locate-kabelu-un-caurulu-mekletajs-2#breadcrumb","itemListElement":[{"@type":"ListItem","position":1,"name":"Home","item":"https:\/\/www.axiomams.eu\/lv"},{"@type":"ListItem","position":2,"name":"Produkti","item":"https:\/\/www.axiomams.eu\/lv\/produkti"},{"@type":"ListItem","position":3,"name":"Radiodetection u-LOCATE kabe\u013cu un cauru\u013cu mekl\u0113t\u0101js"}]},{"@type":"WebSite","@id":"https:\/\/www.axiomams.eu\/lv#website","url":"https:\/\/www.axiomams.eu\/lv","name":"AXIOMA MS","description":"","publisher":{"@id":"https:\/\/www.axiomams.eu\/lv#organization"},"potentialAction":[{"@type":"SearchAction","target":{"@type":"EntryPoint","urlTemplate":"https:\/\/www.axiomams.eu\/lv?s={search_term_string}"},"query-input":{"@type":"PropertyValueSpecification","valueRequired":true,"valueName":"search_term_string"}}],"inLanguage":"lv-LV"},{"@type":"Organization","@id":"https:\/\/www.axiomams.eu\/lv#organization","name":"AXIOMA MS","url":"https:\/\/www.axiomams.eu\/lv","logo":{"@type":"ImageObject","inLanguage":"lv-LV","@id":"https:\/\/www.axiomams.eu\/lv#\/schema\/logo\/image\/","url":"https:\/\/www.axiomams.eu\/wp-content\/uploads\/2025\/06\/axioma-logo-2.png","contentUrl":"https:\/\/www.axiomams.eu\/wp-content\/uploads\/2025\/06\/axioma-logo-2.png","width":1200,"height":1200,"caption":"AXIOMA MS"},"image":{"@id":"https:\/\/www.axiomams.eu\/lv#\/schema\/logo\/image\/"},"sameAs":["https:\/\/www.facebook.com\/AxiomaMS","https:\/\/www.linkedin.com\/company\/axiomams\/"]}]}},"_links":{"self":[{"href":"https:\/\/www.axiomams.eu\/lv\/wp-json\/wp\/v2\/product\/44656","targetHints":{"allow":["GET"]}}],"collection":[{"href":"https:\/\/www.axiomams.eu\/lv\/wp-json\/wp\/v2\/product"}],"about":[{"href":"https:\/\/www.axiomams.eu\/lv\/wp-json\/wp\/v2\/types\/product"}],"replies":[{"embeddable":true,"href":"https:\/\/www.axiomams.eu\/lv\/wp-json\/wp\/v2\/comments?post=44656"}],"wp:featuredmedia":[{"embeddable":true,"href":"https:\/\/www.axiomams.eu\/lv\/wp-json\/wp\/v2\/media\/44231"}],"wp:attachment":[{"href":"https:\/\/www.axiomams.eu\/lv\/wp-json\/wp\/v2\/media?parent=44656"}],"wp:term":[{"taxonomy":"product_brand","embeddable":true,"href":"https:\/\/www.axiomams.eu\/lv\/wp-json\/wp\/v2\/product_brand?post=44656"},{"taxonomy":"product_cat","embeddable":true,"href":"https:\/\/www.axiomams.eu\/lv\/wp-json\/wp\/v2\/product_cat?post=44656"},{"taxonomy":"product_tag","embeddable":true,"href":"https:\/\/www.axiomams.eu\/lv\/wp-json\/wp\/v2\/product_tag?post=44656"}],"curies":[{"name":"wp","href":"https:\/\/api.w.org\/{rel}","templated":true}]}}