{"id":44690,"date":"2026-03-23T15:48:26","date_gmt":"2026-03-23T13:48:26","guid":{"rendered":"https:\/\/www.axiomams.eu\/produktas\/dvpower-rmo500g-mikrooommeeter"},"modified":"2026-03-23T15:48:26","modified_gmt":"2026-03-23T13:48:26","slug":"dvpower-rmo500g-mikrooommeeter","status":"publish","type":"product","link":"https:\/\/www.axiomams.eu\/lv\/produktas\/dvpower-rmo500g-mikrooommeeter","title":{"rendered":"DVpower RMO500G mikrooommeeter"},"content":{"rendered":"<p>RMO500G on valmistatud t\u00e4nap\u00e4eval saadaoleva k\u00f5ige kaasaegsema l\u00fclitustehnoloogia abil. Seade genereerib automaatseteks m\u00f5\u00f5tmisteks alalisvoolu. Voolutugevust suurendatakse enne m\u00f5\u00f5tmist ja v\u00e4hendatakse p\u00e4rast m\u00f5\u00f5tmist. See v\u00f5imaldab v\u00e4ltida magnetv\u00e4ljade m\u00f5ju. Lihtsalt m\u00e4\u00e4rake m\u00f5\u00f5tevool ja vajutage nuppu.    <\/p>\n<p>Pakendi sisu: seade, tarkvara, maanduskaabel, USB-kaabel.<\/p>\n<h3>Tehnisk\u0101 inform\u0101cija:<\/h3>\n<ul>\n<li><a href=\"https:\/\/axiomams.eu\/importer\/export\/attachments\/lt\/dv-power-rmo500g.pdf\" target=\"_blank\">DV Power RMO500G.pdf<\/a><\/li>\n<\/ul>\n","protected":false},"excerpt":{"rendered":"<p>RMO500G on valmistatud t\u00e4nap\u00e4eval saadaoleva k\u00f5ige kaasaegsema l\u00fclitustehnoloogia abil. Seade genereerib automaatseteks m\u00f5\u00f5tmisteks alalisvoolu. Voolutugevust suurendatakse enne m\u00f5\u00f5tmist ja v\u00e4hendatakse p\u00e4rast m\u00f5\u00f5tmist. See v\u00f5imaldab v\u00e4ltida magnetv\u00e4ljade m\u00f5ju. Lihtsalt m\u00e4\u00e4rake m\u00f5\u00f5tevool ja vajutage nuppu. Pakendi sisu: seade, tarkvara, maanduskaabel, USB-kaabel. Tehnisk\u0101 inform\u0101cija: DV Power RMO500G.pdf<\/p>\n","protected":false},"featured_media":44396,"comment_status":"open","ping_status":"closed","template":"","meta":{"_acf_changed":false},"product_brand":[1238],"product_cat":[17713],"product_tag":[],"class_list":{"0":"post-44690","1":"product","2":"type-product","3":"status-publish","4":"has-post-thumbnail","6":"product_brand-dvpower","7":"product_cat-elektroiekartu-testesanai-un-parbaudei","9":"first","10":"instock","11":"taxable","12":"shipping-taxable","13":"product-type-simple"},"acf":[],"yoast_head":"<!-- This site is optimized with the Yoast SEO plugin v27.0 - https:\/\/yoast.com\/product\/yoast-seo-wordpress\/ -->\n<title>DVpower RMO500G mikrooommeeter - AXIOMA MS<\/title>\n<meta name=\"robots\" content=\"index, follow, max-snippet:-1, max-image-preview:large, max-video-preview:-1\" \/>\n<link rel=\"canonical\" href=\"https:\/\/www.axiomams.eu\/lv\/produktas\/dvpower-rmo500g-mikrooommeeter\" \/>\n<meta property=\"og:locale\" content=\"lv_LV\" \/>\n<meta property=\"og:type\" content=\"article\" \/>\n<meta property=\"og:title\" content=\"DVpower RMO500G mikrooommeeter - AXIOMA MS\" \/>\n<meta property=\"og:description\" content=\"RMO500G on valmistatud t\u00e4nap\u00e4eval saadaoleva k\u00f5ige kaasaegsema l\u00fclitustehnoloogia abil. Seade genereerib automaatseteks m\u00f5\u00f5tmisteks alalisvoolu. Voolutugevust suurendatakse enne m\u00f5\u00f5tmist ja v\u00e4hendatakse p\u00e4rast m\u00f5\u00f5tmist. See v\u00f5imaldab v\u00e4ltida magnetv\u00e4ljade m\u00f5ju. Lihtsalt m\u00e4\u00e4rake m\u00f5\u00f5tevool ja vajutage nuppu. Pakendi sisu: seade, tarkvara, maanduskaabel, USB-kaabel. Tehnisk\u0101 inform\u0101cija: DV Power RMO500G.pdf\" \/>\n<meta property=\"og:url\" content=\"https:\/\/www.axiomams.eu\/lv\/produktas\/dvpower-rmo500g-mikrooommeeter\" \/>\n<meta property=\"og:site_name\" content=\"AXIOMA MS\" \/>\n<meta property=\"article:publisher\" content=\"https:\/\/www.facebook.com\/AxiomaMS\" \/>\n<meta property=\"og:image\" content=\"https:\/\/www.axiomams.eu\/wp-content\/uploads\/2026\/03\/852-1006.jpg\" \/>\n\t<meta property=\"og:image:width\" content=\"528\" \/>\n\t<meta property=\"og:image:height\" content=\"460\" \/>\n\t<meta property=\"og:image:type\" content=\"image\/jpeg\" \/>\n<meta name=\"twitter:card\" content=\"summary_large_image\" \/>\n<script type=\"application\/ld+json\" class=\"yoast-schema-graph\">{\"@context\":\"https:\/\/schema.org\",\"@graph\":[{\"@type\":\"WebPage\",\"@id\":\"https:\/\/www.axiomams.eu\/lv\/produktas\/dvpower-rmo500g-mikrooommeeter\",\"url\":\"https:\/\/www.axiomams.eu\/lv\/produktas\/dvpower-rmo500g-mikrooommeeter\",\"name\":\"DVpower RMO500G mikrooommeeter - AXIOMA MS\",\"isPartOf\":{\"@id\":\"https:\/\/www.axiomams.eu\/lv#website\"},\"primaryImageOfPage\":{\"@id\":\"https:\/\/www.axiomams.eu\/lv\/produktas\/dvpower-rmo500g-mikrooommeeter#primaryimage\"},\"image\":{\"@id\":\"https:\/\/www.axiomams.eu\/lv\/produktas\/dvpower-rmo500g-mikrooommeeter#primaryimage\"},\"thumbnailUrl\":\"https:\/\/www.axiomams.eu\/wp-content\/uploads\/2026\/03\/852-1006.jpg\",\"datePublished\":\"2026-03-23T13:48:26+00:00\",\"breadcrumb\":{\"@id\":\"https:\/\/www.axiomams.eu\/lv\/produktas\/dvpower-rmo500g-mikrooommeeter#breadcrumb\"},\"inLanguage\":\"lv-LV\",\"potentialAction\":[{\"@type\":\"ReadAction\",\"target\":[\"https:\/\/www.axiomams.eu\/lv\/produktas\/dvpower-rmo500g-mikrooommeeter\"]}]},{\"@type\":\"ImageObject\",\"inLanguage\":\"lv-LV\",\"@id\":\"https:\/\/www.axiomams.eu\/lv\/produktas\/dvpower-rmo500g-mikrooommeeter#primaryimage\",\"url\":\"https:\/\/www.axiomams.eu\/wp-content\/uploads\/2026\/03\/852-1006.jpg\",\"contentUrl\":\"https:\/\/www.axiomams.eu\/wp-content\/uploads\/2026\/03\/852-1006.jpg\",\"width\":528,\"height\":460},{\"@type\":\"BreadcrumbList\",\"@id\":\"https:\/\/www.axiomams.eu\/lv\/produktas\/dvpower-rmo500g-mikrooommeeter#breadcrumb\",\"itemListElement\":[{\"@type\":\"ListItem\",\"position\":1,\"name\":\"Home\",\"item\":\"https:\/\/www.axiomams.eu\/lv\"},{\"@type\":\"ListItem\",\"position\":2,\"name\":\"Produkti\",\"item\":\"https:\/\/www.axiomams.eu\/lv\/produkti\"},{\"@type\":\"ListItem\",\"position\":3,\"name\":\"DVpower RMO500G mikrooommeeter\"}]},{\"@type\":\"WebSite\",\"@id\":\"https:\/\/www.axiomams.eu\/lv#website\",\"url\":\"https:\/\/www.axiomams.eu\/lv\",\"name\":\"AXIOMA MS\",\"description\":\"Terrmovizoriai ir matavimo \u012franga\",\"publisher\":{\"@id\":\"https:\/\/www.axiomams.eu\/lv#organization\"},\"potentialAction\":[{\"@type\":\"SearchAction\",\"target\":{\"@type\":\"EntryPoint\",\"urlTemplate\":\"https:\/\/www.axiomams.eu\/lv?s={search_term_string}\"},\"query-input\":{\"@type\":\"PropertyValueSpecification\",\"valueRequired\":true,\"valueName\":\"search_term_string\"}}],\"inLanguage\":\"lv-LV\"},{\"@type\":\"Organization\",\"@id\":\"https:\/\/www.axiomams.eu\/lv#organization\",\"name\":\"AXIOMA MS\",\"url\":\"https:\/\/www.axiomams.eu\/lv\",\"logo\":{\"@type\":\"ImageObject\",\"inLanguage\":\"lv-LV\",\"@id\":\"https:\/\/www.axiomams.eu\/lv#\/schema\/logo\/image\/\",\"url\":\"https:\/\/www.axiomams.eu\/wp-content\/uploads\/2025\/06\/axioma-logo-2.png\",\"contentUrl\":\"https:\/\/www.axiomams.eu\/wp-content\/uploads\/2025\/06\/axioma-logo-2.png\",\"width\":1200,\"height\":1200,\"caption\":\"AXIOMA MS\"},\"image\":{\"@id\":\"https:\/\/www.axiomams.eu\/lv#\/schema\/logo\/image\/\"},\"sameAs\":[\"https:\/\/www.facebook.com\/AxiomaMS\",\"https:\/\/www.linkedin.com\/company\/axiomams\/\"]}]}<\/script>\n<!-- \/ Yoast SEO plugin. -->","yoast_head_json":{"title":"DVpower RMO500G mikrooommeeter - AXIOMA MS","robots":{"index":"index","follow":"follow","max-snippet":"max-snippet:-1","max-image-preview":"max-image-preview:large","max-video-preview":"max-video-preview:-1"},"canonical":"https:\/\/www.axiomams.eu\/lv\/produktas\/dvpower-rmo500g-mikrooommeeter","og_locale":"lv_LV","og_type":"article","og_title":"DVpower RMO500G mikrooommeeter - AXIOMA MS","og_description":"RMO500G on valmistatud t\u00e4nap\u00e4eval saadaoleva k\u00f5ige kaasaegsema l\u00fclitustehnoloogia abil. Seade genereerib automaatseteks m\u00f5\u00f5tmisteks alalisvoolu. Voolutugevust suurendatakse enne m\u00f5\u00f5tmist ja v\u00e4hendatakse p\u00e4rast m\u00f5\u00f5tmist. See v\u00f5imaldab v\u00e4ltida magnetv\u00e4ljade m\u00f5ju. Lihtsalt m\u00e4\u00e4rake m\u00f5\u00f5tevool ja vajutage nuppu. Pakendi sisu: seade, tarkvara, maanduskaabel, USB-kaabel. Tehnisk\u0101 inform\u0101cija: DV Power RMO500G.pdf","og_url":"https:\/\/www.axiomams.eu\/lv\/produktas\/dvpower-rmo500g-mikrooommeeter","og_site_name":"AXIOMA MS","article_publisher":"https:\/\/www.facebook.com\/AxiomaMS","og_image":[{"width":528,"height":460,"url":"https:\/\/www.axiomams.eu\/wp-content\/uploads\/2026\/03\/852-1006.jpg","type":"image\/jpeg"}],"twitter_card":"summary_large_image","schema":{"@context":"https:\/\/schema.org","@graph":[{"@type":"WebPage","@id":"https:\/\/www.axiomams.eu\/lv\/produktas\/dvpower-rmo500g-mikrooommeeter","url":"https:\/\/www.axiomams.eu\/lv\/produktas\/dvpower-rmo500g-mikrooommeeter","name":"DVpower RMO500G mikrooommeeter - AXIOMA MS","isPartOf":{"@id":"https:\/\/www.axiomams.eu\/lv#website"},"primaryImageOfPage":{"@id":"https:\/\/www.axiomams.eu\/lv\/produktas\/dvpower-rmo500g-mikrooommeeter#primaryimage"},"image":{"@id":"https:\/\/www.axiomams.eu\/lv\/produktas\/dvpower-rmo500g-mikrooommeeter#primaryimage"},"thumbnailUrl":"https:\/\/www.axiomams.eu\/wp-content\/uploads\/2026\/03\/852-1006.jpg","datePublished":"2026-03-23T13:48:26+00:00","breadcrumb":{"@id":"https:\/\/www.axiomams.eu\/lv\/produktas\/dvpower-rmo500g-mikrooommeeter#breadcrumb"},"inLanguage":"lv-LV","potentialAction":[{"@type":"ReadAction","target":["https:\/\/www.axiomams.eu\/lv\/produktas\/dvpower-rmo500g-mikrooommeeter"]}]},{"@type":"ImageObject","inLanguage":"lv-LV","@id":"https:\/\/www.axiomams.eu\/lv\/produktas\/dvpower-rmo500g-mikrooommeeter#primaryimage","url":"https:\/\/www.axiomams.eu\/wp-content\/uploads\/2026\/03\/852-1006.jpg","contentUrl":"https:\/\/www.axiomams.eu\/wp-content\/uploads\/2026\/03\/852-1006.jpg","width":528,"height":460},{"@type":"BreadcrumbList","@id":"https:\/\/www.axiomams.eu\/lv\/produktas\/dvpower-rmo500g-mikrooommeeter#breadcrumb","itemListElement":[{"@type":"ListItem","position":1,"name":"Home","item":"https:\/\/www.axiomams.eu\/lv"},{"@type":"ListItem","position":2,"name":"Produkti","item":"https:\/\/www.axiomams.eu\/lv\/produkti"},{"@type":"ListItem","position":3,"name":"DVpower RMO500G mikrooommeeter"}]},{"@type":"WebSite","@id":"https:\/\/www.axiomams.eu\/lv#website","url":"https:\/\/www.axiomams.eu\/lv","name":"AXIOMA MS","description":"Terrmovizoriai ir matavimo \u012franga","publisher":{"@id":"https:\/\/www.axiomams.eu\/lv#organization"},"potentialAction":[{"@type":"SearchAction","target":{"@type":"EntryPoint","urlTemplate":"https:\/\/www.axiomams.eu\/lv?s={search_term_string}"},"query-input":{"@type":"PropertyValueSpecification","valueRequired":true,"valueName":"search_term_string"}}],"inLanguage":"lv-LV"},{"@type":"Organization","@id":"https:\/\/www.axiomams.eu\/lv#organization","name":"AXIOMA MS","url":"https:\/\/www.axiomams.eu\/lv","logo":{"@type":"ImageObject","inLanguage":"lv-LV","@id":"https:\/\/www.axiomams.eu\/lv#\/schema\/logo\/image\/","url":"https:\/\/www.axiomams.eu\/wp-content\/uploads\/2025\/06\/axioma-logo-2.png","contentUrl":"https:\/\/www.axiomams.eu\/wp-content\/uploads\/2025\/06\/axioma-logo-2.png","width":1200,"height":1200,"caption":"AXIOMA MS"},"image":{"@id":"https:\/\/www.axiomams.eu\/lv#\/schema\/logo\/image\/"},"sameAs":["https:\/\/www.facebook.com\/AxiomaMS","https:\/\/www.linkedin.com\/company\/axiomams\/"]}]}},"_links":{"self":[{"href":"https:\/\/www.axiomams.eu\/lv\/wp-json\/wp\/v2\/product\/44690","targetHints":{"allow":["GET"]}}],"collection":[{"href":"https:\/\/www.axiomams.eu\/lv\/wp-json\/wp\/v2\/product"}],"about":[{"href":"https:\/\/www.axiomams.eu\/lv\/wp-json\/wp\/v2\/types\/product"}],"replies":[{"embeddable":true,"href":"https:\/\/www.axiomams.eu\/lv\/wp-json\/wp\/v2\/comments?post=44690"}],"wp:featuredmedia":[{"embeddable":true,"href":"https:\/\/www.axiomams.eu\/lv\/wp-json\/wp\/v2\/media\/44396"}],"wp:attachment":[{"href":"https:\/\/www.axiomams.eu\/lv\/wp-json\/wp\/v2\/media?parent=44690"}],"wp:term":[{"taxonomy":"product_brand","embeddable":true,"href":"https:\/\/www.axiomams.eu\/lv\/wp-json\/wp\/v2\/product_brand?post=44690"},{"taxonomy":"product_cat","embeddable":true,"href":"https:\/\/www.axiomams.eu\/lv\/wp-json\/wp\/v2\/product_cat?post=44690"},{"taxonomy":"product_tag","embeddable":true,"href":"https:\/\/www.axiomams.eu\/lv\/wp-json\/wp\/v2\/product_tag?post=44690"}],"curies":[{"name":"wp","href":"https:\/\/api.w.org\/{rel}","templated":true}]}}