{"id":44693,"date":"2026-03-23T15:48:23","date_gmt":"2026-03-23T13:48:23","guid":{"rendered":"https:\/\/www.axiomams.eu\/produktas\/dvpower-rmo300g-mikrooommeeter"},"modified":"2026-03-23T15:48:23","modified_gmt":"2026-03-23T13:48:23","slug":"dvpower-rmo300g-mikrooommeeter","status":"publish","type":"product","link":"https:\/\/www.axiomams.eu\/lv\/produktas\/dvpower-rmo300g-mikrooommeeter","title":{"rendered":"DVpower RMO300G mikrooommeeter"},"content":{"rendered":"<p>RMO300G suudab oma m\u00e4llu salvestada kuni 500 m\u00f5\u00f5tmistulemust koos nende tegemise kuup\u00e4eva ja kellaajaga. DV-Win tarkvara abil saab m\u00f5\u00f5tmisi teha kasutaja arvutist USB-kaabli (standardvarustus) v\u00f5i RS232-kaabli (valikuline) kaudu. DV-Win tarkvara abil saab m\u00f5\u00f5tmistulemusi salvestada Exceli tabelina, mida saab seej\u00e4rel kuvada graafikuna v\u00f5i aruande jaoks printida. Sellel seadmel on termiline ja \u00fclekoormuskaitse. RMO300G suudab k\u00f5rvaldada elektromagnetilised ja elektrostaatilised h\u00e4ired k\u00f5rgepinge elektriv\u00e4ljades. See saavutatakse t\u00e4nu \u00e4\u00e4rmiselt t\u00f5husale filtreerimisele patenteeritud riist- ja tarkvara abil.     <\/p>\n<p>Pakendi sisu: seade, tarkvara, maanduskaabel, USB-kaabel<\/p>\n<h3>Tehnisk\u0101 inform\u0101cija:<\/h3>\n<ul>\n<li><a href=\"https:\/\/axiomams.eu\/importer\/export\/attachments\/lt\/dv-power-rmo300g.pdf\" target=\"_blank\">DV Power RMO300G.pdf<\/a><\/li>\n<\/ul>\n","protected":false},"excerpt":{"rendered":"<p>RMO300G suudab oma m\u00e4llu salvestada kuni 500 m\u00f5\u00f5tmistulemust koos nende tegemise kuup\u00e4eva ja kellaajaga. DV-Win tarkvara abil saab m\u00f5\u00f5tmisi teha kasutaja arvutist USB-kaabli (standardvarustus) v\u00f5i RS232-kaabli (valikuline) kaudu. DV-Win tarkvara abil saab m\u00f5\u00f5tmistulemusi salvestada Exceli tabelina, mida saab seej\u00e4rel kuvada graafikuna v\u00f5i aruande jaoks printida. Sellel seadmel on termiline ja \u00fclekoormuskaitse. RMO300G suudab k\u00f5rvaldada elektromagnetilised&#8230;<\/p>\n","protected":false},"featured_media":44390,"comment_status":"open","ping_status":"closed","template":"","meta":{"_acf_changed":false},"product_brand":[1238],"product_cat":[17713],"product_tag":[],"class_list":{"0":"post-44693","1":"product","2":"type-product","3":"status-publish","4":"has-post-thumbnail","6":"product_brand-dvpower","7":"product_cat-elektroiekartu-testesanai-un-parbaudei","9":"first","10":"instock","11":"taxable","12":"shipping-taxable","13":"product-type-simple"},"acf":[],"yoast_head":"<!-- This site is optimized with the Yoast SEO plugin v27.0 - https:\/\/yoast.com\/product\/yoast-seo-wordpress\/ -->\n<title>DVpower RMO300G mikrooommeeter - AXIOMA MS<\/title>\n<meta name=\"robots\" content=\"index, follow, max-snippet:-1, max-image-preview:large, max-video-preview:-1\" \/>\n<link rel=\"canonical\" href=\"https:\/\/www.axiomams.eu\/lv\/produktas\/dvpower-rmo300g-mikrooommeeter\" \/>\n<meta property=\"og:locale\" content=\"lv_LV\" \/>\n<meta property=\"og:type\" content=\"article\" \/>\n<meta property=\"og:title\" content=\"DVpower RMO300G mikrooommeeter - AXIOMA MS\" \/>\n<meta property=\"og:description\" content=\"RMO300G suudab oma m\u00e4llu salvestada kuni 500 m\u00f5\u00f5tmistulemust koos nende tegemise kuup\u00e4eva ja kellaajaga. DV-Win tarkvara abil saab m\u00f5\u00f5tmisi teha kasutaja arvutist USB-kaabli (standardvarustus) v\u00f5i RS232-kaabli (valikuline) kaudu. DV-Win tarkvara abil saab m\u00f5\u00f5tmistulemusi salvestada Exceli tabelina, mida saab seej\u00e4rel kuvada graafikuna v\u00f5i aruande jaoks printida. Sellel seadmel on termiline ja \u00fclekoormuskaitse. RMO300G suudab k\u00f5rvaldada elektromagnetilised...\" \/>\n<meta property=\"og:url\" content=\"https:\/\/www.axiomams.eu\/lv\/produktas\/dvpower-rmo300g-mikrooommeeter\" \/>\n<meta property=\"og:site_name\" content=\"AXIOMA MS\" \/>\n<meta property=\"article:publisher\" content=\"https:\/\/www.facebook.com\/AxiomaMS\" \/>\n<meta property=\"og:image\" content=\"https:\/\/www.axiomams.eu\/wp-content\/uploads\/2026\/03\/850-1001.jpg\" \/>\n\t<meta property=\"og:image:width\" content=\"528\" \/>\n\t<meta property=\"og:image:height\" content=\"460\" \/>\n\t<meta property=\"og:image:type\" content=\"image\/jpeg\" \/>\n<meta name=\"twitter:card\" content=\"summary_large_image\" \/>\n<meta name=\"twitter:label1\" content=\"Est. reading time\" \/>\n\t<meta name=\"twitter:data1\" content=\"1 minute\" \/>\n<script type=\"application\/ld+json\" class=\"yoast-schema-graph\">{\"@context\":\"https:\/\/schema.org\",\"@graph\":[{\"@type\":\"WebPage\",\"@id\":\"https:\/\/www.axiomams.eu\/lv\/produktas\/dvpower-rmo300g-mikrooommeeter\",\"url\":\"https:\/\/www.axiomams.eu\/lv\/produktas\/dvpower-rmo300g-mikrooommeeter\",\"name\":\"DVpower RMO300G mikrooommeeter - AXIOMA MS\",\"isPartOf\":{\"@id\":\"https:\/\/www.axiomams.eu\/lv#website\"},\"primaryImageOfPage\":{\"@id\":\"https:\/\/www.axiomams.eu\/lv\/produktas\/dvpower-rmo300g-mikrooommeeter#primaryimage\"},\"image\":{\"@id\":\"https:\/\/www.axiomams.eu\/lv\/produktas\/dvpower-rmo300g-mikrooommeeter#primaryimage\"},\"thumbnailUrl\":\"https:\/\/www.axiomams.eu\/wp-content\/uploads\/2026\/03\/850-1001.jpg\",\"datePublished\":\"2026-03-23T13:48:23+00:00\",\"breadcrumb\":{\"@id\":\"https:\/\/www.axiomams.eu\/lv\/produktas\/dvpower-rmo300g-mikrooommeeter#breadcrumb\"},\"inLanguage\":\"lv-LV\",\"potentialAction\":[{\"@type\":\"ReadAction\",\"target\":[\"https:\/\/www.axiomams.eu\/lv\/produktas\/dvpower-rmo300g-mikrooommeeter\"]}]},{\"@type\":\"ImageObject\",\"inLanguage\":\"lv-LV\",\"@id\":\"https:\/\/www.axiomams.eu\/lv\/produktas\/dvpower-rmo300g-mikrooommeeter#primaryimage\",\"url\":\"https:\/\/www.axiomams.eu\/wp-content\/uploads\/2026\/03\/850-1001.jpg\",\"contentUrl\":\"https:\/\/www.axiomams.eu\/wp-content\/uploads\/2026\/03\/850-1001.jpg\",\"width\":528,\"height\":460},{\"@type\":\"BreadcrumbList\",\"@id\":\"https:\/\/www.axiomams.eu\/lv\/produktas\/dvpower-rmo300g-mikrooommeeter#breadcrumb\",\"itemListElement\":[{\"@type\":\"ListItem\",\"position\":1,\"name\":\"Home\",\"item\":\"https:\/\/www.axiomams.eu\/lv\"},{\"@type\":\"ListItem\",\"position\":2,\"name\":\"Produkti\",\"item\":\"https:\/\/www.axiomams.eu\/lv\/produkti\"},{\"@type\":\"ListItem\",\"position\":3,\"name\":\"DVpower RMO300G mikrooommeeter\"}]},{\"@type\":\"WebSite\",\"@id\":\"https:\/\/www.axiomams.eu\/lv#website\",\"url\":\"https:\/\/www.axiomams.eu\/lv\",\"name\":\"AXIOMA MS\",\"description\":\"Terrmovizoriai ir matavimo \u012franga\",\"publisher\":{\"@id\":\"https:\/\/www.axiomams.eu\/lv#organization\"},\"potentialAction\":[{\"@type\":\"SearchAction\",\"target\":{\"@type\":\"EntryPoint\",\"urlTemplate\":\"https:\/\/www.axiomams.eu\/lv?s={search_term_string}\"},\"query-input\":{\"@type\":\"PropertyValueSpecification\",\"valueRequired\":true,\"valueName\":\"search_term_string\"}}],\"inLanguage\":\"lv-LV\"},{\"@type\":\"Organization\",\"@id\":\"https:\/\/www.axiomams.eu\/lv#organization\",\"name\":\"AXIOMA MS\",\"url\":\"https:\/\/www.axiomams.eu\/lv\",\"logo\":{\"@type\":\"ImageObject\",\"inLanguage\":\"lv-LV\",\"@id\":\"https:\/\/www.axiomams.eu\/lv#\/schema\/logo\/image\/\",\"url\":\"https:\/\/www.axiomams.eu\/wp-content\/uploads\/2025\/06\/axioma-logo-2.png\",\"contentUrl\":\"https:\/\/www.axiomams.eu\/wp-content\/uploads\/2025\/06\/axioma-logo-2.png\",\"width\":1200,\"height\":1200,\"caption\":\"AXIOMA MS\"},\"image\":{\"@id\":\"https:\/\/www.axiomams.eu\/lv#\/schema\/logo\/image\/\"},\"sameAs\":[\"https:\/\/www.facebook.com\/AxiomaMS\",\"https:\/\/www.linkedin.com\/company\/axiomams\/\"]}]}<\/script>\n<!-- \/ Yoast SEO plugin. -->","yoast_head_json":{"title":"DVpower RMO300G mikrooommeeter - AXIOMA MS","robots":{"index":"index","follow":"follow","max-snippet":"max-snippet:-1","max-image-preview":"max-image-preview:large","max-video-preview":"max-video-preview:-1"},"canonical":"https:\/\/www.axiomams.eu\/lv\/produktas\/dvpower-rmo300g-mikrooommeeter","og_locale":"lv_LV","og_type":"article","og_title":"DVpower RMO300G mikrooommeeter - AXIOMA MS","og_description":"RMO300G suudab oma m\u00e4llu salvestada kuni 500 m\u00f5\u00f5tmistulemust koos nende tegemise kuup\u00e4eva ja kellaajaga. DV-Win tarkvara abil saab m\u00f5\u00f5tmisi teha kasutaja arvutist USB-kaabli (standardvarustus) v\u00f5i RS232-kaabli (valikuline) kaudu. DV-Win tarkvara abil saab m\u00f5\u00f5tmistulemusi salvestada Exceli tabelina, mida saab seej\u00e4rel kuvada graafikuna v\u00f5i aruande jaoks printida. Sellel seadmel on termiline ja \u00fclekoormuskaitse. RMO300G suudab k\u00f5rvaldada elektromagnetilised...","og_url":"https:\/\/www.axiomams.eu\/lv\/produktas\/dvpower-rmo300g-mikrooommeeter","og_site_name":"AXIOMA MS","article_publisher":"https:\/\/www.facebook.com\/AxiomaMS","og_image":[{"width":528,"height":460,"url":"https:\/\/www.axiomams.eu\/wp-content\/uploads\/2026\/03\/850-1001.jpg","type":"image\/jpeg"}],"twitter_card":"summary_large_image","twitter_misc":{"Est. reading time":"1 minute"},"schema":{"@context":"https:\/\/schema.org","@graph":[{"@type":"WebPage","@id":"https:\/\/www.axiomams.eu\/lv\/produktas\/dvpower-rmo300g-mikrooommeeter","url":"https:\/\/www.axiomams.eu\/lv\/produktas\/dvpower-rmo300g-mikrooommeeter","name":"DVpower RMO300G mikrooommeeter - AXIOMA MS","isPartOf":{"@id":"https:\/\/www.axiomams.eu\/lv#website"},"primaryImageOfPage":{"@id":"https:\/\/www.axiomams.eu\/lv\/produktas\/dvpower-rmo300g-mikrooommeeter#primaryimage"},"image":{"@id":"https:\/\/www.axiomams.eu\/lv\/produktas\/dvpower-rmo300g-mikrooommeeter#primaryimage"},"thumbnailUrl":"https:\/\/www.axiomams.eu\/wp-content\/uploads\/2026\/03\/850-1001.jpg","datePublished":"2026-03-23T13:48:23+00:00","breadcrumb":{"@id":"https:\/\/www.axiomams.eu\/lv\/produktas\/dvpower-rmo300g-mikrooommeeter#breadcrumb"},"inLanguage":"lv-LV","potentialAction":[{"@type":"ReadAction","target":["https:\/\/www.axiomams.eu\/lv\/produktas\/dvpower-rmo300g-mikrooommeeter"]}]},{"@type":"ImageObject","inLanguage":"lv-LV","@id":"https:\/\/www.axiomams.eu\/lv\/produktas\/dvpower-rmo300g-mikrooommeeter#primaryimage","url":"https:\/\/www.axiomams.eu\/wp-content\/uploads\/2026\/03\/850-1001.jpg","contentUrl":"https:\/\/www.axiomams.eu\/wp-content\/uploads\/2026\/03\/850-1001.jpg","width":528,"height":460},{"@type":"BreadcrumbList","@id":"https:\/\/www.axiomams.eu\/lv\/produktas\/dvpower-rmo300g-mikrooommeeter#breadcrumb","itemListElement":[{"@type":"ListItem","position":1,"name":"Home","item":"https:\/\/www.axiomams.eu\/lv"},{"@type":"ListItem","position":2,"name":"Produkti","item":"https:\/\/www.axiomams.eu\/lv\/produkti"},{"@type":"ListItem","position":3,"name":"DVpower RMO300G mikrooommeeter"}]},{"@type":"WebSite","@id":"https:\/\/www.axiomams.eu\/lv#website","url":"https:\/\/www.axiomams.eu\/lv","name":"AXIOMA MS","description":"Terrmovizoriai ir matavimo \u012franga","publisher":{"@id":"https:\/\/www.axiomams.eu\/lv#organization"},"potentialAction":[{"@type":"SearchAction","target":{"@type":"EntryPoint","urlTemplate":"https:\/\/www.axiomams.eu\/lv?s={search_term_string}"},"query-input":{"@type":"PropertyValueSpecification","valueRequired":true,"valueName":"search_term_string"}}],"inLanguage":"lv-LV"},{"@type":"Organization","@id":"https:\/\/www.axiomams.eu\/lv#organization","name":"AXIOMA MS","url":"https:\/\/www.axiomams.eu\/lv","logo":{"@type":"ImageObject","inLanguage":"lv-LV","@id":"https:\/\/www.axiomams.eu\/lv#\/schema\/logo\/image\/","url":"https:\/\/www.axiomams.eu\/wp-content\/uploads\/2025\/06\/axioma-logo-2.png","contentUrl":"https:\/\/www.axiomams.eu\/wp-content\/uploads\/2025\/06\/axioma-logo-2.png","width":1200,"height":1200,"caption":"AXIOMA MS"},"image":{"@id":"https:\/\/www.axiomams.eu\/lv#\/schema\/logo\/image\/"},"sameAs":["https:\/\/www.facebook.com\/AxiomaMS","https:\/\/www.linkedin.com\/company\/axiomams\/"]}]}},"_links":{"self":[{"href":"https:\/\/www.axiomams.eu\/lv\/wp-json\/wp\/v2\/product\/44693","targetHints":{"allow":["GET"]}}],"collection":[{"href":"https:\/\/www.axiomams.eu\/lv\/wp-json\/wp\/v2\/product"}],"about":[{"href":"https:\/\/www.axiomams.eu\/lv\/wp-json\/wp\/v2\/types\/product"}],"replies":[{"embeddable":true,"href":"https:\/\/www.axiomams.eu\/lv\/wp-json\/wp\/v2\/comments?post=44693"}],"wp:featuredmedia":[{"embeddable":true,"href":"https:\/\/www.axiomams.eu\/lv\/wp-json\/wp\/v2\/media\/44390"}],"wp:attachment":[{"href":"https:\/\/www.axiomams.eu\/lv\/wp-json\/wp\/v2\/media?parent=44693"}],"wp:term":[{"taxonomy":"product_brand","embeddable":true,"href":"https:\/\/www.axiomams.eu\/lv\/wp-json\/wp\/v2\/product_brand?post=44693"},{"taxonomy":"product_cat","embeddable":true,"href":"https:\/\/www.axiomams.eu\/lv\/wp-json\/wp\/v2\/product_cat?post=44693"},{"taxonomy":"product_tag","embeddable":true,"href":"https:\/\/www.axiomams.eu\/lv\/wp-json\/wp\/v2\/product_tag?post=44693"}],"curies":[{"name":"wp","href":"https:\/\/api.w.org\/{rel}","templated":true}]}}