{"id":44698,"date":"2026-03-23T15:48:22","date_gmt":"2026-03-23T13:48:22","guid":{"rendered":"https:\/\/www.axiomams.eu\/produktas\/dvpower-rmo200g-mikroohmmetrs"},"modified":"2026-03-23T15:48:22","modified_gmt":"2026-03-23T13:48:22","slug":"dvpower-rmo200g-mikroohmmetrs","status":"publish","type":"product","link":"https:\/\/www.axiomams.eu\/lv\/produktas\/dvpower-rmo200g-mikroohmmetrs","title":{"rendered":"DVpower RMO200G mikroohmmetrs"},"content":{"rendered":"<p>RMO200G atmi\u0146\u0101 var saglab\u0101t l\u012bdz 500 m\u0113r\u012bjumu rezult\u0101tiem ar to veik\u0161anas datumu un laiku. Izmantojot DV-Win programmat\u016bru, m\u0113r\u012bjumus var veikt no lietot\u0101ja datora, izmantojot USB kabeli (standarta apr\u012bkojums) vai RS232 kabeli (p\u0113c izv\u0113les). Izmantojot DV-Win programmat\u016bru, m\u0113r\u012bjumu rezult\u0101tus var saglab\u0101t k\u0101 Excel tabulu, ko p\u0113c tam var att\u0113lot k\u0101 grafiku vai izdruk\u0101t atskaitei. \u0160ai ier\u012bcei ir termisk\u0101 un p\u0101rslodzes aizsardz\u012bba. RMO200G sp\u0113j nov\u0113rst elektromagn\u0113tiskos un elektrostatiskos trauc\u0113jumus augstsprieguma elektriskajos laukos. Tas tiek pan\u0101kts, pateicoties \u0101rk\u0101rt\u012bgi efekt\u012bvai filtr\u0113\u0161anai, izmantojot patent\u0113tu aparat\u016bru un programmat\u016bru.     <\/p>\n<p>Pakendi sisu: seade, tarkvara, maanduskaabel, USB-kaabel<\/p>\n<h3>Tehnisk\u0101 inform\u0101cija:<\/h3>\n<ul>\n<li><a href=\"https:\/\/axiomams.eu\/importer\/export\/attachments\/lt\/dv-power-rmo200g.pdf\" target=\"_blank\">DV Power RMO200G.pdf<\/a><\/li>\n<\/ul>\n","protected":false},"excerpt":{"rendered":"<p>RMO200G atmi\u0146\u0101 var saglab\u0101t l\u012bdz 500 m\u0113r\u012bjumu rezult\u0101tiem ar to veik\u0161anas datumu un laiku. Izmantojot DV-Win programmat\u016bru, m\u0113r\u012bjumus var veikt no lietot\u0101ja datora, izmantojot USB kabeli (standarta apr\u012bkojums) vai RS232 kabeli (p\u0113c izv\u0113les). Izmantojot DV-Win programmat\u016bru, m\u0113r\u012bjumu rezult\u0101tus var saglab\u0101t k\u0101 Excel tabulu, ko p\u0113c tam var att\u0113lot k\u0101 grafiku vai izdruk\u0101t atskaitei. \u0160ai ier\u012bcei&#8230;<\/p>\n","protected":false},"featured_media":44386,"comment_status":"open","ping_status":"closed","template":"","meta":{"_acf_changed":false},"product_brand":[1238],"product_cat":[17713],"product_tag":[],"class_list":{"0":"post-44698","1":"product","2":"type-product","3":"status-publish","4":"has-post-thumbnail","6":"product_brand-dvpower","7":"product_cat-elektroiekartu-testesanai-un-parbaudei","9":"first","10":"instock","11":"taxable","12":"shipping-taxable","13":"product-type-simple"},"acf":[],"yoast_head":"<!-- This site is optimized with the Yoast SEO plugin v27.0 - https:\/\/yoast.com\/product\/yoast-seo-wordpress\/ -->\n<title>DVpower RMO200G mikroohmmetrs - AXIOMA MS<\/title>\n<meta name=\"robots\" content=\"index, follow, max-snippet:-1, max-image-preview:large, max-video-preview:-1\" \/>\n<link rel=\"canonical\" href=\"https:\/\/www.axiomams.eu\/lv\/produktas\/dvpower-rmo200g-mikroohmmetrs\" \/>\n<meta property=\"og:locale\" content=\"lv_LV\" \/>\n<meta property=\"og:type\" content=\"article\" \/>\n<meta property=\"og:title\" content=\"DVpower RMO200G mikroohmmetrs - AXIOMA MS\" \/>\n<meta property=\"og:description\" content=\"RMO200G atmi\u0146\u0101 var saglab\u0101t l\u012bdz 500 m\u0113r\u012bjumu rezult\u0101tiem ar to veik\u0161anas datumu un laiku. Izmantojot DV-Win programmat\u016bru, m\u0113r\u012bjumus var veikt no lietot\u0101ja datora, izmantojot USB kabeli (standarta apr\u012bkojums) vai RS232 kabeli (p\u0113c izv\u0113les). Izmantojot DV-Win programmat\u016bru, m\u0113r\u012bjumu rezult\u0101tus var saglab\u0101t k\u0101 Excel tabulu, ko p\u0113c tam var att\u0113lot k\u0101 grafiku vai izdruk\u0101t atskaitei. \u0160ai ier\u012bcei...\" \/>\n<meta property=\"og:url\" content=\"https:\/\/www.axiomams.eu\/lv\/produktas\/dvpower-rmo200g-mikroohmmetrs\" \/>\n<meta property=\"og:site_name\" content=\"AXIOMA MS\" \/>\n<meta property=\"article:publisher\" content=\"https:\/\/www.facebook.com\/AxiomaMS\" \/>\n<meta property=\"og:image\" content=\"https:\/\/www.axiomams.eu\/wp-content\/uploads\/2026\/03\/847-993.jpg\" \/>\n\t<meta property=\"og:image:width\" content=\"510\" \/>\n\t<meta property=\"og:image:height\" content=\"480\" \/>\n\t<meta property=\"og:image:type\" content=\"image\/jpeg\" \/>\n<meta name=\"twitter:card\" content=\"summary_large_image\" \/>\n<meta name=\"twitter:label1\" content=\"Est. reading time\" \/>\n\t<meta name=\"twitter:data1\" content=\"1 minute\" \/>\n<script type=\"application\/ld+json\" class=\"yoast-schema-graph\">{\"@context\":\"https:\/\/schema.org\",\"@graph\":[{\"@type\":\"WebPage\",\"@id\":\"https:\/\/www.axiomams.eu\/lv\/produktas\/dvpower-rmo200g-mikroohmmetrs\",\"url\":\"https:\/\/www.axiomams.eu\/lv\/produktas\/dvpower-rmo200g-mikroohmmetrs\",\"name\":\"DVpower RMO200G mikroohmmetrs - AXIOMA MS\",\"isPartOf\":{\"@id\":\"https:\/\/www.axiomams.eu\/lv#website\"},\"primaryImageOfPage\":{\"@id\":\"https:\/\/www.axiomams.eu\/lv\/produktas\/dvpower-rmo200g-mikroohmmetrs#primaryimage\"},\"image\":{\"@id\":\"https:\/\/www.axiomams.eu\/lv\/produktas\/dvpower-rmo200g-mikroohmmetrs#primaryimage\"},\"thumbnailUrl\":\"https:\/\/www.axiomams.eu\/wp-content\/uploads\/2026\/03\/847-993.jpg\",\"datePublished\":\"2026-03-23T13:48:22+00:00\",\"breadcrumb\":{\"@id\":\"https:\/\/www.axiomams.eu\/lv\/produktas\/dvpower-rmo200g-mikroohmmetrs#breadcrumb\"},\"inLanguage\":\"lv-LV\",\"potentialAction\":[{\"@type\":\"ReadAction\",\"target\":[\"https:\/\/www.axiomams.eu\/lv\/produktas\/dvpower-rmo200g-mikroohmmetrs\"]}]},{\"@type\":\"ImageObject\",\"inLanguage\":\"lv-LV\",\"@id\":\"https:\/\/www.axiomams.eu\/lv\/produktas\/dvpower-rmo200g-mikroohmmetrs#primaryimage\",\"url\":\"https:\/\/www.axiomams.eu\/wp-content\/uploads\/2026\/03\/847-993.jpg\",\"contentUrl\":\"https:\/\/www.axiomams.eu\/wp-content\/uploads\/2026\/03\/847-993.jpg\",\"width\":510,\"height\":480},{\"@type\":\"BreadcrumbList\",\"@id\":\"https:\/\/www.axiomams.eu\/lv\/produktas\/dvpower-rmo200g-mikroohmmetrs#breadcrumb\",\"itemListElement\":[{\"@type\":\"ListItem\",\"position\":1,\"name\":\"Home\",\"item\":\"https:\/\/www.axiomams.eu\/lv\"},{\"@type\":\"ListItem\",\"position\":2,\"name\":\"Produkti\",\"item\":\"https:\/\/www.axiomams.eu\/lv\/produkti\"},{\"@type\":\"ListItem\",\"position\":3,\"name\":\"DVpower RMO200G mikroohmmetrs\"}]},{\"@type\":\"WebSite\",\"@id\":\"https:\/\/www.axiomams.eu\/lv#website\",\"url\":\"https:\/\/www.axiomams.eu\/lv\",\"name\":\"AXIOMA MS\",\"description\":\"Terrmovizoriai ir matavimo \u012franga\",\"publisher\":{\"@id\":\"https:\/\/www.axiomams.eu\/lv#organization\"},\"potentialAction\":[{\"@type\":\"SearchAction\",\"target\":{\"@type\":\"EntryPoint\",\"urlTemplate\":\"https:\/\/www.axiomams.eu\/lv?s={search_term_string}\"},\"query-input\":{\"@type\":\"PropertyValueSpecification\",\"valueRequired\":true,\"valueName\":\"search_term_string\"}}],\"inLanguage\":\"lv-LV\"},{\"@type\":\"Organization\",\"@id\":\"https:\/\/www.axiomams.eu\/lv#organization\",\"name\":\"AXIOMA MS\",\"url\":\"https:\/\/www.axiomams.eu\/lv\",\"logo\":{\"@type\":\"ImageObject\",\"inLanguage\":\"lv-LV\",\"@id\":\"https:\/\/www.axiomams.eu\/lv#\/schema\/logo\/image\/\",\"url\":\"https:\/\/www.axiomams.eu\/wp-content\/uploads\/2025\/06\/axioma-logo-2.png\",\"contentUrl\":\"https:\/\/www.axiomams.eu\/wp-content\/uploads\/2025\/06\/axioma-logo-2.png\",\"width\":1200,\"height\":1200,\"caption\":\"AXIOMA MS\"},\"image\":{\"@id\":\"https:\/\/www.axiomams.eu\/lv#\/schema\/logo\/image\/\"},\"sameAs\":[\"https:\/\/www.facebook.com\/AxiomaMS\",\"https:\/\/www.linkedin.com\/company\/axiomams\/\"]}]}<\/script>\n<!-- \/ Yoast SEO plugin. -->","yoast_head_json":{"title":"DVpower RMO200G mikroohmmetrs - AXIOMA MS","robots":{"index":"index","follow":"follow","max-snippet":"max-snippet:-1","max-image-preview":"max-image-preview:large","max-video-preview":"max-video-preview:-1"},"canonical":"https:\/\/www.axiomams.eu\/lv\/produktas\/dvpower-rmo200g-mikroohmmetrs","og_locale":"lv_LV","og_type":"article","og_title":"DVpower RMO200G mikroohmmetrs - AXIOMA MS","og_description":"RMO200G atmi\u0146\u0101 var saglab\u0101t l\u012bdz 500 m\u0113r\u012bjumu rezult\u0101tiem ar to veik\u0161anas datumu un laiku. Izmantojot DV-Win programmat\u016bru, m\u0113r\u012bjumus var veikt no lietot\u0101ja datora, izmantojot USB kabeli (standarta apr\u012bkojums) vai RS232 kabeli (p\u0113c izv\u0113les). Izmantojot DV-Win programmat\u016bru, m\u0113r\u012bjumu rezult\u0101tus var saglab\u0101t k\u0101 Excel tabulu, ko p\u0113c tam var att\u0113lot k\u0101 grafiku vai izdruk\u0101t atskaitei. \u0160ai ier\u012bcei...","og_url":"https:\/\/www.axiomams.eu\/lv\/produktas\/dvpower-rmo200g-mikroohmmetrs","og_site_name":"AXIOMA MS","article_publisher":"https:\/\/www.facebook.com\/AxiomaMS","og_image":[{"width":510,"height":480,"url":"https:\/\/www.axiomams.eu\/wp-content\/uploads\/2026\/03\/847-993.jpg","type":"image\/jpeg"}],"twitter_card":"summary_large_image","twitter_misc":{"Est. reading time":"1 minute"},"schema":{"@context":"https:\/\/schema.org","@graph":[{"@type":"WebPage","@id":"https:\/\/www.axiomams.eu\/lv\/produktas\/dvpower-rmo200g-mikroohmmetrs","url":"https:\/\/www.axiomams.eu\/lv\/produktas\/dvpower-rmo200g-mikroohmmetrs","name":"DVpower RMO200G mikroohmmetrs - AXIOMA MS","isPartOf":{"@id":"https:\/\/www.axiomams.eu\/lv#website"},"primaryImageOfPage":{"@id":"https:\/\/www.axiomams.eu\/lv\/produktas\/dvpower-rmo200g-mikroohmmetrs#primaryimage"},"image":{"@id":"https:\/\/www.axiomams.eu\/lv\/produktas\/dvpower-rmo200g-mikroohmmetrs#primaryimage"},"thumbnailUrl":"https:\/\/www.axiomams.eu\/wp-content\/uploads\/2026\/03\/847-993.jpg","datePublished":"2026-03-23T13:48:22+00:00","breadcrumb":{"@id":"https:\/\/www.axiomams.eu\/lv\/produktas\/dvpower-rmo200g-mikroohmmetrs#breadcrumb"},"inLanguage":"lv-LV","potentialAction":[{"@type":"ReadAction","target":["https:\/\/www.axiomams.eu\/lv\/produktas\/dvpower-rmo200g-mikroohmmetrs"]}]},{"@type":"ImageObject","inLanguage":"lv-LV","@id":"https:\/\/www.axiomams.eu\/lv\/produktas\/dvpower-rmo200g-mikroohmmetrs#primaryimage","url":"https:\/\/www.axiomams.eu\/wp-content\/uploads\/2026\/03\/847-993.jpg","contentUrl":"https:\/\/www.axiomams.eu\/wp-content\/uploads\/2026\/03\/847-993.jpg","width":510,"height":480},{"@type":"BreadcrumbList","@id":"https:\/\/www.axiomams.eu\/lv\/produktas\/dvpower-rmo200g-mikroohmmetrs#breadcrumb","itemListElement":[{"@type":"ListItem","position":1,"name":"Home","item":"https:\/\/www.axiomams.eu\/lv"},{"@type":"ListItem","position":2,"name":"Produkti","item":"https:\/\/www.axiomams.eu\/lv\/produkti"},{"@type":"ListItem","position":3,"name":"DVpower RMO200G mikroohmmetrs"}]},{"@type":"WebSite","@id":"https:\/\/www.axiomams.eu\/lv#website","url":"https:\/\/www.axiomams.eu\/lv","name":"AXIOMA MS","description":"Terrmovizoriai ir matavimo \u012franga","publisher":{"@id":"https:\/\/www.axiomams.eu\/lv#organization"},"potentialAction":[{"@type":"SearchAction","target":{"@type":"EntryPoint","urlTemplate":"https:\/\/www.axiomams.eu\/lv?s={search_term_string}"},"query-input":{"@type":"PropertyValueSpecification","valueRequired":true,"valueName":"search_term_string"}}],"inLanguage":"lv-LV"},{"@type":"Organization","@id":"https:\/\/www.axiomams.eu\/lv#organization","name":"AXIOMA MS","url":"https:\/\/www.axiomams.eu\/lv","logo":{"@type":"ImageObject","inLanguage":"lv-LV","@id":"https:\/\/www.axiomams.eu\/lv#\/schema\/logo\/image\/","url":"https:\/\/www.axiomams.eu\/wp-content\/uploads\/2025\/06\/axioma-logo-2.png","contentUrl":"https:\/\/www.axiomams.eu\/wp-content\/uploads\/2025\/06\/axioma-logo-2.png","width":1200,"height":1200,"caption":"AXIOMA MS"},"image":{"@id":"https:\/\/www.axiomams.eu\/lv#\/schema\/logo\/image\/"},"sameAs":["https:\/\/www.facebook.com\/AxiomaMS","https:\/\/www.linkedin.com\/company\/axiomams\/"]}]}},"_links":{"self":[{"href":"https:\/\/www.axiomams.eu\/lv\/wp-json\/wp\/v2\/product\/44698","targetHints":{"allow":["GET"]}}],"collection":[{"href":"https:\/\/www.axiomams.eu\/lv\/wp-json\/wp\/v2\/product"}],"about":[{"href":"https:\/\/www.axiomams.eu\/lv\/wp-json\/wp\/v2\/types\/product"}],"replies":[{"embeddable":true,"href":"https:\/\/www.axiomams.eu\/lv\/wp-json\/wp\/v2\/comments?post=44698"}],"wp:featuredmedia":[{"embeddable":true,"href":"https:\/\/www.axiomams.eu\/lv\/wp-json\/wp\/v2\/media\/44386"}],"wp:attachment":[{"href":"https:\/\/www.axiomams.eu\/lv\/wp-json\/wp\/v2\/media?parent=44698"}],"wp:term":[{"taxonomy":"product_brand","embeddable":true,"href":"https:\/\/www.axiomams.eu\/lv\/wp-json\/wp\/v2\/product_brand?post=44698"},{"taxonomy":"product_cat","embeddable":true,"href":"https:\/\/www.axiomams.eu\/lv\/wp-json\/wp\/v2\/product_cat?post=44698"},{"taxonomy":"product_tag","embeddable":true,"href":"https:\/\/www.axiomams.eu\/lv\/wp-json\/wp\/v2\/product_tag?post=44698"}],"curies":[{"name":"wp","href":"https:\/\/api.w.org\/{rel}","templated":true}]}}