{"id":44950,"date":"2026-04-13T13:26:28","date_gmt":"2026-04-13T11:26:28","guid":{"rendered":"https:\/\/www.axiomams.eu\/produktas\/dvpower-rmo10eh-mikrometrs"},"modified":"2026-04-13T13:26:28","modified_gmt":"2026-04-13T11:26:28","slug":"dvpower-rmo10eh-mikrometrs","status":"publish","type":"product","link":"https:\/\/www.axiomams.eu\/lv\/produktas\/dvpower-rmo10eh-mikrometrs","title":{"rendered":"DVpower RMO10EH mikrometrs"},"content":{"rendered":"<p>DV Power RMO10EH mikrometrs<br \/>\nDV Power RMO10EH mikrometrs \u2013 ar baterij\u0101m darbin\u0101ms, p\u0101rn\u0113s\u0101jams ier\u012bce, kas paredz\u0113ta prec\u012bzai mazu pretest\u012bbu m\u0113r\u012b\u0161anai milioomu diapazon\u0101. Tas ir specializ\u0113ts risin\u0101jums profesion\u0101\u013ciem, kuriem nepiecie\u0161ama uzticama neindukt\u012bv\u0101s pretest\u012bbas p\u0101rbaude da\u017e\u0101d\u0101s darba vid\u0113s. <\/p>\n<p>Galven\u0101s \u012bpa\u0161\u012bbas<br \/>\n&#8211; Izstr\u0101d\u0101ts \u0101trai, atk\u0101rtojamai un prec\u012bzai m\u0113r\u012b\u0161anai<br \/>\n&#8211; Piem\u0113rots neindukt\u012bv\u0101s pretest\u012bbas p\u0101rbaudei<br \/>\n&#8211; Efekt\u012bvi darbojas vid\u0113 ar augstu indukciju<br \/>\n&#8211; 10 A test\u0113\u0161anas str\u0101va<br \/>\n&#8211; Atbalsta garus m\u0113r\u012bjumu savienojumus \u2013 l\u012bdz 200 m<br \/>\n&#8211; Viena nospiediena test\u0113\u0161anas funkcija vienk\u0101r\u0161o lieto\u0161anu<br \/>\n&#8211; Ergonomiska tastat\u016bra un skaidra izv\u0113lnes strukt\u016bra nodro\u0161ina \u0113rtu lieto\u0161anu<\/p>\n<p>Pielietojums<br \/>\nRMO10EH tiek pla\u0161i izmantots:<br \/>\n&#8211; R\u016bpn\u012bcu testos<br \/>\n&#8211; Periodisk\u0101s tehnisk\u0101s apkopes p\u0101rbaud\u0113s<br \/>\n&#8211; Palai\u0161anas un regul\u0113\u0161anas procesos<br \/>\n&#8211; Elektroapg\u0101des apak\u0161stacij\u0101s<br \/>\n&#8211; Objektos, kur elektroener\u0123ijas pieg\u0101de ir ierobe\u017eota vai nav pieejama<\/p>\n<p>RMO10EH sver maz\u0101k nek\u0101 1 kg, t\u0101p\u0113c tas ir viegls un \u0113rti p\u0101rn\u0113s\u0101jams. P\u0101rn\u0113s\u0101jamais dizains \u013cauj to \u0113rti lietot gan telp\u0101s, gan \u0101rpus t\u0101m. Ier\u012bce ir \u012bpa\u0161i noder\u012bga, ja nepiecie\u0161ama mobilit\u0101te un \u0101tra sagatavo\u0161ana darbam.  <\/p>\n<h3>Tehnisk\u0101 inform\u0101cija:<\/h3>\n<ul>\n<li><a href=\"https:\/\/axiomams.eu\/importer\/export\/attachments\/lt\/dv-power-rmo10eh.pdf\" target=\"_blank\">DV Power RMO10EH.pdf<\/a><\/li>\n<\/ul>\n","protected":false},"excerpt":{"rendered":"<p>DV Power RMO10EH mikrometrs DV Power RMO10EH mikrometrs \u2013 ar baterij\u0101m darbin\u0101ms, p\u0101rn\u0113s\u0101jams ier\u012bce, kas paredz\u0113ta prec\u012bzai mazu pretest\u012bbu m\u0113r\u012b\u0161anai milioomu diapazon\u0101. Tas ir specializ\u0113ts risin\u0101jums profesion\u0101\u013ciem, kuriem nepiecie\u0161ama uzticama neindukt\u012bv\u0101s pretest\u012bbas p\u0101rbaude da\u017e\u0101d\u0101s darba vid\u0113s. Galven\u0101s \u012bpa\u0161\u012bbas &#8211; Izstr\u0101d\u0101ts \u0101trai, atk\u0101rtojamai un prec\u012bzai m\u0113r\u012b\u0161anai &#8211; Piem\u0113rots neindukt\u012bv\u0101s pretest\u012bbas p\u0101rbaudei &#8211; Efekt\u012bvi darbojas vid\u0113 ar&#8230;<\/p>\n","protected":false},"featured_media":44754,"comment_status":"open","ping_status":"closed","template":"","meta":{"_acf_changed":false},"product_brand":[1238],"product_cat":[17713],"product_tag":[],"class_list":{"0":"post-44950","1":"product","2":"type-product","3":"status-publish","4":"has-post-thumbnail","6":"product_brand-dvpower","7":"product_cat-elektroiekartu-testesanai-un-parbaudei","9":"first","10":"instock","11":"taxable","12":"shipping-taxable","13":"product-type-simple"},"acf":[],"yoast_head":"<!-- This site is optimized with the Yoast SEO plugin v27.0 - https:\/\/yoast.com\/product\/yoast-seo-wordpress\/ -->\n<title>DVpower RMO10EH mikrometrs - AXIOMA MS<\/title>\n<meta name=\"robots\" content=\"index, follow, max-snippet:-1, max-image-preview:large, max-video-preview:-1\" \/>\n<link rel=\"canonical\" href=\"https:\/\/www.axiomams.eu\/lv\/produktas\/dvpower-rmo10eh-mikrometrs\" \/>\n<meta property=\"og:locale\" content=\"lv_LV\" \/>\n<meta property=\"og:type\" content=\"article\" \/>\n<meta property=\"og:title\" content=\"DVpower RMO10EH mikrometrs - AXIOMA MS\" \/>\n<meta property=\"og:description\" content=\"DV Power RMO10EH mikrometrs DV Power RMO10EH mikrometrs \u2013 ar baterij\u0101m darbin\u0101ms, p\u0101rn\u0113s\u0101jams ier\u012bce, kas paredz\u0113ta prec\u012bzai mazu pretest\u012bbu m\u0113r\u012b\u0161anai milioomu diapazon\u0101. Tas ir specializ\u0113ts risin\u0101jums profesion\u0101\u013ciem, kuriem nepiecie\u0161ama uzticama neindukt\u012bv\u0101s pretest\u012bbas p\u0101rbaude da\u017e\u0101d\u0101s darba vid\u0113s. Galven\u0101s \u012bpa\u0161\u012bbas &#8211; Izstr\u0101d\u0101ts \u0101trai, atk\u0101rtojamai un prec\u012bzai m\u0113r\u012b\u0161anai &#8211; Piem\u0113rots neindukt\u012bv\u0101s pretest\u012bbas p\u0101rbaudei &#8211; Efekt\u012bvi darbojas vid\u0113 ar...\" \/>\n<meta property=\"og:url\" content=\"https:\/\/www.axiomams.eu\/lv\/produktas\/dvpower-rmo10eh-mikrometrs\" \/>\n<meta property=\"og:site_name\" content=\"AXIOMA MS\" \/>\n<meta property=\"article:publisher\" content=\"https:\/\/www.facebook.com\/AxiomaMS\" \/>\n<meta property=\"og:image\" content=\"https:\/\/www.axiomams.eu\/wp-content\/uploads\/2026\/04\/4725-6272.jpg\" \/>\n\t<meta property=\"og:image:width\" content=\"1000\" \/>\n\t<meta property=\"og:image:height\" content=\"1000\" \/>\n\t<meta property=\"og:image:type\" content=\"image\/jpeg\" \/>\n<meta name=\"twitter:card\" content=\"summary_large_image\" \/>\n<meta name=\"twitter:label1\" content=\"Est. reading time\" \/>\n\t<meta name=\"twitter:data1\" content=\"1 minute\" \/>\n<script type=\"application\/ld+json\" class=\"yoast-schema-graph\">{\"@context\":\"https:\/\/schema.org\",\"@graph\":[{\"@type\":\"WebPage\",\"@id\":\"https:\/\/www.axiomams.eu\/lv\/produktas\/dvpower-rmo10eh-mikrometrs\",\"url\":\"https:\/\/www.axiomams.eu\/lv\/produktas\/dvpower-rmo10eh-mikrometrs\",\"name\":\"DVpower RMO10EH mikrometrs - AXIOMA MS\",\"isPartOf\":{\"@id\":\"https:\/\/www.axiomams.eu\/lv#website\"},\"primaryImageOfPage\":{\"@id\":\"https:\/\/www.axiomams.eu\/lv\/produktas\/dvpower-rmo10eh-mikrometrs#primaryimage\"},\"image\":{\"@id\":\"https:\/\/www.axiomams.eu\/lv\/produktas\/dvpower-rmo10eh-mikrometrs#primaryimage\"},\"thumbnailUrl\":\"https:\/\/www.axiomams.eu\/wp-content\/uploads\/2026\/04\/4725-6272.jpg\",\"datePublished\":\"2026-04-13T11:26:28+00:00\",\"breadcrumb\":{\"@id\":\"https:\/\/www.axiomams.eu\/lv\/produktas\/dvpower-rmo10eh-mikrometrs#breadcrumb\"},\"inLanguage\":\"lv-LV\",\"potentialAction\":[{\"@type\":\"ReadAction\",\"target\":[\"https:\/\/www.axiomams.eu\/lv\/produktas\/dvpower-rmo10eh-mikrometrs\"]}]},{\"@type\":\"ImageObject\",\"inLanguage\":\"lv-LV\",\"@id\":\"https:\/\/www.axiomams.eu\/lv\/produktas\/dvpower-rmo10eh-mikrometrs#primaryimage\",\"url\":\"https:\/\/www.axiomams.eu\/wp-content\/uploads\/2026\/04\/4725-6272.jpg\",\"contentUrl\":\"https:\/\/www.axiomams.eu\/wp-content\/uploads\/2026\/04\/4725-6272.jpg\",\"width\":1000,\"height\":1000},{\"@type\":\"BreadcrumbList\",\"@id\":\"https:\/\/www.axiomams.eu\/lv\/produktas\/dvpower-rmo10eh-mikrometrs#breadcrumb\",\"itemListElement\":[{\"@type\":\"ListItem\",\"position\":1,\"name\":\"Home\",\"item\":\"https:\/\/www.axiomams.eu\/lv\"},{\"@type\":\"ListItem\",\"position\":2,\"name\":\"Produkti\",\"item\":\"https:\/\/www.axiomams.eu\/lv\/produkti\"},{\"@type\":\"ListItem\",\"position\":3,\"name\":\"DVpower RMO10EH mikrometrs\"}]},{\"@type\":\"WebSite\",\"@id\":\"https:\/\/www.axiomams.eu\/lv#website\",\"url\":\"https:\/\/www.axiomams.eu\/lv\",\"name\":\"AXIOMA MS\",\"description\":\"Terrmovizoriai ir matavimo \u012franga\",\"publisher\":{\"@id\":\"https:\/\/www.axiomams.eu\/lv#organization\"},\"potentialAction\":[{\"@type\":\"SearchAction\",\"target\":{\"@type\":\"EntryPoint\",\"urlTemplate\":\"https:\/\/www.axiomams.eu\/lv?s={search_term_string}\"},\"query-input\":{\"@type\":\"PropertyValueSpecification\",\"valueRequired\":true,\"valueName\":\"search_term_string\"}}],\"inLanguage\":\"lv-LV\"},{\"@type\":\"Organization\",\"@id\":\"https:\/\/www.axiomams.eu\/lv#organization\",\"name\":\"AXIOMA MS\",\"url\":\"https:\/\/www.axiomams.eu\/lv\",\"logo\":{\"@type\":\"ImageObject\",\"inLanguage\":\"lv-LV\",\"@id\":\"https:\/\/www.axiomams.eu\/lv#\/schema\/logo\/image\/\",\"url\":\"https:\/\/www.axiomams.eu\/wp-content\/uploads\/2025\/06\/axioma-logo-2.png\",\"contentUrl\":\"https:\/\/www.axiomams.eu\/wp-content\/uploads\/2025\/06\/axioma-logo-2.png\",\"width\":1200,\"height\":1200,\"caption\":\"AXIOMA MS\"},\"image\":{\"@id\":\"https:\/\/www.axiomams.eu\/lv#\/schema\/logo\/image\/\"},\"sameAs\":[\"https:\/\/www.facebook.com\/AxiomaMS\",\"https:\/\/www.linkedin.com\/company\/axiomams\/\"]}]}<\/script>\n<!-- \/ Yoast SEO plugin. -->","yoast_head_json":{"title":"DVpower RMO10EH mikrometrs - AXIOMA MS","robots":{"index":"index","follow":"follow","max-snippet":"max-snippet:-1","max-image-preview":"max-image-preview:large","max-video-preview":"max-video-preview:-1"},"canonical":"https:\/\/www.axiomams.eu\/lv\/produktas\/dvpower-rmo10eh-mikrometrs","og_locale":"lv_LV","og_type":"article","og_title":"DVpower RMO10EH mikrometrs - AXIOMA MS","og_description":"DV Power RMO10EH mikrometrs DV Power RMO10EH mikrometrs \u2013 ar baterij\u0101m darbin\u0101ms, p\u0101rn\u0113s\u0101jams ier\u012bce, kas paredz\u0113ta prec\u012bzai mazu pretest\u012bbu m\u0113r\u012b\u0161anai milioomu diapazon\u0101. Tas ir specializ\u0113ts risin\u0101jums profesion\u0101\u013ciem, kuriem nepiecie\u0161ama uzticama neindukt\u012bv\u0101s pretest\u012bbas p\u0101rbaude da\u017e\u0101d\u0101s darba vid\u0113s. Galven\u0101s \u012bpa\u0161\u012bbas &#8211; Izstr\u0101d\u0101ts \u0101trai, atk\u0101rtojamai un prec\u012bzai m\u0113r\u012b\u0161anai &#8211; Piem\u0113rots neindukt\u012bv\u0101s pretest\u012bbas p\u0101rbaudei &#8211; Efekt\u012bvi darbojas vid\u0113 ar...","og_url":"https:\/\/www.axiomams.eu\/lv\/produktas\/dvpower-rmo10eh-mikrometrs","og_site_name":"AXIOMA MS","article_publisher":"https:\/\/www.facebook.com\/AxiomaMS","og_image":[{"width":1000,"height":1000,"url":"https:\/\/www.axiomams.eu\/wp-content\/uploads\/2026\/04\/4725-6272.jpg","type":"image\/jpeg"}],"twitter_card":"summary_large_image","twitter_misc":{"Est. reading time":"1 minute"},"schema":{"@context":"https:\/\/schema.org","@graph":[{"@type":"WebPage","@id":"https:\/\/www.axiomams.eu\/lv\/produktas\/dvpower-rmo10eh-mikrometrs","url":"https:\/\/www.axiomams.eu\/lv\/produktas\/dvpower-rmo10eh-mikrometrs","name":"DVpower RMO10EH mikrometrs - AXIOMA MS","isPartOf":{"@id":"https:\/\/www.axiomams.eu\/lv#website"},"primaryImageOfPage":{"@id":"https:\/\/www.axiomams.eu\/lv\/produktas\/dvpower-rmo10eh-mikrometrs#primaryimage"},"image":{"@id":"https:\/\/www.axiomams.eu\/lv\/produktas\/dvpower-rmo10eh-mikrometrs#primaryimage"},"thumbnailUrl":"https:\/\/www.axiomams.eu\/wp-content\/uploads\/2026\/04\/4725-6272.jpg","datePublished":"2026-04-13T11:26:28+00:00","breadcrumb":{"@id":"https:\/\/www.axiomams.eu\/lv\/produktas\/dvpower-rmo10eh-mikrometrs#breadcrumb"},"inLanguage":"lv-LV","potentialAction":[{"@type":"ReadAction","target":["https:\/\/www.axiomams.eu\/lv\/produktas\/dvpower-rmo10eh-mikrometrs"]}]},{"@type":"ImageObject","inLanguage":"lv-LV","@id":"https:\/\/www.axiomams.eu\/lv\/produktas\/dvpower-rmo10eh-mikrometrs#primaryimage","url":"https:\/\/www.axiomams.eu\/wp-content\/uploads\/2026\/04\/4725-6272.jpg","contentUrl":"https:\/\/www.axiomams.eu\/wp-content\/uploads\/2026\/04\/4725-6272.jpg","width":1000,"height":1000},{"@type":"BreadcrumbList","@id":"https:\/\/www.axiomams.eu\/lv\/produktas\/dvpower-rmo10eh-mikrometrs#breadcrumb","itemListElement":[{"@type":"ListItem","position":1,"name":"Home","item":"https:\/\/www.axiomams.eu\/lv"},{"@type":"ListItem","position":2,"name":"Produkti","item":"https:\/\/www.axiomams.eu\/lv\/produkti"},{"@type":"ListItem","position":3,"name":"DVpower RMO10EH mikrometrs"}]},{"@type":"WebSite","@id":"https:\/\/www.axiomams.eu\/lv#website","url":"https:\/\/www.axiomams.eu\/lv","name":"AXIOMA MS","description":"Terrmovizoriai ir matavimo \u012franga","publisher":{"@id":"https:\/\/www.axiomams.eu\/lv#organization"},"potentialAction":[{"@type":"SearchAction","target":{"@type":"EntryPoint","urlTemplate":"https:\/\/www.axiomams.eu\/lv?s={search_term_string}"},"query-input":{"@type":"PropertyValueSpecification","valueRequired":true,"valueName":"search_term_string"}}],"inLanguage":"lv-LV"},{"@type":"Organization","@id":"https:\/\/www.axiomams.eu\/lv#organization","name":"AXIOMA MS","url":"https:\/\/www.axiomams.eu\/lv","logo":{"@type":"ImageObject","inLanguage":"lv-LV","@id":"https:\/\/www.axiomams.eu\/lv#\/schema\/logo\/image\/","url":"https:\/\/www.axiomams.eu\/wp-content\/uploads\/2025\/06\/axioma-logo-2.png","contentUrl":"https:\/\/www.axiomams.eu\/wp-content\/uploads\/2025\/06\/axioma-logo-2.png","width":1200,"height":1200,"caption":"AXIOMA MS"},"image":{"@id":"https:\/\/www.axiomams.eu\/lv#\/schema\/logo\/image\/"},"sameAs":["https:\/\/www.facebook.com\/AxiomaMS","https:\/\/www.linkedin.com\/company\/axiomams\/"]}]}},"_links":{"self":[{"href":"https:\/\/www.axiomams.eu\/lv\/wp-json\/wp\/v2\/product\/44950","targetHints":{"allow":["GET"]}}],"collection":[{"href":"https:\/\/www.axiomams.eu\/lv\/wp-json\/wp\/v2\/product"}],"about":[{"href":"https:\/\/www.axiomams.eu\/lv\/wp-json\/wp\/v2\/types\/product"}],"replies":[{"embeddable":true,"href":"https:\/\/www.axiomams.eu\/lv\/wp-json\/wp\/v2\/comments?post=44950"}],"wp:featuredmedia":[{"embeddable":true,"href":"https:\/\/www.axiomams.eu\/lv\/wp-json\/wp\/v2\/media\/44754"}],"wp:attachment":[{"href":"https:\/\/www.axiomams.eu\/lv\/wp-json\/wp\/v2\/media?parent=44950"}],"wp:term":[{"taxonomy":"product_brand","embeddable":true,"href":"https:\/\/www.axiomams.eu\/lv\/wp-json\/wp\/v2\/product_brand?post=44950"},{"taxonomy":"product_cat","embeddable":true,"href":"https:\/\/www.axiomams.eu\/lv\/wp-json\/wp\/v2\/product_cat?post=44950"},{"taxonomy":"product_tag","embeddable":true,"href":"https:\/\/www.axiomams.eu\/lv\/wp-json\/wp\/v2\/product_tag?post=44950"}],"curies":[{"name":"wp","href":"https:\/\/api.w.org\/{rel}","templated":true}]}}